{"id":11,"date":"2016-01-01T12:17:05","date_gmt":"2016-01-01T11:17:05","guid":{"rendered":"http:\/\/www.tomic-immobilien.de\/de\/?page_id=8"},"modified":"2017-02-22T17:02:32","modified_gmt":"2017-02-22T16:02:32","slug":"allgemeine-geschaeftsbedingungen","status":"publish","type":"page","link":"https:\/\/grossklein-immobilien.de\/de\/allgemeine-geschaeftsbedingungen\/","title":{"rendered":"AGB"},"content":{"rendered":"<div class=\"n diyfeLiveArea\">\n<h2 style=\"text-align: center;\">AGB<\/h2>\n<h3 style=\"text-align: center;\">Allgemeine Gesch\u00e4ftsbedingungen | Gross &amp; Klein Immobilien GmbH<\/h3>\n<p style=\"text-align: justify;\">1. Unsere Angebote erfolgen unverbindlich und freibleibend. Irrtum, Auslassung sowie Zwischenverkauf bleiben vorbehalten. Die Angebote erfolgen unter der Voraussetzung, dass der Empf\u00e4nger das angebotene Objekt selbst erwerben oder nutzen will. Sie sind streng vertraulich und d\u00fcrfen ohne unsere schriftliche Einwilligung nicht an Dritte, auch Vollmacht- oder Auftraggeber des Interessenten, weitergegeben werden. Zuwiderhandlungen verpflichten zur Zahlung der Vermittlungsgeb\u00fchr.<\/p>\n<p style=\"text-align: justify;\">2. Ein Provisionsanspruch entsteht grunds\u00e4tzlich, wenn der mit dem Gesch\u00e4ft bezweckte wirtschaftliche Erfolg herbeigef\u00fchrt wird. Der Vertrag muss durch unsere Vermittlung bzw. aufgrund unseres Nachweises zustande gekommen sein. Der Provisionsanspruch bleibt auch bestehen, wenn der abgeschlossene Vertrag durch Eintritt einer aufl\u00f6senden Bedingung erlischt oder aufgrund eines R\u00fccktrittsvorbehaltes oder aus sonstigem Grund gegenstandslos bzw. nicht erf\u00fcllt wird. Der Provisionsanspruch wird nicht dadurch ber\u00fchrt, dass der Abschluss des Vertrages zu einem sp\u00e4teren Termin oder anderen Bedingungen erfolgt.<\/p>\n<p style=\"text-align: justify;\">3. Die Provision ist f\u00e4llig im Zeitpunkt des Abschlusses des vermittelten oder nachgewiesenen Gesch\u00e4ftes. Wir haben Anspruch auf Provision, wenn anstelle des von uns angebotenen Gesch\u00e4ftes ein Ersatzgesch\u00e4ft zustande kommt, das in seinem wirtschaftlichen Erfolg an die Stelle des urspr\u00fcnglichen bezweckten Gesch\u00e4ftes tritt (z.B. Miet -\/ Pachtvertrag statt Kaufvertrag oder umgekehrt, Zwangvollstreckung, bei Erweiterung des Angebotes, insbesondere der Einr\u00e4umung eines Vorkaufsrechts).<\/p>\n<p style=\"text-align: justify;\">4. Die H\u00f6he der Maklerprovision betr\u00e4gt bei Kauf oder sonstigen Erwerbervertrag sowie f\u00fcr einen Erwerb in einer Zwangsversteigerung betreffend unbebaute oder bebaute Liegenschaften oder grundst\u00fccksgleiche Rechte 7,14% des Gesamtkaufpreises inkl. 19% gesetzlicher Mehrwertsteuer. Bei gewerblicher Vermietung oder Verpachtung 3 Kaltmieten bzw. Pachtmieten zzgl. gesetzlicher Mehrwertsteuer von 19%. Bei grundbuchlich gesichertem Vorkaufrecht, berechnet vom Wert des Objektes, zus\u00e4tzlich zur normalen Provision 3,57% inkl. gesetzlicher Mehrwertsteuer von 19%.<\/p>\n<p style=\"text-align: justify;\">5. Es wird keine Gew\u00e4hr f\u00fcr die Richtigkeit und Vollst\u00e4ndigkeit des Gesch\u00e4ftsangebotes \u00fcbernommen.<\/p>\n<p style=\"text-align: justify;\">6. Sollten einzelne Bestimmungen unwirksam sein, wird die Wirksamkeit der \u00fcbrigen Bestimmungen hiervon nicht ber\u00fchrt. Die unwirksamen Bestimmungen sind durch g\u00fcltige zu ersetzten, die dem wirtschaftlichen Sinn der Unwirksamen entsprechen bzw. am n\u00e4chsten kommen.<\/p>\n<p style=\"text-align: justify;\">7. Erf\u00fcllungsort und Gerichtsstand ist Berlin.<\/p>\n<\/div>\n","protected":false},"excerpt":{"rendered":"<p>AGB Allgemeine Gesch\u00e4ftsbedingungen | Gross &amp; Klein Immobilien GmbH 1. Unsere Angebote erfolgen unverbindlich und freibleibend. Irrtum, Auslassung sowie Zwischenverkauf bleiben vorbehalten. Die Angebote erfolgen unter der Voraussetzung, dass der Empf\u00e4nger das angebotene Objekt selbst erwerben oder nutzen will. Sie sind streng vertraulich und d\u00fcrfen ohne unsere schriftliche Einwilligung nicht an Dritte, auch Vollmacht- oder &hellip; <a href=\"https:\/\/grossklein-immobilien.de\/de\/allgemeine-geschaeftsbedingungen\/\" class=\"more-link\"><span class=\"screen-reader-text\">AGB<\/span> weiterlesen <span class=\"meta-nav\">&rarr;<\/span><\/a><\/p>\n","protected":false},"author":1,"featured_media":0,"parent":0,"menu_order":0,"comment_status":"closed","ping_status":"closed","template":"","meta":{"_uag_custom_page_level_css":"","ngg_post_thumbnail":0,"footnotes":""},"class_list":["post-11","page","type-page","status-publish","hentry"],"yoast_head":"<!-- This site is optimized with the Yoast SEO plugin v26.8 - https:\/\/yoast.com\/product\/yoast-seo-wordpress\/ -->\n<title>Allgemeine Gesch\u00e4ftsbedingungen | Gross &amp; Klein Immobilien GmbH<\/title>\n<meta name=\"description\" content=\"Allgemeine Gesch\u00e4ftsbedingungen der Gross &amp; Klein Immobilien GmbH. Ihrem langj\u00e4hrigen Partner f\u00fcr den Verkauf von Immobilien in Berlin und Brandenburg.\" \/>\n<meta name=\"robots\" content=\"index, follow, max-snippet:-1, max-image-preview:large, max-video-preview:-1\" \/>\n<link rel=\"canonical\" href=\"https:\/\/grossklein-immobilien.de\/de\/allgemeine-geschaeftsbedingungen\/\" \/>\n<meta property=\"og:locale\" content=\"de_DE\" \/>\n<meta property=\"og:type\" content=\"article\" \/>\n<meta property=\"og:title\" content=\"Allgemeine Gesch\u00e4ftsbedingungen | Gross &amp; Klein Immobilien GmbH\" \/>\n<meta property=\"og:description\" content=\"Allgemeine Gesch\u00e4ftsbedingungen der Gross &amp; Klein Immobilien GmbH. Ihrem langj\u00e4hrigen Partner f\u00fcr den Verkauf von Immobilien in Berlin und Brandenburg.\" \/>\n<meta property=\"og:url\" content=\"https:\/\/grossklein-immobilien.de\/de\/allgemeine-geschaeftsbedingungen\/\" \/>\n<meta property=\"article:publisher\" content=\"https:\/\/www.facebook.com\/TOMIC-IMMOBILIEN-110945718988806\/\" \/>\n<meta property=\"article:modified_time\" content=\"2017-02-22T16:02:32+00:00\" \/>\n<meta name=\"twitter:card\" content=\"summary_large_image\" \/>\n<meta name=\"twitter:site\" content=\"@draz_tomic\" \/>\n<meta name=\"twitter:label1\" content=\"Gesch\u00e4tzte Lesezeit\" \/>\n\t<meta name=\"twitter:data1\" content=\"2\u00a0Minuten\" \/>\n<script type=\"application\/ld+json\" class=\"yoast-schema-graph\">{\"@context\":\"https:\/\/schema.org\",\"@graph\":[{\"@type\":\"WebPage\",\"@id\":\"https:\/\/grossklein-immobilien.de\/de\/allgemeine-geschaeftsbedingungen\/\",\"url\":\"https:\/\/grossklein-immobilien.de\/de\/allgemeine-geschaeftsbedingungen\/\",\"name\":\"Allgemeine Gesch\u00e4ftsbedingungen | Gross & Klein Immobilien GmbH\",\"isPartOf\":{\"@id\":\"https:\/\/grossklein-immobilien.de\/de\/#website\"},\"datePublished\":\"2016-01-01T11:17:05+00:00\",\"dateModified\":\"2017-02-22T16:02:32+00:00\",\"description\":\"Allgemeine Gesch\u00e4ftsbedingungen der Gross & Klein Immobilien GmbH. Ihrem langj\u00e4hrigen Partner f\u00fcr den Verkauf von Immobilien in Berlin und Brandenburg.\",\"breadcrumb\":{\"@id\":\"https:\/\/grossklein-immobilien.de\/de\/allgemeine-geschaeftsbedingungen\/#breadcrumb\"},\"inLanguage\":\"de\",\"potentialAction\":[{\"@type\":\"ReadAction\",\"target\":[\"https:\/\/grossklein-immobilien.de\/de\/allgemeine-geschaeftsbedingungen\/\"]}]},{\"@type\":\"BreadcrumbList\",\"@id\":\"https:\/\/grossklein-immobilien.de\/de\/allgemeine-geschaeftsbedingungen\/#breadcrumb\",\"itemListElement\":[{\"@type\":\"ListItem\",\"position\":1,\"name\":\"Home\",\"item\":\"https:\/\/grossklein-immobilien.de\/de\/\"},{\"@type\":\"ListItem\",\"position\":2,\"name\":\"AGB\"}]},{\"@type\":\"WebSite\",\"@id\":\"https:\/\/grossklein-immobilien.de\/de\/#website\",\"url\":\"https:\/\/grossklein-immobilien.de\/de\/\",\"name\":\"\",\"description\":\"\",\"potentialAction\":[{\"@type\":\"SearchAction\",\"target\":{\"@type\":\"EntryPoint\",\"urlTemplate\":\"https:\/\/grossklein-immobilien.de\/de\/?s={search_term_string}\"},\"query-input\":{\"@type\":\"PropertyValueSpecification\",\"valueRequired\":true,\"valueName\":\"search_term_string\"}}],\"inLanguage\":\"de\"}]}<\/script>\n<!-- \/ Yoast SEO plugin. -->","yoast_head_json":{"title":"Allgemeine Gesch\u00e4ftsbedingungen | Gross & Klein Immobilien GmbH","description":"Allgemeine Gesch\u00e4ftsbedingungen der Gross & Klein Immobilien GmbH. Ihrem langj\u00e4hrigen Partner f\u00fcr den Verkauf von Immobilien in Berlin und Brandenburg.","robots":{"index":"index","follow":"follow","max-snippet":"max-snippet:-1","max-image-preview":"max-image-preview:large","max-video-preview":"max-video-preview:-1"},"canonical":"https:\/\/grossklein-immobilien.de\/de\/allgemeine-geschaeftsbedingungen\/","og_locale":"de_DE","og_type":"article","og_title":"Allgemeine Gesch\u00e4ftsbedingungen | Gross & Klein Immobilien GmbH","og_description":"Allgemeine Gesch\u00e4ftsbedingungen der Gross & Klein Immobilien GmbH. Ihrem langj\u00e4hrigen Partner f\u00fcr den Verkauf von Immobilien in Berlin und Brandenburg.","og_url":"https:\/\/grossklein-immobilien.de\/de\/allgemeine-geschaeftsbedingungen\/","article_publisher":"https:\/\/www.facebook.com\/TOMIC-IMMOBILIEN-110945718988806\/","article_modified_time":"2017-02-22T16:02:32+00:00","twitter_card":"summary_large_image","twitter_site":"@draz_tomic","twitter_misc":{"Gesch\u00e4tzte Lesezeit":"2\u00a0Minuten"},"schema":{"@context":"https:\/\/schema.org","@graph":[{"@type":"WebPage","@id":"https:\/\/grossklein-immobilien.de\/de\/allgemeine-geschaeftsbedingungen\/","url":"https:\/\/grossklein-immobilien.de\/de\/allgemeine-geschaeftsbedingungen\/","name":"Allgemeine Gesch\u00e4ftsbedingungen | Gross & Klein Immobilien GmbH","isPartOf":{"@id":"https:\/\/grossklein-immobilien.de\/de\/#website"},"datePublished":"2016-01-01T11:17:05+00:00","dateModified":"2017-02-22T16:02:32+00:00","description":"Allgemeine Gesch\u00e4ftsbedingungen der Gross & Klein Immobilien GmbH. Ihrem langj\u00e4hrigen Partner f\u00fcr den Verkauf von Immobilien in Berlin und Brandenburg.","breadcrumb":{"@id":"https:\/\/grossklein-immobilien.de\/de\/allgemeine-geschaeftsbedingungen\/#breadcrumb"},"inLanguage":"de","potentialAction":[{"@type":"ReadAction","target":["https:\/\/grossklein-immobilien.de\/de\/allgemeine-geschaeftsbedingungen\/"]}]},{"@type":"BreadcrumbList","@id":"https:\/\/grossklein-immobilien.de\/de\/allgemeine-geschaeftsbedingungen\/#breadcrumb","itemListElement":[{"@type":"ListItem","position":1,"name":"Home","item":"https:\/\/grossklein-immobilien.de\/de\/"},{"@type":"ListItem","position":2,"name":"AGB"}]},{"@type":"WebSite","@id":"https:\/\/grossklein-immobilien.de\/de\/#website","url":"https:\/\/grossklein-immobilien.de\/de\/","name":"","description":"","potentialAction":[{"@type":"SearchAction","target":{"@type":"EntryPoint","urlTemplate":"https:\/\/grossklein-immobilien.de\/de\/?s={search_term_string}"},"query-input":{"@type":"PropertyValueSpecification","valueRequired":true,"valueName":"search_term_string"}}],"inLanguage":"de"}]}},"uagb_featured_image_src":{"full":false,"thumbnail":false,"medium":false,"medium_large":false,"large":false,"1536x1536":false,"2048x2048":false,"post-thumbnail":false,"woocommerce_thumbnail":false,"woocommerce_single":false,"woocommerce_gallery_thumbnail":false},"uagb_author_info":{"display_name":"ramkol","author_link":"https:\/\/grossklein-immobilien.de\/de\/author\/ramkol\/"},"uagb_comment_info":0,"uagb_excerpt":"AGB Allgemeine Gesch\u00e4ftsbedingungen | Gross &amp; Klein Immobilien GmbH 1. Unsere Angebote erfolgen unverbindlich und freibleibend. Irrtum, Auslassung sowie Zwischenverkauf bleiben vorbehalten. Die Angebote erfolgen unter der Voraussetzung, dass der Empf\u00e4nger das angebotene Objekt selbst erwerben oder nutzen will. Sie sind streng vertraulich und d\u00fcrfen ohne unsere schriftliche Einwilligung nicht an Dritte, auch Vollmacht- oder&hellip;","_links":{"self":[{"href":"https:\/\/grossklein-immobilien.de\/de\/wp-json\/wp\/v2\/pages\/11","targetHints":{"allow":["GET"]}}],"collection":[{"href":"https:\/\/grossklein-immobilien.de\/de\/wp-json\/wp\/v2\/pages"}],"about":[{"href":"https:\/\/grossklein-immobilien.de\/de\/wp-json\/wp\/v2\/types\/page"}],"author":[{"embeddable":true,"href":"https:\/\/grossklein-immobilien.de\/de\/wp-json\/wp\/v2\/users\/1"}],"replies":[{"embeddable":true,"href":"https:\/\/grossklein-immobilien.de\/de\/wp-json\/wp\/v2\/comments?post=11"}],"version-history":[{"count":4,"href":"https:\/\/grossklein-immobilien.de\/de\/wp-json\/wp\/v2\/pages\/11\/revisions"}],"predecessor-version":[{"id":3568,"href":"https:\/\/grossklein-immobilien.de\/de\/wp-json\/wp\/v2\/pages\/11\/revisions\/3568"}],"wp:attachment":[{"href":"https:\/\/grossklein-immobilien.de\/de\/wp-json\/wp\/v2\/media?parent=11"}],"curies":[{"name":"wp","href":"https:\/\/api.w.org\/{rel}","templated":true}]}}