{"id":141,"date":"2016-01-09T15:17:39","date_gmt":"2016-01-09T14:17:39","guid":{"rendered":"http:\/\/www.tomic-immobilien.de\/de\/?page_id=141"},"modified":"2017-10-13T13:20:34","modified_gmt":"2017-10-13T11:20:34","slug":"mietwohnungen-berlin","status":"publish","type":"page","link":"https:\/\/grossklein-immobilien.de\/de\/mietwohnungen-berlin\/","title":{"rendered":"Mietwohnungen"},"content":{"rendered":"<h2 style=\"text-align: center;\">Aktuelles Angebot an Mietwohnungen Berlin:<\/h2>\n<div class=\"twocolumn\">\n<p style=\"text-align: justify;\">Bei uns finden Sie st\u00e4ndig eine Anzahl an Mietwohnungen Berlin in verschiedenen Gr\u00f6\u00dfen und unterschiedsten Lagen von Berlin. Dabei betreuen wir H\u00e4user von vielen Hausverwaltungen und k\u00fcmmern uns um die Vermietung des Immobilienbestands verbundenen mit der Suche nach dem passenden Mieter. Vorallem erhalten Sie bei uns einen Besichtigungstermin innerhalb k\u00fcrzester Zeit. Falls Sie es z<a href=\"http:\/\/grossklein-immobilien.de\/de\/wp-content\/uploads\/2016\/01\/Mietwohnung-Berlin.jpg\"><img decoding=\"async\" class=\"alignright wp-image-3937 lazyload\" data-src=\"http:\/\/grossklein-immobilien.de\/de\/wp-content\/uploads\/2016\/01\/Mietwohnung-Berlin-300x200.jpg\" alt=\"Mietwohnung Berlin\" width=\"250\" height=\"167\" data-srcset=\"https:\/\/grossklein-immobilien.de\/de\/wp-content\/uploads\/2016\/01\/Mietwohnung-Berlin-300x200.jpg 300w, https:\/\/grossklein-immobilien.de\/de\/wp-content\/uploads\/2016\/01\/Mietwohnung-Berlin.jpg 1024w\" data-sizes=\"(max-width: 250px) 100vw, 250px\" src=\"data:image\/svg+xml;base64,PHN2ZyB3aWR0aD0iMSIgaGVpZ2h0PSIxIiB4bWxucz0iaHR0cDovL3d3dy53My5vcmcvMjAwMC9zdmciPjwvc3ZnPg==\" style=\"--smush-placeholder-width: 250px; --smush-placeholder-aspect-ratio: 250\/167;\" \/><\/a>um vorgeschlagenen Termin nicht schaffen k\u00f6nnen Sie uns gerne neue Termine vorschlagen. Dabei nehmen wir uns gerne etwas mehr Zeit f\u00fcr Sie und zeigen Ihnen die ausgew\u00e4hlte Wohnung bei einem Einzeltermin. Kontaktieren Sie uns telefonisch oder per Email. Wir sind fast jederzeit f\u00fcr Sie ansprechbar und dass auch au\u00dferhalb unserer offiziellen B\u00fcrozeiten! Schlie\u00dflich helfen wir Ihnen gerne auf der Suche nach passenden Mietwohnungen egal ob Sie innerhalb von Berlin umziehen oder dabei sind neu nach Berlin zu ziehen. Ihr Makler und Experte f\u00fcr die Vermietung von Wohnungen in allen Lagen von Berlin! <strong>Gross &amp; Klein Immobilien.<br \/>\n<\/strong><\/p>\n<\/div>\n<hr>\n<h3 style=\"text-align: center;\">Grosse Auswahl an Wohnungen in zentraler Lage<\/h3>\n<div class=\"twocolumn\">\n<p style=\"text-align: justify;\">Wir haben bereits vielen Neuank\u00f6mmlingen zu einer neuen Wohnung und einem neuen Zuhause verholfen. Egal ob im Westteil der Stadt mit Sch\u00f6neberg, Kreuzberg und Wilmersdorf&nbsp; oder lieber in trendingen Prenzlauer Berg oder Mitte. Zudem f\u00fchren wir fast in allen Bezirken von Berlin Wohnungsvermietungen durch und k\u00f6nnen somit mit einem breiten Angebot an Mietwohnungen auf Sie zukommen. Wir erl\u00e4utern Ihnen bei einer Besichtigung gerne und ausf\u00fchrlich alle weiteren Informationen zur Ausstattung, den Mietkonditionen und zum&nbsp; Mietvertrag. Wir freuen uns auf Ihren Anruf. Falls Sie ein interessantes Immobilienangebot bei uns entdeckt haben, freuen wir uns Sie bei einer Wohnungsbesichtigung begr\u00fc\u00dfen zu d\u00fcrfen.<\/p>\n<\/div>\n<h3 style=\"text-align: center;\">Schneller Vermietungsservice der Ihnen alles abnimmt!<\/h3>\n<div class=\"twocolumn\">\n<p style=\"text-align: justify;\">Falls Sie als Immobilienbesitzer oder Hausverwaltung unseren starken Vermietungsservice in Anspruch nehmen m\u00f6chten dann freuen wir uns auf ein pers\u00f6nliches Gespr\u00e4ch in angenehmer Atmosph\u00e4re und erl\u00e4utern Ihnen unsere Vorgehensweise bei der Vermietung von Mietwohnungen Berlin. Dabei sind wir offen f\u00fcr alle Anregungen und die von Ihnen gew\u00fcnschte Vorgehensweise. Wir begr\u00fc\u00dfen Sie gerne in unseren R\u00e4umlichkeiten f\u00fcr ein pers\u00f6nliches Gespr\u00e4ch und freuen uns Ihnen bei der Vermeitung behilflich sein zu k\u00f6nnen.<\/p>\n<\/div>\n<p style=\"text-align: justify;\">&nbsp;<\/p>\n<div class=\"woocommerce columns-4 \"><\/div>\n<h3 style=\"text-align: center;\">\u00dcbersicht Mietwohnung<\/h3>\n<p><iframe src=\"http:\/\/portal.immobilienscout24.de\/ergebnisliste\/87193345\" width=\"100%\" height=\"700px\" frameborder=\"0\"><\/iframe><\/p>\n","protected":false},"excerpt":{"rendered":"<p>Aktuelles Angebot an Mietwohnungen Berlin: Bei uns finden Sie st\u00e4ndig eine Anzahl an Mietwohnungen Berlin in verschiedenen Gr\u00f6\u00dfen und unterschiedsten Lagen von Berlin. Dabei betreuen wir H\u00e4user von vielen Hausverwaltungen und k\u00fcmmern uns um die Vermietung des Immobilienbestands verbundenen mit der Suche nach dem passenden Mieter. Vorallem erhalten Sie bei uns einen Besichtigungstermin innerhalb k\u00fcrzester &hellip; <a href=\"https:\/\/grossklein-immobilien.de\/de\/mietwohnungen-berlin\/\" class=\"more-link\"><span class=\"screen-reader-text\">Mietwohnungen<\/span> weiterlesen <span class=\"meta-nav\">&rarr;<\/span><\/a><\/p>\n","protected":false},"author":1,"featured_media":0,"parent":0,"menu_order":0,"comment_status":"closed","ping_status":"closed","template":"","meta":{"_uag_custom_page_level_css":"","ngg_post_thumbnail":0,"footnotes":""},"class_list":["post-141","page","type-page","status-publish","hentry"],"yoast_head":"<!-- This site is optimized with the Yoast SEO plugin v26.8 - https:\/\/yoast.com\/product\/yoast-seo-wordpress\/ -->\n<title>Mietwohnungen Berlin. Aktuelles Angebot bei Gross &amp; Klein Immobilien<\/title>\n<meta name=\"description\" content=\"Mietwohnungen Berlin. Aktuell bei uns im Angebot Mietwohnungen im st\u00e4ndigen Wechsel, in allen gr\u00f6\u00dfen sowie unterschiedsten Lagen der Hauptstadt Berlin.\" \/>\n<meta name=\"robots\" content=\"index, follow, max-snippet:-1, max-image-preview:large, max-video-preview:-1\" \/>\n<link rel=\"canonical\" href=\"https:\/\/grossklein-immobilien.de\/de\/mietwohnungen-berlin\/\" \/>\n<meta property=\"og:locale\" content=\"de_DE\" \/>\n<meta property=\"og:type\" content=\"article\" \/>\n<meta property=\"og:title\" content=\"Mietwohnungen Berlin. Aktuelles Angebot bei Gross &amp; Klein Immobilien\" \/>\n<meta property=\"og:description\" content=\"Mietwohnungen Berlin. Aktuell bei uns im Angebot Mietwohnungen im st\u00e4ndigen Wechsel, in allen gr\u00f6\u00dfen sowie unterschiedsten Lagen der Hauptstadt Berlin.\" \/>\n<meta property=\"og:url\" content=\"https:\/\/grossklein-immobilien.de\/de\/mietwohnungen-berlin\/\" \/>\n<meta property=\"article:publisher\" content=\"https:\/\/www.facebook.com\/TOMIC-IMMOBILIEN-110945718988806\/\" \/>\n<meta property=\"article:modified_time\" content=\"2017-10-13T11:20:34+00:00\" \/>\n<meta property=\"og:image\" content=\"http:\/\/grossklein-immobilien.de\/de\/wp-content\/uploads\/2016\/01\/Mietwohnung-Berlin-300x200.jpg\" \/>\n<meta name=\"twitter:card\" content=\"summary_large_image\" \/>\n<meta name=\"twitter:site\" content=\"@draz_tomic\" \/>\n<meta name=\"twitter:label1\" content=\"Gesch\u00e4tzte Lesezeit\" \/>\n\t<meta name=\"twitter:data1\" content=\"2\u00a0Minuten\" \/>\n<script type=\"application\/ld+json\" class=\"yoast-schema-graph\">{\"@context\":\"https:\/\/schema.org\",\"@graph\":[{\"@type\":\"WebPage\",\"@id\":\"https:\/\/grossklein-immobilien.de\/de\/mietwohnungen-berlin\/\",\"url\":\"https:\/\/grossklein-immobilien.de\/de\/mietwohnungen-berlin\/\",\"name\":\"Mietwohnungen Berlin. Aktuelles Angebot bei Gross & Klein Immobilien\",\"isPartOf\":{\"@id\":\"https:\/\/grossklein-immobilien.de\/de\/#website\"},\"primaryImageOfPage\":{\"@id\":\"https:\/\/grossklein-immobilien.de\/de\/mietwohnungen-berlin\/#primaryimage\"},\"image\":{\"@id\":\"https:\/\/grossklein-immobilien.de\/de\/mietwohnungen-berlin\/#primaryimage\"},\"thumbnailUrl\":\"http:\/\/grossklein-immobilien.de\/de\/wp-content\/uploads\/2016\/01\/Mietwohnung-Berlin-300x200.jpg\",\"datePublished\":\"2016-01-09T14:17:39+00:00\",\"dateModified\":\"2017-10-13T11:20:34+00:00\",\"description\":\"Mietwohnungen Berlin. Aktuell bei uns im Angebot Mietwohnungen im st\u00e4ndigen Wechsel, in allen gr\u00f6\u00dfen sowie unterschiedsten Lagen der Hauptstadt Berlin.\",\"breadcrumb\":{\"@id\":\"https:\/\/grossklein-immobilien.de\/de\/mietwohnungen-berlin\/#breadcrumb\"},\"inLanguage\":\"de\",\"potentialAction\":[{\"@type\":\"ReadAction\",\"target\":[\"https:\/\/grossklein-immobilien.de\/de\/mietwohnungen-berlin\/\"]}]},{\"@type\":\"ImageObject\",\"inLanguage\":\"de\",\"@id\":\"https:\/\/grossklein-immobilien.de\/de\/mietwohnungen-berlin\/#primaryimage\",\"url\":\"http:\/\/grossklein-immobilien.de\/de\/wp-content\/uploads\/2016\/01\/Mietwohnung-Berlin-300x200.jpg\",\"contentUrl\":\"http:\/\/grossklein-immobilien.de\/de\/wp-content\/uploads\/2016\/01\/Mietwohnung-Berlin-300x200.jpg\"},{\"@type\":\"BreadcrumbList\",\"@id\":\"https:\/\/grossklein-immobilien.de\/de\/mietwohnungen-berlin\/#breadcrumb\",\"itemListElement\":[{\"@type\":\"ListItem\",\"position\":1,\"name\":\"Home\",\"item\":\"https:\/\/grossklein-immobilien.de\/de\/\"},{\"@type\":\"ListItem\",\"position\":2,\"name\":\"Mietwohnungen\"}]},{\"@type\":\"WebSite\",\"@id\":\"https:\/\/grossklein-immobilien.de\/de\/#website\",\"url\":\"https:\/\/grossklein-immobilien.de\/de\/\",\"name\":\"\",\"description\":\"\",\"potentialAction\":[{\"@type\":\"SearchAction\",\"target\":{\"@type\":\"EntryPoint\",\"urlTemplate\":\"https:\/\/grossklein-immobilien.de\/de\/?s={search_term_string}\"},\"query-input\":{\"@type\":\"PropertyValueSpecification\",\"valueRequired\":true,\"valueName\":\"search_term_string\"}}],\"inLanguage\":\"de\"}]}<\/script>\n<!-- \/ Yoast SEO plugin. -->","yoast_head_json":{"title":"Mietwohnungen Berlin. Aktuelles Angebot bei Gross & Klein Immobilien","description":"Mietwohnungen Berlin. Aktuell bei uns im Angebot Mietwohnungen im st\u00e4ndigen Wechsel, in allen gr\u00f6\u00dfen sowie unterschiedsten Lagen der Hauptstadt Berlin.","robots":{"index":"index","follow":"follow","max-snippet":"max-snippet:-1","max-image-preview":"max-image-preview:large","max-video-preview":"max-video-preview:-1"},"canonical":"https:\/\/grossklein-immobilien.de\/de\/mietwohnungen-berlin\/","og_locale":"de_DE","og_type":"article","og_title":"Mietwohnungen Berlin. Aktuelles Angebot bei Gross & Klein Immobilien","og_description":"Mietwohnungen Berlin. Aktuell bei uns im Angebot Mietwohnungen im st\u00e4ndigen Wechsel, in allen gr\u00f6\u00dfen sowie unterschiedsten Lagen der Hauptstadt Berlin.","og_url":"https:\/\/grossklein-immobilien.de\/de\/mietwohnungen-berlin\/","article_publisher":"https:\/\/www.facebook.com\/TOMIC-IMMOBILIEN-110945718988806\/","article_modified_time":"2017-10-13T11:20:34+00:00","og_image":[{"url":"http:\/\/grossklein-immobilien.de\/de\/wp-content\/uploads\/2016\/01\/Mietwohnung-Berlin-300x200.jpg","type":"","width":"","height":""}],"twitter_card":"summary_large_image","twitter_site":"@draz_tomic","twitter_misc":{"Gesch\u00e4tzte Lesezeit":"2\u00a0Minuten"},"schema":{"@context":"https:\/\/schema.org","@graph":[{"@type":"WebPage","@id":"https:\/\/grossklein-immobilien.de\/de\/mietwohnungen-berlin\/","url":"https:\/\/grossklein-immobilien.de\/de\/mietwohnungen-berlin\/","name":"Mietwohnungen Berlin. Aktuelles Angebot bei Gross & Klein Immobilien","isPartOf":{"@id":"https:\/\/grossklein-immobilien.de\/de\/#website"},"primaryImageOfPage":{"@id":"https:\/\/grossklein-immobilien.de\/de\/mietwohnungen-berlin\/#primaryimage"},"image":{"@id":"https:\/\/grossklein-immobilien.de\/de\/mietwohnungen-berlin\/#primaryimage"},"thumbnailUrl":"http:\/\/grossklein-immobilien.de\/de\/wp-content\/uploads\/2016\/01\/Mietwohnung-Berlin-300x200.jpg","datePublished":"2016-01-09T14:17:39+00:00","dateModified":"2017-10-13T11:20:34+00:00","description":"Mietwohnungen Berlin. Aktuell bei uns im Angebot Mietwohnungen im st\u00e4ndigen Wechsel, in allen gr\u00f6\u00dfen sowie unterschiedsten Lagen der Hauptstadt Berlin.","breadcrumb":{"@id":"https:\/\/grossklein-immobilien.de\/de\/mietwohnungen-berlin\/#breadcrumb"},"inLanguage":"de","potentialAction":[{"@type":"ReadAction","target":["https:\/\/grossklein-immobilien.de\/de\/mietwohnungen-berlin\/"]}]},{"@type":"ImageObject","inLanguage":"de","@id":"https:\/\/grossklein-immobilien.de\/de\/mietwohnungen-berlin\/#primaryimage","url":"http:\/\/grossklein-immobilien.de\/de\/wp-content\/uploads\/2016\/01\/Mietwohnung-Berlin-300x200.jpg","contentUrl":"http:\/\/grossklein-immobilien.de\/de\/wp-content\/uploads\/2016\/01\/Mietwohnung-Berlin-300x200.jpg"},{"@type":"BreadcrumbList","@id":"https:\/\/grossklein-immobilien.de\/de\/mietwohnungen-berlin\/#breadcrumb","itemListElement":[{"@type":"ListItem","position":1,"name":"Home","item":"https:\/\/grossklein-immobilien.de\/de\/"},{"@type":"ListItem","position":2,"name":"Mietwohnungen"}]},{"@type":"WebSite","@id":"https:\/\/grossklein-immobilien.de\/de\/#website","url":"https:\/\/grossklein-immobilien.de\/de\/","name":"","description":"","potentialAction":[{"@type":"SearchAction","target":{"@type":"EntryPoint","urlTemplate":"https:\/\/grossklein-immobilien.de\/de\/?s={search_term_string}"},"query-input":{"@type":"PropertyValueSpecification","valueRequired":true,"valueName":"search_term_string"}}],"inLanguage":"de"}]}},"uagb_featured_image_src":{"full":false,"thumbnail":false,"medium":false,"medium_large":false,"large":false,"1536x1536":false,"2048x2048":false,"post-thumbnail":false,"woocommerce_thumbnail":false,"woocommerce_single":false,"woocommerce_gallery_thumbnail":false},"uagb_author_info":{"display_name":"ramkol","author_link":"https:\/\/grossklein-immobilien.de\/de\/author\/ramkol\/"},"uagb_comment_info":0,"uagb_excerpt":"Aktuelles Angebot an Mietwohnungen Berlin: Bei uns finden Sie st\u00e4ndig eine Anzahl an Mietwohnungen Berlin in verschiedenen Gr\u00f6\u00dfen und unterschiedsten Lagen von Berlin. Dabei betreuen wir H\u00e4user von vielen Hausverwaltungen und k\u00fcmmern uns um die Vermietung des Immobilienbestands verbundenen mit der Suche nach dem passenden Mieter. Vorallem erhalten Sie bei uns einen Besichtigungstermin innerhalb k\u00fcrzester&hellip;","_links":{"self":[{"href":"https:\/\/grossklein-immobilien.de\/de\/wp-json\/wp\/v2\/pages\/141","targetHints":{"allow":["GET"]}}],"collection":[{"href":"https:\/\/grossklein-immobilien.de\/de\/wp-json\/wp\/v2\/pages"}],"about":[{"href":"https:\/\/grossklein-immobilien.de\/de\/wp-json\/wp\/v2\/types\/page"}],"author":[{"embeddable":true,"href":"https:\/\/grossklein-immobilien.de\/de\/wp-json\/wp\/v2\/users\/1"}],"replies":[{"embeddable":true,"href":"https:\/\/grossklein-immobilien.de\/de\/wp-json\/wp\/v2\/comments?post=141"}],"version-history":[{"count":58,"href":"https:\/\/grossklein-immobilien.de\/de\/wp-json\/wp\/v2\/pages\/141\/revisions"}],"predecessor-version":[{"id":2551,"href":"https:\/\/grossklein-immobilien.de\/de\/wp-json\/wp\/v2\/pages\/141\/revisions\/2551"}],"wp:attachment":[{"href":"https:\/\/grossklein-immobilien.de\/de\/wp-json\/wp\/v2\/media?parent=141"}],"curies":[{"name":"wp","href":"https:\/\/api.w.org\/{rel}","templated":true}]}}