{"id":1418,"date":"2016-04-19T15:28:51","date_gmt":"2016-04-19T13:28:51","guid":{"rendered":"http:\/\/www.tomic-immobilien.de\/de\/?page_id=1418"},"modified":"2026-01-11T20:40:37","modified_gmt":"2026-01-11T19:40:37","slug":"immobilien-berlin-mitte-wedding","status":"publish","type":"page","link":"https:\/\/grossklein-immobilien.de\/de\/immobilien-berlin-mitte-wedding\/","title":{"rendered":"Immobilien Mitte-Wedding"},"content":{"rendered":"<h1 class=\"wp-block-heading has-text-align-center has-black-color has-text-color has-link-color wp-elements-560e050e77168565f663457bb2ab35da\">Immobilien in Berlin-Mitte &amp; Wedding<\/h1><div class=\"twocolumn\">\n<p style=\"text-align: justify;\" data-start=\"176\" data-end=\"467\">Auf dieser Seite finden Sie eine Auswahl unserer aktuell verf\u00fcgbaren Immobilien in <strong data-start=\"351\" data-end=\"408\">Berlin-Mitte, Wedding und dem angrenzenden Tiergarten<\/strong>. Dazu z\u00e4hlen hochwertige Eigentumswohnungen, Penthouses, moderne Neubauwohnungen, klassische Altbauwohnungen sowie ausgew\u00e4hlte Anlageimmobilien in einer der zentralsten und gefragtesten Wohnlagen der Hauptstadt.<\/p>\n<p style=\"text-align: justify;\" data-start=\"176\" data-end=\"467\">Ganz gleich, ob Sie eine Wohnung in Berlin-Mitte kaufen, ein hochwertiges Apartment nahe dem Tiergarten suchen oder in eine Kapitalanlage in Top-Lage investieren m\u00f6chten \u2013 hier erhalten Sie einen strukturierten \u00dcberblick \u00fcber die derzeit verf\u00fcgbaren Objekte von <strong data-start=\"891\" data-end=\"919\">Gross &amp; Klein Immobilien<\/strong>. Alle Angebote werden exklusiv oder im qualifizierten Alleinauftrag vermarktet.<\/p>\n<\/div><div style=\"height:12px\" aria-hidden=\"true\" class=\"wp-block-spacer\"><\/div><h2 class=\"wp-block-heading has-text-align-center has-black-color has-text-color has-link-color wp-elements-0c8c85b97f07da7602c7f0eb88e6595a\">Aktuelle Immobilienangebote in Berlin-Mitte &amp; Wedding<\/h2><div style=\"height:8px\" aria-hidden=\"true\" class=\"wp-block-spacer\"><\/div><div class=\"woocommerce columns-4 \"><ul class=\"products columns-4\">\n<li class=\"product type-product post-18389 status-publish first outofstock product_cat-140-200 product_cat-417 product_cat-mitte product_cat-eigentumswohnungen has-post-thumbnail shipping-taxable purchasable product-type-simple\">\n\t<a href=\"https:\/\/grossklein-immobilien.de\/de\/produkt\/deluxe-neubawohnung-mit-aufzug-terrasse-tg-platz-in-berlin-mitte\/\" class=\"woocommerce-LoopProduct-link woocommerce-loop-product__link\">\n\t<span class=\"wcsob_soldout\">VERKAUFT<\/span>\n\t<img decoding=\"async\" width=\"300\" height=\"300\" data-src=\"https:\/\/grossklein-immobilien.de\/de\/wp-content\/uploads\/2021\/05\/Hausansicht-scaled-300x300.jpg\" class=\"attachment-woocommerce_thumbnail size-woocommerce_thumbnail lazyload\" alt=\"\" data-srcset=\"https:\/\/grossklein-immobilien.de\/de\/wp-content\/uploads\/2021\/05\/Hausansicht-scaled-300x300.jpg 300w, https:\/\/grossklein-immobilien.de\/de\/wp-content\/uploads\/2021\/05\/Hausansicht-scaled-100x100.jpg 100w, https:\/\/grossklein-immobilien.de\/de\/wp-content\/uploads\/2021\/05\/Hausansicht-150x150.jpg 150w\" data-sizes=\"(max-width: 300px) 100vw, 300px\" src=\"data:image\/svg+xml;base64,PHN2ZyB3aWR0aD0iMSIgaGVpZ2h0PSIxIiB4bWxucz0iaHR0cDovL3d3dy53My5vcmcvMjAwMC9zdmciPjwvc3ZnPg==\" style=\"--smush-placeholder-width: 300px; --smush-placeholder-aspect-ratio: 300\/300;\" \/><h2 class=\"woocommerce-loop-product__title\">DELUXE NEUBAU WOHNUNG MIT AUFZUG, TERRASSE &#038; TG-PLATZ IN MITTE<\/h2><ul><li>Standort: Berlin-Mitte<\/li><li>Zimmer: 4<\/li><li>Wohnfl\u00e4che: 166<\/li><li>Etage: 3<\/li><\/ul>\n\t<span class=\"price\"><span class=\"woocommerce-Price-amount amount\"><bdi>1.390.000,00&nbsp;<span class=\"woocommerce-Price-currencySymbol\">&euro;<\/span><\/bdi><\/span><\/span>\n<\/a><\/li>\n<li class=\"product type-product post-6036 status-publish outofstock product_cat-416 product_cat-70-110 product_cat-mitte product_cat-eigentumswohnungen has-post-thumbnail shipping-taxable purchasable product-type-simple\">\n\t<a href=\"https:\/\/grossklein-immobilien.de\/de\/produkt\/helle-altbauwohnung-in-historischer-lage-in-mitte\/\" class=\"woocommerce-LoopProduct-link woocommerce-loop-product__link\">\n\t<span class=\"wcsob_soldout\">VERKAUFT<\/span>\n\t<img decoding=\"async\" width=\"300\" height=\"300\" data-src=\"https:\/\/grossklein-immobilien.de\/de\/wp-content\/uploads\/2018\/01\/IMG_2377-300x300.jpg\" class=\"attachment-woocommerce_thumbnail size-woocommerce_thumbnail lazyload\" alt=\"Stilvolle 3-Zimmer Wohnung in Berlin-Mitte verkauft durch Gross &amp; Klein Immobilien\" data-srcset=\"https:\/\/grossklein-immobilien.de\/de\/wp-content\/uploads\/2018\/01\/IMG_2377-300x300.jpg 300w, https:\/\/grossklein-immobilien.de\/de\/wp-content\/uploads\/2018\/01\/IMG_2377-100x100.jpg 100w, https:\/\/grossklein-immobilien.de\/de\/wp-content\/uploads\/2018\/01\/IMG_2377-150x150.jpg 150w\" data-sizes=\"(max-width: 300px) 100vw, 300px\" src=\"data:image\/svg+xml;base64,PHN2ZyB3aWR0aD0iMSIgaGVpZ2h0PSIxIiB4bWxucz0iaHR0cDovL3d3dy53My5vcmcvMjAwMC9zdmciPjwvc3ZnPg==\" style=\"--smush-placeholder-width: 300px; --smush-placeholder-aspect-ratio: 300\/300;\" \/><h2 class=\"woocommerce-loop-product__title\">HELLE ALTBAUWOHNUNG IN HISTORISCHER LAGE IN MITTE!<\/h2><ul><li>Standort: Berlin-Mitte<\/li><li>Zimmer: 3<\/li><li>Wohnfl\u00e4che: 87,00<\/li><li>Etage: 3<\/li><\/ul>\n\t<span class=\"price\"><span class=\"woocommerce-Price-amount amount\"><bdi>520.000,00&nbsp;<span class=\"woocommerce-Price-currencySymbol\">&euro;<\/span><\/bdi><\/span><\/span>\n<\/a><\/li>\n<li class=\"product type-product post-28803 status-publish outofstock product_cat-mitte product_cat-eigentumswohnungen product_cat-standort has-post-thumbnail shipping-taxable purchasable product-type-simple\">\n\t<a href=\"https:\/\/grossklein-immobilien.de\/de\/produkt\/herrlich-sanierte-altbauwohnung-in-mitte\/\" class=\"woocommerce-LoopProduct-link woocommerce-loop-product__link\">\n\t<span class=\"wcsob_soldout\">VERKAUFT<\/span>\n\t<img decoding=\"async\" width=\"300\" height=\"300\" data-src=\"https:\/\/grossklein-immobilien.de\/de\/wp-content\/uploads\/2023\/10\/IMG_6523-300x300.jpg\" class=\"attachment-woocommerce_thumbnail size-woocommerce_thumbnail lazyload\" alt=\"\" data-srcset=\"https:\/\/grossklein-immobilien.de\/de\/wp-content\/uploads\/2023\/10\/IMG_6523-300x300.jpg 300w, https:\/\/grossklein-immobilien.de\/de\/wp-content\/uploads\/2023\/10\/IMG_6523-150x150.jpg 150w, https:\/\/grossklein-immobilien.de\/de\/wp-content\/uploads\/2023\/10\/IMG_6523-100x100.jpg 100w\" data-sizes=\"(max-width: 300px) 100vw, 300px\" src=\"data:image\/svg+xml;base64,PHN2ZyB3aWR0aD0iMSIgaGVpZ2h0PSIxIiB4bWxucz0iaHR0cDovL3d3dy53My5vcmcvMjAwMC9zdmciPjwvc3ZnPg==\" style=\"--smush-placeholder-width: 300px; --smush-placeholder-aspect-ratio: 300\/300;\" \/><h2 class=\"woocommerce-loop-product__title\">HERRLICH SANIERTE ALTBAUWOHNUNG MIT 2 B\u00c4DERN IN MITTE<\/h2><ul><li>Standort: Berlin-Mitte<\/li><li>Zimmer: 4<\/li><li>Wohnfl\u00e4che: 150 m\u00b2<\/li><li>Etage: 1.OG<\/li><\/ul>\n\t<span class=\"price\"><span class=\"woocommerce-Price-amount amount\"><bdi>1.338.000,00&nbsp;<span class=\"woocommerce-Price-currencySymbol\">&euro;<\/span><\/bdi><\/span><\/span>\n<\/a><\/li>\n<li class=\"product type-product post-32270 status-publish last instock product_cat-berlin-wedding product_cat-eigentumswohnungen has-post-thumbnail shipping-taxable purchasable product-type-simple\">\n\t<a href=\"https:\/\/grossklein-immobilien.de\/de\/produkt\/top-sanierte-whg-mit-balkon-aufzug-tiefgarage-am-schillerpark\/\" class=\"woocommerce-LoopProduct-link woocommerce-loop-product__link\"><img decoding=\"async\" width=\"300\" height=\"300\" data-src=\"https:\/\/grossklein-immobilien.de\/de\/wp-content\/uploads\/2026\/01\/IMG_7566-300x300.jpg\" class=\"attachment-woocommerce_thumbnail size-woocommerce_thumbnail lazyload\" alt=\"Wohnzimmer\" data-srcset=\"https:\/\/grossklein-immobilien.de\/de\/wp-content\/uploads\/2026\/01\/IMG_7566-300x300.jpg 300w, https:\/\/grossklein-immobilien.de\/de\/wp-content\/uploads\/2026\/01\/IMG_7566-150x150.jpg 150w, https:\/\/grossklein-immobilien.de\/de\/wp-content\/uploads\/2026\/01\/IMG_7566-100x100.jpg 100w\" data-sizes=\"(max-width: 300px) 100vw, 300px\" src=\"data:image\/svg+xml;base64,PHN2ZyB3aWR0aD0iMSIgaGVpZ2h0PSIxIiB4bWxucz0iaHR0cDovL3d3dy53My5vcmcvMjAwMC9zdmciPjwvc3ZnPg==\" style=\"--smush-placeholder-width: 300px; --smush-placeholder-aspect-ratio: 300\/300;\" \/><h2 class=\"woocommerce-loop-product__title\">TOP SANIERTE WOHNUNG MIT BALKON, AUFZUG &#038; TIEFGARAGE AM SCHILLERPARK!<\/h2><ul><li>Standort: Berlin-Wedding<\/li><li>Zimmer: 2<\/li><li>Wohnfl\u00e4che: 67,00<\/li><li>Etage: 5<\/li><\/ul>\n\t<span class=\"price\"><span class=\"woocommerce-Price-amount amount\"><bdi>298.000,00&nbsp;<span class=\"woocommerce-Price-currencySymbol\">&euro;<\/span><\/bdi><\/span><\/span>\n<\/a><\/li>\n<li class=\"product type-product post-25468 status-publish first outofstock product_cat-berlin-wedding product_cat-einfamilienhaeuser product_cat-grundstuecke has-post-thumbnail shipping-taxable purchasable product-type-simple\">\n\t<a href=\"https:\/\/grossklein-immobilien.de\/de\/produkt\/wohngrundstueck-in-wedding\/\" class=\"woocommerce-LoopProduct-link woocommerce-loop-product__link\">\n\t<span class=\"wcsob_soldout\">VERKAUFT<\/span>\n\t<img decoding=\"async\" width=\"300\" height=\"300\" data-src=\"https:\/\/grossklein-immobilien.de\/de\/wp-content\/uploads\/2022\/06\/IMG_5415-300x300.jpg\" class=\"attachment-woocommerce_thumbnail size-woocommerce_thumbnail lazyload\" alt=\"Wohngrundst\u00fcck im Afrikanischen Viertel in Berlin-Wedding verkauft durch Gross &amp; Klein Immobilien\" data-srcset=\"https:\/\/grossklein-immobilien.de\/de\/wp-content\/uploads\/2022\/06\/IMG_5415-300x300.jpg 300w, https:\/\/grossklein-immobilien.de\/de\/wp-content\/uploads\/2022\/06\/IMG_5415-100x100.jpg 100w, https:\/\/grossklein-immobilien.de\/de\/wp-content\/uploads\/2022\/06\/IMG_5415-150x150.jpg 150w\" data-sizes=\"(max-width: 300px) 100vw, 300px\" src=\"data:image\/svg+xml;base64,PHN2ZyB3aWR0aD0iMSIgaGVpZ2h0PSIxIiB4bWxucz0iaHR0cDovL3d3dy53My5vcmcvMjAwMC9zdmciPjwvc3ZnPg==\" style=\"--smush-placeholder-width: 300px; --smush-placeholder-aspect-ratio: 300\/300;\" \/><h2 class=\"woocommerce-loop-product__title\">WOHNGRUNDST\u00dcCK MIT KLEINER DHH IN WEDDING<\/h2><ul><li>Standort: Berlin-Wedding<\/li><li>Zimmer: <\/li><li>Wohnfl\u00e4che: 56<\/li><li>Etage: <\/li><\/ul>\n\t<span class=\"price\"><span class=\"woocommerce-Price-amount amount\"><bdi>395.000,00&nbsp;<span class=\"woocommerce-Price-currencySymbol\">&euro;<\/span><\/bdi><\/span><\/span>\n<\/a><\/li>\n<li class=\"product type-product post-4897 status-publish outofstock product_cat-200-und-groesser product_cat-6-und-mehr product_cat-mitte product_cat-eigentumswohnungen has-post-thumbnail shipping-taxable purchasable product-type-simple\">\n\t<a href=\"https:\/\/grossklein-immobilien.de\/de\/produkt\/luxurioeses-penthouse-in-mitte\/\" class=\"woocommerce-LoopProduct-link woocommerce-loop-product__link\">\n\t<span class=\"wcsob_soldout\">VERKAUFT<\/span>\n\t<img decoding=\"async\" width=\"300\" height=\"300\" data-src=\"https:\/\/grossklein-immobilien.de\/de\/wp-content\/uploads\/2017\/08\/IMG_1568-300x300.jpg\" class=\"attachment-woocommerce_thumbnail size-woocommerce_thumbnail lazyload\" alt=\"\" data-srcset=\"https:\/\/grossklein-immobilien.de\/de\/wp-content\/uploads\/2017\/08\/IMG_1568-300x300.jpg 300w, https:\/\/grossklein-immobilien.de\/de\/wp-content\/uploads\/2017\/08\/IMG_1568-100x100.jpg 100w, https:\/\/grossklein-immobilien.de\/de\/wp-content\/uploads\/2017\/08\/IMG_1568-150x150.jpg 150w\" data-sizes=\"(max-width: 300px) 100vw, 300px\" src=\"data:image\/svg+xml;base64,PHN2ZyB3aWR0aD0iMSIgaGVpZ2h0PSIxIiB4bWxucz0iaHR0cDovL3d3dy53My5vcmcvMjAwMC9zdmciPjwvc3ZnPg==\" style=\"--smush-placeholder-width: 300px; --smush-placeholder-aspect-ratio: 300\/300;\" \/><h2 class=\"woocommerce-loop-product__title\">LUXURI\u00d6SES PENTHOUSE IN BERLIN-MITTE!<\/h2><ul><li>Standort: Berlin-Mitte<\/li><li>Zimmer: 7<\/li><li>Wohnfl\u00e4che: 217,00m\u00b2<\/li><li>Etage: DG<\/li><\/ul>\n\t<span class=\"price\"><span class=\"woocommerce-Price-amount amount\"><bdi>1.400.000,00&nbsp;<span class=\"woocommerce-Price-currencySymbol\">&euro;<\/span><\/bdi><\/span><\/span>\n<\/a><\/li>\n<\/ul>\n<\/div><div style=\"height:20px\" aria-hidden=\"true\" class=\"wp-block-spacer\"><\/div><h2 class=\"wp-block-heading has-text-align-center has-black-color has-text-color has-link-color wp-elements-bb9747c27a747a486e3161d0adbe13e3\">Wohnen und investieren in Berlin-Mitte, Wedding &amp; Tiergarten<\/h2><div style=\"height:8px\" aria-hidden=\"true\" class=\"wp-block-spacer\"><\/div><p style=\"text-align: justify;\" data-start=\"1060\" data-end=\"1342\">Der<strong data-start=\"856\" data-end=\"966\"> Bezirk Berlin-Mitte <\/strong>reicht vom historischen Zentrum \u00fcber den<strong data-start=\"856\" data-end=\"966\"> Tiergarten bis in den n\u00f6rdlichen Wedding.<\/strong> Zwischen Regierungsviertel, Potsdamer Platz, Tiergarten, Spree und den gewachsenen Wohnquartieren in Wedding entsteht ein einzigartiges Wohnumfeld aus Urbanit\u00e4t, Gr\u00fcnfl\u00e4chen und internationaler Nachfrage. Die Immobilien in diesem Teil Berlins zeichnen sich durch:<\/p>\n<ul>\n<li data-start=\"1406\" data-end=\"1427\">hohe Wertstabilit\u00e4t<\/li>\n<li data-start=\"1430\" data-end=\"1493\">starke Nachfrage von Eigennutzern und internationalen K\u00e4ufern<\/li>\n<li data-start=\"1496\" data-end=\"1523\">attraktive Vermietbarkeit<\/li>\n<li data-start=\"1526\" data-end=\"1577\">hervorragende Infrastruktur und Verkehrsanbindung<\/li>\n<\/ul>\n<p data-start=\"1579\" data-end=\"1715\">aus. Entsprechend begehrt sind sowohl klassische Altbauwohnungen in Berlin-Mitte als auch moderne Neubauprojekte rund um den Tiergarten.<\/p><div style=\"height:20px\" aria-hidden=\"true\" class=\"wp-block-spacer\"><\/div><h2 class=\"wp-block-heading has-text-align-center has-black-color has-text-color has-link-color wp-elements-aeaa859c5c7bfb78f31885d7163ebe71\">Unsere Immobilienangebote in Berlin-Mitte &amp; Wedding<\/h2><div style=\"height:8px\" aria-hidden=\"true\" class=\"wp-block-spacer\"><\/div><p style=\"text-align: justify;\" data-start=\"1776\" data-end=\"2057\">Die hier dargestellten Immobilienangebote bilden einen Ausschnitt unseres aktuellen Portfolios in Berlin-Mitte, Wedding und Tiergarten. Das Spektrum reicht von stilvollen Altbauwohnungen \u00fcber moderne Stadtapartments bis hin zu exklusiven Neubau-Penthouses und renditestarken Anlageobjekten.&nbsp;Viele Objekte werden diskret vermarktet und erscheinen nicht immer auf \u00f6ffentlichen Portalen. Sollten Sie aktuell kein passendes Angebot finden, sprechen Sie uns gerne direkt an.<\/p><div style=\"height:12px\" aria-hidden=\"true\" class=\"wp-block-spacer\"><\/div><h2 class=\"wp-block-heading has-text-align-center has-black-color has-text-color has-link-color wp-elements-55f859362be62c088f6e3a159128073b\">Sie m\u00f6chten eine Immobilie in Berlin-Mitte, Wedding oder Tiergarten verkaufen?<\/h2><div style=\"height:8px\" aria-hidden=\"true\" class=\"wp-block-spacer\"><\/div><p style=\"text-align: justify;\" data-start=\"2315\" data-end=\"2597\">Wenn Sie eine Wohnung oder ein Haus in Berlin-Mitte, Wedding oder Tiergarten verkaufen m\u00f6chten, profitieren Sie bei <strong data-start=\"2422\" data-end=\"2450\">Gross &amp; Klein Immobilien<\/strong> von fundierter Marktkenntnis, pr\u00e4ziser Wertermittlung und einer zielgerichteten Vermarktung an kaufkr\u00e4ftige Interessenten aus dem In- und Ausland.<\/p>\n<p data-start=\"2599\" data-end=\"2676\">Mehr dazu finden Sie auf unserer Seite:<\/p>\n<p style=\"text-align: center;\" data-start=\"2599\" data-end=\"2676\"><strong data-start=\"2643\" data-end=\"2676\">\u2192 <\/strong><a href=\"https:\/\/grossklein-immobilien.de\/de\/immobilienmakler-berlin-mitte\/\">Immobilienmakler Berlin Mitte<\/a><\/p>\n<p style=\"text-align: center;\" data-start=\"2599\" data-end=\"2676\"><a href=\"https:\/\/grossklein-immobilien.de\/de\/immobilienmakler-berlin-wedding\/\">\u2192 Immobilienmakler Berlin Wedding<\/a><\/p>\n<p style=\"text-align: center;\" data-start=\"2599\" data-end=\"2676\">\u2192 <a href=\"https:\/\/grossklein-immobilien.de\/de\/immobilienmakler-berlin-tiergarten\/\">Immobilienmakler Berlin Tiergarten<\/a><\/p>","protected":false},"excerpt":{"rendered":"<p>Immobilien in Berlin-Mitte &amp; Wedding Auf dieser Seite finden Sie eine Auswahl unserer aktuell verf\u00fcgbaren Immobilien in Berlin-Mitte, Wedding und dem angrenzenden Tiergarten. Dazu z\u00e4hlen hochwertige Eigentumswohnungen, Penthouses, moderne Neubauwohnungen, klassische Altbauwohnungen sowie ausgew\u00e4hlte Anlageimmobilien in einer der zentralsten und gefragtesten Wohnlagen der Hauptstadt. Ganz gleich, ob Sie eine Wohnung in Berlin-Mitte kaufen, ein hochwertiges &hellip; <a href=\"https:\/\/grossklein-immobilien.de\/de\/immobilien-berlin-mitte-wedding\/\" class=\"more-link\"><span class=\"screen-reader-text\">Immobilien Mitte-Wedding<\/span> weiterlesen <span class=\"meta-nav\">&rarr;<\/span><\/a><\/p>\n","protected":false},"author":2,"featured_media":0,"parent":0,"menu_order":0,"comment_status":"closed","ping_status":"closed","template":"","meta":{"_uag_custom_page_level_css":"","ngg_post_thumbnail":0,"footnotes":""},"class_list":["post-1418","page","type-page","status-publish","hentry"],"yoast_head":"<!-- This site is optimized with the Yoast SEO plugin v26.8 - https:\/\/yoast.com\/product\/yoast-seo-wordpress\/ -->\n<title>Immobilien Berlin-Mitte &amp; Wedding kaufen | Gross &amp; Klein Immobilien<\/title>\n<meta name=\"description\" content=\"Aktuelle Immobilien in Berlin-Mitte &amp; Wedding: Wohnungen, Altbauten &amp; Anlageobjekte. Exklusive Angebote von Gross &amp; Klein Immobilien\" \/>\n<meta name=\"robots\" content=\"index, follow, max-snippet:-1, max-image-preview:large, max-video-preview:-1\" \/>\n<link rel=\"canonical\" href=\"https:\/\/grossklein-immobilien.de\/de\/immobilien-berlin-mitte-wedding\/\" \/>\n<meta property=\"og:locale\" content=\"de_DE\" \/>\n<meta property=\"og:type\" content=\"article\" \/>\n<meta property=\"og:title\" content=\"Immobilien Berlin-Mitte &amp; Wedding kaufen | Gross &amp; Klein Immobilien\" \/>\n<meta property=\"og:description\" content=\"Aktuelle Immobilien in Berlin-Mitte &amp; Wedding: Wohnungen, Altbauten &amp; Anlageobjekte. Exklusive Angebote von Gross &amp; Klein Immobilien\" \/>\n<meta property=\"og:url\" content=\"https:\/\/grossklein-immobilien.de\/de\/immobilien-berlin-mitte-wedding\/\" \/>\n<meta property=\"article:publisher\" content=\"https:\/\/www.facebook.com\/TOMIC-IMMOBILIEN-110945718988806\/\" \/>\n<meta property=\"article:modified_time\" content=\"2026-01-11T19:40:37+00:00\" \/>\n<meta name=\"twitter:card\" content=\"summary_large_image\" \/>\n<meta name=\"twitter:site\" content=\"@draz_tomic\" \/>\n<meta name=\"twitter:label1\" content=\"Gesch\u00e4tzte Lesezeit\" \/>\n\t<meta name=\"twitter:data1\" content=\"2\u00a0Minuten\" \/>\n<script type=\"application\/ld+json\" class=\"yoast-schema-graph\">{\"@context\":\"https:\/\/schema.org\",\"@graph\":[{\"@type\":\"WebPage\",\"@id\":\"https:\/\/grossklein-immobilien.de\/de\/immobilien-berlin-mitte-wedding\/\",\"url\":\"https:\/\/grossklein-immobilien.de\/de\/immobilien-berlin-mitte-wedding\/\",\"name\":\"Immobilien Berlin-Mitte & Wedding kaufen | Gross & Klein Immobilien\",\"isPartOf\":{\"@id\":\"https:\/\/grossklein-immobilien.de\/de\/#website\"},\"datePublished\":\"2016-04-19T13:28:51+00:00\",\"dateModified\":\"2026-01-11T19:40:37+00:00\",\"description\":\"Aktuelle Immobilien in Berlin-Mitte & Wedding: Wohnungen, Altbauten & Anlageobjekte. Exklusive Angebote von Gross & Klein Immobilien\",\"breadcrumb\":{\"@id\":\"https:\/\/grossklein-immobilien.de\/de\/immobilien-berlin-mitte-wedding\/#breadcrumb\"},\"inLanguage\":\"de\",\"potentialAction\":[{\"@type\":\"ReadAction\",\"target\":[\"https:\/\/grossklein-immobilien.de\/de\/immobilien-berlin-mitte-wedding\/\"]}]},{\"@type\":\"BreadcrumbList\",\"@id\":\"https:\/\/grossklein-immobilien.de\/de\/immobilien-berlin-mitte-wedding\/#breadcrumb\",\"itemListElement\":[{\"@type\":\"ListItem\",\"position\":1,\"name\":\"Home\",\"item\":\"https:\/\/grossklein-immobilien.de\/de\/\"},{\"@type\":\"ListItem\",\"position\":2,\"name\":\"Immobilien Mitte-Wedding\"}]},{\"@type\":\"WebSite\",\"@id\":\"https:\/\/grossklein-immobilien.de\/de\/#website\",\"url\":\"https:\/\/grossklein-immobilien.de\/de\/\",\"name\":\"\",\"description\":\"\",\"potentialAction\":[{\"@type\":\"SearchAction\",\"target\":{\"@type\":\"EntryPoint\",\"urlTemplate\":\"https:\/\/grossklein-immobilien.de\/de\/?s={search_term_string}\"},\"query-input\":{\"@type\":\"PropertyValueSpecification\",\"valueRequired\":true,\"valueName\":\"search_term_string\"}}],\"inLanguage\":\"de\"}]}<\/script>\n<!-- \/ Yoast SEO plugin. -->","yoast_head_json":{"title":"Immobilien Berlin-Mitte & Wedding kaufen | Gross & Klein Immobilien","description":"Aktuelle Immobilien in Berlin-Mitte & Wedding: Wohnungen, Altbauten & Anlageobjekte. Exklusive Angebote von Gross & Klein Immobilien","robots":{"index":"index","follow":"follow","max-snippet":"max-snippet:-1","max-image-preview":"max-image-preview:large","max-video-preview":"max-video-preview:-1"},"canonical":"https:\/\/grossklein-immobilien.de\/de\/immobilien-berlin-mitte-wedding\/","og_locale":"de_DE","og_type":"article","og_title":"Immobilien Berlin-Mitte & Wedding kaufen | Gross & Klein Immobilien","og_description":"Aktuelle Immobilien in Berlin-Mitte & Wedding: Wohnungen, Altbauten & Anlageobjekte. Exklusive Angebote von Gross & Klein Immobilien","og_url":"https:\/\/grossklein-immobilien.de\/de\/immobilien-berlin-mitte-wedding\/","article_publisher":"https:\/\/www.facebook.com\/TOMIC-IMMOBILIEN-110945718988806\/","article_modified_time":"2026-01-11T19:40:37+00:00","twitter_card":"summary_large_image","twitter_site":"@draz_tomic","twitter_misc":{"Gesch\u00e4tzte Lesezeit":"2\u00a0Minuten"},"schema":{"@context":"https:\/\/schema.org","@graph":[{"@type":"WebPage","@id":"https:\/\/grossklein-immobilien.de\/de\/immobilien-berlin-mitte-wedding\/","url":"https:\/\/grossklein-immobilien.de\/de\/immobilien-berlin-mitte-wedding\/","name":"Immobilien Berlin-Mitte & Wedding kaufen | Gross & Klein Immobilien","isPartOf":{"@id":"https:\/\/grossklein-immobilien.de\/de\/#website"},"datePublished":"2016-04-19T13:28:51+00:00","dateModified":"2026-01-11T19:40:37+00:00","description":"Aktuelle Immobilien in Berlin-Mitte & Wedding: Wohnungen, Altbauten & Anlageobjekte. Exklusive Angebote von Gross & Klein Immobilien","breadcrumb":{"@id":"https:\/\/grossklein-immobilien.de\/de\/immobilien-berlin-mitte-wedding\/#breadcrumb"},"inLanguage":"de","potentialAction":[{"@type":"ReadAction","target":["https:\/\/grossklein-immobilien.de\/de\/immobilien-berlin-mitte-wedding\/"]}]},{"@type":"BreadcrumbList","@id":"https:\/\/grossklein-immobilien.de\/de\/immobilien-berlin-mitte-wedding\/#breadcrumb","itemListElement":[{"@type":"ListItem","position":1,"name":"Home","item":"https:\/\/grossklein-immobilien.de\/de\/"},{"@type":"ListItem","position":2,"name":"Immobilien Mitte-Wedding"}]},{"@type":"WebSite","@id":"https:\/\/grossklein-immobilien.de\/de\/#website","url":"https:\/\/grossklein-immobilien.de\/de\/","name":"","description":"","potentialAction":[{"@type":"SearchAction","target":{"@type":"EntryPoint","urlTemplate":"https:\/\/grossklein-immobilien.de\/de\/?s={search_term_string}"},"query-input":{"@type":"PropertyValueSpecification","valueRequired":true,"valueName":"search_term_string"}}],"inLanguage":"de"}]}},"uagb_featured_image_src":{"full":false,"thumbnail":false,"medium":false,"medium_large":false,"large":false,"1536x1536":false,"2048x2048":false,"post-thumbnail":false,"woocommerce_thumbnail":false,"woocommerce_single":false,"woocommerce_gallery_thumbnail":false},"uagb_author_info":{"display_name":"Drazan Tomic","author_link":"https:\/\/grossklein-immobilien.de\/de\/author\/tomic-autor\/"},"uagb_comment_info":0,"uagb_excerpt":"Immobilien in Berlin-Mitte &amp; Wedding Auf dieser Seite finden Sie eine Auswahl unserer aktuell verf\u00fcgbaren Immobilien in Berlin-Mitte, Wedding und dem angrenzenden Tiergarten. Dazu z\u00e4hlen hochwertige Eigentumswohnungen, Penthouses, moderne Neubauwohnungen, klassische Altbauwohnungen sowie ausgew\u00e4hlte Anlageimmobilien in einer der zentralsten und gefragtesten Wohnlagen der Hauptstadt. Ganz gleich, ob Sie eine Wohnung in Berlin-Mitte kaufen, ein hochwertiges&hellip;","_links":{"self":[{"href":"https:\/\/grossklein-immobilien.de\/de\/wp-json\/wp\/v2\/pages\/1418","targetHints":{"allow":["GET"]}}],"collection":[{"href":"https:\/\/grossklein-immobilien.de\/de\/wp-json\/wp\/v2\/pages"}],"about":[{"href":"https:\/\/grossklein-immobilien.de\/de\/wp-json\/wp\/v2\/types\/page"}],"author":[{"embeddable":true,"href":"https:\/\/grossklein-immobilien.de\/de\/wp-json\/wp\/v2\/users\/2"}],"replies":[{"embeddable":true,"href":"https:\/\/grossklein-immobilien.de\/de\/wp-json\/wp\/v2\/comments?post=1418"}],"version-history":[{"count":18,"href":"https:\/\/grossklein-immobilien.de\/de\/wp-json\/wp\/v2\/pages\/1418\/revisions"}],"predecessor-version":[{"id":32451,"href":"https:\/\/grossklein-immobilien.de\/de\/wp-json\/wp\/v2\/pages\/1418\/revisions\/32451"}],"wp:attachment":[{"href":"https:\/\/grossklein-immobilien.de\/de\/wp-json\/wp\/v2\/media?parent=1418"}],"curies":[{"name":"wp","href":"https:\/\/api.w.org\/{rel}","templated":true}]}}