{"id":1420,"date":"2016-04-19T15:32:03","date_gmt":"2016-04-19T13:32:03","guid":{"rendered":"http:\/\/www.tomic-immobilien.de\/de\/?page_id=1420"},"modified":"2016-09-02T12:13:19","modified_gmt":"2016-09-02T10:13:19","slug":"immobilien-treptow-koepenick","status":"publish","type":"page","link":"https:\/\/grossklein-immobilien.de\/de\/immobilien-treptow-koepenick\/","title":{"rendered":"Immobilien in Treptow-K\u00f6penick"},"content":{"rendered":"<h2>Immobilien in Treptow-K\u00f6penick<\/h2>\n","protected":false},"excerpt":{"rendered":"<p>Immobilien in Treptow-K\u00f6penick<\/p>\n","protected":false},"author":2,"featured_media":0,"parent":0,"menu_order":0,"comment_status":"closed","ping_status":"closed","template":"","meta":{"_uag_custom_page_level_css":"","ngg_post_thumbnail":0,"footnotes":""},"class_list":["post-1420","page","type-page","status-publish","hentry"],"yoast_head":"<!-- This site is optimized with the Yoast SEO plugin v26.8 - https:\/\/yoast.com\/product\/yoast-seo-wordpress\/ -->\n<title>Immobilien Treptow-K\u00f6penick | Gross &amp; Klein Immobilien<\/title>\n<meta name=\"description\" content=\"Immobilien Treptow-K\u00f6penick. Unsere Angebot an Immobilien im Bezirk Treptow-K\u00f6penick k\u00f6nnen Sie hier einsehen. Wir freuen uns auf Ihren Anruf.\" \/>\n<meta name=\"robots\" content=\"index, follow, max-snippet:-1, max-image-preview:large, max-video-preview:-1\" \/>\n<link rel=\"canonical\" href=\"https:\/\/grossklein-immobilien.de\/de\/immobilien-treptow-koepenick\/\" \/>\n<meta property=\"og:locale\" content=\"de_DE\" \/>\n<meta property=\"og:type\" content=\"article\" \/>\n<meta property=\"og:title\" content=\"Immobilien Treptow-K\u00f6penick | Gross &amp; Klein Immobilien\" \/>\n<meta property=\"og:description\" content=\"Immobilien Treptow-K\u00f6penick. Unsere Angebot an Immobilien im Bezirk Treptow-K\u00f6penick k\u00f6nnen Sie hier einsehen. Wir freuen uns auf Ihren Anruf.\" \/>\n<meta property=\"og:url\" content=\"https:\/\/grossklein-immobilien.de\/de\/immobilien-treptow-koepenick\/\" \/>\n<meta property=\"article:publisher\" content=\"https:\/\/www.facebook.com\/TOMIC-IMMOBILIEN-110945718988806\/\" \/>\n<meta property=\"article:modified_time\" content=\"2016-09-02T10:13:19+00:00\" \/>\n<meta name=\"twitter:card\" content=\"summary_large_image\" \/>\n<meta name=\"twitter:site\" content=\"@draz_tomic\" \/>\n<script type=\"application\/ld+json\" class=\"yoast-schema-graph\">{\"@context\":\"https:\/\/schema.org\",\"@graph\":[{\"@type\":\"WebPage\",\"@id\":\"https:\/\/grossklein-immobilien.de\/de\/immobilien-treptow-koepenick\/\",\"url\":\"https:\/\/grossklein-immobilien.de\/de\/immobilien-treptow-koepenick\/\",\"name\":\"Immobilien Treptow-K\u00f6penick | Gross & Klein Immobilien\",\"isPartOf\":{\"@id\":\"https:\/\/grossklein-immobilien.de\/de\/#website\"},\"datePublished\":\"2016-04-19T13:32:03+00:00\",\"dateModified\":\"2016-09-02T10:13:19+00:00\",\"description\":\"Immobilien Treptow-K\u00f6penick. Unsere Angebot an Immobilien im Bezirk Treptow-K\u00f6penick k\u00f6nnen Sie hier einsehen. Wir freuen uns auf Ihren Anruf.\",\"breadcrumb\":{\"@id\":\"https:\/\/grossklein-immobilien.de\/de\/immobilien-treptow-koepenick\/#breadcrumb\"},\"inLanguage\":\"de\",\"potentialAction\":[{\"@type\":\"ReadAction\",\"target\":[\"https:\/\/grossklein-immobilien.de\/de\/immobilien-treptow-koepenick\/\"]}]},{\"@type\":\"BreadcrumbList\",\"@id\":\"https:\/\/grossklein-immobilien.de\/de\/immobilien-treptow-koepenick\/#breadcrumb\",\"itemListElement\":[{\"@type\":\"ListItem\",\"position\":1,\"name\":\"Home\",\"item\":\"https:\/\/grossklein-immobilien.de\/de\/\"},{\"@type\":\"ListItem\",\"position\":2,\"name\":\"Immobilien in Treptow-K\u00f6penick\"}]},{\"@type\":\"WebSite\",\"@id\":\"https:\/\/grossklein-immobilien.de\/de\/#website\",\"url\":\"https:\/\/grossklein-immobilien.de\/de\/\",\"name\":\"\",\"description\":\"\",\"potentialAction\":[{\"@type\":\"SearchAction\",\"target\":{\"@type\":\"EntryPoint\",\"urlTemplate\":\"https:\/\/grossklein-immobilien.de\/de\/?s={search_term_string}\"},\"query-input\":{\"@type\":\"PropertyValueSpecification\",\"valueRequired\":true,\"valueName\":\"search_term_string\"}}],\"inLanguage\":\"de\"}]}<\/script>\n<!-- \/ Yoast SEO plugin. -->","yoast_head_json":{"title":"Immobilien Treptow-K\u00f6penick | Gross & Klein Immobilien","description":"Immobilien Treptow-K\u00f6penick. Unsere Angebot an Immobilien im Bezirk Treptow-K\u00f6penick k\u00f6nnen Sie hier einsehen. Wir freuen uns auf Ihren Anruf.","robots":{"index":"index","follow":"follow","max-snippet":"max-snippet:-1","max-image-preview":"max-image-preview:large","max-video-preview":"max-video-preview:-1"},"canonical":"https:\/\/grossklein-immobilien.de\/de\/immobilien-treptow-koepenick\/","og_locale":"de_DE","og_type":"article","og_title":"Immobilien Treptow-K\u00f6penick | Gross & Klein Immobilien","og_description":"Immobilien Treptow-K\u00f6penick. Unsere Angebot an Immobilien im Bezirk Treptow-K\u00f6penick k\u00f6nnen Sie hier einsehen. Wir freuen uns auf Ihren Anruf.","og_url":"https:\/\/grossklein-immobilien.de\/de\/immobilien-treptow-koepenick\/","article_publisher":"https:\/\/www.facebook.com\/TOMIC-IMMOBILIEN-110945718988806\/","article_modified_time":"2016-09-02T10:13:19+00:00","twitter_card":"summary_large_image","twitter_site":"@draz_tomic","schema":{"@context":"https:\/\/schema.org","@graph":[{"@type":"WebPage","@id":"https:\/\/grossklein-immobilien.de\/de\/immobilien-treptow-koepenick\/","url":"https:\/\/grossklein-immobilien.de\/de\/immobilien-treptow-koepenick\/","name":"Immobilien Treptow-K\u00f6penick | Gross & Klein Immobilien","isPartOf":{"@id":"https:\/\/grossklein-immobilien.de\/de\/#website"},"datePublished":"2016-04-19T13:32:03+00:00","dateModified":"2016-09-02T10:13:19+00:00","description":"Immobilien Treptow-K\u00f6penick. Unsere Angebot an Immobilien im Bezirk Treptow-K\u00f6penick k\u00f6nnen Sie hier einsehen. Wir freuen uns auf Ihren Anruf.","breadcrumb":{"@id":"https:\/\/grossklein-immobilien.de\/de\/immobilien-treptow-koepenick\/#breadcrumb"},"inLanguage":"de","potentialAction":[{"@type":"ReadAction","target":["https:\/\/grossklein-immobilien.de\/de\/immobilien-treptow-koepenick\/"]}]},{"@type":"BreadcrumbList","@id":"https:\/\/grossklein-immobilien.de\/de\/immobilien-treptow-koepenick\/#breadcrumb","itemListElement":[{"@type":"ListItem","position":1,"name":"Home","item":"https:\/\/grossklein-immobilien.de\/de\/"},{"@type":"ListItem","position":2,"name":"Immobilien in Treptow-K\u00f6penick"}]},{"@type":"WebSite","@id":"https:\/\/grossklein-immobilien.de\/de\/#website","url":"https:\/\/grossklein-immobilien.de\/de\/","name":"","description":"","potentialAction":[{"@type":"SearchAction","target":{"@type":"EntryPoint","urlTemplate":"https:\/\/grossklein-immobilien.de\/de\/?s={search_term_string}"},"query-input":{"@type":"PropertyValueSpecification","valueRequired":true,"valueName":"search_term_string"}}],"inLanguage":"de"}]}},"uagb_featured_image_src":{"full":false,"thumbnail":false,"medium":false,"medium_large":false,"large":false,"1536x1536":false,"2048x2048":false,"post-thumbnail":false,"woocommerce_thumbnail":false,"woocommerce_single":false,"woocommerce_gallery_thumbnail":false},"uagb_author_info":{"display_name":"Drazan Tomic","author_link":"https:\/\/grossklein-immobilien.de\/de\/author\/tomic-autor\/"},"uagb_comment_info":0,"uagb_excerpt":"Immobilien in Treptow-K\u00f6penick","_links":{"self":[{"href":"https:\/\/grossklein-immobilien.de\/de\/wp-json\/wp\/v2\/pages\/1420","targetHints":{"allow":["GET"]}}],"collection":[{"href":"https:\/\/grossklein-immobilien.de\/de\/wp-json\/wp\/v2\/pages"}],"about":[{"href":"https:\/\/grossklein-immobilien.de\/de\/wp-json\/wp\/v2\/types\/page"}],"author":[{"embeddable":true,"href":"https:\/\/grossklein-immobilien.de\/de\/wp-json\/wp\/v2\/users\/2"}],"replies":[{"embeddable":true,"href":"https:\/\/grossklein-immobilien.de\/de\/wp-json\/wp\/v2\/comments?post=1420"}],"version-history":[{"count":1,"href":"https:\/\/grossklein-immobilien.de\/de\/wp-json\/wp\/v2\/pages\/1420\/revisions"}],"predecessor-version":[{"id":1421,"href":"https:\/\/grossklein-immobilien.de\/de\/wp-json\/wp\/v2\/pages\/1420\/revisions\/1421"}],"wp:attachment":[{"href":"https:\/\/grossklein-immobilien.de\/de\/wp-json\/wp\/v2\/media?parent=1420"}],"curies":[{"name":"wp","href":"https:\/\/api.w.org\/{rel}","templated":true}]}}