{"id":1422,"date":"2016-04-19T15:35:39","date_gmt":"2016-04-19T13:35:39","guid":{"rendered":"http:\/\/www.tomic-immobilien.de\/de\/?page_id=1422"},"modified":"2026-02-06T10:57:42","modified_gmt":"2026-02-06T09:57:42","slug":"immobilien-prenzlauer-berg-pankow","status":"publish","type":"page","link":"https:\/\/grossklein-immobilien.de\/de\/immobilien-prenzlauer-berg-pankow\/","title":{"rendered":"Immobilien in Pankow und Prenzlauer Berg"},"content":{"rendered":"<h1 class=\"wp-block-heading has-text-align-center has-black-color has-text-color has-link-color wp-elements-179986e77f145d5d7de76192ed0d81c0\">Immobilien in Pankow und Prenzlauer Berg<\/h1><div style=\"height:12px\" aria-hidden=\"true\" class=\"wp-block-spacer\"><\/div><div class=\"twocolumn\">\n<p style=\"text-align: justify;\" data-start=\"377\" data-end=\"790\">Auf dieser Seite finden Sie eine Auswahl unserer aktuell verf\u00fcgbaren Immobilien in <strong>Prenzlauer Berg<\/strong> und <strong>Pankow<\/strong>. Dazu z\u00e4hlen Eigentumswohnungen, Altbauwohnungen, Penthouses sowie ausgew\u00e4hlte Anlageimmobilien in einem der beliebtesten Wohnumfelder im Berliner Nordosten. Erg\u00e4nzend dazu geben wir Ihnen einen kompakten Einblick in die Wohnlagen, Marktstrukturen und Immobilienarten in diesen beiden Stadtteilen.&nbsp;<\/p>\n<p style=\"text-align: justify;\" data-start=\"377\" data-end=\"790\">Ganz gleich, ob Sie eine Wohnung in Prenzlauer Berg kaufen, ein ruhiges Zuhause in Pankow suchen oder sich f\u00fcr eine Kapitalanlage in einem nachgefragten Wohnbezirk interessieren \u2013 hier erhalten Sie einen strukturierten \u00dcberblick \u00fcber die derzeit angebotenen Objekte von Gross &amp; Klein Immobilien. Alle hier pr\u00e4sentierten Immobilien werden von uns exklusiv oder im qualifizierten Alleinauftrag vermarktet.<\/p>\n<\/div><h2 class=\"wp-block-heading has-text-align-center has-black-color has-text-color has-link-color wp-elements-044255ad710ca92ac1c4094e8132d8cd\">Immobilien in Berlin-Prenzlauer Berg &amp; Pankow<\/h2><div style=\"height:12px\" aria-hidden=\"true\" class=\"wp-block-spacer\"><\/div><div class=\"woocommerce columns-4 \"><ul class=\"products columns-4\">\n<li class=\"product type-product post-18609 status-publish first outofstock product_cat-416 product_cat-70-110 product_cat-prenzlauer-berg product_cat-eigentumswohnungen has-post-thumbnail shipping-taxable purchasable product-type-simple\">\n\t<a href=\"https:\/\/grossklein-immobilien.de\/de\/produkt\/klassische-altbauwohnung-prenzlauer-berg\/\" class=\"woocommerce-LoopProduct-link woocommerce-loop-product__link\">\n\t<span class=\"wcsob_soldout\">VERKAUFT<\/span>\n\t<img decoding=\"async\" width=\"300\" height=\"300\" data-src=\"https:\/\/grossklein-immobilien.de\/de\/wp-content\/uploads\/2021\/06\/IMG_5062-scaled-300x300.jpg\" class=\"attachment-woocommerce_thumbnail size-woocommerce_thumbnail lazyload\" alt=\"Klassische Altbauwohnungg\" data-srcset=\"https:\/\/grossklein-immobilien.de\/de\/wp-content\/uploads\/2021\/06\/IMG_5062-scaled-300x300.jpg 300w, https:\/\/grossklein-immobilien.de\/de\/wp-content\/uploads\/2021\/06\/IMG_5062-scaled-100x100.jpg 100w, https:\/\/grossklein-immobilien.de\/de\/wp-content\/uploads\/2021\/06\/IMG_5062-150x150.jpg 150w\" data-sizes=\"(max-width: 300px) 100vw, 300px\" src=\"data:image\/svg+xml;base64,PHN2ZyB3aWR0aD0iMSIgaGVpZ2h0PSIxIiB4bWxucz0iaHR0cDovL3d3dy53My5vcmcvMjAwMC9zdmciPjwvc3ZnPg==\" style=\"--smush-placeholder-width: 300px; --smush-placeholder-aspect-ratio: 300\/300;\" \/><h2 class=\"woocommerce-loop-product__title\">KLASSISCHE ALTBAUWOHNUNG MIT BALKON &#038; DIELENBODEN<\/h2><ul><li>Standort: Prenzlauer Berg<\/li><li>Zimmer: 3<\/li><li>Wohnfl\u00e4che: 99<\/li><li>Etage: 3<\/li><\/ul>\n\t<span class=\"price\"><span class=\"woocommerce-Price-amount amount\"><bdi>720.000,00&nbsp;<span class=\"woocommerce-Price-currencySymbol\">&euro;<\/span><\/bdi><\/span><\/span>\n<\/a><\/li>\n<li class=\"product type-product post-29109 status-publish outofstock product_cat-414 product_cat-1-40 product_cat-prenzlauer-berg product_cat-eigentumswohnungen product_cat-immobilienart product_cat-standort has-post-thumbnail shipping-taxable purchasable product-type-simple\">\n\t<a href=\"https:\/\/grossklein-immobilien.de\/de\/produkt\/renoviertes-studioapartment\/\" class=\"woocommerce-LoopProduct-link woocommerce-loop-product__link\">\n\t<span class=\"wcsob_soldout\">VERKAUFT<\/span>\n\t<img decoding=\"async\" width=\"300\" height=\"300\" data-src=\"https:\/\/grossklein-immobilien.de\/de\/wp-content\/uploads\/2024\/01\/IMG_6760-300x300.jpg\" class=\"attachment-woocommerce_thumbnail size-woocommerce_thumbnail lazyload\" alt=\"\" data-srcset=\"https:\/\/grossklein-immobilien.de\/de\/wp-content\/uploads\/2024\/01\/IMG_6760-300x300.jpg 300w, https:\/\/grossklein-immobilien.de\/de\/wp-content\/uploads\/2024\/01\/IMG_6760-150x150.jpg 150w, https:\/\/grossklein-immobilien.de\/de\/wp-content\/uploads\/2024\/01\/IMG_6760-100x100.jpg 100w\" data-sizes=\"(max-width: 300px) 100vw, 300px\" src=\"data:image\/svg+xml;base64,PHN2ZyB3aWR0aD0iMSIgaGVpZ2h0PSIxIiB4bWxucz0iaHR0cDovL3d3dy53My5vcmcvMjAwMC9zdmciPjwvc3ZnPg==\" style=\"--smush-placeholder-width: 300px; --smush-placeholder-aspect-ratio: 300\/300;\" \/><h2 class=\"woocommerce-loop-product__title\">RENOVIERTES STUDIOAPARTMENT IM B\u00d6TZOWVIERTEL<\/h2><ul><li>Standort: Prenzlauer Berg<\/li><li>Zimmer: 1<\/li><li>Wohnfl\u00e4che: 31<\/li><li>Etage: 0<\/li><\/ul>\n\t<span class=\"price\"><span class=\"woocommerce-Price-amount amount\"><bdi>225.000,00&nbsp;<span class=\"woocommerce-Price-currencySymbol\">&euro;<\/span><\/bdi><\/span><\/span>\n<\/a><\/li>\n<li class=\"product type-product post-6753 status-publish outofstock product_cat-110-140 product_cat-417 product_cat-berlin-pankow product_cat-eigentumswohnungen product_tag-erstbezug-nach-sanierung has-post-thumbnail shipping-taxable purchasable product-type-simple\">\n\t<a href=\"https:\/\/grossklein-immobilien.de\/de\/produkt\/sanierte-4-zi-wohnung-in-pankow\/\" class=\"woocommerce-LoopProduct-link woocommerce-loop-product__link\">\n\t<span class=\"wcsob_soldout\">VERKAUFT<\/span>\n\t<img decoding=\"async\" width=\"300\" height=\"300\" data-src=\"https:\/\/grossklein-immobilien.de\/de\/wp-content\/uploads\/2020\/01\/Foto-10.01.20-13-26-06-300x300.jpg\" class=\"attachment-woocommerce_thumbnail size-woocommerce_thumbnail lazyload\" alt=\"Sanierte 3-Zi Neubauwohnung in Berlin-Pankow verkauft durch Gross &amp; Klein Immobilien\" data-srcset=\"https:\/\/grossklein-immobilien.de\/de\/wp-content\/uploads\/2020\/01\/Foto-10.01.20-13-26-06-300x300.jpg 300w, https:\/\/grossklein-immobilien.de\/de\/wp-content\/uploads\/2020\/01\/Foto-10.01.20-13-26-06-150x150.jpg 150w, https:\/\/grossklein-immobilien.de\/de\/wp-content\/uploads\/2020\/01\/Foto-10.01.20-13-26-06-100x100.jpg 100w\" data-sizes=\"(max-width: 300px) 100vw, 300px\" src=\"data:image\/svg+xml;base64,PHN2ZyB3aWR0aD0iMSIgaGVpZ2h0PSIxIiB4bWxucz0iaHR0cDovL3d3dy53My5vcmcvMjAwMC9zdmciPjwvc3ZnPg==\" style=\"--smush-placeholder-width: 300px; --smush-placeholder-aspect-ratio: 300\/300;\" \/><h2 class=\"woocommerce-loop-product__title\">SANIERTE 4-ZI WOHNUNG MIT BALKON IN BERLIN-PANKOW<\/h2><ul><li>Standort: Berlin-Pankow<\/li><li>Zimmer: 4<\/li><li>Wohnfl\u00e4che: 109,00<\/li><li>Etage: 1. OG<\/li><\/ul>\n\t<span class=\"price\"><span class=\"woocommerce-Price-amount amount\"><bdi>469.000,00&nbsp;<span class=\"woocommerce-Price-currencySymbol\">&euro;<\/span><\/bdi><\/span><\/span>\n<\/a><\/li>\n<li class=\"product type-product post-26194 status-publish last instock product_cat-416 product_cat-70-110 product_cat-berlin-pankow product_cat-eigentumswohnungen product_cat-kapitalanlage shipping-taxable purchasable product-type-simple\">\n\t<a href=\"https:\/\/grossklein-immobilien.de\/de\/produkt\/vermietete-komfortwohnung\/\" class=\"woocommerce-LoopProduct-link woocommerce-loop-product__link\"><img decoding=\"async\" width=\"300\" height=\"300\" data-src=\"https:\/\/grossklein-immobilien.de\/de\/wp-content\/uploads\/woocommerce-placeholder-300x300.png\" class=\"woocommerce-placeholder wp-post-image lazyload\" alt=\"Platzhalter\" data-srcset=\"https:\/\/grossklein-immobilien.de\/de\/wp-content\/uploads\/woocommerce-placeholder-300x300.png 300w, https:\/\/grossklein-immobilien.de\/de\/wp-content\/uploads\/woocommerce-placeholder-100x100.png 100w, https:\/\/grossklein-immobilien.de\/de\/wp-content\/uploads\/woocommerce-placeholder.png 1200w\" data-sizes=\"(max-width: 300px) 100vw, 300px\" src=\"data:image\/svg+xml;base64,PHN2ZyB3aWR0aD0iMSIgaGVpZ2h0PSIxIiB4bWxucz0iaHR0cDovL3d3dy53My5vcmcvMjAwMC9zdmciPjwvc3ZnPg==\" style=\"--smush-placeholder-width: 300px; --smush-placeholder-aspect-ratio: 300\/300;\" \/><h2 class=\"woocommerce-loop-product__title\">VERMIETETE NEUBAUWOHNUNG MIT BALKON &#038; STELLPLATZ<\/h2><ul><li>Standort: Berlin-Pankow<\/li><li>Zimmer: 3<\/li><li>Wohnfl\u00e4che: 85,00<\/li><li>Etage: 1<\/li><\/ul>\n\t<span class=\"price\"><span class=\"woocommerce-Price-amount amount\"><bdi>319.000,00&nbsp;<span class=\"woocommerce-Price-currencySymbol\">&euro;<\/span><\/bdi><\/span><\/span>\n<\/a><\/li>\n<li class=\"product type-product post-4947 status-publish first outofstock product_cat-416 product_cat-70-110 product_cat-prenzlauer-berg product_cat-eigentumswohnungen product_tag-klassische-altbauwohnung has-post-thumbnail shipping-taxable purchasable product-type-simple\">\n\t<a href=\"https:\/\/grossklein-immobilien.de\/de\/produkt\/edle-altbau-wohnung-in-prenzlauer-berg\/\" class=\"woocommerce-LoopProduct-link woocommerce-loop-product__link\">\n\t<span class=\"wcsob_soldout\">VERKAUFT<\/span>\n\t<img decoding=\"async\" width=\"300\" height=\"300\" data-src=\"https:\/\/grossklein-immobilien.de\/de\/wp-content\/uploads\/2017\/08\/IMG_0258-300x300.jpg\" class=\"attachment-woocommerce_thumbnail size-woocommerce_thumbnail lazyload\" alt=\"\" data-srcset=\"https:\/\/grossklein-immobilien.de\/de\/wp-content\/uploads\/2017\/08\/IMG_0258-300x300.jpg 300w, https:\/\/grossklein-immobilien.de\/de\/wp-content\/uploads\/2017\/08\/IMG_0258-100x100.jpg 100w, https:\/\/grossklein-immobilien.de\/de\/wp-content\/uploads\/2017\/08\/IMG_0258-150x150.jpg 150w\" data-sizes=\"(max-width: 300px) 100vw, 300px\" src=\"data:image\/svg+xml;base64,PHN2ZyB3aWR0aD0iMSIgaGVpZ2h0PSIxIiB4bWxucz0iaHR0cDovL3d3dy53My5vcmcvMjAwMC9zdmciPjwvc3ZnPg==\" style=\"--smush-placeholder-width: 300px; --smush-placeholder-aspect-ratio: 300\/300;\" \/><h2 class=\"woocommerce-loop-product__title\">EDLE ALTBAU WOHNUNG IN PRENZLAUER BERG<\/h2><ul><li>Standort: Berlin Prenzlauer Berg<\/li><li>Zimmer: 3<\/li><li>Wohnfl\u00e4che: 94<\/li><li>Etage: 2<\/li><\/ul>\n\t<span class=\"price\"><span class=\"woocommerce-Price-amount amount\"><bdi>749.000,00&nbsp;<span class=\"woocommerce-Price-currencySymbol\">&euro;<\/span><\/bdi><\/span><\/span>\n<\/a><\/li>\n<\/ul>\n<\/div><div style=\"height:16px\" aria-hidden=\"true\" class=\"wp-block-spacer\"><\/div><h2 class=\"wp-block-heading has-text-align-center has-black-color has-text-color has-link-color wp-elements-bf948ef38c08945912dafc6d26729b1e\">Wohnen &amp; investieren in Prenzlauer Berg<\/h2><div style=\"height:8px\" aria-hidden=\"true\" class=\"wp-block-spacer\"><\/div><p style=\"text-align: justify;\" data-start=\"1193\" data-end=\"1536\">Prenzlauer Berg und Pankow z\u00e4hlen seit Jahren zu den stabilsten und zugleich begehrtesten Wohnlagen Berlins. W\u00e4hrend Prenzlauer Berg f\u00fcr seine <strong>historischen Altbauten, lebendige Kiezkultur und zentrale Lage<\/strong> bekannt ist, bietet Pankow ein ruhigeres, gr\u00fcneres Wohnumfeld mit hoher Lebensqualit\u00e4t \u2013 besonders gefragt bei Familien und Eigennutzern.<\/p>\n<p style=\"text-align: justify;\" data-start=\"1538\" data-end=\"1841\">F\u00fcr Kapitalanleger ergeben sich in beiden Stadtteilen attraktive Perspektiven: kontinuierliche Nachfrage, geringe Leerst\u00e4nde und eine solide Wertentwicklung. Eigentumswohnungen, Altbauwohnungen und gepflegte Bestandsimmobilien sind hier langfristig gefragt \u2013 sowohl zur Eigennutzung als auch als Anlage.<\/p><div style=\"height:16px\" aria-hidden=\"true\" class=\"wp-block-spacer\"><\/div><h2 class=\"wp-block-heading has-text-align-center has-black-color has-text-color has-link-color wp-elements-9a41c84267b599949268d7c90b86b2b8\">Unsere aktuellen Immobilien in Prenzlauer Berg &amp; Pankow<\/h2><div style=\"height:8px\" aria-hidden=\"true\" class=\"wp-block-spacer\"><\/div><p style=\"text-align: justify;\" data-start=\"316\" data-end=\"681\">Die auf dieser Seite dargestellten Immobilienangebote spiegeln das breite Spektrum dieser beiden Stadtteile wider \u2013 von klassischen Altbauwohnungen im Prenzlauer Berg bis zu ruhigen Eigentumswohnungen in Pankow.&nbsp;<\/p>\n<p style=\"text-align: justify;\" data-start=\"316\" data-end=\"681\">Jedes Objekt wurde sorgf\u00e4ltig ausgew\u00e4hlt und wird mit vollst\u00e4ndigen Objektunterlagen, <strong>professioneller Darstellung<\/strong> und klaren Informationen pr\u00e4sentiert. So erhalten Sie einen <strong>strukturierten \u00dcberblick<\/strong> \u00fcber die aktuell verf\u00fcgbaren Immobilien in diesen beiden Wohnlagen.<\/p><div style=\"height:16px\" aria-hidden=\"true\" class=\"wp-block-spacer\"><\/div><h2 class=\"wp-block-heading has-text-align-center has-black-color has-text-color has-link-color wp-elements-4a77071b4831336f480837d6d6100570\">Eigentum in Prenzlauer Berg &amp; Pankow einordnen<\/h2><div style=\"height:8px\" aria-hidden=\"true\" class=\"wp-block-spacer\"><\/div><p style=\"text-align: justify;\" data-start=\"270\" data-end=\"631\">Viele Eigent\u00fcmer in Prenzlauer Berg und Pankow besch\u00e4ftigen sich \u2013 unabh\u00e4ngig von einem konkreten Verkaufswunsch \u2013 mit der Frage, wie sich ihre Immobilie im aktuellen Marktumfeld einordnet. Beide Stadtteile weisen <strong>unterschiedliche Preisniveaus, K\u00e4uferstrukturen und Nachfragesituationen<\/strong> auf, die sich je nach Kiez, Geb\u00e4udeart und Zustand deutlich unterscheiden.&nbsp;Weiterf\u00fchrende Informationen zu den jeweiligen Wohnlagen, zur Marktentwicklung und zu typischen Immobilien finden Sie auf unseren Standortseiten f\u00fcr:<\/p>\n<p style=\"text-align: center;\" data-start=\"2281\" data-end=\"2597\">\u2192 <a href=\"https:\/\/grossklein-immobilien.de\/de\/immobilienmakler-berlin-prenzlauer-berg\/\">Immobilienmakler Berlin Prenzlauer Berg<\/a><\/p>\n<p style=\"text-align: center;\" data-start=\"2281\" data-end=\"2597\">\u2192 <a href=\"https:\/\/grossklein-immobilien.de\/de\/immobilienmakler-berlin-pankow\/\">Immobilienmakler Berlin Pankow<\/a><\/p>\n<p style=\"text-align: justify;\">So erhalten Sie eine fundierte Orientierung zur eigenen Immobilie \u2013 unabh\u00e4ngig davon, ob ein Verkauf aktuell oder erst zu einem sp\u00e4teren Zeitpunkt relevant ist. <strong data-start=\"194\" data-end=\"222\">Gross &amp; Klein Immobilien<\/strong> steht f\u00fcr die Vermittlung <strong>hochwertiger Wohnimmobilien<\/strong> in ausgew\u00e4hlten Berliner Stadtteilen. Unser Fokus liegt auf Eigentumswohnungen, H\u00e4usern und Anlageimmobilien in gefragten Wohnlagen wie Prenzlauer Berg und Pankow \u2013 mit klarer Struktur, professioneller Darstellung und einer sorgf\u00e4ltigen Auswahl der angebotenen Objekte.<\/p>","protected":false},"excerpt":{"rendered":"<p>Immobilien in Pankow und Prenzlauer Berg Auf dieser Seite finden Sie eine Auswahl unserer aktuell verf\u00fcgbaren Immobilien in Prenzlauer Berg und Pankow. Dazu z\u00e4hlen Eigentumswohnungen, Altbauwohnungen, Penthouses sowie ausgew\u00e4hlte Anlageimmobilien in einem der beliebtesten Wohnumfelder im Berliner Nordosten. Erg\u00e4nzend dazu geben wir Ihnen einen kompakten Einblick in die Wohnlagen, Marktstrukturen und Immobilienarten in diesen beiden &hellip; <a href=\"https:\/\/grossklein-immobilien.de\/de\/immobilien-prenzlauer-berg-pankow\/\" class=\"more-link\"><span class=\"screen-reader-text\">Immobilien in Pankow und Prenzlauer Berg<\/span> weiterlesen <span class=\"meta-nav\">&rarr;<\/span><\/a><\/p>\n","protected":false},"author":2,"featured_media":0,"parent":0,"menu_order":0,"comment_status":"closed","ping_status":"closed","template":"","meta":{"_uag_custom_page_level_css":"","ngg_post_thumbnail":0,"footnotes":""},"class_list":["post-1422","page","type-page","status-publish","hentry"],"yoast_head":"<!-- This site is optimized with the Yoast SEO plugin v26.8 - https:\/\/yoast.com\/product\/yoast-seo-wordpress\/ -->\n<title>Immobilien in Prenzlauer Berg &amp; Pankow | Gross &amp; Klein Immobilien<\/title>\n<meta name=\"description\" content=\"Hochwertige Immobilienangebote in Prenzlauer Berg und Pankow: Wohnungen, Eigentumswohnungen und H\u00e4user in gefragten Berliner Wohnlagen.\" \/>\n<meta name=\"robots\" content=\"index, follow, max-snippet:-1, max-image-preview:large, max-video-preview:-1\" \/>\n<link rel=\"canonical\" href=\"https:\/\/grossklein-immobilien.de\/de\/immobilien-prenzlauer-berg-pankow\/\" \/>\n<meta property=\"og:locale\" content=\"de_DE\" \/>\n<meta property=\"og:type\" content=\"article\" \/>\n<meta property=\"og:title\" content=\"Immobilien in Prenzlauer Berg &amp; Pankow | Gross &amp; Klein Immobilien\" \/>\n<meta property=\"og:description\" content=\"Hochwertige Immobilienangebote in Prenzlauer Berg und Pankow: Wohnungen, Eigentumswohnungen und H\u00e4user in gefragten Berliner Wohnlagen.\" \/>\n<meta property=\"og:url\" content=\"https:\/\/grossklein-immobilien.de\/de\/immobilien-prenzlauer-berg-pankow\/\" \/>\n<meta property=\"article:publisher\" content=\"https:\/\/www.facebook.com\/TOMIC-IMMOBILIEN-110945718988806\/\" \/>\n<meta property=\"article:modified_time\" content=\"2026-02-06T09:57:42+00:00\" \/>\n<meta name=\"twitter:card\" content=\"summary_large_image\" \/>\n<meta name=\"twitter:site\" content=\"@draz_tomic\" \/>\n<meta name=\"twitter:label1\" content=\"Gesch\u00e4tzte Lesezeit\" \/>\n\t<meta name=\"twitter:data1\" content=\"3\u00a0Minuten\" \/>\n<script type=\"application\/ld+json\" class=\"yoast-schema-graph\">{\"@context\":\"https:\/\/schema.org\",\"@graph\":[{\"@type\":\"WebPage\",\"@id\":\"https:\/\/grossklein-immobilien.de\/de\/immobilien-prenzlauer-berg-pankow\/\",\"url\":\"https:\/\/grossklein-immobilien.de\/de\/immobilien-prenzlauer-berg-pankow\/\",\"name\":\"Immobilien in Prenzlauer Berg & Pankow | Gross & Klein Immobilien\",\"isPartOf\":{\"@id\":\"https:\/\/grossklein-immobilien.de\/de\/#website\"},\"datePublished\":\"2016-04-19T13:35:39+00:00\",\"dateModified\":\"2026-02-06T09:57:42+00:00\",\"description\":\"Hochwertige Immobilienangebote in Prenzlauer Berg und Pankow: Wohnungen, Eigentumswohnungen und H\u00e4user in gefragten Berliner Wohnlagen.\",\"breadcrumb\":{\"@id\":\"https:\/\/grossklein-immobilien.de\/de\/immobilien-prenzlauer-berg-pankow\/#breadcrumb\"},\"inLanguage\":\"de\",\"potentialAction\":[{\"@type\":\"ReadAction\",\"target\":[\"https:\/\/grossklein-immobilien.de\/de\/immobilien-prenzlauer-berg-pankow\/\"]}]},{\"@type\":\"BreadcrumbList\",\"@id\":\"https:\/\/grossklein-immobilien.de\/de\/immobilien-prenzlauer-berg-pankow\/#breadcrumb\",\"itemListElement\":[{\"@type\":\"ListItem\",\"position\":1,\"name\":\"Home\",\"item\":\"https:\/\/grossklein-immobilien.de\/de\/\"},{\"@type\":\"ListItem\",\"position\":2,\"name\":\"Immobilien in Pankow und Prenzlauer Berg\"}]},{\"@type\":\"WebSite\",\"@id\":\"https:\/\/grossklein-immobilien.de\/de\/#website\",\"url\":\"https:\/\/grossklein-immobilien.de\/de\/\",\"name\":\"\",\"description\":\"\",\"potentialAction\":[{\"@type\":\"SearchAction\",\"target\":{\"@type\":\"EntryPoint\",\"urlTemplate\":\"https:\/\/grossklein-immobilien.de\/de\/?s={search_term_string}\"},\"query-input\":{\"@type\":\"PropertyValueSpecification\",\"valueRequired\":true,\"valueName\":\"search_term_string\"}}],\"inLanguage\":\"de\"}]}<\/script>\n<!-- \/ Yoast SEO plugin. -->","yoast_head_json":{"title":"Immobilien in Prenzlauer Berg & Pankow | Gross & Klein Immobilien","description":"Hochwertige Immobilienangebote in Prenzlauer Berg und Pankow: Wohnungen, Eigentumswohnungen und H\u00e4user in gefragten Berliner Wohnlagen.","robots":{"index":"index","follow":"follow","max-snippet":"max-snippet:-1","max-image-preview":"max-image-preview:large","max-video-preview":"max-video-preview:-1"},"canonical":"https:\/\/grossklein-immobilien.de\/de\/immobilien-prenzlauer-berg-pankow\/","og_locale":"de_DE","og_type":"article","og_title":"Immobilien in Prenzlauer Berg & Pankow | Gross & Klein Immobilien","og_description":"Hochwertige Immobilienangebote in Prenzlauer Berg und Pankow: Wohnungen, Eigentumswohnungen und H\u00e4user in gefragten Berliner Wohnlagen.","og_url":"https:\/\/grossklein-immobilien.de\/de\/immobilien-prenzlauer-berg-pankow\/","article_publisher":"https:\/\/www.facebook.com\/TOMIC-IMMOBILIEN-110945718988806\/","article_modified_time":"2026-02-06T09:57:42+00:00","twitter_card":"summary_large_image","twitter_site":"@draz_tomic","twitter_misc":{"Gesch\u00e4tzte Lesezeit":"3\u00a0Minuten"},"schema":{"@context":"https:\/\/schema.org","@graph":[{"@type":"WebPage","@id":"https:\/\/grossklein-immobilien.de\/de\/immobilien-prenzlauer-berg-pankow\/","url":"https:\/\/grossklein-immobilien.de\/de\/immobilien-prenzlauer-berg-pankow\/","name":"Immobilien in Prenzlauer Berg & Pankow | Gross & Klein Immobilien","isPartOf":{"@id":"https:\/\/grossklein-immobilien.de\/de\/#website"},"datePublished":"2016-04-19T13:35:39+00:00","dateModified":"2026-02-06T09:57:42+00:00","description":"Hochwertige Immobilienangebote in Prenzlauer Berg und Pankow: Wohnungen, Eigentumswohnungen und H\u00e4user in gefragten Berliner Wohnlagen.","breadcrumb":{"@id":"https:\/\/grossklein-immobilien.de\/de\/immobilien-prenzlauer-berg-pankow\/#breadcrumb"},"inLanguage":"de","potentialAction":[{"@type":"ReadAction","target":["https:\/\/grossklein-immobilien.de\/de\/immobilien-prenzlauer-berg-pankow\/"]}]},{"@type":"BreadcrumbList","@id":"https:\/\/grossklein-immobilien.de\/de\/immobilien-prenzlauer-berg-pankow\/#breadcrumb","itemListElement":[{"@type":"ListItem","position":1,"name":"Home","item":"https:\/\/grossklein-immobilien.de\/de\/"},{"@type":"ListItem","position":2,"name":"Immobilien in Pankow und Prenzlauer Berg"}]},{"@type":"WebSite","@id":"https:\/\/grossklein-immobilien.de\/de\/#website","url":"https:\/\/grossklein-immobilien.de\/de\/","name":"","description":"","potentialAction":[{"@type":"SearchAction","target":{"@type":"EntryPoint","urlTemplate":"https:\/\/grossklein-immobilien.de\/de\/?s={search_term_string}"},"query-input":{"@type":"PropertyValueSpecification","valueRequired":true,"valueName":"search_term_string"}}],"inLanguage":"de"}]}},"uagb_featured_image_src":{"full":false,"thumbnail":false,"medium":false,"medium_large":false,"large":false,"1536x1536":false,"2048x2048":false,"post-thumbnail":false,"woocommerce_thumbnail":false,"woocommerce_single":false,"woocommerce_gallery_thumbnail":false},"uagb_author_info":{"display_name":"Drazan Tomic","author_link":"https:\/\/grossklein-immobilien.de\/de\/author\/tomic-autor\/"},"uagb_comment_info":0,"uagb_excerpt":"Immobilien in Pankow und Prenzlauer Berg Auf dieser Seite finden Sie eine Auswahl unserer aktuell verf\u00fcgbaren Immobilien in Prenzlauer Berg und Pankow. Dazu z\u00e4hlen Eigentumswohnungen, Altbauwohnungen, Penthouses sowie ausgew\u00e4hlte Anlageimmobilien in einem der beliebtesten Wohnumfelder im Berliner Nordosten. Erg\u00e4nzend dazu geben wir Ihnen einen kompakten Einblick in die Wohnlagen, Marktstrukturen und Immobilienarten in diesen beiden&hellip;","_links":{"self":[{"href":"https:\/\/grossklein-immobilien.de\/de\/wp-json\/wp\/v2\/pages\/1422","targetHints":{"allow":["GET"]}}],"collection":[{"href":"https:\/\/grossklein-immobilien.de\/de\/wp-json\/wp\/v2\/pages"}],"about":[{"href":"https:\/\/grossklein-immobilien.de\/de\/wp-json\/wp\/v2\/types\/page"}],"author":[{"embeddable":true,"href":"https:\/\/grossklein-immobilien.de\/de\/wp-json\/wp\/v2\/users\/2"}],"replies":[{"embeddable":true,"href":"https:\/\/grossklein-immobilien.de\/de\/wp-json\/wp\/v2\/comments?post=1422"}],"version-history":[{"count":26,"href":"https:\/\/grossklein-immobilien.de\/de\/wp-json\/wp\/v2\/pages\/1422\/revisions"}],"predecessor-version":[{"id":32848,"href":"https:\/\/grossklein-immobilien.de\/de\/wp-json\/wp\/v2\/pages\/1422\/revisions\/32848"}],"wp:attachment":[{"href":"https:\/\/grossklein-immobilien.de\/de\/wp-json\/wp\/v2\/media?parent=1422"}],"curies":[{"name":"wp","href":"https:\/\/api.w.org\/{rel}","templated":true}]}}