{"id":29814,"date":"2024-02-11T16:52:53","date_gmt":"2024-02-11T15:52:53","guid":{"rendered":"https:\/\/grossklein-immobilien.de\/de\/?page_id=29814"},"modified":"2026-02-17T17:40:43","modified_gmt":"2026-02-17T16:40:43","slug":"schillerstrasse-22-berlin-lichterfelde","status":"publish","type":"page","link":"https:\/\/grossklein-immobilien.de\/de\/schillerstrasse-22-berlin-lichterfelde\/","title":{"rendered":"Schillerstrasse 22 in Berlin-Lichterfelde"},"content":{"rendered":"<h2 class=\"wp-block-heading has-text-align-center has-black-color has-text-color\">Neubau mit 14 Wohnungen und Tiefgarage<\/h2><div style=\"height:40px\" aria-hidden=\"true\" class=\"wp-block-spacer\"><\/div><figure class=\"wp-block-gallery has-nested-images columns-default is-cropped wp-block-gallery-1 is-layout-flex wp-block-gallery-is-layout-flex\"><figure class=\"wp-block-image size-large is-style-default\"><img decoding=\"async\" width=\"840\" height=\"556\" data-id=\"29819\" data-src=\"https:\/\/grossklein-immobilien.de\/de\/wp-content\/uploads\/2024\/02\/hausnasicht-1.png\" alt=\"\" class=\"wp-image-29819 lazyload\" data-srcset=\"https:\/\/grossklein-immobilien.de\/de\/wp-content\/uploads\/2024\/02\/hausnasicht-1.png 840w, https:\/\/grossklein-immobilien.de\/de\/wp-content\/uploads\/2024\/02\/hausnasicht-1-300x199.png 300w\" data-sizes=\"(max-width: 840px) 100vw, 840px\" src=\"data:image\/svg+xml;base64,PHN2ZyB3aWR0aD0iMSIgaGVpZ2h0PSIxIiB4bWxucz0iaHR0cDovL3d3dy53My5vcmcvMjAwMC9zdmciPjwvc3ZnPg==\" style=\"--smush-placeholder-width: 840px; --smush-placeholder-aspect-ratio: 840\/556;\" \/><\/figure>\n\n<figure class=\"wp-block-image size-large is-style-default\"><img decoding=\"async\" width=\"967\" height=\"646\" data-id=\"29818\" data-src=\"https:\/\/grossklein-immobilien.de\/de\/wp-content\/uploads\/2024\/02\/Kueche.png\" alt=\"\" class=\"wp-image-29818 lazyload\" data-srcset=\"https:\/\/grossklein-immobilien.de\/de\/wp-content\/uploads\/2024\/02\/Kueche.png 967w, https:\/\/grossklein-immobilien.de\/de\/wp-content\/uploads\/2024\/02\/Kueche-300x200.png 300w\" data-sizes=\"(max-width: 967px) 100vw, 967px\" src=\"data:image\/svg+xml;base64,PHN2ZyB3aWR0aD0iMSIgaGVpZ2h0PSIxIiB4bWxucz0iaHR0cDovL3d3dy53My5vcmcvMjAwMC9zdmciPjwvc3ZnPg==\" style=\"--smush-placeholder-width: 967px; --smush-placeholder-aspect-ratio: 967\/646;\" \/><\/figure>\n\n<figure class=\"wp-block-image size-large is-style-default\"><img decoding=\"async\" width=\"943\" height=\"646\" data-id=\"29816\" data-src=\"https:\/\/grossklein-immobilien.de\/de\/wp-content\/uploads\/2024\/02\/Lage-1.png\" alt=\"\" class=\"wp-image-29816 lazyload\" data-srcset=\"https:\/\/grossklein-immobilien.de\/de\/wp-content\/uploads\/2024\/02\/Lage-1.png 943w, https:\/\/grossklein-immobilien.de\/de\/wp-content\/uploads\/2024\/02\/Lage-1-300x206.png 300w\" data-sizes=\"(max-width: 943px) 100vw, 943px\" src=\"data:image\/svg+xml;base64,PHN2ZyB3aWR0aD0iMSIgaGVpZ2h0PSIxIiB4bWxucz0iaHR0cDovL3d3dy53My5vcmcvMjAwMC9zdmciPjwvc3ZnPg==\" style=\"--smush-placeholder-width: 943px; --smush-placeholder-aspect-ratio: 943\/646;\" \/><\/figure>\n\n<figure class=\"wp-block-image size-large is-style-default\"><img decoding=\"async\" width=\"940\" height=\"667\" data-id=\"29821\" data-src=\"https:\/\/grossklein-immobilien.de\/de\/wp-content\/uploads\/2024\/02\/sideboard.png\" alt=\"\" class=\"wp-image-29821 lazyload\" data-srcset=\"https:\/\/grossklein-immobilien.de\/de\/wp-content\/uploads\/2024\/02\/sideboard.png 940w, https:\/\/grossklein-immobilien.de\/de\/wp-content\/uploads\/2024\/02\/sideboard-300x213.png 300w\" data-sizes=\"(max-width: 940px) 100vw, 940px\" src=\"data:image\/svg+xml;base64,PHN2ZyB3aWR0aD0iMSIgaGVpZ2h0PSIxIiB4bWxucz0iaHR0cDovL3d3dy53My5vcmcvMjAwMC9zdmciPjwvc3ZnPg==\" style=\"--smush-placeholder-width: 940px; --smush-placeholder-aspect-ratio: 940\/667;\" \/><\/figure>\n\n<figure class=\"wp-block-image size-large is-style-default\"><img decoding=\"async\" width=\"838\" height=\"622\" data-id=\"29820\" data-src=\"https:\/\/grossklein-immobilien.de\/de\/wp-content\/uploads\/2024\/02\/strassenseitig.png\" alt=\"\" class=\"wp-image-29820 lazyload\" data-srcset=\"https:\/\/grossklein-immobilien.de\/de\/wp-content\/uploads\/2024\/02\/strassenseitig.png 838w, https:\/\/grossklein-immobilien.de\/de\/wp-content\/uploads\/2024\/02\/strassenseitig-300x223.png 300w\" data-sizes=\"(max-width: 838px) 100vw, 838px\" src=\"data:image\/svg+xml;base64,PHN2ZyB3aWR0aD0iMSIgaGVpZ2h0PSIxIiB4bWxucz0iaHR0cDovL3d3dy53My5vcmcvMjAwMC9zdmciPjwvc3ZnPg==\" style=\"--smush-placeholder-width: 838px; --smush-placeholder-aspect-ratio: 838\/622;\" \/><\/figure>\n\n<figure class=\"wp-block-image size-large is-style-rounded\"><img decoding=\"async\" width=\"837\" height=\"555\" data-id=\"29817\" data-src=\"https:\/\/grossklein-immobilien.de\/de\/wp-content\/uploads\/2024\/02\/Screenshot-2024-02-10-113758.png\" alt=\"\" class=\"wp-image-29817 lazyload\" data-srcset=\"https:\/\/grossklein-immobilien.de\/de\/wp-content\/uploads\/2024\/02\/Screenshot-2024-02-10-113758.png 837w, https:\/\/grossklein-immobilien.de\/de\/wp-content\/uploads\/2024\/02\/Screenshot-2024-02-10-113758-300x199.png 300w\" data-sizes=\"(max-width: 837px) 100vw, 837px\" src=\"data:image\/svg+xml;base64,PHN2ZyB3aWR0aD0iMSIgaGVpZ2h0PSIxIiB4bWxucz0iaHR0cDovL3d3dy53My5vcmcvMjAwMC9zdmciPjwvc3ZnPg==\" style=\"--smush-placeholder-width: 837px; --smush-placeholder-aspect-ratio: 837\/555;\" \/><\/figure>\n\n<figure class=\"wp-block-image size-large is-style-default\"><img decoding=\"async\" width=\"949\" height=\"696\" data-id=\"29815\" data-src=\"https:\/\/grossklein-immobilien.de\/de\/wp-content\/uploads\/2024\/02\/Fakten-2.png\" alt=\"\" class=\"wp-image-29815 lazyload\" data-srcset=\"https:\/\/grossklein-immobilien.de\/de\/wp-content\/uploads\/2024\/02\/Fakten-2.png 949w, https:\/\/grossklein-immobilien.de\/de\/wp-content\/uploads\/2024\/02\/Fakten-2-300x220.png 300w\" data-sizes=\"(max-width: 949px) 100vw, 949px\" src=\"data:image\/svg+xml;base64,PHN2ZyB3aWR0aD0iMSIgaGVpZ2h0PSIxIiB4bWxucz0iaHR0cDovL3d3dy53My5vcmcvMjAwMC9zdmciPjwvc3ZnPg==\" style=\"--smush-placeholder-width: 949px; --smush-placeholder-aspect-ratio: 949\/696;\" \/><\/figure><\/figure><div style=\"height:80px\" aria-hidden=\"true\" class=\"wp-block-spacer\"><\/div><p style=\"text-align: center;\"><a class=\"maxbutton-13 maxbutton maxbutton-weitere-informationen-anfordern-2\" href=\"http:\/\/grossklein-immobilien.de\/de\/kontakt\/\"><span class='mb-text'>Weitere Informationen anfordern<\/span><\/a><\/p><div style=\"height:40px\" aria-hidden=\"true\" class=\"wp-block-spacer\"><\/div><h2 class=\"wp-block-heading has-text-align-center has-black-color has-text-color\">Verf\u00fcgbare Einheiten und Kaufpreise:<\/h2><div style=\"height:40px\" aria-hidden=\"true\" class=\"wp-block-spacer\"><\/div><table style=\"border-collapse: collapse; width: 100%; height: 231px;\">\n<tbody>\n<tr style=\"height: 93px;\">\n<td style=\"width: 10%; height: 93px;\"><strong>WE.-Nr.<\/strong><\/td>\n<td style=\"width: 10%; height: 93px;\"><strong>Geschoss<\/strong><\/td>\n<td style=\"width: 10%; height: 93px; text-align: center;\"><strong>Wohnfl\u00e4che in m\u00b2 + Terrasse\/Balkon<\/strong><\/td>\n<td style=\"width: 10%; height: 93px; text-align: center;\"><strong>Zimmer<\/strong><\/td>\n<td style=\"width: 10%; height: 93px;\"><strong>VKP\/m\u00b2<\/strong><\/td>\n<td style=\"width: 10.119%; height: 93px;\"><strong>Kaufpreis<\/strong><\/td>\n<td style=\"width: 9.88095%; height: 93px;\"><strong>Miete p.M.\/m\u00b2<\/strong><\/td>\n<td style=\"width: 10%; height: 93px;\"><strong>Nettokaltmiete \u20ac\/Monat<\/strong><\/td>\n<td style=\"width: 10%; height: 93px;\"><strong>Rendite<\/strong><\/td>\n<td style=\"width: 10%; height: 93px;\"><strong>Statuts<\/strong><\/td>\n<\/tr>\n<tr style=\"height: 23px;\">\n<td style=\"width: 10%; height: 23px;\">7<\/td>\n<td style=\"width: 10%; height: 23px;\">2.OG mitte\/links<\/td>\n<td style=\"width: 10%; height: 23px; text-align: center;\">50,22<\/td>\n<td style=\"width: 10%; height: 23px; text-align: center;\">2<\/td>\n<td style=\"width: 10%; height: 23px;\">8.350,00 \u20ac<\/td>\n<td style=\"width: 10.119%; height: 23px;\">419.337,00\u20ac<\/td>\n<td style=\"width: 9.88095%; height: 23px;\">30,00\u20ac<\/td>\n<td style=\"width: 10%; height: 23px;\">1.506,60\u20ac<\/td>\n<td style=\"width: 10%; height: 23px;\">4,13%<\/td>\n<td style=\"width: 10%; height: 23px;\"><span style=\"color: #ff0000;\">verkauft<\/span><\/td>\n<\/tr>\n<tr style=\"height: 23px;\">\n<td style=\"width: 10%; height: 23px;\">8<\/td>\n<td style=\"width: 10%; height: 23px;\">2.OG mitte\/rechts<\/td>\n<td style=\"width: 10%; height: 23px; text-align: center;\">48,7<\/td>\n<td style=\"width: 10%; height: 23px; text-align: center;\">2<\/td>\n<td style=\"width: 10%; height: 23px;\">8.350,00 \u20ac<\/td>\n<td style=\"width: 10.119%; height: 23px;\">406.645,00\u20ac<\/td>\n<td style=\"width: 9.88095%; height: 23px;\">30,00\u20ac<\/td>\n<td style=\"width: 10%; height: 23px;\">1.461,00\u20ac<\/td>\n<td style=\"width: 10%; height: 23px;\">4,12%<\/td>\n<td style=\"width: 10%; height: 23px;\"><span style=\"color: #ff0000;\">verkauft<\/span><\/td>\n<\/tr>\n<tr style=\"height: 23px;\">\n<td style=\"width: 10%; height: 23px;\">11<\/td>\n<td style=\"width: 10%; height: 23px;\">3.OG mitte\/links<\/td>\n<td style=\"width: 10%; height: 23px; text-align: center;\">50,23<\/td>\n<td style=\"width: 10%; height: 23px; text-align: center;\">2<\/td>\n<td style=\"width: 10%; height: 23px;\">8.350,00 \u20ac<\/td>\n<td style=\"width: 10.119%; height: 23px;\">419.420,00\u20ac<\/td>\n<td style=\"width: 9.88095%; height: 23px;\">30,00\u20ac<\/td>\n<td style=\"width: 10%; height: 23px;\">1.506,90\u20ac<\/td>\n<td style=\"width: 10%; height: 23px;\">4,13%<\/td>\n<td style=\"width: 10%; height: 23px;\"><span style=\"color: #ff0000;\">verkauft<\/span><\/td>\n<\/tr>\n<tr style=\"height: 23px;\">\n<td style=\"width: 10%; height: 23px;\">12<\/td>\n<td style=\"width: 10%; height: 23px;\">3.OG mitte\/rechts<\/td>\n<td style=\"width: 10%; height: 23px; text-align: center;\">48,70<\/td>\n<td style=\"width: 10%; height: 23px; text-align: center;\">2<\/td>\n<td style=\"width: 10%; height: 23px;\">8.350,00 \u20ac<\/td>\n<td style=\"width: 10.119%; height: 23px;\">406.645,00\u20ac<\/td>\n<td style=\"width: 9.88095%; height: 23px;\">30,00\u20ac<\/td>\n<td style=\"width: 10%; height: 23px;\">1.461,00\u20ac<\/td>\n<td style=\"width: 10%; height: 23px;\">4,12%<\/td>\n<td style=\"width: 10%; height: 23px;\"><span style=\"color: #ff0000;\">verkauft<\/span><\/td>\n<\/tr>\n<tr style=\"height: 23px;\">\n<td style=\"width: 10%; height: 23px;\">13<\/td>\n<td style=\"width: 10%; height: 23px;\">3.OG rechts<\/td>\n<td style=\"width: 10%; height: 23px; text-align: center;\">46,76<\/td>\n<td style=\"width: 10%; height: 23px; text-align: center;\">2<\/td>\n<td style=\"width: 10%; height: 23px;\">8.350,00 \u20ac<\/td>\n<td style=\"width: 10.119%; height: 23px;\">390.446,00\u20ac<\/td>\n<td style=\"width: 9.88095%; height: 23px;\">30,00\u20ac<\/td>\n<td style=\"width: 10%; height: 23px;\">1.402,80\u20ac<\/td>\n<td style=\"width: 10%; height: 23px;\">4,11%<\/td>\n<td style=\"width: 10%; height: 23px;\"><span style=\"color: #ff0000;\">verkauft<\/span><\/td>\n<\/tr>\n<tr style=\"height: 23px;\">\n<td style=\"width: 10%; height: 23px;\">14<\/td>\n<td style=\"width: 10%; height: 23px;\">DG<\/td>\n<td style=\"width: 10%; height: 23px; text-align: center;\">150,04<\/td>\n<td style=\"width: 10%; height: 23px; text-align: center;\">5<\/td>\n<td style=\"width: 10%; height: 23px;\">7.500,00 \u20ac<\/td>\n<td style=\"width: 10.119%; height: 23px;\">1.200.000,00\u20ac<\/td>\n<td style=\"width: 9.88095%; height: 23px;\">24,00\u20ac<\/td>\n<td style=\"width: 10%; height: 23px;\">3.675,98\u20ac<\/td>\n<td style=\"width: 10%; height: 23px;\">3,00%<\/td>\n<td style=\"width: 10%; height: 23px;\">verf\u00fcgbar!<\/td>\n<\/tr>\n<\/tbody>\n<\/table><div style=\"height:60px\" aria-hidden=\"true\" class=\"wp-block-spacer\"><\/div><h2 class=\"wp-block-heading has-text-align-center has-black-color has-text-color\">Sie m\u00f6chten weitere Informationen zum Projekt erhalten?<\/h2><p style=\"text-align: center;\">F\u00fcr alle Fragen rund um dieses Neubauprojekt stehen wir Ihnen pers\u00f6nlich Montag bis Freitag von 9.00 bis 18.00 Uhr sowie Samstag von 9.00 bis 16.00 Uhr zur Verf\u00fcgung. Kontaktieren Sie uns gerne telefonisch unter der Rufnummer <a title=\"Kontaktieren Sie uns pers\u00f6nlich per Telefon\" href=\"tel:+493022681912\"><strong>030 226 819 12<\/strong><\/a>, per E-Mail an <a title=\"Schreiben Sie uns eine E-Mail\" href=\"mailto:info@grossklein-immobilien.de\">info@grossklein-immobilien.de<\/a> oder \u00fcber unser <a title=\"Nutzen Sie unser Kontaktformular\" href=\"https:\/\/grossklein-immobilien.de\/de\/kontakt\/\">Kontaktformular.<\/a><\/p><div style=\"height:50px\" aria-hidden=\"true\" class=\"wp-block-spacer\"><\/div><h2 class=\"wp-block-heading has-text-align-center has-black-color has-text-color\">Lage<\/h2><p><iframe src=\"https:\/\/www.google.com\/maps\/embed?pb=!1m18!1m12!1m3!1d2432.9124196192843!2d13.319737312734892!3d52.42638457192027!2m3!1f0!2f0!3f0!3m2!1i1024!2i768!4f13.1!3m3!1m2!1s0x47a85ae15d91f593%3A0xa4820b3bd04c0549!2sSchillerstra%C3%9Fe%2022%2C%2012207%20Berlin!5e0!3m2!1sde!2sde!4v1707665909224!5m2!1sde!2sde\" width=\"1200\" height=\"650\" style=\"border:0;\" allowfullscreen=\"\" loading=\"lazy\" referrerpolicy=\"no-referrer-when-downgrade\"><\/iframe><\/p><div style=\"height:40px\" aria-hidden=\"true\" class=\"wp-block-spacer\"><\/div><p style=\"text-align: center;\"><a class=\"maxbutton-13 maxbutton maxbutton-weitere-informationen-anfordern-2\" href=\"http:\/\/grossklein-immobilien.de\/de\/kontakt\/\"><span class='mb-text'>Weitere Informationen anfordern<\/span><\/a><\/p>\n<p>&nbsp;<\/p>\n<p><a href=\"https:\/\/grossklein-immobilien.de\/de\/aktuelle-neubauprojekte\/\">\u2190 zur\u00fcck zu den Projekten<\/a><\/p>","protected":false},"excerpt":{"rendered":"<p>Neubau mit 14 Wohnungen und Tiefgarage Verf\u00fcgbare Einheiten und Kaufpreise: WE.-Nr. Geschoss Wohnfl\u00e4che in m\u00b2 + Terrasse\/Balkon Zimmer VKP\/m\u00b2 Kaufpreis Miete p.M.\/m\u00b2 Nettokaltmiete \u20ac\/Monat Rendite Statuts 7 2.OG mitte\/links 50,22 2 8.350,00 \u20ac 419.337,00\u20ac 30,00\u20ac 1.506,60\u20ac 4,13% verkauft 8 2.OG mitte\/rechts 48,7 2 8.350,00 \u20ac 406.645,00\u20ac 30,00\u20ac 1.461,00\u20ac 4,12% verkauft 11 3.OG mitte\/links 50,23 2 &hellip; <a href=\"https:\/\/grossklein-immobilien.de\/de\/schillerstrasse-22-berlin-lichterfelde\/\" class=\"more-link\"><span class=\"screen-reader-text\">Schillerstrasse 22 in Berlin-Lichterfelde<\/span> weiterlesen <span class=\"meta-nav\">&rarr;<\/span><\/a><\/p>\n","protected":false},"author":2,"featured_media":0,"parent":0,"menu_order":0,"comment_status":"closed","ping_status":"closed","template":"","meta":{"_uag_custom_page_level_css":"","ngg_post_thumbnail":0,"footnotes":""},"class_list":["post-29814","page","type-page","status-publish","hentry"],"yoast_head":"<!-- This site is optimized with the Yoast SEO plugin v26.8 - https:\/\/yoast.com\/product\/yoast-seo-wordpress\/ -->\n<title>Neubau mit 14 Wohnungen und TG-Pl\u00e4tzen in Berlin-Lichterfelde<\/title>\n<meta name=\"description\" content=\"Neubau mit 14 Wohnungen und TG-Pl\u00e4tzen in Berlin- Lichterfelde. Provisionsfreies Angebot. Jetzt informieren!\" \/>\n<meta name=\"robots\" content=\"index, follow, max-snippet:-1, max-image-preview:large, max-video-preview:-1\" \/>\n<link rel=\"canonical\" href=\"https:\/\/grossklein-immobilien.de\/de\/schillerstrasse-22-berlin-lichterfelde\/\" \/>\n<meta property=\"og:locale\" content=\"de_DE\" \/>\n<meta property=\"og:type\" content=\"article\" \/>\n<meta property=\"og:title\" content=\"Neubau mit 14 Wohnungen und TG-Pl\u00e4tzen in Berlin-Lichterfelde\" \/>\n<meta property=\"og:description\" content=\"Neubau mit 14 Wohnungen und TG-Pl\u00e4tzen in Berlin- Lichterfelde. Provisionsfreies Angebot. Jetzt informieren!\" \/>\n<meta property=\"og:url\" content=\"https:\/\/grossklein-immobilien.de\/de\/schillerstrasse-22-berlin-lichterfelde\/\" \/>\n<meta property=\"article:publisher\" content=\"https:\/\/www.facebook.com\/TOMIC-IMMOBILIEN-110945718988806\/\" \/>\n<meta property=\"article:modified_time\" content=\"2026-02-17T16:40:43+00:00\" \/>\n<meta property=\"og:image\" content=\"https:\/\/grossklein-immobilien.de\/de\/wp-content\/uploads\/2024\/02\/hausnasicht-1.png\" \/>\n\t<meta property=\"og:image:width\" content=\"840\" \/>\n\t<meta property=\"og:image:height\" content=\"556\" \/>\n\t<meta property=\"og:image:type\" content=\"image\/png\" \/>\n<meta name=\"twitter:card\" content=\"summary_large_image\" \/>\n<meta name=\"twitter:site\" content=\"@draz_tomic\" \/>\n<meta name=\"twitter:label1\" content=\"Gesch\u00e4tzte Lesezeit\" \/>\n\t<meta name=\"twitter:data1\" content=\"3\u00a0Minuten\" \/>\n<script type=\"application\/ld+json\" class=\"yoast-schema-graph\">{\"@context\":\"https:\/\/schema.org\",\"@graph\":[{\"@type\":\"WebPage\",\"@id\":\"https:\/\/grossklein-immobilien.de\/de\/schillerstrasse-22-berlin-lichterfelde\/\",\"url\":\"https:\/\/grossklein-immobilien.de\/de\/schillerstrasse-22-berlin-lichterfelde\/\",\"name\":\"Neubau mit 14 Wohnungen und TG-Pl\u00e4tzen in Berlin-Lichterfelde\",\"isPartOf\":{\"@id\":\"https:\/\/grossklein-immobilien.de\/de\/#website\"},\"primaryImageOfPage\":{\"@id\":\"https:\/\/grossklein-immobilien.de\/de\/schillerstrasse-22-berlin-lichterfelde\/#primaryimage\"},\"image\":{\"@id\":\"https:\/\/grossklein-immobilien.de\/de\/schillerstrasse-22-berlin-lichterfelde\/#primaryimage\"},\"thumbnailUrl\":\"https:\/\/grossklein-immobilien.de\/de\/wp-content\/uploads\/2024\/02\/hausnasicht-1.png\",\"datePublished\":\"2024-02-11T15:52:53+00:00\",\"dateModified\":\"2026-02-17T16:40:43+00:00\",\"description\":\"Neubau mit 14 Wohnungen und TG-Pl\u00e4tzen in Berlin- Lichterfelde. Provisionsfreies Angebot. Jetzt informieren!\",\"breadcrumb\":{\"@id\":\"https:\/\/grossklein-immobilien.de\/de\/schillerstrasse-22-berlin-lichterfelde\/#breadcrumb\"},\"inLanguage\":\"de\",\"potentialAction\":[{\"@type\":\"ReadAction\",\"target\":[\"https:\/\/grossklein-immobilien.de\/de\/schillerstrasse-22-berlin-lichterfelde\/\"]}]},{\"@type\":\"ImageObject\",\"inLanguage\":\"de\",\"@id\":\"https:\/\/grossklein-immobilien.de\/de\/schillerstrasse-22-berlin-lichterfelde\/#primaryimage\",\"url\":\"https:\/\/grossklein-immobilien.de\/de\/wp-content\/uploads\/2024\/02\/hausnasicht-1.png\",\"contentUrl\":\"https:\/\/grossklein-immobilien.de\/de\/wp-content\/uploads\/2024\/02\/hausnasicht-1.png\",\"width\":840,\"height\":556},{\"@type\":\"BreadcrumbList\",\"@id\":\"https:\/\/grossklein-immobilien.de\/de\/schillerstrasse-22-berlin-lichterfelde\/#breadcrumb\",\"itemListElement\":[{\"@type\":\"ListItem\",\"position\":1,\"name\":\"Home\",\"item\":\"https:\/\/grossklein-immobilien.de\/de\/\"},{\"@type\":\"ListItem\",\"position\":2,\"name\":\"Schillerstrasse 22 in Berlin-Lichterfelde\"}]},{\"@type\":\"WebSite\",\"@id\":\"https:\/\/grossklein-immobilien.de\/de\/#website\",\"url\":\"https:\/\/grossklein-immobilien.de\/de\/\",\"name\":\"\",\"description\":\"\",\"potentialAction\":[{\"@type\":\"SearchAction\",\"target\":{\"@type\":\"EntryPoint\",\"urlTemplate\":\"https:\/\/grossklein-immobilien.de\/de\/?s={search_term_string}\"},\"query-input\":{\"@type\":\"PropertyValueSpecification\",\"valueRequired\":true,\"valueName\":\"search_term_string\"}}],\"inLanguage\":\"de\"}]}<\/script>\n<!-- \/ Yoast SEO plugin. -->","yoast_head_json":{"title":"Neubau mit 14 Wohnungen und TG-Pl\u00e4tzen in Berlin-Lichterfelde","description":"Neubau mit 14 Wohnungen und TG-Pl\u00e4tzen in Berlin- Lichterfelde. Provisionsfreies Angebot. Jetzt informieren!","robots":{"index":"index","follow":"follow","max-snippet":"max-snippet:-1","max-image-preview":"max-image-preview:large","max-video-preview":"max-video-preview:-1"},"canonical":"https:\/\/grossklein-immobilien.de\/de\/schillerstrasse-22-berlin-lichterfelde\/","og_locale":"de_DE","og_type":"article","og_title":"Neubau mit 14 Wohnungen und TG-Pl\u00e4tzen in Berlin-Lichterfelde","og_description":"Neubau mit 14 Wohnungen und TG-Pl\u00e4tzen in Berlin- Lichterfelde. Provisionsfreies Angebot. Jetzt informieren!","og_url":"https:\/\/grossklein-immobilien.de\/de\/schillerstrasse-22-berlin-lichterfelde\/","article_publisher":"https:\/\/www.facebook.com\/TOMIC-IMMOBILIEN-110945718988806\/","article_modified_time":"2026-02-17T16:40:43+00:00","og_image":[{"width":840,"height":556,"url":"https:\/\/grossklein-immobilien.de\/de\/wp-content\/uploads\/2024\/02\/hausnasicht-1.png","type":"image\/png"}],"twitter_card":"summary_large_image","twitter_site":"@draz_tomic","twitter_misc":{"Gesch\u00e4tzte Lesezeit":"3\u00a0Minuten"},"schema":{"@context":"https:\/\/schema.org","@graph":[{"@type":"WebPage","@id":"https:\/\/grossklein-immobilien.de\/de\/schillerstrasse-22-berlin-lichterfelde\/","url":"https:\/\/grossklein-immobilien.de\/de\/schillerstrasse-22-berlin-lichterfelde\/","name":"Neubau mit 14 Wohnungen und TG-Pl\u00e4tzen in Berlin-Lichterfelde","isPartOf":{"@id":"https:\/\/grossklein-immobilien.de\/de\/#website"},"primaryImageOfPage":{"@id":"https:\/\/grossklein-immobilien.de\/de\/schillerstrasse-22-berlin-lichterfelde\/#primaryimage"},"image":{"@id":"https:\/\/grossklein-immobilien.de\/de\/schillerstrasse-22-berlin-lichterfelde\/#primaryimage"},"thumbnailUrl":"https:\/\/grossklein-immobilien.de\/de\/wp-content\/uploads\/2024\/02\/hausnasicht-1.png","datePublished":"2024-02-11T15:52:53+00:00","dateModified":"2026-02-17T16:40:43+00:00","description":"Neubau mit 14 Wohnungen und TG-Pl\u00e4tzen in Berlin- Lichterfelde. Provisionsfreies Angebot. Jetzt informieren!","breadcrumb":{"@id":"https:\/\/grossklein-immobilien.de\/de\/schillerstrasse-22-berlin-lichterfelde\/#breadcrumb"},"inLanguage":"de","potentialAction":[{"@type":"ReadAction","target":["https:\/\/grossklein-immobilien.de\/de\/schillerstrasse-22-berlin-lichterfelde\/"]}]},{"@type":"ImageObject","inLanguage":"de","@id":"https:\/\/grossklein-immobilien.de\/de\/schillerstrasse-22-berlin-lichterfelde\/#primaryimage","url":"https:\/\/grossklein-immobilien.de\/de\/wp-content\/uploads\/2024\/02\/hausnasicht-1.png","contentUrl":"https:\/\/grossklein-immobilien.de\/de\/wp-content\/uploads\/2024\/02\/hausnasicht-1.png","width":840,"height":556},{"@type":"BreadcrumbList","@id":"https:\/\/grossklein-immobilien.de\/de\/schillerstrasse-22-berlin-lichterfelde\/#breadcrumb","itemListElement":[{"@type":"ListItem","position":1,"name":"Home","item":"https:\/\/grossklein-immobilien.de\/de\/"},{"@type":"ListItem","position":2,"name":"Schillerstrasse 22 in Berlin-Lichterfelde"}]},{"@type":"WebSite","@id":"https:\/\/grossklein-immobilien.de\/de\/#website","url":"https:\/\/grossklein-immobilien.de\/de\/","name":"","description":"","potentialAction":[{"@type":"SearchAction","target":{"@type":"EntryPoint","urlTemplate":"https:\/\/grossklein-immobilien.de\/de\/?s={search_term_string}"},"query-input":{"@type":"PropertyValueSpecification","valueRequired":true,"valueName":"search_term_string"}}],"inLanguage":"de"}]}},"uagb_featured_image_src":{"full":false,"thumbnail":false,"medium":false,"medium_large":false,"large":false,"1536x1536":false,"2048x2048":false,"post-thumbnail":false,"woocommerce_thumbnail":false,"woocommerce_single":false,"woocommerce_gallery_thumbnail":false},"uagb_author_info":{"display_name":"Drazan Tomic","author_link":"https:\/\/grossklein-immobilien.de\/de\/author\/tomic-autor\/"},"uagb_comment_info":0,"uagb_excerpt":"Neubau mit 14 Wohnungen und Tiefgarage Verf\u00fcgbare Einheiten und Kaufpreise: WE.-Nr. Geschoss Wohnfl\u00e4che in m\u00b2 + Terrasse\/Balkon Zimmer VKP\/m\u00b2 Kaufpreis Miete p.M.\/m\u00b2 Nettokaltmiete \u20ac\/Monat Rendite Statuts 7 2.OG mitte\/links 50,22 2 8.350,00 \u20ac 419.337,00\u20ac 30,00\u20ac 1.506,60\u20ac 4,13% verkauft 8 2.OG mitte\/rechts 48,7 2 8.350,00 \u20ac 406.645,00\u20ac 30,00\u20ac 1.461,00\u20ac 4,12% verkauft 11 3.OG mitte\/links 50,23 2&hellip;","_links":{"self":[{"href":"https:\/\/grossklein-immobilien.de\/de\/wp-json\/wp\/v2\/pages\/29814","targetHints":{"allow":["GET"]}}],"collection":[{"href":"https:\/\/grossklein-immobilien.de\/de\/wp-json\/wp\/v2\/pages"}],"about":[{"href":"https:\/\/grossklein-immobilien.de\/de\/wp-json\/wp\/v2\/types\/page"}],"author":[{"embeddable":true,"href":"https:\/\/grossklein-immobilien.de\/de\/wp-json\/wp\/v2\/users\/2"}],"replies":[{"embeddable":true,"href":"https:\/\/grossklein-immobilien.de\/de\/wp-json\/wp\/v2\/comments?post=29814"}],"version-history":[{"count":12,"href":"https:\/\/grossklein-immobilien.de\/de\/wp-json\/wp\/v2\/pages\/29814\/revisions"}],"predecessor-version":[{"id":33001,"href":"https:\/\/grossklein-immobilien.de\/de\/wp-json\/wp\/v2\/pages\/29814\/revisions\/33001"}],"wp:attachment":[{"href":"https:\/\/grossklein-immobilien.de\/de\/wp-json\/wp\/v2\/media?parent=29814"}],"curies":[{"name":"wp","href":"https:\/\/api.w.org\/{rel}","templated":true}]}}