{"id":32592,"date":"2026-01-14T09:55:44","date_gmt":"2026-01-14T08:55:44","guid":{"rendered":"https:\/\/grossklein-immobilien.de\/de\/?page_id=32592"},"modified":"2026-02-16T14:27:43","modified_gmt":"2026-02-16T13:27:43","slug":"immobilienmakler-berlin-lichterfelde-west","status":"publish","type":"page","link":"https:\/\/grossklein-immobilien.de\/de\/immobilienmakler-berlin-lichterfelde-west\/","title":{"rendered":"Lichterfelde West"},"content":{"rendered":"<h1 class=\"wp-block-heading has-text-align-center has-black-color has-text-color has-link-color wp-elements-619352f991925320c2a655eba59c1d89\">Immobilienmakler Lichterfelde-West | Villen &amp; H\u00e4user verkaufen<\/h1><p style=\"text-align: center;\"><strong>Gross &amp; Klein Immobilien&nbsp;<\/strong><\/p><div style=\"height:30px\" aria-hidden=\"true\" class=\"wp-block-spacer\"><\/div><div class=\"wp-block-columns is-layout-flex wp-container-core-columns-is-layout-1 wp-block-columns-is-layout-flex\"><div class=\"wp-block-column is-layout-flow wp-block-column-is-layout-flow\" style=\"flex-basis:40%\"><figure class=\"wp-block-image size-large\"><img decoding=\"async\" width=\"1024\" height=\"683\" data-src=\"https:\/\/grossklein-immobilien.de\/de\/wp-content\/uploads\/2026\/01\/villa-lichterfelde-west-1024x683.webp\" alt=\"Villa in Berlin-Lichterfelde-West \u2013 ruhige Wohnlage mit gro\u00dfz\u00fcgigen Grundst\u00fccken\" class=\"wp-image-32595 lazyload\" data-srcset=\"https:\/\/grossklein-immobilien.de\/de\/wp-content\/uploads\/2026\/01\/villa-lichterfelde-west-1024x683.webp 1024w, https:\/\/grossklein-immobilien.de\/de\/wp-content\/uploads\/2026\/01\/villa-lichterfelde-west-300x200.webp 300w, https:\/\/grossklein-immobilien.de\/de\/wp-content\/uploads\/2026\/01\/villa-lichterfelde-west.webp 1200w\" data-sizes=\"(max-width: 1024px) 100vw, 1024px\" src=\"data:image\/svg+xml;base64,PHN2ZyB3aWR0aD0iMSIgaGVpZ2h0PSIxIiB4bWxucz0iaHR0cDovL3d3dy53My5vcmcvMjAwMC9zdmciPjwvc3ZnPg==\" style=\"--smush-placeholder-width: 1024px; --smush-placeholder-aspect-ratio: 1024\/683;\" \/><\/figure><\/div>\n\n<div class=\"wp-block-column is-layout-flow wp-block-column-is-layout-flow\" style=\"flex-basis:50%\"><p style=\"text-align: justify;\" data-start=\"570\" data-end=\"891\">Als Immobilienmakler in Lichterfelde-West begleiten wir Eigent\u00fcmer beim Verkauf von <strong data-start=\"658\" data-end=\"720\">Villen, Einfamilienh\u00e4usern und hochwertigen Wohnimmobilien<\/strong> in einer der begehrtesten Wohnlagen im Berliner S\u00fcdwesten. Lichterfelde-West steht f\u00fcr gro\u00dfz\u00fcgige Grundst\u00fccke, historische Villen und ein ruhiges, gehobenes Wohnumfeld.<\/p>\n<p style=\"text-align: justify;\" data-start=\"898\" data-end=\"1079\">Gross &amp; Klein Immobilien unterst\u00fctzt Eigent\u00fcmer in Lichterfelde-West pers\u00f6nlich, strukturiert und marktgerecht \u2013 von der fundierten Wertermittlung bis zur erfolgreichen Beurkundung.<\/p>\n<p style=\"text-align: center;\" data-start=\"898\" data-end=\"1079\">\u2192 <a href=\"https:\/\/grossklein-immobilien.de\/de\/kontakt\/\">Unverbindlich beraten lassen<\/a><\/p><\/div><\/div><div style=\"height:30px\" aria-hidden=\"true\" class=\"wp-block-spacer\"><\/div><h2 class=\"wp-block-heading has-text-align-center has-black-color has-text-color has-link-color wp-elements-f72dccfba615f0bf0474cb30e319e1da\">Villen, Einfamilienh\u00e4user &amp; Grundst\u00fccke in Lichterfelde-West verkaufen<\/h2><div style=\"height:18px\" aria-hidden=\"true\" class=\"wp-block-spacer\"><\/div><p style=\"text-align: justify;\" data-start=\"1200\" data-end=\"1484\">Lichterfelde-West ist gepr\u00e4gt von repr\u00e4sentativen Altbauvillen, gepflegten Einfamilienh\u00e4usern und gro\u00dfz\u00fcgigen Grundst\u00fccken. Die N\u00e4he zu Dahlem, Zehlendorf und dem Grunewald macht den Stadtteil besonders attraktiv f\u00fcr K\u00e4ufer, die ruhiges Wohnen mit guter Anbindung verbinden m\u00f6chten.<\/p>\n<p style=\"text-align: justify;\" data-start=\"1491\" data-end=\"1640\">Als erfahrener Immobilienmakler f\u00fcr Lichterfelde-West sorgen wir daf\u00fcr, dass Ihre Immobilie zielgerichtet und wertorientiert am Markt platziert wird.<\/p><div style=\"height:20px\" aria-hidden=\"true\" class=\"wp-block-spacer\"><\/div><h2 class=\"wp-block-heading has-text-align-center has-black-color has-text-color has-link-color wp-elements-eb9da4937de0dfa33fdcdafa31d19a57\">Immobilienmarkt Lichterfelde-West \u2013 stabile Nachfrage in guter Lage<\/h2><div style=\"height:18px\" aria-hidden=\"true\" class=\"wp-block-spacer\"><\/div><p>Der Immobilienmarkt in Lichterfelde-West zeichnet sich durch eine konstante Nachfrage und stabile Immobilienwerte aus. Besonders Villen, Einfamilienh\u00e4user und Grundst\u00fccke in ruhigen Wohnstra\u00dfen erzielen eine hohe Nachfrage bei Eigennutzern und Kapitalanlegern.<\/p><div style=\"height:20px\" aria-hidden=\"true\" class=\"wp-block-spacer\"><\/div><h2 class=\"wp-block-heading has-text-align-center has-black-color has-text-color has-link-color wp-elements-4cc6b22953bba92a02e622df7099b5dd\">Wohnen in Lichterfelde-West<\/h2><div style=\"height:24px\" aria-hidden=\"true\" class=\"wp-block-spacer\"><\/div><div class=\"wp-block-columns is-layout-flex wp-container-core-columns-is-layout-2 wp-block-columns-is-layout-flex\"><div class=\"wp-block-column is-layout-flow wp-block-column-is-layout-flow\" style=\"flex-basis:40%\"><figure class=\"wp-block-image size-large\"><img decoding=\"async\" width=\"759\" height=\"768\" data-src=\"https:\/\/grossklein-immobilien.de\/de\/wp-content\/uploads\/2026\/01\/wohnen-lichterfelde-west-villa-759x768.webp\" alt=\"Villa in Berlin-Lichterfelde-West \u2013 klassische Wohnarchitektur in ruhiger Lage\" class=\"wp-image-32598 lazyload\" style=\"--smush-placeholder-width: 759px; --smush-placeholder-aspect-ratio: 759\/768;aspect-ratio:3\/2;object-fit:cover\" data-srcset=\"https:\/\/grossklein-immobilien.de\/de\/wp-content\/uploads\/2026\/01\/wohnen-lichterfelde-west-villa-759x768.webp 759w, https:\/\/grossklein-immobilien.de\/de\/wp-content\/uploads\/2026\/01\/wohnen-lichterfelde-west-villa-296x300.webp 296w, https:\/\/grossklein-immobilien.de\/de\/wp-content\/uploads\/2026\/01\/wohnen-lichterfelde-west-villa-1200x1214.webp 1200w, https:\/\/grossklein-immobilien.de\/de\/wp-content\/uploads\/2026\/01\/wohnen-lichterfelde-west-villa-100x100.webp 100w, https:\/\/grossklein-immobilien.de\/de\/wp-content\/uploads\/2026\/01\/wohnen-lichterfelde-west-villa.webp 1265w\" data-sizes=\"(max-width: 759px) 100vw, 759px\" src=\"data:image\/svg+xml;base64,PHN2ZyB3aWR0aD0iMSIgaGVpZ2h0PSIxIiB4bWxucz0iaHR0cDovL3d3dy53My5vcmcvMjAwMC9zdmciPjwvc3ZnPg==\" \/><\/figure><\/div>\n\n<div class=\"wp-block-column is-layout-flow wp-block-column-is-layout-flow\" style=\"flex-basis:60%\"><p style=\"text-align: justify;\">Lichterfelde-West steht f\u00fcr ruhiges, repr\u00e4sentatives Wohnen mit viel Gr\u00fcn und gro\u00dfz\u00fcgigen Grundst\u00fccken. Historische Villen, gepflegte H\u00e4user sowie die N\u00e4he zu <a href=\"https:\/\/grossklein-immobilien.de\/de\/immobilienmakler-berlin-dahlem\/\">Dahlem<\/a> und <a href=\"https:\/\/grossklein-immobilien.de\/de\/immobilienmakler-berlin-zehlendorf\/\">Zehlendorf<\/a> pr\u00e4gen das hochwertige Wohnumfeld<strong data-start=\"234\" data-end=\"453\">.<\/strong><\/p>\n<p style=\"text-align: justify;\">Besonders Familien, Unternehmer und anspruchsvolle Eigennutzer sch\u00e4tzen die Kombination aus Privatsph\u00e4re, guter Infrastruktur und der N\u00e4he zu renommierten Schulen, Parks und den gefragten Wohnlagen des Berliner S\u00fcdwestens.<\/p>\n<p style=\"text-align: justify;\">Die Lage verbindet auf besondere Weise urbane Erreichbarkeit mit entspanntem, villenartigem Wohnen \u2013 und z\u00e4hlt damit zu den begehrtesten Adressen im S\u00fcdwesten Berlins.<\/p><\/div><\/div><div style=\"height:30px\" aria-hidden=\"true\" class=\"wp-block-spacer\"><\/div><p style=\"text-align: center;\">\u2192&nbsp;<a href=\"https:\/\/grossklein-immobilien.de\/de\/kontakt\/\">Ihr Eigentum in Lichterfelde-West \u2013 unverbindlich &amp; pers\u00f6nlich beraten<\/a><\/p>","protected":false},"excerpt":{"rendered":"<p>Immobilienmakler Lichterfelde-West | Villen &amp; H\u00e4user verkaufen Gross &amp; Klein Immobilien&nbsp; Als Immobilienmakler in Lichterfelde-West begleiten wir Eigent\u00fcmer beim Verkauf von Villen, Einfamilienh\u00e4usern und hochwertigen Wohnimmobilien in einer der begehrtesten Wohnlagen im Berliner S\u00fcdwesten. Lichterfelde-West steht f\u00fcr gro\u00dfz\u00fcgige Grundst\u00fccke, historische Villen und ein ruhiges, gehobenes Wohnumfeld. Gross &amp; Klein Immobilien unterst\u00fctzt Eigent\u00fcmer in Lichterfelde-West pers\u00f6nlich, &hellip; <a href=\"https:\/\/grossklein-immobilien.de\/de\/immobilienmakler-berlin-lichterfelde-west\/\" class=\"more-link\"><span class=\"screen-reader-text\">Lichterfelde West<\/span> weiterlesen <span class=\"meta-nav\">&rarr;<\/span><\/a><\/p>\n","protected":false},"author":2,"featured_media":0,"parent":0,"menu_order":0,"comment_status":"closed","ping_status":"closed","template":"","meta":{"_uag_custom_page_level_css":"","ngg_post_thumbnail":0,"footnotes":""},"class_list":["post-32592","page","type-page","status-publish","hentry"],"yoast_head":"<!-- This site is optimized with the Yoast SEO plugin v26.8 - https:\/\/yoast.com\/product\/yoast-seo-wordpress\/ -->\n<title>Immobilienmakler Lichterfelde-West | Villen &amp; H\u00e4user<\/title>\n<meta name=\"description\" content=\"Immobilienmakler in Lichterfelde-West f\u00fcr Villen, H\u00e4user &amp; Grundst\u00fccke. Marktgerechte Bewertung, diskrete Vermarktung &amp; pers\u00f6nliche Beratung.\" \/>\n<meta name=\"robots\" content=\"index, follow, max-snippet:-1, max-image-preview:large, max-video-preview:-1\" \/>\n<link rel=\"canonical\" href=\"https:\/\/grossklein-immobilien.de\/de\/immobilienmakler-berlin-lichterfelde-west\/\" \/>\n<meta property=\"og:locale\" content=\"de_DE\" \/>\n<meta property=\"og:type\" content=\"article\" \/>\n<meta property=\"og:title\" content=\"Immobilienmakler Lichterfelde-West | Villen &amp; H\u00e4user\" \/>\n<meta property=\"og:description\" content=\"Immobilienmakler in Lichterfelde-West f\u00fcr Villen, H\u00e4user &amp; Grundst\u00fccke. Marktgerechte Bewertung, diskrete Vermarktung &amp; pers\u00f6nliche Beratung.\" \/>\n<meta property=\"og:url\" content=\"https:\/\/grossklein-immobilien.de\/de\/immobilienmakler-berlin-lichterfelde-west\/\" \/>\n<meta property=\"article:publisher\" content=\"https:\/\/www.facebook.com\/TOMIC-IMMOBILIEN-110945718988806\/\" \/>\n<meta property=\"article:modified_time\" content=\"2026-02-16T13:27:43+00:00\" \/>\n<meta property=\"og:image\" content=\"https:\/\/grossklein-immobilien.de\/de\/wp-content\/uploads\/2026\/01\/villa-lichterfelde-west.webp\" \/>\n\t<meta property=\"og:image:width\" content=\"1200\" \/>\n\t<meta property=\"og:image:height\" content=\"800\" \/>\n\t<meta property=\"og:image:type\" content=\"image\/webp\" \/>\n<meta name=\"twitter:card\" content=\"summary_large_image\" \/>\n<meta name=\"twitter:site\" content=\"@draz_tomic\" \/>\n<meta name=\"twitter:label1\" content=\"Gesch\u00e4tzte Lesezeit\" \/>\n\t<meta name=\"twitter:data1\" content=\"2\u00a0Minuten\" \/>\n<script type=\"application\/ld+json\" class=\"yoast-schema-graph\">{\"@context\":\"https:\/\/schema.org\",\"@graph\":[{\"@type\":\"WebPage\",\"@id\":\"https:\/\/grossklein-immobilien.de\/de\/immobilienmakler-berlin-lichterfelde-west\/\",\"url\":\"https:\/\/grossklein-immobilien.de\/de\/immobilienmakler-berlin-lichterfelde-west\/\",\"name\":\"Immobilienmakler Lichterfelde-West | Villen & H\u00e4user\",\"isPartOf\":{\"@id\":\"https:\/\/grossklein-immobilien.de\/de\/#website\"},\"primaryImageOfPage\":{\"@id\":\"https:\/\/grossklein-immobilien.de\/de\/immobilienmakler-berlin-lichterfelde-west\/#primaryimage\"},\"image\":{\"@id\":\"https:\/\/grossklein-immobilien.de\/de\/immobilienmakler-berlin-lichterfelde-west\/#primaryimage\"},\"thumbnailUrl\":\"https:\/\/grossklein-immobilien.de\/de\/wp-content\/uploads\/2026\/01\/villa-lichterfelde-west-1024x683.webp\",\"datePublished\":\"2026-01-14T08:55:44+00:00\",\"dateModified\":\"2026-02-16T13:27:43+00:00\",\"description\":\"Immobilienmakler in Lichterfelde-West f\u00fcr Villen, H\u00e4user & Grundst\u00fccke. Marktgerechte Bewertung, diskrete Vermarktung & pers\u00f6nliche Beratung.\",\"breadcrumb\":{\"@id\":\"https:\/\/grossklein-immobilien.de\/de\/immobilienmakler-berlin-lichterfelde-west\/#breadcrumb\"},\"inLanguage\":\"de\",\"potentialAction\":[{\"@type\":\"ReadAction\",\"target\":[\"https:\/\/grossklein-immobilien.de\/de\/immobilienmakler-berlin-lichterfelde-west\/\"]}]},{\"@type\":\"ImageObject\",\"inLanguage\":\"de\",\"@id\":\"https:\/\/grossklein-immobilien.de\/de\/immobilienmakler-berlin-lichterfelde-west\/#primaryimage\",\"url\":\"https:\/\/grossklein-immobilien.de\/de\/wp-content\/uploads\/2026\/01\/villa-lichterfelde-west.webp\",\"contentUrl\":\"https:\/\/grossklein-immobilien.de\/de\/wp-content\/uploads\/2026\/01\/villa-lichterfelde-west.webp\",\"width\":1200,\"height\":800},{\"@type\":\"BreadcrumbList\",\"@id\":\"https:\/\/grossklein-immobilien.de\/de\/immobilienmakler-berlin-lichterfelde-west\/#breadcrumb\",\"itemListElement\":[{\"@type\":\"ListItem\",\"position\":1,\"name\":\"Home\",\"item\":\"https:\/\/grossklein-immobilien.de\/de\/\"},{\"@type\":\"ListItem\",\"position\":2,\"name\":\"Lichterfelde West\"}]},{\"@type\":\"WebSite\",\"@id\":\"https:\/\/grossklein-immobilien.de\/de\/#website\",\"url\":\"https:\/\/grossklein-immobilien.de\/de\/\",\"name\":\"\",\"description\":\"\",\"potentialAction\":[{\"@type\":\"SearchAction\",\"target\":{\"@type\":\"EntryPoint\",\"urlTemplate\":\"https:\/\/grossklein-immobilien.de\/de\/?s={search_term_string}\"},\"query-input\":{\"@type\":\"PropertyValueSpecification\",\"valueRequired\":true,\"valueName\":\"search_term_string\"}}],\"inLanguage\":\"de\"}]}<\/script>\n<!-- \/ Yoast SEO plugin. -->","yoast_head_json":{"title":"Immobilienmakler Lichterfelde-West | Villen & H\u00e4user","description":"Immobilienmakler in Lichterfelde-West f\u00fcr Villen, H\u00e4user & Grundst\u00fccke. Marktgerechte Bewertung, diskrete Vermarktung & pers\u00f6nliche Beratung.","robots":{"index":"index","follow":"follow","max-snippet":"max-snippet:-1","max-image-preview":"max-image-preview:large","max-video-preview":"max-video-preview:-1"},"canonical":"https:\/\/grossklein-immobilien.de\/de\/immobilienmakler-berlin-lichterfelde-west\/","og_locale":"de_DE","og_type":"article","og_title":"Immobilienmakler Lichterfelde-West | Villen & H\u00e4user","og_description":"Immobilienmakler in Lichterfelde-West f\u00fcr Villen, H\u00e4user & Grundst\u00fccke. Marktgerechte Bewertung, diskrete Vermarktung & pers\u00f6nliche Beratung.","og_url":"https:\/\/grossklein-immobilien.de\/de\/immobilienmakler-berlin-lichterfelde-west\/","article_publisher":"https:\/\/www.facebook.com\/TOMIC-IMMOBILIEN-110945718988806\/","article_modified_time":"2026-02-16T13:27:43+00:00","og_image":[{"width":1200,"height":800,"url":"https:\/\/grossklein-immobilien.de\/de\/wp-content\/uploads\/2026\/01\/villa-lichterfelde-west.webp","type":"image\/webp"}],"twitter_card":"summary_large_image","twitter_site":"@draz_tomic","twitter_misc":{"Gesch\u00e4tzte Lesezeit":"2\u00a0Minuten"},"schema":{"@context":"https:\/\/schema.org","@graph":[{"@type":"WebPage","@id":"https:\/\/grossklein-immobilien.de\/de\/immobilienmakler-berlin-lichterfelde-west\/","url":"https:\/\/grossklein-immobilien.de\/de\/immobilienmakler-berlin-lichterfelde-west\/","name":"Immobilienmakler Lichterfelde-West | Villen & H\u00e4user","isPartOf":{"@id":"https:\/\/grossklein-immobilien.de\/de\/#website"},"primaryImageOfPage":{"@id":"https:\/\/grossklein-immobilien.de\/de\/immobilienmakler-berlin-lichterfelde-west\/#primaryimage"},"image":{"@id":"https:\/\/grossklein-immobilien.de\/de\/immobilienmakler-berlin-lichterfelde-west\/#primaryimage"},"thumbnailUrl":"https:\/\/grossklein-immobilien.de\/de\/wp-content\/uploads\/2026\/01\/villa-lichterfelde-west-1024x683.webp","datePublished":"2026-01-14T08:55:44+00:00","dateModified":"2026-02-16T13:27:43+00:00","description":"Immobilienmakler in Lichterfelde-West f\u00fcr Villen, H\u00e4user & Grundst\u00fccke. Marktgerechte Bewertung, diskrete Vermarktung & pers\u00f6nliche Beratung.","breadcrumb":{"@id":"https:\/\/grossklein-immobilien.de\/de\/immobilienmakler-berlin-lichterfelde-west\/#breadcrumb"},"inLanguage":"de","potentialAction":[{"@type":"ReadAction","target":["https:\/\/grossklein-immobilien.de\/de\/immobilienmakler-berlin-lichterfelde-west\/"]}]},{"@type":"ImageObject","inLanguage":"de","@id":"https:\/\/grossklein-immobilien.de\/de\/immobilienmakler-berlin-lichterfelde-west\/#primaryimage","url":"https:\/\/grossklein-immobilien.de\/de\/wp-content\/uploads\/2026\/01\/villa-lichterfelde-west.webp","contentUrl":"https:\/\/grossklein-immobilien.de\/de\/wp-content\/uploads\/2026\/01\/villa-lichterfelde-west.webp","width":1200,"height":800},{"@type":"BreadcrumbList","@id":"https:\/\/grossklein-immobilien.de\/de\/immobilienmakler-berlin-lichterfelde-west\/#breadcrumb","itemListElement":[{"@type":"ListItem","position":1,"name":"Home","item":"https:\/\/grossklein-immobilien.de\/de\/"},{"@type":"ListItem","position":2,"name":"Lichterfelde West"}]},{"@type":"WebSite","@id":"https:\/\/grossklein-immobilien.de\/de\/#website","url":"https:\/\/grossklein-immobilien.de\/de\/","name":"","description":"","potentialAction":[{"@type":"SearchAction","target":{"@type":"EntryPoint","urlTemplate":"https:\/\/grossklein-immobilien.de\/de\/?s={search_term_string}"},"query-input":{"@type":"PropertyValueSpecification","valueRequired":true,"valueName":"search_term_string"}}],"inLanguage":"de"}]}},"uagb_featured_image_src":{"full":false,"thumbnail":false,"medium":false,"medium_large":false,"large":false,"1536x1536":false,"2048x2048":false,"post-thumbnail":false,"woocommerce_thumbnail":false,"woocommerce_single":false,"woocommerce_gallery_thumbnail":false},"uagb_author_info":{"display_name":"Drazan Tomic","author_link":"https:\/\/grossklein-immobilien.de\/de\/author\/tomic-autor\/"},"uagb_comment_info":0,"uagb_excerpt":"Immobilienmakler Lichterfelde-West | Villen &amp; H\u00e4user verkaufen Gross &amp; Klein Immobilien&nbsp; Als Immobilienmakler in Lichterfelde-West begleiten wir Eigent\u00fcmer beim Verkauf von Villen, Einfamilienh\u00e4usern und hochwertigen Wohnimmobilien in einer der begehrtesten Wohnlagen im Berliner S\u00fcdwesten. Lichterfelde-West steht f\u00fcr gro\u00dfz\u00fcgige Grundst\u00fccke, historische Villen und ein ruhiges, gehobenes Wohnumfeld. Gross &amp; Klein Immobilien unterst\u00fctzt Eigent\u00fcmer in Lichterfelde-West pers\u00f6nlich,&hellip;","_links":{"self":[{"href":"https:\/\/grossklein-immobilien.de\/de\/wp-json\/wp\/v2\/pages\/32592","targetHints":{"allow":["GET"]}}],"collection":[{"href":"https:\/\/grossklein-immobilien.de\/de\/wp-json\/wp\/v2\/pages"}],"about":[{"href":"https:\/\/grossklein-immobilien.de\/de\/wp-json\/wp\/v2\/types\/page"}],"author":[{"embeddable":true,"href":"https:\/\/grossklein-immobilien.de\/de\/wp-json\/wp\/v2\/users\/2"}],"replies":[{"embeddable":true,"href":"https:\/\/grossklein-immobilien.de\/de\/wp-json\/wp\/v2\/comments?post=32592"}],"version-history":[{"count":18,"href":"https:\/\/grossklein-immobilien.de\/de\/wp-json\/wp\/v2\/pages\/32592\/revisions"}],"predecessor-version":[{"id":32949,"href":"https:\/\/grossklein-immobilien.de\/de\/wp-json\/wp\/v2\/pages\/32592\/revisions\/32949"}],"wp:attachment":[{"href":"https:\/\/grossklein-immobilien.de\/de\/wp-json\/wp\/v2\/media?parent=32592"}],"curies":[{"name":"wp","href":"https:\/\/api.w.org\/{rel}","templated":true}]}}