{"id":32742,"date":"2026-02-03T01:57:13","date_gmt":"2026-02-03T00:57:13","guid":{"rendered":"https:\/\/grossklein-immobilien.de\/de\/?page_id=32742"},"modified":"2026-04-03T16:50:24","modified_gmt":"2026-04-03T14:50:24","slug":"app","status":"publish","type":"page","link":"https:\/\/grossklein-immobilien.de\/de\/app\/","title":{"rendered":"Immobilien App"},"content":{"rendered":"<h1 class=\"wp-block-heading has-text-align-center has-black-color has-text-color has-link-color wp-elements-64d39f9a162d66a70a970fa4584a5067\">Immobilienbewertung und Verkauf in Berlin, Potsdam &amp; Umgebung<\/h1><div style=\"height:20px\" aria-hidden=\"true\" class=\"wp-block-spacer\"><\/div><p style=\"text-align: center;\" data-start=\"256\" data-end=\"487\"><strong data-start=\"256\" data-end=\"322\">Unsere Immobilien-App direkt auf Ihrem Home-Bildschirm nutzen.<\/strong><br data-start=\"322\" data-end=\"325\">Ohne App-Store, ohne Download \u2013 in wenigen Sekunden installiert.<br data-start=\"389\" data-end=\"392\">Erhalten Sie neue Immobilienangebote schneller und greifen Sie jederzeit auf Ihre Bewertung zu.<\/p><div class=\"wp-block-uagb-faq uagb-faq__outer-wrap uagb-block-63a5c663 uagb-faq-icon-row uagb-faq-layout-accordion uagb-faq-expand-first-false uagb-faq-inactive-other-true uagb-faq__wrap uagb-buttons-layout-wrap uagb-faq-equal-height     \" data-faqtoggle=\"true\" role=\"tablist\"><div class=\"wp-block-uagb-faq-child uagb-faq-child__outer-wrap uagb-faq-item uagb-block-1e807954 \" role=\"tab\" tabindex=\"0\"><div class=\"uagb-faq-questions-button uagb-faq-questions\">\t\t\t<span class=\"uagb-icon uagb-faq-icon-wrap\">\n\t\t\t\t\t\t\t\t<svg xmlns=\"https:\/\/www.w3.org\/2000\/svg\" viewBox= \"0 0 448 512\"><path d=\"M432 256c0 17.69-14.33 32.01-32 32.01H256v144c0 17.69-14.33 31.99-32 31.99s-32-14.3-32-31.99v-144H48c-17.67 0-32-14.32-32-32.01s14.33-31.99 32-31.99H192v-144c0-17.69 14.33-32.01 32-32.01s32 14.32 32 32.01v144h144C417.7 224 432 238.3 432 256z\"><\/path><\/svg>\n\t\t\t\t\t\t\t<\/span>\n\t\t\t\t\t\t<span class=\"uagb-icon-active uagb-faq-icon-wrap\">\n\t\t\t\t\t\t\t\t<svg xmlns=\"https:\/\/www.w3.org\/2000\/svg\" viewBox= \"0 0 448 512\"><path d=\"M400 288h-352c-17.69 0-32-14.32-32-32.01s14.31-31.99 32-31.99h352c17.69 0 32 14.3 32 31.99S417.7 288 400 288z\"><\/path><\/svg>\n\t\t\t\t\t\t\t<\/span>\n\t\t\t<span class=\"uagb-question\">App installieren<\/span><\/div><div class=\"uagb-faq-content\"><p><strong>iPhone (Safari)<\/strong><br>Teilen-Symbol \u2192 \u201eZum Home-Bildschirm\u201c \u2192 \u201eHinzuf\u00fcgen\u201c<br><strong>Android (Chrome)<\/strong><br>Men\u00fc (\u22ee) \u2192 \u201eZum Startbildschirm hinzuf\u00fcgen\u201c<br><strong>Optional:<\/strong><br>Push-Benachrichtigungen aktivieren und neue Immobilienangebote direkt erhalten.<\/p><\/div><\/div><\/div><div style=\"height:20px\" aria-hidden=\"true\" class=\"wp-block-spacer\"><\/div><h2 class=\"wp-block-heading has-text-align-center has-black-color has-text-color has-link-color wp-elements-68a0907044826bcf7555e9bb3125161b\">Immobilie kostenlos und unverbindlich online bewerten<\/h2><p><code>    <div class=\"realEstateRatingContainer\">\n        <iframe class=\"realEstateRatingIframe leadmarkt-generator-immobilien\"\n                src=\"https:\/\/leadmarkt.ch\/kostenlose-immobilienbewertung?api_token=WUKWploKbQP7YjI7RKle0KZAR8aSzuNPMUUeZDsq2Krg60pVugkM4qGNtFCA\"\n                scrolling=\"no\" frameBorder=\"0\" onload=\"initLeadGenIframe()\"><\/iframe>\n    <\/div>\n    <script>function initLeadGenIframe() {\n            iFrameResize({checkOrigin: false, log: false}, '.realEstateRatingIframe');\n        }<\/script>\n    <\/code><\/p><div style=\"height:30px\" aria-hidden=\"true\" class=\"wp-block-spacer\"><\/div><h2 class=\"wp-block-heading has-text-align-center has-black-color has-text-color has-link-color wp-elements-9f7650f0dc26c9acfbf41f947d9cae1c\">Immobilie verkaufen: So begleiten wir Sie <\/h2><div style=\"height:20px\" aria-hidden=\"true\" class=\"wp-block-spacer\"><\/div><p style=\"text-align: justify;\">Von der fundierten Wertermittlung \u00fcber eine professionelle Vermarktung bis zum erfolgreichen Vertragsabschluss begleiten wir Sie pers\u00f6nlich und strukturiert. Mit Marktkenntnis, Fingerspitzengef\u00fchl und klaren Prozessen sorgen wir f\u00fcr einen sicheren und erfolgreichen Verkauf Ihrer Immobilie.<\/p><div style=\"height:30px\" aria-hidden=\"true\" class=\"wp-block-spacer\"><\/div><h2 class=\"wp-block-heading has-text-align-center has-black-color has-text-color has-link-color wp-elements-f4394e4d203a34b46c58303a430279bc\">Wir sind f\u00fcr Sie da: Ihr Immobilienmakler in der N\u00e4he<\/h2><p style=\"text-align: center;\">Haben Sie Fragen zur Immobilienbewertung oder zum Verkauf Ihrer Immobilie?<br data-start=\"836\" data-end=\"839\">Wir beraten Sie pers\u00f6nlich und unverbindlich.<\/p>\n<p style=\"text-align: center;\"><strong>Jetzt anrufen:<\/strong> <a href=\"tel:+493022681912\">030 226 819 12<\/a><\/p><div style=\"height:30px\" aria-hidden=\"true\" class=\"wp-block-spacer\"><\/div><h2 class=\"wp-block-heading has-text-align-center has-black-color has-text-color has-link-color wp-elements-e833cd7981b53b7c7376d69e83931556\">Aktuelle Immobilien im Angebot<\/h2><div style=\"height:20px\" aria-hidden=\"true\" class=\"wp-block-spacer\"><\/div><div class=\"woocommerce columns-4 \"><ul class=\"products columns-4\">\n<li class=\"product type-product post-33246 status-publish first instock product_cat-415 product_cat-40-70 product_cat-friedrichshain-kreuzberg product_cat-eigentumswohnungen has-post-thumbnail shipping-taxable purchasable product-type-simple\">\n\t<a href=\"https:\/\/grossklein-immobilien.de\/de\/produkt\/altbauwohnung-mit-aufzug-in-bestlage-friedrichshain\/\" class=\"woocommerce-LoopProduct-link woocommerce-loop-product__link\"><img decoding=\"async\" width=\"300\" height=\"300\" data-src=\"https:\/\/grossklein-immobilien.de\/de\/wp-content\/uploads\/2026\/03\/WhatsApp-Image-2025-12-15-at-07.35.401-300x300.jpeg\" class=\"attachment-woocommerce_thumbnail size-woocommerce_thumbnail lazyload\" alt=\"\" data-srcset=\"https:\/\/grossklein-immobilien.de\/de\/wp-content\/uploads\/2026\/03\/WhatsApp-Image-2025-12-15-at-07.35.401-300x300.jpeg 300w, https:\/\/grossklein-immobilien.de\/de\/wp-content\/uploads\/2026\/03\/WhatsApp-Image-2025-12-15-at-07.35.401-150x150.jpeg 150w, https:\/\/grossklein-immobilien.de\/de\/wp-content\/uploads\/2026\/03\/WhatsApp-Image-2025-12-15-at-07.35.401-100x100.jpeg 100w\" data-sizes=\"(max-width: 300px) 100vw, 300px\" src=\"data:image\/svg+xml;base64,PHN2ZyB3aWR0aD0iMSIgaGVpZ2h0PSIxIiB4bWxucz0iaHR0cDovL3d3dy53My5vcmcvMjAwMC9zdmciPjwvc3ZnPg==\" style=\"--smush-placeholder-width: 300px; --smush-placeholder-aspect-ratio: 300\/300;\" \/><h2 class=\"woocommerce-loop-product__title\">CHARMANTE ALTBAUWOHNUNG MIT AUFZUG IM SAMARITERVIERTEL<\/h2><ul><li>Standort: Berlin-Friedrichshain<\/li><li>Zimmer: 2<\/li><li>Wohnfl\u00e4che: 70,00<\/li><li>Etage: 2<\/li><\/ul>\n\t<span class=\"price\"><span class=\"woocommerce-Price-amount amount\"><bdi>439.000,00&nbsp;<span class=\"woocommerce-Price-currencySymbol\">&euro;<\/span><\/bdi><\/span><\/span>\n<\/a><\/li>\n<li class=\"product type-product post-32270 status-publish instock product_cat-berlin-wedding product_cat-eigentumswohnungen has-post-thumbnail shipping-taxable purchasable product-type-simple\">\n\t<a href=\"https:\/\/grossklein-immobilien.de\/de\/produkt\/top-sanierte-whg-mit-balkon-aufzug-tiefgarage-am-schillerpark\/\" class=\"woocommerce-LoopProduct-link woocommerce-loop-product__link\"><img decoding=\"async\" width=\"300\" height=\"300\" data-src=\"https:\/\/grossklein-immobilien.de\/de\/wp-content\/uploads\/2026\/01\/IMG_7566-300x300.jpg\" class=\"attachment-woocommerce_thumbnail size-woocommerce_thumbnail lazyload\" alt=\"Wohnzimmer\" data-srcset=\"https:\/\/grossklein-immobilien.de\/de\/wp-content\/uploads\/2026\/01\/IMG_7566-300x300.jpg 300w, https:\/\/grossklein-immobilien.de\/de\/wp-content\/uploads\/2026\/01\/IMG_7566-150x150.jpg 150w, https:\/\/grossklein-immobilien.de\/de\/wp-content\/uploads\/2026\/01\/IMG_7566-100x100.jpg 100w\" data-sizes=\"(max-width: 300px) 100vw, 300px\" src=\"data:image\/svg+xml;base64,PHN2ZyB3aWR0aD0iMSIgaGVpZ2h0PSIxIiB4bWxucz0iaHR0cDovL3d3dy53My5vcmcvMjAwMC9zdmciPjwvc3ZnPg==\" style=\"--smush-placeholder-width: 300px; --smush-placeholder-aspect-ratio: 300\/300;\" \/><h2 class=\"woocommerce-loop-product__title\">TOP SANIERTE WOHNUNG MIT BALKON, AUFZUG &#038; TIEFGARAGE AM SCHILLERPARK!<\/h2><ul><li>Standort: Berlin-Wedding<\/li><li>Zimmer: 2<\/li><li>Wohnfl\u00e4che: 67,00<\/li><li>Etage: 5<\/li><\/ul>\n\t<span class=\"price\"><span class=\"woocommerce-Price-amount amount\"><bdi>298.000,00&nbsp;<span class=\"woocommerce-Price-currencySymbol\">&euro;<\/span><\/bdi><\/span><\/span>\n<\/a><\/li>\n<li class=\"product type-product post-31217 status-publish outofstock product_cat-417 product_cat-70-110 product_cat-steglitz-zehlendorf product_cat-eigentumswohnungen product_cat-standort has-post-thumbnail shipping-taxable purchasable product-type-simple\">\n\t<a href=\"https:\/\/grossklein-immobilien.de\/de\/produkt\/helle-4-zi-wohnung-im-3-og-mit-aufzug-in-friedenau\/\" class=\"woocommerce-LoopProduct-link woocommerce-loop-product__link\">\n\t<span class=\"wcsob_soldout\">VERKAUFT<\/span>\n\t<img decoding=\"async\" width=\"300\" height=\"300\" data-src=\"https:\/\/grossklein-immobilien.de\/de\/wp-content\/uploads\/2025\/11\/IMG_7494-300x300.jpg\" class=\"attachment-woocommerce_thumbnail size-woocommerce_thumbnail lazyload\" alt=\"\" data-srcset=\"https:\/\/grossklein-immobilien.de\/de\/wp-content\/uploads\/2025\/11\/IMG_7494-300x300.jpg 300w, https:\/\/grossklein-immobilien.de\/de\/wp-content\/uploads\/2025\/11\/IMG_7494-150x150.jpg 150w, https:\/\/grossklein-immobilien.de\/de\/wp-content\/uploads\/2025\/11\/IMG_7494-100x100.jpg 100w\" data-sizes=\"(max-width: 300px) 100vw, 300px\" src=\"data:image\/svg+xml;base64,PHN2ZyB3aWR0aD0iMSIgaGVpZ2h0PSIxIiB4bWxucz0iaHR0cDovL3d3dy53My5vcmcvMjAwMC9zdmciPjwvc3ZnPg==\" style=\"--smush-placeholder-width: 300px; --smush-placeholder-aspect-ratio: 300\/300;\" \/><h2 class=\"woocommerce-loop-product__title\">HELLE 4-ZI ALTBAUWOHNUNG IM 3.OG MIT AUFZUG &#038; BALKON IM HERZEN VON FRIEDENAU<\/h2><ul><li>Standort: Berlin - Steglitz<\/li><li>Zimmer: 4<\/li><li>Wohnfl\u00e4che: 105 m\u00b2<\/li><li>Etage: 3<\/li><\/ul>\n\t<span class=\"price\"><span class=\"woocommerce-Price-amount amount\"><bdi>690.000,00&nbsp;<span class=\"woocommerce-Price-currencySymbol\">&euro;<\/span><\/bdi><\/span><\/span>\n<\/a><\/li>\n<li class=\"product type-product post-30975 status-publish last outofstock product_cat-416 product_cat-70-110 product_cat-steglitz-zehlendorf product_cat-eigentumswohnungen has-post-thumbnail shipping-taxable purchasable product-type-simple\">\n\t<a href=\"https:\/\/grossklein-immobilien.de\/de\/produkt\/helle-3-zi-altbauwohnung-im-3-og-mit-dielenboden-balkon-in-steglitz\/\" class=\"woocommerce-LoopProduct-link woocommerce-loop-product__link\">\n\t<span class=\"wcsob_soldout\">VERKAUFT<\/span>\n\t<img decoding=\"async\" width=\"300\" height=\"300\" data-src=\"https:\/\/grossklein-immobilien.de\/de\/wp-content\/uploads\/2025\/05\/Helles-Wohnzimmer-mit-Altbau-Charme-300x300.jpeg\" class=\"attachment-woocommerce_thumbnail size-woocommerce_thumbnail lazyload\" alt=\"Helle 3-Zimmer Altbauwohnung in Berlin-Steglitz verkauft von Gross &amp; Klein Immobilien\" data-srcset=\"https:\/\/grossklein-immobilien.de\/de\/wp-content\/uploads\/2025\/05\/Helles-Wohnzimmer-mit-Altbau-Charme-300x300.jpeg 300w, https:\/\/grossklein-immobilien.de\/de\/wp-content\/uploads\/2025\/05\/Helles-Wohnzimmer-mit-Altbau-Charme-150x150.jpeg 150w, https:\/\/grossklein-immobilien.de\/de\/wp-content\/uploads\/2025\/05\/Helles-Wohnzimmer-mit-Altbau-Charme-100x100.jpeg 100w\" data-sizes=\"(max-width: 300px) 100vw, 300px\" src=\"data:image\/svg+xml;base64,PHN2ZyB3aWR0aD0iMSIgaGVpZ2h0PSIxIiB4bWxucz0iaHR0cDovL3d3dy53My5vcmcvMjAwMC9zdmciPjwvc3ZnPg==\" style=\"--smush-placeholder-width: 300px; --smush-placeholder-aspect-ratio: 300\/300;\" \/><h2 class=\"woocommerce-loop-product__title\">HELLE 3-ZI ALTBAUWOHNUNG IM 3.OG MIT DIELENBODEN &#038; BALKON IN STEGLITZ!<\/h2><ul><li>Standort: Berlin - Steglitz<\/li><li>Zimmer: 3<\/li><li>Wohnfl\u00e4che: 83<\/li><li>Etage: 3<\/li><\/ul>\n\t<span class=\"price\"><span class=\"woocommerce-Price-amount amount\"><bdi>399.000,00&nbsp;<span class=\"woocommerce-Price-currencySymbol\">&euro;<\/span><\/bdi><\/span><\/span>\n<\/a><\/li>\n<\/ul>\n<\/div><div style=\"height:40px\" aria-hidden=\"true\" class=\"wp-block-spacer\"><\/div><p style=\"text-align: center;\"><a class=\"maxbutton-6 maxbutton maxbutton-jetzte-beratungstermin-unverbindlich-vereinbaren\" href=\"https:\/\/grossklein-immobilien.de\/de\/kontakt\/\"><span class='mb-text'>Beratungstermin vereinbaren<\/span><\/a><\/p><div style=\"height:30px\" aria-hidden=\"true\" class=\"wp-block-spacer\"><\/div>","protected":false},"excerpt":{"rendered":"<p>Immobilienbewertung und Verkauf in Berlin, Potsdam &amp; Umgebung Unsere Immobilien-App direkt auf Ihrem Home-Bildschirm nutzen.Ohne App-Store, ohne Download \u2013 in wenigen Sekunden installiert.Erhalten Sie neue Immobilienangebote schneller und greifen Sie jederzeit auf Ihre Bewertung zu. Immobilie kostenlos und unverbindlich online bewerten Immobilie verkaufen: So begleiten wir Sie Von der fundierten Wertermittlung \u00fcber eine professionelle Vermarktung &hellip; <a href=\"https:\/\/grossklein-immobilien.de\/de\/app\/\" class=\"more-link\"><span class=\"screen-reader-text\">Immobilien App<\/span> weiterlesen <span class=\"meta-nav\">&rarr;<\/span><\/a><\/p>\n","protected":false},"author":2,"featured_media":0,"parent":0,"menu_order":0,"comment_status":"closed","ping_status":"closed","template":"","meta":{"_uag_custom_page_level_css":".uagb-accordion__wrap {\n    max-width: 620px;\n    margin: 0 auto !important;\n}\n\n.uagb-accordion__heading,\n.uagb-accordion__title-wrap,\n.uagb-accordion__title {\n    text-align: center !important;\n    justify-content: center !important;\n}","_monsterinsights_skip_tracking":false,"_monsterinsights_sitenote_active":false,"_monsterinsights_sitenote_note":"","_monsterinsights_sitenote_category":0,"ngg_post_thumbnail":0,"footnotes":""},"class_list":["post-32742","page","type-page","status-publish","hentry"],"yoast_head":"<!-- This site is optimized with the Yoast SEO plugin v26.8 - https:\/\/yoast.com\/product\/yoast-seo-wordpress\/ -->\n<title>Immobilienbewertung &amp; Verkauf in Berlin | Gross &amp; Klein Immobilien App<\/title>\n<meta name=\"description\" content=\"Kostenlose Immobilienbewertung &amp; pers\u00f6nliche Beratung zum Immobilienverkauf in Berlin. Schnell, unverbindlich und mobil \u00fcber die Gross &amp; Klein Immobilien App.\" \/>\n<meta name=\"robots\" content=\"noindex, follow\" \/>\n<meta property=\"og:locale\" content=\"de_DE\" \/>\n<meta property=\"og:type\" content=\"article\" \/>\n<meta property=\"og:title\" content=\"Immobilienbewertung &amp; Verkauf in Berlin | Gross &amp; Klein Immobilien App\" \/>\n<meta property=\"og:description\" content=\"Kostenlose Immobilienbewertung &amp; pers\u00f6nliche Beratung zum Immobilienverkauf in Berlin. Schnell, unverbindlich und mobil \u00fcber die Gross &amp; Klein Immobilien App.\" \/>\n<meta property=\"og:url\" content=\"https:\/\/grossklein-immobilien.de\/de\/app\/\" \/>\n<meta property=\"article:publisher\" content=\"https:\/\/www.facebook.com\/TOMIC-IMMOBILIEN-110945718988806\/\" \/>\n<meta property=\"article:modified_time\" content=\"2026-04-03T14:50:24+00:00\" \/>\n<meta name=\"twitter:card\" content=\"summary_large_image\" \/>\n<meta name=\"twitter:site\" content=\"@draz_tomic\" \/>\n<meta name=\"twitter:label1\" content=\"Gesch\u00e4tzte Lesezeit\" \/>\n\t<meta name=\"twitter:data1\" content=\"1\u00a0Minute\" \/>\n<script type=\"application\/ld+json\" class=\"yoast-schema-graph\">{\"@context\":\"https:\/\/schema.org\",\"@graph\":[{\"@type\":\"WebPage\",\"@id\":\"https:\/\/grossklein-immobilien.de\/de\/app\/\",\"url\":\"https:\/\/grossklein-immobilien.de\/de\/app\/\",\"name\":\"Immobilienbewertung & Verkauf in Berlin | Gross & Klein Immobilien App\",\"isPartOf\":{\"@id\":\"https:\/\/grossklein-immobilien.de\/de\/#website\"},\"datePublished\":\"2026-02-03T00:57:13+00:00\",\"dateModified\":\"2026-04-03T14:50:24+00:00\",\"description\":\"Kostenlose Immobilienbewertung & pers\u00f6nliche Beratung zum Immobilienverkauf in Berlin. Schnell, unverbindlich und mobil \u00fcber die Gross & Klein Immobilien App.\",\"breadcrumb\":{\"@id\":\"https:\/\/grossklein-immobilien.de\/de\/app\/#breadcrumb\"},\"inLanguage\":\"de\",\"potentialAction\":[{\"@type\":\"ReadAction\",\"target\":[\"https:\/\/grossklein-immobilien.de\/de\/app\/\"]}]},{\"@type\":\"BreadcrumbList\",\"@id\":\"https:\/\/grossklein-immobilien.de\/de\/app\/#breadcrumb\",\"itemListElement\":[{\"@type\":\"ListItem\",\"position\":1,\"name\":\"Home\",\"item\":\"https:\/\/grossklein-immobilien.de\/de\/\"},{\"@type\":\"ListItem\",\"position\":2,\"name\":\"Immobilien App\"}]},{\"@type\":\"WebSite\",\"@id\":\"https:\/\/grossklein-immobilien.de\/de\/#website\",\"url\":\"https:\/\/grossklein-immobilien.de\/de\/\",\"name\":\"\",\"description\":\"\",\"potentialAction\":[{\"@type\":\"SearchAction\",\"target\":{\"@type\":\"EntryPoint\",\"urlTemplate\":\"https:\/\/grossklein-immobilien.de\/de\/?s={search_term_string}\"},\"query-input\":{\"@type\":\"PropertyValueSpecification\",\"valueRequired\":true,\"valueName\":\"search_term_string\"}}],\"inLanguage\":\"de\"}]}<\/script>\n<!-- \/ Yoast SEO plugin. -->","yoast_head_json":{"title":"Immobilienbewertung & Verkauf in Berlin | Gross & Klein Immobilien App","description":"Kostenlose Immobilienbewertung & pers\u00f6nliche Beratung zum Immobilienverkauf in Berlin. Schnell, unverbindlich und mobil \u00fcber die Gross & Klein Immobilien App.","robots":{"index":"noindex","follow":"follow"},"og_locale":"de_DE","og_type":"article","og_title":"Immobilienbewertung & Verkauf in Berlin | Gross & Klein Immobilien App","og_description":"Kostenlose Immobilienbewertung & pers\u00f6nliche Beratung zum Immobilienverkauf in Berlin. Schnell, unverbindlich und mobil \u00fcber die Gross & Klein Immobilien App.","og_url":"https:\/\/grossklein-immobilien.de\/de\/app\/","article_publisher":"https:\/\/www.facebook.com\/TOMIC-IMMOBILIEN-110945718988806\/","article_modified_time":"2026-04-03T14:50:24+00:00","twitter_card":"summary_large_image","twitter_site":"@draz_tomic","twitter_misc":{"Gesch\u00e4tzte Lesezeit":"1\u00a0Minute"},"schema":{"@context":"https:\/\/schema.org","@graph":[{"@type":"WebPage","@id":"https:\/\/grossklein-immobilien.de\/de\/app\/","url":"https:\/\/grossklein-immobilien.de\/de\/app\/","name":"Immobilienbewertung & Verkauf in Berlin | Gross & Klein Immobilien App","isPartOf":{"@id":"https:\/\/grossklein-immobilien.de\/de\/#website"},"datePublished":"2026-02-03T00:57:13+00:00","dateModified":"2026-04-03T14:50:24+00:00","description":"Kostenlose Immobilienbewertung & pers\u00f6nliche Beratung zum Immobilienverkauf in Berlin. Schnell, unverbindlich und mobil \u00fcber die Gross & Klein Immobilien App.","breadcrumb":{"@id":"https:\/\/grossklein-immobilien.de\/de\/app\/#breadcrumb"},"inLanguage":"de","potentialAction":[{"@type":"ReadAction","target":["https:\/\/grossklein-immobilien.de\/de\/app\/"]}]},{"@type":"BreadcrumbList","@id":"https:\/\/grossklein-immobilien.de\/de\/app\/#breadcrumb","itemListElement":[{"@type":"ListItem","position":1,"name":"Home","item":"https:\/\/grossklein-immobilien.de\/de\/"},{"@type":"ListItem","position":2,"name":"Immobilien App"}]},{"@type":"WebSite","@id":"https:\/\/grossklein-immobilien.de\/de\/#website","url":"https:\/\/grossklein-immobilien.de\/de\/","name":"","description":"","potentialAction":[{"@type":"SearchAction","target":{"@type":"EntryPoint","urlTemplate":"https:\/\/grossklein-immobilien.de\/de\/?s={search_term_string}"},"query-input":{"@type":"PropertyValueSpecification","valueRequired":true,"valueName":"search_term_string"}}],"inLanguage":"de"}]}},"uagb_featured_image_src":{"full":false,"thumbnail":false,"medium":false,"medium_large":false,"large":false,"1536x1536":false,"2048x2048":false,"post-thumbnail":false,"woocommerce_thumbnail":false,"woocommerce_single":false,"woocommerce_gallery_thumbnail":false},"uagb_author_info":{"display_name":"Drazan Tomic","author_link":"https:\/\/grossklein-immobilien.de\/de\/author\/tomic-autor\/"},"uagb_comment_info":0,"uagb_excerpt":"Immobilienbewertung und Verkauf in Berlin, Potsdam &amp; Umgebung Unsere Immobilien-App direkt auf Ihrem Home-Bildschirm nutzen.Ohne App-Store, ohne Download \u2013 in wenigen Sekunden installiert.Erhalten Sie neue Immobilienangebote schneller und greifen Sie jederzeit auf Ihre Bewertung zu. Immobilie kostenlos und unverbindlich online bewerten Immobilie verkaufen: So begleiten wir Sie Von der fundierten Wertermittlung \u00fcber eine professionelle Vermarktung&hellip;","_links":{"self":[{"href":"https:\/\/grossklein-immobilien.de\/de\/wp-json\/wp\/v2\/pages\/32742","targetHints":{"allow":["GET"]}}],"collection":[{"href":"https:\/\/grossklein-immobilien.de\/de\/wp-json\/wp\/v2\/pages"}],"about":[{"href":"https:\/\/grossklein-immobilien.de\/de\/wp-json\/wp\/v2\/types\/page"}],"author":[{"embeddable":true,"href":"https:\/\/grossklein-immobilien.de\/de\/wp-json\/wp\/v2\/users\/2"}],"replies":[{"embeddable":true,"href":"https:\/\/grossklein-immobilien.de\/de\/wp-json\/wp\/v2\/comments?post=32742"}],"version-history":[{"count":48,"href":"https:\/\/grossklein-immobilien.de\/de\/wp-json\/wp\/v2\/pages\/32742\/revisions"}],"predecessor-version":[{"id":33807,"href":"https:\/\/grossklein-immobilien.de\/de\/wp-json\/wp\/v2\/pages\/32742\/revisions\/33807"}],"wp:attachment":[{"href":"https:\/\/grossklein-immobilien.de\/de\/wp-json\/wp\/v2\/media?parent=32742"}],"curies":[{"name":"wp","href":"https:\/\/api.w.org\/{rel}","templated":true}]}}