{"id":33,"date":"2016-01-02T08:10:19","date_gmt":"2016-01-02T07:10:19","guid":{"rendered":"http:\/\/www.tomic-immobilien.de\/de\/?page_id=33"},"modified":"2026-02-05T19:35:04","modified_gmt":"2026-02-05T18:35:04","slug":"referenzobjekte","status":"publish","type":"page","link":"https:\/\/grossklein-immobilien.de\/de\/referenzobjekte\/","title":{"rendered":"Unsere Referenzen"},"content":{"rendered":"<h1 class=\"wp-block-heading has-text-align-center has-black-color has-text-color\">Erfolgreich verkaufte Immobilien in Berlin &amp; Umgebung<\/h1><p style=\"text-align: center;\"><strong>Gross &amp; Klein Immobilien<\/strong><\/p>","protected":false},"excerpt":{"rendered":"<p>Erfolgreich verkaufte Immobilien in Berlin &amp; Umgebung Gross &amp; Klein Immobilien<\/p>\n","protected":false},"author":1,"featured_media":0,"parent":0,"menu_order":-10,"comment_status":"closed","ping_status":"closed","template":"page-referenzen.php","meta":{"_uag_custom_page_level_css":"","ngg_post_thumbnail":0,"footnotes":""},"class_list":["post-33","page","type-page","status-publish","hentry"],"yoast_head":"<!-- This site is optimized with the Yoast SEO plugin v26.8 - https:\/\/yoast.com\/product\/yoast-seo-wordpress\/ -->\n<title>Unsere Referenzen | Gross &amp; Klein Immobilien<\/title>\n<meta name=\"description\" content=\"Referenzen von Gross &amp; Klein Immobilien. \u00dcbersicht unserer Referenzen, die wir f\u00fcr Eigent\u00fcmer und Bautr\u00e4ger erfolgreich vermittelt haben.\" \/>\n<meta name=\"robots\" content=\"index, follow, max-snippet:-1, max-image-preview:large, max-video-preview:-1\" \/>\n<link rel=\"canonical\" href=\"https:\/\/grossklein-immobilien.de\/de\/referenzobjekte\/\" \/>\n<meta property=\"og:locale\" content=\"de_DE\" \/>\n<meta property=\"og:type\" content=\"article\" \/>\n<meta property=\"og:title\" content=\"Unsere Referenzen | Gross &amp; Klein Immobilien\" \/>\n<meta property=\"og:description\" content=\"Referenzen von Gross &amp; Klein Immobilien. \u00dcbersicht unserer Referenzen, die wir f\u00fcr Eigent\u00fcmer und Bautr\u00e4ger erfolgreich vermittelt haben.\" \/>\n<meta property=\"og:url\" content=\"https:\/\/grossklein-immobilien.de\/de\/referenzobjekte\/\" \/>\n<meta property=\"article:publisher\" content=\"https:\/\/www.facebook.com\/TOMIC-IMMOBILIEN-110945718988806\/\" \/>\n<meta property=\"article:modified_time\" content=\"2026-02-05T18:35:04+00:00\" \/>\n<meta name=\"twitter:card\" content=\"summary_large_image\" \/>\n<meta name=\"twitter:site\" content=\"@draz_tomic\" \/>\n<meta name=\"twitter:label1\" content=\"Gesch\u00e4tzte Lesezeit\" \/>\n\t<meta name=\"twitter:data1\" content=\"1\u00a0Minute\" \/>\n<script type=\"application\/ld+json\" class=\"yoast-schema-graph\">{\"@context\":\"https:\/\/schema.org\",\"@graph\":[{\"@type\":\"WebPage\",\"@id\":\"https:\/\/grossklein-immobilien.de\/de\/referenzobjekte\/\",\"url\":\"https:\/\/grossklein-immobilien.de\/de\/referenzobjekte\/\",\"name\":\"Unsere Referenzen | Gross & Klein Immobilien\",\"isPartOf\":{\"@id\":\"https:\/\/grossklein-immobilien.de\/de\/#website\"},\"datePublished\":\"2016-01-02T07:10:19+00:00\",\"dateModified\":\"2026-02-05T18:35:04+00:00\",\"description\":\"Referenzen von Gross & Klein Immobilien. \u00dcbersicht unserer Referenzen, die wir f\u00fcr Eigent\u00fcmer und Bautr\u00e4ger erfolgreich vermittelt haben.\",\"breadcrumb\":{\"@id\":\"https:\/\/grossklein-immobilien.de\/de\/referenzobjekte\/#breadcrumb\"},\"inLanguage\":\"de\",\"potentialAction\":[{\"@type\":\"ReadAction\",\"target\":[\"https:\/\/grossklein-immobilien.de\/de\/referenzobjekte\/\"]}]},{\"@type\":\"BreadcrumbList\",\"@id\":\"https:\/\/grossklein-immobilien.de\/de\/referenzobjekte\/#breadcrumb\",\"itemListElement\":[{\"@type\":\"ListItem\",\"position\":1,\"name\":\"Home\",\"item\":\"https:\/\/grossklein-immobilien.de\/de\/\"},{\"@type\":\"ListItem\",\"position\":2,\"name\":\"Unsere Referenzen\"}]},{\"@type\":\"WebSite\",\"@id\":\"https:\/\/grossklein-immobilien.de\/de\/#website\",\"url\":\"https:\/\/grossklein-immobilien.de\/de\/\",\"name\":\"\",\"description\":\"\",\"potentialAction\":[{\"@type\":\"SearchAction\",\"target\":{\"@type\":\"EntryPoint\",\"urlTemplate\":\"https:\/\/grossklein-immobilien.de\/de\/?s={search_term_string}\"},\"query-input\":{\"@type\":\"PropertyValueSpecification\",\"valueRequired\":true,\"valueName\":\"search_term_string\"}}],\"inLanguage\":\"de\"}]}<\/script>\n<!-- \/ Yoast SEO plugin. -->","yoast_head_json":{"title":"Unsere Referenzen | Gross & Klein Immobilien","description":"Referenzen von Gross & Klein Immobilien. \u00dcbersicht unserer Referenzen, die wir f\u00fcr Eigent\u00fcmer und Bautr\u00e4ger erfolgreich vermittelt haben.","robots":{"index":"index","follow":"follow","max-snippet":"max-snippet:-1","max-image-preview":"max-image-preview:large","max-video-preview":"max-video-preview:-1"},"canonical":"https:\/\/grossklein-immobilien.de\/de\/referenzobjekte\/","og_locale":"de_DE","og_type":"article","og_title":"Unsere Referenzen | Gross & Klein Immobilien","og_description":"Referenzen von Gross & Klein Immobilien. \u00dcbersicht unserer Referenzen, die wir f\u00fcr Eigent\u00fcmer und Bautr\u00e4ger erfolgreich vermittelt haben.","og_url":"https:\/\/grossklein-immobilien.de\/de\/referenzobjekte\/","article_publisher":"https:\/\/www.facebook.com\/TOMIC-IMMOBILIEN-110945718988806\/","article_modified_time":"2026-02-05T18:35:04+00:00","twitter_card":"summary_large_image","twitter_site":"@draz_tomic","twitter_misc":{"Gesch\u00e4tzte Lesezeit":"1\u00a0Minute"},"schema":{"@context":"https:\/\/schema.org","@graph":[{"@type":"WebPage","@id":"https:\/\/grossklein-immobilien.de\/de\/referenzobjekte\/","url":"https:\/\/grossklein-immobilien.de\/de\/referenzobjekte\/","name":"Unsere Referenzen | Gross & Klein Immobilien","isPartOf":{"@id":"https:\/\/grossklein-immobilien.de\/de\/#website"},"datePublished":"2016-01-02T07:10:19+00:00","dateModified":"2026-02-05T18:35:04+00:00","description":"Referenzen von Gross & Klein Immobilien. \u00dcbersicht unserer Referenzen, die wir f\u00fcr Eigent\u00fcmer und Bautr\u00e4ger erfolgreich vermittelt haben.","breadcrumb":{"@id":"https:\/\/grossklein-immobilien.de\/de\/referenzobjekte\/#breadcrumb"},"inLanguage":"de","potentialAction":[{"@type":"ReadAction","target":["https:\/\/grossklein-immobilien.de\/de\/referenzobjekte\/"]}]},{"@type":"BreadcrumbList","@id":"https:\/\/grossklein-immobilien.de\/de\/referenzobjekte\/#breadcrumb","itemListElement":[{"@type":"ListItem","position":1,"name":"Home","item":"https:\/\/grossklein-immobilien.de\/de\/"},{"@type":"ListItem","position":2,"name":"Unsere Referenzen"}]},{"@type":"WebSite","@id":"https:\/\/grossklein-immobilien.de\/de\/#website","url":"https:\/\/grossklein-immobilien.de\/de\/","name":"","description":"","potentialAction":[{"@type":"SearchAction","target":{"@type":"EntryPoint","urlTemplate":"https:\/\/grossklein-immobilien.de\/de\/?s={search_term_string}"},"query-input":{"@type":"PropertyValueSpecification","valueRequired":true,"valueName":"search_term_string"}}],"inLanguage":"de"}]}},"uagb_featured_image_src":{"full":false,"thumbnail":false,"medium":false,"medium_large":false,"large":false,"1536x1536":false,"2048x2048":false,"post-thumbnail":false,"woocommerce_thumbnail":false,"woocommerce_single":false,"woocommerce_gallery_thumbnail":false},"uagb_author_info":{"display_name":"ramkol","author_link":"https:\/\/grossklein-immobilien.de\/de\/author\/ramkol\/"},"uagb_comment_info":0,"uagb_excerpt":"Erfolgreich verkaufte Immobilien in Berlin &amp; Umgebung Gross &amp; Klein Immobilien","_links":{"self":[{"href":"https:\/\/grossklein-immobilien.de\/de\/wp-json\/wp\/v2\/pages\/33","targetHints":{"allow":["GET"]}}],"collection":[{"href":"https:\/\/grossklein-immobilien.de\/de\/wp-json\/wp\/v2\/pages"}],"about":[{"href":"https:\/\/grossklein-immobilien.de\/de\/wp-json\/wp\/v2\/types\/page"}],"author":[{"embeddable":true,"href":"https:\/\/grossklein-immobilien.de\/de\/wp-json\/wp\/v2\/users\/1"}],"replies":[{"embeddable":true,"href":"https:\/\/grossklein-immobilien.de\/de\/wp-json\/wp\/v2\/comments?post=33"}],"version-history":[{"count":26,"href":"https:\/\/grossklein-immobilien.de\/de\/wp-json\/wp\/v2\/pages\/33\/revisions"}],"predecessor-version":[{"id":32832,"href":"https:\/\/grossklein-immobilien.de\/de\/wp-json\/wp\/v2\/pages\/33\/revisions\/32832"}],"wp:attachment":[{"href":"https:\/\/grossklein-immobilien.de\/de\/wp-json\/wp\/v2\/media?parent=33"}],"curies":[{"name":"wp","href":"https:\/\/api.w.org\/{rel}","templated":true}]}}