{"id":33625,"date":"2026-03-24T14:12:17","date_gmt":"2026-03-24T13:12:17","guid":{"rendered":"https:\/\/grossklein-immobilien.de\/de\/?page_id=33625"},"modified":"2026-03-25T14:06:02","modified_gmt":"2026-03-25T13:06:02","slug":"immobilienmakler-graefekiez-berlin-kreuzberg","status":"publish","type":"page","link":"https:\/\/grossklein-immobilien.de\/de\/immobilienmakler-graefekiez-berlin-kreuzberg\/","title":{"rendered":"Gr\u00e4fekiez Kreuzberg"},"content":{"rendered":"<p style=\"text-align: center;\"><strong>Gross &amp; Klein Immobilien<\/strong><\/p><h2 class=\"wp-block-heading has-text-align-center has-black-color has-text-color has-link-color wp-elements-f53024a06cde740cfb30d0d8c4cafa50\">Immobilienmakler Gr\u00e4fekiez in Berlin Kreuzberg<\/h2><div style=\"height:18px\" aria-hidden=\"true\" class=\"wp-block-spacer\"><\/div><div class=\"wp-block-columns is-layout-flex wp-container-core-columns-is-layout-1 wp-block-columns-is-layout-flex\"><div class=\"wp-block-column is-layout-flow wp-block-column-is-layout-flow\" style=\"flex-basis:45%\"><figure class=\"wp-block-image size-large\"><img decoding=\"async\" width=\"1024\" height=\"576\" data-src=\"https:\/\/grossklein-immobilien.de\/de\/wp-content\/uploads\/2026\/03\/graefekiez-berlin-altbau-1024x576.webp\" alt=\"Altbau im Gr\u00e4fekiez in Berlin Kreuzberg \u2013 Immobilienmakler Gross &amp; Klein Immobilien\" class=\"wp-image-33634 lazyload\" style=\"--smush-placeholder-width: 1024px; --smush-placeholder-aspect-ratio: 1024\/576;aspect-ratio:4\/3;object-fit:cover\" title=\"Altbau Gr\u00e4fekiez Berlin Kreuzberg\" data-srcset=\"https:\/\/grossklein-immobilien.de\/de\/wp-content\/uploads\/2026\/03\/graefekiez-berlin-altbau-1024x576.webp 1024w, https:\/\/grossklein-immobilien.de\/de\/wp-content\/uploads\/2026\/03\/graefekiez-berlin-altbau-300x169.webp 300w, https:\/\/grossklein-immobilien.de\/de\/wp-content\/uploads\/2026\/03\/graefekiez-berlin-altbau.webp 1200w\" data-sizes=\"(max-width: 1024px) 100vw, 1024px\" src=\"data:image\/svg+xml;base64,PHN2ZyB3aWR0aD0iMSIgaGVpZ2h0PSIxIiB4bWxucz0iaHR0cDovL3d3dy53My5vcmcvMjAwMC9zdmciPjwvc3ZnPg==\" \/><\/figure><\/div>\n\n<div class=\"wp-block-column is-vertically-aligned-center is-layout-flow wp-block-column-is-layout-flow\" style=\"flex-basis:55%\"><p style=\"text-align: justify;\">Als Immobilienmakler im Gr\u00e4fekiez in Berlin Kreuzberg begleiten wir Eigent\u00fcmer beim Verkauf von Altbauwohnungen, Eigentumswohnungen und Mehrfamilienh\u00e4usern in einer der gefragtesten Wohnlagen im Bezirk. Der Gr\u00e4fekiez rund um Gr\u00e4festra\u00dfe, B\u00f6ckhstra\u00dfe und den Landwehrkanal ist besonders bei Eigennutzern beliebt und zeichnet sich durch sanierte Altbauten, ruhige Seitenstra\u00dfen und eine stabile Nachfrage aus.<\/p>\n<p style=\"text-align: justify;\">Gleichzeitig spielen Milieuschutz, vermietete Bestandswohnungen und begrenztes Angebot eine wichtige Rolle bei der Vermarktung. Wir ber\u00fccksichtigen diese lokalen Faktoren bei der Immobilienbewertung und entwickeln eine individuelle Verkaufsstrategie f\u00fcr Eigent\u00fcmer im Gr\u00e4fekiez.<\/p><\/div><\/div><div style=\"height:30px\" aria-hidden=\"true\" class=\"wp-block-spacer\"><\/div><h2 class=\"wp-block-heading has-text-align-center has-black-color has-text-color has-link-color wp-elements-f53c4917e824e8399f88363962c8dde9\">Immobilienmakler im Gr\u00e4fekiez \u2013 Leistungen im \u00dcberblick<\/h2><div style=\"height:18px\" aria-hidden=\"true\" class=\"wp-block-spacer\"><\/div><ul>\n<li data-section-id=\"1j995mb\" data-start=\"1108\" data-end=\"1132\">Pers\u00f6nliche Beratung<\/li>\n<li data-section-id=\"15qoohl\" data-start=\"1133\" data-end=\"1167\">Kostenlose Immobilienbewertung<\/li>\n<li data-section-id=\"zn3821\" data-start=\"1168\" data-end=\"1204\">Aussagekr\u00e4ftige Wohnmarktanalyse<\/li>\n<li data-section-id=\"16mjfw\" data-start=\"1205\" data-end=\"1231\">Exzellente Vermarktung<\/li>\n<li data-section-id=\"wfn47q\" data-start=\"1232\" data-end=\"1267\">Verkauf zum bestm\u00f6glichen Preis<\/li>\n<\/ul><div style=\"height:25px\" aria-hidden=\"true\" class=\"wp-block-spacer\"><\/div><h2 class=\"wp-block-heading has-text-align-center has-black-color has-text-color has-link-color wp-elements-e8e3cc66b3fbcd8c999b30af04fd35d2\">Wohnen und Immobilien im Gr\u00e4fekiez in Berlin Kreuzberg<\/h2><div style=\"height:18px\" aria-hidden=\"true\" class=\"wp-block-spacer\"><\/div><div class=\"wp-block-columns is-layout-flex wp-container-core-columns-is-layout-2 wp-block-columns-is-layout-flex\"><div class=\"wp-block-column is-layout-flow wp-block-column-is-layout-flow\" style=\"flex-basis:45%\"><figure class=\"wp-block-image size-large\"><img decoding=\"async\" width=\"947\" height=\"768\" data-src=\"https:\/\/grossklein-immobilien.de\/de\/wp-content\/uploads\/2026\/03\/graefekiez-berlin-strassencafe-947x768.webp\" alt=\"Stra\u00dfencaf\u00e9 im Gr\u00e4fekiez in Berlin Kreuzberg \u2013 beliebte Wohnlage\" class=\"wp-image-33639 lazyload\" style=\"--smush-placeholder-width: 947px; --smush-placeholder-aspect-ratio: 947\/768;aspect-ratio:4\/3;object-fit:cover\" title=\"Stra\u00dfenszene Gr\u00e4fekiez Berlin Kreuzberg\" data-srcset=\"https:\/\/grossklein-immobilien.de\/de\/wp-content\/uploads\/2026\/03\/graefekiez-berlin-strassencafe-947x768.webp 947w, https:\/\/grossklein-immobilien.de\/de\/wp-content\/uploads\/2026\/03\/graefekiez-berlin-strassencafe-300x243.webp 300w, https:\/\/grossklein-immobilien.de\/de\/wp-content\/uploads\/2026\/03\/graefekiez-berlin-strassencafe.webp 1200w\" data-sizes=\"(max-width: 947px) 100vw, 947px\" src=\"data:image\/svg+xml;base64,PHN2ZyB3aWR0aD0iMSIgaGVpZ2h0PSIxIiB4bWxucz0iaHR0cDovL3d3dy53My5vcmcvMjAwMC9zdmciPjwvc3ZnPg==\" \/><\/figure><\/div>\n\n<div class=\"wp-block-column is-vertically-aligned-center is-layout-flow wp-block-column-is-layout-flow\" style=\"flex-basis:55%\"><p style=\"text-align: justify;\">Der Gr\u00e4fekiez z\u00e4hlt zu den beliebtesten Mikrolagen in Kreuzberg. Gr\u00fcnderzeitliche Altbauten, ruhige Stra\u00dfenz\u00fcge und die N\u00e4he zum Landwehrkanal machen den Kiez sowohl f\u00fcr Eigennutzer als auch f\u00fcr Kapitalanleger attraktiv. Besonders rund um Gr\u00e4festra\u00dfe, Dieffenbachstra\u00dfe und B\u00f6ckhstra\u00dfe befinden sich viele gefragte Eigentumswohnungen.<\/p>\n<p style=\"text-align: justify;\">Aufgrund von Milieuschutzregelungen, begrenztem Angebot und hoher Nachfrage ist eine fundierte Immobilienbewertung im Gr\u00e4fekiez besonders wichtig. Besonders rund um die Gr\u00e4festra\u00dfe, den Landwehrkanal und die angrenzenden Altbauquartiere sind Eigentumswohnungen sehr gefragt.<\/p><\/div><\/div><div style=\"height:25px\" aria-hidden=\"true\" class=\"wp-block-spacer\"><\/div><h2 class=\"wp-block-heading has-text-align-center has-black-color has-text-color has-link-color wp-elements-a71c46e8cc767c6fdd2440d85f6391b2\">Immobilie im Gr\u00e4fekiez verkaufen \u2013 jetzt bewerten lassen<\/h2><div style=\"height:18px\" aria-hidden=\"true\" class=\"wp-block-spacer\"><\/div><p>Wenn Sie eine Wohnung oder ein Haus im Gr\u00e4fekiez verkaufen m\u00f6chten, unterst\u00fctzen wir Sie als Immobilienmakler in <a href=\"https:\/\/grossklein-immobilien.de\/de\/immobilienmakler-berlin-kreuzberg\/\">Berlin Kreuzberg<\/a> mit fundierter Marktkenntnis und pers\u00f6nlicher Beratung.<\/p>\n<p style=\"text-align: center;\">Nutzen Sie jetzt unsere <a href=\"https:\/\/grossklein-immobilien.de\/de\/immobilie-bewerten-berlin\/\">kostenlose Immobilienbewertung in Berlin<\/a>.<\/p><div style=\"height:25px\" aria-hidden=\"true\" class=\"wp-block-spacer\"><\/div><h2 class=\"wp-block-heading has-text-align-center has-black-color has-text-color has-link-color wp-elements-ede0322114dc59680c74a7b624adf87c\">H\u00e4ufige Fragen zum Immobilienverkauf im Gr\u00e4fekiez<\/h2><div style=\"height:18px\" aria-hidden=\"true\" class=\"wp-block-spacer\"><\/div><div class=\"schema-faq wp-block-yoast-faq-block\"><div class=\"schema-faq-section\" id=\"faq-question-1774299039123\"><strong class=\"schema-faq-question\">Warum ist der Gr\u00e4fekiez in Berlin Kreuzberg so gefragt?<\/strong> <p class=\"schema-faq-answer\">Der Gr\u00e4fekiez z\u00e4hlt zu den beliebtesten Wohnlagen in Berlin Kreuzberg. Gr\u00fcnderzeitliche Altbauten, ruhige Seitenstra\u00dfen und die N\u00e4he zum Landwehrkanal machen den Kiez sowohl f\u00fcr Eigennutzer als auch f\u00fcr Kapitalanleger besonders attraktiv. Die hohe Nachfrage sorgt f\u00fcr stabile Immobilienpreise.<\/p> <\/div> <div class=\"schema-faq-section\" id=\"faq-question-1774299059405\"><strong class=\"schema-faq-question\">Wie entwickeln sich Immobilienpreise im Gr\u00e4fekiez?<\/strong> <p class=\"schema-faq-answer\">Aufgrund der hohen Nachfrage und des begrenzten Angebots geh\u00f6ren Immobilien im Gr\u00e4fekiez zu den gefragteren Lagen in Kreuzberg. Faktoren wie Altbauzustand, Lage innerhalb des Kiezes, Vermietungssituation und Milieuschutzregelungen beeinflussen den Verkaufspreis erheblich.<\/p> <\/div> <div class=\"schema-faq-section\" id=\"faq-question-1774299084429\"><strong class=\"schema-faq-question\">Wann ist der richtige Zeitpunkt, eine Immobilie im Gr\u00e4fekiez zu verkaufen?<\/strong> <p class=\"schema-faq-answer\">Der optimale Verkaufszeitpunkt h\u00e4ngt von der individuellen Immobilie und der aktuellen Marktsituation ab. Gerade im Gr\u00e4fekiez ist eine realistische Immobilienbewertung entscheidend, um den bestm\u00f6glichen Verkaufspreis zu erzielen und die Vermarktungsdauer zu optimieren.<\/p> <\/div> <\/div>","protected":false},"excerpt":{"rendered":"<p>Gross &amp; Klein Immobilien Immobilienmakler Gr\u00e4fekiez in Berlin Kreuzberg Als Immobilienmakler im Gr\u00e4fekiez in Berlin Kreuzberg begleiten wir Eigent\u00fcmer beim Verkauf von Altbauwohnungen, Eigentumswohnungen und Mehrfamilienh\u00e4usern in einer der gefragtesten Wohnlagen im Bezirk. Der Gr\u00e4fekiez rund um Gr\u00e4festra\u00dfe, B\u00f6ckhstra\u00dfe und den Landwehrkanal ist besonders bei Eigennutzern beliebt und zeichnet sich durch sanierte Altbauten, ruhige Seitenstra\u00dfen &hellip; <a href=\"https:\/\/grossklein-immobilien.de\/de\/immobilienmakler-graefekiez-berlin-kreuzberg\/\" class=\"more-link\"><span class=\"screen-reader-text\">Gr\u00e4fekiez Kreuzberg<\/span> weiterlesen <span class=\"meta-nav\">&rarr;<\/span><\/a><\/p>\n","protected":false},"author":2,"featured_media":0,"parent":0,"menu_order":0,"comment_status":"closed","ping_status":"closed","template":"","meta":{"_uag_custom_page_level_css":"","ngg_post_thumbnail":0,"footnotes":""},"class_list":["post-33625","page","type-page","status-publish","hentry"],"yoast_head":"<!-- This site is optimized with the Yoast SEO plugin v26.8 - https:\/\/yoast.com\/product\/yoast-seo-wordpress\/ -->\n<title>Immobilienmakler Graefekiez Berlin | Gross &amp; Klein Immobilien<\/title>\n<meta name=\"description\" content=\"Immobilienmakler Graefekiez Berlin. Gross &amp; Klein Immobilien unterst\u00fctzt Eigent\u00fcmer beim Verkauf von Wohnungen &amp; H\u00e4usern im Graefekiez in Berlin Kreuzberg.\" \/>\n<meta name=\"robots\" content=\"index, follow, max-snippet:-1, max-image-preview:large, max-video-preview:-1\" \/>\n<link rel=\"canonical\" href=\"https:\/\/grossklein-immobilien.de\/de\/immobilienmakler-graefekiez-berlin-kreuzberg\/\" \/>\n<meta property=\"og:locale\" content=\"de_DE\" \/>\n<meta property=\"og:type\" content=\"article\" \/>\n<meta property=\"og:title\" content=\"Immobilienmakler Graefekiez Berlin | Gross &amp; Klein Immobilien\" \/>\n<meta property=\"og:description\" content=\"Immobilienmakler Graefekiez Berlin. Gross &amp; Klein Immobilien unterst\u00fctzt Eigent\u00fcmer beim Verkauf von Wohnungen &amp; H\u00e4usern im Graefekiez in Berlin Kreuzberg.\" \/>\n<meta property=\"og:url\" content=\"https:\/\/grossklein-immobilien.de\/de\/immobilienmakler-graefekiez-berlin-kreuzberg\/\" \/>\n<meta property=\"article:publisher\" content=\"https:\/\/www.facebook.com\/TOMIC-IMMOBILIEN-110945718988806\/\" \/>\n<meta property=\"article:modified_time\" content=\"2026-03-25T13:06:02+00:00\" \/>\n<meta property=\"og:image\" content=\"https:\/\/grossklein-immobilien.de\/de\/wp-content\/uploads\/2026\/03\/graefekiez-berlin-altbau.webp\" \/>\n\t<meta property=\"og:image:width\" content=\"1200\" \/>\n\t<meta property=\"og:image:height\" content=\"675\" \/>\n\t<meta property=\"og:image:type\" content=\"image\/webp\" \/>\n<meta name=\"twitter:card\" content=\"summary_large_image\" \/>\n<meta name=\"twitter:site\" content=\"@draz_tomic\" \/>\n<meta name=\"twitter:label1\" content=\"Gesch\u00e4tzte Lesezeit\" \/>\n\t<meta name=\"twitter:data1\" content=\"3\u00a0Minuten\" \/>\n<script type=\"application\/ld+json\" class=\"yoast-schema-graph\">{\"@context\":\"https:\/\/schema.org\",\"@graph\":[{\"@type\":[\"WebPage\",\"FAQPage\"],\"@id\":\"https:\/\/grossklein-immobilien.de\/de\/immobilienmakler-graefekiez-berlin-kreuzberg\/\",\"url\":\"https:\/\/grossklein-immobilien.de\/de\/immobilienmakler-graefekiez-berlin-kreuzberg\/\",\"name\":\"Immobilienmakler Graefekiez Berlin | Gross & Klein Immobilien\",\"isPartOf\":{\"@id\":\"https:\/\/grossklein-immobilien.de\/de\/#website\"},\"primaryImageOfPage\":{\"@id\":\"https:\/\/grossklein-immobilien.de\/de\/immobilienmakler-graefekiez-berlin-kreuzberg\/#primaryimage\"},\"image\":{\"@id\":\"https:\/\/grossklein-immobilien.de\/de\/immobilienmakler-graefekiez-berlin-kreuzberg\/#primaryimage\"},\"thumbnailUrl\":\"https:\/\/grossklein-immobilien.de\/de\/wp-content\/uploads\/2026\/03\/graefekiez-berlin-altbau-1024x576.webp\",\"datePublished\":\"2026-03-24T13:12:17+00:00\",\"dateModified\":\"2026-03-25T13:06:02+00:00\",\"description\":\"Immobilienmakler Graefekiez Berlin. Gross & Klein Immobilien unterst\u00fctzt Eigent\u00fcmer beim Verkauf von Wohnungen & H\u00e4usern im Graefekiez in Berlin Kreuzberg.\",\"breadcrumb\":{\"@id\":\"https:\/\/grossklein-immobilien.de\/de\/immobilienmakler-graefekiez-berlin-kreuzberg\/#breadcrumb\"},\"mainEntity\":[{\"@id\":\"https:\/\/grossklein-immobilien.de\/de\/immobilienmakler-graefekiez-berlin-kreuzberg\/#faq-question-1774299039123\"},{\"@id\":\"https:\/\/grossklein-immobilien.de\/de\/immobilienmakler-graefekiez-berlin-kreuzberg\/#faq-question-1774299059405\"},{\"@id\":\"https:\/\/grossklein-immobilien.de\/de\/immobilienmakler-graefekiez-berlin-kreuzberg\/#faq-question-1774299084429\"}],\"inLanguage\":\"de\",\"potentialAction\":[{\"@type\":\"ReadAction\",\"target\":[\"https:\/\/grossklein-immobilien.de\/de\/immobilienmakler-graefekiez-berlin-kreuzberg\/\"]}]},{\"@type\":\"ImageObject\",\"inLanguage\":\"de\",\"@id\":\"https:\/\/grossklein-immobilien.de\/de\/immobilienmakler-graefekiez-berlin-kreuzberg\/#primaryimage\",\"url\":\"https:\/\/grossklein-immobilien.de\/de\/wp-content\/uploads\/2026\/03\/graefekiez-berlin-altbau.webp\",\"contentUrl\":\"https:\/\/grossklein-immobilien.de\/de\/wp-content\/uploads\/2026\/03\/graefekiez-berlin-altbau.webp\",\"width\":1200,\"height\":675},{\"@type\":\"BreadcrumbList\",\"@id\":\"https:\/\/grossklein-immobilien.de\/de\/immobilienmakler-graefekiez-berlin-kreuzberg\/#breadcrumb\",\"itemListElement\":[{\"@type\":\"ListItem\",\"position\":1,\"name\":\"Home\",\"item\":\"https:\/\/grossklein-immobilien.de\/de\/\"},{\"@type\":\"ListItem\",\"position\":2,\"name\":\"Gr\u00e4fekiez Kreuzberg\"}]},{\"@type\":\"WebSite\",\"@id\":\"https:\/\/grossklein-immobilien.de\/de\/#website\",\"url\":\"https:\/\/grossklein-immobilien.de\/de\/\",\"name\":\"\",\"description\":\"\",\"potentialAction\":[{\"@type\":\"SearchAction\",\"target\":{\"@type\":\"EntryPoint\",\"urlTemplate\":\"https:\/\/grossklein-immobilien.de\/de\/?s={search_term_string}\"},\"query-input\":{\"@type\":\"PropertyValueSpecification\",\"valueRequired\":true,\"valueName\":\"search_term_string\"}}],\"inLanguage\":\"de\"},{\"@type\":\"Question\",\"@id\":\"https:\/\/grossklein-immobilien.de\/de\/immobilienmakler-graefekiez-berlin-kreuzberg\/#faq-question-1774299039123\",\"position\":1,\"url\":\"https:\/\/grossklein-immobilien.de\/de\/immobilienmakler-graefekiez-berlin-kreuzberg\/#faq-question-1774299039123\",\"name\":\"Warum ist der Gr\u00e4fekiez in Berlin Kreuzberg so gefragt?\",\"answerCount\":1,\"acceptedAnswer\":{\"@type\":\"Answer\",\"text\":\"Der Gr\u00e4fekiez z\u00e4hlt zu den beliebtesten Wohnlagen in Berlin Kreuzberg. Gr\u00fcnderzeitliche Altbauten, ruhige Seitenstra\u00dfen und die N\u00e4he zum Landwehrkanal machen den Kiez sowohl f\u00fcr Eigennutzer als auch f\u00fcr Kapitalanleger besonders attraktiv. Die hohe Nachfrage sorgt f\u00fcr stabile Immobilienpreise.\",\"inLanguage\":\"de\"},\"inLanguage\":\"de\"},{\"@type\":\"Question\",\"@id\":\"https:\/\/grossklein-immobilien.de\/de\/immobilienmakler-graefekiez-berlin-kreuzberg\/#faq-question-1774299059405\",\"position\":2,\"url\":\"https:\/\/grossklein-immobilien.de\/de\/immobilienmakler-graefekiez-berlin-kreuzberg\/#faq-question-1774299059405\",\"name\":\"Wie entwickeln sich Immobilienpreise im Gr\u00e4fekiez?\",\"answerCount\":1,\"acceptedAnswer\":{\"@type\":\"Answer\",\"text\":\"Aufgrund der hohen Nachfrage und des begrenzten Angebots geh\u00f6ren Immobilien im Gr\u00e4fekiez zu den gefragteren Lagen in Kreuzberg. Faktoren wie Altbauzustand, Lage innerhalb des Kiezes, Vermietungssituation und Milieuschutzregelungen beeinflussen den Verkaufspreis erheblich.\",\"inLanguage\":\"de\"},\"inLanguage\":\"de\"},{\"@type\":\"Question\",\"@id\":\"https:\/\/grossklein-immobilien.de\/de\/immobilienmakler-graefekiez-berlin-kreuzberg\/#faq-question-1774299084429\",\"position\":3,\"url\":\"https:\/\/grossklein-immobilien.de\/de\/immobilienmakler-graefekiez-berlin-kreuzberg\/#faq-question-1774299084429\",\"name\":\"Wann ist der richtige Zeitpunkt, eine Immobilie im Gr\u00e4fekiez zu verkaufen?\",\"answerCount\":1,\"acceptedAnswer\":{\"@type\":\"Answer\",\"text\":\"Der optimale Verkaufszeitpunkt h\u00e4ngt von der individuellen Immobilie und der aktuellen Marktsituation ab. Gerade im Gr\u00e4fekiez ist eine realistische Immobilienbewertung entscheidend, um den bestm\u00f6glichen Verkaufspreis zu erzielen und die Vermarktungsdauer zu optimieren.\",\"inLanguage\":\"de\"},\"inLanguage\":\"de\"}]}<\/script>\n<!-- \/ Yoast SEO plugin. -->","yoast_head_json":{"title":"Immobilienmakler Graefekiez Berlin | Gross & Klein Immobilien","description":"Immobilienmakler Graefekiez Berlin. Gross & Klein Immobilien unterst\u00fctzt Eigent\u00fcmer beim Verkauf von Wohnungen & H\u00e4usern im Graefekiez in Berlin Kreuzberg.","robots":{"index":"index","follow":"follow","max-snippet":"max-snippet:-1","max-image-preview":"max-image-preview:large","max-video-preview":"max-video-preview:-1"},"canonical":"https:\/\/grossklein-immobilien.de\/de\/immobilienmakler-graefekiez-berlin-kreuzberg\/","og_locale":"de_DE","og_type":"article","og_title":"Immobilienmakler Graefekiez Berlin | Gross & Klein Immobilien","og_description":"Immobilienmakler Graefekiez Berlin. Gross & Klein Immobilien unterst\u00fctzt Eigent\u00fcmer beim Verkauf von Wohnungen & H\u00e4usern im Graefekiez in Berlin Kreuzberg.","og_url":"https:\/\/grossklein-immobilien.de\/de\/immobilienmakler-graefekiez-berlin-kreuzberg\/","article_publisher":"https:\/\/www.facebook.com\/TOMIC-IMMOBILIEN-110945718988806\/","article_modified_time":"2026-03-25T13:06:02+00:00","og_image":[{"width":1200,"height":675,"url":"https:\/\/grossklein-immobilien.de\/de\/wp-content\/uploads\/2026\/03\/graefekiez-berlin-altbau.webp","type":"image\/webp"}],"twitter_card":"summary_large_image","twitter_site":"@draz_tomic","twitter_misc":{"Gesch\u00e4tzte Lesezeit":"3\u00a0Minuten"},"schema":{"@context":"https:\/\/schema.org","@graph":[{"@type":["WebPage","FAQPage"],"@id":"https:\/\/grossklein-immobilien.de\/de\/immobilienmakler-graefekiez-berlin-kreuzberg\/","url":"https:\/\/grossklein-immobilien.de\/de\/immobilienmakler-graefekiez-berlin-kreuzberg\/","name":"Immobilienmakler Graefekiez Berlin | Gross & Klein Immobilien","isPartOf":{"@id":"https:\/\/grossklein-immobilien.de\/de\/#website"},"primaryImageOfPage":{"@id":"https:\/\/grossklein-immobilien.de\/de\/immobilienmakler-graefekiez-berlin-kreuzberg\/#primaryimage"},"image":{"@id":"https:\/\/grossklein-immobilien.de\/de\/immobilienmakler-graefekiez-berlin-kreuzberg\/#primaryimage"},"thumbnailUrl":"https:\/\/grossklein-immobilien.de\/de\/wp-content\/uploads\/2026\/03\/graefekiez-berlin-altbau-1024x576.webp","datePublished":"2026-03-24T13:12:17+00:00","dateModified":"2026-03-25T13:06:02+00:00","description":"Immobilienmakler Graefekiez Berlin. Gross & Klein Immobilien unterst\u00fctzt Eigent\u00fcmer beim Verkauf von Wohnungen & H\u00e4usern im Graefekiez in Berlin Kreuzberg.","breadcrumb":{"@id":"https:\/\/grossklein-immobilien.de\/de\/immobilienmakler-graefekiez-berlin-kreuzberg\/#breadcrumb"},"mainEntity":[{"@id":"https:\/\/grossklein-immobilien.de\/de\/immobilienmakler-graefekiez-berlin-kreuzberg\/#faq-question-1774299039123"},{"@id":"https:\/\/grossklein-immobilien.de\/de\/immobilienmakler-graefekiez-berlin-kreuzberg\/#faq-question-1774299059405"},{"@id":"https:\/\/grossklein-immobilien.de\/de\/immobilienmakler-graefekiez-berlin-kreuzberg\/#faq-question-1774299084429"}],"inLanguage":"de","potentialAction":[{"@type":"ReadAction","target":["https:\/\/grossklein-immobilien.de\/de\/immobilienmakler-graefekiez-berlin-kreuzberg\/"]}]},{"@type":"ImageObject","inLanguage":"de","@id":"https:\/\/grossklein-immobilien.de\/de\/immobilienmakler-graefekiez-berlin-kreuzberg\/#primaryimage","url":"https:\/\/grossklein-immobilien.de\/de\/wp-content\/uploads\/2026\/03\/graefekiez-berlin-altbau.webp","contentUrl":"https:\/\/grossklein-immobilien.de\/de\/wp-content\/uploads\/2026\/03\/graefekiez-berlin-altbau.webp","width":1200,"height":675},{"@type":"BreadcrumbList","@id":"https:\/\/grossklein-immobilien.de\/de\/immobilienmakler-graefekiez-berlin-kreuzberg\/#breadcrumb","itemListElement":[{"@type":"ListItem","position":1,"name":"Home","item":"https:\/\/grossklein-immobilien.de\/de\/"},{"@type":"ListItem","position":2,"name":"Gr\u00e4fekiez Kreuzberg"}]},{"@type":"WebSite","@id":"https:\/\/grossklein-immobilien.de\/de\/#website","url":"https:\/\/grossklein-immobilien.de\/de\/","name":"","description":"","potentialAction":[{"@type":"SearchAction","target":{"@type":"EntryPoint","urlTemplate":"https:\/\/grossklein-immobilien.de\/de\/?s={search_term_string}"},"query-input":{"@type":"PropertyValueSpecification","valueRequired":true,"valueName":"search_term_string"}}],"inLanguage":"de"},{"@type":"Question","@id":"https:\/\/grossklein-immobilien.de\/de\/immobilienmakler-graefekiez-berlin-kreuzberg\/#faq-question-1774299039123","position":1,"url":"https:\/\/grossklein-immobilien.de\/de\/immobilienmakler-graefekiez-berlin-kreuzberg\/#faq-question-1774299039123","name":"Warum ist der Gr\u00e4fekiez in Berlin Kreuzberg so gefragt?","answerCount":1,"acceptedAnswer":{"@type":"Answer","text":"Der Gr\u00e4fekiez z\u00e4hlt zu den beliebtesten Wohnlagen in Berlin Kreuzberg. Gr\u00fcnderzeitliche Altbauten, ruhige Seitenstra\u00dfen und die N\u00e4he zum Landwehrkanal machen den Kiez sowohl f\u00fcr Eigennutzer als auch f\u00fcr Kapitalanleger besonders attraktiv. Die hohe Nachfrage sorgt f\u00fcr stabile Immobilienpreise.","inLanguage":"de"},"inLanguage":"de"},{"@type":"Question","@id":"https:\/\/grossklein-immobilien.de\/de\/immobilienmakler-graefekiez-berlin-kreuzberg\/#faq-question-1774299059405","position":2,"url":"https:\/\/grossklein-immobilien.de\/de\/immobilienmakler-graefekiez-berlin-kreuzberg\/#faq-question-1774299059405","name":"Wie entwickeln sich Immobilienpreise im Gr\u00e4fekiez?","answerCount":1,"acceptedAnswer":{"@type":"Answer","text":"Aufgrund der hohen Nachfrage und des begrenzten Angebots geh\u00f6ren Immobilien im Gr\u00e4fekiez zu den gefragteren Lagen in Kreuzberg. Faktoren wie Altbauzustand, Lage innerhalb des Kiezes, Vermietungssituation und Milieuschutzregelungen beeinflussen den Verkaufspreis erheblich.","inLanguage":"de"},"inLanguage":"de"},{"@type":"Question","@id":"https:\/\/grossklein-immobilien.de\/de\/immobilienmakler-graefekiez-berlin-kreuzberg\/#faq-question-1774299084429","position":3,"url":"https:\/\/grossklein-immobilien.de\/de\/immobilienmakler-graefekiez-berlin-kreuzberg\/#faq-question-1774299084429","name":"Wann ist der richtige Zeitpunkt, eine Immobilie im Gr\u00e4fekiez zu verkaufen?","answerCount":1,"acceptedAnswer":{"@type":"Answer","text":"Der optimale Verkaufszeitpunkt h\u00e4ngt von der individuellen Immobilie und der aktuellen Marktsituation ab. Gerade im Gr\u00e4fekiez ist eine realistische Immobilienbewertung entscheidend, um den bestm\u00f6glichen Verkaufspreis zu erzielen und die Vermarktungsdauer zu optimieren.","inLanguage":"de"},"inLanguage":"de"}]}},"uagb_featured_image_src":{"full":false,"thumbnail":false,"medium":false,"medium_large":false,"large":false,"1536x1536":false,"2048x2048":false,"post-thumbnail":false,"woocommerce_thumbnail":false,"woocommerce_single":false,"woocommerce_gallery_thumbnail":false},"uagb_author_info":{"display_name":"Drazan Tomic","author_link":"https:\/\/grossklein-immobilien.de\/de\/author\/tomic-autor\/"},"uagb_comment_info":0,"uagb_excerpt":"Gross &amp; Klein Immobilien Immobilienmakler Gr\u00e4fekiez in Berlin Kreuzberg Als Immobilienmakler im Gr\u00e4fekiez in Berlin Kreuzberg begleiten wir Eigent\u00fcmer beim Verkauf von Altbauwohnungen, Eigentumswohnungen und Mehrfamilienh\u00e4usern in einer der gefragtesten Wohnlagen im Bezirk. Der Gr\u00e4fekiez rund um Gr\u00e4festra\u00dfe, B\u00f6ckhstra\u00dfe und den Landwehrkanal ist besonders bei Eigennutzern beliebt und zeichnet sich durch sanierte Altbauten, ruhige Seitenstra\u00dfen&hellip;","_links":{"self":[{"href":"https:\/\/grossklein-immobilien.de\/de\/wp-json\/wp\/v2\/pages\/33625","targetHints":{"allow":["GET"]}}],"collection":[{"href":"https:\/\/grossklein-immobilien.de\/de\/wp-json\/wp\/v2\/pages"}],"about":[{"href":"https:\/\/grossklein-immobilien.de\/de\/wp-json\/wp\/v2\/types\/page"}],"author":[{"embeddable":true,"href":"https:\/\/grossklein-immobilien.de\/de\/wp-json\/wp\/v2\/users\/2"}],"replies":[{"embeddable":true,"href":"https:\/\/grossklein-immobilien.de\/de\/wp-json\/wp\/v2\/comments?post=33625"}],"version-history":[{"count":20,"href":"https:\/\/grossklein-immobilien.de\/de\/wp-json\/wp\/v2\/pages\/33625\/revisions"}],"predecessor-version":[{"id":33651,"href":"https:\/\/grossklein-immobilien.de\/de\/wp-json\/wp\/v2\/pages\/33625\/revisions\/33651"}],"wp:attachment":[{"href":"https:\/\/grossklein-immobilien.de\/de\/wp-json\/wp\/v2\/media?parent=33625"}],"curies":[{"name":"wp","href":"https:\/\/api.w.org\/{rel}","templated":true}]}}