{"id":5342,"date":"2017-11-06T20:49:10","date_gmt":"2017-11-06T19:49:10","guid":{"rendered":"http:\/\/grossklein-immobilien.de\/de\/?page_id=5342"},"modified":"2017-11-06T21:42:44","modified_gmt":"2017-11-06T20:42:44","slug":"kaufmap-berlin-2016","status":"publish","type":"page","link":"https:\/\/grossklein-immobilien.de\/de\/kaufmap-berlin-2016\/","title":{"rendered":"Kaufmap Berlin 2016"},"content":{"rendered":"<h2 style=\"text-align: center;\">Kaufmap 2016 f\u00fcr Bestandswohnungen sowie Neubauwohnungen in Berlin<\/h2>\n<p style=\"text-align: justify;\">Hier finden Sie eine \u00dcbersicht der Kaufpreise von 2016 um die Entwicklung f\u00fcr Eigentumswohnungen an Berlins Immobilienmarkt besser nachverfolgen zu k\u00f6nnen. Eine \u00dcbersicht f\u00fcr das laufenden Jahr 2017 steht aktuell noch nicht zur Verf\u00fcgung aber ein weiterer Preisanstieg ist am Markt eindeutig zu beobachten.<\/p>\n<hr>\n<h3 style=\"text-align: center;\">Sie m\u00f6chten sich \u00fcber die aktuellen Immobilienpreise informieren?<\/h3>\n<div class=\"twocolumn\">\n<p style=\"text-align: justify;\">Das Portal Immoscout hat uns freundlicherweise zwei \u00dcbersichten zur Verf\u00fcgung gestellt. Sie finden auf unserer Webseite \u00dcbersichten der durchschnittlichen Kaufpreise f\u00fcr Neubauwohnungen und Bestandswohnungen f\u00fcr die einzelnen Bezirke. Auf einen Blick sehen Sie die erzielbaren Preise f\u00fcr Wohnungen in Friedrichshagen oder Reinickendorf, Spandau oder Lichtenrade in 2016. Eine erste Orientierung f\u00fcr den Preis bietet auch ein Bericht aus dem Tagesspiegel vom 25.4.2016. Der Artikel informiert dar\u00fcber, dass die Wohnungspreise innerhalb der S-Bahnrings von 2.800EUR\/m\u00b2 auf 3.200EUR\/ m\u00b2 gestiegen sind. Die Entwicklung ist fortlaufend &#8211; erzielen auch Sie mit unserer Hilfe einen ausgezeichneten Preis f\u00fcr Ihre Berliner Wohnung!<\/p>\n<\/div>\n<hr>\n<p>&nbsp;<\/p>\n<p><a href=\"http:\/\/www.immobilienscout24.de\/neubau\/ratgeber\/aktuelle-neubau-themen\/kauf-map-berlin-2016.html\"><img decoding=\"async\" class=\"aligncenter lazyload\" title=\"Kauf Map Berlin | Neubau Wohnungen\" data-src=\"http:\/\/www.immobilienscout24.de\/content\/dam\/is24\/neubau\/bilder\/kauf-map-2016-neubauwohnungen.jpg\" alt=\"Wohnung verkaufen Berlin\" height=\"2739\" width=\"3166\" src=\"data:image\/svg+xml;base64,PHN2ZyB3aWR0aD0iMSIgaGVpZ2h0PSIxIiB4bWxucz0iaHR0cDovL3d3dy53My5vcmcvMjAwMC9zdmciPjwvc3ZnPg==\" style=\"--smush-placeholder-width: 3166px; --smush-placeholder-aspect-ratio: 3166\/2739;\"><\/a><\/p>\n<hr>\n<p><a href=\"http:\/\/www.immobilienscout24.de\/neubau\/ratgeber\/aktuelle-neubau-themen\/kauf-map-berlin-2016.html\"><img decoding=\"async\" class=\"aligncenter lazyload\" title=\"Kauf Map Berlin | Besstandswohnungen\" data-src=\"http:\/\/www.immobilienscout24.de\/content\/dam\/is24\/neubau\/bilder\/kauf-map-2016-bestandswohnungen.jpg\" alt=\"Wohnung verkaufen berlin\" height=\"2739\" width=\"3166\" src=\"data:image\/svg+xml;base64,PHN2ZyB3aWR0aD0iMSIgaGVpZ2h0PSIxIiB4bWxucz0iaHR0cDovL3d3dy53My5vcmcvMjAwMC9zdmciPjwvc3ZnPg==\" style=\"--smush-placeholder-width: 3166px; --smush-placeholder-aspect-ratio: 3166\/2739;\"><\/a><\/p>\n","protected":false},"excerpt":{"rendered":"<p>Kaufmap 2016 f\u00fcr Bestandswohnungen sowie Neubauwohnungen in Berlin Hier finden Sie eine \u00dcbersicht der Kaufpreise von 2016 um die Entwicklung f\u00fcr Eigentumswohnungen an Berlins Immobilienmarkt besser nachverfolgen zu k\u00f6nnen. Eine \u00dcbersicht f\u00fcr das laufenden Jahr 2017 steht aktuell noch nicht zur Verf\u00fcgung aber ein weiterer Preisanstieg ist am Markt eindeutig zu beobachten. Sie m\u00f6chten sich &hellip; <a href=\"https:\/\/grossklein-immobilien.de\/de\/kaufmap-berlin-2016\/\" class=\"more-link\"><span class=\"screen-reader-text\">Kaufmap Berlin 2016<\/span> weiterlesen <span class=\"meta-nav\">&rarr;<\/span><\/a><\/p>\n","protected":false},"author":2,"featured_media":0,"parent":0,"menu_order":0,"comment_status":"closed","ping_status":"closed","template":"","meta":{"_uag_custom_page_level_css":"","ngg_post_thumbnail":0,"footnotes":""},"class_list":["post-5342","page","type-page","status-publish","hentry"],"yoast_head":"<!-- This site is optimized with the Yoast SEO plugin v26.8 - https:\/\/yoast.com\/product\/yoast-seo-wordpress\/ -->\n<title>Kaufmap Berlin 2016 - Bestandswohnungen und Neubauwohnungen<\/title>\n<meta name=\"robots\" content=\"index, follow, max-snippet:-1, max-image-preview:large, max-video-preview:-1\" \/>\n<link rel=\"canonical\" href=\"https:\/\/grossklein-immobilien.de\/de\/kaufmap-berlin-2016\/\" \/>\n<meta property=\"og:locale\" content=\"de_DE\" \/>\n<meta property=\"og:type\" content=\"article\" \/>\n<meta property=\"og:title\" content=\"Kaufmap Berlin 2016 - Bestandswohnungen und Neubauwohnungen\" \/>\n<meta property=\"og:description\" content=\"Kaufmap 2016 f\u00fcr Bestandswohnungen sowie Neubauwohnungen in Berlin Hier finden Sie eine \u00dcbersicht der Kaufpreise von 2016 um die Entwicklung f\u00fcr Eigentumswohnungen an Berlins Immobilienmarkt besser nachverfolgen zu k\u00f6nnen. Eine \u00dcbersicht f\u00fcr das laufenden Jahr 2017 steht aktuell noch nicht zur Verf\u00fcgung aber ein weiterer Preisanstieg ist am Markt eindeutig zu beobachten. Sie m\u00f6chten sich &hellip; Kaufmap Berlin 2016 weiterlesen &rarr;\" \/>\n<meta property=\"og:url\" content=\"https:\/\/grossklein-immobilien.de\/de\/kaufmap-berlin-2016\/\" \/>\n<meta property=\"article:publisher\" content=\"https:\/\/www.facebook.com\/TOMIC-IMMOBILIEN-110945718988806\/\" \/>\n<meta property=\"article:modified_time\" content=\"2017-11-06T20:42:44+00:00\" \/>\n<meta property=\"og:image\" content=\"http:\/\/www.immobilienscout24.de\/content\/dam\/is24\/neubau\/bilder\/kauf-map-2016-neubauwohnungen.jpg\" \/>\n<meta name=\"twitter:card\" content=\"summary_large_image\" \/>\n<meta name=\"twitter:site\" content=\"@draz_tomic\" \/>\n<meta name=\"twitter:label1\" content=\"Gesch\u00e4tzte Lesezeit\" \/>\n\t<meta name=\"twitter:data1\" content=\"1\u00a0Minute\" \/>\n<script type=\"application\/ld+json\" class=\"yoast-schema-graph\">{\"@context\":\"https:\/\/schema.org\",\"@graph\":[{\"@type\":\"WebPage\",\"@id\":\"https:\/\/grossklein-immobilien.de\/de\/kaufmap-berlin-2016\/\",\"url\":\"https:\/\/grossklein-immobilien.de\/de\/kaufmap-berlin-2016\/\",\"name\":\"Kaufmap Berlin 2016 - Bestandswohnungen und Neubauwohnungen\",\"isPartOf\":{\"@id\":\"https:\/\/grossklein-immobilien.de\/de\/#website\"},\"primaryImageOfPage\":{\"@id\":\"https:\/\/grossklein-immobilien.de\/de\/kaufmap-berlin-2016\/#primaryimage\"},\"image\":{\"@id\":\"https:\/\/grossklein-immobilien.de\/de\/kaufmap-berlin-2016\/#primaryimage\"},\"thumbnailUrl\":\"http:\/\/www.immobilienscout24.de\/content\/dam\/is24\/neubau\/bilder\/kauf-map-2016-neubauwohnungen.jpg\",\"datePublished\":\"2017-11-06T19:49:10+00:00\",\"dateModified\":\"2017-11-06T20:42:44+00:00\",\"breadcrumb\":{\"@id\":\"https:\/\/grossklein-immobilien.de\/de\/kaufmap-berlin-2016\/#breadcrumb\"},\"inLanguage\":\"de\",\"potentialAction\":[{\"@type\":\"ReadAction\",\"target\":[\"https:\/\/grossklein-immobilien.de\/de\/kaufmap-berlin-2016\/\"]}]},{\"@type\":\"ImageObject\",\"inLanguage\":\"de\",\"@id\":\"https:\/\/grossklein-immobilien.de\/de\/kaufmap-berlin-2016\/#primaryimage\",\"url\":\"http:\/\/www.immobilienscout24.de\/content\/dam\/is24\/neubau\/bilder\/kauf-map-2016-neubauwohnungen.jpg\",\"contentUrl\":\"http:\/\/www.immobilienscout24.de\/content\/dam\/is24\/neubau\/bilder\/kauf-map-2016-neubauwohnungen.jpg\"},{\"@type\":\"BreadcrumbList\",\"@id\":\"https:\/\/grossklein-immobilien.de\/de\/kaufmap-berlin-2016\/#breadcrumb\",\"itemListElement\":[{\"@type\":\"ListItem\",\"position\":1,\"name\":\"Home\",\"item\":\"https:\/\/grossklein-immobilien.de\/de\/\"},{\"@type\":\"ListItem\",\"position\":2,\"name\":\"Kaufmap Berlin 2016\"}]},{\"@type\":\"WebSite\",\"@id\":\"https:\/\/grossklein-immobilien.de\/de\/#website\",\"url\":\"https:\/\/grossklein-immobilien.de\/de\/\",\"name\":\"\",\"description\":\"\",\"potentialAction\":[{\"@type\":\"SearchAction\",\"target\":{\"@type\":\"EntryPoint\",\"urlTemplate\":\"https:\/\/grossklein-immobilien.de\/de\/?s={search_term_string}\"},\"query-input\":{\"@type\":\"PropertyValueSpecification\",\"valueRequired\":true,\"valueName\":\"search_term_string\"}}],\"inLanguage\":\"de\"}]}<\/script>\n<!-- \/ Yoast SEO plugin. -->","yoast_head_json":{"title":"Kaufmap Berlin 2016 - Bestandswohnungen und Neubauwohnungen","robots":{"index":"index","follow":"follow","max-snippet":"max-snippet:-1","max-image-preview":"max-image-preview:large","max-video-preview":"max-video-preview:-1"},"canonical":"https:\/\/grossklein-immobilien.de\/de\/kaufmap-berlin-2016\/","og_locale":"de_DE","og_type":"article","og_title":"Kaufmap Berlin 2016 - Bestandswohnungen und Neubauwohnungen","og_description":"Kaufmap 2016 f\u00fcr Bestandswohnungen sowie Neubauwohnungen in Berlin Hier finden Sie eine \u00dcbersicht der Kaufpreise von 2016 um die Entwicklung f\u00fcr Eigentumswohnungen an Berlins Immobilienmarkt besser nachverfolgen zu k\u00f6nnen. Eine \u00dcbersicht f\u00fcr das laufenden Jahr 2017 steht aktuell noch nicht zur Verf\u00fcgung aber ein weiterer Preisanstieg ist am Markt eindeutig zu beobachten. Sie m\u00f6chten sich &hellip; Kaufmap Berlin 2016 weiterlesen &rarr;","og_url":"https:\/\/grossklein-immobilien.de\/de\/kaufmap-berlin-2016\/","article_publisher":"https:\/\/www.facebook.com\/TOMIC-IMMOBILIEN-110945718988806\/","article_modified_time":"2017-11-06T20:42:44+00:00","og_image":[{"url":"http:\/\/www.immobilienscout24.de\/content\/dam\/is24\/neubau\/bilder\/kauf-map-2016-neubauwohnungen.jpg","type":"","width":"","height":""}],"twitter_card":"summary_large_image","twitter_site":"@draz_tomic","twitter_misc":{"Gesch\u00e4tzte Lesezeit":"1\u00a0Minute"},"schema":{"@context":"https:\/\/schema.org","@graph":[{"@type":"WebPage","@id":"https:\/\/grossklein-immobilien.de\/de\/kaufmap-berlin-2016\/","url":"https:\/\/grossklein-immobilien.de\/de\/kaufmap-berlin-2016\/","name":"Kaufmap Berlin 2016 - Bestandswohnungen und Neubauwohnungen","isPartOf":{"@id":"https:\/\/grossklein-immobilien.de\/de\/#website"},"primaryImageOfPage":{"@id":"https:\/\/grossklein-immobilien.de\/de\/kaufmap-berlin-2016\/#primaryimage"},"image":{"@id":"https:\/\/grossklein-immobilien.de\/de\/kaufmap-berlin-2016\/#primaryimage"},"thumbnailUrl":"http:\/\/www.immobilienscout24.de\/content\/dam\/is24\/neubau\/bilder\/kauf-map-2016-neubauwohnungen.jpg","datePublished":"2017-11-06T19:49:10+00:00","dateModified":"2017-11-06T20:42:44+00:00","breadcrumb":{"@id":"https:\/\/grossklein-immobilien.de\/de\/kaufmap-berlin-2016\/#breadcrumb"},"inLanguage":"de","potentialAction":[{"@type":"ReadAction","target":["https:\/\/grossklein-immobilien.de\/de\/kaufmap-berlin-2016\/"]}]},{"@type":"ImageObject","inLanguage":"de","@id":"https:\/\/grossklein-immobilien.de\/de\/kaufmap-berlin-2016\/#primaryimage","url":"http:\/\/www.immobilienscout24.de\/content\/dam\/is24\/neubau\/bilder\/kauf-map-2016-neubauwohnungen.jpg","contentUrl":"http:\/\/www.immobilienscout24.de\/content\/dam\/is24\/neubau\/bilder\/kauf-map-2016-neubauwohnungen.jpg"},{"@type":"BreadcrumbList","@id":"https:\/\/grossklein-immobilien.de\/de\/kaufmap-berlin-2016\/#breadcrumb","itemListElement":[{"@type":"ListItem","position":1,"name":"Home","item":"https:\/\/grossklein-immobilien.de\/de\/"},{"@type":"ListItem","position":2,"name":"Kaufmap Berlin 2016"}]},{"@type":"WebSite","@id":"https:\/\/grossklein-immobilien.de\/de\/#website","url":"https:\/\/grossklein-immobilien.de\/de\/","name":"","description":"","potentialAction":[{"@type":"SearchAction","target":{"@type":"EntryPoint","urlTemplate":"https:\/\/grossklein-immobilien.de\/de\/?s={search_term_string}"},"query-input":{"@type":"PropertyValueSpecification","valueRequired":true,"valueName":"search_term_string"}}],"inLanguage":"de"}]}},"uagb_featured_image_src":{"full":false,"thumbnail":false,"medium":false,"medium_large":false,"large":false,"1536x1536":false,"2048x2048":false,"post-thumbnail":false,"woocommerce_thumbnail":false,"woocommerce_single":false,"woocommerce_gallery_thumbnail":false},"uagb_author_info":{"display_name":"Drazan Tomic","author_link":"https:\/\/grossklein-immobilien.de\/de\/author\/tomic-autor\/"},"uagb_comment_info":0,"uagb_excerpt":"Kaufmap 2016 f\u00fcr Bestandswohnungen sowie Neubauwohnungen in Berlin Hier finden Sie eine \u00dcbersicht der Kaufpreise von 2016 um die Entwicklung f\u00fcr Eigentumswohnungen an Berlins Immobilienmarkt besser nachverfolgen zu k\u00f6nnen. Eine \u00dcbersicht f\u00fcr das laufenden Jahr 2017 steht aktuell noch nicht zur Verf\u00fcgung aber ein weiterer Preisanstieg ist am Markt eindeutig zu beobachten. Sie m\u00f6chten sich&hellip;","_links":{"self":[{"href":"https:\/\/grossklein-immobilien.de\/de\/wp-json\/wp\/v2\/pages\/5342","targetHints":{"allow":["GET"]}}],"collection":[{"href":"https:\/\/grossklein-immobilien.de\/de\/wp-json\/wp\/v2\/pages"}],"about":[{"href":"https:\/\/grossklein-immobilien.de\/de\/wp-json\/wp\/v2\/types\/page"}],"author":[{"embeddable":true,"href":"https:\/\/grossklein-immobilien.de\/de\/wp-json\/wp\/v2\/users\/2"}],"replies":[{"embeddable":true,"href":"https:\/\/grossklein-immobilien.de\/de\/wp-json\/wp\/v2\/comments?post=5342"}],"version-history":[{"count":7,"href":"https:\/\/grossklein-immobilien.de\/de\/wp-json\/wp\/v2\/pages\/5342\/revisions"}],"predecessor-version":[{"id":5345,"href":"https:\/\/grossklein-immobilien.de\/de\/wp-json\/wp\/v2\/pages\/5342\/revisions\/5345"}],"wp:attachment":[{"href":"https:\/\/grossklein-immobilien.de\/de\/wp-json\/wp\/v2\/media?parent=5342"}],"curies":[{"name":"wp","href":"https:\/\/api.w.org\/{rel}","templated":true}]}}