{"id":6129,"date":"2018-02-25T11:01:17","date_gmt":"2018-02-25T10:01:17","guid":{"rendered":"http:\/\/grossklein-immobilien.de\/de\/?page_id=6129"},"modified":"2024-10-15T11:23:44","modified_gmt":"2024-10-15T09:23:44","slug":"grundstuecke","status":"publish","type":"page","link":"https:\/\/grossklein-immobilien.de\/de\/grundstuecke\/","title":{"rendered":"Grundst\u00fccke"},"content":{"rendered":"<h2 class=\"wp-block-heading has-text-align-center\"><span style=\"color: #000000;\">Grundst\u00fccke &#8211; Gross &amp; Klein Immobilien<\/span><\/h2><p class=\"has-text-align-center\"><span style=\"color: #000000;\">Sie suchen ein Grundst\u00fcck in Berlin, Potsdam oder im Umland um sich den Traum von einem eigenem Haus zu verwirklichen? Dann schauen Sie bei uns nach ob wir ein passendes Angebot f\u00fcr Sie haben. Wir freuen uns auf Ihre Anfrage. Ihr Team von Gross &amp; Klein Immobilien Berlin<\/span><\/p><div style=\"height:30px\" aria-hidden=\"true\" class=\"wp-block-spacer\"><\/div><h3 class=\"wp-block-heading has-text-align-center has-black-color has-text-color\" id=\"block-5f27a5ee-34ab-4b55-9004-7251b5da0265\">\u00dcbersicht an verf\u00fcgbaren <span style=\"color: #000000;\">Grundst\u00fccken<\/span><\/h3><div style=\"height:10px\" aria-hidden=\"true\" class=\"wp-block-spacer\"><\/div><div class=\"woocommerce columns-4 \"><ul class=\"products columns-4\">\n<li class=\"product type-product post-30157 status-publish first instock product_cat-berlin-treptow product_cat-grundstuecke has-post-thumbnail shipping-taxable purchasable product-type-simple\">\n\t<a href=\"https:\/\/grossklein-immobilien.de\/de\/produkt\/grundstueck-fuer-ihr-neues-haus-in-altglienicke-gross-klein-immobilien\/\" class=\"woocommerce-LoopProduct-link woocommerce-loop-product__link\"><img decoding=\"async\" width=\"300\" height=\"300\" data-src=\"https:\/\/grossklein-immobilien.de\/de\/wp-content\/uploads\/2024\/10\/02-300x300.jpg\" class=\"attachment-woocommerce_thumbnail size-woocommerce_thumbnail lazyload\" alt=\"\" data-srcset=\"https:\/\/grossklein-immobilien.de\/de\/wp-content\/uploads\/2024\/10\/02-300x300.jpg 300w, https:\/\/grossklein-immobilien.de\/de\/wp-content\/uploads\/2024\/10\/02-150x150.jpg 150w, https:\/\/grossklein-immobilien.de\/de\/wp-content\/uploads\/2024\/10\/02-100x100.jpg 100w\" data-sizes=\"(max-width: 300px) 100vw, 300px\" src=\"data:image\/svg+xml;base64,PHN2ZyB3aWR0aD0iMSIgaGVpZ2h0PSIxIiB4bWxucz0iaHR0cDovL3d3dy53My5vcmcvMjAwMC9zdmciPjwvc3ZnPg==\" style=\"--smush-placeholder-width: 300px; --smush-placeholder-aspect-ratio: 300\/300;\" \/><h2 class=\"woocommerce-loop-product__title\">GRUNDST\u00dcCK F\u00dcR IHR NEUES HAUS IN ALTGLIENICKE<\/h2><ul><li>Standort: Berlin-Treptow<\/li><li>Zimmer: <\/li><li>Wohnfl\u00e4che: <\/li><li>Etage: <\/li><\/ul>\n\t<span class=\"price\"><span class=\"woocommerce-Price-amount amount\"><bdi>569.000,00&nbsp;<span class=\"woocommerce-Price-currencySymbol\">&euro;<\/span><\/bdi><\/span><\/span>\n<\/a><\/li>\n<li class=\"product type-product post-6126 status-publish outofstock product_cat-berlin-reinickendorf product_cat-grundstuecke has-post-thumbnail shipping-taxable purchasable product-type-simple\">\n\t<a href=\"https:\/\/grossklein-immobilien.de\/de\/produkt\/citynahes-wohngrundstueckt-in-ruhiger-lage-in-berlin-reinickendorf\/\" class=\"woocommerce-LoopProduct-link woocommerce-loop-product__link\">\n\t<span class=\"wcsob_soldout\">VERKAUFT<\/span>\n\t<img decoding=\"async\" width=\"300\" height=\"300\" data-src=\"https:\/\/grossklein-immobilien.de\/de\/wp-content\/uploads\/2018\/02\/wohngrundst\u00fcck-300x300.jpg\" class=\"attachment-woocommerce_thumbnail size-woocommerce_thumbnail lazyload\" alt=\"\" data-srcset=\"https:\/\/grossklein-immobilien.de\/de\/wp-content\/uploads\/2018\/02\/wohngrundst\u00fcck-300x300.jpg 300w, https:\/\/grossklein-immobilien.de\/de\/wp-content\/uploads\/2018\/02\/wohngrundst\u00fcck-100x100.jpg 100w, https:\/\/grossklein-immobilien.de\/de\/wp-content\/uploads\/2018\/02\/wohngrundst\u00fcck-150x150.jpg 150w\" data-sizes=\"(max-width: 300px) 100vw, 300px\" src=\"data:image\/svg+xml;base64,PHN2ZyB3aWR0aD0iMSIgaGVpZ2h0PSIxIiB4bWxucz0iaHR0cDovL3d3dy53My5vcmcvMjAwMC9zdmciPjwvc3ZnPg==\" style=\"--smush-placeholder-width: 300px; --smush-placeholder-aspect-ratio: 300\/300;\" \/><h2 class=\"woocommerce-loop-product__title\">GRUNDST\u00dcCKT IN BERLIN-REINICKENDORF! VERKAUFT!<\/h2><ul><li>Standort: Berlin-Reinickendorf<\/li><li>Zimmer: <\/li><li>Wohnfl\u00e4che: Fl\u00e4che: 980 m\u00b2<\/li><li>Etage: <\/li><\/ul>\n\t<span class=\"price\"><span class=\"woocommerce-Price-amount amount\"><bdi>595.000,00&nbsp;<span class=\"woocommerce-Price-currencySymbol\">&euro;<\/span><\/bdi><\/span><\/span>\n<\/a><\/li>\n<li class=\"product type-product post-6155 status-publish outofstock product_cat-grundstuecke has-post-thumbnail shipping-taxable purchasable product-type-simple\">\n\t<a href=\"https:\/\/grossklein-immobilien.de\/de\/produkt\/ideales-wohngrundtsueck-in-kleinmachnow\/\" class=\"woocommerce-LoopProduct-link woocommerce-loop-product__link\">\n\t<span class=\"wcsob_soldout\">VERKAUFT<\/span>\n\t<img decoding=\"async\" width=\"300\" height=\"300\" data-src=\"https:\/\/grossklein-immobilien.de\/de\/wp-content\/uploads\/2018\/03\/perfektes-wohngrundstueck-300x300.jpg\" class=\"attachment-woocommerce_thumbnail size-woocommerce_thumbnail lazyload\" alt=\"\" data-srcset=\"https:\/\/grossklein-immobilien.de\/de\/wp-content\/uploads\/2018\/03\/perfektes-wohngrundstueck-300x300.jpg 300w, https:\/\/grossklein-immobilien.de\/de\/wp-content\/uploads\/2018\/03\/perfektes-wohngrundstueck-100x100.jpg 100w, https:\/\/grossklein-immobilien.de\/de\/wp-content\/uploads\/2018\/03\/perfektes-wohngrundstueck-150x150.jpg 150w\" data-sizes=\"(max-width: 300px) 100vw, 300px\" src=\"data:image\/svg+xml;base64,PHN2ZyB3aWR0aD0iMSIgaGVpZ2h0PSIxIiB4bWxucz0iaHR0cDovL3d3dy53My5vcmcvMjAwMC9zdmciPjwvc3ZnPg==\" style=\"--smush-placeholder-width: 300px; --smush-placeholder-aspect-ratio: 300\/300;\" \/><h2 class=\"woocommerce-loop-product__title\">IDEALES WOHNGRUNDST\u00dcCK IN KLEINMACHNOW<\/h2><ul><li>Standort: Kleinmachnow<\/li><li>Zimmer: <\/li><li>Wohnfl\u00e4che: Fl\u00e4che: 801m\u00b2<\/li><li>Etage: <\/li><\/ul>\n\t<span class=\"price\"><span class=\"woocommerce-Price-amount amount\"><bdi>295.000,00&nbsp;<span class=\"woocommerce-Price-currencySymbol\">&euro;<\/span><\/bdi><\/span><\/span>\n<\/a><\/li>\n<li class=\"product type-product post-25468 status-publish last outofstock product_cat-berlin-wedding product_cat-einfamilienhaeuser product_cat-grundstuecke has-post-thumbnail shipping-taxable purchasable product-type-simple\">\n\t<a href=\"https:\/\/grossklein-immobilien.de\/de\/produkt\/wohngrundstueck-in-wedding\/\" class=\"woocommerce-LoopProduct-link woocommerce-loop-product__link\">\n\t<span class=\"wcsob_soldout\">VERKAUFT<\/span>\n\t<img decoding=\"async\" width=\"300\" height=\"300\" data-src=\"https:\/\/grossklein-immobilien.de\/de\/wp-content\/uploads\/2022\/06\/IMG_5415-300x300.jpg\" class=\"attachment-woocommerce_thumbnail size-woocommerce_thumbnail lazyload\" alt=\"Wohngrundst\u00fcck im Afrikanischen Viertel in Berlin-Wedding verkauft durch Gross &amp; Klein Immobilien\" data-srcset=\"https:\/\/grossklein-immobilien.de\/de\/wp-content\/uploads\/2022\/06\/IMG_5415-300x300.jpg 300w, https:\/\/grossklein-immobilien.de\/de\/wp-content\/uploads\/2022\/06\/IMG_5415-100x100.jpg 100w, https:\/\/grossklein-immobilien.de\/de\/wp-content\/uploads\/2022\/06\/IMG_5415-150x150.jpg 150w\" data-sizes=\"(max-width: 300px) 100vw, 300px\" src=\"data:image\/svg+xml;base64,PHN2ZyB3aWR0aD0iMSIgaGVpZ2h0PSIxIiB4bWxucz0iaHR0cDovL3d3dy53My5vcmcvMjAwMC9zdmciPjwvc3ZnPg==\" style=\"--smush-placeholder-width: 300px; --smush-placeholder-aspect-ratio: 300\/300;\" \/><h2 class=\"woocommerce-loop-product__title\">WOHNGRUNDST\u00dcCK MIT KLEINER DHH IN WEDDING<\/h2><ul><li>Standort: Berlin-Wedding<\/li><li>Zimmer: <\/li><li>Wohnfl\u00e4che: 56<\/li><li>Etage: <\/li><\/ul>\n\t<span class=\"price\"><span class=\"woocommerce-Price-amount amount\"><bdi>395.000,00&nbsp;<span class=\"woocommerce-Price-currencySymbol\">&euro;<\/span><\/bdi><\/span><\/span>\n<\/a><\/li>\n<li class=\"product type-product post-30167 status-publish first instock product_cat-berlin-johannisthal product_cat-grundstuecke has-post-thumbnail shipping-taxable purchasable product-type-simple\">\n\t<a href=\"https:\/\/grossklein-immobilien.de\/de\/produkt\/grundstueck-mit-potenzial-johannisthal\/\" class=\"woocommerce-LoopProduct-link woocommerce-loop-product__link\"><img decoding=\"async\" width=\"300\" height=\"300\" data-src=\"https:\/\/grossklein-immobilien.de\/de\/wp-content\/uploads\/2022\/09\/IMG_5638-300x300.jpg\" class=\"attachment-woocommerce_thumbnail size-woocommerce_thumbnail lazyload\" alt=\"\" data-srcset=\"https:\/\/grossklein-immobilien.de\/de\/wp-content\/uploads\/2022\/09\/IMG_5638-300x300.jpg 300w, https:\/\/grossklein-immobilien.de\/de\/wp-content\/uploads\/2022\/09\/IMG_5638-100x100.jpg 100w, https:\/\/grossklein-immobilien.de\/de\/wp-content\/uploads\/2022\/09\/IMG_5638-150x150.jpg 150w\" data-sizes=\"(max-width: 300px) 100vw, 300px\" src=\"data:image\/svg+xml;base64,PHN2ZyB3aWR0aD0iMSIgaGVpZ2h0PSIxIiB4bWxucz0iaHR0cDovL3d3dy53My5vcmcvMjAwMC9zdmciPjwvc3ZnPg==\" style=\"--smush-placeholder-width: 300px; --smush-placeholder-aspect-ratio: 300\/300;\" \/><h2 class=\"woocommerce-loop-product__title\">WOHNGRUNDST\u00dcCK MIT VIEL POTENZIAL IN JOHANNISTHAL<\/h2><ul><li>Standort: Berlin-Johannisthal<\/li><li>Zimmer: <\/li><li>Wohnfl\u00e4che: <\/li><li>Etage: <\/li><\/ul>\n\t<span class=\"price\"><span class=\"woocommerce-Price-amount amount\"><bdi>650.000,00&nbsp;<span class=\"woocommerce-Price-currencySymbol\">&euro;<\/span><\/bdi><\/span><\/span>\n<\/a><\/li>\n<li class=\"product type-product post-5618 status-publish outofstock product_cat-grundstuecke has-post-thumbnail shipping-taxable purchasable product-type-simple\">\n\t<a href=\"https:\/\/grossklein-immobilien.de\/de\/produkt\/baugrundstueck-fuer-ihr-neues-haus-in-biesenthal\/\" class=\"woocommerce-LoopProduct-link woocommerce-loop-product__link\">\n\t<span class=\"wcsob_soldout\">VERKAUFT<\/span>\n\t<img decoding=\"async\" width=\"300\" height=\"300\" data-src=\"https:\/\/grossklein-immobilien.de\/de\/wp-content\/uploads\/2017\/12\/Baugrundstueck-300x300.jpg\" class=\"attachment-woocommerce_thumbnail size-woocommerce_thumbnail lazyload\" alt=\"\" data-srcset=\"https:\/\/grossklein-immobilien.de\/de\/wp-content\/uploads\/2017\/12\/Baugrundstueck-300x300.jpg 300w, https:\/\/grossklein-immobilien.de\/de\/wp-content\/uploads\/2017\/12\/Baugrundstueck-100x100.jpg 100w\" data-sizes=\"(max-width: 300px) 100vw, 300px\" src=\"data:image\/svg+xml;base64,PHN2ZyB3aWR0aD0iMSIgaGVpZ2h0PSIxIiB4bWxucz0iaHR0cDovL3d3dy53My5vcmcvMjAwMC9zdmciPjwvc3ZnPg==\" style=\"--smush-placeholder-width: 300px; --smush-placeholder-aspect-ratio: 300\/300;\" \/><h2 class=\"woocommerce-loop-product__title\">GRUNDST\u00dcCK F\u00dcR IHR NEUES HAUS NAHE BERNAU<\/h2><ul><li>Standort: Biesenthal, (Danewitz)<\/li><li>Zimmer: <\/li><li>Wohnfl\u00e4che: Fl\u00e4che 1600,00 m\u00b2<\/li><li>Etage: <\/li><\/ul>\n\t<span class=\"price\"><span class=\"woocommerce-Price-amount amount\"><bdi>179.000,00&nbsp;<span class=\"woocommerce-Price-currencySymbol\">&euro;<\/span><\/bdi><\/span><\/span>\n<\/a><\/li>\n<\/ul>\n<\/div><div style=\"height:30px\" aria-hidden=\"true\" class=\"wp-block-spacer\"><\/div><h2 class=\"wp-block-heading has-text-align-center has-black-color has-text-color\">Wir sind f\u00fcr Sie da: Ihr Immobilienmakler in der N\u00e4he<\/h2>\n<section class=\"av_textblock_section av-jv2u4gae-6-bb14e6d1d73f5ec0b6f129f215e41b4b\">\n<div class=\"avia_textblock\">\n<p style=\"text-align: center;\">F\u00fcr alle Fragen rund um <b>Immobilienvermittlung in Berlin und Umgebung<\/b> stehen wir Ihnen pers\u00f6nlich Montag bis Freitag von 9.00 bis 18.00 Uhr sowie Samstag von 9.00 bis 16.00 Uhr zur Verf\u00fcgung. Kontaktieren Sie uns gerne telefonisch unter der Rufnummer <a href=\"tel:+493022681912\"><b>030 226 819 12<\/b><\/a>, per E-Mail an <a title=\"E-Mail\" href=\"mailto:info@grossklein-immobilien.de\">info@grossklein-immobilien.de<\/a> oder \u00fcber unser <a title=\"Hier Kontakt aufnehmen\" href=\"https:\/\/grossklein-immobilien.de\/de\/kontakt\/\">Kontaktformular.<\/a><\/p>\n<\/div>\n<\/section>","protected":false},"excerpt":{"rendered":"<p>Grundst\u00fccke &#8211; Gross &amp; Klein Immobilien Sie suchen ein Grundst\u00fcck in Berlin, Potsdam oder im Umland um sich den Traum von einem eigenem Haus zu verwirklichen? Dann schauen Sie bei uns nach ob wir ein passendes Angebot f\u00fcr Sie haben. Wir freuen uns auf Ihre Anfrage. Ihr Team von Gross &amp; Klein Immobilien Berlin \u00dcbersicht &hellip; <a href=\"https:\/\/grossklein-immobilien.de\/de\/grundstuecke\/\" class=\"more-link\"><span class=\"screen-reader-text\">Grundst\u00fccke<\/span> weiterlesen <span class=\"meta-nav\">&rarr;<\/span><\/a><\/p>\n","protected":false},"author":2,"featured_media":0,"parent":0,"menu_order":0,"comment_status":"closed","ping_status":"closed","template":"","meta":{"_uag_custom_page_level_css":"","ngg_post_thumbnail":0,"footnotes":""},"class_list":["post-6129","page","type-page","status-publish","hentry"],"yoast_head":"<!-- This site is optimized with the Yoast SEO plugin v26.8 - https:\/\/yoast.com\/product\/yoast-seo-wordpress\/ -->\n<title>Grundst\u00fcck verkaufen Berlin<\/title>\n<meta name=\"description\" content=\"Sie sind auf der Suche nach einem Grundst\u00fcck in Berlin. Dann schauen Sie bei uns auf der Webseite und finden Sie das passende Grundst\u00fcck f\u00fcr Ihr Projekt.\" \/>\n<meta name=\"robots\" content=\"index, follow, max-snippet:-1, max-image-preview:large, max-video-preview:-1\" \/>\n<link rel=\"canonical\" href=\"https:\/\/grossklein-immobilien.de\/de\/grundstuecke\/\" \/>\n<meta property=\"og:locale\" content=\"de_DE\" \/>\n<meta property=\"og:type\" content=\"article\" \/>\n<meta property=\"og:title\" content=\"Grundst\u00fcck verkaufen Berlin\" \/>\n<meta property=\"og:description\" content=\"Sie sind auf der Suche nach einem Grundst\u00fcck in Berlin. Dann schauen Sie bei uns auf der Webseite und finden Sie das passende Grundst\u00fcck f\u00fcr Ihr Projekt.\" \/>\n<meta property=\"og:url\" content=\"https:\/\/grossklein-immobilien.de\/de\/grundstuecke\/\" \/>\n<meta property=\"article:publisher\" content=\"https:\/\/www.facebook.com\/TOMIC-IMMOBILIEN-110945718988806\/\" \/>\n<meta property=\"article:modified_time\" content=\"2024-10-15T09:23:44+00:00\" \/>\n<meta name=\"twitter:card\" content=\"summary_large_image\" \/>\n<meta name=\"twitter:site\" content=\"@draz_tomic\" \/>\n<meta name=\"twitter:label1\" content=\"Gesch\u00e4tzte Lesezeit\" \/>\n\t<meta name=\"twitter:data1\" content=\"1\u00a0Minute\" \/>\n<script type=\"application\/ld+json\" class=\"yoast-schema-graph\">{\"@context\":\"https:\/\/schema.org\",\"@graph\":[{\"@type\":\"WebPage\",\"@id\":\"https:\/\/grossklein-immobilien.de\/de\/grundstuecke\/\",\"url\":\"https:\/\/grossklein-immobilien.de\/de\/grundstuecke\/\",\"name\":\"Grundst\u00fcck verkaufen Berlin\",\"isPartOf\":{\"@id\":\"https:\/\/grossklein-immobilien.de\/de\/#website\"},\"datePublished\":\"2018-02-25T10:01:17+00:00\",\"dateModified\":\"2024-10-15T09:23:44+00:00\",\"description\":\"Sie sind auf der Suche nach einem Grundst\u00fcck in Berlin. Dann schauen Sie bei uns auf der Webseite und finden Sie das passende Grundst\u00fcck f\u00fcr Ihr Projekt.\",\"breadcrumb\":{\"@id\":\"https:\/\/grossklein-immobilien.de\/de\/grundstuecke\/#breadcrumb\"},\"inLanguage\":\"de\",\"potentialAction\":[{\"@type\":\"ReadAction\",\"target\":[\"https:\/\/grossklein-immobilien.de\/de\/grundstuecke\/\"]}]},{\"@type\":\"BreadcrumbList\",\"@id\":\"https:\/\/grossklein-immobilien.de\/de\/grundstuecke\/#breadcrumb\",\"itemListElement\":[{\"@type\":\"ListItem\",\"position\":1,\"name\":\"Home\",\"item\":\"https:\/\/grossklein-immobilien.de\/de\/\"},{\"@type\":\"ListItem\",\"position\":2,\"name\":\"Grundst\u00fccke\"}]},{\"@type\":\"WebSite\",\"@id\":\"https:\/\/grossklein-immobilien.de\/de\/#website\",\"url\":\"https:\/\/grossklein-immobilien.de\/de\/\",\"name\":\"\",\"description\":\"\",\"potentialAction\":[{\"@type\":\"SearchAction\",\"target\":{\"@type\":\"EntryPoint\",\"urlTemplate\":\"https:\/\/grossklein-immobilien.de\/de\/?s={search_term_string}\"},\"query-input\":{\"@type\":\"PropertyValueSpecification\",\"valueRequired\":true,\"valueName\":\"search_term_string\"}}],\"inLanguage\":\"de\"}]}<\/script>\n<!-- \/ Yoast SEO plugin. -->","yoast_head_json":{"title":"Grundst\u00fcck verkaufen Berlin","description":"Sie sind auf der Suche nach einem Grundst\u00fcck in Berlin. Dann schauen Sie bei uns auf der Webseite und finden Sie das passende Grundst\u00fcck f\u00fcr Ihr Projekt.","robots":{"index":"index","follow":"follow","max-snippet":"max-snippet:-1","max-image-preview":"max-image-preview:large","max-video-preview":"max-video-preview:-1"},"canonical":"https:\/\/grossklein-immobilien.de\/de\/grundstuecke\/","og_locale":"de_DE","og_type":"article","og_title":"Grundst\u00fcck verkaufen Berlin","og_description":"Sie sind auf der Suche nach einem Grundst\u00fcck in Berlin. Dann schauen Sie bei uns auf der Webseite und finden Sie das passende Grundst\u00fcck f\u00fcr Ihr Projekt.","og_url":"https:\/\/grossklein-immobilien.de\/de\/grundstuecke\/","article_publisher":"https:\/\/www.facebook.com\/TOMIC-IMMOBILIEN-110945718988806\/","article_modified_time":"2024-10-15T09:23:44+00:00","twitter_card":"summary_large_image","twitter_site":"@draz_tomic","twitter_misc":{"Gesch\u00e4tzte Lesezeit":"1\u00a0Minute"},"schema":{"@context":"https:\/\/schema.org","@graph":[{"@type":"WebPage","@id":"https:\/\/grossklein-immobilien.de\/de\/grundstuecke\/","url":"https:\/\/grossklein-immobilien.de\/de\/grundstuecke\/","name":"Grundst\u00fcck verkaufen Berlin","isPartOf":{"@id":"https:\/\/grossklein-immobilien.de\/de\/#website"},"datePublished":"2018-02-25T10:01:17+00:00","dateModified":"2024-10-15T09:23:44+00:00","description":"Sie sind auf der Suche nach einem Grundst\u00fcck in Berlin. Dann schauen Sie bei uns auf der Webseite und finden Sie das passende Grundst\u00fcck f\u00fcr Ihr Projekt.","breadcrumb":{"@id":"https:\/\/grossklein-immobilien.de\/de\/grundstuecke\/#breadcrumb"},"inLanguage":"de","potentialAction":[{"@type":"ReadAction","target":["https:\/\/grossklein-immobilien.de\/de\/grundstuecke\/"]}]},{"@type":"BreadcrumbList","@id":"https:\/\/grossklein-immobilien.de\/de\/grundstuecke\/#breadcrumb","itemListElement":[{"@type":"ListItem","position":1,"name":"Home","item":"https:\/\/grossklein-immobilien.de\/de\/"},{"@type":"ListItem","position":2,"name":"Grundst\u00fccke"}]},{"@type":"WebSite","@id":"https:\/\/grossklein-immobilien.de\/de\/#website","url":"https:\/\/grossklein-immobilien.de\/de\/","name":"","description":"","potentialAction":[{"@type":"SearchAction","target":{"@type":"EntryPoint","urlTemplate":"https:\/\/grossklein-immobilien.de\/de\/?s={search_term_string}"},"query-input":{"@type":"PropertyValueSpecification","valueRequired":true,"valueName":"search_term_string"}}],"inLanguage":"de"}]}},"uagb_featured_image_src":{"full":false,"thumbnail":false,"medium":false,"medium_large":false,"large":false,"1536x1536":false,"2048x2048":false,"post-thumbnail":false,"woocommerce_thumbnail":false,"woocommerce_single":false,"woocommerce_gallery_thumbnail":false},"uagb_author_info":{"display_name":"Drazan Tomic","author_link":"https:\/\/grossklein-immobilien.de\/de\/author\/tomic-autor\/"},"uagb_comment_info":0,"uagb_excerpt":"Grundst\u00fccke &#8211; Gross &amp; Klein Immobilien Sie suchen ein Grundst\u00fcck in Berlin, Potsdam oder im Umland um sich den Traum von einem eigenem Haus zu verwirklichen? Dann schauen Sie bei uns nach ob wir ein passendes Angebot f\u00fcr Sie haben. Wir freuen uns auf Ihre Anfrage. Ihr Team von Gross &amp; Klein Immobilien Berlin \u00dcbersicht&hellip;","_links":{"self":[{"href":"https:\/\/grossklein-immobilien.de\/de\/wp-json\/wp\/v2\/pages\/6129","targetHints":{"allow":["GET"]}}],"collection":[{"href":"https:\/\/grossklein-immobilien.de\/de\/wp-json\/wp\/v2\/pages"}],"about":[{"href":"https:\/\/grossklein-immobilien.de\/de\/wp-json\/wp\/v2\/types\/page"}],"author":[{"embeddable":true,"href":"https:\/\/grossklein-immobilien.de\/de\/wp-json\/wp\/v2\/users\/2"}],"replies":[{"embeddable":true,"href":"https:\/\/grossklein-immobilien.de\/de\/wp-json\/wp\/v2\/comments?post=6129"}],"version-history":[{"count":9,"href":"https:\/\/grossklein-immobilien.de\/de\/wp-json\/wp\/v2\/pages\/6129\/revisions"}],"predecessor-version":[{"id":30174,"href":"https:\/\/grossklein-immobilien.de\/de\/wp-json\/wp\/v2\/pages\/6129\/revisions\/30174"}],"wp:attachment":[{"href":"https:\/\/grossklein-immobilien.de\/de\/wp-json\/wp\/v2\/media?parent=6129"}],"curies":[{"name":"wp","href":"https:\/\/api.w.org\/{rel}","templated":true}]}}