{"id":119,"date":"2016-01-06T18:04:32","date_gmt":"2016-01-06T17:04:32","guid":{"rendered":"http:\/\/www.tomic-immobilien.de\/de\/?post_type=product&#038;p=119"},"modified":"2026-02-06T08:57:33","modified_gmt":"2026-02-06T07:57:33","slug":"hochwertig-sanierte-wohnung-in-lankwitz","status":"publish","type":"product","link":"https:\/\/grossklein-immobilien.de\/de\/produkt\/hochwertig-sanierte-wohnung-in-lankwitz\/","title":{"rendered":"HOCHWERTIG SANIERTE WOHNUNG MIT IN LANKWITZ"},"content":{"rendered":"<h2>HOCHWERTIG SANIERTE WOHNUNG IN LANKWITZ MIT BALKON<\/h2>\n<p><strong>Objektnummer: SEYD31AHPRE<\/strong><\/p>\n<p>Diese hochwertig sanierte Wohnung in Lankwitz liegt in einer sehr ruhigen Anliegerstrasse, die f\u00fcr den normalen Verkehr nicht befahrbar ist. Die Wohnung erreicht man bequem \u00fcber das Hochparterre. Beim Betreten der Wohnung ist sofort zu erkennen:&#8220; Hier wurde sehr gute Sanierungsarbeit geleistet. Alle R\u00e4ume verf\u00fcgen \u00fcber neues Parkett, die W\u00e4nde sind feinverputzt und haben einen neuen wei\u00dfen Anstrich erhalten. Das neu geflie\u00dfte Bad empf\u00e4ngt Sie wie in einem top Hotel mit modernen Flie\u00dfen, einer Komfortbadewanne, die&nbsp; ihren neuen Platz unter dem Fenster gefunden hat und einer leicht zug\u00e4nglichen Dusche. Eine Fu\u00dfbodenerw\u00e4rmung umrundet das neu gestaltete und mit Tageslicht versehene Badezimmer. Der Balkon ist zum gro\u00dfen Innenhof ausgerichtet der viel Sonne und viel Platz f\u00fcr Kinder zum Spielen bietet. Das Wohnzimmer ist gro\u00dfz\u00fcgig geschnitten und ist mit der offenen K\u00fcche zu einem gro\u00dfen und zentralem Raum umgeplant worden. Das Schlafzimmer ist mit seiner Gr\u00f6\u00dfe ideal f\u00fcr alle M\u00f6bel oder Schr\u00e4nke und zus\u00e4tzlich Platz f\u00fcr einen kleinen Arbeitsbereich. Rundum eine sehr sch\u00f6ne, helle und sonnige 2-Zimmer Wohnung, die leicht \u00fcber das Hochparterre zu erreichen ist.<\/p>\n<p>Vermittelt von Gross &amp; Klein Immobilien, Ihrem <a href=\"https:\/\/grossklein-immobilien.de\/de\/immobilienmakler-berlin-steglitz\/\">Immobilienmakler in Berlin-Steglitz<\/a>.<\/p>\n<p>&nbsp;<\/p>\n<p>&nbsp;<\/p>\n<p>&nbsp;<\/p>\n","protected":false},"excerpt":{"rendered":"<p>Neu sanierte 2-Zimmer Wohnung mit offener K\u00fcche in ruhiger Lage.<\/p>\n","protected":false},"featured_media":4882,"template":"","meta":{"_uag_custom_page_level_css":"","ngg_post_thumbnail":0},"product_cat":[24,94,420,415],"product_tag":[],"class_list":{"0":"post-119","1":"product","2":"type-product","3":"status-publish","4":"has-post-thumbnail","6":"product_cat-eigentumswohnungen","7":"product_cat-steglitz-zehlendorf","8":"product_cat-40-70","9":"product_cat-415","10":"pa_adresse-seydlitzstr-31a-12249-berlin","11":"pa_balkon-vorhanden","12":"pa_baujahr-50","13":"pa_befeuerung-gas","14":"pa_courtage-357-vom-beurk-kaufpreis-2","15":"pa_etage-hochparterre","16":"pa_etagen-54","17":"pa_gaeste-wc-nein","18":"pa_heizungsart-zentralheizung","19":"pa_lage-berlin-lankwitz","20":"pa_objektzustand-erstbezug-nach-sanierung","21":"pa_standort-berlin-lankwitz","22":"pa_wohnflaeche-59-m","23":"pa_zimmer-52","25":"first","26":"outofstock","27":"shipping-taxable","28":"purchasable","29":"product-type-simple"},"yoast_head":"<!-- This site is optimized with the Yoast SEO plugin v26.8 - https:\/\/yoast.com\/product\/yoast-seo-wordpress\/ -->\n<title>Hochwertig sanierte Wohnung in Lankwitz mit Parkett und Balkon<\/title>\n<meta name=\"description\" content=\"Hochwertig sanierte Wohnung in Lankwitz in ruhiger Anliegerstrasse, fern von Verkehr, Altbau, 2 Zimmer, unweit Kranoldplatz und Lichterfelde Ost.\" \/>\n<meta name=\"robots\" content=\"index, follow, max-snippet:-1, max-image-preview:large, max-video-preview:-1\" \/>\n<link rel=\"canonical\" href=\"https:\/\/grossklein-immobilien.de\/de\/produkt\/hochwertig-sanierte-wohnung-in-lankwitz\/\" \/>\n<meta property=\"og:locale\" content=\"de_DE\" \/>\n<meta property=\"og:type\" content=\"article\" \/>\n<meta property=\"og:title\" content=\"Hochwertig sanierte Wohnung in Lankwitz mit Parkett und Balkon\" \/>\n<meta property=\"og:description\" content=\"Hochwertig sanierte Wohnung in Lankwitz in ruhiger Anliegerstrasse, fern von Verkehr, Altbau, 2 Zimmer, unweit Kranoldplatz und Lichterfelde Ost.\" \/>\n<meta property=\"og:url\" content=\"https:\/\/grossklein-immobilien.de\/de\/produkt\/hochwertig-sanierte-wohnung-in-lankwitz\/\" \/>\n<meta property=\"article:publisher\" content=\"https:\/\/www.facebook.com\/TOMIC-IMMOBILIEN-110945718988806\/\" \/>\n<meta property=\"article:modified_time\" content=\"2026-02-06T07:57:33+00:00\" \/>\n<meta property=\"og:image\" content=\"https:\/\/grossklein-immobilien.de\/de\/wp-content\/uploads\/2016\/01\/IMG_2848_22.jpg\" \/>\n\t<meta property=\"og:image:width\" content=\"1024\" \/>\n\t<meta property=\"og:image:height\" content=\"683\" \/>\n\t<meta property=\"og:image:type\" content=\"image\/jpeg\" \/>\n<meta name=\"twitter:card\" content=\"summary_large_image\" \/>\n<meta name=\"twitter:site\" content=\"@draz_tomic\" \/>\n<meta name=\"twitter:label1\" content=\"Gesch\u00e4tzte Lesezeit\" \/>\n\t<meta name=\"twitter:data1\" content=\"2\u00a0Minuten\" \/>\n<script type=\"application\/ld+json\" class=\"yoast-schema-graph\">{\"@context\":\"https:\/\/schema.org\",\"@graph\":[{\"@type\":\"WebPage\",\"@id\":\"https:\/\/grossklein-immobilien.de\/de\/produkt\/hochwertig-sanierte-wohnung-in-lankwitz\/\",\"url\":\"https:\/\/grossklein-immobilien.de\/de\/produkt\/hochwertig-sanierte-wohnung-in-lankwitz\/\",\"name\":\"Hochwertig sanierte Wohnung in Lankwitz mit Parkett und Balkon\",\"isPartOf\":{\"@id\":\"https:\/\/grossklein-immobilien.de\/de\/#website\"},\"primaryImageOfPage\":{\"@id\":\"https:\/\/grossklein-immobilien.de\/de\/produkt\/hochwertig-sanierte-wohnung-in-lankwitz\/#primaryimage\"},\"image\":{\"@id\":\"https:\/\/grossklein-immobilien.de\/de\/produkt\/hochwertig-sanierte-wohnung-in-lankwitz\/#primaryimage\"},\"thumbnailUrl\":\"https:\/\/grossklein-immobilien.de\/de\/wp-content\/uploads\/2016\/01\/IMG_2848_22.jpg\",\"datePublished\":\"2016-01-06T17:04:32+00:00\",\"dateModified\":\"2026-02-06T07:57:33+00:00\",\"description\":\"Hochwertig sanierte Wohnung in Lankwitz in ruhiger Anliegerstrasse, fern von Verkehr, Altbau, 2 Zimmer, unweit Kranoldplatz und Lichterfelde Ost.\",\"breadcrumb\":{\"@id\":\"https:\/\/grossklein-immobilien.de\/de\/produkt\/hochwertig-sanierte-wohnung-in-lankwitz\/#breadcrumb\"},\"inLanguage\":\"de\",\"potentialAction\":[{\"@type\":\"ReadAction\",\"target\":[\"https:\/\/grossklein-immobilien.de\/de\/produkt\/hochwertig-sanierte-wohnung-in-lankwitz\/\"]}]},{\"@type\":\"ImageObject\",\"inLanguage\":\"de\",\"@id\":\"https:\/\/grossklein-immobilien.de\/de\/produkt\/hochwertig-sanierte-wohnung-in-lankwitz\/#primaryimage\",\"url\":\"https:\/\/grossklein-immobilien.de\/de\/wp-content\/uploads\/2016\/01\/IMG_2848_22.jpg\",\"contentUrl\":\"https:\/\/grossklein-immobilien.de\/de\/wp-content\/uploads\/2016\/01\/IMG_2848_22.jpg\",\"width\":1024,\"height\":683},{\"@type\":\"BreadcrumbList\",\"@id\":\"https:\/\/grossklein-immobilien.de\/de\/produkt\/hochwertig-sanierte-wohnung-in-lankwitz\/#breadcrumb\",\"itemListElement\":[{\"@type\":\"ListItem\",\"position\":1,\"name\":\"Home\",\"item\":\"https:\/\/grossklein-immobilien.de\/de\/\"},{\"@type\":\"ListItem\",\"position\":2,\"name\":\"Immobilienangebote\",\"item\":\"https:\/\/grossklein-immobilien.de\/de\/immobilien-berlin\/\"},{\"@type\":\"ListItem\",\"position\":3,\"name\":\"HOCHWERTIG SANIERTE WOHNUNG MIT IN LANKWITZ\"}]},{\"@type\":\"WebSite\",\"@id\":\"https:\/\/grossklein-immobilien.de\/de\/#website\",\"url\":\"https:\/\/grossklein-immobilien.de\/de\/\",\"name\":\"\",\"description\":\"\",\"potentialAction\":[{\"@type\":\"SearchAction\",\"target\":{\"@type\":\"EntryPoint\",\"urlTemplate\":\"https:\/\/grossklein-immobilien.de\/de\/?s={search_term_string}\"},\"query-input\":{\"@type\":\"PropertyValueSpecification\",\"valueRequired\":true,\"valueName\":\"search_term_string\"}}],\"inLanguage\":\"de\"}]}<\/script>\n<!-- \/ Yoast SEO plugin. -->","yoast_head_json":{"title":"Hochwertig sanierte Wohnung in Lankwitz mit Parkett und Balkon","description":"Hochwertig sanierte Wohnung in Lankwitz in ruhiger Anliegerstrasse, fern von Verkehr, Altbau, 2 Zimmer, unweit Kranoldplatz und Lichterfelde Ost.","robots":{"index":"index","follow":"follow","max-snippet":"max-snippet:-1","max-image-preview":"max-image-preview:large","max-video-preview":"max-video-preview:-1"},"canonical":"https:\/\/grossklein-immobilien.de\/de\/produkt\/hochwertig-sanierte-wohnung-in-lankwitz\/","og_locale":"de_DE","og_type":"article","og_title":"Hochwertig sanierte Wohnung in Lankwitz mit Parkett und Balkon","og_description":"Hochwertig sanierte Wohnung in Lankwitz in ruhiger Anliegerstrasse, fern von Verkehr, Altbau, 2 Zimmer, unweit Kranoldplatz und Lichterfelde Ost.","og_url":"https:\/\/grossklein-immobilien.de\/de\/produkt\/hochwertig-sanierte-wohnung-in-lankwitz\/","article_publisher":"https:\/\/www.facebook.com\/TOMIC-IMMOBILIEN-110945718988806\/","article_modified_time":"2026-02-06T07:57:33+00:00","og_image":[{"width":1024,"height":683,"url":"https:\/\/grossklein-immobilien.de\/de\/wp-content\/uploads\/2016\/01\/IMG_2848_22.jpg","type":"image\/jpeg"}],"twitter_card":"summary_large_image","twitter_site":"@draz_tomic","twitter_misc":{"Gesch\u00e4tzte Lesezeit":"2\u00a0Minuten"},"schema":{"@context":"https:\/\/schema.org","@graph":[{"@type":"WebPage","@id":"https:\/\/grossklein-immobilien.de\/de\/produkt\/hochwertig-sanierte-wohnung-in-lankwitz\/","url":"https:\/\/grossklein-immobilien.de\/de\/produkt\/hochwertig-sanierte-wohnung-in-lankwitz\/","name":"Hochwertig sanierte Wohnung in Lankwitz mit Parkett und Balkon","isPartOf":{"@id":"https:\/\/grossklein-immobilien.de\/de\/#website"},"primaryImageOfPage":{"@id":"https:\/\/grossklein-immobilien.de\/de\/produkt\/hochwertig-sanierte-wohnung-in-lankwitz\/#primaryimage"},"image":{"@id":"https:\/\/grossklein-immobilien.de\/de\/produkt\/hochwertig-sanierte-wohnung-in-lankwitz\/#primaryimage"},"thumbnailUrl":"https:\/\/grossklein-immobilien.de\/de\/wp-content\/uploads\/2016\/01\/IMG_2848_22.jpg","datePublished":"2016-01-06T17:04:32+00:00","dateModified":"2026-02-06T07:57:33+00:00","description":"Hochwertig sanierte Wohnung in Lankwitz in ruhiger Anliegerstrasse, fern von Verkehr, Altbau, 2 Zimmer, unweit Kranoldplatz und Lichterfelde Ost.","breadcrumb":{"@id":"https:\/\/grossklein-immobilien.de\/de\/produkt\/hochwertig-sanierte-wohnung-in-lankwitz\/#breadcrumb"},"inLanguage":"de","potentialAction":[{"@type":"ReadAction","target":["https:\/\/grossklein-immobilien.de\/de\/produkt\/hochwertig-sanierte-wohnung-in-lankwitz\/"]}]},{"@type":"ImageObject","inLanguage":"de","@id":"https:\/\/grossklein-immobilien.de\/de\/produkt\/hochwertig-sanierte-wohnung-in-lankwitz\/#primaryimage","url":"https:\/\/grossklein-immobilien.de\/de\/wp-content\/uploads\/2016\/01\/IMG_2848_22.jpg","contentUrl":"https:\/\/grossklein-immobilien.de\/de\/wp-content\/uploads\/2016\/01\/IMG_2848_22.jpg","width":1024,"height":683},{"@type":"BreadcrumbList","@id":"https:\/\/grossklein-immobilien.de\/de\/produkt\/hochwertig-sanierte-wohnung-in-lankwitz\/#breadcrumb","itemListElement":[{"@type":"ListItem","position":1,"name":"Home","item":"https:\/\/grossklein-immobilien.de\/de\/"},{"@type":"ListItem","position":2,"name":"Immobilienangebote","item":"https:\/\/grossklein-immobilien.de\/de\/immobilien-berlin\/"},{"@type":"ListItem","position":3,"name":"HOCHWERTIG SANIERTE WOHNUNG MIT IN LANKWITZ"}]},{"@type":"WebSite","@id":"https:\/\/grossklein-immobilien.de\/de\/#website","url":"https:\/\/grossklein-immobilien.de\/de\/","name":"","description":"","potentialAction":[{"@type":"SearchAction","target":{"@type":"EntryPoint","urlTemplate":"https:\/\/grossklein-immobilien.de\/de\/?s={search_term_string}"},"query-input":{"@type":"PropertyValueSpecification","valueRequired":true,"valueName":"search_term_string"}}],"inLanguage":"de"}]}},"uagb_featured_image_src":{"full":["https:\/\/grossklein-immobilien.de\/de\/wp-content\/uploads\/2016\/01\/IMG_2848_22.jpg",1024,683,false],"thumbnail":["https:\/\/grossklein-immobilien.de\/de\/wp-content\/uploads\/2016\/01\/IMG_2848_22-150x150.jpg",150,150,true],"medium":["https:\/\/grossklein-immobilien.de\/de\/wp-content\/uploads\/2016\/01\/IMG_2848_22-300x200.jpg",300,200,true],"medium_large":["https:\/\/grossklein-immobilien.de\/de\/wp-content\/uploads\/2016\/01\/IMG_2848_22.jpg",1024,683,false],"large":["https:\/\/grossklein-immobilien.de\/de\/wp-content\/uploads\/2016\/01\/IMG_2848_22-1024x683.jpg",604,403,true],"1536x1536":["https:\/\/grossklein-immobilien.de\/de\/wp-content\/uploads\/2016\/01\/IMG_2848_22.jpg",1024,683,false],"2048x2048":["https:\/\/grossklein-immobilien.de\/de\/wp-content\/uploads\/2016\/01\/IMG_2848_22.jpg",1024,683,false],"post-thumbnail":["https:\/\/grossklein-immobilien.de\/de\/wp-content\/uploads\/2016\/01\/IMG_2848_22-604x270.jpg",604,270,true],"woocommerce_thumbnail":["https:\/\/grossklein-immobilien.de\/de\/wp-content\/uploads\/2016\/01\/IMG_2848_22-300x300.jpg",300,300,true],"woocommerce_single":["https:\/\/grossklein-immobilien.de\/de\/wp-content\/uploads\/2016\/01\/IMG_2848_22.jpg",1024,683,false],"woocommerce_gallery_thumbnail":["https:\/\/grossklein-immobilien.de\/de\/wp-content\/uploads\/2016\/01\/IMG_2848_22-100x100.jpg",100,100,true]},"uagb_author_info":{"display_name":"ramkol","author_link":"https:\/\/grossklein-immobilien.de\/de\/author\/"},"uagb_comment_info":0,"uagb_excerpt":"Neu sanierte 2-Zimmer Wohnung mit offener K\u00fcche in ruhiger Lage.","_links":{"self":[{"href":"https:\/\/grossklein-immobilien.de\/de\/wp-json\/wp\/v2\/product\/119","targetHints":{"allow":["GET"]}}],"collection":[{"href":"https:\/\/grossklein-immobilien.de\/de\/wp-json\/wp\/v2\/product"}],"about":[{"href":"https:\/\/grossklein-immobilien.de\/de\/wp-json\/wp\/v2\/types\/product"}],"wp:featuredmedia":[{"embeddable":true,"href":"https:\/\/grossklein-immobilien.de\/de\/wp-json\/wp\/v2\/media\/4882"}],"wp:attachment":[{"href":"https:\/\/grossklein-immobilien.de\/de\/wp-json\/wp\/v2\/media?parent=119"}],"wp:term":[{"taxonomy":"product_cat","embeddable":true,"href":"https:\/\/grossklein-immobilien.de\/de\/wp-json\/wp\/v2\/product_cat?post=119"},{"taxonomy":"product_tag","embeddable":true,"href":"https:\/\/grossklein-immobilien.de\/de\/wp-json\/wp\/v2\/product_tag?post=119"}],"curies":[{"name":"wp","href":"https:\/\/api.w.org\/{rel}","templated":true}]}}