{"id":171,"date":"2016-01-12T17:22:43","date_gmt":"2016-01-12T16:22:43","guid":{"rendered":"http:\/\/www.tomic-immobilien.de\/de\/?post_type=product&#038;p=171"},"modified":"2026-02-06T08:58:23","modified_gmt":"2026-02-06T07:58:23","slug":"penthouse-mit-terrasse","status":"publish","type":"product","link":"https:\/\/grossklein-immobilien.de\/de\/produkt\/penthouse-mit-terrasse\/","title":{"rendered":"TOP 3-ZI PENTHOUSE MIT S\u00dcDWEST TERRASSE &#038; AUFZUG"},"content":{"rendered":"<p style=\"text-align: justify;\">Diese gro\u00dfz\u00fcgig geschnittene 3-Zimmer&nbsp; Maisonette Penthouse mit Terrasse und S\u00fcdwest Ausrichtung ist durch das Aufstocken und Zusammenlegen mit der letzten oberen Bestandswohnung entstanden. Sie verf\u00fcgt \u00fcber eine offene K\u00fcche und einen gro\u00dfen Wohn- und Essbereich. Die ger\u00e4umige und sonnige S\u00fcdloggia bietet ausreichen Platz mehrere Personen und l\u00e4dt zum Verweilen ein. . Im unterem Bereich der Wohnung befinden sich zwei Schlafzimmer, eins davon mit angebundener Ankleide, sowie das Masterbad mit Komfortdusche. Ein G\u00e4ste-WC mit Badewanne befindet ist ebenfalls im oberen bereich vorhanden. Die Wohnung ist sehr hell und sonnig und hat einem sch\u00f6nen Blick \u00fcber die D\u00e4cher von Friedenau. Naheliegende Gesch\u00e4fte des t\u00e4glichen Lebens und die naheliegende Einkaufsmeile Schlo\u00dfstrasse umrunden das gute Angebot.<\/p>\n<p>Vermittelt von Gross &amp; Klein Immobilien, Ihrem <a href=\"https:\/\/grossklein-immobilien.de\/de\/immobilienmakler-berlin-steglitz\/\">Immobilienmakler in Berlin-Steglitz<\/a>.<\/p>\n","protected":false},"excerpt":{"rendered":"<p>Bei dieser Immobilie handelt es sich um ein in 2015 ausgebautes Dachgescho\u00df mit Aufzug.<\/p>\n","protected":false},"featured_media":4888,"template":"","meta":{"_uag_custom_page_level_css":"","ngg_post_thumbnail":0},"product_cat":[24,94,422,416],"product_tag":[],"class_list":{"0":"post-171","1":"product","2":"type-product","3":"status-publish","4":"has-post-thumbnail","6":"product_cat-eigentumswohnungen","7":"product_cat-steglitz-zehlendorf","8":"product_cat-110-140","9":"product_cat-416","10":"pa_adresse-thorwaldsenstr-19-12157-berlin","11":"pa_balkon-balkon-und-loggia","12":"pa_baujahr-38","13":"pa_befeuerung-solar-gas-kombitherme","14":"pa_courtage-595-vom-beurk-kaufpreis","15":"pa_etage-5dg","16":"pa_etagen-41","17":"pa_heizungsart-zentralheizung","18":"pa_lage-steglitz","19":"pa_objektzustand-erstbezug","20":"pa_standort-berlin-steglitz","21":"pa_wohnflaeche-127-m","22":"pa_zimmer-11","24":"first","25":"outofstock","26":"shipping-taxable","27":"purchasable","28":"product-type-simple"},"yoast_head":"<!-- This site is optimized with the Yoast SEO plugin v26.8 - https:\/\/yoast.com\/product\/yoast-seo-wordpress\/ -->\n<title>Penthouse mit Terrasse \u00fcber den D\u00e4chern von Friedenau<\/title>\n<meta name=\"description\" content=\"Penthouse mit Terrasse zum S\u00fcden, mit Aufzug, 3 Zimmer, G\u00e4ste-WC, in beliebter Lage in Berlin-Steglitz unweit der Einkaufsmeile Schlo\u00dfstrasse.\u00a0\" \/>\n<meta name=\"robots\" content=\"index, follow, max-snippet:-1, max-image-preview:large, max-video-preview:-1\" \/>\n<link rel=\"canonical\" href=\"https:\/\/grossklein-immobilien.de\/de\/produkt\/penthouse-mit-terrasse\/\" \/>\n<meta property=\"og:locale\" content=\"de_DE\" \/>\n<meta property=\"og:type\" content=\"article\" \/>\n<meta property=\"og:title\" content=\"Penthouse mit Terrasse \u00fcber den D\u00e4chern von Friedenau\" \/>\n<meta property=\"og:description\" content=\"Penthouse mit Terrasse zum S\u00fcden, mit Aufzug, 3 Zimmer, G\u00e4ste-WC, in beliebter Lage in Berlin-Steglitz unweit der Einkaufsmeile Schlo\u00dfstrasse.\u00a0\" \/>\n<meta property=\"og:url\" content=\"https:\/\/grossklein-immobilien.de\/de\/produkt\/penthouse-mit-terrasse\/\" \/>\n<meta property=\"article:publisher\" content=\"https:\/\/www.facebook.com\/TOMIC-IMMOBILIEN-110945718988806\/\" \/>\n<meta property=\"article:modified_time\" content=\"2026-02-06T07:58:23+00:00\" \/>\n<meta property=\"og:image\" content=\"https:\/\/grossklein-immobilien.de\/de\/wp-content\/uploads\/2016\/01\/IMG-2595_22.jpg\" \/>\n\t<meta property=\"og:image:width\" content=\"1024\" \/>\n\t<meta property=\"og:image:height\" content=\"683\" \/>\n\t<meta property=\"og:image:type\" content=\"image\/jpeg\" \/>\n<meta name=\"twitter:card\" content=\"summary_large_image\" \/>\n<meta name=\"twitter:site\" content=\"@draz_tomic\" \/>\n<meta name=\"twitter:label1\" content=\"Gesch\u00e4tzte Lesezeit\" \/>\n\t<meta name=\"twitter:data1\" content=\"1\u00a0Minute\" \/>\n<script type=\"application\/ld+json\" class=\"yoast-schema-graph\">{\"@context\":\"https:\/\/schema.org\",\"@graph\":[{\"@type\":\"WebPage\",\"@id\":\"https:\/\/grossklein-immobilien.de\/de\/produkt\/penthouse-mit-terrasse\/\",\"url\":\"https:\/\/grossklein-immobilien.de\/de\/produkt\/penthouse-mit-terrasse\/\",\"name\":\"Penthouse mit Terrasse \u00fcber den D\u00e4chern von Friedenau\",\"isPartOf\":{\"@id\":\"https:\/\/grossklein-immobilien.de\/de\/#website\"},\"primaryImageOfPage\":{\"@id\":\"https:\/\/grossklein-immobilien.de\/de\/produkt\/penthouse-mit-terrasse\/#primaryimage\"},\"image\":{\"@id\":\"https:\/\/grossklein-immobilien.de\/de\/produkt\/penthouse-mit-terrasse\/#primaryimage\"},\"thumbnailUrl\":\"https:\/\/grossklein-immobilien.de\/de\/wp-content\/uploads\/2016\/01\/IMG-2595_22.jpg\",\"datePublished\":\"2016-01-12T16:22:43+00:00\",\"dateModified\":\"2026-02-06T07:58:23+00:00\",\"description\":\"Penthouse mit Terrasse zum S\u00fcden, mit Aufzug, 3 Zimmer, G\u00e4ste-WC, in beliebter Lage in Berlin-Steglitz unweit der Einkaufsmeile Schlo\u00dfstrasse.\u00a0\",\"breadcrumb\":{\"@id\":\"https:\/\/grossklein-immobilien.de\/de\/produkt\/penthouse-mit-terrasse\/#breadcrumb\"},\"inLanguage\":\"de\",\"potentialAction\":[{\"@type\":\"ReadAction\",\"target\":[\"https:\/\/grossklein-immobilien.de\/de\/produkt\/penthouse-mit-terrasse\/\"]}]},{\"@type\":\"ImageObject\",\"inLanguage\":\"de\",\"@id\":\"https:\/\/grossklein-immobilien.de\/de\/produkt\/penthouse-mit-terrasse\/#primaryimage\",\"url\":\"https:\/\/grossklein-immobilien.de\/de\/wp-content\/uploads\/2016\/01\/IMG-2595_22.jpg\",\"contentUrl\":\"https:\/\/grossklein-immobilien.de\/de\/wp-content\/uploads\/2016\/01\/IMG-2595_22.jpg\",\"width\":1024,\"height\":683},{\"@type\":\"BreadcrumbList\",\"@id\":\"https:\/\/grossklein-immobilien.de\/de\/produkt\/penthouse-mit-terrasse\/#breadcrumb\",\"itemListElement\":[{\"@type\":\"ListItem\",\"position\":1,\"name\":\"Home\",\"item\":\"https:\/\/grossklein-immobilien.de\/de\/\"},{\"@type\":\"ListItem\",\"position\":2,\"name\":\"Immobilienangebote\",\"item\":\"https:\/\/grossklein-immobilien.de\/de\/immobilien-berlin\/\"},{\"@type\":\"ListItem\",\"position\":3,\"name\":\"TOP 3-ZI PENTHOUSE MIT S\u00dcDWEST TERRASSE &#038; AUFZUG\"}]},{\"@type\":\"WebSite\",\"@id\":\"https:\/\/grossklein-immobilien.de\/de\/#website\",\"url\":\"https:\/\/grossklein-immobilien.de\/de\/\",\"name\":\"\",\"description\":\"\",\"potentialAction\":[{\"@type\":\"SearchAction\",\"target\":{\"@type\":\"EntryPoint\",\"urlTemplate\":\"https:\/\/grossklein-immobilien.de\/de\/?s={search_term_string}\"},\"query-input\":{\"@type\":\"PropertyValueSpecification\",\"valueRequired\":true,\"valueName\":\"search_term_string\"}}],\"inLanguage\":\"de\"}]}<\/script>\n<!-- \/ Yoast SEO plugin. -->","yoast_head_json":{"title":"Penthouse mit Terrasse \u00fcber den D\u00e4chern von Friedenau","description":"Penthouse mit Terrasse zum S\u00fcden, mit Aufzug, 3 Zimmer, G\u00e4ste-WC, in beliebter Lage in Berlin-Steglitz unweit der Einkaufsmeile Schlo\u00dfstrasse.\u00a0","robots":{"index":"index","follow":"follow","max-snippet":"max-snippet:-1","max-image-preview":"max-image-preview:large","max-video-preview":"max-video-preview:-1"},"canonical":"https:\/\/grossklein-immobilien.de\/de\/produkt\/penthouse-mit-terrasse\/","og_locale":"de_DE","og_type":"article","og_title":"Penthouse mit Terrasse \u00fcber den D\u00e4chern von Friedenau","og_description":"Penthouse mit Terrasse zum S\u00fcden, mit Aufzug, 3 Zimmer, G\u00e4ste-WC, in beliebter Lage in Berlin-Steglitz unweit der Einkaufsmeile Schlo\u00dfstrasse.\u00a0","og_url":"https:\/\/grossklein-immobilien.de\/de\/produkt\/penthouse-mit-terrasse\/","article_publisher":"https:\/\/www.facebook.com\/TOMIC-IMMOBILIEN-110945718988806\/","article_modified_time":"2026-02-06T07:58:23+00:00","og_image":[{"width":1024,"height":683,"url":"https:\/\/grossklein-immobilien.de\/de\/wp-content\/uploads\/2016\/01\/IMG-2595_22.jpg","type":"image\/jpeg"}],"twitter_card":"summary_large_image","twitter_site":"@draz_tomic","twitter_misc":{"Gesch\u00e4tzte Lesezeit":"1\u00a0Minute"},"schema":{"@context":"https:\/\/schema.org","@graph":[{"@type":"WebPage","@id":"https:\/\/grossklein-immobilien.de\/de\/produkt\/penthouse-mit-terrasse\/","url":"https:\/\/grossklein-immobilien.de\/de\/produkt\/penthouse-mit-terrasse\/","name":"Penthouse mit Terrasse \u00fcber den D\u00e4chern von Friedenau","isPartOf":{"@id":"https:\/\/grossklein-immobilien.de\/de\/#website"},"primaryImageOfPage":{"@id":"https:\/\/grossklein-immobilien.de\/de\/produkt\/penthouse-mit-terrasse\/#primaryimage"},"image":{"@id":"https:\/\/grossklein-immobilien.de\/de\/produkt\/penthouse-mit-terrasse\/#primaryimage"},"thumbnailUrl":"https:\/\/grossklein-immobilien.de\/de\/wp-content\/uploads\/2016\/01\/IMG-2595_22.jpg","datePublished":"2016-01-12T16:22:43+00:00","dateModified":"2026-02-06T07:58:23+00:00","description":"Penthouse mit Terrasse zum S\u00fcden, mit Aufzug, 3 Zimmer, G\u00e4ste-WC, in beliebter Lage in Berlin-Steglitz unweit der Einkaufsmeile Schlo\u00dfstrasse.\u00a0","breadcrumb":{"@id":"https:\/\/grossklein-immobilien.de\/de\/produkt\/penthouse-mit-terrasse\/#breadcrumb"},"inLanguage":"de","potentialAction":[{"@type":"ReadAction","target":["https:\/\/grossklein-immobilien.de\/de\/produkt\/penthouse-mit-terrasse\/"]}]},{"@type":"ImageObject","inLanguage":"de","@id":"https:\/\/grossklein-immobilien.de\/de\/produkt\/penthouse-mit-terrasse\/#primaryimage","url":"https:\/\/grossklein-immobilien.de\/de\/wp-content\/uploads\/2016\/01\/IMG-2595_22.jpg","contentUrl":"https:\/\/grossklein-immobilien.de\/de\/wp-content\/uploads\/2016\/01\/IMG-2595_22.jpg","width":1024,"height":683},{"@type":"BreadcrumbList","@id":"https:\/\/grossklein-immobilien.de\/de\/produkt\/penthouse-mit-terrasse\/#breadcrumb","itemListElement":[{"@type":"ListItem","position":1,"name":"Home","item":"https:\/\/grossklein-immobilien.de\/de\/"},{"@type":"ListItem","position":2,"name":"Immobilienangebote","item":"https:\/\/grossklein-immobilien.de\/de\/immobilien-berlin\/"},{"@type":"ListItem","position":3,"name":"TOP 3-ZI PENTHOUSE MIT S\u00dcDWEST TERRASSE &#038; AUFZUG"}]},{"@type":"WebSite","@id":"https:\/\/grossklein-immobilien.de\/de\/#website","url":"https:\/\/grossklein-immobilien.de\/de\/","name":"","description":"","potentialAction":[{"@type":"SearchAction","target":{"@type":"EntryPoint","urlTemplate":"https:\/\/grossklein-immobilien.de\/de\/?s={search_term_string}"},"query-input":{"@type":"PropertyValueSpecification","valueRequired":true,"valueName":"search_term_string"}}],"inLanguage":"de"}]}},"uagb_featured_image_src":{"full":["https:\/\/grossklein-immobilien.de\/de\/wp-content\/uploads\/2016\/01\/IMG-2595_22.jpg",1024,683,false],"thumbnail":["https:\/\/grossklein-immobilien.de\/de\/wp-content\/uploads\/2016\/01\/IMG-2595_22-150x150.jpg",150,150,true],"medium":["https:\/\/grossklein-immobilien.de\/de\/wp-content\/uploads\/2016\/01\/IMG-2595_22-300x200.jpg",300,200,true],"medium_large":["https:\/\/grossklein-immobilien.de\/de\/wp-content\/uploads\/2016\/01\/IMG-2595_22.jpg",1024,683,false],"large":["https:\/\/grossklein-immobilien.de\/de\/wp-content\/uploads\/2016\/01\/IMG-2595_22-1024x683.jpg",604,403,true],"1536x1536":["https:\/\/grossklein-immobilien.de\/de\/wp-content\/uploads\/2016\/01\/IMG-2595_22.jpg",1024,683,false],"2048x2048":["https:\/\/grossklein-immobilien.de\/de\/wp-content\/uploads\/2016\/01\/IMG-2595_22.jpg",1024,683,false],"post-thumbnail":["https:\/\/grossklein-immobilien.de\/de\/wp-content\/uploads\/2016\/01\/IMG-2595_22-604x270.jpg",604,270,true],"woocommerce_thumbnail":["https:\/\/grossklein-immobilien.de\/de\/wp-content\/uploads\/2016\/01\/IMG-2595_22-300x300.jpg",300,300,true],"woocommerce_single":["https:\/\/grossklein-immobilien.de\/de\/wp-content\/uploads\/2016\/01\/IMG-2595_22.jpg",1024,683,false],"woocommerce_gallery_thumbnail":["https:\/\/grossklein-immobilien.de\/de\/wp-content\/uploads\/2016\/01\/IMG-2595_22-100x100.jpg",100,100,true]},"uagb_author_info":{"display_name":"ramkol","author_link":"https:\/\/grossklein-immobilien.de\/de\/author\/"},"uagb_comment_info":0,"uagb_excerpt":"Bei dieser Immobilie handelt es sich um ein in 2015 ausgebautes Dachgescho\u00df mit Aufzug.","_links":{"self":[{"href":"https:\/\/grossklein-immobilien.de\/de\/wp-json\/wp\/v2\/product\/171","targetHints":{"allow":["GET"]}}],"collection":[{"href":"https:\/\/grossklein-immobilien.de\/de\/wp-json\/wp\/v2\/product"}],"about":[{"href":"https:\/\/grossklein-immobilien.de\/de\/wp-json\/wp\/v2\/types\/product"}],"wp:featuredmedia":[{"embeddable":true,"href":"https:\/\/grossklein-immobilien.de\/de\/wp-json\/wp\/v2\/media\/4888"}],"wp:attachment":[{"href":"https:\/\/grossklein-immobilien.de\/de\/wp-json\/wp\/v2\/media?parent=171"}],"wp:term":[{"taxonomy":"product_cat","embeddable":true,"href":"https:\/\/grossklein-immobilien.de\/de\/wp-json\/wp\/v2\/product_cat?post=171"},{"taxonomy":"product_tag","embeddable":true,"href":"https:\/\/grossklein-immobilien.de\/de\/wp-json\/wp\/v2\/product_tag?post=171"}],"curies":[{"name":"wp","href":"https:\/\/api.w.org\/{rel}","templated":true}]}}