{"id":17567,"date":"2021-02-10T10:59:40","date_gmt":"2021-02-10T09:59:40","guid":{"rendered":"http:\/\/grossklein-immobilien.de\/de\/?post_type=product&#038;p=17567"},"modified":"2023-05-12T12:34:55","modified_gmt":"2023-05-12T10:34:55","slug":"neues-penthouse-mit-aufzug","status":"publish","type":"product","link":"https:\/\/grossklein-immobilien.de\/de\/produkt\/neues-penthouse-mit-aufzug\/","title":{"rendered":"NEUES PENTHOUSE MIT AUFZUG &#038; AUFDACHTERRASSE"},"content":{"rendered":"<p style=\"text-align: justify;\">Bei dieser Traumwohnung handelt es sich um eine 5-Zimmer Penthouse Wohnung mit Aufzug und Aufdachterrasse nahe dem Lietzensee und der Kantstrasse in Berlin-Charlottenburg. Das Penthouse entsteht auf einem Altbau Hinterhaus, ruhig und fern von Strassenverkehr und neugirigen Blicken. Die gro\u00dfz\u00fcgig angelegten R\u00e4ume sorgen f\u00fcr eine Wohlf\u00fchlatmosph\u00e4re der Extraklasse. Die Wohnung verf\u00fcgt \u00fcber eine offen K\u00fcche mit gro\u00dfen Wohn &#8211; und Esbbereich, 4 separate Zimmer, 2 B\u00e4der und ein G\u00e4ste-WC. Die Ausstattung l\u00e4sst hierbei keine W\u00fcnsche offen, von edlen Echtholzparkett bis zur Flie\u00dfen namenhafter Hersteller, ist sorgf\u00e4lltig nur das Beste auserw\u00e4hlt worden. Die K\u00e4ufer haben die M\u00f6glichkeit dabei individuelle W\u00fcnsche um zu setzten. Ein Kamin sorgt in den kalten Wintertagen f\u00fcr zus\u00e4tzliche W\u00e4rme und Ambiente. In den warmen Sommertagen dagegen bietet die Klimaanlage rasche K\u00fchlung. Die Aufdachterrasse ist sicherlich das Highligt dieser Wohnung mit Blick \u00fcber den D\u00e4chern von Charlottenburg und ganz viel Sonne.<\/p>\n","protected":false},"excerpt":{"rendered":"<p>Es handelt sich bei diesem Angebot um eine luxuri\u00f6se 5-Zimmer Penthouse Wohnung mit moderner Ausstattung, Aufzug und Aufdachterrasse direkt am Lietzenseeufer.<\/p>\n","protected":false},"featured_media":17568,"template":"","meta":{"_uag_custom_page_level_css":"","ngg_post_thumbnail":0},"product_cat":[24,382,423,426],"product_tag":[],"class_list":{"0":"post-17567","1":"product","2":"type-product","3":"status-publish","4":"has-post-thumbnail","6":"product_cat-eigentumswohnungen","7":"product_cat-charlottenburg","8":"product_cat-140-200","9":"product_cat-426","10":"pa_befeuerung-fernwaerme","11":"pa_courtage-357-vom-beurk-kaufpreis","12":"pa_etage-dg-6-og","13":"pa_etagen-332","14":"pa_gaeste-wc-vorhanden-mit-dusche","15":"pa_heizungsart-zentralheizung","16":"pa_lage-charlottenburg","17":"pa_objektzustand-neubau-erstbezug","18":"pa_standort-charlottenburg","19":"pa_wohnflaeche-195","20":"pa_zimmer-194","22":"first","23":"outofstock","24":"shipping-taxable","25":"purchasable","26":"product-type-simple"},"yoast_head":"<!-- This site is optimized with the Yoast SEO plugin v26.8 - https:\/\/yoast.com\/product\/yoast-seo-wordpress\/ -->\n<title>Neues Penthouse mit Aufzug | Gross &amp; Klein Immobilien<\/title>\n<meta name=\"description\" content=\"Neues Penthouse mit Aufzug und Aufdachterrasse mit 5 Zimmern, kamin, Klimaanlage und h\u00f6chst moderner Ausstattung in Charlottenburg.\" \/>\n<meta name=\"robots\" content=\"index, follow, max-snippet:-1, max-image-preview:large, max-video-preview:-1\" \/>\n<link rel=\"canonical\" href=\"https:\/\/grossklein-immobilien.de\/de\/produkt\/neues-penthouse-mit-aufzug\/\" \/>\n<meta property=\"og:locale\" content=\"de_DE\" \/>\n<meta property=\"og:type\" content=\"article\" \/>\n<meta property=\"og:title\" content=\"Neues Penthouse mit Aufzug | Gross &amp; Klein Immobilien\" \/>\n<meta property=\"og:description\" content=\"Neues Penthouse mit Aufzug und Aufdachterrasse mit 5 Zimmern, kamin, Klimaanlage und h\u00f6chst moderner Ausstattung in Charlottenburg.\" \/>\n<meta property=\"og:url\" content=\"https:\/\/grossklein-immobilien.de\/de\/produkt\/neues-penthouse-mit-aufzug\/\" \/>\n<meta property=\"article:publisher\" content=\"https:\/\/www.facebook.com\/TOMIC-IMMOBILIEN-110945718988806\/\" \/>\n<meta property=\"article:modified_time\" content=\"2023-05-12T10:34:55+00:00\" \/>\n<meta property=\"og:image\" content=\"https:\/\/grossklein-immobilien.de\/de\/wp-content\/uploads\/2021\/02\/Bild-01.jpg\" \/>\n\t<meta property=\"og:image:width\" content=\"1500\" \/>\n\t<meta property=\"og:image:height\" content=\"1080\" \/>\n\t<meta property=\"og:image:type\" content=\"image\/jpeg\" \/>\n<meta name=\"twitter:card\" content=\"summary_large_image\" \/>\n<meta name=\"twitter:site\" content=\"@draz_tomic\" \/>\n<meta name=\"twitter:label1\" content=\"Gesch\u00e4tzte Lesezeit\" \/>\n\t<meta name=\"twitter:data1\" content=\"1\u00a0Minute\" \/>\n<script type=\"application\/ld+json\" class=\"yoast-schema-graph\">{\"@context\":\"https:\/\/schema.org\",\"@graph\":[{\"@type\":\"WebPage\",\"@id\":\"https:\/\/grossklein-immobilien.de\/de\/produkt\/neues-penthouse-mit-aufzug\/\",\"url\":\"https:\/\/grossklein-immobilien.de\/de\/produkt\/neues-penthouse-mit-aufzug\/\",\"name\":\"Neues Penthouse mit Aufzug | Gross & Klein Immobilien\",\"isPartOf\":{\"@id\":\"https:\/\/grossklein-immobilien.de\/de\/#website\"},\"primaryImageOfPage\":{\"@id\":\"https:\/\/grossklein-immobilien.de\/de\/produkt\/neues-penthouse-mit-aufzug\/#primaryimage\"},\"image\":{\"@id\":\"https:\/\/grossklein-immobilien.de\/de\/produkt\/neues-penthouse-mit-aufzug\/#primaryimage\"},\"thumbnailUrl\":\"https:\/\/grossklein-immobilien.de\/de\/wp-content\/uploads\/2021\/02\/Bild-01.jpg\",\"datePublished\":\"2021-02-10T09:59:40+00:00\",\"dateModified\":\"2023-05-12T10:34:55+00:00\",\"description\":\"Neues Penthouse mit Aufzug und Aufdachterrasse mit 5 Zimmern, kamin, Klimaanlage und h\u00f6chst moderner Ausstattung in Charlottenburg.\",\"breadcrumb\":{\"@id\":\"https:\/\/grossklein-immobilien.de\/de\/produkt\/neues-penthouse-mit-aufzug\/#breadcrumb\"},\"inLanguage\":\"de\",\"potentialAction\":[{\"@type\":\"ReadAction\",\"target\":[\"https:\/\/grossklein-immobilien.de\/de\/produkt\/neues-penthouse-mit-aufzug\/\"]}]},{\"@type\":\"ImageObject\",\"inLanguage\":\"de\",\"@id\":\"https:\/\/grossklein-immobilien.de\/de\/produkt\/neues-penthouse-mit-aufzug\/#primaryimage\",\"url\":\"https:\/\/grossklein-immobilien.de\/de\/wp-content\/uploads\/2021\/02\/Bild-01.jpg\",\"contentUrl\":\"https:\/\/grossklein-immobilien.de\/de\/wp-content\/uploads\/2021\/02\/Bild-01.jpg\",\"width\":1500,\"height\":1080,\"caption\":\"neues penthouse\"},{\"@type\":\"BreadcrumbList\",\"@id\":\"https:\/\/grossklein-immobilien.de\/de\/produkt\/neues-penthouse-mit-aufzug\/#breadcrumb\",\"itemListElement\":[{\"@type\":\"ListItem\",\"position\":1,\"name\":\"Home\",\"item\":\"https:\/\/grossklein-immobilien.de\/de\/\"},{\"@type\":\"ListItem\",\"position\":2,\"name\":\"Immobilienangebote\",\"item\":\"https:\/\/grossklein-immobilien.de\/de\/immobilien-berlin\/\"},{\"@type\":\"ListItem\",\"position\":3,\"name\":\"NEUES PENTHOUSE MIT AUFZUG &#038; AUFDACHTERRASSE\"}]},{\"@type\":\"WebSite\",\"@id\":\"https:\/\/grossklein-immobilien.de\/de\/#website\",\"url\":\"https:\/\/grossklein-immobilien.de\/de\/\",\"name\":\"\",\"description\":\"\",\"potentialAction\":[{\"@type\":\"SearchAction\",\"target\":{\"@type\":\"EntryPoint\",\"urlTemplate\":\"https:\/\/grossklein-immobilien.de\/de\/?s={search_term_string}\"},\"query-input\":{\"@type\":\"PropertyValueSpecification\",\"valueRequired\":true,\"valueName\":\"search_term_string\"}}],\"inLanguage\":\"de\"}]}<\/script>\n<!-- \/ Yoast SEO plugin. -->","yoast_head_json":{"title":"Neues Penthouse mit Aufzug | Gross & Klein Immobilien","description":"Neues Penthouse mit Aufzug und Aufdachterrasse mit 5 Zimmern, kamin, Klimaanlage und h\u00f6chst moderner Ausstattung in Charlottenburg.","robots":{"index":"index","follow":"follow","max-snippet":"max-snippet:-1","max-image-preview":"max-image-preview:large","max-video-preview":"max-video-preview:-1"},"canonical":"https:\/\/grossklein-immobilien.de\/de\/produkt\/neues-penthouse-mit-aufzug\/","og_locale":"de_DE","og_type":"article","og_title":"Neues Penthouse mit Aufzug | Gross & Klein Immobilien","og_description":"Neues Penthouse mit Aufzug und Aufdachterrasse mit 5 Zimmern, kamin, Klimaanlage und h\u00f6chst moderner Ausstattung in Charlottenburg.","og_url":"https:\/\/grossklein-immobilien.de\/de\/produkt\/neues-penthouse-mit-aufzug\/","article_publisher":"https:\/\/www.facebook.com\/TOMIC-IMMOBILIEN-110945718988806\/","article_modified_time":"2023-05-12T10:34:55+00:00","og_image":[{"width":1500,"height":1080,"url":"https:\/\/grossklein-immobilien.de\/de\/wp-content\/uploads\/2021\/02\/Bild-01.jpg","type":"image\/jpeg"}],"twitter_card":"summary_large_image","twitter_site":"@draz_tomic","twitter_misc":{"Gesch\u00e4tzte Lesezeit":"1\u00a0Minute"},"schema":{"@context":"https:\/\/schema.org","@graph":[{"@type":"WebPage","@id":"https:\/\/grossklein-immobilien.de\/de\/produkt\/neues-penthouse-mit-aufzug\/","url":"https:\/\/grossklein-immobilien.de\/de\/produkt\/neues-penthouse-mit-aufzug\/","name":"Neues Penthouse mit Aufzug | Gross & Klein Immobilien","isPartOf":{"@id":"https:\/\/grossklein-immobilien.de\/de\/#website"},"primaryImageOfPage":{"@id":"https:\/\/grossklein-immobilien.de\/de\/produkt\/neues-penthouse-mit-aufzug\/#primaryimage"},"image":{"@id":"https:\/\/grossklein-immobilien.de\/de\/produkt\/neues-penthouse-mit-aufzug\/#primaryimage"},"thumbnailUrl":"https:\/\/grossklein-immobilien.de\/de\/wp-content\/uploads\/2021\/02\/Bild-01.jpg","datePublished":"2021-02-10T09:59:40+00:00","dateModified":"2023-05-12T10:34:55+00:00","description":"Neues Penthouse mit Aufzug und Aufdachterrasse mit 5 Zimmern, kamin, Klimaanlage und h\u00f6chst moderner Ausstattung in Charlottenburg.","breadcrumb":{"@id":"https:\/\/grossklein-immobilien.de\/de\/produkt\/neues-penthouse-mit-aufzug\/#breadcrumb"},"inLanguage":"de","potentialAction":[{"@type":"ReadAction","target":["https:\/\/grossklein-immobilien.de\/de\/produkt\/neues-penthouse-mit-aufzug\/"]}]},{"@type":"ImageObject","inLanguage":"de","@id":"https:\/\/grossklein-immobilien.de\/de\/produkt\/neues-penthouse-mit-aufzug\/#primaryimage","url":"https:\/\/grossklein-immobilien.de\/de\/wp-content\/uploads\/2021\/02\/Bild-01.jpg","contentUrl":"https:\/\/grossklein-immobilien.de\/de\/wp-content\/uploads\/2021\/02\/Bild-01.jpg","width":1500,"height":1080,"caption":"neues penthouse"},{"@type":"BreadcrumbList","@id":"https:\/\/grossklein-immobilien.de\/de\/produkt\/neues-penthouse-mit-aufzug\/#breadcrumb","itemListElement":[{"@type":"ListItem","position":1,"name":"Home","item":"https:\/\/grossklein-immobilien.de\/de\/"},{"@type":"ListItem","position":2,"name":"Immobilienangebote","item":"https:\/\/grossklein-immobilien.de\/de\/immobilien-berlin\/"},{"@type":"ListItem","position":3,"name":"NEUES PENTHOUSE MIT AUFZUG &#038; AUFDACHTERRASSE"}]},{"@type":"WebSite","@id":"https:\/\/grossklein-immobilien.de\/de\/#website","url":"https:\/\/grossklein-immobilien.de\/de\/","name":"","description":"","potentialAction":[{"@type":"SearchAction","target":{"@type":"EntryPoint","urlTemplate":"https:\/\/grossklein-immobilien.de\/de\/?s={search_term_string}"},"query-input":{"@type":"PropertyValueSpecification","valueRequired":true,"valueName":"search_term_string"}}],"inLanguage":"de"}]}},"uagb_featured_image_src":{"full":["https:\/\/grossklein-immobilien.de\/de\/wp-content\/uploads\/2021\/02\/Bild-01.jpg",1500,1080,false],"thumbnail":["https:\/\/grossklein-immobilien.de\/de\/wp-content\/uploads\/2021\/02\/Bild-01-150x150.jpg",150,150,true],"medium":["https:\/\/grossklein-immobilien.de\/de\/wp-content\/uploads\/2021\/02\/Bild-01-300x216.jpg",300,216,true],"medium_large":["https:\/\/grossklein-immobilien.de\/de\/wp-content\/uploads\/2021\/02\/Bild-01.jpg",1500,1080,false],"large":["https:\/\/grossklein-immobilien.de\/de\/wp-content\/uploads\/2021\/02\/Bild-01-1024x737.jpg",604,435,true],"1536x1536":["https:\/\/grossklein-immobilien.de\/de\/wp-content\/uploads\/2021\/02\/Bild-01.jpg",1500,1080,false],"2048x2048":["https:\/\/grossklein-immobilien.de\/de\/wp-content\/uploads\/2021\/02\/Bild-01.jpg",1500,1080,false],"post-thumbnail":["https:\/\/grossklein-immobilien.de\/de\/wp-content\/uploads\/2021\/02\/Bild-01-604x270.jpg",604,270,true],"woocommerce_thumbnail":["https:\/\/grossklein-immobilien.de\/de\/wp-content\/uploads\/2021\/02\/Bild-01-300x300.jpg",300,300,true],"woocommerce_single":["https:\/\/grossklein-immobilien.de\/de\/wp-content\/uploads\/2021\/02\/Bild-01-1200x864.jpg",1200,864,true],"woocommerce_gallery_thumbnail":["https:\/\/grossklein-immobilien.de\/de\/wp-content\/uploads\/2021\/02\/Bild-01-100x100.jpg",100,100,true]},"uagb_author_info":{"display_name":"Drazan Tomic","author_link":"https:\/\/grossklein-immobilien.de\/de\/author\/"},"uagb_comment_info":0,"uagb_excerpt":"Es handelt sich bei diesem Angebot um eine luxuri\u00f6se 5-Zimmer Penthouse Wohnung mit moderner Ausstattung, Aufzug und Aufdachterrasse direkt am Lietzenseeufer.","_links":{"self":[{"href":"https:\/\/grossklein-immobilien.de\/de\/wp-json\/wp\/v2\/product\/17567","targetHints":{"allow":["GET"]}}],"collection":[{"href":"https:\/\/grossklein-immobilien.de\/de\/wp-json\/wp\/v2\/product"}],"about":[{"href":"https:\/\/grossklein-immobilien.de\/de\/wp-json\/wp\/v2\/types\/product"}],"wp:featuredmedia":[{"embeddable":true,"href":"https:\/\/grossklein-immobilien.de\/de\/wp-json\/wp\/v2\/media\/17568"}],"wp:attachment":[{"href":"https:\/\/grossklein-immobilien.de\/de\/wp-json\/wp\/v2\/media?parent=17567"}],"wp:term":[{"taxonomy":"product_cat","embeddable":true,"href":"https:\/\/grossklein-immobilien.de\/de\/wp-json\/wp\/v2\/product_cat?post=17567"},{"taxonomy":"product_tag","embeddable":true,"href":"https:\/\/grossklein-immobilien.de\/de\/wp-json\/wp\/v2\/product_tag?post=17567"}],"curies":[{"name":"wp","href":"https:\/\/api.w.org\/{rel}","templated":true}]}}