{"id":17581,"date":"2021-02-10T11:32:29","date_gmt":"2021-02-10T10:32:29","guid":{"rendered":"http:\/\/grossklein-immobilien.de\/de\/?post_type=product&#038;p=17581"},"modified":"2023-06-11T09:51:35","modified_gmt":"2023-06-11T07:51:35","slug":"loftartiges-penthouse-in-kreuzberg","status":"publish","type":"product","link":"https:\/\/grossklein-immobilien.de\/de\/produkt\/loftartiges-penthouse-in-kreuzberg\/","title":{"rendered":"LOFTARTIGES PENTHOUSE IN KREUZBERG MIT GROSSER DACHTERRASSE"},"content":{"rendered":"<p style=\"text-align: justify;\">Das Objekt befindet sich in zweiter Reihe bzw. im zweitem Hof direkt am Mariannenplatz in Berlin-Kreuzberg. In 2014 wurde das markante Backsteingeb\u00e4ude umfangreich saniert. Das loftartige Penthouse befindet sich im 4. und 5.OG. Es diente als Zweitwohnsitz bzw. es ist nicht durchgehend bewohnt gewesen. Der Zustand ist neuwertig. Die bodentiefen Fenster und das freigelegte Mauerwerk verleihen der Wohnung einen einzigartigen Charakter der New Yorker Loftgeb\u00e4ude und Industrielofts.&nbsp; Weitere Ausstattungsmerkmale sind eine offene K\u00fcche mit hochwertiger EBK, Echtholzparkett mit Fu\u00dfbodenheizung, 3 separate Schlafzimmer mit weiteren Gestaltungsm\u00f6glichkeiten sowie ein Vollbad und ein G\u00e4ste-WC. Das Highlight dieser Wohnung ist die weitl\u00e4ufige Aufdachterrasse mit herrlichen Panoramablick und Privatsph\u00e4re. Es stehen der Wohnung au\u00dferdem 2 Stellpl\u00e4tze zu Verf\u00fcgung. In fu\u00dfl\u00e4ufiger Entfernung befinden sich zahlreiche gastronomische Angebote, Einkaufs- und Ausgehm\u00f6glichkeiten, Kinderg\u00e4rten und Schulen. Eine Anbindung an den \u00f6ffentlichen Nahverkehr besteht \u00fcber Buslinien 140 und 147 sowie die U-Bahn-Station am G\u00f6rlitzer Bahnhof.<\/p>\n","protected":false},"excerpt":{"rendered":"<p>Hierbei handelt es sich um ein loftartiges und charmantes Backsteingeb\u00e4ude und eine Wohnung, die als Zweitwohnung in Berlin nutzten sollte aber kaum bewohnt war. Der Zustand ist somit neuwertig. Die Aufdachterrasse mit 170m\u00b2 bietet einen unverbauten Blick zum Fernsehturm und zur Mercedes-Benz Arena.<\/p>\n","protected":false},"featured_media":17583,"template":"","meta":{"_uag_custom_page_level_css":"","ngg_post_thumbnail":0},"product_cat":[24,388,424,417],"product_tag":[],"class_list":{"0":"post-17581","1":"product","2":"type-product","3":"status-publish","4":"has-post-thumbnail","6":"product_cat-eigentumswohnungen","7":"product_cat-kreuzberg-friedrichshain","8":"product_cat-200-und-groesser","9":"product_cat-417","10":"pa_adresse-390","11":"pa_balkon-aufdachterrasse-und-balkon","12":"pa_baujahr-393","13":"pa_befeuerung-gas","14":"pa_courtage-357-vom-beurk-kaufpreis","15":"pa_etage-37","16":"pa_etagen-237","17":"pa_gaeste-wc-vorhanden-mit-dusche","18":"pa_heizungsart-zentralheizung","19":"pa_objektzustand-neuwertig","20":"pa_standort-berlin-kreuzberg","21":"pa_wohnflaeche-391","22":"pa_zimmer-276","24":"first","25":"outofstock","26":"shipping-taxable","27":"purchasable","28":"product-type-simple"},"yoast_head":"<!-- This site is optimized with the Yoast SEO plugin v26.8 - https:\/\/yoast.com\/product\/yoast-seo-wordpress\/ -->\n<title>Loftartiges Penthouse in Kreuzberg | Gross &amp; Klein Immobilien<\/title>\n<meta name=\"description\" content=\"Loftartiges Penthouse in Berlin-Kreuzberg im charmanten Backsteingeb\u00e4ude mit Aufzug, traumhafter Aufdachterrasse mit Blick zum Fernsehturm.\" \/>\n<meta name=\"robots\" content=\"index, follow, max-snippet:-1, max-image-preview:large, max-video-preview:-1\" \/>\n<link rel=\"canonical\" href=\"https:\/\/grossklein-immobilien.de\/de\/produkt\/loftartiges-penthouse-in-kreuzberg\/\" \/>\n<meta property=\"og:locale\" content=\"de_DE\" \/>\n<meta property=\"og:type\" content=\"article\" \/>\n<meta property=\"og:title\" content=\"Loftartiges Penthouse in Kreuzberg | Gross &amp; Klein Immobilien\" \/>\n<meta property=\"og:description\" content=\"Loftartiges Penthouse in Berlin-Kreuzberg im charmanten Backsteingeb\u00e4ude mit Aufzug, traumhafter Aufdachterrasse mit Blick zum Fernsehturm.\" \/>\n<meta property=\"og:url\" content=\"https:\/\/grossklein-immobilien.de\/de\/produkt\/loftartiges-penthouse-in-kreuzberg\/\" \/>\n<meta property=\"article:publisher\" content=\"https:\/\/www.facebook.com\/TOMIC-IMMOBILIEN-110945718988806\/\" \/>\n<meta property=\"article:modified_time\" content=\"2023-06-11T07:51:35+00:00\" \/>\n<meta property=\"og:image\" content=\"https:\/\/grossklein-immobilien.de\/de\/wp-content\/uploads\/2021\/02\/IMG_3757a-min-scaled.jpg\" \/>\n\t<meta property=\"og:image:width\" content=\"2560\" \/>\n\t<meta property=\"og:image:height\" content=\"1920\" \/>\n\t<meta property=\"og:image:type\" content=\"image\/jpeg\" \/>\n<meta name=\"twitter:card\" content=\"summary_large_image\" \/>\n<meta name=\"twitter:site\" content=\"@draz_tomic\" \/>\n<meta name=\"twitter:label1\" content=\"Gesch\u00e4tzte Lesezeit\" \/>\n\t<meta name=\"twitter:data1\" content=\"1\u00a0Minute\" \/>\n<script type=\"application\/ld+json\" class=\"yoast-schema-graph\">{\"@context\":\"https:\/\/schema.org\",\"@graph\":[{\"@type\":\"WebPage\",\"@id\":\"https:\/\/grossklein-immobilien.de\/de\/produkt\/loftartiges-penthouse-in-kreuzberg\/\",\"url\":\"https:\/\/grossklein-immobilien.de\/de\/produkt\/loftartiges-penthouse-in-kreuzberg\/\",\"name\":\"Loftartiges Penthouse in Kreuzberg | Gross & Klein Immobilien\",\"isPartOf\":{\"@id\":\"https:\/\/grossklein-immobilien.de\/de\/#website\"},\"primaryImageOfPage\":{\"@id\":\"https:\/\/grossklein-immobilien.de\/de\/produkt\/loftartiges-penthouse-in-kreuzberg\/#primaryimage\"},\"image\":{\"@id\":\"https:\/\/grossklein-immobilien.de\/de\/produkt\/loftartiges-penthouse-in-kreuzberg\/#primaryimage\"},\"thumbnailUrl\":\"https:\/\/grossklein-immobilien.de\/de\/wp-content\/uploads\/2021\/02\/IMG_3757a-min-scaled.jpg\",\"datePublished\":\"2021-02-10T10:32:29+00:00\",\"dateModified\":\"2023-06-11T07:51:35+00:00\",\"description\":\"Loftartiges Penthouse in Berlin-Kreuzberg im charmanten Backsteingeb\u00e4ude mit Aufzug, traumhafter Aufdachterrasse mit Blick zum Fernsehturm.\",\"breadcrumb\":{\"@id\":\"https:\/\/grossklein-immobilien.de\/de\/produkt\/loftartiges-penthouse-in-kreuzberg\/#breadcrumb\"},\"inLanguage\":\"de\",\"potentialAction\":[{\"@type\":\"ReadAction\",\"target\":[\"https:\/\/grossklein-immobilien.de\/de\/produkt\/loftartiges-penthouse-in-kreuzberg\/\"]}]},{\"@type\":\"ImageObject\",\"inLanguage\":\"de\",\"@id\":\"https:\/\/grossklein-immobilien.de\/de\/produkt\/loftartiges-penthouse-in-kreuzberg\/#primaryimage\",\"url\":\"https:\/\/grossklein-immobilien.de\/de\/wp-content\/uploads\/2021\/02\/IMG_3757a-min-scaled.jpg\",\"contentUrl\":\"https:\/\/grossklein-immobilien.de\/de\/wp-content\/uploads\/2021\/02\/IMG_3757a-min-scaled.jpg\",\"width\":1707,\"height\":1280,\"caption\":\"loftartiges penthouse in kreuzberg\"},{\"@type\":\"BreadcrumbList\",\"@id\":\"https:\/\/grossklein-immobilien.de\/de\/produkt\/loftartiges-penthouse-in-kreuzberg\/#breadcrumb\",\"itemListElement\":[{\"@type\":\"ListItem\",\"position\":1,\"name\":\"Home\",\"item\":\"https:\/\/grossklein-immobilien.de\/de\/\"},{\"@type\":\"ListItem\",\"position\":2,\"name\":\"Immobilienangebote\",\"item\":\"https:\/\/grossklein-immobilien.de\/de\/immobilien-berlin\/\"},{\"@type\":\"ListItem\",\"position\":3,\"name\":\"LOFTARTIGES PENTHOUSE IN KREUZBERG MIT GROSSER DACHTERRASSE\"}]},{\"@type\":\"WebSite\",\"@id\":\"https:\/\/grossklein-immobilien.de\/de\/#website\",\"url\":\"https:\/\/grossklein-immobilien.de\/de\/\",\"name\":\"\",\"description\":\"\",\"potentialAction\":[{\"@type\":\"SearchAction\",\"target\":{\"@type\":\"EntryPoint\",\"urlTemplate\":\"https:\/\/grossklein-immobilien.de\/de\/?s={search_term_string}\"},\"query-input\":{\"@type\":\"PropertyValueSpecification\",\"valueRequired\":true,\"valueName\":\"search_term_string\"}}],\"inLanguage\":\"de\"}]}<\/script>\n<!-- \/ Yoast SEO plugin. -->","yoast_head_json":{"title":"Loftartiges Penthouse in Kreuzberg | Gross & Klein Immobilien","description":"Loftartiges Penthouse in Berlin-Kreuzberg im charmanten Backsteingeb\u00e4ude mit Aufzug, traumhafter Aufdachterrasse mit Blick zum Fernsehturm.","robots":{"index":"index","follow":"follow","max-snippet":"max-snippet:-1","max-image-preview":"max-image-preview:large","max-video-preview":"max-video-preview:-1"},"canonical":"https:\/\/grossklein-immobilien.de\/de\/produkt\/loftartiges-penthouse-in-kreuzberg\/","og_locale":"de_DE","og_type":"article","og_title":"Loftartiges Penthouse in Kreuzberg | Gross & Klein Immobilien","og_description":"Loftartiges Penthouse in Berlin-Kreuzberg im charmanten Backsteingeb\u00e4ude mit Aufzug, traumhafter Aufdachterrasse mit Blick zum Fernsehturm.","og_url":"https:\/\/grossklein-immobilien.de\/de\/produkt\/loftartiges-penthouse-in-kreuzberg\/","article_publisher":"https:\/\/www.facebook.com\/TOMIC-IMMOBILIEN-110945718988806\/","article_modified_time":"2023-06-11T07:51:35+00:00","og_image":[{"width":2560,"height":1920,"url":"https:\/\/grossklein-immobilien.de\/de\/wp-content\/uploads\/2021\/02\/IMG_3757a-min-scaled.jpg","type":"image\/jpeg"}],"twitter_card":"summary_large_image","twitter_site":"@draz_tomic","twitter_misc":{"Gesch\u00e4tzte Lesezeit":"1\u00a0Minute"},"schema":{"@context":"https:\/\/schema.org","@graph":[{"@type":"WebPage","@id":"https:\/\/grossklein-immobilien.de\/de\/produkt\/loftartiges-penthouse-in-kreuzberg\/","url":"https:\/\/grossklein-immobilien.de\/de\/produkt\/loftartiges-penthouse-in-kreuzberg\/","name":"Loftartiges Penthouse in Kreuzberg | Gross & Klein Immobilien","isPartOf":{"@id":"https:\/\/grossklein-immobilien.de\/de\/#website"},"primaryImageOfPage":{"@id":"https:\/\/grossklein-immobilien.de\/de\/produkt\/loftartiges-penthouse-in-kreuzberg\/#primaryimage"},"image":{"@id":"https:\/\/grossklein-immobilien.de\/de\/produkt\/loftartiges-penthouse-in-kreuzberg\/#primaryimage"},"thumbnailUrl":"https:\/\/grossklein-immobilien.de\/de\/wp-content\/uploads\/2021\/02\/IMG_3757a-min-scaled.jpg","datePublished":"2021-02-10T10:32:29+00:00","dateModified":"2023-06-11T07:51:35+00:00","description":"Loftartiges Penthouse in Berlin-Kreuzberg im charmanten Backsteingeb\u00e4ude mit Aufzug, traumhafter Aufdachterrasse mit Blick zum Fernsehturm.","breadcrumb":{"@id":"https:\/\/grossklein-immobilien.de\/de\/produkt\/loftartiges-penthouse-in-kreuzberg\/#breadcrumb"},"inLanguage":"de","potentialAction":[{"@type":"ReadAction","target":["https:\/\/grossklein-immobilien.de\/de\/produkt\/loftartiges-penthouse-in-kreuzberg\/"]}]},{"@type":"ImageObject","inLanguage":"de","@id":"https:\/\/grossklein-immobilien.de\/de\/produkt\/loftartiges-penthouse-in-kreuzberg\/#primaryimage","url":"https:\/\/grossklein-immobilien.de\/de\/wp-content\/uploads\/2021\/02\/IMG_3757a-min-scaled.jpg","contentUrl":"https:\/\/grossklein-immobilien.de\/de\/wp-content\/uploads\/2021\/02\/IMG_3757a-min-scaled.jpg","width":1707,"height":1280,"caption":"loftartiges penthouse in kreuzberg"},{"@type":"BreadcrumbList","@id":"https:\/\/grossklein-immobilien.de\/de\/produkt\/loftartiges-penthouse-in-kreuzberg\/#breadcrumb","itemListElement":[{"@type":"ListItem","position":1,"name":"Home","item":"https:\/\/grossklein-immobilien.de\/de\/"},{"@type":"ListItem","position":2,"name":"Immobilienangebote","item":"https:\/\/grossklein-immobilien.de\/de\/immobilien-berlin\/"},{"@type":"ListItem","position":3,"name":"LOFTARTIGES PENTHOUSE IN KREUZBERG MIT GROSSER DACHTERRASSE"}]},{"@type":"WebSite","@id":"https:\/\/grossklein-immobilien.de\/de\/#website","url":"https:\/\/grossklein-immobilien.de\/de\/","name":"","description":"","potentialAction":[{"@type":"SearchAction","target":{"@type":"EntryPoint","urlTemplate":"https:\/\/grossklein-immobilien.de\/de\/?s={search_term_string}"},"query-input":{"@type":"PropertyValueSpecification","valueRequired":true,"valueName":"search_term_string"}}],"inLanguage":"de"}]}},"uagb_featured_image_src":{"full":["https:\/\/grossklein-immobilien.de\/de\/wp-content\/uploads\/2021\/02\/IMG_3757a-min-scaled.jpg",1707,1280,false],"thumbnail":["https:\/\/grossklein-immobilien.de\/de\/wp-content\/uploads\/2021\/02\/IMG_3757a-min-150x150.jpg",150,150,true],"medium":["https:\/\/grossklein-immobilien.de\/de\/wp-content\/uploads\/2021\/02\/IMG_3757a-min-300x225.jpg",300,225,true],"medium_large":["https:\/\/grossklein-immobilien.de\/de\/wp-content\/uploads\/2021\/02\/IMG_3757a-min-scaled.jpg",1707,1280,false],"large":["https:\/\/grossklein-immobilien.de\/de\/wp-content\/uploads\/2021\/02\/IMG_3757a-min-1024x768.jpg",604,453,true],"1536x1536":["https:\/\/grossklein-immobilien.de\/de\/wp-content\/uploads\/2021\/02\/IMG_3757a-min-1536x1152.jpg",1536,1152,true],"2048x2048":["https:\/\/grossklein-immobilien.de\/de\/wp-content\/uploads\/2021\/02\/IMG_3757a-min-2048x1536.jpg",2048,1536,true],"post-thumbnail":["https:\/\/grossklein-immobilien.de\/de\/wp-content\/uploads\/2021\/02\/IMG_3757a-min-604x270.jpg",604,270,true],"woocommerce_thumbnail":["https:\/\/grossklein-immobilien.de\/de\/wp-content\/uploads\/2021\/02\/IMG_3757a-min-scaled-300x300.jpg",300,300,true],"woocommerce_single":["https:\/\/grossklein-immobilien.de\/de\/wp-content\/uploads\/2021\/02\/IMG_3757a-min-scaled-1200x900.jpg",1200,900,true],"woocommerce_gallery_thumbnail":["https:\/\/grossklein-immobilien.de\/de\/wp-content\/uploads\/2021\/02\/IMG_3757a-min-scaled-100x100.jpg",100,100,true]},"uagb_author_info":{"display_name":"Drazan Tomic","author_link":"https:\/\/grossklein-immobilien.de\/de\/author\/"},"uagb_comment_info":0,"uagb_excerpt":"Hierbei handelt es sich um ein loftartiges und charmantes Backsteingeb\u00e4ude und eine Wohnung, die als Zweitwohnung in Berlin nutzten sollte aber kaum bewohnt war. Der Zustand ist somit neuwertig. Die Aufdachterrasse mit 170m\u00b2 bietet einen unverbauten Blick zum Fernsehturm und zur Mercedes-Benz Arena.","_links":{"self":[{"href":"https:\/\/grossklein-immobilien.de\/de\/wp-json\/wp\/v2\/product\/17581","targetHints":{"allow":["GET"]}}],"collection":[{"href":"https:\/\/grossklein-immobilien.de\/de\/wp-json\/wp\/v2\/product"}],"about":[{"href":"https:\/\/grossklein-immobilien.de\/de\/wp-json\/wp\/v2\/types\/product"}],"wp:featuredmedia":[{"embeddable":true,"href":"https:\/\/grossklein-immobilien.de\/de\/wp-json\/wp\/v2\/media\/17583"}],"wp:attachment":[{"href":"https:\/\/grossklein-immobilien.de\/de\/wp-json\/wp\/v2\/media?parent=17581"}],"wp:term":[{"taxonomy":"product_cat","embeddable":true,"href":"https:\/\/grossklein-immobilien.de\/de\/wp-json\/wp\/v2\/product_cat?post=17581"},{"taxonomy":"product_tag","embeddable":true,"href":"https:\/\/grossklein-immobilien.de\/de\/wp-json\/wp\/v2\/product_tag?post=17581"}],"curies":[{"name":"wp","href":"https:\/\/api.w.org\/{rel}","templated":true}]}}