{"id":17607,"date":"2021-02-10T13:54:03","date_gmt":"2021-02-10T12:54:03","guid":{"rendered":"http:\/\/grossklein-immobilien.de\/de\/?post_type=product&#038;p=17607"},"modified":"2023-05-12T12:33:17","modified_gmt":"2023-05-12T10:33:17","slug":"renovierungsbeduerftige-dg-wohnung","status":"publish","type":"product","link":"https:\/\/grossklein-immobilien.de\/de\/produkt\/renovierungsbeduerftige-dg-wohnung\/","title":{"rendered":"RENOVIERUNGSBED\u00dcRFTIGE DACHGESCHOSS-WOHNUNG MIT WESTBALKON"},"content":{"rendered":"<p style=\"text-align: justify;\">Hierbei handelt es sich um eine neu-ausgebaute Wohnung, die in Jahr 2006 auf einem Bestandsgeb\u00e4ude errichtet wurde. Das Bestandsgeb\u00e4ude selbst wurde 1954 erbaut. Die Wohnung selbst war bis zum 31. Januar vermietet. Nach dem Auszug des Mieters hatte die Eigent\u00fcmerin die Absicht, die Wohnung zu renovieren. Aufgrund der aktuellen Situation und der Schlie\u00dfung der Baum\u00e4rkte, konnte Sie dies nicht selber umsetzten und bietet die Wohnung somit im unrenovierten Zustand an. Die Wohnung hat einen sehr praktischen Grundriss. Die Zimmer sind alle separat begehbar und das Wohnzimmer verf\u00fcgt \u00fcber einen Balkon zur S\u00fcdwest Seite. Das Bad ist aktuelle mit einer Badewanne ausgestattet und wartet auf neuen Glanz. Die separate K\u00fcche biete viel Platz f\u00fcr eine neue Einbauk\u00fcche. Aktuell befindet sich Teppich bzw. Laminat in den R\u00e4umen, dass ausgetauscht werden muss. Es geh\u00f6rt ein Stellplatz im Innenhof zur Wohnung und ein Keller ist ebenfalls vorhanden.<\/p>\n<p style=\"text-align: justify;\">Reinickendorf ist ein richtiges Naherholungsgebiet, hier k\u00f6nnen gestresste St\u00e4dter durchatmen und Kraft tanken. Naturschutzgebiet und Tegeler Forst laden zum Wandern und Radfahren ein, und auf den zahlreichen Gew\u00e4ssern kann man dem Wassersport in jeglicher Form nachgehen. Wenn Sie keine Lust auf eine lange U-Bahnfahrt haben, k\u00f6nnen Sie ganz bequem mit dem Schiff \u00fcber den Seeweg anreisen.<br \/>\nDas Autokino, der Tr\u00f6delmarkt, der Freizeitpark L\u00fcbars und Einiges mehr geben Ihnen die M\u00f6glichkeit den Alltagstress hinter sich zu lassen, und es gibt einige wundersch\u00f6ne Restaurants und Caf\u00e9&#8217;s ganz in der N\u00e4he, die Sie kulinarisch verw\u00f6hnen. Einkaufsm\u00f6glichkeiten, \u00c4rzte, Kita&#8217;s und Schulen finden Sie selbstverst\u00e4ndlich auch in Ihrem Kiez. Die Autobahn ist in unmittelbarer N\u00e4he, so dass das Stadtzentrum ganz unkompliziert und schnell zu erreichen ist. Und der S-Bahnhof Eichborndamm ist in 800m Entfernung ebenfalls schnell erreichbar.<\/p>\n","protected":false},"excerpt":{"rendered":"<p>Es handelt sich hierbei um eine renovierungsbed\u00fcrftige DG-Wohnung mit 3 Zimmern und Balkon.<\/p>\n","protected":false},"featured_media":17611,"template":"","meta":{"_uag_custom_page_level_css":"","ngg_post_thumbnail":0},"product_cat":[24,318,421,416],"product_tag":[],"class_list":{"0":"post-17607","1":"product","2":"type-product","3":"status-publish","4":"has-post-thumbnail","6":"product_cat-eigentumswohnungen","7":"product_cat-berlin-reinickendorf","8":"product_cat-70-110","9":"product_cat-416","10":"pa_adresse-13403-berlin","11":"pa_balkon-vorhanden","12":"pa_baujahr-398","13":"pa_etage-104","14":"pa_etagen-78","15":"pa_heizungsart-zentralheizung-gas","16":"pa_objektzustand-renovierungsbeduerftig","17":"pa_standort-berlin-reinickendorf","18":"pa_wohnflaeche-397","19":"pa_zimmer-11","21":"first","22":"outofstock","23":"shipping-taxable","24":"purchasable","25":"product-type-simple"},"yoast_head":"<!-- This site is optimized with the Yoast SEO plugin v26.8 - https:\/\/yoast.com\/product\/yoast-seo-wordpress\/ -->\n<title>Renovierungsbed\u00fcrftige DG-Wohnung | Gross &amp; Klein Immobilien<\/title>\n<meta name=\"description\" content=\"Renovierungsbed\u00fcrftige DG-Wohnung mit 3 Zimmern, separater K\u00fcche und Balkon in Berlin Reinickendorf steht ab sofort zum Verkauf.\" \/>\n<meta name=\"robots\" content=\"index, follow, max-snippet:-1, max-image-preview:large, max-video-preview:-1\" \/>\n<link rel=\"canonical\" href=\"https:\/\/grossklein-immobilien.de\/de\/produkt\/renovierungsbeduerftige-dg-wohnung\/\" \/>\n<meta property=\"og:locale\" content=\"de_DE\" \/>\n<meta property=\"og:type\" content=\"article\" \/>\n<meta property=\"og:title\" content=\"Renovierungsbed\u00fcrftige DG-Wohnung | Gross &amp; Klein Immobilien\" \/>\n<meta property=\"og:description\" content=\"Renovierungsbed\u00fcrftige DG-Wohnung mit 3 Zimmern, separater K\u00fcche und Balkon in Berlin Reinickendorf steht ab sofort zum Verkauf.\" \/>\n<meta property=\"og:url\" content=\"https:\/\/grossklein-immobilien.de\/de\/produkt\/renovierungsbeduerftige-dg-wohnung\/\" \/>\n<meta property=\"article:publisher\" content=\"https:\/\/www.facebook.com\/TOMIC-IMMOBILIEN-110945718988806\/\" \/>\n<meta property=\"article:modified_time\" content=\"2023-05-12T10:33:17+00:00\" \/>\n<meta property=\"og:image\" content=\"https:\/\/grossklein-immobilien.de\/de\/wp-content\/uploads\/2021\/02\/IMG_4830-min-scaled.jpg\" \/>\n\t<meta property=\"og:image:width\" content=\"2560\" \/>\n\t<meta property=\"og:image:height\" content=\"1707\" \/>\n\t<meta property=\"og:image:type\" content=\"image\/jpeg\" \/>\n<meta name=\"twitter:card\" content=\"summary_large_image\" \/>\n<meta name=\"twitter:site\" content=\"@draz_tomic\" \/>\n<meta name=\"twitter:label1\" content=\"Gesch\u00e4tzte Lesezeit\" \/>\n\t<meta name=\"twitter:data1\" content=\"2\u00a0Minuten\" \/>\n<script type=\"application\/ld+json\" class=\"yoast-schema-graph\">{\"@context\":\"https:\/\/schema.org\",\"@graph\":[{\"@type\":\"WebPage\",\"@id\":\"https:\/\/grossklein-immobilien.de\/de\/produkt\/renovierungsbeduerftige-dg-wohnung\/\",\"url\":\"https:\/\/grossklein-immobilien.de\/de\/produkt\/renovierungsbeduerftige-dg-wohnung\/\",\"name\":\"Renovierungsbed\u00fcrftige DG-Wohnung | Gross & Klein Immobilien\",\"isPartOf\":{\"@id\":\"https:\/\/grossklein-immobilien.de\/de\/#website\"},\"primaryImageOfPage\":{\"@id\":\"https:\/\/grossklein-immobilien.de\/de\/produkt\/renovierungsbeduerftige-dg-wohnung\/#primaryimage\"},\"image\":{\"@id\":\"https:\/\/grossklein-immobilien.de\/de\/produkt\/renovierungsbeduerftige-dg-wohnung\/#primaryimage\"},\"thumbnailUrl\":\"https:\/\/grossklein-immobilien.de\/de\/wp-content\/uploads\/2021\/02\/IMG_4830-min-scaled.jpg\",\"datePublished\":\"2021-02-10T12:54:03+00:00\",\"dateModified\":\"2023-05-12T10:33:17+00:00\",\"description\":\"Renovierungsbed\u00fcrftige DG-Wohnung mit 3 Zimmern, separater K\u00fcche und Balkon in Berlin Reinickendorf steht ab sofort zum Verkauf.\",\"breadcrumb\":{\"@id\":\"https:\/\/grossklein-immobilien.de\/de\/produkt\/renovierungsbeduerftige-dg-wohnung\/#breadcrumb\"},\"inLanguage\":\"de\",\"potentialAction\":[{\"@type\":\"ReadAction\",\"target\":[\"https:\/\/grossklein-immobilien.de\/de\/produkt\/renovierungsbeduerftige-dg-wohnung\/\"]}]},{\"@type\":\"ImageObject\",\"inLanguage\":\"de\",\"@id\":\"https:\/\/grossklein-immobilien.de\/de\/produkt\/renovierungsbeduerftige-dg-wohnung\/#primaryimage\",\"url\":\"https:\/\/grossklein-immobilien.de\/de\/wp-content\/uploads\/2021\/02\/IMG_4830-min-scaled.jpg\",\"contentUrl\":\"https:\/\/grossklein-immobilien.de\/de\/wp-content\/uploads\/2021\/02\/IMG_4830-min-scaled.jpg\",\"width\":1920,\"height\":1280,\"caption\":\"renovierungsbed\u00fcrftige dg-wohnung\"},{\"@type\":\"BreadcrumbList\",\"@id\":\"https:\/\/grossklein-immobilien.de\/de\/produkt\/renovierungsbeduerftige-dg-wohnung\/#breadcrumb\",\"itemListElement\":[{\"@type\":\"ListItem\",\"position\":1,\"name\":\"Home\",\"item\":\"https:\/\/grossklein-immobilien.de\/de\/\"},{\"@type\":\"ListItem\",\"position\":2,\"name\":\"Immobilienangebote\",\"item\":\"https:\/\/grossklein-immobilien.de\/de\/immobilien-berlin\/\"},{\"@type\":\"ListItem\",\"position\":3,\"name\":\"RENOVIERUNGSBED\u00dcRFTIGE DACHGESCHOSS-WOHNUNG MIT WESTBALKON\"}]},{\"@type\":\"WebSite\",\"@id\":\"https:\/\/grossklein-immobilien.de\/de\/#website\",\"url\":\"https:\/\/grossklein-immobilien.de\/de\/\",\"name\":\"\",\"description\":\"\",\"potentialAction\":[{\"@type\":\"SearchAction\",\"target\":{\"@type\":\"EntryPoint\",\"urlTemplate\":\"https:\/\/grossklein-immobilien.de\/de\/?s={search_term_string}\"},\"query-input\":{\"@type\":\"PropertyValueSpecification\",\"valueRequired\":true,\"valueName\":\"search_term_string\"}}],\"inLanguage\":\"de\"}]}<\/script>\n<!-- \/ Yoast SEO plugin. -->","yoast_head_json":{"title":"Renovierungsbed\u00fcrftige DG-Wohnung | Gross & Klein Immobilien","description":"Renovierungsbed\u00fcrftige DG-Wohnung mit 3 Zimmern, separater K\u00fcche und Balkon in Berlin Reinickendorf steht ab sofort zum Verkauf.","robots":{"index":"index","follow":"follow","max-snippet":"max-snippet:-1","max-image-preview":"max-image-preview:large","max-video-preview":"max-video-preview:-1"},"canonical":"https:\/\/grossklein-immobilien.de\/de\/produkt\/renovierungsbeduerftige-dg-wohnung\/","og_locale":"de_DE","og_type":"article","og_title":"Renovierungsbed\u00fcrftige DG-Wohnung | Gross & Klein Immobilien","og_description":"Renovierungsbed\u00fcrftige DG-Wohnung mit 3 Zimmern, separater K\u00fcche und Balkon in Berlin Reinickendorf steht ab sofort zum Verkauf.","og_url":"https:\/\/grossklein-immobilien.de\/de\/produkt\/renovierungsbeduerftige-dg-wohnung\/","article_publisher":"https:\/\/www.facebook.com\/TOMIC-IMMOBILIEN-110945718988806\/","article_modified_time":"2023-05-12T10:33:17+00:00","og_image":[{"width":2560,"height":1707,"url":"https:\/\/grossklein-immobilien.de\/de\/wp-content\/uploads\/2021\/02\/IMG_4830-min-scaled.jpg","type":"image\/jpeg"}],"twitter_card":"summary_large_image","twitter_site":"@draz_tomic","twitter_misc":{"Gesch\u00e4tzte Lesezeit":"2\u00a0Minuten"},"schema":{"@context":"https:\/\/schema.org","@graph":[{"@type":"WebPage","@id":"https:\/\/grossklein-immobilien.de\/de\/produkt\/renovierungsbeduerftige-dg-wohnung\/","url":"https:\/\/grossklein-immobilien.de\/de\/produkt\/renovierungsbeduerftige-dg-wohnung\/","name":"Renovierungsbed\u00fcrftige DG-Wohnung | Gross & Klein Immobilien","isPartOf":{"@id":"https:\/\/grossklein-immobilien.de\/de\/#website"},"primaryImageOfPage":{"@id":"https:\/\/grossklein-immobilien.de\/de\/produkt\/renovierungsbeduerftige-dg-wohnung\/#primaryimage"},"image":{"@id":"https:\/\/grossklein-immobilien.de\/de\/produkt\/renovierungsbeduerftige-dg-wohnung\/#primaryimage"},"thumbnailUrl":"https:\/\/grossklein-immobilien.de\/de\/wp-content\/uploads\/2021\/02\/IMG_4830-min-scaled.jpg","datePublished":"2021-02-10T12:54:03+00:00","dateModified":"2023-05-12T10:33:17+00:00","description":"Renovierungsbed\u00fcrftige DG-Wohnung mit 3 Zimmern, separater K\u00fcche und Balkon in Berlin Reinickendorf steht ab sofort zum Verkauf.","breadcrumb":{"@id":"https:\/\/grossklein-immobilien.de\/de\/produkt\/renovierungsbeduerftige-dg-wohnung\/#breadcrumb"},"inLanguage":"de","potentialAction":[{"@type":"ReadAction","target":["https:\/\/grossklein-immobilien.de\/de\/produkt\/renovierungsbeduerftige-dg-wohnung\/"]}]},{"@type":"ImageObject","inLanguage":"de","@id":"https:\/\/grossklein-immobilien.de\/de\/produkt\/renovierungsbeduerftige-dg-wohnung\/#primaryimage","url":"https:\/\/grossklein-immobilien.de\/de\/wp-content\/uploads\/2021\/02\/IMG_4830-min-scaled.jpg","contentUrl":"https:\/\/grossklein-immobilien.de\/de\/wp-content\/uploads\/2021\/02\/IMG_4830-min-scaled.jpg","width":1920,"height":1280,"caption":"renovierungsbed\u00fcrftige dg-wohnung"},{"@type":"BreadcrumbList","@id":"https:\/\/grossklein-immobilien.de\/de\/produkt\/renovierungsbeduerftige-dg-wohnung\/#breadcrumb","itemListElement":[{"@type":"ListItem","position":1,"name":"Home","item":"https:\/\/grossklein-immobilien.de\/de\/"},{"@type":"ListItem","position":2,"name":"Immobilienangebote","item":"https:\/\/grossklein-immobilien.de\/de\/immobilien-berlin\/"},{"@type":"ListItem","position":3,"name":"RENOVIERUNGSBED\u00dcRFTIGE DACHGESCHOSS-WOHNUNG MIT WESTBALKON"}]},{"@type":"WebSite","@id":"https:\/\/grossklein-immobilien.de\/de\/#website","url":"https:\/\/grossklein-immobilien.de\/de\/","name":"","description":"","potentialAction":[{"@type":"SearchAction","target":{"@type":"EntryPoint","urlTemplate":"https:\/\/grossklein-immobilien.de\/de\/?s={search_term_string}"},"query-input":{"@type":"PropertyValueSpecification","valueRequired":true,"valueName":"search_term_string"}}],"inLanguage":"de"}]}},"uagb_featured_image_src":{"full":["https:\/\/grossklein-immobilien.de\/de\/wp-content\/uploads\/2021\/02\/IMG_4830-min-scaled.jpg",1920,1280,false],"thumbnail":["https:\/\/grossklein-immobilien.de\/de\/wp-content\/uploads\/2021\/02\/IMG_4830-min-scaled.jpg",150,100,false],"medium":["https:\/\/grossklein-immobilien.de\/de\/wp-content\/uploads\/2021\/02\/IMG_4830-min-scaled.jpg",300,200,false],"medium_large":["https:\/\/grossklein-immobilien.de\/de\/wp-content\/uploads\/2021\/02\/IMG_4830-min-scaled.jpg",1920,1280,false],"large":["https:\/\/grossklein-immobilien.de\/de\/wp-content\/uploads\/2021\/02\/IMG_4830-min-scaled.jpg",604,403,false],"1536x1536":["https:\/\/grossklein-immobilien.de\/de\/wp-content\/uploads\/2021\/02\/IMG_4830-min-scaled.jpg",1536,1024,false],"2048x2048":["https:\/\/grossklein-immobilien.de\/de\/wp-content\/uploads\/2021\/02\/IMG_4830-min-scaled.jpg",1920,1280,false],"post-thumbnail":["https:\/\/grossklein-immobilien.de\/de\/wp-content\/uploads\/2021\/02\/IMG_4830-min-scaled.jpg",405,270,false],"woocommerce_thumbnail":["https:\/\/grossklein-immobilien.de\/de\/wp-content\/uploads\/2021\/02\/IMG_4830-min-scaled-300x300.jpg",300,300,true],"woocommerce_single":["https:\/\/grossklein-immobilien.de\/de\/wp-content\/uploads\/2021\/02\/IMG_4830-min-scaled-1200x800.jpg",1200,800,true],"woocommerce_gallery_thumbnail":["https:\/\/grossklein-immobilien.de\/de\/wp-content\/uploads\/2021\/02\/IMG_4830-min-scaled-100x100.jpg",100,100,true]},"uagb_author_info":{"display_name":"Drazan Tomic","author_link":"https:\/\/grossklein-immobilien.de\/de\/author\/"},"uagb_comment_info":0,"uagb_excerpt":"Es handelt sich hierbei um eine renovierungsbed\u00fcrftige DG-Wohnung mit 3 Zimmern und Balkon.","_links":{"self":[{"href":"https:\/\/grossklein-immobilien.de\/de\/wp-json\/wp\/v2\/product\/17607","targetHints":{"allow":["GET"]}}],"collection":[{"href":"https:\/\/grossklein-immobilien.de\/de\/wp-json\/wp\/v2\/product"}],"about":[{"href":"https:\/\/grossklein-immobilien.de\/de\/wp-json\/wp\/v2\/types\/product"}],"wp:featuredmedia":[{"embeddable":true,"href":"https:\/\/grossklein-immobilien.de\/de\/wp-json\/wp\/v2\/media\/17611"}],"wp:attachment":[{"href":"https:\/\/grossklein-immobilien.de\/de\/wp-json\/wp\/v2\/media?parent=17607"}],"wp:term":[{"taxonomy":"product_cat","embeddable":true,"href":"https:\/\/grossklein-immobilien.de\/de\/wp-json\/wp\/v2\/product_cat?post=17607"},{"taxonomy":"product_tag","embeddable":true,"href":"https:\/\/grossklein-immobilien.de\/de\/wp-json\/wp\/v2\/product_tag?post=17607"}],"curies":[{"name":"wp","href":"https:\/\/api.w.org\/{rel}","templated":true}]}}