{"id":1774,"date":"2016-04-29T22:27:10","date_gmt":"2016-04-29T20:27:10","guid":{"rendered":"http:\/\/www.tomic-immobilien.de\/de\/?post_type=product&#038;p=1774"},"modified":"2026-02-06T08:59:11","modified_gmt":"2026-02-06T07:59:11","slug":"klassische-stuckaltbau-wohnung-in-steglitz","status":"publish","type":"product","link":"https:\/\/grossklein-immobilien.de\/de\/produkt\/klassische-stuckaltbau-wohnung-in-steglitz\/","title":{"rendered":"KLASSISCHE STUCKALTBAU WOHNUNG IN STEGLITZ"},"content":{"rendered":"<h2>Klassiche Stuckaltbau Wohnung in Steglitz<\/h2>\n<p style=\"text-align: justify;\">Die angebotene klassiche Stuckaltbau Wohnung in Steglitz befindet sich im 3.OG des Vorderhauses und ist von der Stra\u00dfenseite (Nord-West) zur Hofseite (S\u00fcd-Ost) ausgerichtet wodurch sie hell und freundlich erscheint. Sie hat einen praktischen Grundriss, alle Zimmer sind vom Flur separat zug\u00e4nglich. Der Flur sowie das Hauptzimmer sind mit sch\u00f6nem Echtholzparkett ausgelegt. Die restlichen Zimmer sind mit Dielenboden ausgelegt, auf welchem z.Z. Teppich verlegt wurde der sich aber leicht zu entfernen l\u00e4\u00dft. Der Balkon ist zur Nord-West-Seite ausgerichtet und bietet Nachmittags- und Abendsonne. Die K\u00fcche ist mit einer kompletten Einbauk\u00fcche ausgestattet. Das Badezimmer ist ordentlich t\u00fcrhoch gefliest und verf\u00fcgt \u00fcber eine Badewanne. Das Schlafzimmer ist zum ruhigen Innenhof ausgerichtet. Insgesamt ist die Wohnung in einem sehr gepflegten Zustand und angenehm hell. In allen R\u00e4umen sind neue Fenster mit Doppel-Isolierverglasung eingebaut worden. Zur Wohnung geh\u00f6rt ein kleiner Hobby-\/Kellerraum. Das Geb\u00e4ude wird \u00fcber eine Gas-Zentralheizung beheizt. Die Warmwasseraufbereitung erfolgt \u00fcber eine Gastherme in der Wohnung. Der sehr gepflegte und laufend instandgehaltene Altbau wurde ca. 1912 in der f\u00fcr diese Zeit typischen Bauweise errichtet. Das Grundst\u00fcck ist mit einem Vorder- und einem Gartenhaus bebaut. Das Gemeinschaftseigentum befindet sich in einem guten und gepflegten Zustand.<\/p>\n<p>Vermittelt von Gross &amp; Klein Immobilien, Ihrem <a href=\"https:\/\/grossklein-immobilien.de\/de\/immobilienmakler-berlin-steglitz\/\">Immobilienmakler in Berlin-Steglitz<\/a>.<\/p>\n","protected":false},"excerpt":{"rendered":"<p>Klassische 3-Zimmer Altbau Wohnung mit Stuck, Parkett und Dielenboden, mit Balkon zur Nordwest Seite ausgerichtet. K\u00fcche mit kompletter Ausstattung, Badezimmer mit Wanne und Tageslicht. Sehr gepflegter Zustand der Wohnung und des fortlaufend instandgehaltenen Gemeinschaftseigentums.<\/p>\n","protected":false},"featured_media":4884,"template":"","meta":{"_uag_custom_page_level_css":"","ngg_post_thumbnail":0},"product_cat":[24,94,421,416],"product_tag":[],"class_list":{"0":"post-1774","1":"product","2":"type-product","3":"status-publish","4":"has-post-thumbnail","6":"product_cat-eigentumswohnungen","7":"product_cat-steglitz-zehlendorf","8":"product_cat-70-110","9":"product_cat-416","10":"pa_adresse-halskestr-12-in-12167-berlin","11":"pa_balkon-vorhanden","12":"pa_baujahr-ca-1912","13":"pa_befeuerung-zh-gas","14":"pa_courtage-zzgl-714-vom-beurk-kaufpreis","15":"pa_etage-104","16":"pa_heizungsart-zh","17":"pa_lage-berlin-steglitz","18":"pa_objektzustand-sehr-gepflegt","19":"pa_standort-berlin-steglitz-2","20":"pa_wohnflaeche-9500-m","21":"pa_zimmer-11","23":"first","24":"outofstock","25":"shipping-taxable","26":"purchasable","27":"product-type-simple"},"yoast_head":"<!-- This site is optimized with the Yoast SEO plugin v26.8 - https:\/\/yoast.com\/product\/yoast-seo-wordpress\/ -->\n<title>Klassiche Stuckaltbau Wohnung in Steglitz | Tomic Immobilien<\/title>\n<meta name=\"description\" content=\"Klassiche Stuckaltbau Wohnung in Steglitz im Vorderhaus, 3.OG, praktischer Grundriss, Sonnenbalkon, komplette Einbauk\u00fcche, Parkett und Dielenboden.\" \/>\n<meta name=\"robots\" content=\"index, follow, max-snippet:-1, max-image-preview:large, max-video-preview:-1\" \/>\n<link rel=\"canonical\" href=\"https:\/\/grossklein-immobilien.de\/de\/produkt\/klassische-stuckaltbau-wohnung-in-steglitz\/\" \/>\n<meta property=\"og:locale\" content=\"de_DE\" \/>\n<meta property=\"og:type\" content=\"article\" \/>\n<meta property=\"og:title\" content=\"Klassiche Stuckaltbau Wohnung in Steglitz | Tomic Immobilien\" \/>\n<meta property=\"og:description\" content=\"Klassiche Stuckaltbau Wohnung in Steglitz im Vorderhaus, 3.OG, praktischer Grundriss, Sonnenbalkon, komplette Einbauk\u00fcche, Parkett und Dielenboden.\" \/>\n<meta property=\"og:url\" content=\"https:\/\/grossklein-immobilien.de\/de\/produkt\/klassische-stuckaltbau-wohnung-in-steglitz\/\" \/>\n<meta property=\"article:publisher\" content=\"https:\/\/www.facebook.com\/TOMIC-IMMOBILIEN-110945718988806\/\" \/>\n<meta property=\"article:modified_time\" content=\"2026-02-06T07:59:11+00:00\" \/>\n<meta property=\"og:image\" content=\"https:\/\/grossklein-immobilien.de\/de\/wp-content\/uploads\/2016\/04\/Zimmeransicht_22.jpg\" \/>\n\t<meta property=\"og:image:width\" content=\"1024\" \/>\n\t<meta property=\"og:image:height\" content=\"683\" \/>\n\t<meta property=\"og:image:type\" content=\"image\/jpeg\" \/>\n<meta name=\"twitter:card\" content=\"summary_large_image\" \/>\n<meta name=\"twitter:site\" content=\"@draz_tomic\" \/>\n<meta name=\"twitter:label1\" content=\"Gesch\u00e4tzte Lesezeit\" \/>\n\t<meta name=\"twitter:data1\" content=\"2\u00a0Minuten\" \/>\n<script type=\"application\/ld+json\" class=\"yoast-schema-graph\">{\"@context\":\"https:\/\/schema.org\",\"@graph\":[{\"@type\":\"WebPage\",\"@id\":\"https:\/\/grossklein-immobilien.de\/de\/produkt\/klassische-stuckaltbau-wohnung-in-steglitz\/\",\"url\":\"https:\/\/grossklein-immobilien.de\/de\/produkt\/klassische-stuckaltbau-wohnung-in-steglitz\/\",\"name\":\"Klassiche Stuckaltbau Wohnung in Steglitz | Tomic Immobilien\",\"isPartOf\":{\"@id\":\"https:\/\/grossklein-immobilien.de\/de\/#website\"},\"primaryImageOfPage\":{\"@id\":\"https:\/\/grossklein-immobilien.de\/de\/produkt\/klassische-stuckaltbau-wohnung-in-steglitz\/#primaryimage\"},\"image\":{\"@id\":\"https:\/\/grossklein-immobilien.de\/de\/produkt\/klassische-stuckaltbau-wohnung-in-steglitz\/#primaryimage\"},\"thumbnailUrl\":\"https:\/\/grossklein-immobilien.de\/de\/wp-content\/uploads\/2016\/04\/Zimmeransicht_22.jpg\",\"datePublished\":\"2016-04-29T20:27:10+00:00\",\"dateModified\":\"2026-02-06T07:59:11+00:00\",\"description\":\"Klassiche Stuckaltbau Wohnung in Steglitz im Vorderhaus, 3.OG, praktischer Grundriss, Sonnenbalkon, komplette Einbauk\u00fcche, Parkett und Dielenboden.\",\"breadcrumb\":{\"@id\":\"https:\/\/grossklein-immobilien.de\/de\/produkt\/klassische-stuckaltbau-wohnung-in-steglitz\/#breadcrumb\"},\"inLanguage\":\"de\",\"potentialAction\":[{\"@type\":\"ReadAction\",\"target\":[\"https:\/\/grossklein-immobilien.de\/de\/produkt\/klassische-stuckaltbau-wohnung-in-steglitz\/\"]}]},{\"@type\":\"ImageObject\",\"inLanguage\":\"de\",\"@id\":\"https:\/\/grossklein-immobilien.de\/de\/produkt\/klassische-stuckaltbau-wohnung-in-steglitz\/#primaryimage\",\"url\":\"https:\/\/grossklein-immobilien.de\/de\/wp-content\/uploads\/2016\/04\/Zimmeransicht_22.jpg\",\"contentUrl\":\"https:\/\/grossklein-immobilien.de\/de\/wp-content\/uploads\/2016\/04\/Zimmeransicht_22.jpg\",\"width\":1024,\"height\":683},{\"@type\":\"BreadcrumbList\",\"@id\":\"https:\/\/grossklein-immobilien.de\/de\/produkt\/klassische-stuckaltbau-wohnung-in-steglitz\/#breadcrumb\",\"itemListElement\":[{\"@type\":\"ListItem\",\"position\":1,\"name\":\"Home\",\"item\":\"https:\/\/grossklein-immobilien.de\/de\/\"},{\"@type\":\"ListItem\",\"position\":2,\"name\":\"Immobilienangebote\",\"item\":\"https:\/\/grossklein-immobilien.de\/de\/immobilien-berlin\/\"},{\"@type\":\"ListItem\",\"position\":3,\"name\":\"KLASSISCHE STUCKALTBAU WOHNUNG IN STEGLITZ\"}]},{\"@type\":\"WebSite\",\"@id\":\"https:\/\/grossklein-immobilien.de\/de\/#website\",\"url\":\"https:\/\/grossklein-immobilien.de\/de\/\",\"name\":\"\",\"description\":\"\",\"potentialAction\":[{\"@type\":\"SearchAction\",\"target\":{\"@type\":\"EntryPoint\",\"urlTemplate\":\"https:\/\/grossklein-immobilien.de\/de\/?s={search_term_string}\"},\"query-input\":{\"@type\":\"PropertyValueSpecification\",\"valueRequired\":true,\"valueName\":\"search_term_string\"}}],\"inLanguage\":\"de\"}]}<\/script>\n<!-- \/ Yoast SEO plugin. -->","yoast_head_json":{"title":"Klassiche Stuckaltbau Wohnung in Steglitz | Tomic Immobilien","description":"Klassiche Stuckaltbau Wohnung in Steglitz im Vorderhaus, 3.OG, praktischer Grundriss, Sonnenbalkon, komplette Einbauk\u00fcche, Parkett und Dielenboden.","robots":{"index":"index","follow":"follow","max-snippet":"max-snippet:-1","max-image-preview":"max-image-preview:large","max-video-preview":"max-video-preview:-1"},"canonical":"https:\/\/grossklein-immobilien.de\/de\/produkt\/klassische-stuckaltbau-wohnung-in-steglitz\/","og_locale":"de_DE","og_type":"article","og_title":"Klassiche Stuckaltbau Wohnung in Steglitz | Tomic Immobilien","og_description":"Klassiche Stuckaltbau Wohnung in Steglitz im Vorderhaus, 3.OG, praktischer Grundriss, Sonnenbalkon, komplette Einbauk\u00fcche, Parkett und Dielenboden.","og_url":"https:\/\/grossklein-immobilien.de\/de\/produkt\/klassische-stuckaltbau-wohnung-in-steglitz\/","article_publisher":"https:\/\/www.facebook.com\/TOMIC-IMMOBILIEN-110945718988806\/","article_modified_time":"2026-02-06T07:59:11+00:00","og_image":[{"width":1024,"height":683,"url":"https:\/\/grossklein-immobilien.de\/de\/wp-content\/uploads\/2016\/04\/Zimmeransicht_22.jpg","type":"image\/jpeg"}],"twitter_card":"summary_large_image","twitter_site":"@draz_tomic","twitter_misc":{"Gesch\u00e4tzte Lesezeit":"2\u00a0Minuten"},"schema":{"@context":"https:\/\/schema.org","@graph":[{"@type":"WebPage","@id":"https:\/\/grossklein-immobilien.de\/de\/produkt\/klassische-stuckaltbau-wohnung-in-steglitz\/","url":"https:\/\/grossklein-immobilien.de\/de\/produkt\/klassische-stuckaltbau-wohnung-in-steglitz\/","name":"Klassiche Stuckaltbau Wohnung in Steglitz | Tomic Immobilien","isPartOf":{"@id":"https:\/\/grossklein-immobilien.de\/de\/#website"},"primaryImageOfPage":{"@id":"https:\/\/grossklein-immobilien.de\/de\/produkt\/klassische-stuckaltbau-wohnung-in-steglitz\/#primaryimage"},"image":{"@id":"https:\/\/grossklein-immobilien.de\/de\/produkt\/klassische-stuckaltbau-wohnung-in-steglitz\/#primaryimage"},"thumbnailUrl":"https:\/\/grossklein-immobilien.de\/de\/wp-content\/uploads\/2016\/04\/Zimmeransicht_22.jpg","datePublished":"2016-04-29T20:27:10+00:00","dateModified":"2026-02-06T07:59:11+00:00","description":"Klassiche Stuckaltbau Wohnung in Steglitz im Vorderhaus, 3.OG, praktischer Grundriss, Sonnenbalkon, komplette Einbauk\u00fcche, Parkett und Dielenboden.","breadcrumb":{"@id":"https:\/\/grossklein-immobilien.de\/de\/produkt\/klassische-stuckaltbau-wohnung-in-steglitz\/#breadcrumb"},"inLanguage":"de","potentialAction":[{"@type":"ReadAction","target":["https:\/\/grossklein-immobilien.de\/de\/produkt\/klassische-stuckaltbau-wohnung-in-steglitz\/"]}]},{"@type":"ImageObject","inLanguage":"de","@id":"https:\/\/grossklein-immobilien.de\/de\/produkt\/klassische-stuckaltbau-wohnung-in-steglitz\/#primaryimage","url":"https:\/\/grossklein-immobilien.de\/de\/wp-content\/uploads\/2016\/04\/Zimmeransicht_22.jpg","contentUrl":"https:\/\/grossklein-immobilien.de\/de\/wp-content\/uploads\/2016\/04\/Zimmeransicht_22.jpg","width":1024,"height":683},{"@type":"BreadcrumbList","@id":"https:\/\/grossklein-immobilien.de\/de\/produkt\/klassische-stuckaltbau-wohnung-in-steglitz\/#breadcrumb","itemListElement":[{"@type":"ListItem","position":1,"name":"Home","item":"https:\/\/grossklein-immobilien.de\/de\/"},{"@type":"ListItem","position":2,"name":"Immobilienangebote","item":"https:\/\/grossklein-immobilien.de\/de\/immobilien-berlin\/"},{"@type":"ListItem","position":3,"name":"KLASSISCHE STUCKALTBAU WOHNUNG IN STEGLITZ"}]},{"@type":"WebSite","@id":"https:\/\/grossklein-immobilien.de\/de\/#website","url":"https:\/\/grossklein-immobilien.de\/de\/","name":"","description":"","potentialAction":[{"@type":"SearchAction","target":{"@type":"EntryPoint","urlTemplate":"https:\/\/grossklein-immobilien.de\/de\/?s={search_term_string}"},"query-input":{"@type":"PropertyValueSpecification","valueRequired":true,"valueName":"search_term_string"}}],"inLanguage":"de"}]}},"uagb_featured_image_src":{"full":["https:\/\/grossklein-immobilien.de\/de\/wp-content\/uploads\/2016\/04\/Zimmeransicht_22.jpg",1024,683,false],"thumbnail":["https:\/\/grossklein-immobilien.de\/de\/wp-content\/uploads\/2016\/04\/Zimmeransicht_22-150x150.jpg",150,150,true],"medium":["https:\/\/grossklein-immobilien.de\/de\/wp-content\/uploads\/2016\/04\/Zimmeransicht_22-300x200.jpg",300,200,true],"medium_large":["https:\/\/grossklein-immobilien.de\/de\/wp-content\/uploads\/2016\/04\/Zimmeransicht_22.jpg",1024,683,false],"large":["https:\/\/grossklein-immobilien.de\/de\/wp-content\/uploads\/2016\/04\/Zimmeransicht_22-1024x683.jpg",604,403,true],"1536x1536":["https:\/\/grossklein-immobilien.de\/de\/wp-content\/uploads\/2016\/04\/Zimmeransicht_22.jpg",1024,683,false],"2048x2048":["https:\/\/grossklein-immobilien.de\/de\/wp-content\/uploads\/2016\/04\/Zimmeransicht_22.jpg",1024,683,false],"post-thumbnail":["https:\/\/grossklein-immobilien.de\/de\/wp-content\/uploads\/2016\/04\/Zimmeransicht_22-604x270.jpg",604,270,true],"woocommerce_thumbnail":["https:\/\/grossklein-immobilien.de\/de\/wp-content\/uploads\/2016\/04\/Zimmeransicht_22-300x300.jpg",300,300,true],"woocommerce_single":["https:\/\/grossklein-immobilien.de\/de\/wp-content\/uploads\/2016\/04\/Zimmeransicht_22.jpg",1024,683,false],"woocommerce_gallery_thumbnail":["https:\/\/grossklein-immobilien.de\/de\/wp-content\/uploads\/2016\/04\/Zimmeransicht_22-100x100.jpg",100,100,true]},"uagb_author_info":{"display_name":"Drazan Tomic","author_link":"https:\/\/grossklein-immobilien.de\/de\/author\/"},"uagb_comment_info":0,"uagb_excerpt":"Klassische 3-Zimmer Altbau Wohnung mit Stuck, Parkett und Dielenboden, mit Balkon zur Nordwest Seite ausgerichtet. K\u00fcche mit kompletter Ausstattung, Badezimmer mit Wanne und Tageslicht. Sehr gepflegter Zustand der Wohnung und des fortlaufend instandgehaltenen Gemeinschaftseigentums.","_links":{"self":[{"href":"https:\/\/grossklein-immobilien.de\/de\/wp-json\/wp\/v2\/product\/1774","targetHints":{"allow":["GET"]}}],"collection":[{"href":"https:\/\/grossklein-immobilien.de\/de\/wp-json\/wp\/v2\/product"}],"about":[{"href":"https:\/\/grossklein-immobilien.de\/de\/wp-json\/wp\/v2\/types\/product"}],"wp:featuredmedia":[{"embeddable":true,"href":"https:\/\/grossklein-immobilien.de\/de\/wp-json\/wp\/v2\/media\/4884"}],"wp:attachment":[{"href":"https:\/\/grossklein-immobilien.de\/de\/wp-json\/wp\/v2\/media?parent=1774"}],"wp:term":[{"taxonomy":"product_cat","embeddable":true,"href":"https:\/\/grossklein-immobilien.de\/de\/wp-json\/wp\/v2\/product_cat?post=1774"},{"taxonomy":"product_tag","embeddable":true,"href":"https:\/\/grossklein-immobilien.de\/de\/wp-json\/wp\/v2\/product_tag?post=1774"}],"curies":[{"name":"wp","href":"https:\/\/api.w.org\/{rel}","templated":true}]}}