{"id":18389,"date":"2021-05-18T19:20:24","date_gmt":"2021-05-18T17:20:24","guid":{"rendered":"http:\/\/grossklein-immobilien.de\/de\/?post_type=product&#038;p=18389"},"modified":"2026-02-06T10:09:40","modified_gmt":"2026-02-06T09:09:40","slug":"deluxe-neubawohnung-mit-aufzug-terrasse-tg-platz-in-berlin-mitte","status":"publish","type":"product","link":"https:\/\/grossklein-immobilien.de\/de\/produkt\/deluxe-neubawohnung-mit-aufzug-terrasse-tg-platz-in-berlin-mitte\/","title":{"rendered":"DELUXE NEUBAU WOHNUNG MIT AUFZUG, TERRASSE &#038; TG-PLATZ IN MITTE"},"content":{"rendered":"<p style=\"text-align: justify;\">Es handelt sich bei diesem Angebot um einen Neubau aus 2008 mit charmanter Fassadenfront, der sich in absoluter Bestlage von Berlin-Mitte befindet. Die gro\u00dfz\u00fcgig konzipierte 4-Zimmer Wohnung liegt im 3.OG und ist bequem mit dem Aufzug erreichbar. Die bodentiefen Fenster sorgen mit Licht und Sonne f\u00fcr ein angenehmes Wohnambiente. Die Wohnung verf\u00fcgt \u00fcber einen gro\u00dfz\u00fcgigen Wohn- Ess -und K\u00fcchenbereich und ist mit Einbauk\u00fcche und einer Kochinsel ausgestattet. Sie verf\u00fcgt au\u00dferdem \u00fcber 3 separate Zimmer, einem G\u00e4ste-WC und 2 modern ausgestatteten B\u00e4dern, wovon eins im Eltern-Schlafzimmerin tegriert ist. Alle R\u00e4ume verf\u00fcgen \u00fcber Parkettboden, der auf der Fu\u00dfbodenheizung verlegt worden ist. Eine Terrasse ist zum ruhigen Innenhof angebracht und sorgt f\u00fcrs angenehme Verweilen, fern vom Trouble der Gro\u00dfstadt. Insgesamt befinden sich im Haus nur 6 Wohnungen, womit die Exklusivit\u00e4t dieser Immobilie unterstrichen wird. Trotz Ihrer sehr zentralen Lage, ist diese sehr ruhig gelegen.<\/p>\n<p style=\"text-align: justify;\">Gesch\u00e4fte des t\u00e4glichen Bedarfs befinden in sich in unmittelbarer Umgebung. Die Anbindung an die \u00f6ffentlichen Verkehrsmittel sind mit dem U-Bahnhof Oranienburger Tor optimal gegeben. Die beliebte Torstra\u00dfe und Friedrichstrasse bieten au\u00dferdem viele bekannte Restaurants, Caf\u00e9s und zahlreiche stadtbekannte Bars.<\/p>\n<p>Vermittelt durch Gross &amp; Klein Immobilien, Ihrem <a href=\"https:\/\/grossklein-immobilien.de\/de\/immobilienmakler-berlin-mitte\/\">Immobilienmakler in Berlin-Mitte.<\/a><\/p>\n","protected":false},"excerpt":{"rendered":"<p>Hierbei handelt es sich um einen charmanten Neubau, der in 2008 erbaut wurde.<\/p>\n","protected":false},"featured_media":18539,"template":"","meta":{"_uag_custom_page_level_css":"","ngg_post_thumbnail":0},"product_cat":[24,231,423,417],"product_tag":[],"class_list":{"0":"post-18389","1":"product","2":"type-product","3":"status-publish","4":"has-post-thumbnail","6":"product_cat-eigentumswohnungen","7":"product_cat-mitte","8":"product_cat-140-200","9":"product_cat-417","10":"pa_adresse-10115-berlin-mitte","11":"pa_balkon-balkon-und-terrasse","12":"pa_baujahr-430","13":"pa_befeuerung-gas","14":"pa_courtage-357-vom-beurk-kaufpreis-2","15":"pa_etage-104","16":"pa_gaeste-wc-vorhanden","17":"pa_heizungsart-zentralheizung","18":"pa_objektzustand-neuwertig","19":"pa_standort-berlin-mitte","20":"pa_wohnflaeche-429","21":"pa_zimmer-276","23":"first","24":"outofstock","25":"shipping-taxable","26":"purchasable","27":"product-type-simple"},"yoast_head":"<!-- This site is optimized with the Yoast SEO plugin v26.8 - https:\/\/yoast.com\/product\/yoast-seo-wordpress\/ -->\n<title>Deluxe Neubauwohnung in Mitte | Gross &amp; Klein Immobilien<\/title>\n<meta name=\"description\" content=\"Moderne Neubauwohnung mit Aufzug, 4 Zimmern, offener K\u00fcche mit EBK und Kochinsel, 2 B\u00e4dern, G\u00e4ste-Wc und Stellplatz in Bestlage von Mitte.\" \/>\n<meta name=\"robots\" content=\"index, follow, max-snippet:-1, max-image-preview:large, max-video-preview:-1\" \/>\n<link rel=\"canonical\" href=\"https:\/\/grossklein-immobilien.de\/de\/produkt\/deluxe-neubawohnung-mit-aufzug-terrasse-tg-platz-in-berlin-mitte\/\" \/>\n<meta property=\"og:locale\" content=\"de_DE\" \/>\n<meta property=\"og:type\" content=\"article\" \/>\n<meta property=\"og:title\" content=\"Deluxe Neubauwohnung in Mitte | Gross &amp; Klein Immobilien\" \/>\n<meta property=\"og:description\" content=\"Moderne Neubauwohnung mit Aufzug, 4 Zimmern, offener K\u00fcche mit EBK und Kochinsel, 2 B\u00e4dern, G\u00e4ste-Wc und Stellplatz in Bestlage von Mitte.\" \/>\n<meta property=\"og:url\" content=\"https:\/\/grossklein-immobilien.de\/de\/produkt\/deluxe-neubawohnung-mit-aufzug-terrasse-tg-platz-in-berlin-mitte\/\" \/>\n<meta property=\"article:publisher\" content=\"https:\/\/www.facebook.com\/TOMIC-IMMOBILIEN-110945718988806\/\" \/>\n<meta property=\"article:modified_time\" content=\"2026-02-06T09:09:40+00:00\" \/>\n<meta property=\"og:image\" content=\"https:\/\/grossklein-immobilien.de\/de\/wp-content\/uploads\/2021\/05\/Hausansicht-scaled.jpg\" \/>\n\t<meta property=\"og:image:width\" content=\"1920\" \/>\n\t<meta property=\"og:image:height\" content=\"1280\" \/>\n\t<meta property=\"og:image:type\" content=\"image\/jpeg\" \/>\n<meta name=\"twitter:card\" content=\"summary_large_image\" \/>\n<meta name=\"twitter:site\" content=\"@draz_tomic\" \/>\n<meta name=\"twitter:label1\" content=\"Gesch\u00e4tzte Lesezeit\" \/>\n\t<meta name=\"twitter:data1\" content=\"2\u00a0Minuten\" \/>\n<script type=\"application\/ld+json\" class=\"yoast-schema-graph\">{\"@context\":\"https:\/\/schema.org\",\"@graph\":[{\"@type\":\"WebPage\",\"@id\":\"https:\/\/grossklein-immobilien.de\/de\/produkt\/deluxe-neubawohnung-mit-aufzug-terrasse-tg-platz-in-berlin-mitte\/\",\"url\":\"https:\/\/grossklein-immobilien.de\/de\/produkt\/deluxe-neubawohnung-mit-aufzug-terrasse-tg-platz-in-berlin-mitte\/\",\"name\":\"Deluxe Neubauwohnung in Mitte | Gross & Klein Immobilien\",\"isPartOf\":{\"@id\":\"https:\/\/grossklein-immobilien.de\/de\/#website\"},\"primaryImageOfPage\":{\"@id\":\"https:\/\/grossklein-immobilien.de\/de\/produkt\/deluxe-neubawohnung-mit-aufzug-terrasse-tg-platz-in-berlin-mitte\/#primaryimage\"},\"image\":{\"@id\":\"https:\/\/grossklein-immobilien.de\/de\/produkt\/deluxe-neubawohnung-mit-aufzug-terrasse-tg-platz-in-berlin-mitte\/#primaryimage\"},\"thumbnailUrl\":\"https:\/\/grossklein-immobilien.de\/de\/wp-content\/uploads\/2021\/05\/Hausansicht-scaled.jpg\",\"datePublished\":\"2021-05-18T17:20:24+00:00\",\"dateModified\":\"2026-02-06T09:09:40+00:00\",\"description\":\"Moderne Neubauwohnung mit Aufzug, 4 Zimmern, offener K\u00fcche mit EBK und Kochinsel, 2 B\u00e4dern, G\u00e4ste-Wc und Stellplatz in Bestlage von Mitte.\",\"breadcrumb\":{\"@id\":\"https:\/\/grossklein-immobilien.de\/de\/produkt\/deluxe-neubawohnung-mit-aufzug-terrasse-tg-platz-in-berlin-mitte\/#breadcrumb\"},\"inLanguage\":\"de\",\"potentialAction\":[{\"@type\":\"ReadAction\",\"target\":[\"https:\/\/grossklein-immobilien.de\/de\/produkt\/deluxe-neubawohnung-mit-aufzug-terrasse-tg-platz-in-berlin-mitte\/\"]}]},{\"@type\":\"ImageObject\",\"inLanguage\":\"de\",\"@id\":\"https:\/\/grossklein-immobilien.de\/de\/produkt\/deluxe-neubawohnung-mit-aufzug-terrasse-tg-platz-in-berlin-mitte\/#primaryimage\",\"url\":\"https:\/\/grossklein-immobilien.de\/de\/wp-content\/uploads\/2021\/05\/Hausansicht-scaled.jpg\",\"contentUrl\":\"https:\/\/grossklein-immobilien.de\/de\/wp-content\/uploads\/2021\/05\/Hausansicht-scaled.jpg\",\"width\":1920,\"height\":1280},{\"@type\":\"BreadcrumbList\",\"@id\":\"https:\/\/grossklein-immobilien.de\/de\/produkt\/deluxe-neubawohnung-mit-aufzug-terrasse-tg-platz-in-berlin-mitte\/#breadcrumb\",\"itemListElement\":[{\"@type\":\"ListItem\",\"position\":1,\"name\":\"Home\",\"item\":\"https:\/\/grossklein-immobilien.de\/de\/\"},{\"@type\":\"ListItem\",\"position\":2,\"name\":\"Immobilienangebote\",\"item\":\"https:\/\/grossklein-immobilien.de\/de\/immobilien-berlin\/\"},{\"@type\":\"ListItem\",\"position\":3,\"name\":\"DELUXE NEUBAU WOHNUNG MIT AUFZUG, TERRASSE &#038; TG-PLATZ IN MITTE\"}]},{\"@type\":\"WebSite\",\"@id\":\"https:\/\/grossklein-immobilien.de\/de\/#website\",\"url\":\"https:\/\/grossklein-immobilien.de\/de\/\",\"name\":\"\",\"description\":\"\",\"potentialAction\":[{\"@type\":\"SearchAction\",\"target\":{\"@type\":\"EntryPoint\",\"urlTemplate\":\"https:\/\/grossklein-immobilien.de\/de\/?s={search_term_string}\"},\"query-input\":{\"@type\":\"PropertyValueSpecification\",\"valueRequired\":true,\"valueName\":\"search_term_string\"}}],\"inLanguage\":\"de\"}]}<\/script>\n<!-- \/ Yoast SEO plugin. -->","yoast_head_json":{"title":"Deluxe Neubauwohnung in Mitte | Gross & Klein Immobilien","description":"Moderne Neubauwohnung mit Aufzug, 4 Zimmern, offener K\u00fcche mit EBK und Kochinsel, 2 B\u00e4dern, G\u00e4ste-Wc und Stellplatz in Bestlage von Mitte.","robots":{"index":"index","follow":"follow","max-snippet":"max-snippet:-1","max-image-preview":"max-image-preview:large","max-video-preview":"max-video-preview:-1"},"canonical":"https:\/\/grossklein-immobilien.de\/de\/produkt\/deluxe-neubawohnung-mit-aufzug-terrasse-tg-platz-in-berlin-mitte\/","og_locale":"de_DE","og_type":"article","og_title":"Deluxe Neubauwohnung in Mitte | Gross & Klein Immobilien","og_description":"Moderne Neubauwohnung mit Aufzug, 4 Zimmern, offener K\u00fcche mit EBK und Kochinsel, 2 B\u00e4dern, G\u00e4ste-Wc und Stellplatz in Bestlage von Mitte.","og_url":"https:\/\/grossklein-immobilien.de\/de\/produkt\/deluxe-neubawohnung-mit-aufzug-terrasse-tg-platz-in-berlin-mitte\/","article_publisher":"https:\/\/www.facebook.com\/TOMIC-IMMOBILIEN-110945718988806\/","article_modified_time":"2026-02-06T09:09:40+00:00","og_image":[{"width":1920,"height":1280,"url":"https:\/\/grossklein-immobilien.de\/de\/wp-content\/uploads\/2021\/05\/Hausansicht-scaled.jpg","type":"image\/jpeg"}],"twitter_card":"summary_large_image","twitter_site":"@draz_tomic","twitter_misc":{"Gesch\u00e4tzte Lesezeit":"2\u00a0Minuten"},"schema":{"@context":"https:\/\/schema.org","@graph":[{"@type":"WebPage","@id":"https:\/\/grossklein-immobilien.de\/de\/produkt\/deluxe-neubawohnung-mit-aufzug-terrasse-tg-platz-in-berlin-mitte\/","url":"https:\/\/grossklein-immobilien.de\/de\/produkt\/deluxe-neubawohnung-mit-aufzug-terrasse-tg-platz-in-berlin-mitte\/","name":"Deluxe Neubauwohnung in Mitte | Gross & Klein Immobilien","isPartOf":{"@id":"https:\/\/grossklein-immobilien.de\/de\/#website"},"primaryImageOfPage":{"@id":"https:\/\/grossklein-immobilien.de\/de\/produkt\/deluxe-neubawohnung-mit-aufzug-terrasse-tg-platz-in-berlin-mitte\/#primaryimage"},"image":{"@id":"https:\/\/grossklein-immobilien.de\/de\/produkt\/deluxe-neubawohnung-mit-aufzug-terrasse-tg-platz-in-berlin-mitte\/#primaryimage"},"thumbnailUrl":"https:\/\/grossklein-immobilien.de\/de\/wp-content\/uploads\/2021\/05\/Hausansicht-scaled.jpg","datePublished":"2021-05-18T17:20:24+00:00","dateModified":"2026-02-06T09:09:40+00:00","description":"Moderne Neubauwohnung mit Aufzug, 4 Zimmern, offener K\u00fcche mit EBK und Kochinsel, 2 B\u00e4dern, G\u00e4ste-Wc und Stellplatz in Bestlage von Mitte.","breadcrumb":{"@id":"https:\/\/grossklein-immobilien.de\/de\/produkt\/deluxe-neubawohnung-mit-aufzug-terrasse-tg-platz-in-berlin-mitte\/#breadcrumb"},"inLanguage":"de","potentialAction":[{"@type":"ReadAction","target":["https:\/\/grossklein-immobilien.de\/de\/produkt\/deluxe-neubawohnung-mit-aufzug-terrasse-tg-platz-in-berlin-mitte\/"]}]},{"@type":"ImageObject","inLanguage":"de","@id":"https:\/\/grossklein-immobilien.de\/de\/produkt\/deluxe-neubawohnung-mit-aufzug-terrasse-tg-platz-in-berlin-mitte\/#primaryimage","url":"https:\/\/grossklein-immobilien.de\/de\/wp-content\/uploads\/2021\/05\/Hausansicht-scaled.jpg","contentUrl":"https:\/\/grossklein-immobilien.de\/de\/wp-content\/uploads\/2021\/05\/Hausansicht-scaled.jpg","width":1920,"height":1280},{"@type":"BreadcrumbList","@id":"https:\/\/grossklein-immobilien.de\/de\/produkt\/deluxe-neubawohnung-mit-aufzug-terrasse-tg-platz-in-berlin-mitte\/#breadcrumb","itemListElement":[{"@type":"ListItem","position":1,"name":"Home","item":"https:\/\/grossklein-immobilien.de\/de\/"},{"@type":"ListItem","position":2,"name":"Immobilienangebote","item":"https:\/\/grossklein-immobilien.de\/de\/immobilien-berlin\/"},{"@type":"ListItem","position":3,"name":"DELUXE NEUBAU WOHNUNG MIT AUFZUG, TERRASSE &#038; TG-PLATZ IN MITTE"}]},{"@type":"WebSite","@id":"https:\/\/grossklein-immobilien.de\/de\/#website","url":"https:\/\/grossklein-immobilien.de\/de\/","name":"","description":"","potentialAction":[{"@type":"SearchAction","target":{"@type":"EntryPoint","urlTemplate":"https:\/\/grossklein-immobilien.de\/de\/?s={search_term_string}"},"query-input":{"@type":"PropertyValueSpecification","valueRequired":true,"valueName":"search_term_string"}}],"inLanguage":"de"}]}},"uagb_featured_image_src":{"full":["https:\/\/grossklein-immobilien.de\/de\/wp-content\/uploads\/2021\/05\/Hausansicht-scaled.jpg",1920,1280,false],"thumbnail":["https:\/\/grossklein-immobilien.de\/de\/wp-content\/uploads\/2021\/05\/Hausansicht-150x150.jpg",150,150,true],"medium":["https:\/\/grossklein-immobilien.de\/de\/wp-content\/uploads\/2021\/05\/Hausansicht-300x200.jpg",300,200,true],"medium_large":["https:\/\/grossklein-immobilien.de\/de\/wp-content\/uploads\/2021\/05\/Hausansicht-scaled.jpg",1920,1280,false],"large":["https:\/\/grossklein-immobilien.de\/de\/wp-content\/uploads\/2021\/05\/Hausansicht-1024x683.jpg",604,403,true],"1536x1536":["https:\/\/grossklein-immobilien.de\/de\/wp-content\/uploads\/2021\/05\/Hausansicht-1536x1024.jpg",1536,1024,true],"2048x2048":["https:\/\/grossklein-immobilien.de\/de\/wp-content\/uploads\/2021\/05\/Hausansicht-2048x1365.jpg",2048,1365,true],"post-thumbnail":["https:\/\/grossklein-immobilien.de\/de\/wp-content\/uploads\/2021\/05\/Hausansicht-604x270.jpg",604,270,true],"woocommerce_thumbnail":["https:\/\/grossklein-immobilien.de\/de\/wp-content\/uploads\/2021\/05\/Hausansicht-scaled-300x300.jpg",300,300,true],"woocommerce_single":["https:\/\/grossklein-immobilien.de\/de\/wp-content\/uploads\/2021\/05\/Hausansicht-scaled-1200x800.jpg",1200,800,true],"woocommerce_gallery_thumbnail":["https:\/\/grossklein-immobilien.de\/de\/wp-content\/uploads\/2021\/05\/Hausansicht-scaled-100x100.jpg",100,100,true]},"uagb_author_info":{"display_name":"Drazan Tomic","author_link":"https:\/\/grossklein-immobilien.de\/de\/author\/"},"uagb_comment_info":0,"uagb_excerpt":"Hierbei handelt es sich um einen charmanten Neubau, der in 2008 erbaut wurde.","_links":{"self":[{"href":"https:\/\/grossklein-immobilien.de\/de\/wp-json\/wp\/v2\/product\/18389","targetHints":{"allow":["GET"]}}],"collection":[{"href":"https:\/\/grossklein-immobilien.de\/de\/wp-json\/wp\/v2\/product"}],"about":[{"href":"https:\/\/grossklein-immobilien.de\/de\/wp-json\/wp\/v2\/types\/product"}],"wp:featuredmedia":[{"embeddable":true,"href":"https:\/\/grossklein-immobilien.de\/de\/wp-json\/wp\/v2\/media\/18539"}],"wp:attachment":[{"href":"https:\/\/grossklein-immobilien.de\/de\/wp-json\/wp\/v2\/media?parent=18389"}],"wp:term":[{"taxonomy":"product_cat","embeddable":true,"href":"https:\/\/grossklein-immobilien.de\/de\/wp-json\/wp\/v2\/product_cat?post=18389"},{"taxonomy":"product_tag","embeddable":true,"href":"https:\/\/grossklein-immobilien.de\/de\/wp-json\/wp\/v2\/product_tag?post=18389"}],"curies":[{"name":"wp","href":"https:\/\/api.w.org\/{rel}","templated":true}]}}