{"id":18534,"date":"2021-06-05T16:56:42","date_gmt":"2021-06-05T14:56:42","guid":{"rendered":"https:\/\/grossklein-immobilien.de\/de\/?post_type=product&#038;p=18534"},"modified":"2026-02-06T09:53:44","modified_gmt":"2026-02-06T08:53:44","slug":"edle-stadtvilla-in-dahlem","status":"publish","type":"product","link":"https:\/\/grossklein-immobilien.de\/de\/produkt\/edle-stadtvilla-in-dahlem\/","title":{"rendered":"TRAUMHAFTE STADTVILLA MIT WELNESSBEREICH IN TOP LAGE VON DAHLEM"},"content":{"rendered":"<p style=\"text-align: justify;\">Die zum Verkauf stehende Villa wurde im klassischem Stil ca. 1920 erbaut und befindet sich in einer \u00e4u\u00dferst begehrten und gesch\u00e4tzen Wohnlage in Dahlem, unmittelbar an der Ortsgrenze zu Zehlendorf. Dahlem geh\u00f6rt seit Jahren zu den besten und begehrtesten Wohnlagen Berlins. Im gehobenem und gewachsenem Umfeld bietet dieser Standort exklusiven Wohnkomfort und absolute Ruhe.<\/p>\n<p>Ausstattung:<\/p>\n<p>+ RUHIGE WOHNLAGE IN DAHLEM<br \/>\n+ RUHIGE LAGE<br \/>\n+ DENKMALGESCH\u00dcTZTE VILLA<br \/>\n+ ABSOLUTER TOP ZUSTAND<br \/>\n+ SCH\u00d6N ANGELEGTER GARTEN<br \/>\n+ WOHN- UND ESSBEREICH WEITESTGEHEND OFFEN UND VERBUNDEN<br \/>\n+ OFFENE K\u00dcCHE MIT KOCHBLOCK &amp; EDELSTAHLARBEITSPLATTE<br \/>\n+ SIDE BY SIDE K\u00dcHLSCHRANK<br \/>\n+ ARBEITSBEREICH &amp; + GYMBEREICH<br \/>\n+ EDLES ECHTHOLZPARKETT<br \/>\n+ MASTERBEREICH MIT BAD EN SUITE UND BEGEHBARER ANKLEIDE<br \/>\n+ WELLNESBEREICH MIT SAUNA<br \/>\n+ 3 B\u00c4DER (INKL. G\u00c4STE-WC)<br \/>\n+ GALERIE<br \/>\n+ GROSSER HAUSWIRTSCHAFTSRAUM<br \/>\n+ WEINKELLER<br \/>\n+ VOLL UNTERKELLERT<br \/>\n+ GARAGE<\/p>\n<p>Vermittelt von Gross &amp; Klein Immobilien, Ihrem <a href=\"https:\/\/grossklein-immobilien.de\/de\/immobilienmakler-berlin-dahlem\/\">Immobilienmakler Berlin-Dahlem<\/a>.<\/p>\n","protected":false},"excerpt":{"rendered":"<p>Es handelt sich bei diesem Objekt um eine klassische Stadtvilla.<\/p>\n","protected":false},"featured_media":18535,"template":"","meta":{"_uag_custom_page_level_css":"","ngg_post_thumbnail":0},"product_cat":[26,301,412],"product_tag":[],"class_list":{"0":"post-18534","1":"product","2":"type-product","3":"status-publish","4":"has-post-thumbnail","6":"product_cat-einfamilienhaeuser","7":"product_cat-berlin-wilmersdorf","8":"product_cat-berlin-zehlendorf","9":"pa_adresse-588","10":"pa_baujahr-147","11":"pa_courtage-357-vom-beurk-kaufpreis","12":"pa_etage-0-2","13":"pa_etagen-54","14":"pa_grundstuecksflaeche-433","15":"pa_heizungsart-zentralheizung-gas","16":"pa_objektzustand-modernisiert-renoviert","17":"pa_standort-berlin-dahlem","18":"pa_wohnflaeche-435","19":"pa_zimmer-203","21":"first","22":"outofstock","23":"shipping-taxable","24":"purchasable","25":"product-type-simple"},"yoast_head":"<!-- This site is optimized with the Yoast SEO plugin v26.8 - https:\/\/yoast.com\/product\/yoast-seo-wordpress\/ -->\n<title>Traumhafte Stadtville in Dahlem | Gross &amp; Klein Immobilien<\/title>\n<meta name=\"description\" content=\"Edle Stadtvilla in Berlin-Dahlem, an der Ortsgrenze zu Zehlendorf. Modernisierter und renovierter Zustand zum sofortigen Einzug.\" \/>\n<meta name=\"robots\" content=\"index, follow, max-snippet:-1, max-image-preview:large, max-video-preview:-1\" \/>\n<link rel=\"canonical\" href=\"https:\/\/grossklein-immobilien.de\/de\/produkt\/edle-stadtvilla-in-dahlem\/\" \/>\n<meta property=\"og:locale\" content=\"de_DE\" \/>\n<meta property=\"og:type\" content=\"article\" \/>\n<meta property=\"og:title\" content=\"Traumhafte Stadtville in Dahlem | Gross &amp; Klein Immobilien\" \/>\n<meta property=\"og:description\" content=\"Edle Stadtvilla in Berlin-Dahlem, an der Ortsgrenze zu Zehlendorf. Modernisierter und renovierter Zustand zum sofortigen Einzug.\" \/>\n<meta property=\"og:url\" content=\"https:\/\/grossklein-immobilien.de\/de\/produkt\/edle-stadtvilla-in-dahlem\/\" \/>\n<meta property=\"article:publisher\" content=\"https:\/\/www.facebook.com\/TOMIC-IMMOBILIEN-110945718988806\/\" \/>\n<meta property=\"article:modified_time\" content=\"2026-02-06T08:53:44+00:00\" \/>\n<meta property=\"og:image\" content=\"https:\/\/grossklein-immobilien.de\/de\/wp-content\/uploads\/2021\/06\/Villa-in-Dahlem.jpg\" \/>\n\t<meta property=\"og:image:width\" content=\"1136\" \/>\n\t<meta property=\"og:image:height\" content=\"768\" \/>\n\t<meta property=\"og:image:type\" content=\"image\/jpeg\" \/>\n<meta name=\"twitter:card\" content=\"summary_large_image\" \/>\n<meta name=\"twitter:site\" content=\"@draz_tomic\" \/>\n<meta name=\"twitter:label1\" content=\"Gesch\u00e4tzte Lesezeit\" \/>\n\t<meta name=\"twitter:data1\" content=\"1\u00a0Minute\" \/>\n<script type=\"application\/ld+json\" class=\"yoast-schema-graph\">{\"@context\":\"https:\/\/schema.org\",\"@graph\":[{\"@type\":\"WebPage\",\"@id\":\"https:\/\/grossklein-immobilien.de\/de\/produkt\/edle-stadtvilla-in-dahlem\/\",\"url\":\"https:\/\/grossklein-immobilien.de\/de\/produkt\/edle-stadtvilla-in-dahlem\/\",\"name\":\"Traumhafte Stadtville in Dahlem | Gross & Klein Immobilien\",\"isPartOf\":{\"@id\":\"https:\/\/grossklein-immobilien.de\/de\/#website\"},\"primaryImageOfPage\":{\"@id\":\"https:\/\/grossklein-immobilien.de\/de\/produkt\/edle-stadtvilla-in-dahlem\/#primaryimage\"},\"image\":{\"@id\":\"https:\/\/grossklein-immobilien.de\/de\/produkt\/edle-stadtvilla-in-dahlem\/#primaryimage\"},\"thumbnailUrl\":\"https:\/\/grossklein-immobilien.de\/de\/wp-content\/uploads\/2021\/06\/Villa-in-Dahlem.jpg\",\"datePublished\":\"2021-06-05T14:56:42+00:00\",\"dateModified\":\"2026-02-06T08:53:44+00:00\",\"description\":\"Edle Stadtvilla in Berlin-Dahlem, an der Ortsgrenze zu Zehlendorf. Modernisierter und renovierter Zustand zum sofortigen Einzug.\",\"breadcrumb\":{\"@id\":\"https:\/\/grossklein-immobilien.de\/de\/produkt\/edle-stadtvilla-in-dahlem\/#breadcrumb\"},\"inLanguage\":\"de\",\"potentialAction\":[{\"@type\":\"ReadAction\",\"target\":[\"https:\/\/grossklein-immobilien.de\/de\/produkt\/edle-stadtvilla-in-dahlem\/\"]}]},{\"@type\":\"ImageObject\",\"inLanguage\":\"de\",\"@id\":\"https:\/\/grossklein-immobilien.de\/de\/produkt\/edle-stadtvilla-in-dahlem\/#primaryimage\",\"url\":\"https:\/\/grossklein-immobilien.de\/de\/wp-content\/uploads\/2021\/06\/Villa-in-Dahlem.jpg\",\"contentUrl\":\"https:\/\/grossklein-immobilien.de\/de\/wp-content\/uploads\/2021\/06\/Villa-in-Dahlem.jpg\",\"width\":1136,\"height\":768},{\"@type\":\"BreadcrumbList\",\"@id\":\"https:\/\/grossklein-immobilien.de\/de\/produkt\/edle-stadtvilla-in-dahlem\/#breadcrumb\",\"itemListElement\":[{\"@type\":\"ListItem\",\"position\":1,\"name\":\"Home\",\"item\":\"https:\/\/grossklein-immobilien.de\/de\/\"},{\"@type\":\"ListItem\",\"position\":2,\"name\":\"Immobilienangebote\",\"item\":\"https:\/\/grossklein-immobilien.de\/de\/immobilien-berlin\/\"},{\"@type\":\"ListItem\",\"position\":3,\"name\":\"TRAUMHAFTE STADTVILLA MIT WELNESSBEREICH IN TOP LAGE VON DAHLEM\"}]},{\"@type\":\"WebSite\",\"@id\":\"https:\/\/grossklein-immobilien.de\/de\/#website\",\"url\":\"https:\/\/grossklein-immobilien.de\/de\/\",\"name\":\"\",\"description\":\"\",\"potentialAction\":[{\"@type\":\"SearchAction\",\"target\":{\"@type\":\"EntryPoint\",\"urlTemplate\":\"https:\/\/grossklein-immobilien.de\/de\/?s={search_term_string}\"},\"query-input\":{\"@type\":\"PropertyValueSpecification\",\"valueRequired\":true,\"valueName\":\"search_term_string\"}}],\"inLanguage\":\"de\"}]}<\/script>\n<!-- \/ Yoast SEO plugin. -->","yoast_head_json":{"title":"Traumhafte Stadtville in Dahlem | Gross & Klein Immobilien","description":"Edle Stadtvilla in Berlin-Dahlem, an der Ortsgrenze zu Zehlendorf. Modernisierter und renovierter Zustand zum sofortigen Einzug.","robots":{"index":"index","follow":"follow","max-snippet":"max-snippet:-1","max-image-preview":"max-image-preview:large","max-video-preview":"max-video-preview:-1"},"canonical":"https:\/\/grossklein-immobilien.de\/de\/produkt\/edle-stadtvilla-in-dahlem\/","og_locale":"de_DE","og_type":"article","og_title":"Traumhafte Stadtville in Dahlem | Gross & Klein Immobilien","og_description":"Edle Stadtvilla in Berlin-Dahlem, an der Ortsgrenze zu Zehlendorf. Modernisierter und renovierter Zustand zum sofortigen Einzug.","og_url":"https:\/\/grossklein-immobilien.de\/de\/produkt\/edle-stadtvilla-in-dahlem\/","article_publisher":"https:\/\/www.facebook.com\/TOMIC-IMMOBILIEN-110945718988806\/","article_modified_time":"2026-02-06T08:53:44+00:00","og_image":[{"width":1136,"height":768,"url":"https:\/\/grossklein-immobilien.de\/de\/wp-content\/uploads\/2021\/06\/Villa-in-Dahlem.jpg","type":"image\/jpeg"}],"twitter_card":"summary_large_image","twitter_site":"@draz_tomic","twitter_misc":{"Gesch\u00e4tzte Lesezeit":"1\u00a0Minute"},"schema":{"@context":"https:\/\/schema.org","@graph":[{"@type":"WebPage","@id":"https:\/\/grossklein-immobilien.de\/de\/produkt\/edle-stadtvilla-in-dahlem\/","url":"https:\/\/grossklein-immobilien.de\/de\/produkt\/edle-stadtvilla-in-dahlem\/","name":"Traumhafte Stadtville in Dahlem | Gross & Klein Immobilien","isPartOf":{"@id":"https:\/\/grossklein-immobilien.de\/de\/#website"},"primaryImageOfPage":{"@id":"https:\/\/grossklein-immobilien.de\/de\/produkt\/edle-stadtvilla-in-dahlem\/#primaryimage"},"image":{"@id":"https:\/\/grossklein-immobilien.de\/de\/produkt\/edle-stadtvilla-in-dahlem\/#primaryimage"},"thumbnailUrl":"https:\/\/grossklein-immobilien.de\/de\/wp-content\/uploads\/2021\/06\/Villa-in-Dahlem.jpg","datePublished":"2021-06-05T14:56:42+00:00","dateModified":"2026-02-06T08:53:44+00:00","description":"Edle Stadtvilla in Berlin-Dahlem, an der Ortsgrenze zu Zehlendorf. Modernisierter und renovierter Zustand zum sofortigen Einzug.","breadcrumb":{"@id":"https:\/\/grossklein-immobilien.de\/de\/produkt\/edle-stadtvilla-in-dahlem\/#breadcrumb"},"inLanguage":"de","potentialAction":[{"@type":"ReadAction","target":["https:\/\/grossklein-immobilien.de\/de\/produkt\/edle-stadtvilla-in-dahlem\/"]}]},{"@type":"ImageObject","inLanguage":"de","@id":"https:\/\/grossklein-immobilien.de\/de\/produkt\/edle-stadtvilla-in-dahlem\/#primaryimage","url":"https:\/\/grossklein-immobilien.de\/de\/wp-content\/uploads\/2021\/06\/Villa-in-Dahlem.jpg","contentUrl":"https:\/\/grossklein-immobilien.de\/de\/wp-content\/uploads\/2021\/06\/Villa-in-Dahlem.jpg","width":1136,"height":768},{"@type":"BreadcrumbList","@id":"https:\/\/grossklein-immobilien.de\/de\/produkt\/edle-stadtvilla-in-dahlem\/#breadcrumb","itemListElement":[{"@type":"ListItem","position":1,"name":"Home","item":"https:\/\/grossklein-immobilien.de\/de\/"},{"@type":"ListItem","position":2,"name":"Immobilienangebote","item":"https:\/\/grossklein-immobilien.de\/de\/immobilien-berlin\/"},{"@type":"ListItem","position":3,"name":"TRAUMHAFTE STADTVILLA MIT WELNESSBEREICH IN TOP LAGE VON DAHLEM"}]},{"@type":"WebSite","@id":"https:\/\/grossklein-immobilien.de\/de\/#website","url":"https:\/\/grossklein-immobilien.de\/de\/","name":"","description":"","potentialAction":[{"@type":"SearchAction","target":{"@type":"EntryPoint","urlTemplate":"https:\/\/grossklein-immobilien.de\/de\/?s={search_term_string}"},"query-input":{"@type":"PropertyValueSpecification","valueRequired":true,"valueName":"search_term_string"}}],"inLanguage":"de"}]}},"uagb_featured_image_src":{"full":["https:\/\/grossklein-immobilien.de\/de\/wp-content\/uploads\/2021\/06\/Villa-in-Dahlem.jpg",1136,768,false],"thumbnail":["https:\/\/grossklein-immobilien.de\/de\/wp-content\/uploads\/2021\/06\/Villa-in-Dahlem-150x150.jpg",150,150,true],"medium":["https:\/\/grossklein-immobilien.de\/de\/wp-content\/uploads\/2021\/06\/Villa-in-Dahlem-300x203.jpg",300,203,true],"medium_large":["https:\/\/grossklein-immobilien.de\/de\/wp-content\/uploads\/2021\/06\/Villa-in-Dahlem.jpg",1136,768,false],"large":["https:\/\/grossklein-immobilien.de\/de\/wp-content\/uploads\/2021\/06\/Villa-in-Dahlem-1024x692.jpg",604,408,true],"1536x1536":["https:\/\/grossklein-immobilien.de\/de\/wp-content\/uploads\/2021\/06\/Villa-in-Dahlem.jpg",1136,768,false],"2048x2048":["https:\/\/grossklein-immobilien.de\/de\/wp-content\/uploads\/2021\/06\/Villa-in-Dahlem.jpg",1136,768,false],"post-thumbnail":["https:\/\/grossklein-immobilien.de\/de\/wp-content\/uploads\/2021\/06\/Villa-in-Dahlem-604x270.jpg",604,270,true],"woocommerce_thumbnail":["https:\/\/grossklein-immobilien.de\/de\/wp-content\/uploads\/2021\/06\/Villa-in-Dahlem-300x300.jpg",300,300,true],"woocommerce_single":["https:\/\/grossklein-immobilien.de\/de\/wp-content\/uploads\/2021\/06\/Villa-in-Dahlem.jpg",1136,768,false],"woocommerce_gallery_thumbnail":["https:\/\/grossklein-immobilien.de\/de\/wp-content\/uploads\/2021\/06\/Villa-in-Dahlem-100x100.jpg",100,100,true]},"uagb_author_info":{"display_name":"Drazan Tomic","author_link":"https:\/\/grossklein-immobilien.de\/de\/author\/"},"uagb_comment_info":0,"uagb_excerpt":"Es handelt sich bei diesem Objekt um eine klassische Stadtvilla.","_links":{"self":[{"href":"https:\/\/grossklein-immobilien.de\/de\/wp-json\/wp\/v2\/product\/18534","targetHints":{"allow":["GET"]}}],"collection":[{"href":"https:\/\/grossklein-immobilien.de\/de\/wp-json\/wp\/v2\/product"}],"about":[{"href":"https:\/\/grossklein-immobilien.de\/de\/wp-json\/wp\/v2\/types\/product"}],"wp:featuredmedia":[{"embeddable":true,"href":"https:\/\/grossklein-immobilien.de\/de\/wp-json\/wp\/v2\/media\/18535"}],"wp:attachment":[{"href":"https:\/\/grossklein-immobilien.de\/de\/wp-json\/wp\/v2\/media?parent=18534"}],"wp:term":[{"taxonomy":"product_cat","embeddable":true,"href":"https:\/\/grossklein-immobilien.de\/de\/wp-json\/wp\/v2\/product_cat?post=18534"},{"taxonomy":"product_tag","embeddable":true,"href":"https:\/\/grossklein-immobilien.de\/de\/wp-json\/wp\/v2\/product_tag?post=18534"}],"curies":[{"name":"wp","href":"https:\/\/api.w.org\/{rel}","templated":true}]}}