{"id":18584,"date":"2021-06-05T18:22:18","date_gmt":"2021-06-05T16:22:18","guid":{"rendered":"https:\/\/grossklein-immobilien.de\/de\/?post_type=product&#038;p=18584"},"modified":"2024-02-18T12:47:09","modified_gmt":"2024-02-18T11:47:09","slug":"kernsaniertes-einfamilienhaus-mit-6-zimmern-in-berlin-wittenau","status":"publish","type":"product","link":"https:\/\/grossklein-immobilien.de\/de\/produkt\/kernsaniertes-einfamilienhaus-mit-6-zimmern-in-berlin-wittenau\/","title":{"rendered":"KERNSANIERTES EFH IN RUHIGER WOHNLAGE IN WITTENAU"},"content":{"rendered":"<p style=\"text-align: justify;\">In ruhiger Wohnlage in Berlin-Wittenau steht aktuell dieses ger\u00e4umige EInfamilienhaus zum Verkauf. Es wurde in den letzten Wochen\/Monaten vom Eigent\u00fcmer kernsaniert. Das Einfamilienhaus befindet sich auf einem Grundst\u00fcck mit 530m\u00b2 Fl\u00e4che. Zudem verf\u00fcgt das Objekt \u00fcber 2-3 Au\u00dfenstellpl\u00e4tze. Insgesamt stehen 150 m\u00b2 Wohnfl\u00e4che zur Verf\u00fcgung, die sich auf 3-Zimmer und 1 Bad im Obergeschoss verteilen. Zus\u00e4tzlich wurde die Nutzfl\u00e4che im Untergeschoss zum wohnen eingerichtet und bietet weitere 3 Zimmer und 1 Duschbad.<br \/>\nDie neuen und gro\u00dfen Fenster im Wohnbereich sorgen f\u00fcr viel Licht und Sonne. Die Sonnenterrasse ist bequem vom Wohnzimmer zu erreichen und bietet viel Bewegungsm\u00f6glichkeiten im Au\u00dfenbereich. Im Untergescho\u00df finden sie 3 weitere Zimmer mit praktischen Grundriss sowie ein Badezimmer und ein Hauswirtschaftsraum. Im oberen Wohnbereich wurde beim Ausbau zus\u00e4tzlich eine Fu\u00dfbodenheizung installiert um weiterhin die Wohnqualit\u00e4t zu steigen. Die anderen R\u00e4ume im Haus werden \u00fcber eine Zentralheizung (\u00d6l) beheizt. Das Objekt befindet sich im Norden von Berlin unweit S-Bahnhof Wittenau. Die Anbindung an \u00f6ffentliche Verkehrsmittel sind mit dem Bus 122 optimal gegeben. Dieser erreicht z.B. den S-Bahnhof Wittenau in 11 Minuten. Die Stadtautobahn ist ebenfalls in wenigen Minuten \u00fcber dem Weidmannsluster Damm erreichbar.<\/p>\n","protected":false},"excerpt":{"rendered":"<p>Es handelt sich bei dieser Immobilie um ein Einfamilienhaus, dass sich ideal f\u00fcr eine Familien eignet.<\/p>\n","protected":false},"featured_media":19445,"template":"","meta":{"_uag_custom_page_level_css":"","ngg_post_thumbnail":0},"product_cat":[26,318],"product_tag":[],"class_list":{"0":"post-18584","1":"product","2":"type-product","3":"status-publish","4":"has-post-thumbnail","6":"product_cat-einfamilienhaeuser","7":"product_cat-berlin-reinickendorf","8":"pa_adresse-13435-berlin","9":"pa_balkon-terrasse","10":"pa_baujahr-439","11":"pa_courtage-357-vom-beurk-kaufpreis","12":"pa_grundstuecksflaeche-440","13":"pa_heizungsart-zentralheizung","14":"pa_objektzustand-erstbezug-nach-sanierung","15":"pa_objektzustand-kernsaniert","16":"pa_standort-berlin-wittenau","17":"pa_wohnflaeche-556","18":"pa_zimmer-149","20":"first","21":"instock","22":"shipping-taxable","23":"purchasable","24":"product-type-simple"},"yoast_head":"<!-- This site is optimized with the Yoast SEO plugin v26.8 - https:\/\/yoast.com\/product\/yoast-seo-wordpress\/ -->\n<title>Einfamilienhaus in Wittenau | Gross &amp; Klein immobilien<\/title>\n<meta name=\"description\" content=\"Kernsaniertes Einfamilienhaus in Wittenaus mit 230m\u00b2 Wohnfl\u00e4che und 600m\u00b2 Grundst\u00fccksfl\u00e4che. Ruhige Lage und ideal geeignet f\u00fcr eine Familie.\" \/>\n<meta name=\"robots\" content=\"index, follow, max-snippet:-1, max-image-preview:large, max-video-preview:-1\" \/>\n<link rel=\"canonical\" href=\"https:\/\/grossklein-immobilien.de\/de\/produkt\/kernsaniertes-einfamilienhaus-mit-6-zimmern-in-berlin-wittenau\/\" \/>\n<meta property=\"og:locale\" content=\"de_DE\" \/>\n<meta property=\"og:type\" content=\"article\" \/>\n<meta property=\"og:title\" content=\"Einfamilienhaus in Wittenau | Gross &amp; Klein immobilien\" \/>\n<meta property=\"og:description\" content=\"Kernsaniertes Einfamilienhaus in Wittenaus mit 230m\u00b2 Wohnfl\u00e4che und 600m\u00b2 Grundst\u00fccksfl\u00e4che. Ruhige Lage und ideal geeignet f\u00fcr eine Familie.\" \/>\n<meta property=\"og:url\" content=\"https:\/\/grossklein-immobilien.de\/de\/produkt\/kernsaniertes-einfamilienhaus-mit-6-zimmern-in-berlin-wittenau\/\" \/>\n<meta property=\"article:publisher\" content=\"https:\/\/www.facebook.com\/TOMIC-IMMOBILIEN-110945718988806\/\" \/>\n<meta property=\"article:modified_time\" content=\"2024-02-18T11:47:09+00:00\" \/>\n<meta property=\"og:image\" content=\"https:\/\/grossklein-immobilien.de\/de\/wp-content\/uploads\/2021\/06\/Hausansicht-2-scaled.jpg\" \/>\n\t<meta property=\"og:image:width\" content=\"2560\" \/>\n\t<meta property=\"og:image:height\" content=\"1707\" \/>\n\t<meta property=\"og:image:type\" content=\"image\/jpeg\" \/>\n<meta name=\"twitter:card\" content=\"summary_large_image\" \/>\n<meta name=\"twitter:site\" content=\"@draz_tomic\" \/>\n<meta name=\"twitter:label1\" content=\"Gesch\u00e4tzte Lesezeit\" \/>\n\t<meta name=\"twitter:data1\" content=\"2\u00a0Minuten\" \/>\n<script type=\"application\/ld+json\" class=\"yoast-schema-graph\">{\"@context\":\"https:\/\/schema.org\",\"@graph\":[{\"@type\":\"WebPage\",\"@id\":\"https:\/\/grossklein-immobilien.de\/de\/produkt\/kernsaniertes-einfamilienhaus-mit-6-zimmern-in-berlin-wittenau\/\",\"url\":\"https:\/\/grossklein-immobilien.de\/de\/produkt\/kernsaniertes-einfamilienhaus-mit-6-zimmern-in-berlin-wittenau\/\",\"name\":\"Einfamilienhaus in Wittenau | Gross & Klein immobilien\",\"isPartOf\":{\"@id\":\"https:\/\/grossklein-immobilien.de\/de\/#website\"},\"primaryImageOfPage\":{\"@id\":\"https:\/\/grossklein-immobilien.de\/de\/produkt\/kernsaniertes-einfamilienhaus-mit-6-zimmern-in-berlin-wittenau\/#primaryimage\"},\"image\":{\"@id\":\"https:\/\/grossklein-immobilien.de\/de\/produkt\/kernsaniertes-einfamilienhaus-mit-6-zimmern-in-berlin-wittenau\/#primaryimage\"},\"thumbnailUrl\":\"https:\/\/grossklein-immobilien.de\/de\/wp-content\/uploads\/2021\/06\/Hausansicht-2-scaled.jpg\",\"datePublished\":\"2021-06-05T16:22:18+00:00\",\"dateModified\":\"2024-02-18T11:47:09+00:00\",\"description\":\"Kernsaniertes Einfamilienhaus in Wittenaus mit 230m\u00b2 Wohnfl\u00e4che und 600m\u00b2 Grundst\u00fccksfl\u00e4che. Ruhige Lage und ideal geeignet f\u00fcr eine Familie.\",\"breadcrumb\":{\"@id\":\"https:\/\/grossklein-immobilien.de\/de\/produkt\/kernsaniertes-einfamilienhaus-mit-6-zimmern-in-berlin-wittenau\/#breadcrumb\"},\"inLanguage\":\"de\",\"potentialAction\":[{\"@type\":\"ReadAction\",\"target\":[\"https:\/\/grossklein-immobilien.de\/de\/produkt\/kernsaniertes-einfamilienhaus-mit-6-zimmern-in-berlin-wittenau\/\"]}]},{\"@type\":\"ImageObject\",\"inLanguage\":\"de\",\"@id\":\"https:\/\/grossklein-immobilien.de\/de\/produkt\/kernsaniertes-einfamilienhaus-mit-6-zimmern-in-berlin-wittenau\/#primaryimage\",\"url\":\"https:\/\/grossklein-immobilien.de\/de\/wp-content\/uploads\/2021\/06\/Hausansicht-2-scaled.jpg\",\"contentUrl\":\"https:\/\/grossklein-immobilien.de\/de\/wp-content\/uploads\/2021\/06\/Hausansicht-2-scaled.jpg\",\"width\":1920,\"height\":1280},{\"@type\":\"BreadcrumbList\",\"@id\":\"https:\/\/grossklein-immobilien.de\/de\/produkt\/kernsaniertes-einfamilienhaus-mit-6-zimmern-in-berlin-wittenau\/#breadcrumb\",\"itemListElement\":[{\"@type\":\"ListItem\",\"position\":1,\"name\":\"Home\",\"item\":\"https:\/\/grossklein-immobilien.de\/de\/\"},{\"@type\":\"ListItem\",\"position\":2,\"name\":\"Immobilienangebote\",\"item\":\"https:\/\/grossklein-immobilien.de\/de\/immobilien-berlin\/\"},{\"@type\":\"ListItem\",\"position\":3,\"name\":\"KERNSANIERTES EFH IN RUHIGER WOHNLAGE IN WITTENAU\"}]},{\"@type\":\"WebSite\",\"@id\":\"https:\/\/grossklein-immobilien.de\/de\/#website\",\"url\":\"https:\/\/grossklein-immobilien.de\/de\/\",\"name\":\"\",\"description\":\"\",\"potentialAction\":[{\"@type\":\"SearchAction\",\"target\":{\"@type\":\"EntryPoint\",\"urlTemplate\":\"https:\/\/grossklein-immobilien.de\/de\/?s={search_term_string}\"},\"query-input\":{\"@type\":\"PropertyValueSpecification\",\"valueRequired\":true,\"valueName\":\"search_term_string\"}}],\"inLanguage\":\"de\"}]}<\/script>\n<!-- \/ Yoast SEO plugin. -->","yoast_head_json":{"title":"Einfamilienhaus in Wittenau | Gross & Klein immobilien","description":"Kernsaniertes Einfamilienhaus in Wittenaus mit 230m\u00b2 Wohnfl\u00e4che und 600m\u00b2 Grundst\u00fccksfl\u00e4che. Ruhige Lage und ideal geeignet f\u00fcr eine Familie.","robots":{"index":"index","follow":"follow","max-snippet":"max-snippet:-1","max-image-preview":"max-image-preview:large","max-video-preview":"max-video-preview:-1"},"canonical":"https:\/\/grossklein-immobilien.de\/de\/produkt\/kernsaniertes-einfamilienhaus-mit-6-zimmern-in-berlin-wittenau\/","og_locale":"de_DE","og_type":"article","og_title":"Einfamilienhaus in Wittenau | Gross & Klein immobilien","og_description":"Kernsaniertes Einfamilienhaus in Wittenaus mit 230m\u00b2 Wohnfl\u00e4che und 600m\u00b2 Grundst\u00fccksfl\u00e4che. Ruhige Lage und ideal geeignet f\u00fcr eine Familie.","og_url":"https:\/\/grossklein-immobilien.de\/de\/produkt\/kernsaniertes-einfamilienhaus-mit-6-zimmern-in-berlin-wittenau\/","article_publisher":"https:\/\/www.facebook.com\/TOMIC-IMMOBILIEN-110945718988806\/","article_modified_time":"2024-02-18T11:47:09+00:00","og_image":[{"width":2560,"height":1707,"url":"https:\/\/grossklein-immobilien.de\/de\/wp-content\/uploads\/2021\/06\/Hausansicht-2-scaled.jpg","type":"image\/jpeg"}],"twitter_card":"summary_large_image","twitter_site":"@draz_tomic","twitter_misc":{"Gesch\u00e4tzte Lesezeit":"2\u00a0Minuten"},"schema":{"@context":"https:\/\/schema.org","@graph":[{"@type":"WebPage","@id":"https:\/\/grossklein-immobilien.de\/de\/produkt\/kernsaniertes-einfamilienhaus-mit-6-zimmern-in-berlin-wittenau\/","url":"https:\/\/grossklein-immobilien.de\/de\/produkt\/kernsaniertes-einfamilienhaus-mit-6-zimmern-in-berlin-wittenau\/","name":"Einfamilienhaus in Wittenau | Gross & Klein immobilien","isPartOf":{"@id":"https:\/\/grossklein-immobilien.de\/de\/#website"},"primaryImageOfPage":{"@id":"https:\/\/grossklein-immobilien.de\/de\/produkt\/kernsaniertes-einfamilienhaus-mit-6-zimmern-in-berlin-wittenau\/#primaryimage"},"image":{"@id":"https:\/\/grossklein-immobilien.de\/de\/produkt\/kernsaniertes-einfamilienhaus-mit-6-zimmern-in-berlin-wittenau\/#primaryimage"},"thumbnailUrl":"https:\/\/grossklein-immobilien.de\/de\/wp-content\/uploads\/2021\/06\/Hausansicht-2-scaled.jpg","datePublished":"2021-06-05T16:22:18+00:00","dateModified":"2024-02-18T11:47:09+00:00","description":"Kernsaniertes Einfamilienhaus in Wittenaus mit 230m\u00b2 Wohnfl\u00e4che und 600m\u00b2 Grundst\u00fccksfl\u00e4che. Ruhige Lage und ideal geeignet f\u00fcr eine Familie.","breadcrumb":{"@id":"https:\/\/grossklein-immobilien.de\/de\/produkt\/kernsaniertes-einfamilienhaus-mit-6-zimmern-in-berlin-wittenau\/#breadcrumb"},"inLanguage":"de","potentialAction":[{"@type":"ReadAction","target":["https:\/\/grossklein-immobilien.de\/de\/produkt\/kernsaniertes-einfamilienhaus-mit-6-zimmern-in-berlin-wittenau\/"]}]},{"@type":"ImageObject","inLanguage":"de","@id":"https:\/\/grossklein-immobilien.de\/de\/produkt\/kernsaniertes-einfamilienhaus-mit-6-zimmern-in-berlin-wittenau\/#primaryimage","url":"https:\/\/grossklein-immobilien.de\/de\/wp-content\/uploads\/2021\/06\/Hausansicht-2-scaled.jpg","contentUrl":"https:\/\/grossklein-immobilien.de\/de\/wp-content\/uploads\/2021\/06\/Hausansicht-2-scaled.jpg","width":1920,"height":1280},{"@type":"BreadcrumbList","@id":"https:\/\/grossklein-immobilien.de\/de\/produkt\/kernsaniertes-einfamilienhaus-mit-6-zimmern-in-berlin-wittenau\/#breadcrumb","itemListElement":[{"@type":"ListItem","position":1,"name":"Home","item":"https:\/\/grossklein-immobilien.de\/de\/"},{"@type":"ListItem","position":2,"name":"Immobilienangebote","item":"https:\/\/grossklein-immobilien.de\/de\/immobilien-berlin\/"},{"@type":"ListItem","position":3,"name":"KERNSANIERTES EFH IN RUHIGER WOHNLAGE IN WITTENAU"}]},{"@type":"WebSite","@id":"https:\/\/grossklein-immobilien.de\/de\/#website","url":"https:\/\/grossklein-immobilien.de\/de\/","name":"","description":"","potentialAction":[{"@type":"SearchAction","target":{"@type":"EntryPoint","urlTemplate":"https:\/\/grossklein-immobilien.de\/de\/?s={search_term_string}"},"query-input":{"@type":"PropertyValueSpecification","valueRequired":true,"valueName":"search_term_string"}}],"inLanguage":"de"}]}},"uagb_featured_image_src":{"full":["https:\/\/grossklein-immobilien.de\/de\/wp-content\/uploads\/2021\/06\/Hausansicht-2-scaled.jpg",1920,1280,false],"thumbnail":["https:\/\/grossklein-immobilien.de\/de\/wp-content\/uploads\/2021\/06\/Hausansicht-2-scaled.jpg",150,100,false],"medium":["https:\/\/grossklein-immobilien.de\/de\/wp-content\/uploads\/2021\/06\/Hausansicht-2-scaled.jpg",300,200,false],"medium_large":["https:\/\/grossklein-immobilien.de\/de\/wp-content\/uploads\/2021\/06\/Hausansicht-2-scaled.jpg",1920,1280,false],"large":["https:\/\/grossklein-immobilien.de\/de\/wp-content\/uploads\/2021\/06\/Hausansicht-2-scaled.jpg",604,403,false],"1536x1536":["https:\/\/grossklein-immobilien.de\/de\/wp-content\/uploads\/2021\/06\/Hausansicht-2-scaled.jpg",1536,1024,false],"2048x2048":["https:\/\/grossklein-immobilien.de\/de\/wp-content\/uploads\/2021\/06\/Hausansicht-2-scaled.jpg",1920,1280,false],"post-thumbnail":["https:\/\/grossklein-immobilien.de\/de\/wp-content\/uploads\/2021\/06\/Hausansicht-2-scaled.jpg",405,270,false],"woocommerce_thumbnail":["https:\/\/grossklein-immobilien.de\/de\/wp-content\/uploads\/2021\/06\/Hausansicht-2-scaled-300x300.jpg",300,300,true],"woocommerce_single":["https:\/\/grossklein-immobilien.de\/de\/wp-content\/uploads\/2021\/06\/Hausansicht-2-scaled-1200x800.jpg",1200,800,true],"woocommerce_gallery_thumbnail":["https:\/\/grossklein-immobilien.de\/de\/wp-content\/uploads\/2021\/06\/Hausansicht-2-scaled-100x100.jpg",100,100,true]},"uagb_author_info":{"display_name":"Drazan Tomic","author_link":"https:\/\/grossklein-immobilien.de\/de\/author\/"},"uagb_comment_info":0,"uagb_excerpt":"Es handelt sich bei dieser Immobilie um ein Einfamilienhaus, dass sich ideal f\u00fcr eine Familien eignet.","_links":{"self":[{"href":"https:\/\/grossklein-immobilien.de\/de\/wp-json\/wp\/v2\/product\/18584","targetHints":{"allow":["GET"]}}],"collection":[{"href":"https:\/\/grossklein-immobilien.de\/de\/wp-json\/wp\/v2\/product"}],"about":[{"href":"https:\/\/grossklein-immobilien.de\/de\/wp-json\/wp\/v2\/types\/product"}],"wp:featuredmedia":[{"embeddable":true,"href":"https:\/\/grossklein-immobilien.de\/de\/wp-json\/wp\/v2\/media\/19445"}],"wp:attachment":[{"href":"https:\/\/grossklein-immobilien.de\/de\/wp-json\/wp\/v2\/media?parent=18584"}],"wp:term":[{"taxonomy":"product_cat","embeddable":true,"href":"https:\/\/grossklein-immobilien.de\/de\/wp-json\/wp\/v2\/product_cat?post=18584"},{"taxonomy":"product_tag","embeddable":true,"href":"https:\/\/grossklein-immobilien.de\/de\/wp-json\/wp\/v2\/product_tag?post=18584"}],"curies":[{"name":"wp","href":"https:\/\/api.w.org\/{rel}","templated":true}]}}