{"id":18609,"date":"2021-06-07T11:55:36","date_gmt":"2021-06-07T09:55:36","guid":{"rendered":"https:\/\/grossklein-immobilien.de\/de\/?post_type=product&#038;p=18609"},"modified":"2026-02-06T11:03:17","modified_gmt":"2026-02-06T10:03:17","slug":"klassische-altbauwohnung-prenzlauer-berg","status":"publish","type":"product","link":"https:\/\/grossklein-immobilien.de\/de\/produkt\/klassische-altbauwohnung-prenzlauer-berg\/","title":{"rendered":"KLASSISCHE ALTBAUWOHNUNG MIT BALKON &#038; DIELENBODEN"},"content":{"rendered":"<p style=\"text-align: justify;\">Es handelt sich bei diesem Angebot um eine sch\u00f6ne und helle 3-Zimmer Altbauwohnung in begehrter Kiezlage von Prenzlauer Berg, im B\u00f6tzowviertel. Das Haus befindet sich in einem guten Zustand, es wurde im Jahr 1995 kernsaniert. Die Wohnung hat einen praktischen Grundriss, der typisch f\u00fcr die Berliner Altbauten ist. Eine gro\u00dfe und separate K\u00fcche, mit Einbauk\u00fcche, biete Platz f\u00fcr die Familie. Das Bad mit Badewanne ausgestattet biete zudem angenehmes Tageslicht. Der Balkon ist zur S\u00fcdwest Seite ausgerichtet und bietet viel Sonne \u00fcber den ganzen Tag verteilt. Insgesamt befinden sich im Objekt ca. 30 Wohnungen. Ein Keller geh\u00f6rt zur Wohnung dazu.<\/p>\n<p style=\"text-align: justify;\">Die Lage im Prenzlauer Berg und rundum um den Volkspark Friedrichshain l\u00e4dt zum Verweilen ein oder zum Joggen und Spazieren. Der Alexanderplatz und das Zentrum der City-Ost ist in wenigen Minuten mit dem PKW zu erreichen und ebenso mit den \u00f6ffentlichen Verkehrsmitteln. Schulen und Kitas sowie zahlreiche Caf\u00e9s und Restaurant befinden sich in unmittelbarer N\u00e4he und sorgen f\u00fcr ein angenehme Kiezatmosph\u00e4re, in der das Leben pulsiert.<\/p>\n<p>Vermittelt durch Gross &amp; Klein Immobilien, Ihrem <a href=\"https:\/\/grossklein-immobilien.de\/de\/immobilienmakler-berlin-prenzlauer-berg\/\">Immobilienmakler in Berlin-Prenzlauer Berg<\/a>.<\/p>\n","protected":false},"excerpt":{"rendered":"<p>Wundersch\u00f6ne 3-Zimmer Altbauwohnung mit Dielenboden und S\u00fcdwest Balkon in bester Kiezlage von Prenzlauer Berg.<\/p>\n","protected":false},"featured_media":18610,"template":"","meta":{"_uag_custom_page_level_css":"","ngg_post_thumbnail":0},"product_cat":[24,242,421,416],"product_tag":[],"class_list":{"0":"post-18609","1":"product","2":"type-product","3":"status-publish","4":"has-post-thumbnail","6":"product_cat-eigentumswohnungen","7":"product_cat-prenzlauer-berg","8":"product_cat-70-110","9":"product_cat-416","10":"pa_adresse-443","11":"pa_baujahr-445","12":"pa_courtage-357-vom-beurk-kaufpreis-2","13":"pa_etage-104","14":"pa_etagen-41","15":"pa_heizungsart-zentralheizung-gas","16":"pa_objektzustand-gepflegt","17":"pa_standort-prenzlauer-berg","18":"pa_wohnflaeche-444","19":"pa_zimmer-11","21":"first","22":"outofstock","23":"shipping-taxable","24":"purchasable","25":"product-type-simple"},"yoast_head":"<!-- This site is optimized with the Yoast SEO plugin v26.8 - https:\/\/yoast.com\/product\/yoast-seo-wordpress\/ -->\n<title>Klassische Altbauwohnung in Prenzlauer Berg | Gross &amp; Klein Immobilien<\/title>\n<meta name=\"description\" content=\"Klassische Altbauwohnung mit 3-Zimmern, Dielenboden und Balkon mit viel Sonne in Berlin-Prenzlauer Berg ab sofort zum Verkauf!\" \/>\n<meta name=\"robots\" content=\"index, follow, max-snippet:-1, max-image-preview:large, max-video-preview:-1\" \/>\n<link rel=\"canonical\" href=\"https:\/\/grossklein-immobilien.de\/de\/produkt\/klassische-altbauwohnung-prenzlauer-berg\/\" \/>\n<meta property=\"og:locale\" content=\"de_DE\" \/>\n<meta property=\"og:type\" content=\"article\" \/>\n<meta property=\"og:title\" content=\"Klassische Altbauwohnung in Prenzlauer Berg | Gross &amp; Klein Immobilien\" \/>\n<meta property=\"og:description\" content=\"Klassische Altbauwohnung mit 3-Zimmern, Dielenboden und Balkon mit viel Sonne in Berlin-Prenzlauer Berg ab sofort zum Verkauf!\" \/>\n<meta property=\"og:url\" content=\"https:\/\/grossklein-immobilien.de\/de\/produkt\/klassische-altbauwohnung-prenzlauer-berg\/\" \/>\n<meta property=\"article:publisher\" content=\"https:\/\/www.facebook.com\/TOMIC-IMMOBILIEN-110945718988806\/\" \/>\n<meta property=\"article:modified_time\" content=\"2026-02-06T10:03:17+00:00\" \/>\n<meta property=\"og:image\" content=\"https:\/\/grossklein-immobilien.de\/de\/wp-content\/uploads\/2021\/06\/IMG_5062-scaled.jpg\" \/>\n\t<meta property=\"og:image:width\" content=\"1920\" \/>\n\t<meta property=\"og:image:height\" content=\"1280\" \/>\n\t<meta property=\"og:image:type\" content=\"image\/jpeg\" \/>\n<meta name=\"twitter:card\" content=\"summary_large_image\" \/>\n<meta name=\"twitter:site\" content=\"@draz_tomic\" \/>\n<meta name=\"twitter:label1\" content=\"Gesch\u00e4tzte Lesezeit\" \/>\n\t<meta name=\"twitter:data1\" content=\"2\u00a0Minuten\" \/>\n<script type=\"application\/ld+json\" class=\"yoast-schema-graph\">{\"@context\":\"https:\/\/schema.org\",\"@graph\":[{\"@type\":\"WebPage\",\"@id\":\"https:\/\/grossklein-immobilien.de\/de\/produkt\/klassische-altbauwohnung-prenzlauer-berg\/\",\"url\":\"https:\/\/grossklein-immobilien.de\/de\/produkt\/klassische-altbauwohnung-prenzlauer-berg\/\",\"name\":\"Klassische Altbauwohnung in Prenzlauer Berg | Gross & Klein Immobilien\",\"isPartOf\":{\"@id\":\"https:\/\/grossklein-immobilien.de\/de\/#website\"},\"primaryImageOfPage\":{\"@id\":\"https:\/\/grossklein-immobilien.de\/de\/produkt\/klassische-altbauwohnung-prenzlauer-berg\/#primaryimage\"},\"image\":{\"@id\":\"https:\/\/grossklein-immobilien.de\/de\/produkt\/klassische-altbauwohnung-prenzlauer-berg\/#primaryimage\"},\"thumbnailUrl\":\"https:\/\/grossklein-immobilien.de\/de\/wp-content\/uploads\/2021\/06\/IMG_5062-scaled.jpg\",\"datePublished\":\"2021-06-07T09:55:36+00:00\",\"dateModified\":\"2026-02-06T10:03:17+00:00\",\"description\":\"Klassische Altbauwohnung mit 3-Zimmern, Dielenboden und Balkon mit viel Sonne in Berlin-Prenzlauer Berg ab sofort zum Verkauf!\",\"breadcrumb\":{\"@id\":\"https:\/\/grossklein-immobilien.de\/de\/produkt\/klassische-altbauwohnung-prenzlauer-berg\/#breadcrumb\"},\"inLanguage\":\"de\",\"potentialAction\":[{\"@type\":\"ReadAction\",\"target\":[\"https:\/\/grossklein-immobilien.de\/de\/produkt\/klassische-altbauwohnung-prenzlauer-berg\/\"]}]},{\"@type\":\"ImageObject\",\"inLanguage\":\"de\",\"@id\":\"https:\/\/grossklein-immobilien.de\/de\/produkt\/klassische-altbauwohnung-prenzlauer-berg\/#primaryimage\",\"url\":\"https:\/\/grossklein-immobilien.de\/de\/wp-content\/uploads\/2021\/06\/IMG_5062-scaled.jpg\",\"contentUrl\":\"https:\/\/grossklein-immobilien.de\/de\/wp-content\/uploads\/2021\/06\/IMG_5062-scaled.jpg\",\"width\":1920,\"height\":1280,\"caption\":\"Klassische Altbauwohnungg\"},{\"@type\":\"BreadcrumbList\",\"@id\":\"https:\/\/grossklein-immobilien.de\/de\/produkt\/klassische-altbauwohnung-prenzlauer-berg\/#breadcrumb\",\"itemListElement\":[{\"@type\":\"ListItem\",\"position\":1,\"name\":\"Home\",\"item\":\"https:\/\/grossklein-immobilien.de\/de\/\"},{\"@type\":\"ListItem\",\"position\":2,\"name\":\"Immobilienangebote\",\"item\":\"https:\/\/grossklein-immobilien.de\/de\/immobilien-berlin\/\"},{\"@type\":\"ListItem\",\"position\":3,\"name\":\"KLASSISCHE ALTBAUWOHNUNG MIT BALKON &#038; DIELENBODEN\"}]},{\"@type\":\"WebSite\",\"@id\":\"https:\/\/grossklein-immobilien.de\/de\/#website\",\"url\":\"https:\/\/grossklein-immobilien.de\/de\/\",\"name\":\"\",\"description\":\"\",\"potentialAction\":[{\"@type\":\"SearchAction\",\"target\":{\"@type\":\"EntryPoint\",\"urlTemplate\":\"https:\/\/grossklein-immobilien.de\/de\/?s={search_term_string}\"},\"query-input\":{\"@type\":\"PropertyValueSpecification\",\"valueRequired\":true,\"valueName\":\"search_term_string\"}}],\"inLanguage\":\"de\"}]}<\/script>\n<!-- \/ Yoast SEO plugin. -->","yoast_head_json":{"title":"Klassische Altbauwohnung in Prenzlauer Berg | Gross & Klein Immobilien","description":"Klassische Altbauwohnung mit 3-Zimmern, Dielenboden und Balkon mit viel Sonne in Berlin-Prenzlauer Berg ab sofort zum Verkauf!","robots":{"index":"index","follow":"follow","max-snippet":"max-snippet:-1","max-image-preview":"max-image-preview:large","max-video-preview":"max-video-preview:-1"},"canonical":"https:\/\/grossklein-immobilien.de\/de\/produkt\/klassische-altbauwohnung-prenzlauer-berg\/","og_locale":"de_DE","og_type":"article","og_title":"Klassische Altbauwohnung in Prenzlauer Berg | Gross & Klein Immobilien","og_description":"Klassische Altbauwohnung mit 3-Zimmern, Dielenboden und Balkon mit viel Sonne in Berlin-Prenzlauer Berg ab sofort zum Verkauf!","og_url":"https:\/\/grossklein-immobilien.de\/de\/produkt\/klassische-altbauwohnung-prenzlauer-berg\/","article_publisher":"https:\/\/www.facebook.com\/TOMIC-IMMOBILIEN-110945718988806\/","article_modified_time":"2026-02-06T10:03:17+00:00","og_image":[{"width":1920,"height":1280,"url":"https:\/\/grossklein-immobilien.de\/de\/wp-content\/uploads\/2021\/06\/IMG_5062-scaled.jpg","type":"image\/jpeg"}],"twitter_card":"summary_large_image","twitter_site":"@draz_tomic","twitter_misc":{"Gesch\u00e4tzte Lesezeit":"2\u00a0Minuten"},"schema":{"@context":"https:\/\/schema.org","@graph":[{"@type":"WebPage","@id":"https:\/\/grossklein-immobilien.de\/de\/produkt\/klassische-altbauwohnung-prenzlauer-berg\/","url":"https:\/\/grossklein-immobilien.de\/de\/produkt\/klassische-altbauwohnung-prenzlauer-berg\/","name":"Klassische Altbauwohnung in Prenzlauer Berg | Gross & Klein Immobilien","isPartOf":{"@id":"https:\/\/grossklein-immobilien.de\/de\/#website"},"primaryImageOfPage":{"@id":"https:\/\/grossklein-immobilien.de\/de\/produkt\/klassische-altbauwohnung-prenzlauer-berg\/#primaryimage"},"image":{"@id":"https:\/\/grossklein-immobilien.de\/de\/produkt\/klassische-altbauwohnung-prenzlauer-berg\/#primaryimage"},"thumbnailUrl":"https:\/\/grossklein-immobilien.de\/de\/wp-content\/uploads\/2021\/06\/IMG_5062-scaled.jpg","datePublished":"2021-06-07T09:55:36+00:00","dateModified":"2026-02-06T10:03:17+00:00","description":"Klassische Altbauwohnung mit 3-Zimmern, Dielenboden und Balkon mit viel Sonne in Berlin-Prenzlauer Berg ab sofort zum Verkauf!","breadcrumb":{"@id":"https:\/\/grossklein-immobilien.de\/de\/produkt\/klassische-altbauwohnung-prenzlauer-berg\/#breadcrumb"},"inLanguage":"de","potentialAction":[{"@type":"ReadAction","target":["https:\/\/grossklein-immobilien.de\/de\/produkt\/klassische-altbauwohnung-prenzlauer-berg\/"]}]},{"@type":"ImageObject","inLanguage":"de","@id":"https:\/\/grossklein-immobilien.de\/de\/produkt\/klassische-altbauwohnung-prenzlauer-berg\/#primaryimage","url":"https:\/\/grossklein-immobilien.de\/de\/wp-content\/uploads\/2021\/06\/IMG_5062-scaled.jpg","contentUrl":"https:\/\/grossklein-immobilien.de\/de\/wp-content\/uploads\/2021\/06\/IMG_5062-scaled.jpg","width":1920,"height":1280,"caption":"Klassische Altbauwohnungg"},{"@type":"BreadcrumbList","@id":"https:\/\/grossklein-immobilien.de\/de\/produkt\/klassische-altbauwohnung-prenzlauer-berg\/#breadcrumb","itemListElement":[{"@type":"ListItem","position":1,"name":"Home","item":"https:\/\/grossklein-immobilien.de\/de\/"},{"@type":"ListItem","position":2,"name":"Immobilienangebote","item":"https:\/\/grossklein-immobilien.de\/de\/immobilien-berlin\/"},{"@type":"ListItem","position":3,"name":"KLASSISCHE ALTBAUWOHNUNG MIT BALKON &#038; DIELENBODEN"}]},{"@type":"WebSite","@id":"https:\/\/grossklein-immobilien.de\/de\/#website","url":"https:\/\/grossklein-immobilien.de\/de\/","name":"","description":"","potentialAction":[{"@type":"SearchAction","target":{"@type":"EntryPoint","urlTemplate":"https:\/\/grossklein-immobilien.de\/de\/?s={search_term_string}"},"query-input":{"@type":"PropertyValueSpecification","valueRequired":true,"valueName":"search_term_string"}}],"inLanguage":"de"}]}},"uagb_featured_image_src":{"full":["https:\/\/grossklein-immobilien.de\/de\/wp-content\/uploads\/2021\/06\/IMG_5062-scaled.jpg",1920,1280,false],"thumbnail":["https:\/\/grossklein-immobilien.de\/de\/wp-content\/uploads\/2021\/06\/IMG_5062-150x150.jpg",150,150,true],"medium":["https:\/\/grossklein-immobilien.de\/de\/wp-content\/uploads\/2021\/06\/IMG_5062-300x200.jpg",300,200,true],"medium_large":["https:\/\/grossklein-immobilien.de\/de\/wp-content\/uploads\/2021\/06\/IMG_5062-scaled.jpg",1920,1280,false],"large":["https:\/\/grossklein-immobilien.de\/de\/wp-content\/uploads\/2021\/06\/IMG_5062-1024x683.jpg",604,403,true],"1536x1536":["https:\/\/grossklein-immobilien.de\/de\/wp-content\/uploads\/2021\/06\/IMG_5062-1536x1024.jpg",1536,1024,true],"2048x2048":["https:\/\/grossklein-immobilien.de\/de\/wp-content\/uploads\/2021\/06\/IMG_5062-2048x1365.jpg",2048,1365,true],"post-thumbnail":["https:\/\/grossklein-immobilien.de\/de\/wp-content\/uploads\/2021\/06\/IMG_5062-604x270.jpg",604,270,true],"woocommerce_thumbnail":["https:\/\/grossklein-immobilien.de\/de\/wp-content\/uploads\/2021\/06\/IMG_5062-scaled-300x300.jpg",300,300,true],"woocommerce_single":["https:\/\/grossklein-immobilien.de\/de\/wp-content\/uploads\/2021\/06\/IMG_5062-scaled-1200x800.jpg",1200,800,true],"woocommerce_gallery_thumbnail":["https:\/\/grossklein-immobilien.de\/de\/wp-content\/uploads\/2021\/06\/IMG_5062-scaled-100x100.jpg",100,100,true]},"uagb_author_info":{"display_name":"Drazan Tomic","author_link":"https:\/\/grossklein-immobilien.de\/de\/author\/"},"uagb_comment_info":0,"uagb_excerpt":"Wundersch\u00f6ne 3-Zimmer Altbauwohnung mit Dielenboden und S\u00fcdwest Balkon in bester Kiezlage von Prenzlauer Berg.","_links":{"self":[{"href":"https:\/\/grossklein-immobilien.de\/de\/wp-json\/wp\/v2\/product\/18609","targetHints":{"allow":["GET"]}}],"collection":[{"href":"https:\/\/grossklein-immobilien.de\/de\/wp-json\/wp\/v2\/product"}],"about":[{"href":"https:\/\/grossklein-immobilien.de\/de\/wp-json\/wp\/v2\/types\/product"}],"wp:featuredmedia":[{"embeddable":true,"href":"https:\/\/grossklein-immobilien.de\/de\/wp-json\/wp\/v2\/media\/18610"}],"wp:attachment":[{"href":"https:\/\/grossklein-immobilien.de\/de\/wp-json\/wp\/v2\/media?parent=18609"}],"wp:term":[{"taxonomy":"product_cat","embeddable":true,"href":"https:\/\/grossklein-immobilien.de\/de\/wp-json\/wp\/v2\/product_cat?post=18609"},{"taxonomy":"product_tag","embeddable":true,"href":"https:\/\/grossklein-immobilien.de\/de\/wp-json\/wp\/v2\/product_tag?post=18609"}],"curies":[{"name":"wp","href":"https:\/\/api.w.org\/{rel}","templated":true}]}}