{"id":20243,"date":"2021-10-05T14:15:11","date_gmt":"2021-10-05T12:15:11","guid":{"rendered":"https:\/\/grossklein-immobilien.de\/de\/?post_type=product&#038;p=20243"},"modified":"2024-01-26T12:40:45","modified_gmt":"2024-01-26T11:40:45","slug":"reihenendhaus-in-rudow","status":"publish","type":"product","link":"https:\/\/grossklein-immobilien.de\/de\/produkt\/reihenendhaus-in-rudow\/","title":{"rendered":"REIHENENDHAUS IN BERLIN-RUDOW"},"content":{"rendered":"<p style=\"text-align: justify;\">Das Objekt liegt im Berliner Ortsteil Rudow, im S\u00fcden von Berlin. Diese beliebte, westberliner Lage garantiert Ruhe und Natur zugleich, denn sie liegt nicht in der Ein- und Abflugschneise des neuen Flughafens BER. Die Nachbarschaft ist durch Einfamilien- und Doppelh\u00e4user gepr\u00e4gt. Eine direkte Anbindung an den U-Bahnhof Johannisthaler Chaussee und Rudow ist durch eine Buslinie (Bushaltestelle befindet sich 3 Ecken weiter)<br \/>\ngew\u00e4hrleistet. Den Autobahnzubringer \u201cJohannisthaler Chaussee\u201d, oder \u201cStubenrauchstra\u00dfe\u201d hat man in wenigen Minuten erreicht. Die Oskar-Heinroth-Grundschule, sowie das Sportbad Britz erreicht man fu\u00dfl\u00e4ufig.<\/p>\n<p>Ver\u00e4nderte Ausstattung zur Serienausstattung<\/p>\n<p>\u2022 Weglassen der Zwischenw\u00e4nde im 1. OG -&gt;<br \/>\n&nbsp;&nbsp; Schiebetrennwand zwischen zwei Zimmern<br \/>\n\u2022 Weglassen der Duschm\u00f6glichkeit im G\u00e4ste-WC<br \/>\n\u2022 zus\u00e4tzliche Wand zum Treppenhaus wg. Garderoben-Schiebeschrank setzen lassen<br \/>\n\u2022 Weiterf\u00fchren der Treppe zum Dachgeschoss<br \/>\n\u2022 Weiterf\u00fchren von Heizungs- und sanit\u00e4ren Versorgungsanschl\u00fcssen zum DG<br \/>\n\u2022 Badausstattung mit ausgesuchten Objekten (V&amp;B<br \/>\n&nbsp;&nbsp; Collani) und entspr. Fliesen<br \/>\n\u2022 Garagent\u00fcr zum Garten<br \/>\n\u2022 Dachgeschoss von innen ged\u00e4mmt<\/p>\n<p><strong>Weitere Ver\u00e4nderungen:<\/strong><\/p>\n<p>1986 Wintergarten statt Terrasse zzgl. Fundament<br \/>\nund Markise 1988&nbsp; \u2022 Dachbalkon umgebaut f\u00fcr zus\u00e4tzlichen Raum<br \/>\n\u2022 im 1. OG 4 Dachfl\u00e4chenfenster eingebaut \u2022 Dachgeschoss ausgebaut einschl. Nasszelle<br \/>\nmit Waschbecken, WC, Bidet und Dusche (Anschl\u00fcsse wurden 2013 stillgelegt, weil nicht<br \/>\nbenutzt), 1995 Neue \u00d6lheizung (Vissmann), 1999 Neue \u00d6ltanks (4000 l)<br \/>\n2008 \u2022 D\u00e4mmung der Fassade und Dach von au\u00dfen<br \/>\n(10 cm)<br \/>\n\u2022 Neue Dachfl\u00e4chenfenster \u00fcberall (Velux) mit<br \/>\nRolll\u00e4den<br \/>\n\u2022 Zus\u00e4tzliche Tritte f\u00fcr den Schornsteinfeger auf<br \/>\ndem Dach<\/p>\n<p>2009 Gartenhaus angebaut<br \/>\n2010 Alle \u00e4u\u00dferen Fensterscheiben auf 3fach-Verglasung ausgetauscht<br \/>\n2012 \u2022 Wasserz\u00e4hler im Garten (erneuert 2021)<br \/>\nFliegengitter an fast allen Fenstern<br \/>\n2016 Gartenzaun erneuert<br \/>\n2018 Neue K\u00fcche (von K\u00fcchen-Aktuell) komplett mit<br \/>\nallen Elektroger\u00e4ten, neue Zuleitungen<br \/>\n2019 Elektroantrieb f\u00fcr Garagentor<br \/>\n2020 Alle Heizk\u00f6rper im Haus erneuert (Ausnahme<br \/>\nDG und Waschmaschinenkeller), Zuleitungen<br \/>\ndurch Kupferrohr ersetzt<\/p>\n<p style=\"text-align: justify;\"><strong>\u00d6ffentliche Anbindung:<\/strong><\/p>\n<ul>\n<li>&#8211; U-Bahn Johannisthaler Chaussee 2 km<\/li>\n<li>&#8211; U-Bahn Rudow 2,8 km \u2022 S-Bahn Station Adlershof 5,4 km<\/li>\n<li>&#8211;&nbsp; Regional-Bahnhof Sch\u00f6nefeld in 6 km<\/li>\n<li>&#8211; Regional-Bahnhof Berlin-Hauptbahnhof 14,3 km<\/li>\n<li>-Autobahnanschluss Stubenrauchstra\u00dfe 1,5 km. Autobahnanschluss Johannisthaler Chaussee in 1 km<\/li>\n<li>&#8211; Flughafen Sch\u00f6nefeld in 6,2 km<\/li>\n<\/ul>\n<p>&nbsp;<\/p>\n<p>&nbsp;<\/p>\n","protected":false},"excerpt":{"rendered":"<p>Das Objekt liegt im Berliner Ortsteil Rudow, im S\u00fcden von Berlin. Diese beliebte, westberliner Lage garantiert Ruhe und Natur zugleich, denn sie liegt nicht in der Ein- und Abflugschneise des neuen Flughafens BER. Die Nachbarschaft ist durch Einfamilien- und Doppelh\u00e4user gepr\u00e4gt. Eine direkte Anbindung an den U-Bahnhof Johannisthaler Chaussee und Rudow ist durch eine Buslinie &hellip; <a href=\"https:\/\/grossklein-immobilien.de\/de\/produkt\/reihenendhaus-in-rudow\/\" class=\"more-link\"><span class=\"screen-reader-text\">REIHENENDHAUS IN BERLIN-RUDOW<\/span> weiterlesen <span class=\"meta-nav\">&rarr;<\/span><\/a><\/p>\n","protected":false},"featured_media":20244,"template":"","meta":{"_uag_custom_page_level_css":"","ngg_post_thumbnail":0},"product_cat":[453,26,422,426],"product_tag":[],"class_list":{"0":"post-20243","1":"product","2":"type-product","3":"status-publish","4":"has-post-thumbnail","6":"product_cat-berlin-rudow","7":"product_cat-einfamilienhaeuser","8":"product_cat-110-140","9":"product_cat-426","10":"pa_adresse-448","11":"pa_baujahr-452","12":"pa_courtage-357-vom-beurk-kaufpreis-2","13":"pa_grundstuecksflaeche-451","14":"pa_heizungsart-zentralheizung","15":"pa_objektzustand-renoviert","16":"pa_standort-12357-berlin","17":"pa_standort-berlin-rudow","18":"pa_wohnflaeche-450","19":"pa_zimmer-194","21":"first","22":"outofstock","23":"shipping-taxable","24":"purchasable","25":"product-type-simple"},"yoast_head":"<!-- This site is optimized with the Yoast SEO plugin v26.8 - https:\/\/yoast.com\/product\/yoast-seo-wordpress\/ -->\n<title>Reihenendhaus in Rudow mit Garage | Gross &amp; Klein Immobilien<\/title>\n<meta name=\"robots\" content=\"index, follow, max-snippet:-1, max-image-preview:large, max-video-preview:-1\" \/>\n<link rel=\"canonical\" href=\"https:\/\/grossklein-immobilien.de\/de\/produkt\/reihenendhaus-in-rudow\/\" \/>\n<meta property=\"og:locale\" content=\"de_DE\" \/>\n<meta property=\"og:type\" content=\"article\" \/>\n<meta property=\"og:title\" content=\"Reihenendhaus in Rudow mit Garage | Gross &amp; Klein Immobilien\" \/>\n<meta property=\"og:description\" content=\"Das Objekt liegt im Berliner Ortsteil Rudow, im S\u00fcden von Berlin. Diese beliebte, westberliner Lage garantiert Ruhe und Natur zugleich, denn sie liegt nicht in der Ein- und Abflugschneise des neuen Flughafens BER. Die Nachbarschaft ist durch Einfamilien- und Doppelh\u00e4user gepr\u00e4gt. Eine direkte Anbindung an den U-Bahnhof Johannisthaler Chaussee und Rudow ist durch eine Buslinie &hellip; REIHENENDHAUS IN BERLIN-RUDOW weiterlesen &rarr;\" \/>\n<meta property=\"og:url\" content=\"https:\/\/grossklein-immobilien.de\/de\/produkt\/reihenendhaus-in-rudow\/\" \/>\n<meta property=\"article:publisher\" content=\"https:\/\/www.facebook.com\/TOMIC-IMMOBILIEN-110945718988806\/\" \/>\n<meta property=\"article:modified_time\" content=\"2024-01-26T11:40:45+00:00\" \/>\n<meta property=\"og:image\" content=\"https:\/\/grossklein-immobilien.de\/de\/wp-content\/uploads\/2021\/10\/Hausansicht.jpg\" \/>\n\t<meta property=\"og:image:width\" content=\"1025\" \/>\n\t<meta property=\"og:image:height\" content=\"861\" \/>\n\t<meta property=\"og:image:type\" content=\"image\/jpeg\" \/>\n<meta name=\"twitter:card\" content=\"summary_large_image\" \/>\n<meta name=\"twitter:site\" content=\"@draz_tomic\" \/>\n<meta name=\"twitter:label1\" content=\"Gesch\u00e4tzte Lesezeit\" \/>\n\t<meta name=\"twitter:data1\" content=\"2\u00a0Minuten\" \/>\n<script type=\"application\/ld+json\" class=\"yoast-schema-graph\">{\"@context\":\"https:\/\/schema.org\",\"@graph\":[{\"@type\":\"WebPage\",\"@id\":\"https:\/\/grossklein-immobilien.de\/de\/produkt\/reihenendhaus-in-rudow\/\",\"url\":\"https:\/\/grossklein-immobilien.de\/de\/produkt\/reihenendhaus-in-rudow\/\",\"name\":\"Reihenendhaus in Rudow mit Garage | Gross & Klein Immobilien\",\"isPartOf\":{\"@id\":\"https:\/\/grossklein-immobilien.de\/de\/#website\"},\"primaryImageOfPage\":{\"@id\":\"https:\/\/grossklein-immobilien.de\/de\/produkt\/reihenendhaus-in-rudow\/#primaryimage\"},\"image\":{\"@id\":\"https:\/\/grossklein-immobilien.de\/de\/produkt\/reihenendhaus-in-rudow\/#primaryimage\"},\"thumbnailUrl\":\"https:\/\/grossklein-immobilien.de\/de\/wp-content\/uploads\/2021\/10\/Hausansicht-e1770149922748.jpg\",\"datePublished\":\"2021-10-05T12:15:11+00:00\",\"dateModified\":\"2024-01-26T11:40:45+00:00\",\"breadcrumb\":{\"@id\":\"https:\/\/grossklein-immobilien.de\/de\/produkt\/reihenendhaus-in-rudow\/#breadcrumb\"},\"inLanguage\":\"de\",\"potentialAction\":[{\"@type\":\"ReadAction\",\"target\":[\"https:\/\/grossklein-immobilien.de\/de\/produkt\/reihenendhaus-in-rudow\/\"]}]},{\"@type\":\"ImageObject\",\"inLanguage\":\"de\",\"@id\":\"https:\/\/grossklein-immobilien.de\/de\/produkt\/reihenendhaus-in-rudow\/#primaryimage\",\"url\":\"https:\/\/grossklein-immobilien.de\/de\/wp-content\/uploads\/2021\/10\/Hausansicht-e1770149922748.jpg\",\"contentUrl\":\"https:\/\/grossklein-immobilien.de\/de\/wp-content\/uploads\/2021\/10\/Hausansicht-e1770149922748.jpg\",\"width\":1025,\"height\":740,\"caption\":\"Idyllische Doppelhaush\u00e4lfte in Berlin-Rudow verkauft durch gross & Klein Immobilien\"},{\"@type\":\"BreadcrumbList\",\"@id\":\"https:\/\/grossklein-immobilien.de\/de\/produkt\/reihenendhaus-in-rudow\/#breadcrumb\",\"itemListElement\":[{\"@type\":\"ListItem\",\"position\":1,\"name\":\"Home\",\"item\":\"https:\/\/grossklein-immobilien.de\/de\/\"},{\"@type\":\"ListItem\",\"position\":2,\"name\":\"Immobilienangebote\",\"item\":\"https:\/\/grossklein-immobilien.de\/de\/immobilien-berlin\/\"},{\"@type\":\"ListItem\",\"position\":3,\"name\":\"REIHENENDHAUS IN BERLIN-RUDOW\"}]},{\"@type\":\"WebSite\",\"@id\":\"https:\/\/grossklein-immobilien.de\/de\/#website\",\"url\":\"https:\/\/grossklein-immobilien.de\/de\/\",\"name\":\"\",\"description\":\"\",\"potentialAction\":[{\"@type\":\"SearchAction\",\"target\":{\"@type\":\"EntryPoint\",\"urlTemplate\":\"https:\/\/grossklein-immobilien.de\/de\/?s={search_term_string}\"},\"query-input\":{\"@type\":\"PropertyValueSpecification\",\"valueRequired\":true,\"valueName\":\"search_term_string\"}}],\"inLanguage\":\"de\"}]}<\/script>\n<!-- \/ Yoast SEO plugin. -->","yoast_head_json":{"title":"Reihenendhaus in Rudow mit Garage | Gross & Klein Immobilien","robots":{"index":"index","follow":"follow","max-snippet":"max-snippet:-1","max-image-preview":"max-image-preview:large","max-video-preview":"max-video-preview:-1"},"canonical":"https:\/\/grossklein-immobilien.de\/de\/produkt\/reihenendhaus-in-rudow\/","og_locale":"de_DE","og_type":"article","og_title":"Reihenendhaus in Rudow mit Garage | Gross & Klein Immobilien","og_description":"Das Objekt liegt im Berliner Ortsteil Rudow, im S\u00fcden von Berlin. Diese beliebte, westberliner Lage garantiert Ruhe und Natur zugleich, denn sie liegt nicht in der Ein- und Abflugschneise des neuen Flughafens BER. Die Nachbarschaft ist durch Einfamilien- und Doppelh\u00e4user gepr\u00e4gt. Eine direkte Anbindung an den U-Bahnhof Johannisthaler Chaussee und Rudow ist durch eine Buslinie &hellip; REIHENENDHAUS IN BERLIN-RUDOW weiterlesen &rarr;","og_url":"https:\/\/grossklein-immobilien.de\/de\/produkt\/reihenendhaus-in-rudow\/","article_publisher":"https:\/\/www.facebook.com\/TOMIC-IMMOBILIEN-110945718988806\/","article_modified_time":"2024-01-26T11:40:45+00:00","og_image":[{"width":1025,"height":861,"url":"https:\/\/grossklein-immobilien.de\/de\/wp-content\/uploads\/2021\/10\/Hausansicht.jpg","type":"image\/jpeg"}],"twitter_card":"summary_large_image","twitter_site":"@draz_tomic","twitter_misc":{"Gesch\u00e4tzte Lesezeit":"2\u00a0Minuten"},"schema":{"@context":"https:\/\/schema.org","@graph":[{"@type":"WebPage","@id":"https:\/\/grossklein-immobilien.de\/de\/produkt\/reihenendhaus-in-rudow\/","url":"https:\/\/grossklein-immobilien.de\/de\/produkt\/reihenendhaus-in-rudow\/","name":"Reihenendhaus in Rudow mit Garage | Gross & Klein Immobilien","isPartOf":{"@id":"https:\/\/grossklein-immobilien.de\/de\/#website"},"primaryImageOfPage":{"@id":"https:\/\/grossklein-immobilien.de\/de\/produkt\/reihenendhaus-in-rudow\/#primaryimage"},"image":{"@id":"https:\/\/grossklein-immobilien.de\/de\/produkt\/reihenendhaus-in-rudow\/#primaryimage"},"thumbnailUrl":"https:\/\/grossklein-immobilien.de\/de\/wp-content\/uploads\/2021\/10\/Hausansicht-e1770149922748.jpg","datePublished":"2021-10-05T12:15:11+00:00","dateModified":"2024-01-26T11:40:45+00:00","breadcrumb":{"@id":"https:\/\/grossklein-immobilien.de\/de\/produkt\/reihenendhaus-in-rudow\/#breadcrumb"},"inLanguage":"de","potentialAction":[{"@type":"ReadAction","target":["https:\/\/grossklein-immobilien.de\/de\/produkt\/reihenendhaus-in-rudow\/"]}]},{"@type":"ImageObject","inLanguage":"de","@id":"https:\/\/grossklein-immobilien.de\/de\/produkt\/reihenendhaus-in-rudow\/#primaryimage","url":"https:\/\/grossklein-immobilien.de\/de\/wp-content\/uploads\/2021\/10\/Hausansicht-e1770149922748.jpg","contentUrl":"https:\/\/grossklein-immobilien.de\/de\/wp-content\/uploads\/2021\/10\/Hausansicht-e1770149922748.jpg","width":1025,"height":740,"caption":"Idyllische Doppelhaush\u00e4lfte in Berlin-Rudow verkauft durch gross & Klein Immobilien"},{"@type":"BreadcrumbList","@id":"https:\/\/grossklein-immobilien.de\/de\/produkt\/reihenendhaus-in-rudow\/#breadcrumb","itemListElement":[{"@type":"ListItem","position":1,"name":"Home","item":"https:\/\/grossklein-immobilien.de\/de\/"},{"@type":"ListItem","position":2,"name":"Immobilienangebote","item":"https:\/\/grossklein-immobilien.de\/de\/immobilien-berlin\/"},{"@type":"ListItem","position":3,"name":"REIHENENDHAUS IN BERLIN-RUDOW"}]},{"@type":"WebSite","@id":"https:\/\/grossklein-immobilien.de\/de\/#website","url":"https:\/\/grossklein-immobilien.de\/de\/","name":"","description":"","potentialAction":[{"@type":"SearchAction","target":{"@type":"EntryPoint","urlTemplate":"https:\/\/grossklein-immobilien.de\/de\/?s={search_term_string}"},"query-input":{"@type":"PropertyValueSpecification","valueRequired":true,"valueName":"search_term_string"}}],"inLanguage":"de"}]}},"uagb_featured_image_src":{"full":["https:\/\/grossklein-immobilien.de\/de\/wp-content\/uploads\/2021\/10\/Hausansicht-e1770149922748.jpg",1025,740,false],"thumbnail":["https:\/\/grossklein-immobilien.de\/de\/wp-content\/uploads\/2021\/10\/Hausansicht-e1770149922748-150x150.jpg",150,150,true],"medium":["https:\/\/grossklein-immobilien.de\/de\/wp-content\/uploads\/2021\/10\/Hausansicht-e1770149922748-300x217.jpg",300,217,true],"medium_large":["https:\/\/grossklein-immobilien.de\/de\/wp-content\/uploads\/2021\/10\/Hausansicht-e1770149922748.jpg",1025,740,false],"large":["https:\/\/grossklein-immobilien.de\/de\/wp-content\/uploads\/2021\/10\/Hausansicht-e1770149922748.jpg",604,436,false],"1536x1536":["https:\/\/grossklein-immobilien.de\/de\/wp-content\/uploads\/2021\/10\/Hausansicht-e1770149922748.jpg",1025,740,false],"2048x2048":["https:\/\/grossklein-immobilien.de\/de\/wp-content\/uploads\/2021\/10\/Hausansicht-e1770149922748.jpg",1025,740,false],"post-thumbnail":["https:\/\/grossklein-immobilien.de\/de\/wp-content\/uploads\/2021\/10\/Hausansicht-e1770149922748-604x270.jpg",604,270,true],"woocommerce_thumbnail":["https:\/\/grossklein-immobilien.de\/de\/wp-content\/uploads\/2021\/10\/Hausansicht-e1770149922748-300x300.jpg",300,300,true],"woocommerce_single":["https:\/\/grossklein-immobilien.de\/de\/wp-content\/uploads\/2021\/10\/Hausansicht-e1770149922748.jpg",1025,740,false],"woocommerce_gallery_thumbnail":["https:\/\/grossklein-immobilien.de\/de\/wp-content\/uploads\/2021\/10\/Hausansicht-e1770149922748-100x100.jpg",100,100,true]},"uagb_author_info":{"display_name":"Drazan Tomic","author_link":"https:\/\/grossklein-immobilien.de\/de\/author\/"},"uagb_comment_info":0,"uagb_excerpt":"Das Objekt liegt im Berliner Ortsteil Rudow, im S\u00fcden von Berlin. Diese beliebte, westberliner Lage garantiert Ruhe und Natur zugleich, denn sie liegt nicht in der Ein- und Abflugschneise des neuen Flughafens BER. Die Nachbarschaft ist durch Einfamilien- und Doppelh\u00e4user gepr\u00e4gt. Eine direkte Anbindung an den U-Bahnhof Johannisthaler Chaussee und Rudow ist durch eine Buslinie&hellip;","_links":{"self":[{"href":"https:\/\/grossklein-immobilien.de\/de\/wp-json\/wp\/v2\/product\/20243","targetHints":{"allow":["GET"]}}],"collection":[{"href":"https:\/\/grossklein-immobilien.de\/de\/wp-json\/wp\/v2\/product"}],"about":[{"href":"https:\/\/grossklein-immobilien.de\/de\/wp-json\/wp\/v2\/types\/product"}],"wp:featuredmedia":[{"embeddable":true,"href":"https:\/\/grossklein-immobilien.de\/de\/wp-json\/wp\/v2\/media\/20244"}],"wp:attachment":[{"href":"https:\/\/grossklein-immobilien.de\/de\/wp-json\/wp\/v2\/media?parent=20243"}],"wp:term":[{"taxonomy":"product_cat","embeddable":true,"href":"https:\/\/grossklein-immobilien.de\/de\/wp-json\/wp\/v2\/product_cat?post=20243"},{"taxonomy":"product_tag","embeddable":true,"href":"https:\/\/grossklein-immobilien.de\/de\/wp-json\/wp\/v2\/product_tag?post=20243"}],"curies":[{"name":"wp","href":"https:\/\/api.w.org\/{rel}","templated":true}]}}