{"id":21059,"date":"2021-11-30T16:23:06","date_gmt":"2021-11-30T15:23:06","guid":{"rendered":"https:\/\/grossklein-immobilien.de\/de\/?post_type=product&#038;p=21059"},"modified":"2026-02-06T08:41:50","modified_gmt":"2026-02-06T07:41:50","slug":"altbauwohnung-im-guentzelkiez-in-berlin-wilmersdorf","status":"publish","type":"product","link":"https:\/\/grossklein-immobilien.de\/de\/produkt\/altbauwohnung-im-guentzelkiez-in-berlin-wilmersdorf\/","title":{"rendered":"SCH\u00d6NE ALTBAUWOHNUNG IM G\u00dcNTZELKIEZ IN BERLIN-WILMERSDORF"},"content":{"rendered":"<p style=\"text-align: justify;\">Bei diesem Objekt handelt sich um einen wundersch\u00f6nen Stuckaltbau, der in 1900 erbaut wurde und in 2015 saniert wurde. Im Rahmen der Sanierung wurden die Str\u00e4nge und das Dach erneuert, neue Kunstoff-Fenster wurden verbaut. Au\u00dferdem wurden die Keller neu isoliert und eine neue Gas-Zentralheizung wurde installiert.<\/p>\n<p style=\"text-align: justify;\">Ausstattung:<\/p>\n<p style=\"text-align: justify;\">Diese liebevoll renovierte Altbauwohnung binden sich im 1.OG in einer ruhigen Seitenstrasse in Bestlage von Berlin-Wilmersdorf. Die Wohnung wurde in 2018 von den Eigent\u00fcmern komplett renoviert. Bei der Renovierung hat die Wohnk\u00fcche sch\u00f6ne, neu Fliesen erhalten. Die W\u00e4nde wurden feinverputzt und der altbautypische Dielenboden im Schlafzimmer hat neuen Glanz erhalten. Das Badezimmer ist neu mit Marmorfliesen geflie\u00dft worden und mit einer Komfortdusche ausgestattet. In der kompletten Wohnung befinden sich neue Kunststofffenster, die im Rahmen der Sanierung in 2015 neu eingebaut wurden. Die gro\u00dfe Wohnk\u00fcche ist der zentrale Ort und ist mit einer neuwertigen Einbauk\u00fcche komplett ausgestattet. Die Wohnung verf\u00fcgt zus\u00e4tzlich \u00fcber einen Abstellraum, der z.Z. als kleines Arbeitszimmer genutzt wird. Im Schlafzimmer befindet sich au\u00dferdem ein gro\u00dfes Hochbett was zus\u00e4tzlichen Schlafplatz bietet. Das aktuelle Wohngeld betr\u00e4gt monatlich ca. 216\u20ac. Ein Balkon kann laut Aussage der Eigent\u00fcmer nachtr\u00e4glich angebaut werden!<\/p>\n<p style=\"text-align: justify;\">Lage:<\/p>\n<p style=\"text-align: justify;\">Die angebotene Wohnung befindet sich in einem sehr beliebten Kiez zwischen der G\u00fcntzelstrasse und der Uhlandstrasse gelegen. Die U-Bahnstation G\u00fcntzelstrasse ist in wenigen Minuten bequem zu Fu\u00df zu erreichen und sorgt f\u00fcr eine ideale Anbindung an die \u00f6ffentlichen Verkehrsmittel. Mit dem PKW erreicht man z.B. in weniger als zehn Minuten den Kurf\u00fcrstendamm sowie den n\u00e4chsten Anschlu\u00df an die Stadtautobahn am Hohenzollerdamm. Viele Gesch\u00e4fte des t\u00e4gliche Bedarfs, Caf\u00e9s und gute Restaurants befinden sich in unmittelbarer N\u00e4he und sorgen f\u00fcr eine hohe Wohnqualit\u00e4t in dieser top Lage.<\/p>\n<p>Vermittelt von Gross &amp; Klein Immobilien, Ihrem <a href=\"https:\/\/grossklein-immobilien.de\/de\/immobilienmakler-berlin-wilmersdorf\/\">Immobilienmakler Berlin-Wilmersdorf<\/a>.<\/p>\n","protected":false},"excerpt":{"rendered":"<p>Es handlt sich bei diesem Angebot um eine renovierte Altbauwohnung in Bestlage.<\/p>\n","protected":false},"featured_media":21066,"template":"","meta":{"_uag_custom_page_level_css":"","ngg_post_thumbnail":0},"product_cat":[24,301,420,415],"product_tag":[],"class_list":{"0":"post-21059","1":"product","2":"type-product","3":"status-publish","4":"has-post-thumbnail","6":"product_cat-eigentumswohnungen","7":"product_cat-berlin-wilmersdorf","8":"product_cat-40-70","9":"product_cat-415","10":"pa_adresse-455","11":"pa_baujahr-247","12":"pa_befeuerung-gas","13":"pa_courtage-357-vom-beurk-kaufpreis-2","14":"pa_etage-1-og-2","15":"pa_etagen-237","16":"pa_heizungsart-zentralheizung","17":"pa_lage-1-og","18":"pa_objektzustand-renoviert","19":"pa_standort-berlin-wilmersdorf","20":"pa_wohnflaeche-454","21":"pa_zimmer-52","23":"first","24":"outofstock","25":"shipping-taxable","26":"purchasable","27":"product-type-simple"},"yoast_head":"<!-- This site is optimized with the Yoast SEO plugin v26.8 - https:\/\/yoast.com\/product\/yoast-seo-wordpress\/ -->\n<title>Altbauwohnung im G\u00fcntzelkiez in Berlin-Wilmersdorf | Gross &amp; Klein<\/title>\n<meta name=\"description\" content=\"Sch\u00f6ne Altbauwohnung im G\u00fcntzelkiez in Berlin-Wilmersdorf zum Verkauf. Bestlage von City-West zwischen Uhland -und G\u00fcntzelstrasse gelegen.\" \/>\n<meta name=\"robots\" content=\"index, follow, max-snippet:-1, max-image-preview:large, max-video-preview:-1\" \/>\n<link rel=\"canonical\" href=\"https:\/\/grossklein-immobilien.de\/de\/produkt\/altbauwohnung-im-guentzelkiez-in-berlin-wilmersdorf\/\" \/>\n<meta property=\"og:locale\" content=\"de_DE\" \/>\n<meta property=\"og:type\" content=\"article\" \/>\n<meta property=\"og:title\" content=\"Altbauwohnung im G\u00fcntzelkiez in Berlin-Wilmersdorf | Gross &amp; Klein\" \/>\n<meta property=\"og:description\" content=\"Sch\u00f6ne Altbauwohnung im G\u00fcntzelkiez in Berlin-Wilmersdorf zum Verkauf. Bestlage von City-West zwischen Uhland -und G\u00fcntzelstrasse gelegen.\" \/>\n<meta property=\"og:url\" content=\"https:\/\/grossklein-immobilien.de\/de\/produkt\/altbauwohnung-im-guentzelkiez-in-berlin-wilmersdorf\/\" \/>\n<meta property=\"article:publisher\" content=\"https:\/\/www.facebook.com\/TOMIC-IMMOBILIEN-110945718988806\/\" \/>\n<meta property=\"article:modified_time\" content=\"2026-02-06T07:41:50+00:00\" \/>\n<meta property=\"og:image\" content=\"https:\/\/grossklein-immobilien.de\/de\/wp-content\/uploads\/2021\/11\/Wohnkueche-02-scaled.jpg\" \/>\n\t<meta property=\"og:image:width\" content=\"1920\" \/>\n\t<meta property=\"og:image:height\" content=\"1280\" \/>\n\t<meta property=\"og:image:type\" content=\"image\/jpeg\" \/>\n<meta name=\"twitter:card\" content=\"summary_large_image\" \/>\n<meta name=\"twitter:site\" content=\"@draz_tomic\" \/>\n<meta name=\"twitter:label1\" content=\"Gesch\u00e4tzte Lesezeit\" \/>\n\t<meta name=\"twitter:data1\" content=\"2\u00a0Minuten\" \/>\n<script type=\"application\/ld+json\" class=\"yoast-schema-graph\">{\"@context\":\"https:\/\/schema.org\",\"@graph\":[{\"@type\":\"WebPage\",\"@id\":\"https:\/\/grossklein-immobilien.de\/de\/produkt\/altbauwohnung-im-guentzelkiez-in-berlin-wilmersdorf\/\",\"url\":\"https:\/\/grossklein-immobilien.de\/de\/produkt\/altbauwohnung-im-guentzelkiez-in-berlin-wilmersdorf\/\",\"name\":\"Altbauwohnung im G\u00fcntzelkiez in Berlin-Wilmersdorf | Gross & Klein\",\"isPartOf\":{\"@id\":\"https:\/\/grossklein-immobilien.de\/de\/#website\"},\"primaryImageOfPage\":{\"@id\":\"https:\/\/grossklein-immobilien.de\/de\/produkt\/altbauwohnung-im-guentzelkiez-in-berlin-wilmersdorf\/#primaryimage\"},\"image\":{\"@id\":\"https:\/\/grossklein-immobilien.de\/de\/produkt\/altbauwohnung-im-guentzelkiez-in-berlin-wilmersdorf\/#primaryimage\"},\"thumbnailUrl\":\"https:\/\/grossklein-immobilien.de\/de\/wp-content\/uploads\/2021\/11\/Wohnkueche-02-scaled.jpg\",\"datePublished\":\"2021-11-30T15:23:06+00:00\",\"dateModified\":\"2026-02-06T07:41:50+00:00\",\"description\":\"Sch\u00f6ne Altbauwohnung im G\u00fcntzelkiez in Berlin-Wilmersdorf zum Verkauf. Bestlage von City-West zwischen Uhland -und G\u00fcntzelstrasse gelegen.\",\"breadcrumb\":{\"@id\":\"https:\/\/grossklein-immobilien.de\/de\/produkt\/altbauwohnung-im-guentzelkiez-in-berlin-wilmersdorf\/#breadcrumb\"},\"inLanguage\":\"de\",\"potentialAction\":[{\"@type\":\"ReadAction\",\"target\":[\"https:\/\/grossklein-immobilien.de\/de\/produkt\/altbauwohnung-im-guentzelkiez-in-berlin-wilmersdorf\/\"]}]},{\"@type\":\"ImageObject\",\"inLanguage\":\"de\",\"@id\":\"https:\/\/grossklein-immobilien.de\/de\/produkt\/altbauwohnung-im-guentzelkiez-in-berlin-wilmersdorf\/#primaryimage\",\"url\":\"https:\/\/grossklein-immobilien.de\/de\/wp-content\/uploads\/2021\/11\/Wohnkueche-02-scaled.jpg\",\"contentUrl\":\"https:\/\/grossklein-immobilien.de\/de\/wp-content\/uploads\/2021\/11\/Wohnkueche-02-scaled.jpg\",\"width\":1920,\"height\":1280},{\"@type\":\"BreadcrumbList\",\"@id\":\"https:\/\/grossklein-immobilien.de\/de\/produkt\/altbauwohnung-im-guentzelkiez-in-berlin-wilmersdorf\/#breadcrumb\",\"itemListElement\":[{\"@type\":\"ListItem\",\"position\":1,\"name\":\"Home\",\"item\":\"https:\/\/grossklein-immobilien.de\/de\/\"},{\"@type\":\"ListItem\",\"position\":2,\"name\":\"Immobilienangebote\",\"item\":\"https:\/\/grossklein-immobilien.de\/de\/immobilien-berlin\/\"},{\"@type\":\"ListItem\",\"position\":3,\"name\":\"SCH\u00d6NE ALTBAUWOHNUNG IM G\u00dcNTZELKIEZ IN BERLIN-WILMERSDORF\"}]},{\"@type\":\"WebSite\",\"@id\":\"https:\/\/grossklein-immobilien.de\/de\/#website\",\"url\":\"https:\/\/grossklein-immobilien.de\/de\/\",\"name\":\"\",\"description\":\"\",\"potentialAction\":[{\"@type\":\"SearchAction\",\"target\":{\"@type\":\"EntryPoint\",\"urlTemplate\":\"https:\/\/grossklein-immobilien.de\/de\/?s={search_term_string}\"},\"query-input\":{\"@type\":\"PropertyValueSpecification\",\"valueRequired\":true,\"valueName\":\"search_term_string\"}}],\"inLanguage\":\"de\"}]}<\/script>\n<!-- \/ Yoast SEO plugin. -->","yoast_head_json":{"title":"Altbauwohnung im G\u00fcntzelkiez in Berlin-Wilmersdorf | Gross & Klein","description":"Sch\u00f6ne Altbauwohnung im G\u00fcntzelkiez in Berlin-Wilmersdorf zum Verkauf. Bestlage von City-West zwischen Uhland -und G\u00fcntzelstrasse gelegen.","robots":{"index":"index","follow":"follow","max-snippet":"max-snippet:-1","max-image-preview":"max-image-preview:large","max-video-preview":"max-video-preview:-1"},"canonical":"https:\/\/grossklein-immobilien.de\/de\/produkt\/altbauwohnung-im-guentzelkiez-in-berlin-wilmersdorf\/","og_locale":"de_DE","og_type":"article","og_title":"Altbauwohnung im G\u00fcntzelkiez in Berlin-Wilmersdorf | Gross & Klein","og_description":"Sch\u00f6ne Altbauwohnung im G\u00fcntzelkiez in Berlin-Wilmersdorf zum Verkauf. Bestlage von City-West zwischen Uhland -und G\u00fcntzelstrasse gelegen.","og_url":"https:\/\/grossklein-immobilien.de\/de\/produkt\/altbauwohnung-im-guentzelkiez-in-berlin-wilmersdorf\/","article_publisher":"https:\/\/www.facebook.com\/TOMIC-IMMOBILIEN-110945718988806\/","article_modified_time":"2026-02-06T07:41:50+00:00","og_image":[{"width":1920,"height":1280,"url":"https:\/\/grossklein-immobilien.de\/de\/wp-content\/uploads\/2021\/11\/Wohnkueche-02-scaled.jpg","type":"image\/jpeg"}],"twitter_card":"summary_large_image","twitter_site":"@draz_tomic","twitter_misc":{"Gesch\u00e4tzte Lesezeit":"2\u00a0Minuten"},"schema":{"@context":"https:\/\/schema.org","@graph":[{"@type":"WebPage","@id":"https:\/\/grossklein-immobilien.de\/de\/produkt\/altbauwohnung-im-guentzelkiez-in-berlin-wilmersdorf\/","url":"https:\/\/grossklein-immobilien.de\/de\/produkt\/altbauwohnung-im-guentzelkiez-in-berlin-wilmersdorf\/","name":"Altbauwohnung im G\u00fcntzelkiez in Berlin-Wilmersdorf | Gross & Klein","isPartOf":{"@id":"https:\/\/grossklein-immobilien.de\/de\/#website"},"primaryImageOfPage":{"@id":"https:\/\/grossklein-immobilien.de\/de\/produkt\/altbauwohnung-im-guentzelkiez-in-berlin-wilmersdorf\/#primaryimage"},"image":{"@id":"https:\/\/grossklein-immobilien.de\/de\/produkt\/altbauwohnung-im-guentzelkiez-in-berlin-wilmersdorf\/#primaryimage"},"thumbnailUrl":"https:\/\/grossklein-immobilien.de\/de\/wp-content\/uploads\/2021\/11\/Wohnkueche-02-scaled.jpg","datePublished":"2021-11-30T15:23:06+00:00","dateModified":"2026-02-06T07:41:50+00:00","description":"Sch\u00f6ne Altbauwohnung im G\u00fcntzelkiez in Berlin-Wilmersdorf zum Verkauf. Bestlage von City-West zwischen Uhland -und G\u00fcntzelstrasse gelegen.","breadcrumb":{"@id":"https:\/\/grossklein-immobilien.de\/de\/produkt\/altbauwohnung-im-guentzelkiez-in-berlin-wilmersdorf\/#breadcrumb"},"inLanguage":"de","potentialAction":[{"@type":"ReadAction","target":["https:\/\/grossklein-immobilien.de\/de\/produkt\/altbauwohnung-im-guentzelkiez-in-berlin-wilmersdorf\/"]}]},{"@type":"ImageObject","inLanguage":"de","@id":"https:\/\/grossklein-immobilien.de\/de\/produkt\/altbauwohnung-im-guentzelkiez-in-berlin-wilmersdorf\/#primaryimage","url":"https:\/\/grossklein-immobilien.de\/de\/wp-content\/uploads\/2021\/11\/Wohnkueche-02-scaled.jpg","contentUrl":"https:\/\/grossklein-immobilien.de\/de\/wp-content\/uploads\/2021\/11\/Wohnkueche-02-scaled.jpg","width":1920,"height":1280},{"@type":"BreadcrumbList","@id":"https:\/\/grossklein-immobilien.de\/de\/produkt\/altbauwohnung-im-guentzelkiez-in-berlin-wilmersdorf\/#breadcrumb","itemListElement":[{"@type":"ListItem","position":1,"name":"Home","item":"https:\/\/grossklein-immobilien.de\/de\/"},{"@type":"ListItem","position":2,"name":"Immobilienangebote","item":"https:\/\/grossklein-immobilien.de\/de\/immobilien-berlin\/"},{"@type":"ListItem","position":3,"name":"SCH\u00d6NE ALTBAUWOHNUNG IM G\u00dcNTZELKIEZ IN BERLIN-WILMERSDORF"}]},{"@type":"WebSite","@id":"https:\/\/grossklein-immobilien.de\/de\/#website","url":"https:\/\/grossklein-immobilien.de\/de\/","name":"","description":"","potentialAction":[{"@type":"SearchAction","target":{"@type":"EntryPoint","urlTemplate":"https:\/\/grossklein-immobilien.de\/de\/?s={search_term_string}"},"query-input":{"@type":"PropertyValueSpecification","valueRequired":true,"valueName":"search_term_string"}}],"inLanguage":"de"}]}},"uagb_featured_image_src":{"full":["https:\/\/grossklein-immobilien.de\/de\/wp-content\/uploads\/2021\/11\/Wohnkueche-02-scaled.jpg",1920,1280,false],"thumbnail":["https:\/\/grossklein-immobilien.de\/de\/wp-content\/uploads\/2021\/11\/Wohnkueche-02-scaled.jpg",150,100,false],"medium":["https:\/\/grossklein-immobilien.de\/de\/wp-content\/uploads\/2021\/11\/Wohnkueche-02-scaled.jpg",300,200,false],"medium_large":["https:\/\/grossklein-immobilien.de\/de\/wp-content\/uploads\/2021\/11\/Wohnkueche-02-scaled.jpg",1920,1280,false],"large":["https:\/\/grossklein-immobilien.de\/de\/wp-content\/uploads\/2021\/11\/Wohnkueche-02-scaled.jpg",604,403,false],"1536x1536":["https:\/\/grossklein-immobilien.de\/de\/wp-content\/uploads\/2021\/11\/Wohnkueche-02-scaled.jpg",1536,1024,false],"2048x2048":["https:\/\/grossklein-immobilien.de\/de\/wp-content\/uploads\/2021\/11\/Wohnkueche-02-scaled.jpg",1920,1280,false],"post-thumbnail":["https:\/\/grossklein-immobilien.de\/de\/wp-content\/uploads\/2021\/11\/Wohnkueche-02-scaled.jpg",405,270,false],"woocommerce_thumbnail":["https:\/\/grossklein-immobilien.de\/de\/wp-content\/uploads\/2021\/11\/Wohnkueche-02-scaled-300x300.jpg",300,300,true],"woocommerce_single":["https:\/\/grossklein-immobilien.de\/de\/wp-content\/uploads\/2021\/11\/Wohnkueche-02-scaled-1200x800.jpg",1200,800,true],"woocommerce_gallery_thumbnail":["https:\/\/grossklein-immobilien.de\/de\/wp-content\/uploads\/2021\/11\/Wohnkueche-02-scaled-100x100.jpg",100,100,true]},"uagb_author_info":{"display_name":"Drazan Tomic","author_link":"https:\/\/grossklein-immobilien.de\/de\/author\/"},"uagb_comment_info":0,"uagb_excerpt":"Es handlt sich bei diesem Angebot um eine renovierte Altbauwohnung in Bestlage.","_links":{"self":[{"href":"https:\/\/grossklein-immobilien.de\/de\/wp-json\/wp\/v2\/product\/21059","targetHints":{"allow":["GET"]}}],"collection":[{"href":"https:\/\/grossklein-immobilien.de\/de\/wp-json\/wp\/v2\/product"}],"about":[{"href":"https:\/\/grossklein-immobilien.de\/de\/wp-json\/wp\/v2\/types\/product"}],"wp:featuredmedia":[{"embeddable":true,"href":"https:\/\/grossklein-immobilien.de\/de\/wp-json\/wp\/v2\/media\/21066"}],"wp:attachment":[{"href":"https:\/\/grossklein-immobilien.de\/de\/wp-json\/wp\/v2\/media?parent=21059"}],"wp:term":[{"taxonomy":"product_cat","embeddable":true,"href":"https:\/\/grossklein-immobilien.de\/de\/wp-json\/wp\/v2\/product_cat?post=21059"},{"taxonomy":"product_tag","embeddable":true,"href":"https:\/\/grossklein-immobilien.de\/de\/wp-json\/wp\/v2\/product_tag?post=21059"}],"curies":[{"name":"wp","href":"https:\/\/api.w.org\/{rel}","templated":true}]}}