{"id":25468,"date":"2022-06-01T17:47:17","date_gmt":"2022-06-01T15:47:17","guid":{"rendered":"https:\/\/grossklein-immobilien.de\/de\/?post_type=product&#038;p=25468"},"modified":"2024-10-15T11:25:03","modified_gmt":"2024-10-15T09:25:03","slug":"wohngrundstueck-in-wedding","status":"publish","type":"product","link":"https:\/\/grossklein-immobilien.de\/de\/produkt\/wohngrundstueck-in-wedding\/","title":{"rendered":"WOHNGRUNDST\u00dcCK MIT KLEINER DHH IN WEDDING"},"content":{"rendered":"<p>Es handelt sich hierbei um eine kleine Doppelhaush\u00e4lfte im Afrikanischen Viertel in Wedding, die ca. 1920 erbaut wurde. Nach dem jetztigen Zustand und dem aktuellen Wohnstandard empfielt es sich auf diesem Grundst\u00fcck eher eine neue DPHH zu erbauen.<\/p>\n<p>Ausschtattung:<\/p>\n<p>+ BERLIN-WEDDING<br \/>\n+ RUHIGE WOHNLAGE<br \/>\n+ SEITENSTRASSE<br \/>\n+ GRUNDST\u00dcCK MIT 480m\u00b2<br \/>\n+ KLEINES HAUS MIT ca. 56 m\u00b2 WOHNFL\u00c4CHE<br \/>\n+ UMLIEGENDE GRUNDST\u00dcCKE SIND \u00dcBERWIEGEND MIT WOHNH\u00c4USERN BEBAUT<br \/>\n+ LAUT FL\u00c4CHENNUTZUNGSPLAN VON BERLIN IST DAS GRUNDST\u00dcCK ALS WOHNBAUFL\u00c4CHE W4 (GFZ 0,4) DARGESTELLT<br \/>\n+ DEMNACH BEBAUUNG VON 192 m\u00b2 BRUTTOGESCHOSSFL\u00c4CHE (BGF) BZW. MIT ca. 140 m\u00b2 NUTZFL\u00c4CHE M\u00d6GLICH<br \/>\n+ ZH (GAS)<\/p>\n<p>Lage:<\/p>\n<p>Das Grundst\u00fcck bzw. das Objekt befindet sich im Ortsteil Wedding. Die Entfernung zu Berlins Mitte (Brandenburger Tor) betr\u00e4gt ca. 4,5 km, zur City-West (Breitscheidplatz) ca. 4,9 km und zur City-Ost (Alexanderplatz) ca. 5,8 km. Die Anbindung an die \u00f6ffentlichen Verkehrsmittel ist durch diverse Buslinien, die Tram und die U-Bahnstation an der Seestr. \/Amrumer Str. optimal gegeben.<\/p>\n","protected":false},"excerpt":{"rendered":"<p>Es handelt sich hierbei um eine kleine Doppelhaush\u00e4lfte im Afrikanischen Viertel in Wedding, die ca. 1920 erbaut wurde. Nach dem jetztigen Zustand und dem aktuellen Wohnstandard empfielt es sich auf diesem Grundst\u00fcck eher eine neue DPHH zu erbauen. Ausschtattung: + BERLIN-WEDDING + RUHIGE WOHNLAGE + SEITENSTRASSE + GRUNDST\u00dcCK MIT 480m\u00b2 + KLEINES HAUS MIT ca. &hellip; <a href=\"https:\/\/grossklein-immobilien.de\/de\/produkt\/wohngrundstueck-in-wedding\/\" class=\"more-link\"><span class=\"screen-reader-text\">WOHNGRUNDST\u00dcCK MIT KLEINER DHH IN WEDDING<\/span> weiterlesen <span class=\"meta-nav\">&rarr;<\/span><\/a><\/p>\n","protected":false},"featured_media":25469,"template":"","meta":{"_uag_custom_page_level_css":"","ngg_post_thumbnail":0},"product_cat":[557,26,294],"product_tag":[],"class_list":{"0":"post-25468","1":"product","2":"type-product","3":"status-publish","4":"has-post-thumbnail","6":"product_cat-berlin-wedding","7":"product_cat-einfamilienhaeuser","8":"product_cat-grundstuecke","9":"pa_adresse-13351-berlin","10":"pa_baujahr-147","11":"pa_courtage-357-vom-beurk-kaufpreis-2","12":"pa_grundstuecksflaeche-558","13":"pa_objektzustand-abbruchsreif","14":"pa_standort-berlin-wedding","15":"pa_wohnflaeche-454","17":"first","18":"outofstock","19":"shipping-taxable","20":"purchasable","21":"product-type-simple"},"yoast_head":"<!-- This site is optimized with the Yoast SEO plugin v26.8 - https:\/\/yoast.com\/product\/yoast-seo-wordpress\/ -->\n<title>Wohngrundst\u00fcck in Wedding f\u00fcr neue Doppelhaush\u00e4lfte - Gross &amp; Klein<\/title>\n<meta name=\"description\" content=\"Wohngrundst\u00fcck in Wedding f\u00fcr neue Doppelhaush\u00e4lfte in ruhiger Wohnlage unweit U-Bahnstation Amrumer Strasse und der Seestrasse.\" \/>\n<meta name=\"robots\" content=\"index, follow, max-snippet:-1, max-image-preview:large, max-video-preview:-1\" \/>\n<link rel=\"canonical\" href=\"https:\/\/grossklein-immobilien.de\/de\/produkt\/wohngrundstueck-in-wedding\/\" \/>\n<meta property=\"og:locale\" content=\"de_DE\" \/>\n<meta property=\"og:type\" content=\"article\" \/>\n<meta property=\"og:title\" content=\"Wohngrundst\u00fcck in Wedding f\u00fcr neue Doppelhaush\u00e4lfte - Gross &amp; Klein\" \/>\n<meta property=\"og:description\" content=\"Wohngrundst\u00fcck in Wedding f\u00fcr neue Doppelhaush\u00e4lfte in ruhiger Wohnlage unweit U-Bahnstation Amrumer Strasse und der Seestrasse.\" \/>\n<meta property=\"og:url\" content=\"https:\/\/grossklein-immobilien.de\/de\/produkt\/wohngrundstueck-in-wedding\/\" \/>\n<meta property=\"article:publisher\" content=\"https:\/\/www.facebook.com\/TOMIC-IMMOBILIEN-110945718988806\/\" \/>\n<meta property=\"article:modified_time\" content=\"2024-10-15T09:25:03+00:00\" \/>\n<meta property=\"og:image\" content=\"https:\/\/grossklein-immobilien.de\/de\/wp-content\/uploads\/2022\/06\/IMG_5415.jpg\" \/>\n\t<meta property=\"og:image:width\" content=\"604\" \/>\n\t<meta property=\"og:image:height\" content=\"403\" \/>\n\t<meta property=\"og:image:type\" content=\"image\/jpeg\" \/>\n<meta name=\"twitter:card\" content=\"summary_large_image\" \/>\n<meta name=\"twitter:site\" content=\"@draz_tomic\" \/>\n<meta name=\"twitter:label1\" content=\"Gesch\u00e4tzte Lesezeit\" \/>\n\t<meta name=\"twitter:data1\" content=\"2\u00a0Minuten\" \/>\n<script type=\"application\/ld+json\" class=\"yoast-schema-graph\">{\"@context\":\"https:\/\/schema.org\",\"@graph\":[{\"@type\":\"WebPage\",\"@id\":\"https:\/\/grossklein-immobilien.de\/de\/produkt\/wohngrundstueck-in-wedding\/\",\"url\":\"https:\/\/grossklein-immobilien.de\/de\/produkt\/wohngrundstueck-in-wedding\/\",\"name\":\"Wohngrundst\u00fcck in Wedding f\u00fcr neue Doppelhaush\u00e4lfte - Gross & Klein\",\"isPartOf\":{\"@id\":\"https:\/\/grossklein-immobilien.de\/de\/#website\"},\"primaryImageOfPage\":{\"@id\":\"https:\/\/grossklein-immobilien.de\/de\/produkt\/wohngrundstueck-in-wedding\/#primaryimage\"},\"image\":{\"@id\":\"https:\/\/grossklein-immobilien.de\/de\/produkt\/wohngrundstueck-in-wedding\/#primaryimage\"},\"thumbnailUrl\":\"https:\/\/grossklein-immobilien.de\/de\/wp-content\/uploads\/2022\/06\/IMG_5415.jpg\",\"datePublished\":\"2022-06-01T15:47:17+00:00\",\"dateModified\":\"2024-10-15T09:25:03+00:00\",\"description\":\"Wohngrundst\u00fcck in Wedding f\u00fcr neue Doppelhaush\u00e4lfte in ruhiger Wohnlage unweit U-Bahnstation Amrumer Strasse und der Seestrasse.\",\"breadcrumb\":{\"@id\":\"https:\/\/grossklein-immobilien.de\/de\/produkt\/wohngrundstueck-in-wedding\/#breadcrumb\"},\"inLanguage\":\"de\",\"potentialAction\":[{\"@type\":\"ReadAction\",\"target\":[\"https:\/\/grossklein-immobilien.de\/de\/produkt\/wohngrundstueck-in-wedding\/\"]}]},{\"@type\":\"ImageObject\",\"inLanguage\":\"de\",\"@id\":\"https:\/\/grossklein-immobilien.de\/de\/produkt\/wohngrundstueck-in-wedding\/#primaryimage\",\"url\":\"https:\/\/grossklein-immobilien.de\/de\/wp-content\/uploads\/2022\/06\/IMG_5415.jpg\",\"contentUrl\":\"https:\/\/grossklein-immobilien.de\/de\/wp-content\/uploads\/2022\/06\/IMG_5415.jpg\",\"width\":1024,\"height\":683,\"caption\":\"Wohngrundst\u00fcck im Afrikanischen Viertel in Berlin-Wedding verkauft durch Gross & Klein Immobilien\"},{\"@type\":\"BreadcrumbList\",\"@id\":\"https:\/\/grossklein-immobilien.de\/de\/produkt\/wohngrundstueck-in-wedding\/#breadcrumb\",\"itemListElement\":[{\"@type\":\"ListItem\",\"position\":1,\"name\":\"Home\",\"item\":\"https:\/\/grossklein-immobilien.de\/de\/\"},{\"@type\":\"ListItem\",\"position\":2,\"name\":\"Immobilienangebote\",\"item\":\"https:\/\/grossklein-immobilien.de\/de\/immobilien-berlin\/\"},{\"@type\":\"ListItem\",\"position\":3,\"name\":\"WOHNGRUNDST\u00dcCK MIT KLEINER DHH IN WEDDING\"}]},{\"@type\":\"WebSite\",\"@id\":\"https:\/\/grossklein-immobilien.de\/de\/#website\",\"url\":\"https:\/\/grossklein-immobilien.de\/de\/\",\"name\":\"\",\"description\":\"\",\"potentialAction\":[{\"@type\":\"SearchAction\",\"target\":{\"@type\":\"EntryPoint\",\"urlTemplate\":\"https:\/\/grossklein-immobilien.de\/de\/?s={search_term_string}\"},\"query-input\":{\"@type\":\"PropertyValueSpecification\",\"valueRequired\":true,\"valueName\":\"search_term_string\"}}],\"inLanguage\":\"de\"}]}<\/script>\n<!-- \/ Yoast SEO plugin. -->","yoast_head_json":{"title":"Wohngrundst\u00fcck in Wedding f\u00fcr neue Doppelhaush\u00e4lfte - Gross & Klein","description":"Wohngrundst\u00fcck in Wedding f\u00fcr neue Doppelhaush\u00e4lfte in ruhiger Wohnlage unweit U-Bahnstation Amrumer Strasse und der Seestrasse.","robots":{"index":"index","follow":"follow","max-snippet":"max-snippet:-1","max-image-preview":"max-image-preview:large","max-video-preview":"max-video-preview:-1"},"canonical":"https:\/\/grossklein-immobilien.de\/de\/produkt\/wohngrundstueck-in-wedding\/","og_locale":"de_DE","og_type":"article","og_title":"Wohngrundst\u00fcck in Wedding f\u00fcr neue Doppelhaush\u00e4lfte - Gross & Klein","og_description":"Wohngrundst\u00fcck in Wedding f\u00fcr neue Doppelhaush\u00e4lfte in ruhiger Wohnlage unweit U-Bahnstation Amrumer Strasse und der Seestrasse.","og_url":"https:\/\/grossklein-immobilien.de\/de\/produkt\/wohngrundstueck-in-wedding\/","article_publisher":"https:\/\/www.facebook.com\/TOMIC-IMMOBILIEN-110945718988806\/","article_modified_time":"2024-10-15T09:25:03+00:00","og_image":[{"url":"https:\/\/grossklein-immobilien.de\/de\/wp-content\/uploads\/2022\/06\/IMG_5415.jpg","width":604,"height":403,"type":"image\/jpeg"}],"twitter_card":"summary_large_image","twitter_site":"@draz_tomic","twitter_misc":{"Gesch\u00e4tzte Lesezeit":"2\u00a0Minuten"},"schema":{"@context":"https:\/\/schema.org","@graph":[{"@type":"WebPage","@id":"https:\/\/grossklein-immobilien.de\/de\/produkt\/wohngrundstueck-in-wedding\/","url":"https:\/\/grossklein-immobilien.de\/de\/produkt\/wohngrundstueck-in-wedding\/","name":"Wohngrundst\u00fcck in Wedding f\u00fcr neue Doppelhaush\u00e4lfte - Gross & Klein","isPartOf":{"@id":"https:\/\/grossklein-immobilien.de\/de\/#website"},"primaryImageOfPage":{"@id":"https:\/\/grossklein-immobilien.de\/de\/produkt\/wohngrundstueck-in-wedding\/#primaryimage"},"image":{"@id":"https:\/\/grossklein-immobilien.de\/de\/produkt\/wohngrundstueck-in-wedding\/#primaryimage"},"thumbnailUrl":"https:\/\/grossklein-immobilien.de\/de\/wp-content\/uploads\/2022\/06\/IMG_5415.jpg","datePublished":"2022-06-01T15:47:17+00:00","dateModified":"2024-10-15T09:25:03+00:00","description":"Wohngrundst\u00fcck in Wedding f\u00fcr neue Doppelhaush\u00e4lfte in ruhiger Wohnlage unweit U-Bahnstation Amrumer Strasse und der Seestrasse.","breadcrumb":{"@id":"https:\/\/grossklein-immobilien.de\/de\/produkt\/wohngrundstueck-in-wedding\/#breadcrumb"},"inLanguage":"de","potentialAction":[{"@type":"ReadAction","target":["https:\/\/grossklein-immobilien.de\/de\/produkt\/wohngrundstueck-in-wedding\/"]}]},{"@type":"ImageObject","inLanguage":"de","@id":"https:\/\/grossklein-immobilien.de\/de\/produkt\/wohngrundstueck-in-wedding\/#primaryimage","url":"https:\/\/grossklein-immobilien.de\/de\/wp-content\/uploads\/2022\/06\/IMG_5415.jpg","contentUrl":"https:\/\/grossklein-immobilien.de\/de\/wp-content\/uploads\/2022\/06\/IMG_5415.jpg","width":1024,"height":683,"caption":"Wohngrundst\u00fcck im Afrikanischen Viertel in Berlin-Wedding verkauft durch Gross & Klein Immobilien"},{"@type":"BreadcrumbList","@id":"https:\/\/grossklein-immobilien.de\/de\/produkt\/wohngrundstueck-in-wedding\/#breadcrumb","itemListElement":[{"@type":"ListItem","position":1,"name":"Home","item":"https:\/\/grossklein-immobilien.de\/de\/"},{"@type":"ListItem","position":2,"name":"Immobilienangebote","item":"https:\/\/grossklein-immobilien.de\/de\/immobilien-berlin\/"},{"@type":"ListItem","position":3,"name":"WOHNGRUNDST\u00dcCK MIT KLEINER DHH IN WEDDING"}]},{"@type":"WebSite","@id":"https:\/\/grossklein-immobilien.de\/de\/#website","url":"https:\/\/grossklein-immobilien.de\/de\/","name":"","description":"","potentialAction":[{"@type":"SearchAction","target":{"@type":"EntryPoint","urlTemplate":"https:\/\/grossklein-immobilien.de\/de\/?s={search_term_string}"},"query-input":{"@type":"PropertyValueSpecification","valueRequired":true,"valueName":"search_term_string"}}],"inLanguage":"de"}]}},"uagb_featured_image_src":{"full":["https:\/\/grossklein-immobilien.de\/de\/wp-content\/uploads\/2022\/06\/IMG_5415.jpg",1024,683,false],"thumbnail":["https:\/\/grossklein-immobilien.de\/de\/wp-content\/uploads\/2022\/06\/IMG_5415-150x150.jpg",150,150,true],"medium":["https:\/\/grossklein-immobilien.de\/de\/wp-content\/uploads\/2022\/06\/IMG_5415-300x200.jpg",300,200,true],"medium_large":["https:\/\/grossklein-immobilien.de\/de\/wp-content\/uploads\/2022\/06\/IMG_5415.jpg",1024,683,false],"large":["https:\/\/grossklein-immobilien.de\/de\/wp-content\/uploads\/2022\/06\/IMG_5415.jpg",604,403,false],"1536x1536":["https:\/\/grossklein-immobilien.de\/de\/wp-content\/uploads\/2022\/06\/IMG_5415.jpg",1024,683,false],"2048x2048":["https:\/\/grossklein-immobilien.de\/de\/wp-content\/uploads\/2022\/06\/IMG_5415.jpg",1024,683,false],"post-thumbnail":["https:\/\/grossklein-immobilien.de\/de\/wp-content\/uploads\/2022\/06\/IMG_5415-604x270.jpg",604,270,true],"woocommerce_thumbnail":["https:\/\/grossklein-immobilien.de\/de\/wp-content\/uploads\/2022\/06\/IMG_5415-300x300.jpg",300,300,true],"woocommerce_single":["https:\/\/grossklein-immobilien.de\/de\/wp-content\/uploads\/2022\/06\/IMG_5415.jpg",1024,683,false],"woocommerce_gallery_thumbnail":["https:\/\/grossklein-immobilien.de\/de\/wp-content\/uploads\/2022\/06\/IMG_5415-100x100.jpg",100,100,true]},"uagb_author_info":{"display_name":"Drazan Tomic","author_link":"https:\/\/grossklein-immobilien.de\/de\/author\/"},"uagb_comment_info":0,"uagb_excerpt":"Es handelt sich hierbei um eine kleine Doppelhaush\u00e4lfte im Afrikanischen Viertel in Wedding, die ca. 1920 erbaut wurde. Nach dem jetztigen Zustand und dem aktuellen Wohnstandard empfielt es sich auf diesem Grundst\u00fcck eher eine neue DPHH zu erbauen. Ausschtattung: + BERLIN-WEDDING + RUHIGE WOHNLAGE + SEITENSTRASSE + GRUNDST\u00dcCK MIT 480m\u00b2 + KLEINES HAUS MIT ca.&hellip;","_links":{"self":[{"href":"https:\/\/grossklein-immobilien.de\/de\/wp-json\/wp\/v2\/product\/25468","targetHints":{"allow":["GET"]}}],"collection":[{"href":"https:\/\/grossklein-immobilien.de\/de\/wp-json\/wp\/v2\/product"}],"about":[{"href":"https:\/\/grossklein-immobilien.de\/de\/wp-json\/wp\/v2\/types\/product"}],"wp:featuredmedia":[{"embeddable":true,"href":"https:\/\/grossklein-immobilien.de\/de\/wp-json\/wp\/v2\/media\/25469"}],"wp:attachment":[{"href":"https:\/\/grossklein-immobilien.de\/de\/wp-json\/wp\/v2\/media?parent=25468"}],"wp:term":[{"taxonomy":"product_cat","embeddable":true,"href":"https:\/\/grossklein-immobilien.de\/de\/wp-json\/wp\/v2\/product_cat?post=25468"},{"taxonomy":"product_tag","embeddable":true,"href":"https:\/\/grossklein-immobilien.de\/de\/wp-json\/wp\/v2\/product_tag?post=25468"}],"curies":[{"name":"wp","href":"https:\/\/api.w.org\/{rel}","templated":true}]}}