{"id":25471,"date":"2022-06-01T17:49:01","date_gmt":"2022-06-01T15:49:01","guid":{"rendered":"https:\/\/grossklein-immobilien.de\/de\/?post_type=product&#038;p=25471"},"modified":"2026-02-06T08:43:36","modified_gmt":"2026-02-06T07:43:36","slug":"neubawohnung-in-schmargendorf","status":"publish","type":"product","link":"https:\/\/grossklein-immobilien.de\/de\/produkt\/neubawohnung-in-schmargendorf\/","title":{"rendered":"NEUBAUWOHNUNG IM &#8222;MAXIMILIANS QUARTIER&#8220; IN SCHMARGENDORF"},"content":{"rendered":"<p style=\"text-align: justify;\">Nur wenige Minuten vom Heidelberger Platz entfernt steht diese moderne und hochwertige 2-Zimmer Neubauwohnung im Projekt \u201eMaximilians Quartier\u201c zum Verkauf. Unmittelbar an der Innenstadt bzw. in City West gelegen verbindet diese Komfortwohnung das angenehme und ruhige Wohnen leicht versetzt vom Trouble der Gro\u00dfstadt. Die Ausstattung dieser Terrassenwohnung l\u00e4\u00dft keine W\u00fcnsche offen und ist ausgestattet mit Ectholzparkett, Fu\u00dfbodenheizung, schickem Badezimmer, einem Hauswirtschaftsraum mit Ger\u00e4ten sowie einer Alarmanlage. Das beschauliche Schmargendorf geh\u00f6rt zu Wilmersdorf und bietet unter anderem viele kleinere Gesch\u00e4fte des t\u00e4glichen Bedarfs in einem eigenem Ortszentrum. Das naheliegende Grunewald bietet weitere Freizeitaktivit\u00e4ten und viel Natur mit der Seenlandschaft, die in k\u00fcrzester zeit bequem mit dem Fahrrad oder PKW zu erreichen ist. &nbsp;Die Anbindung an die \u00f6ffentlichen Verkehrsmittel ist mit diversen Busverbindungen und dem U \u2013 und S-Bahnhof Heidelberger Platz optimal gegeben. Der Anschluss an die Stadtautobahn ist dort ebenfalls vorhanden.<\/p>\n<p style=\"text-align: justify;\">Die angebotene Wohnung wurde vor Kurzem komplett eingerichtet, soll jetzt aber doch wieder verkauft werden. Ein Tiefgaragenpatz geh\u00f6rt zur Wohnung ebenfalls dazu und kostet 30.000\u20ac extra. Es besteht ebenfalls die M\u00f6glichkeit die komplette Einrichtung der Wohnung gegen Aufpreis zu erwerben.<\/p>\n<p>Vermittelt von Gross &amp; Klein Immobilien, Ihrem <a href=\"https:\/\/grossklein-immobilien.de\/de\/immobilienmakler-berlin-wilmersdorf\/\">Immobilienmakler Berlin-Wilmersdorf<\/a>.<\/p>\n","protected":false},"excerpt":{"rendered":"<p>Es handelt sich bei dieser Immobilie um eine Neubauwohnung in exzellenter City-West Lage.<\/p>\n","protected":false},"featured_media":18358,"template":"","meta":{"_uag_custom_page_level_css":"","ngg_post_thumbnail":0},"product_cat":[24,301,420,415],"product_tag":[409],"class_list":{"0":"post-25471","1":"product","2":"type-product","3":"status-publish","4":"has-post-thumbnail","6":"product_cat-eigentumswohnungen","7":"product_cat-berlin-wilmersdorf","8":"product_cat-40-70","9":"product_cat-415","10":"product_tag-neubau","11":"pa_adresse-408","12":"pa_balkon-terrasse","13":"pa_baujahr-405","14":"pa_befeuerung-fernwaerme","15":"pa_courtage-357-vom-beurk-kaufpreis-2","16":"pa_etagen-41","17":"pa_heizungsart-zentralheizung","18":"pa_objektzustand-erstbezug","19":"pa_standort-schmargendorf","20":"pa_wohnflaeche-407","21":"pa_zimmer-52","23":"first","24":"instock","25":"shipping-taxable","26":"purchasable","27":"product-type-simple"},"yoast_head":"<!-- This site is optimized with the Yoast SEO plugin v26.8 - https:\/\/yoast.com\/product\/yoast-seo-wordpress\/ -->\n<title>Neubauwohnung im &quot;Maximilian Quartier&quot; in Schmargendorf | Gross&amp;Klein<\/title>\n<meta name=\"description\" content=\"Neubauwohnung im Maximilian Quartier in Berlin-Schmargendorf mit Sonnenterrasse, Einbauk\u00fcche, edlem Badezimmer, Alarmanlage und Tiefgarage.\" \/>\n<meta name=\"robots\" content=\"index, follow, max-snippet:-1, max-image-preview:large, max-video-preview:-1\" \/>\n<link rel=\"canonical\" href=\"https:\/\/grossklein-immobilien.de\/de\/produkt\/neubawohnung-in-schmargendorf\/\" \/>\n<meta property=\"og:locale\" content=\"de_DE\" \/>\n<meta property=\"og:type\" content=\"article\" \/>\n<meta property=\"og:title\" content=\"Neubauwohnung im &quot;Maximilian Quartier&quot; in Schmargendorf | Gross&amp;Klein\" \/>\n<meta property=\"og:description\" content=\"Neubauwohnung im Maximilian Quartier in Berlin-Schmargendorf mit Sonnenterrasse, Einbauk\u00fcche, edlem Badezimmer, Alarmanlage und Tiefgarage.\" \/>\n<meta property=\"og:url\" content=\"https:\/\/grossklein-immobilien.de\/de\/produkt\/neubawohnung-in-schmargendorf\/\" \/>\n<meta property=\"article:publisher\" content=\"https:\/\/www.facebook.com\/TOMIC-IMMOBILIEN-110945718988806\/\" \/>\n<meta property=\"article:modified_time\" content=\"2026-02-06T07:43:36+00:00\" \/>\n<meta property=\"og:image\" content=\"https:\/\/grossklein-immobilien.de\/de\/wp-content\/uploads\/2021\/05\/Wohnzimmer-01.jpg\" \/>\n\t<meta property=\"og:image:width\" content=\"1200\" \/>\n\t<meta property=\"og:image:height\" content=\"800\" \/>\n\t<meta property=\"og:image:type\" content=\"image\/jpeg\" \/>\n<meta name=\"twitter:card\" content=\"summary_large_image\" \/>\n<meta name=\"twitter:site\" content=\"@draz_tomic\" \/>\n<meta name=\"twitter:label1\" content=\"Gesch\u00e4tzte Lesezeit\" \/>\n\t<meta name=\"twitter:data1\" content=\"2\u00a0Minuten\" \/>\n<script type=\"application\/ld+json\" class=\"yoast-schema-graph\">{\"@context\":\"https:\/\/schema.org\",\"@graph\":[{\"@type\":\"WebPage\",\"@id\":\"https:\/\/grossklein-immobilien.de\/de\/produkt\/neubawohnung-in-schmargendorf\/\",\"url\":\"https:\/\/grossklein-immobilien.de\/de\/produkt\/neubawohnung-in-schmargendorf\/\",\"name\":\"Neubauwohnung im \\\"Maximilian Quartier\\\" in Schmargendorf | Gross&Klein\",\"isPartOf\":{\"@id\":\"https:\/\/grossklein-immobilien.de\/de\/#website\"},\"primaryImageOfPage\":{\"@id\":\"https:\/\/grossklein-immobilien.de\/de\/produkt\/neubawohnung-in-schmargendorf\/#primaryimage\"},\"image\":{\"@id\":\"https:\/\/grossklein-immobilien.de\/de\/produkt\/neubawohnung-in-schmargendorf\/#primaryimage\"},\"thumbnailUrl\":\"https:\/\/grossklein-immobilien.de\/de\/wp-content\/uploads\/2021\/05\/Wohnzimmer-01.jpg\",\"datePublished\":\"2022-06-01T15:49:01+00:00\",\"dateModified\":\"2026-02-06T07:43:36+00:00\",\"description\":\"Neubauwohnung im Maximilian Quartier in Berlin-Schmargendorf mit Sonnenterrasse, Einbauk\u00fcche, edlem Badezimmer, Alarmanlage und Tiefgarage.\",\"breadcrumb\":{\"@id\":\"https:\/\/grossklein-immobilien.de\/de\/produkt\/neubawohnung-in-schmargendorf\/#breadcrumb\"},\"inLanguage\":\"de\",\"potentialAction\":[{\"@type\":\"ReadAction\",\"target\":[\"https:\/\/grossklein-immobilien.de\/de\/produkt\/neubawohnung-in-schmargendorf\/\"]}]},{\"@type\":\"ImageObject\",\"inLanguage\":\"de\",\"@id\":\"https:\/\/grossklein-immobilien.de\/de\/produkt\/neubawohnung-in-schmargendorf\/#primaryimage\",\"url\":\"https:\/\/grossklein-immobilien.de\/de\/wp-content\/uploads\/2021\/05\/Wohnzimmer-01.jpg\",\"contentUrl\":\"https:\/\/grossklein-immobilien.de\/de\/wp-content\/uploads\/2021\/05\/Wohnzimmer-01.jpg\",\"width\":1200,\"height\":800},{\"@type\":\"BreadcrumbList\",\"@id\":\"https:\/\/grossklein-immobilien.de\/de\/produkt\/neubawohnung-in-schmargendorf\/#breadcrumb\",\"itemListElement\":[{\"@type\":\"ListItem\",\"position\":1,\"name\":\"Home\",\"item\":\"https:\/\/grossklein-immobilien.de\/de\/\"},{\"@type\":\"ListItem\",\"position\":2,\"name\":\"Immobilienangebote\",\"item\":\"https:\/\/grossklein-immobilien.de\/de\/immobilien-berlin\/\"},{\"@type\":\"ListItem\",\"position\":3,\"name\":\"NEUBAUWOHNUNG IM &#8222;MAXIMILIANS QUARTIER&#8220; IN SCHMARGENDORF\"}]},{\"@type\":\"WebSite\",\"@id\":\"https:\/\/grossklein-immobilien.de\/de\/#website\",\"url\":\"https:\/\/grossklein-immobilien.de\/de\/\",\"name\":\"\",\"description\":\"\",\"potentialAction\":[{\"@type\":\"SearchAction\",\"target\":{\"@type\":\"EntryPoint\",\"urlTemplate\":\"https:\/\/grossklein-immobilien.de\/de\/?s={search_term_string}\"},\"query-input\":{\"@type\":\"PropertyValueSpecification\",\"valueRequired\":true,\"valueName\":\"search_term_string\"}}],\"inLanguage\":\"de\"}]}<\/script>\n<!-- \/ Yoast SEO plugin. -->","yoast_head_json":{"title":"Neubauwohnung im \"Maximilian Quartier\" in Schmargendorf | Gross&Klein","description":"Neubauwohnung im Maximilian Quartier in Berlin-Schmargendorf mit Sonnenterrasse, Einbauk\u00fcche, edlem Badezimmer, Alarmanlage und Tiefgarage.","robots":{"index":"index","follow":"follow","max-snippet":"max-snippet:-1","max-image-preview":"max-image-preview:large","max-video-preview":"max-video-preview:-1"},"canonical":"https:\/\/grossklein-immobilien.de\/de\/produkt\/neubawohnung-in-schmargendorf\/","og_locale":"de_DE","og_type":"article","og_title":"Neubauwohnung im \"Maximilian Quartier\" in Schmargendorf | Gross&Klein","og_description":"Neubauwohnung im Maximilian Quartier in Berlin-Schmargendorf mit Sonnenterrasse, Einbauk\u00fcche, edlem Badezimmer, Alarmanlage und Tiefgarage.","og_url":"https:\/\/grossklein-immobilien.de\/de\/produkt\/neubawohnung-in-schmargendorf\/","article_publisher":"https:\/\/www.facebook.com\/TOMIC-IMMOBILIEN-110945718988806\/","article_modified_time":"2026-02-06T07:43:36+00:00","og_image":[{"width":1200,"height":800,"url":"https:\/\/grossklein-immobilien.de\/de\/wp-content\/uploads\/2021\/05\/Wohnzimmer-01.jpg","type":"image\/jpeg"}],"twitter_card":"summary_large_image","twitter_site":"@draz_tomic","twitter_misc":{"Gesch\u00e4tzte Lesezeit":"2\u00a0Minuten"},"schema":{"@context":"https:\/\/schema.org","@graph":[{"@type":"WebPage","@id":"https:\/\/grossklein-immobilien.de\/de\/produkt\/neubawohnung-in-schmargendorf\/","url":"https:\/\/grossklein-immobilien.de\/de\/produkt\/neubawohnung-in-schmargendorf\/","name":"Neubauwohnung im \"Maximilian Quartier\" in Schmargendorf | Gross&Klein","isPartOf":{"@id":"https:\/\/grossklein-immobilien.de\/de\/#website"},"primaryImageOfPage":{"@id":"https:\/\/grossklein-immobilien.de\/de\/produkt\/neubawohnung-in-schmargendorf\/#primaryimage"},"image":{"@id":"https:\/\/grossklein-immobilien.de\/de\/produkt\/neubawohnung-in-schmargendorf\/#primaryimage"},"thumbnailUrl":"https:\/\/grossklein-immobilien.de\/de\/wp-content\/uploads\/2021\/05\/Wohnzimmer-01.jpg","datePublished":"2022-06-01T15:49:01+00:00","dateModified":"2026-02-06T07:43:36+00:00","description":"Neubauwohnung im Maximilian Quartier in Berlin-Schmargendorf mit Sonnenterrasse, Einbauk\u00fcche, edlem Badezimmer, Alarmanlage und Tiefgarage.","breadcrumb":{"@id":"https:\/\/grossklein-immobilien.de\/de\/produkt\/neubawohnung-in-schmargendorf\/#breadcrumb"},"inLanguage":"de","potentialAction":[{"@type":"ReadAction","target":["https:\/\/grossklein-immobilien.de\/de\/produkt\/neubawohnung-in-schmargendorf\/"]}]},{"@type":"ImageObject","inLanguage":"de","@id":"https:\/\/grossklein-immobilien.de\/de\/produkt\/neubawohnung-in-schmargendorf\/#primaryimage","url":"https:\/\/grossklein-immobilien.de\/de\/wp-content\/uploads\/2021\/05\/Wohnzimmer-01.jpg","contentUrl":"https:\/\/grossklein-immobilien.de\/de\/wp-content\/uploads\/2021\/05\/Wohnzimmer-01.jpg","width":1200,"height":800},{"@type":"BreadcrumbList","@id":"https:\/\/grossklein-immobilien.de\/de\/produkt\/neubawohnung-in-schmargendorf\/#breadcrumb","itemListElement":[{"@type":"ListItem","position":1,"name":"Home","item":"https:\/\/grossklein-immobilien.de\/de\/"},{"@type":"ListItem","position":2,"name":"Immobilienangebote","item":"https:\/\/grossklein-immobilien.de\/de\/immobilien-berlin\/"},{"@type":"ListItem","position":3,"name":"NEUBAUWOHNUNG IM &#8222;MAXIMILIANS QUARTIER&#8220; IN SCHMARGENDORF"}]},{"@type":"WebSite","@id":"https:\/\/grossklein-immobilien.de\/de\/#website","url":"https:\/\/grossklein-immobilien.de\/de\/","name":"","description":"","potentialAction":[{"@type":"SearchAction","target":{"@type":"EntryPoint","urlTemplate":"https:\/\/grossklein-immobilien.de\/de\/?s={search_term_string}"},"query-input":{"@type":"PropertyValueSpecification","valueRequired":true,"valueName":"search_term_string"}}],"inLanguage":"de"}]}},"uagb_featured_image_src":{"full":["https:\/\/grossklein-immobilien.de\/de\/wp-content\/uploads\/2021\/05\/Wohnzimmer-01.jpg",1200,800,false],"thumbnail":["https:\/\/grossklein-immobilien.de\/de\/wp-content\/uploads\/2021\/05\/Wohnzimmer-01-150x150.jpg",150,150,true],"medium":["https:\/\/grossklein-immobilien.de\/de\/wp-content\/uploads\/2021\/05\/Wohnzimmer-01-300x200.jpg",300,200,true],"medium_large":["https:\/\/grossklein-immobilien.de\/de\/wp-content\/uploads\/2021\/05\/Wohnzimmer-01.jpg",1200,800,false],"large":["https:\/\/grossklein-immobilien.de\/de\/wp-content\/uploads\/2021\/05\/Wohnzimmer-01-1024x683.jpg",604,403,true],"1536x1536":["https:\/\/grossklein-immobilien.de\/de\/wp-content\/uploads\/2021\/05\/Wohnzimmer-01.jpg",1200,800,false],"2048x2048":["https:\/\/grossklein-immobilien.de\/de\/wp-content\/uploads\/2021\/05\/Wohnzimmer-01.jpg",1200,800,false],"post-thumbnail":["https:\/\/grossklein-immobilien.de\/de\/wp-content\/uploads\/2021\/05\/Wohnzimmer-01-604x270.jpg",604,270,true],"woocommerce_thumbnail":["https:\/\/grossklein-immobilien.de\/de\/wp-content\/uploads\/2021\/05\/Wohnzimmer-01-300x300.jpg",300,300,true],"woocommerce_single":["https:\/\/grossklein-immobilien.de\/de\/wp-content\/uploads\/2021\/05\/Wohnzimmer-01.jpg",1200,800,false],"woocommerce_gallery_thumbnail":["https:\/\/grossklein-immobilien.de\/de\/wp-content\/uploads\/2021\/05\/Wohnzimmer-01-100x100.jpg",100,100,true]},"uagb_author_info":{"display_name":"Drazan Tomic","author_link":"https:\/\/grossklein-immobilien.de\/de\/author\/"},"uagb_comment_info":0,"uagb_excerpt":"Es handelt sich bei dieser Immobilie um eine Neubauwohnung in exzellenter City-West Lage.","_links":{"self":[{"href":"https:\/\/grossklein-immobilien.de\/de\/wp-json\/wp\/v2\/product\/25471","targetHints":{"allow":["GET"]}}],"collection":[{"href":"https:\/\/grossklein-immobilien.de\/de\/wp-json\/wp\/v2\/product"}],"about":[{"href":"https:\/\/grossklein-immobilien.de\/de\/wp-json\/wp\/v2\/types\/product"}],"wp:featuredmedia":[{"embeddable":true,"href":"https:\/\/grossklein-immobilien.de\/de\/wp-json\/wp\/v2\/media\/18358"}],"wp:attachment":[{"href":"https:\/\/grossklein-immobilien.de\/de\/wp-json\/wp\/v2\/media?parent=25471"}],"wp:term":[{"taxonomy":"product_cat","embeddable":true,"href":"https:\/\/grossklein-immobilien.de\/de\/wp-json\/wp\/v2\/product_cat?post=25471"},{"taxonomy":"product_tag","embeddable":true,"href":"https:\/\/grossklein-immobilien.de\/de\/wp-json\/wp\/v2\/product_tag?post=25471"}],"curies":[{"name":"wp","href":"https:\/\/api.w.org\/{rel}","templated":true}]}}