{"id":25497,"date":"2022-08-08T11:03:59","date_gmt":"2022-08-08T09:03:59","guid":{"rendered":"https:\/\/grossklein-immobilien.de\/de\/?post_type=product&#038;p=25497"},"modified":"2023-05-12T12:30:52","modified_gmt":"2023-05-12T10:30:52","slug":"wohnung-mit-potenzial-in-berlin-koepenick","status":"publish","type":"product","link":"https:\/\/grossklein-immobilien.de\/de\/produkt\/wohnung-mit-potenzial-in-berlin-koepenick\/","title":{"rendered":"WOHNUNG MIT VIEL POTENZIAL IN WASSERN\u00c4HE IN K\u00d6PENICK"},"content":{"rendered":"<p>Wohnung mit viel Potenzial in Berlin-K\u00f6penick ab sofort zum Verkauf. Diese helle und renovierte Hochparterr\u00e9 Atbauwohnung mit 74 m Wohnfl\u00e4che, die sich in unmittelbarer Wassern\u00e4he in Berlin-K\u00f6penick befindet, sucht neuen Eigent\u00fcmer! Die Wohnfl\u00e4che verteilt sich auf <strong>3 R\u00e4ume und 2 Duschb\u00e4der<\/strong> wovon sich ein Raum bzw. die Wohnk\u00fcche im Untergescho\u00df befinden. Die Wohnung kann aufgrund Ihrer Aufteilung auch gewerblich genutzt werden. Die Lage direkt <strong>an der Dahme bzw. an der Badestelle M\u00fcllerecke<\/strong> bietet unz\u00e4hlige Aktivit\u00e4ten f\u00fcr alle Liebhaber des Wasser &#8211; und Bootssports. Die naheliegende Altstadt von K\u00f6penick verz\u00fcckt mit Ihrem einzigartigen Charme und macht das Wohnen in dieser wundersch\u00f6nen Lage sehr begehrenswert. Gesch\u00e4fte des t\u00e4glichen Bedarfs befinden sich in direkter Umgebung ebenso wie viele Restaurants und Caf\u00e9s.<\/p>\n","protected":false},"excerpt":{"rendered":"<p>Bei dieser Einheit handelt es sich um eine Altbauwohnung, die zu Wohnzwecken aber auch zu gewerblichen Zwecken genutzt werden kann.<\/p>\n","protected":false},"featured_media":25509,"template":"","meta":{"_uag_custom_page_level_css":"","ngg_post_thumbnail":0},"product_cat":[562,24,421,416],"product_tag":[],"class_list":{"0":"post-25497","1":"product","2":"type-product","3":"status-publish","4":"has-post-thumbnail","6":"product_cat-berlin-koepenick","7":"product_cat-eigentumswohnungen","8":"product_cat-70-110","9":"product_cat-416","10":"pa_adresse-563","11":"pa_baujahr-445","12":"pa_courtage-357-vom-beurk-kaufpreis-2","13":"pa_etage-338","14":"pa_gaeste-wc-ja","15":"pa_heizungsart-zentralheizung-gas","16":"pa_objektzustand-renoviert","17":"pa_standort-berlin-koepenick","18":"pa_wohnflaeche-565","19":"pa_zimmer-11","21":"first","22":"outofstock","23":"shipping-taxable","24":"purchasable","25":"product-type-simple"},"yoast_head":"<!-- This site is optimized with the Yoast SEO plugin v26.8 - https:\/\/yoast.com\/product\/yoast-seo-wordpress\/ -->\n<title>Wohnung mit viel Potenzial in Berlin-K\u00f6penick - Gross &amp; Klein Immobilien<\/title>\n<meta name=\"description\" content=\"Wohnung mit viel Potenzial in Berlin-K\u00f6penick unmittelbar an der Dahme bzw. Badestelle M\u00fcllerecke, verbunden mit Wasser- und Bootsaktivit\u00e4ten!\" \/>\n<meta name=\"robots\" content=\"index, follow, max-snippet:-1, max-image-preview:large, max-video-preview:-1\" \/>\n<link rel=\"canonical\" href=\"https:\/\/grossklein-immobilien.de\/de\/produkt\/wohnung-mit-potenzial-in-berlin-koepenick\/\" \/>\n<meta property=\"og:locale\" content=\"de_DE\" \/>\n<meta property=\"og:type\" content=\"article\" \/>\n<meta property=\"og:title\" content=\"Wohnung mit viel Potenzial in Berlin-K\u00f6penick - Gross &amp; Klein Immobilien\" \/>\n<meta property=\"og:description\" content=\"Wohnung mit viel Potenzial in Berlin-K\u00f6penick unmittelbar an der Dahme bzw. Badestelle M\u00fcllerecke, verbunden mit Wasser- und Bootsaktivit\u00e4ten!\" \/>\n<meta property=\"og:url\" content=\"https:\/\/grossklein-immobilien.de\/de\/produkt\/wohnung-mit-potenzial-in-berlin-koepenick\/\" \/>\n<meta property=\"article:publisher\" content=\"https:\/\/www.facebook.com\/TOMIC-IMMOBILIEN-110945718988806\/\" \/>\n<meta property=\"article:modified_time\" content=\"2023-05-12T10:30:52+00:00\" \/>\n<meta property=\"og:image\" content=\"https:\/\/grossklein-immobilien.de\/de\/wp-content\/uploads\/2022\/08\/Boote-Dahme.jpg\" \/>\n\t<meta property=\"og:image:width\" content=\"1707\" \/>\n\t<meta property=\"og:image:height\" content=\"1280\" \/>\n\t<meta property=\"og:image:type\" content=\"image\/jpeg\" \/>\n<meta name=\"twitter:card\" content=\"summary_large_image\" \/>\n<meta name=\"twitter:site\" content=\"@draz_tomic\" \/>\n<meta name=\"twitter:label1\" content=\"Gesch\u00e4tzte Lesezeit\" \/>\n\t<meta name=\"twitter:data1\" content=\"1\u00a0Minute\" \/>\n<script type=\"application\/ld+json\" class=\"yoast-schema-graph\">{\"@context\":\"https:\/\/schema.org\",\"@graph\":[{\"@type\":\"WebPage\",\"@id\":\"https:\/\/grossklein-immobilien.de\/de\/produkt\/wohnung-mit-potenzial-in-berlin-koepenick\/\",\"url\":\"https:\/\/grossklein-immobilien.de\/de\/produkt\/wohnung-mit-potenzial-in-berlin-koepenick\/\",\"name\":\"Wohnung mit viel Potenzial in Berlin-K\u00f6penick - Gross & Klein Immobilien\",\"isPartOf\":{\"@id\":\"https:\/\/grossklein-immobilien.de\/de\/#website\"},\"primaryImageOfPage\":{\"@id\":\"https:\/\/grossklein-immobilien.de\/de\/produkt\/wohnung-mit-potenzial-in-berlin-koepenick\/#primaryimage\"},\"image\":{\"@id\":\"https:\/\/grossklein-immobilien.de\/de\/produkt\/wohnung-mit-potenzial-in-berlin-koepenick\/#primaryimage\"},\"thumbnailUrl\":\"https:\/\/grossklein-immobilien.de\/de\/wp-content\/uploads\/2022\/08\/Boote-Dahme.jpg\",\"datePublished\":\"2022-08-08T09:03:59+00:00\",\"dateModified\":\"2023-05-12T10:30:52+00:00\",\"description\":\"Wohnung mit viel Potenzial in Berlin-K\u00f6penick unmittelbar an der Dahme bzw. Badestelle M\u00fcllerecke, verbunden mit Wasser- und Bootsaktivit\u00e4ten!\",\"breadcrumb\":{\"@id\":\"https:\/\/grossklein-immobilien.de\/de\/produkt\/wohnung-mit-potenzial-in-berlin-koepenick\/#breadcrumb\"},\"inLanguage\":\"de\",\"potentialAction\":[{\"@type\":\"ReadAction\",\"target\":[\"https:\/\/grossklein-immobilien.de\/de\/produkt\/wohnung-mit-potenzial-in-berlin-koepenick\/\"]}]},{\"@type\":\"ImageObject\",\"inLanguage\":\"de\",\"@id\":\"https:\/\/grossklein-immobilien.de\/de\/produkt\/wohnung-mit-potenzial-in-berlin-koepenick\/#primaryimage\",\"url\":\"https:\/\/grossklein-immobilien.de\/de\/wp-content\/uploads\/2022\/08\/Boote-Dahme.jpg\",\"contentUrl\":\"https:\/\/grossklein-immobilien.de\/de\/wp-content\/uploads\/2022\/08\/Boote-Dahme.jpg\",\"width\":1707,\"height\":1280},{\"@type\":\"BreadcrumbList\",\"@id\":\"https:\/\/grossklein-immobilien.de\/de\/produkt\/wohnung-mit-potenzial-in-berlin-koepenick\/#breadcrumb\",\"itemListElement\":[{\"@type\":\"ListItem\",\"position\":1,\"name\":\"Home\",\"item\":\"https:\/\/grossklein-immobilien.de\/de\/\"},{\"@type\":\"ListItem\",\"position\":2,\"name\":\"Immobilienangebote\",\"item\":\"https:\/\/grossklein-immobilien.de\/de\/immobilien-berlin\/\"},{\"@type\":\"ListItem\",\"position\":3,\"name\":\"WOHNUNG MIT VIEL POTENZIAL IN WASSERN\u00c4HE IN K\u00d6PENICK\"}]},{\"@type\":\"WebSite\",\"@id\":\"https:\/\/grossklein-immobilien.de\/de\/#website\",\"url\":\"https:\/\/grossklein-immobilien.de\/de\/\",\"name\":\"\",\"description\":\"\",\"potentialAction\":[{\"@type\":\"SearchAction\",\"target\":{\"@type\":\"EntryPoint\",\"urlTemplate\":\"https:\/\/grossklein-immobilien.de\/de\/?s={search_term_string}\"},\"query-input\":{\"@type\":\"PropertyValueSpecification\",\"valueRequired\":true,\"valueName\":\"search_term_string\"}}],\"inLanguage\":\"de\"}]}<\/script>\n<!-- \/ Yoast SEO plugin. -->","yoast_head_json":{"title":"Wohnung mit viel Potenzial in Berlin-K\u00f6penick - Gross & Klein Immobilien","description":"Wohnung mit viel Potenzial in Berlin-K\u00f6penick unmittelbar an der Dahme bzw. Badestelle M\u00fcllerecke, verbunden mit Wasser- und Bootsaktivit\u00e4ten!","robots":{"index":"index","follow":"follow","max-snippet":"max-snippet:-1","max-image-preview":"max-image-preview:large","max-video-preview":"max-video-preview:-1"},"canonical":"https:\/\/grossklein-immobilien.de\/de\/produkt\/wohnung-mit-potenzial-in-berlin-koepenick\/","og_locale":"de_DE","og_type":"article","og_title":"Wohnung mit viel Potenzial in Berlin-K\u00f6penick - Gross & Klein Immobilien","og_description":"Wohnung mit viel Potenzial in Berlin-K\u00f6penick unmittelbar an der Dahme bzw. Badestelle M\u00fcllerecke, verbunden mit Wasser- und Bootsaktivit\u00e4ten!","og_url":"https:\/\/grossklein-immobilien.de\/de\/produkt\/wohnung-mit-potenzial-in-berlin-koepenick\/","article_publisher":"https:\/\/www.facebook.com\/TOMIC-IMMOBILIEN-110945718988806\/","article_modified_time":"2023-05-12T10:30:52+00:00","og_image":[{"width":1707,"height":1280,"url":"https:\/\/grossklein-immobilien.de\/de\/wp-content\/uploads\/2022\/08\/Boote-Dahme.jpg","type":"image\/jpeg"}],"twitter_card":"summary_large_image","twitter_site":"@draz_tomic","twitter_misc":{"Gesch\u00e4tzte Lesezeit":"1\u00a0Minute"},"schema":{"@context":"https:\/\/schema.org","@graph":[{"@type":"WebPage","@id":"https:\/\/grossklein-immobilien.de\/de\/produkt\/wohnung-mit-potenzial-in-berlin-koepenick\/","url":"https:\/\/grossklein-immobilien.de\/de\/produkt\/wohnung-mit-potenzial-in-berlin-koepenick\/","name":"Wohnung mit viel Potenzial in Berlin-K\u00f6penick - Gross & Klein Immobilien","isPartOf":{"@id":"https:\/\/grossklein-immobilien.de\/de\/#website"},"primaryImageOfPage":{"@id":"https:\/\/grossklein-immobilien.de\/de\/produkt\/wohnung-mit-potenzial-in-berlin-koepenick\/#primaryimage"},"image":{"@id":"https:\/\/grossklein-immobilien.de\/de\/produkt\/wohnung-mit-potenzial-in-berlin-koepenick\/#primaryimage"},"thumbnailUrl":"https:\/\/grossklein-immobilien.de\/de\/wp-content\/uploads\/2022\/08\/Boote-Dahme.jpg","datePublished":"2022-08-08T09:03:59+00:00","dateModified":"2023-05-12T10:30:52+00:00","description":"Wohnung mit viel Potenzial in Berlin-K\u00f6penick unmittelbar an der Dahme bzw. Badestelle M\u00fcllerecke, verbunden mit Wasser- und Bootsaktivit\u00e4ten!","breadcrumb":{"@id":"https:\/\/grossklein-immobilien.de\/de\/produkt\/wohnung-mit-potenzial-in-berlin-koepenick\/#breadcrumb"},"inLanguage":"de","potentialAction":[{"@type":"ReadAction","target":["https:\/\/grossklein-immobilien.de\/de\/produkt\/wohnung-mit-potenzial-in-berlin-koepenick\/"]}]},{"@type":"ImageObject","inLanguage":"de","@id":"https:\/\/grossklein-immobilien.de\/de\/produkt\/wohnung-mit-potenzial-in-berlin-koepenick\/#primaryimage","url":"https:\/\/grossklein-immobilien.de\/de\/wp-content\/uploads\/2022\/08\/Boote-Dahme.jpg","contentUrl":"https:\/\/grossklein-immobilien.de\/de\/wp-content\/uploads\/2022\/08\/Boote-Dahme.jpg","width":1707,"height":1280},{"@type":"BreadcrumbList","@id":"https:\/\/grossklein-immobilien.de\/de\/produkt\/wohnung-mit-potenzial-in-berlin-koepenick\/#breadcrumb","itemListElement":[{"@type":"ListItem","position":1,"name":"Home","item":"https:\/\/grossklein-immobilien.de\/de\/"},{"@type":"ListItem","position":2,"name":"Immobilienangebote","item":"https:\/\/grossklein-immobilien.de\/de\/immobilien-berlin\/"},{"@type":"ListItem","position":3,"name":"WOHNUNG MIT VIEL POTENZIAL IN WASSERN\u00c4HE IN K\u00d6PENICK"}]},{"@type":"WebSite","@id":"https:\/\/grossklein-immobilien.de\/de\/#website","url":"https:\/\/grossklein-immobilien.de\/de\/","name":"","description":"","potentialAction":[{"@type":"SearchAction","target":{"@type":"EntryPoint","urlTemplate":"https:\/\/grossklein-immobilien.de\/de\/?s={search_term_string}"},"query-input":{"@type":"PropertyValueSpecification","valueRequired":true,"valueName":"search_term_string"}}],"inLanguage":"de"}]}},"uagb_featured_image_src":{"full":["https:\/\/grossklein-immobilien.de\/de\/wp-content\/uploads\/2022\/08\/Boote-Dahme.jpg",1707,1280,false],"thumbnail":["https:\/\/grossklein-immobilien.de\/de\/wp-content\/uploads\/2022\/08\/Boote-Dahme.jpg",150,112,false],"medium":["https:\/\/grossklein-immobilien.de\/de\/wp-content\/uploads\/2022\/08\/Boote-Dahme.jpg",300,225,false],"medium_large":["https:\/\/grossklein-immobilien.de\/de\/wp-content\/uploads\/2022\/08\/Boote-Dahme.jpg",1707,1280,false],"large":["https:\/\/grossklein-immobilien.de\/de\/wp-content\/uploads\/2022\/08\/Boote-Dahme.jpg",604,453,false],"1536x1536":["https:\/\/grossklein-immobilien.de\/de\/wp-content\/uploads\/2022\/08\/Boote-Dahme.jpg",1536,1152,false],"2048x2048":["https:\/\/grossklein-immobilien.de\/de\/wp-content\/uploads\/2022\/08\/Boote-Dahme.jpg",1707,1280,false],"post-thumbnail":["https:\/\/grossklein-immobilien.de\/de\/wp-content\/uploads\/2022\/08\/Boote-Dahme.jpg",360,270,false],"woocommerce_thumbnail":["https:\/\/grossklein-immobilien.de\/de\/wp-content\/uploads\/2022\/08\/Boote-Dahme-300x300.jpg",300,300,true],"woocommerce_single":["https:\/\/grossklein-immobilien.de\/de\/wp-content\/uploads\/2022\/08\/Boote-Dahme-1200x900.jpg",1200,900,true],"woocommerce_gallery_thumbnail":["https:\/\/grossklein-immobilien.de\/de\/wp-content\/uploads\/2022\/08\/Boote-Dahme-100x100.jpg",100,100,true]},"uagb_author_info":{"display_name":"Drazan Tomic","author_link":"https:\/\/grossklein-immobilien.de\/de\/author\/"},"uagb_comment_info":0,"uagb_excerpt":"Bei dieser Einheit handelt es sich um eine Altbauwohnung, die zu Wohnzwecken aber auch zu gewerblichen Zwecken genutzt werden kann.","_links":{"self":[{"href":"https:\/\/grossklein-immobilien.de\/de\/wp-json\/wp\/v2\/product\/25497","targetHints":{"allow":["GET"]}}],"collection":[{"href":"https:\/\/grossklein-immobilien.de\/de\/wp-json\/wp\/v2\/product"}],"about":[{"href":"https:\/\/grossklein-immobilien.de\/de\/wp-json\/wp\/v2\/types\/product"}],"wp:featuredmedia":[{"embeddable":true,"href":"https:\/\/grossklein-immobilien.de\/de\/wp-json\/wp\/v2\/media\/25509"}],"wp:attachment":[{"href":"https:\/\/grossklein-immobilien.de\/de\/wp-json\/wp\/v2\/media?parent=25497"}],"wp:term":[{"taxonomy":"product_cat","embeddable":true,"href":"https:\/\/grossklein-immobilien.de\/de\/wp-json\/wp\/v2\/product_cat?post=25497"},{"taxonomy":"product_tag","embeddable":true,"href":"https:\/\/grossklein-immobilien.de\/de\/wp-json\/wp\/v2\/product_tag?post=25497"}],"curies":[{"name":"wp","href":"https:\/\/api.w.org\/{rel}","templated":true}]}}