{"id":25574,"date":"2022-09-15T12:25:48","date_gmt":"2022-09-15T10:25:48","guid":{"rendered":"https:\/\/grossklein-immobilien.de\/de\/?post_type=product&#038;p=25574"},"modified":"2023-08-21T13:04:19","modified_gmt":"2023-08-21T11:04:19","slug":"neues-reiheneckhaus-in-werneuchen-bei-berlin","status":"publish","type":"product","link":"https:\/\/grossklein-immobilien.de\/de\/produkt\/neues-reiheneckhaus-in-werneuchen-bei-berlin\/","title":{"rendered":"NEUES NIEDERENERGIE REIHENECKHAUS IN WERNEUCHEN BEI BERLIN"},"content":{"rendered":"<p style=\"text-align: justify;\">Ab sofort stehen weitere Reihenh\u00e4user\/Reiheneckh\u00e4user im Neubauprojekt &#8222;Schwarzer Platz&#8220; zum Kauf zur Verf\u00fcgung. Nach erfolgreichen Verkauf der 7. H\u00e4user im 1. Bauabschnitt, steht der 2. Bauabschnitt mit weiteren 7 H\u00e4usern kurz vor der Fertigstellung. Einzugstermin ist 01.11.2022. Besichtigungstermine sind ab sofort m\u00f6glich!<\/p>\n<p style=\"text-align: justify;\"><strong>Reihenh\u00e4user:13 &#8211; 17<\/strong>, Wohnfl\u00e4che 113 m\u00b2, Gartenanteil 54 m\u00b2, <strong>Kaufpreis: 399.000\u20ac<\/strong><\/p>\n<p style=\"text-align: justify;\"><strong>Reiheneckhaus 12,<\/strong> Wohnfl\u00e4che 113m\u00b2, Gartenanteil 194m\u00b2, <strong>Kaufpreis: 449.000\u20ac<\/strong><\/p>\n<p><strong>Reiheneckhaus 18<\/strong>, Wohnfl\u00e4che 113m\u00b2, Gartenanteil 181 m\u00b2, <strong>Kaufpreis: 439.000\u20ac<\/strong><\/p>\n<p style=\"text-align: justify;\">Die Kleinstadt Werneuchen liegt nord\u00f6stlich von Berlin im Landkreis Barnim und ist \u00fcber die B158 sehr gut erreichbar. Die Gegend um Werneuchen ist gepr\u00e4gt durch Stadtvillen- und Einfamilienhaus-Bebauung mit dazwischen gelegenen gro\u00dfen W\u00e4ldern und Feldern. Spazierg\u00e4nge und Radtouren sind bei vielen Familien sehr beliebt.<br \/>\nDas Projekt befindet sich in einer sehr guten Mikrolage, die sich bereits schon in den letzten Jahren hervorragend entwickelt hat. In unmittelbarer N\u00e4he befindet sich zahlreichen Restaurants, Cafes, Einzelhandelsgesch\u00e4ften sowie Kultur- und Vergn\u00fcgungstreffpunkten. Schulen und Kinderg\u00e4rten (Europaschule Werneuchen und Grundschule am Rosenpark) sind fu\u00dfl\u00e4ufig zu erreichen.<br \/>\nWerneuchen hat eine gute Infrastruktur und Verkehrsanbindung an Berlin. \u00dcber den RB25 und die Berliner S-Bahn gelangen Sie direkt zum Berliner Hauptbahnhof. Der Autobahnanschluss an den Berliner Ring bei Blumberg liegt nur 9 Kilometer entfernt und ist schnell erreichbar.<\/p>\n<p style=\"text-align: justify;\">Werneuchen ist eine kleine, typische Stadt Brandenburgs, die jedoch durch die N\u00e4he zu Berlin und die umgebende Seenlandschaft erheblich an Attraktivit\u00e4t gewinnt.<\/p>\n","protected":false},"excerpt":{"rendered":"<p>Hierbei handelt es sich um ein Neubauprojekt mit 23 Reihenh\u00e4usern und 96 Mietwohnungen in Werneuchen bei Berlin, kurz nach der Stadtgrenze und im beliebten Umland.<\/p>\n","protected":false},"featured_media":25884,"template":"","meta":{"_uag_custom_page_level_css":"","ngg_post_thumbnail":0},"product_cat":[566,26,422,426],"product_tag":[],"class_list":{"0":"post-25574","1":"product","2":"type-product","3":"status-publish","4":"has-post-thumbnail","6":"product_cat-werneuchen","7":"product_cat-einfamilienhaeuser","8":"product_cat-110-140","9":"product_cat-426","10":"pa_baujahr-567","11":"pa_courtage-357-vom-beurk-kaufpreis-2","12":"pa_etage-246","13":"pa_gaeste-wc-ja","14":"pa_lage-werneuchen-bei-berlin","15":"pa_objektzustand-neubau-erstbezug","16":"pa_standort-16356-werneuchen","17":"pa_wohnflaeche-572","18":"pa_zimmer-194","20":"first","21":"instock","22":"shipping-taxable","23":"purchasable","24":"product-type-simple"},"yoast_head":"<!-- This site is optimized with the Yoast SEO plugin v26.8 - https:\/\/yoast.com\/product\/yoast-seo-wordpress\/ -->\n<title>Neues Reiheneckhaus in Werneuchen bei Berlin | Gross &amp; Klein Immob.<\/title>\n<meta name=\"description\" content=\"Neues Reiheneckhaus in Werneuchen bei Berlin zum Verkauf mit 5 Zimmern, 2 Terrassen, Gartenanteil, inkl. 2 Stellpl\u00e4tze nur 13 km von Berlin!\" \/>\n<meta name=\"robots\" content=\"index, follow, max-snippet:-1, max-image-preview:large, max-video-preview:-1\" \/>\n<link rel=\"canonical\" href=\"https:\/\/grossklein-immobilien.de\/de\/produkt\/neues-reiheneckhaus-in-werneuchen-bei-berlin\/\" \/>\n<meta property=\"og:locale\" content=\"de_DE\" \/>\n<meta property=\"og:type\" content=\"article\" \/>\n<meta property=\"og:title\" content=\"Neues Reiheneckhaus in Werneuchen bei Berlin | Gross &amp; Klein Immob.\" \/>\n<meta property=\"og:description\" content=\"Neues Reiheneckhaus in Werneuchen bei Berlin zum Verkauf mit 5 Zimmern, 2 Terrassen, Gartenanteil, inkl. 2 Stellpl\u00e4tze nur 13 km von Berlin!\" \/>\n<meta property=\"og:url\" content=\"https:\/\/grossklein-immobilien.de\/de\/produkt\/neues-reiheneckhaus-in-werneuchen-bei-berlin\/\" \/>\n<meta property=\"article:publisher\" content=\"https:\/\/www.facebook.com\/TOMIC-IMMOBILIEN-110945718988806\/\" \/>\n<meta property=\"article:modified_time\" content=\"2023-08-21T11:04:19+00:00\" \/>\n<meta property=\"og:image\" content=\"https:\/\/grossklein-immobilien.de\/de\/wp-content\/uploads\/2022\/09\/1.jpg\" \/>\n\t<meta property=\"og:image:width\" content=\"1024\" \/>\n\t<meta property=\"og:image:height\" content=\"683\" \/>\n\t<meta property=\"og:image:type\" content=\"image\/jpeg\" \/>\n<meta name=\"twitter:card\" content=\"summary_large_image\" \/>\n<meta name=\"twitter:site\" content=\"@draz_tomic\" \/>\n<meta name=\"twitter:label1\" content=\"Gesch\u00e4tzte Lesezeit\" \/>\n\t<meta name=\"twitter:data1\" content=\"2\u00a0Minuten\" \/>\n<script type=\"application\/ld+json\" class=\"yoast-schema-graph\">{\"@context\":\"https:\/\/schema.org\",\"@graph\":[{\"@type\":\"WebPage\",\"@id\":\"https:\/\/grossklein-immobilien.de\/de\/produkt\/neues-reiheneckhaus-in-werneuchen-bei-berlin\/\",\"url\":\"https:\/\/grossklein-immobilien.de\/de\/produkt\/neues-reiheneckhaus-in-werneuchen-bei-berlin\/\",\"name\":\"Neues Reiheneckhaus in Werneuchen bei Berlin | Gross & Klein Immob.\",\"isPartOf\":{\"@id\":\"https:\/\/grossklein-immobilien.de\/de\/#website\"},\"primaryImageOfPage\":{\"@id\":\"https:\/\/grossklein-immobilien.de\/de\/produkt\/neues-reiheneckhaus-in-werneuchen-bei-berlin\/#primaryimage\"},\"image\":{\"@id\":\"https:\/\/grossklein-immobilien.de\/de\/produkt\/neues-reiheneckhaus-in-werneuchen-bei-berlin\/#primaryimage\"},\"thumbnailUrl\":\"https:\/\/grossklein-immobilien.de\/de\/wp-content\/uploads\/2022\/09\/1.jpg\",\"datePublished\":\"2022-09-15T10:25:48+00:00\",\"dateModified\":\"2023-08-21T11:04:19+00:00\",\"description\":\"Neues Reiheneckhaus in Werneuchen bei Berlin zum Verkauf mit 5 Zimmern, 2 Terrassen, Gartenanteil, inkl. 2 Stellpl\u00e4tze nur 13 km von Berlin!\",\"breadcrumb\":{\"@id\":\"https:\/\/grossklein-immobilien.de\/de\/produkt\/neues-reiheneckhaus-in-werneuchen-bei-berlin\/#breadcrumb\"},\"inLanguage\":\"de\",\"potentialAction\":[{\"@type\":\"ReadAction\",\"target\":[\"https:\/\/grossklein-immobilien.de\/de\/produkt\/neues-reiheneckhaus-in-werneuchen-bei-berlin\/\"]}]},{\"@type\":\"ImageObject\",\"inLanguage\":\"de\",\"@id\":\"https:\/\/grossklein-immobilien.de\/de\/produkt\/neues-reiheneckhaus-in-werneuchen-bei-berlin\/#primaryimage\",\"url\":\"https:\/\/grossklein-immobilien.de\/de\/wp-content\/uploads\/2022\/09\/1.jpg\",\"contentUrl\":\"https:\/\/grossklein-immobilien.de\/de\/wp-content\/uploads\/2022\/09\/1.jpg\",\"width\":1024,\"height\":683},{\"@type\":\"BreadcrumbList\",\"@id\":\"https:\/\/grossklein-immobilien.de\/de\/produkt\/neues-reiheneckhaus-in-werneuchen-bei-berlin\/#breadcrumb\",\"itemListElement\":[{\"@type\":\"ListItem\",\"position\":1,\"name\":\"Home\",\"item\":\"https:\/\/grossklein-immobilien.de\/de\/\"},{\"@type\":\"ListItem\",\"position\":2,\"name\":\"Immobilienangebote\",\"item\":\"https:\/\/grossklein-immobilien.de\/de\/immobilien-berlin\/\"},{\"@type\":\"ListItem\",\"position\":3,\"name\":\"NEUES NIEDERENERGIE REIHENECKHAUS IN WERNEUCHEN BEI BERLIN\"}]},{\"@type\":\"WebSite\",\"@id\":\"https:\/\/grossklein-immobilien.de\/de\/#website\",\"url\":\"https:\/\/grossklein-immobilien.de\/de\/\",\"name\":\"\",\"description\":\"\",\"potentialAction\":[{\"@type\":\"SearchAction\",\"target\":{\"@type\":\"EntryPoint\",\"urlTemplate\":\"https:\/\/grossklein-immobilien.de\/de\/?s={search_term_string}\"},\"query-input\":{\"@type\":\"PropertyValueSpecification\",\"valueRequired\":true,\"valueName\":\"search_term_string\"}}],\"inLanguage\":\"de\"}]}<\/script>\n<!-- \/ Yoast SEO plugin. -->","yoast_head_json":{"title":"Neues Reiheneckhaus in Werneuchen bei Berlin | Gross & Klein Immob.","description":"Neues Reiheneckhaus in Werneuchen bei Berlin zum Verkauf mit 5 Zimmern, 2 Terrassen, Gartenanteil, inkl. 2 Stellpl\u00e4tze nur 13 km von Berlin!","robots":{"index":"index","follow":"follow","max-snippet":"max-snippet:-1","max-image-preview":"max-image-preview:large","max-video-preview":"max-video-preview:-1"},"canonical":"https:\/\/grossklein-immobilien.de\/de\/produkt\/neues-reiheneckhaus-in-werneuchen-bei-berlin\/","og_locale":"de_DE","og_type":"article","og_title":"Neues Reiheneckhaus in Werneuchen bei Berlin | Gross & Klein Immob.","og_description":"Neues Reiheneckhaus in Werneuchen bei Berlin zum Verkauf mit 5 Zimmern, 2 Terrassen, Gartenanteil, inkl. 2 Stellpl\u00e4tze nur 13 km von Berlin!","og_url":"https:\/\/grossklein-immobilien.de\/de\/produkt\/neues-reiheneckhaus-in-werneuchen-bei-berlin\/","article_publisher":"https:\/\/www.facebook.com\/TOMIC-IMMOBILIEN-110945718988806\/","article_modified_time":"2023-08-21T11:04:19+00:00","og_image":[{"width":1024,"height":683,"url":"https:\/\/grossklein-immobilien.de\/de\/wp-content\/uploads\/2022\/09\/1.jpg","type":"image\/jpeg"}],"twitter_card":"summary_large_image","twitter_site":"@draz_tomic","twitter_misc":{"Gesch\u00e4tzte Lesezeit":"2\u00a0Minuten"},"schema":{"@context":"https:\/\/schema.org","@graph":[{"@type":"WebPage","@id":"https:\/\/grossklein-immobilien.de\/de\/produkt\/neues-reiheneckhaus-in-werneuchen-bei-berlin\/","url":"https:\/\/grossklein-immobilien.de\/de\/produkt\/neues-reiheneckhaus-in-werneuchen-bei-berlin\/","name":"Neues Reiheneckhaus in Werneuchen bei Berlin | Gross & Klein Immob.","isPartOf":{"@id":"https:\/\/grossklein-immobilien.de\/de\/#website"},"primaryImageOfPage":{"@id":"https:\/\/grossklein-immobilien.de\/de\/produkt\/neues-reiheneckhaus-in-werneuchen-bei-berlin\/#primaryimage"},"image":{"@id":"https:\/\/grossklein-immobilien.de\/de\/produkt\/neues-reiheneckhaus-in-werneuchen-bei-berlin\/#primaryimage"},"thumbnailUrl":"https:\/\/grossklein-immobilien.de\/de\/wp-content\/uploads\/2022\/09\/1.jpg","datePublished":"2022-09-15T10:25:48+00:00","dateModified":"2023-08-21T11:04:19+00:00","description":"Neues Reiheneckhaus in Werneuchen bei Berlin zum Verkauf mit 5 Zimmern, 2 Terrassen, Gartenanteil, inkl. 2 Stellpl\u00e4tze nur 13 km von Berlin!","breadcrumb":{"@id":"https:\/\/grossklein-immobilien.de\/de\/produkt\/neues-reiheneckhaus-in-werneuchen-bei-berlin\/#breadcrumb"},"inLanguage":"de","potentialAction":[{"@type":"ReadAction","target":["https:\/\/grossklein-immobilien.de\/de\/produkt\/neues-reiheneckhaus-in-werneuchen-bei-berlin\/"]}]},{"@type":"ImageObject","inLanguage":"de","@id":"https:\/\/grossklein-immobilien.de\/de\/produkt\/neues-reiheneckhaus-in-werneuchen-bei-berlin\/#primaryimage","url":"https:\/\/grossklein-immobilien.de\/de\/wp-content\/uploads\/2022\/09\/1.jpg","contentUrl":"https:\/\/grossklein-immobilien.de\/de\/wp-content\/uploads\/2022\/09\/1.jpg","width":1024,"height":683},{"@type":"BreadcrumbList","@id":"https:\/\/grossklein-immobilien.de\/de\/produkt\/neues-reiheneckhaus-in-werneuchen-bei-berlin\/#breadcrumb","itemListElement":[{"@type":"ListItem","position":1,"name":"Home","item":"https:\/\/grossklein-immobilien.de\/de\/"},{"@type":"ListItem","position":2,"name":"Immobilienangebote","item":"https:\/\/grossklein-immobilien.de\/de\/immobilien-berlin\/"},{"@type":"ListItem","position":3,"name":"NEUES NIEDERENERGIE REIHENECKHAUS IN WERNEUCHEN BEI BERLIN"}]},{"@type":"WebSite","@id":"https:\/\/grossklein-immobilien.de\/de\/#website","url":"https:\/\/grossklein-immobilien.de\/de\/","name":"","description":"","potentialAction":[{"@type":"SearchAction","target":{"@type":"EntryPoint","urlTemplate":"https:\/\/grossklein-immobilien.de\/de\/?s={search_term_string}"},"query-input":{"@type":"PropertyValueSpecification","valueRequired":true,"valueName":"search_term_string"}}],"inLanguage":"de"}]}},"uagb_featured_image_src":{"full":["https:\/\/grossklein-immobilien.de\/de\/wp-content\/uploads\/2022\/09\/1.jpg",1024,683,false],"thumbnail":["https:\/\/grossklein-immobilien.de\/de\/wp-content\/uploads\/2022\/09\/1.jpg",150,100,false],"medium":["https:\/\/grossklein-immobilien.de\/de\/wp-content\/uploads\/2022\/09\/1.jpg",300,200,false],"medium_large":["https:\/\/grossklein-immobilien.de\/de\/wp-content\/uploads\/2022\/09\/1.jpg",1024,683,false],"large":["https:\/\/grossklein-immobilien.de\/de\/wp-content\/uploads\/2022\/09\/1.jpg",604,403,false],"1536x1536":["https:\/\/grossklein-immobilien.de\/de\/wp-content\/uploads\/2022\/09\/1.jpg",1024,683,false],"2048x2048":["https:\/\/grossklein-immobilien.de\/de\/wp-content\/uploads\/2022\/09\/1.jpg",1024,683,false],"post-thumbnail":["https:\/\/grossklein-immobilien.de\/de\/wp-content\/uploads\/2022\/09\/1.jpg",405,270,false],"woocommerce_thumbnail":["https:\/\/grossklein-immobilien.de\/de\/wp-content\/uploads\/2022\/09\/1-300x300.jpg",300,300,true],"woocommerce_single":["https:\/\/grossklein-immobilien.de\/de\/wp-content\/uploads\/2022\/09\/1.jpg",1024,683,false],"woocommerce_gallery_thumbnail":["https:\/\/grossklein-immobilien.de\/de\/wp-content\/uploads\/2022\/09\/1-100x100.jpg",100,100,true]},"uagb_author_info":{"display_name":"Drazan Tomic","author_link":"https:\/\/grossklein-immobilien.de\/de\/author\/"},"uagb_comment_info":0,"uagb_excerpt":"Hierbei handelt es sich um ein Neubauprojekt mit 23 Reihenh\u00e4usern und 96 Mietwohnungen in Werneuchen bei Berlin, kurz nach der Stadtgrenze und im beliebten Umland.","_links":{"self":[{"href":"https:\/\/grossklein-immobilien.de\/de\/wp-json\/wp\/v2\/product\/25574","targetHints":{"allow":["GET"]}}],"collection":[{"href":"https:\/\/grossklein-immobilien.de\/de\/wp-json\/wp\/v2\/product"}],"about":[{"href":"https:\/\/grossklein-immobilien.de\/de\/wp-json\/wp\/v2\/types\/product"}],"wp:featuredmedia":[{"embeddable":true,"href":"https:\/\/grossklein-immobilien.de\/de\/wp-json\/wp\/v2\/media\/25884"}],"wp:attachment":[{"href":"https:\/\/grossklein-immobilien.de\/de\/wp-json\/wp\/v2\/media?parent=25574"}],"wp:term":[{"taxonomy":"product_cat","embeddable":true,"href":"https:\/\/grossklein-immobilien.de\/de\/wp-json\/wp\/v2\/product_cat?post=25574"},{"taxonomy":"product_tag","embeddable":true,"href":"https:\/\/grossklein-immobilien.de\/de\/wp-json\/wp\/v2\/product_tag?post=25574"}],"curies":[{"name":"wp","href":"https:\/\/api.w.org\/{rel}","templated":true}]}}