{"id":25630,"date":"2022-09-17T22:38:41","date_gmt":"2022-09-17T20:38:41","guid":{"rendered":"https:\/\/grossklein-immobilien.de\/de\/?post_type=product&#038;p=25630"},"modified":"2023-05-12T12:31:06","modified_gmt":"2023-05-12T10:31:06","slug":"schoene-doppelhaushaelfte-in-zossen-wuensdorf","status":"publish","type":"product","link":"https:\/\/grossklein-immobilien.de\/de\/produkt\/schoene-doppelhaushaelfte-in-zossen-wuensdorf\/","title":{"rendered":"SCH\u00d6NE DOPPELHAUSH\u00c4LFTE IN ZOSSEN-W\u00dcNSDORF"},"content":{"rendered":"<p style=\"text-align: justify;\">Diese Doppelaush\u00e4lfte ist perfekt strukturiert f\u00fcr ein komfortables Familienleben. Zudem gefallen die solide Bauweise und starke Tageslichtintensit\u00e4t in den R\u00e4umlichkeiten. Vom Wohn- und Essbereich erstreckt die Terrasse zum Garten. Gepflegt pr\u00e4sentiert sich diese Immobilie im Landhausstil. Auch das G\u00e4ste-WC und das Badezimmer mit Wanne und Dusche sind zeitgem\u00e4\u00df ausgestattet und adrett. Komfortable sind au\u00dferdem die zwei Schlafzimmer im Obergeschoss wobei eins bei Bedarf geteilt werden k\u00f6nnte.<br \/>\nDas Erdgeschoss bildet mit dem taghellen Wohnraum und der praktischen K\u00fcche eine ideale Basis. Auf dem Grundst\u00fcck ist u.a. eine Garage aufgebaut. Die naturverbundene Umgebung und Seen\u00e4he, der ruhige und gro\u00dfe Garten sowie die dezente Architektur formen eine passendes Angebot f\u00fcr ein sch\u00f6nes Wohlgef\u00fchl.<\/p>\n<p style=\"text-align: justify;\">Diese charmante Doppelhaush\u00e4lfte befindet sich in dem Ortsteil W\u00fcnsdorf der Stadt Zossen und s\u00fcdlich der Berliner City. Der Ortsteil W\u00fcnsdorf wirbt mit seinen beiden Seen und der Milit\u00e4rvergangenheit, au\u00dferdem betr\u00e4gt die Fahrtstrecke bis zur Berliner Stadtgrenze nur circa 35km. \u00dcber die sehr naheliegende Bundesstra\u00dfen 96 und 246 sowie die Autobahnen 10 und 13 sind Berlin aber auch Potsdam oder der Spreewald schnell erreicht. Der Bahnhof W\u00fcnsdorf-Waldstadt ist in weniger als 10 Minuten fu\u00dfl\u00e4ufig erreichbar und von dort aus verkehrt einmal st\u00fcndlich die Regionalbahn nach Berlin und nach Finsterwalde. Der Potsdamer Platz ist nach nur 50 Minuten erreicht. W\u00fcnsdorf verf\u00fcgt \u00fcber zwei Kitas und Tagesmuttis, eine Grundschule sowie eine Oberschule. Weitere Bildungsm\u00f6glichkeiten befinden sich in der N\u00e4he und sind auch mit der Bahn erreichbar.<\/p>\n<p style=\"text-align: justify;\">Apotheken, \u00c4rzte, Einzelhandelsgesch\u00e4fte und viele weitere L\u00e4den des t\u00e4glichen Bedarfs sind in weniger als 10 fu\u00dfl\u00e4ufig erreichbar. Durch die unmittelbare N\u00e4he zu den Seen, die Ruhe und die gute Anbindung nach Berlin gelang es W\u00fcnsdorf in den letzten Jahren viele Familien anzulocken. Neben der puren Erholung ist auch eine Vielfalt an Freizeitangeboten vorhanden. Das Tropical Island ist nach 30 Minuten erreicht und der Spreewald nach circa 45 Minuten.<\/p>\n","protected":false},"excerpt":{"rendered":"<p>Diese Doppelaush\u00e4lfte ist perfekt strukturiert f\u00fcr ein komfortables Familienleben. Zudem gefallen die solide Bauweise und starke Tageslichtintensit\u00e4t in den R\u00e4umlichkeiten. Vom Wohn- und Essbereich erstreckt die Terrasse zum Garten. Gepflegt pr\u00e4sentiert sich diese Immobilie im Landhausstil. Auch das G\u00e4ste-WC und das Badezimmer mit Wanne und Dusche sind zeitgem\u00e4\u00df ausgestattet und adrett. Komfortable sind au\u00dferdem die &hellip; <a href=\"https:\/\/grossklein-immobilien.de\/de\/produkt\/schoene-doppelhaushaelfte-in-zossen-wuensdorf\/\" class=\"more-link\"><span class=\"screen-reader-text\">SCH\u00d6NE DOPPELHAUSH\u00c4LFTE IN ZOSSEN-W\u00dcNSDORF<\/span> weiterlesen <span class=\"meta-nav\">&rarr;<\/span><\/a><\/p>\n","protected":false},"featured_media":25631,"template":"","meta":{"_uag_custom_page_level_css":"","ngg_post_thumbnail":0},"product_cat":[575],"product_tag":[],"class_list":{"0":"post-25630","1":"product","2":"type-product","3":"status-publish","4":"has-post-thumbnail","6":"product_cat-zossen-wuensdorf","7":"pa_balkon-terrasse","8":"pa_baujahr-579","9":"pa_courtage-357-vom-beurk-kaufpreis-2","10":"pa_etage-338","11":"pa_etagen-198","12":"pa_gaeste-wc-15806-zossen","13":"pa_grundstuecksflaeche-578","14":"pa_heizungsart-zentralheizung-gas","15":"pa_objektzustand-gepflegt","16":"pa_standort-zossen-wuensdorf","17":"pa_wohnflaeche-581","18":"pa_zimmer-194","20":"first","21":"outofstock","22":"shipping-taxable","23":"purchasable","24":"product-type-simple"},"yoast_head":"<!-- This site is optimized with the Yoast SEO plugin v26.8 - https:\/\/yoast.com\/product\/yoast-seo-wordpress\/ -->\n<title>Sch\u00f6ne Doppelhaush\u00e4lfte in Zossen-W\u00fcnsdorf - Gross &amp; Klein Immobilien<\/title>\n<meta name=\"description\" content=\"Sch\u00f6ne Doppelhaush\u00e4lfte in Zossen-W\u00fcnsdorf im Kreis Telwow-Fl\u00e4mming mit 5-Zimmern, gro\u00dfem Garten, Garage vor den Toren Berlins.\" \/>\n<meta name=\"robots\" content=\"index, follow, max-snippet:-1, max-image-preview:large, max-video-preview:-1\" \/>\n<link rel=\"canonical\" href=\"https:\/\/grossklein-immobilien.de\/de\/produkt\/schoene-doppelhaushaelfte-in-zossen-wuensdorf\/\" \/>\n<meta property=\"og:locale\" content=\"de_DE\" \/>\n<meta property=\"og:type\" content=\"article\" \/>\n<meta property=\"og:title\" content=\"Sch\u00f6ne Doppelhaush\u00e4lfte in Zossen-W\u00fcnsdorf - Gross &amp; Klein Immobilien\" \/>\n<meta property=\"og:description\" content=\"Sch\u00f6ne Doppelhaush\u00e4lfte in Zossen-W\u00fcnsdorf im Kreis Telwow-Fl\u00e4mming mit 5-Zimmern, gro\u00dfem Garten, Garage vor den Toren Berlins.\" \/>\n<meta property=\"og:url\" content=\"https:\/\/grossklein-immobilien.de\/de\/produkt\/schoene-doppelhaushaelfte-in-zossen-wuensdorf\/\" \/>\n<meta property=\"article:publisher\" content=\"https:\/\/www.facebook.com\/TOMIC-IMMOBILIEN-110945718988806\/\" \/>\n<meta property=\"article:modified_time\" content=\"2023-05-12T10:31:06+00:00\" \/>\n<meta property=\"og:image\" content=\"https:\/\/grossklein-immobilien.de\/de\/wp-content\/uploads\/2022\/09\/IMG_5644-1024x683.jpg\" \/>\n\t<meta property=\"og:image:width\" content=\"1024\" \/>\n\t<meta property=\"og:image:height\" content=\"683\" \/>\n\t<meta property=\"og:image:type\" content=\"image\/jpeg\" \/>\n<meta name=\"twitter:card\" content=\"summary_large_image\" \/>\n<meta name=\"twitter:site\" content=\"@draz_tomic\" \/>\n<meta name=\"twitter:label1\" content=\"Gesch\u00e4tzte Lesezeit\" \/>\n\t<meta name=\"twitter:data1\" content=\"2\u00a0Minuten\" \/>\n<script type=\"application\/ld+json\" class=\"yoast-schema-graph\">{\"@context\":\"https:\/\/schema.org\",\"@graph\":[{\"@type\":\"WebPage\",\"@id\":\"https:\/\/grossklein-immobilien.de\/de\/produkt\/schoene-doppelhaushaelfte-in-zossen-wuensdorf\/\",\"url\":\"https:\/\/grossklein-immobilien.de\/de\/produkt\/schoene-doppelhaushaelfte-in-zossen-wuensdorf\/\",\"name\":\"Sch\u00f6ne Doppelhaush\u00e4lfte in Zossen-W\u00fcnsdorf - Gross & Klein Immobilien\",\"isPartOf\":{\"@id\":\"https:\/\/grossklein-immobilien.de\/de\/#website\"},\"primaryImageOfPage\":{\"@id\":\"https:\/\/grossklein-immobilien.de\/de\/produkt\/schoene-doppelhaushaelfte-in-zossen-wuensdorf\/#primaryimage\"},\"image\":{\"@id\":\"https:\/\/grossklein-immobilien.de\/de\/produkt\/schoene-doppelhaushaelfte-in-zossen-wuensdorf\/#primaryimage\"},\"thumbnailUrl\":\"https:\/\/grossklein-immobilien.de\/de\/wp-content\/uploads\/2022\/09\/IMG_5644.jpg\",\"datePublished\":\"2022-09-17T20:38:41+00:00\",\"dateModified\":\"2023-05-12T10:31:06+00:00\",\"description\":\"Sch\u00f6ne Doppelhaush\u00e4lfte in Zossen-W\u00fcnsdorf im Kreis Telwow-Fl\u00e4mming mit 5-Zimmern, gro\u00dfem Garten, Garage vor den Toren Berlins.\",\"breadcrumb\":{\"@id\":\"https:\/\/grossklein-immobilien.de\/de\/produkt\/schoene-doppelhaushaelfte-in-zossen-wuensdorf\/#breadcrumb\"},\"inLanguage\":\"de\",\"potentialAction\":[{\"@type\":\"ReadAction\",\"target\":[\"https:\/\/grossklein-immobilien.de\/de\/produkt\/schoene-doppelhaushaelfte-in-zossen-wuensdorf\/\"]}]},{\"@type\":\"ImageObject\",\"inLanguage\":\"de\",\"@id\":\"https:\/\/grossklein-immobilien.de\/de\/produkt\/schoene-doppelhaushaelfte-in-zossen-wuensdorf\/#primaryimage\",\"url\":\"https:\/\/grossklein-immobilien.de\/de\/wp-content\/uploads\/2022\/09\/IMG_5644.jpg\",\"contentUrl\":\"https:\/\/grossklein-immobilien.de\/de\/wp-content\/uploads\/2022\/09\/IMG_5644.jpg\",\"width\":1773,\"height\":1182},{\"@type\":\"BreadcrumbList\",\"@id\":\"https:\/\/grossklein-immobilien.de\/de\/produkt\/schoene-doppelhaushaelfte-in-zossen-wuensdorf\/#breadcrumb\",\"itemListElement\":[{\"@type\":\"ListItem\",\"position\":1,\"name\":\"Home\",\"item\":\"https:\/\/grossklein-immobilien.de\/de\/\"},{\"@type\":\"ListItem\",\"position\":2,\"name\":\"Immobilienangebote\",\"item\":\"https:\/\/grossklein-immobilien.de\/de\/immobilien-berlin\/\"},{\"@type\":\"ListItem\",\"position\":3,\"name\":\"SCH\u00d6NE DOPPELHAUSH\u00c4LFTE IN ZOSSEN-W\u00dcNSDORF\"}]},{\"@type\":\"WebSite\",\"@id\":\"https:\/\/grossklein-immobilien.de\/de\/#website\",\"url\":\"https:\/\/grossklein-immobilien.de\/de\/\",\"name\":\"\",\"description\":\"\",\"potentialAction\":[{\"@type\":\"SearchAction\",\"target\":{\"@type\":\"EntryPoint\",\"urlTemplate\":\"https:\/\/grossklein-immobilien.de\/de\/?s={search_term_string}\"},\"query-input\":{\"@type\":\"PropertyValueSpecification\",\"valueRequired\":true,\"valueName\":\"search_term_string\"}}],\"inLanguage\":\"de\"}]}<\/script>\n<!-- \/ Yoast SEO plugin. -->","yoast_head_json":{"title":"Sch\u00f6ne Doppelhaush\u00e4lfte in Zossen-W\u00fcnsdorf - Gross & Klein Immobilien","description":"Sch\u00f6ne Doppelhaush\u00e4lfte in Zossen-W\u00fcnsdorf im Kreis Telwow-Fl\u00e4mming mit 5-Zimmern, gro\u00dfem Garten, Garage vor den Toren Berlins.","robots":{"index":"index","follow":"follow","max-snippet":"max-snippet:-1","max-image-preview":"max-image-preview:large","max-video-preview":"max-video-preview:-1"},"canonical":"https:\/\/grossklein-immobilien.de\/de\/produkt\/schoene-doppelhaushaelfte-in-zossen-wuensdorf\/","og_locale":"de_DE","og_type":"article","og_title":"Sch\u00f6ne Doppelhaush\u00e4lfte in Zossen-W\u00fcnsdorf - Gross & Klein Immobilien","og_description":"Sch\u00f6ne Doppelhaush\u00e4lfte in Zossen-W\u00fcnsdorf im Kreis Telwow-Fl\u00e4mming mit 5-Zimmern, gro\u00dfem Garten, Garage vor den Toren Berlins.","og_url":"https:\/\/grossklein-immobilien.de\/de\/produkt\/schoene-doppelhaushaelfte-in-zossen-wuensdorf\/","article_publisher":"https:\/\/www.facebook.com\/TOMIC-IMMOBILIEN-110945718988806\/","article_modified_time":"2023-05-12T10:31:06+00:00","og_image":[{"width":1024,"height":683,"url":"https:\/\/grossklein-immobilien.de\/de\/wp-content\/uploads\/2022\/09\/IMG_5644-1024x683.jpg","type":"image\/jpeg"}],"twitter_card":"summary_large_image","twitter_site":"@draz_tomic","twitter_misc":{"Gesch\u00e4tzte Lesezeit":"2\u00a0Minuten"},"schema":{"@context":"https:\/\/schema.org","@graph":[{"@type":"WebPage","@id":"https:\/\/grossklein-immobilien.de\/de\/produkt\/schoene-doppelhaushaelfte-in-zossen-wuensdorf\/","url":"https:\/\/grossklein-immobilien.de\/de\/produkt\/schoene-doppelhaushaelfte-in-zossen-wuensdorf\/","name":"Sch\u00f6ne Doppelhaush\u00e4lfte in Zossen-W\u00fcnsdorf - Gross & Klein Immobilien","isPartOf":{"@id":"https:\/\/grossklein-immobilien.de\/de\/#website"},"primaryImageOfPage":{"@id":"https:\/\/grossklein-immobilien.de\/de\/produkt\/schoene-doppelhaushaelfte-in-zossen-wuensdorf\/#primaryimage"},"image":{"@id":"https:\/\/grossklein-immobilien.de\/de\/produkt\/schoene-doppelhaushaelfte-in-zossen-wuensdorf\/#primaryimage"},"thumbnailUrl":"https:\/\/grossklein-immobilien.de\/de\/wp-content\/uploads\/2022\/09\/IMG_5644.jpg","datePublished":"2022-09-17T20:38:41+00:00","dateModified":"2023-05-12T10:31:06+00:00","description":"Sch\u00f6ne Doppelhaush\u00e4lfte in Zossen-W\u00fcnsdorf im Kreis Telwow-Fl\u00e4mming mit 5-Zimmern, gro\u00dfem Garten, Garage vor den Toren Berlins.","breadcrumb":{"@id":"https:\/\/grossklein-immobilien.de\/de\/produkt\/schoene-doppelhaushaelfte-in-zossen-wuensdorf\/#breadcrumb"},"inLanguage":"de","potentialAction":[{"@type":"ReadAction","target":["https:\/\/grossklein-immobilien.de\/de\/produkt\/schoene-doppelhaushaelfte-in-zossen-wuensdorf\/"]}]},{"@type":"ImageObject","inLanguage":"de","@id":"https:\/\/grossklein-immobilien.de\/de\/produkt\/schoene-doppelhaushaelfte-in-zossen-wuensdorf\/#primaryimage","url":"https:\/\/grossklein-immobilien.de\/de\/wp-content\/uploads\/2022\/09\/IMG_5644.jpg","contentUrl":"https:\/\/grossklein-immobilien.de\/de\/wp-content\/uploads\/2022\/09\/IMG_5644.jpg","width":1773,"height":1182},{"@type":"BreadcrumbList","@id":"https:\/\/grossklein-immobilien.de\/de\/produkt\/schoene-doppelhaushaelfte-in-zossen-wuensdorf\/#breadcrumb","itemListElement":[{"@type":"ListItem","position":1,"name":"Home","item":"https:\/\/grossklein-immobilien.de\/de\/"},{"@type":"ListItem","position":2,"name":"Immobilienangebote","item":"https:\/\/grossklein-immobilien.de\/de\/immobilien-berlin\/"},{"@type":"ListItem","position":3,"name":"SCH\u00d6NE DOPPELHAUSH\u00c4LFTE IN ZOSSEN-W\u00dcNSDORF"}]},{"@type":"WebSite","@id":"https:\/\/grossklein-immobilien.de\/de\/#website","url":"https:\/\/grossklein-immobilien.de\/de\/","name":"","description":"","potentialAction":[{"@type":"SearchAction","target":{"@type":"EntryPoint","urlTemplate":"https:\/\/grossklein-immobilien.de\/de\/?s={search_term_string}"},"query-input":{"@type":"PropertyValueSpecification","valueRequired":true,"valueName":"search_term_string"}}],"inLanguage":"de"}]}},"uagb_featured_image_src":{"full":["https:\/\/grossklein-immobilien.de\/de\/wp-content\/uploads\/2022\/09\/IMG_5644.jpg",1773,1182,false],"thumbnail":["https:\/\/grossklein-immobilien.de\/de\/wp-content\/uploads\/2022\/09\/IMG_5644-150x150.jpg",150,150,true],"medium":["https:\/\/grossklein-immobilien.de\/de\/wp-content\/uploads\/2022\/09\/IMG_5644-300x200.jpg",300,200,true],"medium_large":["https:\/\/grossklein-immobilien.de\/de\/wp-content\/uploads\/2022\/09\/IMG_5644.jpg",1773,1182,false],"large":["https:\/\/grossklein-immobilien.de\/de\/wp-content\/uploads\/2022\/09\/IMG_5644-1024x683.jpg",604,403,true],"1536x1536":["https:\/\/grossklein-immobilien.de\/de\/wp-content\/uploads\/2022\/09\/IMG_5644-1536x1024.jpg",1536,1024,true],"2048x2048":["https:\/\/grossklein-immobilien.de\/de\/wp-content\/uploads\/2022\/09\/IMG_5644.jpg",1773,1182,false],"post-thumbnail":["https:\/\/grossklein-immobilien.de\/de\/wp-content\/uploads\/2022\/09\/IMG_5644-604x270.jpg",604,270,true],"woocommerce_thumbnail":["https:\/\/grossklein-immobilien.de\/de\/wp-content\/uploads\/2022\/09\/IMG_5644-300x300.jpg",300,300,true],"woocommerce_single":["https:\/\/grossklein-immobilien.de\/de\/wp-content\/uploads\/2022\/09\/IMG_5644-1200x800.jpg",1200,800,true],"woocommerce_gallery_thumbnail":["https:\/\/grossklein-immobilien.de\/de\/wp-content\/uploads\/2022\/09\/IMG_5644-100x100.jpg",100,100,true]},"uagb_author_info":{"display_name":"Drazan Tomic","author_link":"https:\/\/grossklein-immobilien.de\/de\/author\/"},"uagb_comment_info":0,"uagb_excerpt":"Diese Doppelaush\u00e4lfte ist perfekt strukturiert f\u00fcr ein komfortables Familienleben. Zudem gefallen die solide Bauweise und starke Tageslichtintensit\u00e4t in den R\u00e4umlichkeiten. Vom Wohn- und Essbereich erstreckt die Terrasse zum Garten. Gepflegt pr\u00e4sentiert sich diese Immobilie im Landhausstil. Auch das G\u00e4ste-WC und das Badezimmer mit Wanne und Dusche sind zeitgem\u00e4\u00df ausgestattet und adrett. Komfortable sind au\u00dferdem die&hellip;","_links":{"self":[{"href":"https:\/\/grossklein-immobilien.de\/de\/wp-json\/wp\/v2\/product\/25630","targetHints":{"allow":["GET"]}}],"collection":[{"href":"https:\/\/grossklein-immobilien.de\/de\/wp-json\/wp\/v2\/product"}],"about":[{"href":"https:\/\/grossklein-immobilien.de\/de\/wp-json\/wp\/v2\/types\/product"}],"wp:featuredmedia":[{"embeddable":true,"href":"https:\/\/grossklein-immobilien.de\/de\/wp-json\/wp\/v2\/media\/25631"}],"wp:attachment":[{"href":"https:\/\/grossklein-immobilien.de\/de\/wp-json\/wp\/v2\/media?parent=25630"}],"wp:term":[{"taxonomy":"product_cat","embeddable":true,"href":"https:\/\/grossklein-immobilien.de\/de\/wp-json\/wp\/v2\/product_cat?post=25630"},{"taxonomy":"product_tag","embeddable":true,"href":"https:\/\/grossklein-immobilien.de\/de\/wp-json\/wp\/v2\/product_tag?post=25630"}],"curies":[{"name":"wp","href":"https:\/\/api.w.org\/{rel}","templated":true}]}}