{"id":25655,"date":"2022-09-19T19:52:59","date_gmt":"2022-09-19T17:52:59","guid":{"rendered":"https:\/\/grossklein-immobilien.de\/de\/?post_type=product&#038;p=25655"},"modified":"2023-08-15T21:56:31","modified_gmt":"2023-08-15T19:56:31","slug":"doppelhaushaelfte-mit-viel-platz","status":"publish","type":"product","link":"https:\/\/grossklein-immobilien.de\/de\/produkt\/doppelhaushaelfte-mit-viel-platz\/","title":{"rendered":"DOPPELHAUSH\u00c4LFTE MIT VIEL PLATZ &#038; POTENZIAL IN W\u00dcNSDORF"},"content":{"rendered":"<p>Diese Doppelaush\u00e4lfte mit viel Potenzial ist ideal f\u00fcr eine Familie geeignet. Zudem gefallen die solide Bauweise und gute Lichtverh\u00e4ltnisse in den R\u00e4umlichkeiten. Vom Wohn- und Essbereich erstreckt die Terrasse zum Garten. Im Obergeschoss befinden sich 3 komfortable Schlafzimmer. Neben dem Badezimmer ist ein G\u00e4ste-WC vorhanden.<br \/>\nDas Erdgeschoss bildet mit dem taghellen Wohnraum und der offenen K\u00fcche einen zentralen Aufenthaltsraum. Die naturverbundene Umgebung und Seen\u00e4he, der ruhige und gro\u00dfe Garten sowie die dezente Architektur formen ein passendes Angebot f\u00fcr ein sch\u00f6nes Wohngef\u00fchl.<\/p>\n<h2>Merkmale:<\/h2>\n<p>+ ZOSSEN-W\u00dcNSDORF<br \/>\n+ KREIS TELTOW-FL\u00c4MING<br \/>\n+ VOR DEN TOREN BERLINS<br \/>\n+ RUHIGE WOHNLAGE<br \/>\n+ SCH\u00d6NE DOPPELHAUSH\u00c4LFTE<br \/>\n+ 4 ZIMMER VERTEILT AUF 114 m\u00b2<br \/>\n+ PRAKTISCHER GRUNDRISS<br \/>\n+ OFFENE K\u00dcCHE<br \/>\n+ TERRASSE<br \/>\n+ G\u00c4STE-WC<br \/>\n+ MODERNES BADEZIMMER MIT WANNE UND DUSCHE<br \/>\n+ GARTEN MIT 600 m\u00b2<br \/>\n+ TEILUNTERKELLERT<br \/>\n+ GARAGE VORHANDEN<\/p>\n<h3>Lage:<\/h3>\n<p>Diese charmante Doppelhaush\u00e4lfte befindet sich in dem Ortsteil W\u00fcnsdorf der Stadt Zossen und s\u00fcdlich der Berliner City. Der Ortsteil W\u00fcnsdorf wirbt mit seinen beiden Seen und der Milit\u00e4rvergangenheit, au\u00dferdem betr\u00e4gt die Fahrtstrecke bis zur Berliner Stadtgrenze nur circa 35km. \u00dcber die sehr naheliegende Bundesstra\u00dfen 96 und 246 sowie die Autobahnen 10 und 13 sind Berlin aber auch Potsdam oder der Spreewald schnell erreicht. Der Bahnhof W\u00fcnsdorf-Waldstadt ist in weniger als 10 Minuten fu\u00dfl\u00e4ufig erreichbar und von dort aus verkehrt einmal st\u00fcndlich die Regionalbahn nach Berlin und nach Finsterwalde. Der Potsdamer Platz ist nach nur 50 Minuten erreicht.<\/p>\n<p>W\u00fcnsdorf verf\u00fcgt \u00fcber zwei Kitas und Tagesmuttis, eine Grundschule sowie eine Oberschule. Weitere Bildungsm\u00f6glichkeiten befinden sich in der N\u00e4he und sind auch mit der Bahn erreichbar. Apotheken, \u00c4rzte, Einzelhandelsgesch\u00e4fte und viele weitere L\u00e4den des t\u00e4glichen Bedarfs sind in weniger als 10 fu\u00dfl\u00e4ufig erreichbar. Durch die unmittelbare N\u00e4he zu den Seen, die Ruhe und die gute Anbindung nach Berlin gelang es W\u00fcnsdorf in den letzten Jahren viele Familien anzulocken. Neben der puren Erholung ist auch eine Vielfalt an Freizeitangeboten vorhanden. Das Tropical Island ist nach 30 Minuten erreicht und der Spreewald nach circa 45 Minuten.<\/p>\n","protected":false},"excerpt":{"rendered":"<p>Es handelt sich hierbei um eine sch\u00f6ne Doppelhaush\u00e4lfte mit viel Platz f\u00fcr eine Familie.<\/p>\n","protected":false},"featured_media":25670,"template":"","meta":{"_uag_custom_page_level_css":"","ngg_post_thumbnail":0},"product_cat":[575,26,422,417],"product_tag":[],"class_list":{"0":"post-25655","1":"product","2":"type-product","3":"status-publish","4":"has-post-thumbnail","6":"product_cat-zossen-wuensdorf","7":"product_cat-einfamilienhaeuser","8":"product_cat-110-140","9":"product_cat-417","10":"pa_adresse-agnesstr-20-15806-zossen","11":"pa_balkon-terrasse","12":"pa_baujahr-579","13":"pa_befeuerung-gas","14":"pa_courtage-357-vom-beurk-kaufpreis-2","15":"pa_etagen-198","16":"pa_gaeste-wc-ja","17":"pa_grundstuecksflaeche-440","18":"pa_heizungsart-zentralheizung-gas","19":"pa_objektzustand-nach-vereinbarung","20":"pa_standort-zossen-wuensdorf","21":"pa_wohnflaeche-581","22":"pa_zimmer-276","24":"first","25":"outofstock","26":"shipping-taxable","27":"purchasable","28":"product-type-simple"},"yoast_head":"<!-- This site is optimized with the Yoast SEO plugin v26.8 - https:\/\/yoast.com\/product\/yoast-seo-wordpress\/ -->\n<title>Doppelhaush\u00e4lfte mit viel Platz und Potenzial in Zossen-W\u00fcnsdorf<\/title>\n<meta name=\"description\" content=\"Doppelhaush\u00e4lfte mit viel Platz und Potenzial in Zossen-W\u00fcnsdorf mit 4-Zimmern, 600m\u00b2 Garten, Vollbad und G\u00e4ste-WC inmitten sch\u00f6ner Natur.\" \/>\n<meta name=\"robots\" content=\"index, follow, max-snippet:-1, max-image-preview:large, max-video-preview:-1\" \/>\n<link rel=\"canonical\" href=\"https:\/\/grossklein-immobilien.de\/de\/produkt\/doppelhaushaelfte-mit-viel-platz\/\" \/>\n<meta property=\"og:locale\" content=\"de_DE\" \/>\n<meta property=\"og:type\" content=\"article\" \/>\n<meta property=\"og:title\" content=\"Doppelhaush\u00e4lfte mit viel Platz und Potenzial in Zossen-W\u00fcnsdorf\" \/>\n<meta property=\"og:description\" content=\"Doppelhaush\u00e4lfte mit viel Platz und Potenzial in Zossen-W\u00fcnsdorf mit 4-Zimmern, 600m\u00b2 Garten, Vollbad und G\u00e4ste-WC inmitten sch\u00f6ner Natur.\" \/>\n<meta property=\"og:url\" content=\"https:\/\/grossklein-immobilien.de\/de\/produkt\/doppelhaushaelfte-mit-viel-platz\/\" \/>\n<meta property=\"article:publisher\" content=\"https:\/\/www.facebook.com\/TOMIC-IMMOBILIEN-110945718988806\/\" \/>\n<meta property=\"article:modified_time\" content=\"2023-08-15T19:56:31+00:00\" \/>\n<meta property=\"og:image\" content=\"https:\/\/grossklein-immobilien.de\/de\/wp-content\/uploads\/2022\/09\/IMG_5682-e1668512221178.jpg\" \/>\n\t<meta property=\"og:image:width\" content=\"1646\" \/>\n\t<meta property=\"og:image:height\" content=\"1099\" \/>\n\t<meta property=\"og:image:type\" content=\"image\/jpeg\" \/>\n<meta name=\"twitter:card\" content=\"summary_large_image\" \/>\n<meta name=\"twitter:site\" content=\"@draz_tomic\" \/>\n<meta name=\"twitter:label1\" content=\"Gesch\u00e4tzte Lesezeit\" \/>\n\t<meta name=\"twitter:data1\" content=\"2\u00a0Minuten\" \/>\n<script type=\"application\/ld+json\" class=\"yoast-schema-graph\">{\"@context\":\"https:\/\/schema.org\",\"@graph\":[{\"@type\":\"WebPage\",\"@id\":\"https:\/\/grossklein-immobilien.de\/de\/produkt\/doppelhaushaelfte-mit-viel-platz\/\",\"url\":\"https:\/\/grossklein-immobilien.de\/de\/produkt\/doppelhaushaelfte-mit-viel-platz\/\",\"name\":\"Doppelhaush\u00e4lfte mit viel Platz und Potenzial in Zossen-W\u00fcnsdorf\",\"isPartOf\":{\"@id\":\"https:\/\/grossklein-immobilien.de\/de\/#website\"},\"primaryImageOfPage\":{\"@id\":\"https:\/\/grossklein-immobilien.de\/de\/produkt\/doppelhaushaelfte-mit-viel-platz\/#primaryimage\"},\"image\":{\"@id\":\"https:\/\/grossklein-immobilien.de\/de\/produkt\/doppelhaushaelfte-mit-viel-platz\/#primaryimage\"},\"thumbnailUrl\":\"https:\/\/grossklein-immobilien.de\/de\/wp-content\/uploads\/2022\/09\/IMG_5682-e1668512221178.jpg\",\"datePublished\":\"2022-09-19T17:52:59+00:00\",\"dateModified\":\"2023-08-15T19:56:31+00:00\",\"description\":\"Doppelhaush\u00e4lfte mit viel Platz und Potenzial in Zossen-W\u00fcnsdorf mit 4-Zimmern, 600m\u00b2 Garten, Vollbad und G\u00e4ste-WC inmitten sch\u00f6ner Natur.\",\"breadcrumb\":{\"@id\":\"https:\/\/grossklein-immobilien.de\/de\/produkt\/doppelhaushaelfte-mit-viel-platz\/#breadcrumb\"},\"inLanguage\":\"de\",\"potentialAction\":[{\"@type\":\"ReadAction\",\"target\":[\"https:\/\/grossklein-immobilien.de\/de\/produkt\/doppelhaushaelfte-mit-viel-platz\/\"]}]},{\"@type\":\"ImageObject\",\"inLanguage\":\"de\",\"@id\":\"https:\/\/grossklein-immobilien.de\/de\/produkt\/doppelhaushaelfte-mit-viel-platz\/#primaryimage\",\"url\":\"https:\/\/grossklein-immobilien.de\/de\/wp-content\/uploads\/2022\/09\/IMG_5682-e1668512221178.jpg\",\"contentUrl\":\"https:\/\/grossklein-immobilien.de\/de\/wp-content\/uploads\/2022\/09\/IMG_5682-e1668512221178.jpg\",\"width\":1646,\"height\":1099},{\"@type\":\"BreadcrumbList\",\"@id\":\"https:\/\/grossklein-immobilien.de\/de\/produkt\/doppelhaushaelfte-mit-viel-platz\/#breadcrumb\",\"itemListElement\":[{\"@type\":\"ListItem\",\"position\":1,\"name\":\"Home\",\"item\":\"https:\/\/grossklein-immobilien.de\/de\/\"},{\"@type\":\"ListItem\",\"position\":2,\"name\":\"Immobilienangebote\",\"item\":\"https:\/\/grossklein-immobilien.de\/de\/immobilien-berlin\/\"},{\"@type\":\"ListItem\",\"position\":3,\"name\":\"DOPPELHAUSH\u00c4LFTE MIT VIEL PLATZ &#038; POTENZIAL IN W\u00dcNSDORF\"}]},{\"@type\":\"WebSite\",\"@id\":\"https:\/\/grossklein-immobilien.de\/de\/#website\",\"url\":\"https:\/\/grossklein-immobilien.de\/de\/\",\"name\":\"\",\"description\":\"\",\"potentialAction\":[{\"@type\":\"SearchAction\",\"target\":{\"@type\":\"EntryPoint\",\"urlTemplate\":\"https:\/\/grossklein-immobilien.de\/de\/?s={search_term_string}\"},\"query-input\":{\"@type\":\"PropertyValueSpecification\",\"valueRequired\":true,\"valueName\":\"search_term_string\"}}],\"inLanguage\":\"de\"}]}<\/script>\n<!-- \/ Yoast SEO plugin. -->","yoast_head_json":{"title":"Doppelhaush\u00e4lfte mit viel Platz und Potenzial in Zossen-W\u00fcnsdorf","description":"Doppelhaush\u00e4lfte mit viel Platz und Potenzial in Zossen-W\u00fcnsdorf mit 4-Zimmern, 600m\u00b2 Garten, Vollbad und G\u00e4ste-WC inmitten sch\u00f6ner Natur.","robots":{"index":"index","follow":"follow","max-snippet":"max-snippet:-1","max-image-preview":"max-image-preview:large","max-video-preview":"max-video-preview:-1"},"canonical":"https:\/\/grossklein-immobilien.de\/de\/produkt\/doppelhaushaelfte-mit-viel-platz\/","og_locale":"de_DE","og_type":"article","og_title":"Doppelhaush\u00e4lfte mit viel Platz und Potenzial in Zossen-W\u00fcnsdorf","og_description":"Doppelhaush\u00e4lfte mit viel Platz und Potenzial in Zossen-W\u00fcnsdorf mit 4-Zimmern, 600m\u00b2 Garten, Vollbad und G\u00e4ste-WC inmitten sch\u00f6ner Natur.","og_url":"https:\/\/grossklein-immobilien.de\/de\/produkt\/doppelhaushaelfte-mit-viel-platz\/","article_publisher":"https:\/\/www.facebook.com\/TOMIC-IMMOBILIEN-110945718988806\/","article_modified_time":"2023-08-15T19:56:31+00:00","og_image":[{"width":1646,"height":1099,"url":"https:\/\/grossklein-immobilien.de\/de\/wp-content\/uploads\/2022\/09\/IMG_5682-e1668512221178.jpg","type":"image\/jpeg"}],"twitter_card":"summary_large_image","twitter_site":"@draz_tomic","twitter_misc":{"Gesch\u00e4tzte Lesezeit":"2\u00a0Minuten"},"schema":{"@context":"https:\/\/schema.org","@graph":[{"@type":"WebPage","@id":"https:\/\/grossklein-immobilien.de\/de\/produkt\/doppelhaushaelfte-mit-viel-platz\/","url":"https:\/\/grossklein-immobilien.de\/de\/produkt\/doppelhaushaelfte-mit-viel-platz\/","name":"Doppelhaush\u00e4lfte mit viel Platz und Potenzial in Zossen-W\u00fcnsdorf","isPartOf":{"@id":"https:\/\/grossklein-immobilien.de\/de\/#website"},"primaryImageOfPage":{"@id":"https:\/\/grossklein-immobilien.de\/de\/produkt\/doppelhaushaelfte-mit-viel-platz\/#primaryimage"},"image":{"@id":"https:\/\/grossklein-immobilien.de\/de\/produkt\/doppelhaushaelfte-mit-viel-platz\/#primaryimage"},"thumbnailUrl":"https:\/\/grossklein-immobilien.de\/de\/wp-content\/uploads\/2022\/09\/IMG_5682-e1668512221178.jpg","datePublished":"2022-09-19T17:52:59+00:00","dateModified":"2023-08-15T19:56:31+00:00","description":"Doppelhaush\u00e4lfte mit viel Platz und Potenzial in Zossen-W\u00fcnsdorf mit 4-Zimmern, 600m\u00b2 Garten, Vollbad und G\u00e4ste-WC inmitten sch\u00f6ner Natur.","breadcrumb":{"@id":"https:\/\/grossklein-immobilien.de\/de\/produkt\/doppelhaushaelfte-mit-viel-platz\/#breadcrumb"},"inLanguage":"de","potentialAction":[{"@type":"ReadAction","target":["https:\/\/grossklein-immobilien.de\/de\/produkt\/doppelhaushaelfte-mit-viel-platz\/"]}]},{"@type":"ImageObject","inLanguage":"de","@id":"https:\/\/grossklein-immobilien.de\/de\/produkt\/doppelhaushaelfte-mit-viel-platz\/#primaryimage","url":"https:\/\/grossklein-immobilien.de\/de\/wp-content\/uploads\/2022\/09\/IMG_5682-e1668512221178.jpg","contentUrl":"https:\/\/grossklein-immobilien.de\/de\/wp-content\/uploads\/2022\/09\/IMG_5682-e1668512221178.jpg","width":1646,"height":1099},{"@type":"BreadcrumbList","@id":"https:\/\/grossklein-immobilien.de\/de\/produkt\/doppelhaushaelfte-mit-viel-platz\/#breadcrumb","itemListElement":[{"@type":"ListItem","position":1,"name":"Home","item":"https:\/\/grossklein-immobilien.de\/de\/"},{"@type":"ListItem","position":2,"name":"Immobilienangebote","item":"https:\/\/grossklein-immobilien.de\/de\/immobilien-berlin\/"},{"@type":"ListItem","position":3,"name":"DOPPELHAUSH\u00c4LFTE MIT VIEL PLATZ &#038; POTENZIAL IN W\u00dcNSDORF"}]},{"@type":"WebSite","@id":"https:\/\/grossklein-immobilien.de\/de\/#website","url":"https:\/\/grossklein-immobilien.de\/de\/","name":"","description":"","potentialAction":[{"@type":"SearchAction","target":{"@type":"EntryPoint","urlTemplate":"https:\/\/grossklein-immobilien.de\/de\/?s={search_term_string}"},"query-input":{"@type":"PropertyValueSpecification","valueRequired":true,"valueName":"search_term_string"}}],"inLanguage":"de"}]}},"uagb_featured_image_src":{"full":["https:\/\/grossklein-immobilien.de\/de\/wp-content\/uploads\/2022\/09\/IMG_5682-e1668512221178.jpg",1646,1099,false],"thumbnail":["https:\/\/grossklein-immobilien.de\/de\/wp-content\/uploads\/2022\/09\/IMG_5682-e1668512221178-150x150.jpg",150,150,true],"medium":["https:\/\/grossklein-immobilien.de\/de\/wp-content\/uploads\/2022\/09\/IMG_5682-e1668512221178-300x200.jpg",300,200,true],"medium_large":["https:\/\/grossklein-immobilien.de\/de\/wp-content\/uploads\/2022\/09\/IMG_5682-e1668512221178.jpg",1646,1099,false],"large":["https:\/\/grossklein-immobilien.de\/de\/wp-content\/uploads\/2022\/09\/IMG_5682-e1668512221178-1024x684.jpg",604,403,true],"1536x1536":["https:\/\/grossklein-immobilien.de\/de\/wp-content\/uploads\/2022\/09\/IMG_5682-e1668512221178-1536x1026.jpg",1536,1026,true],"2048x2048":["https:\/\/grossklein-immobilien.de\/de\/wp-content\/uploads\/2022\/09\/IMG_5682-2048x1365.jpg",2048,1365,true],"post-thumbnail":["https:\/\/grossklein-immobilien.de\/de\/wp-content\/uploads\/2022\/09\/IMG_5682-e1668512221178-604x270.jpg",604,270,true],"woocommerce_thumbnail":["https:\/\/grossklein-immobilien.de\/de\/wp-content\/uploads\/2022\/09\/IMG_5682-e1668512221178-300x300.jpg",300,300,true],"woocommerce_single":["https:\/\/grossklein-immobilien.de\/de\/wp-content\/uploads\/2022\/09\/IMG_5682-e1668512221178-1200x801.jpg",1200,801,true],"woocommerce_gallery_thumbnail":["https:\/\/grossklein-immobilien.de\/de\/wp-content\/uploads\/2022\/09\/IMG_5682-e1668512221178-100x100.jpg",100,100,true]},"uagb_author_info":{"display_name":"Drazan Tomic","author_link":"https:\/\/grossklein-immobilien.de\/de\/author\/"},"uagb_comment_info":0,"uagb_excerpt":"Es handelt sich hierbei um eine sch\u00f6ne Doppelhaush\u00e4lfte mit viel Platz f\u00fcr eine Familie.","_links":{"self":[{"href":"https:\/\/grossklein-immobilien.de\/de\/wp-json\/wp\/v2\/product\/25655","targetHints":{"allow":["GET"]}}],"collection":[{"href":"https:\/\/grossklein-immobilien.de\/de\/wp-json\/wp\/v2\/product"}],"about":[{"href":"https:\/\/grossklein-immobilien.de\/de\/wp-json\/wp\/v2\/types\/product"}],"wp:featuredmedia":[{"embeddable":true,"href":"https:\/\/grossklein-immobilien.de\/de\/wp-json\/wp\/v2\/media\/25670"}],"wp:attachment":[{"href":"https:\/\/grossklein-immobilien.de\/de\/wp-json\/wp\/v2\/media?parent=25655"}],"wp:term":[{"taxonomy":"product_cat","embeddable":true,"href":"https:\/\/grossklein-immobilien.de\/de\/wp-json\/wp\/v2\/product_cat?post=25655"},{"taxonomy":"product_tag","embeddable":true,"href":"https:\/\/grossklein-immobilien.de\/de\/wp-json\/wp\/v2\/product_tag?post=25655"}],"curies":[{"name":"wp","href":"https:\/\/api.w.org\/{rel}","templated":true}]}}