{"id":25682,"date":"2022-09-25T17:33:37","date_gmt":"2022-09-25T15:33:37","guid":{"rendered":"https:\/\/grossklein-immobilien.de\/de\/?post_type=product&#038;p=25682"},"modified":"2023-05-12T12:30:03","modified_gmt":"2023-05-12T10:30:03","slug":"renovierungsbeduerftige-wohnung-in-berlin-kreuzberg","status":"publish","type":"product","link":"https:\/\/grossklein-immobilien.de\/de\/produkt\/renovierungsbeduerftige-wohnung-in-berlin-kreuzberg\/","title":{"rendered":"RENOVIERUNGSBED\u00dcRFTIGE WOHNUNG IN KREUZBERG"},"content":{"rendered":"<h2>Objektbeschreibung:<\/h2>\n<p>Hierbei handelt es sich um ein Geb\u00e4ude, das in 1960 erbaut wurde. In 2017\/2018 wurde das Geb\u00e4ude an die Fernw\u00e4rme angeschlo\u00dfen, das Dach wurde erneuert und die Treppenh\u00e4user wurden renoviert. Seit 2018 werden in diesem Haus die Wohnung privatisiert. Zum Teil wurden die Wohnungen im sanierten Zustand zum Verkauf angebiten und in unsaniertem. des Weiteren gibt es noch weitere Wohnungen, die im vermieteten Zustand zur Kapitalanlage angeboten werden und aktuell erworben werden k\u00f6nnen.<\/p>\n<h3>Lage:<\/h3>\n<p>Das Objekt befindet sich in einer sehr zentralen aber ruhigen Lage in Berlin-Kreuzberg zwischen Moritzplatz und Prinzenstra\u00dfe gelegen.<\/p>\n<h4>Ausstattung:<\/h4>\n<p>+ MITTEN IN KREUZBERG<br \/>\n+ UNWEIT U-BAHNSTATION PRINZENSTRASSE<br \/>\n+ RUHIGE SEITENSTRASSE<br \/>\n+ HELL UND SONNIG<br \/>\n+ 3-ZIMMER WOHNUNG<br \/>\n+ RENOVIERUNGSBED\u00dcRFTIG<br \/>\n+ 2.OG MIT AUFZUG<br \/>\n+ HAUS IN 2017 SANIERT<br \/>\n+ PRAKTISCHER GRUNDRISS<br \/>\n+ MIT BALKON ZUR SONNENSEITE<br \/>\n* BADEZIMMER MIT FENSTER<br \/>\n+ SEPARATE K\u00dcCHE<br \/>\n+ AUFZUG VORHANDEN<br \/>\n+ ZH, FERNW\u00c4RME<br \/>\n+ GEGENSPRECHANLAGE<br \/>\n+ PKW-STELLPL\u00c4TZE SEPARAT ZU ERWERBEN<br \/>\n+ INKL. KELLER<\/p>\n","protected":false},"excerpt":{"rendered":"<p>Es handelt sich hierbei um eine renovierungsbed\u00fcrftige 3-Zimmer Wohnung in einem gepflegten Gemeinschaftseigentum und in zentraler lage in Berlin-Kreuzberg.<\/p>\n","protected":false},"featured_media":25683,"template":"","meta":{"_uag_custom_page_level_css":"","ngg_post_thumbnail":0},"product_cat":[24,388,420,416],"product_tag":[],"class_list":{"0":"post-25682","1":"product","2":"type-product","3":"status-publish","4":"has-post-thumbnail","6":"product_cat-eigentumswohnungen","7":"product_cat-kreuzberg-friedrichshain","8":"product_cat-40-70","9":"product_cat-416","10":"pa_adresse-10969-berlin","11":"pa_balkon-ja","12":"pa_baujahr-586","13":"pa_courtage-357-vom-beurk-kaufpreis-2","14":"pa_etage-2-og","15":"pa_etagen-41","16":"pa_heizungsart-fernwaerme","17":"pa_objektzustand-renovierungsbeduerftig","18":"pa_standort-berlin-kreuzberg-2","19":"pa_wohnflaeche-584","20":"pa_zimmer-11","22":"first","23":"outofstock","24":"shipping-taxable","25":"purchasable","26":"product-type-simple"},"yoast_head":"<!-- This site is optimized with the Yoast SEO plugin v26.8 - https:\/\/yoast.com\/product\/yoast-seo-wordpress\/ -->\n<title>Renovierungsbed\u00fcrftige Wohnung in Kreuzberg - Gross &amp; Klein Immobilien<\/title>\n<meta name=\"description\" content=\"Renovierungsbed\u00fcrftige Wohnung in Kreuzberg. Unweit U-Bahnstation Prinzenstrasse und in pulsierender Kreuzberg Lage. 3-Zi, 63m\u00b2 Wohnfl\u00e4che!\" \/>\n<meta name=\"robots\" content=\"index, follow, max-snippet:-1, max-image-preview:large, max-video-preview:-1\" \/>\n<link rel=\"canonical\" href=\"https:\/\/grossklein-immobilien.de\/de\/produkt\/renovierungsbeduerftige-wohnung-in-berlin-kreuzberg\/\" \/>\n<meta property=\"og:locale\" content=\"de_DE\" \/>\n<meta property=\"og:type\" content=\"article\" \/>\n<meta property=\"og:title\" content=\"Renovierungsbed\u00fcrftige Wohnung in Kreuzberg - Gross &amp; Klein Immobilien\" \/>\n<meta property=\"og:description\" content=\"Renovierungsbed\u00fcrftige Wohnung in Kreuzberg. Unweit U-Bahnstation Prinzenstrasse und in pulsierender Kreuzberg Lage. 3-Zi, 63m\u00b2 Wohnfl\u00e4che!\" \/>\n<meta property=\"og:url\" content=\"https:\/\/grossklein-immobilien.de\/de\/produkt\/renovierungsbeduerftige-wohnung-in-berlin-kreuzberg\/\" \/>\n<meta property=\"article:publisher\" content=\"https:\/\/www.facebook.com\/TOMIC-IMMOBILIEN-110945718988806\/\" \/>\n<meta property=\"article:modified_time\" content=\"2023-05-12T10:30:03+00:00\" \/>\n<meta property=\"og:image\" content=\"https:\/\/grossklein-immobilien.de\/de\/wp-content\/uploads\/2022\/09\/16.jpg\" \/>\n\t<meta property=\"og:image:width\" content=\"1707\" \/>\n\t<meta property=\"og:image:height\" content=\"1280\" \/>\n\t<meta property=\"og:image:type\" content=\"image\/jpeg\" \/>\n<meta name=\"twitter:card\" content=\"summary_large_image\" \/>\n<meta name=\"twitter:site\" content=\"@draz_tomic\" \/>\n<meta name=\"twitter:label1\" content=\"Gesch\u00e4tzte Lesezeit\" \/>\n\t<meta name=\"twitter:data1\" content=\"1\u00a0Minute\" \/>\n<script type=\"application\/ld+json\" class=\"yoast-schema-graph\">{\"@context\":\"https:\/\/schema.org\",\"@graph\":[{\"@type\":\"WebPage\",\"@id\":\"https:\/\/grossklein-immobilien.de\/de\/produkt\/renovierungsbeduerftige-wohnung-in-berlin-kreuzberg\/\",\"url\":\"https:\/\/grossklein-immobilien.de\/de\/produkt\/renovierungsbeduerftige-wohnung-in-berlin-kreuzberg\/\",\"name\":\"Renovierungsbed\u00fcrftige Wohnung in Kreuzberg - Gross & Klein Immobilien\",\"isPartOf\":{\"@id\":\"https:\/\/grossklein-immobilien.de\/de\/#website\"},\"primaryImageOfPage\":{\"@id\":\"https:\/\/grossklein-immobilien.de\/de\/produkt\/renovierungsbeduerftige-wohnung-in-berlin-kreuzberg\/#primaryimage\"},\"image\":{\"@id\":\"https:\/\/grossklein-immobilien.de\/de\/produkt\/renovierungsbeduerftige-wohnung-in-berlin-kreuzberg\/#primaryimage\"},\"thumbnailUrl\":\"https:\/\/grossklein-immobilien.de\/de\/wp-content\/uploads\/2022\/09\/16.jpg\",\"datePublished\":\"2022-09-25T15:33:37+00:00\",\"dateModified\":\"2023-05-12T10:30:03+00:00\",\"description\":\"Renovierungsbed\u00fcrftige Wohnung in Kreuzberg. Unweit U-Bahnstation Prinzenstrasse und in pulsierender Kreuzberg Lage. 3-Zi, 63m\u00b2 Wohnfl\u00e4che!\",\"breadcrumb\":{\"@id\":\"https:\/\/grossklein-immobilien.de\/de\/produkt\/renovierungsbeduerftige-wohnung-in-berlin-kreuzberg\/#breadcrumb\"},\"inLanguage\":\"de\",\"potentialAction\":[{\"@type\":\"ReadAction\",\"target\":[\"https:\/\/grossklein-immobilien.de\/de\/produkt\/renovierungsbeduerftige-wohnung-in-berlin-kreuzberg\/\"]}]},{\"@type\":\"ImageObject\",\"inLanguage\":\"de\",\"@id\":\"https:\/\/grossklein-immobilien.de\/de\/produkt\/renovierungsbeduerftige-wohnung-in-berlin-kreuzberg\/#primaryimage\",\"url\":\"https:\/\/grossklein-immobilien.de\/de\/wp-content\/uploads\/2022\/09\/16.jpg\",\"contentUrl\":\"https:\/\/grossklein-immobilien.de\/de\/wp-content\/uploads\/2022\/09\/16.jpg\",\"width\":1707,\"height\":1280},{\"@type\":\"BreadcrumbList\",\"@id\":\"https:\/\/grossklein-immobilien.de\/de\/produkt\/renovierungsbeduerftige-wohnung-in-berlin-kreuzberg\/#breadcrumb\",\"itemListElement\":[{\"@type\":\"ListItem\",\"position\":1,\"name\":\"Home\",\"item\":\"https:\/\/grossklein-immobilien.de\/de\/\"},{\"@type\":\"ListItem\",\"position\":2,\"name\":\"Immobilienangebote\",\"item\":\"https:\/\/grossklein-immobilien.de\/de\/immobilien-berlin\/\"},{\"@type\":\"ListItem\",\"position\":3,\"name\":\"RENOVIERUNGSBED\u00dcRFTIGE WOHNUNG IN KREUZBERG\"}]},{\"@type\":\"WebSite\",\"@id\":\"https:\/\/grossklein-immobilien.de\/de\/#website\",\"url\":\"https:\/\/grossklein-immobilien.de\/de\/\",\"name\":\"\",\"description\":\"\",\"potentialAction\":[{\"@type\":\"SearchAction\",\"target\":{\"@type\":\"EntryPoint\",\"urlTemplate\":\"https:\/\/grossklein-immobilien.de\/de\/?s={search_term_string}\"},\"query-input\":{\"@type\":\"PropertyValueSpecification\",\"valueRequired\":true,\"valueName\":\"search_term_string\"}}],\"inLanguage\":\"de\"}]}<\/script>\n<!-- \/ Yoast SEO plugin. -->","yoast_head_json":{"title":"Renovierungsbed\u00fcrftige Wohnung in Kreuzberg - Gross & Klein Immobilien","description":"Renovierungsbed\u00fcrftige Wohnung in Kreuzberg. Unweit U-Bahnstation Prinzenstrasse und in pulsierender Kreuzberg Lage. 3-Zi, 63m\u00b2 Wohnfl\u00e4che!","robots":{"index":"index","follow":"follow","max-snippet":"max-snippet:-1","max-image-preview":"max-image-preview:large","max-video-preview":"max-video-preview:-1"},"canonical":"https:\/\/grossklein-immobilien.de\/de\/produkt\/renovierungsbeduerftige-wohnung-in-berlin-kreuzberg\/","og_locale":"de_DE","og_type":"article","og_title":"Renovierungsbed\u00fcrftige Wohnung in Kreuzberg - Gross & Klein Immobilien","og_description":"Renovierungsbed\u00fcrftige Wohnung in Kreuzberg. Unweit U-Bahnstation Prinzenstrasse und in pulsierender Kreuzberg Lage. 3-Zi, 63m\u00b2 Wohnfl\u00e4che!","og_url":"https:\/\/grossklein-immobilien.de\/de\/produkt\/renovierungsbeduerftige-wohnung-in-berlin-kreuzberg\/","article_publisher":"https:\/\/www.facebook.com\/TOMIC-IMMOBILIEN-110945718988806\/","article_modified_time":"2023-05-12T10:30:03+00:00","og_image":[{"width":1707,"height":1280,"url":"https:\/\/grossklein-immobilien.de\/de\/wp-content\/uploads\/2022\/09\/16.jpg","type":"image\/jpeg"}],"twitter_card":"summary_large_image","twitter_site":"@draz_tomic","twitter_misc":{"Gesch\u00e4tzte Lesezeit":"1\u00a0Minute"},"schema":{"@context":"https:\/\/schema.org","@graph":[{"@type":"WebPage","@id":"https:\/\/grossklein-immobilien.de\/de\/produkt\/renovierungsbeduerftige-wohnung-in-berlin-kreuzberg\/","url":"https:\/\/grossklein-immobilien.de\/de\/produkt\/renovierungsbeduerftige-wohnung-in-berlin-kreuzberg\/","name":"Renovierungsbed\u00fcrftige Wohnung in Kreuzberg - Gross & Klein Immobilien","isPartOf":{"@id":"https:\/\/grossklein-immobilien.de\/de\/#website"},"primaryImageOfPage":{"@id":"https:\/\/grossklein-immobilien.de\/de\/produkt\/renovierungsbeduerftige-wohnung-in-berlin-kreuzberg\/#primaryimage"},"image":{"@id":"https:\/\/grossklein-immobilien.de\/de\/produkt\/renovierungsbeduerftige-wohnung-in-berlin-kreuzberg\/#primaryimage"},"thumbnailUrl":"https:\/\/grossklein-immobilien.de\/de\/wp-content\/uploads\/2022\/09\/16.jpg","datePublished":"2022-09-25T15:33:37+00:00","dateModified":"2023-05-12T10:30:03+00:00","description":"Renovierungsbed\u00fcrftige Wohnung in Kreuzberg. Unweit U-Bahnstation Prinzenstrasse und in pulsierender Kreuzberg Lage. 3-Zi, 63m\u00b2 Wohnfl\u00e4che!","breadcrumb":{"@id":"https:\/\/grossklein-immobilien.de\/de\/produkt\/renovierungsbeduerftige-wohnung-in-berlin-kreuzberg\/#breadcrumb"},"inLanguage":"de","potentialAction":[{"@type":"ReadAction","target":["https:\/\/grossklein-immobilien.de\/de\/produkt\/renovierungsbeduerftige-wohnung-in-berlin-kreuzberg\/"]}]},{"@type":"ImageObject","inLanguage":"de","@id":"https:\/\/grossklein-immobilien.de\/de\/produkt\/renovierungsbeduerftige-wohnung-in-berlin-kreuzberg\/#primaryimage","url":"https:\/\/grossklein-immobilien.de\/de\/wp-content\/uploads\/2022\/09\/16.jpg","contentUrl":"https:\/\/grossklein-immobilien.de\/de\/wp-content\/uploads\/2022\/09\/16.jpg","width":1707,"height":1280},{"@type":"BreadcrumbList","@id":"https:\/\/grossklein-immobilien.de\/de\/produkt\/renovierungsbeduerftige-wohnung-in-berlin-kreuzberg\/#breadcrumb","itemListElement":[{"@type":"ListItem","position":1,"name":"Home","item":"https:\/\/grossklein-immobilien.de\/de\/"},{"@type":"ListItem","position":2,"name":"Immobilienangebote","item":"https:\/\/grossklein-immobilien.de\/de\/immobilien-berlin\/"},{"@type":"ListItem","position":3,"name":"RENOVIERUNGSBED\u00dcRFTIGE WOHNUNG IN KREUZBERG"}]},{"@type":"WebSite","@id":"https:\/\/grossklein-immobilien.de\/de\/#website","url":"https:\/\/grossklein-immobilien.de\/de\/","name":"","description":"","potentialAction":[{"@type":"SearchAction","target":{"@type":"EntryPoint","urlTemplate":"https:\/\/grossklein-immobilien.de\/de\/?s={search_term_string}"},"query-input":{"@type":"PropertyValueSpecification","valueRequired":true,"valueName":"search_term_string"}}],"inLanguage":"de"}]}},"uagb_featured_image_src":{"full":["https:\/\/grossklein-immobilien.de\/de\/wp-content\/uploads\/2022\/09\/16.jpg",1707,1280,false],"thumbnail":["https:\/\/grossklein-immobilien.de\/de\/wp-content\/uploads\/2022\/09\/16.jpg",150,112,false],"medium":["https:\/\/grossklein-immobilien.de\/de\/wp-content\/uploads\/2022\/09\/16.jpg",300,225,false],"medium_large":["https:\/\/grossklein-immobilien.de\/de\/wp-content\/uploads\/2022\/09\/16.jpg",1707,1280,false],"large":["https:\/\/grossklein-immobilien.de\/de\/wp-content\/uploads\/2022\/09\/16.jpg",604,453,false],"1536x1536":["https:\/\/grossklein-immobilien.de\/de\/wp-content\/uploads\/2022\/09\/16.jpg",1536,1152,false],"2048x2048":["https:\/\/grossklein-immobilien.de\/de\/wp-content\/uploads\/2022\/09\/16.jpg",1707,1280,false],"post-thumbnail":["https:\/\/grossklein-immobilien.de\/de\/wp-content\/uploads\/2022\/09\/16.jpg",360,270,false],"woocommerce_thumbnail":["https:\/\/grossklein-immobilien.de\/de\/wp-content\/uploads\/2022\/09\/16-300x300.jpg",300,300,true],"woocommerce_single":["https:\/\/grossklein-immobilien.de\/de\/wp-content\/uploads\/2022\/09\/16.jpg",1200,900,false],"woocommerce_gallery_thumbnail":["https:\/\/grossklein-immobilien.de\/de\/wp-content\/uploads\/2022\/09\/16-100x100.jpg",100,100,true]},"uagb_author_info":{"display_name":"Drazan Tomic","author_link":"https:\/\/grossklein-immobilien.de\/de\/author\/"},"uagb_comment_info":0,"uagb_excerpt":"Es handelt sich hierbei um eine renovierungsbed\u00fcrftige 3-Zimmer Wohnung in einem gepflegten Gemeinschaftseigentum und in zentraler lage in Berlin-Kreuzberg.","_links":{"self":[{"href":"https:\/\/grossklein-immobilien.de\/de\/wp-json\/wp\/v2\/product\/25682","targetHints":{"allow":["GET"]}}],"collection":[{"href":"https:\/\/grossklein-immobilien.de\/de\/wp-json\/wp\/v2\/product"}],"about":[{"href":"https:\/\/grossklein-immobilien.de\/de\/wp-json\/wp\/v2\/types\/product"}],"wp:featuredmedia":[{"embeddable":true,"href":"https:\/\/grossklein-immobilien.de\/de\/wp-json\/wp\/v2\/media\/25683"}],"wp:attachment":[{"href":"https:\/\/grossklein-immobilien.de\/de\/wp-json\/wp\/v2\/media?parent=25682"}],"wp:term":[{"taxonomy":"product_cat","embeddable":true,"href":"https:\/\/grossklein-immobilien.de\/de\/wp-json\/wp\/v2\/product_cat?post=25682"},{"taxonomy":"product_tag","embeddable":true,"href":"https:\/\/grossklein-immobilien.de\/de\/wp-json\/wp\/v2\/product_tag?post=25682"}],"curies":[{"name":"wp","href":"https:\/\/api.w.org\/{rel}","templated":true}]}}