{"id":25731,"date":"2022-10-22T17:22:33","date_gmt":"2022-10-22T15:22:33","guid":{"rendered":"https:\/\/grossklein-immobilien.de\/de\/?post_type=product&#038;p=25731"},"modified":"2026-02-06T09:50:16","modified_gmt":"2026-02-06T08:50:16","slug":"top-3-zi-neubauwohnung-im-samariterkiez-in-berlin-friedrichshain","status":"publish","type":"product","link":"https:\/\/grossklein-immobilien.de\/de\/produkt\/top-3-zi-neubauwohnung-im-samariterkiez-in-berlin-friedrichshain\/","title":{"rendered":"TOP 3-ZI NEUBAUWOHNUNG IM SAMARITERKIEZ!"},"content":{"rendered":"<p style=\"text-align: justify;\">Edle und hochmoderne 3-Zi Neuabwohnung im 3.OG mit Aufzug, Westbalkon mit viel Sonne in absoluter top Lage von Berlin-Friedrichshain. Diese Traumwohnung bietet gro\u00dfz\u00fcgige Raumverh\u00e4ltnisse mit viel Licht, eine hochwertig ausgestattete Einbauk\u00fccke mit Markenger\u00e4ten. Das gro\u00dfe Wohnzimmer mit offener K\u00fcche ist der zentrale Aufenthaltsort und unterstreicht das Ambiente. Das Badezimmer und das G\u00e4ste-Wc sind mit italienischen Designerfliesen ausgestattet und edles Ectholzparkett ist in allen R\u00e4umer vor zu finden. Diese Immobilie l\u00e4\u00dft keine W\u00fcnsche offen und ist ab sofort neu zu haben!<\/p>\n<p>Vermittelt durch Gross &amp; Klein Immobilien, Ihrem <a href=\"https:\/\/grossklein-immobilien.de\/de\/immobilienmakler-berlin-friedrichshain\/\">Immobilienmakler in Berlin-Friedrichshain<\/a>.<\/p>\n","protected":false},"excerpt":{"rendered":"<p>Edle und hochmoderne 3-Zi Neuabwohnung im 3.OG mit Aufzug, Westbalkon mit viel Sonne in absoluter top Lage von Berlin-Friedrichshain. Diese Traumwohnung bietet gro\u00dfz\u00fcgige Raumverh\u00e4ltnisse mit viel Licht, eine hochwertig ausgestattete Einbauk\u00fccke mit Markenger\u00e4ten. Das gro\u00dfe Wohnzimmer mit offener K\u00fcche ist der zentrale Aufenthaltsort und unterstreicht das Ambiente. Das Badezimmer und das G\u00e4ste-Wc sind mit italienischen &hellip; <a href=\"https:\/\/grossklein-immobilien.de\/de\/produkt\/top-3-zi-neubauwohnung-im-samariterkiez-in-berlin-friedrichshain\/\" class=\"more-link\"><span class=\"screen-reader-text\">TOP 3-ZI NEUBAUWOHNUNG IM SAMARITERKIEZ!<\/span> weiterlesen <span class=\"meta-nav\">&rarr;<\/span><\/a><\/p>\n","protected":false},"featured_media":25732,"template":"","meta":{"_uag_custom_page_level_css":"","ngg_post_thumbnail":0},"product_cat":[24,93,422,416],"product_tag":[],"class_list":{"0":"post-25731","1":"product","2":"type-product","3":"status-publish","4":"has-post-thumbnail","6":"product_cat-eigentumswohnungen","7":"product_cat-friedrichshain-kreuzberg","8":"product_cat-110-140","9":"product_cat-416","10":"pa_adresse-10247-berlin-friedrichshain","11":"pa_balkon-ja","12":"pa_baujahr-308","13":"pa_befeuerung-zh","14":"pa_courtage-357-vom-beurk-kaufpreis-2","15":"pa_etage-104","16":"pa_etagen-41","17":"pa_gaeste-wc-vorhanden","18":"pa_heizungsart-fernwaerme","19":"pa_lage-2-og","20":"pa_objektzustand-neuwertig","21":"pa_standort-berlin-friedrichshain","22":"pa_wohnflaeche-596","23":"pa_zimmer-11","25":"first","26":"outofstock","27":"shipping-taxable","28":"purchasable","29":"product-type-simple"},"yoast_head":"<!-- This site is optimized with the Yoast SEO plugin v26.8 - https:\/\/yoast.com\/product\/yoast-seo-wordpress\/ -->\n<title>Top 3-Zi Neubauwohnung im Samariterkiez - Gross &amp; Klein<\/title>\n<meta name=\"description\" content=\"Top 3-Zi Neubauwohnung im Samariterkiez in Berlin-Friedrichshain. Modern ausgestattete Wohnung mit Westbalkon, Aufzug und G\u00e4ste-WC.\" \/>\n<meta name=\"robots\" content=\"index, follow, max-snippet:-1, max-image-preview:large, max-video-preview:-1\" \/>\n<link rel=\"canonical\" href=\"https:\/\/grossklein-immobilien.de\/de\/produkt\/top-3-zi-neubauwohnung-im-samariterkiez-in-berlin-friedrichshain\/\" \/>\n<meta property=\"og:locale\" content=\"de_DE\" \/>\n<meta property=\"og:type\" content=\"article\" \/>\n<meta property=\"og:title\" content=\"Top 3-Zi Neubauwohnung im Samariterkiez - Gross &amp; Klein\" \/>\n<meta property=\"og:description\" content=\"Top 3-Zi Neubauwohnung im Samariterkiez in Berlin-Friedrichshain. Modern ausgestattete Wohnung mit Westbalkon, Aufzug und G\u00e4ste-WC.\" \/>\n<meta property=\"og:url\" content=\"https:\/\/grossklein-immobilien.de\/de\/produkt\/top-3-zi-neubauwohnung-im-samariterkiez-in-berlin-friedrichshain\/\" \/>\n<meta property=\"article:publisher\" content=\"https:\/\/www.facebook.com\/TOMIC-IMMOBILIEN-110945718988806\/\" \/>\n<meta property=\"article:modified_time\" content=\"2026-02-06T08:50:16+00:00\" \/>\n<meta property=\"og:image\" content=\"https:\/\/grossklein-immobilien.de\/de\/wp-content\/uploads\/2022\/10\/Friedrichshain-e1770151774650.jpg\" \/>\n\t<meta property=\"og:image:width\" content=\"1707\" \/>\n\t<meta property=\"og:image:height\" content=\"1075\" \/>\n\t<meta property=\"og:image:type\" content=\"image\/jpeg\" \/>\n<meta name=\"twitter:card\" content=\"summary_large_image\" \/>\n<meta name=\"twitter:site\" content=\"@draz_tomic\" \/>\n<meta name=\"twitter:label1\" content=\"Gesch\u00e4tzte Lesezeit\" \/>\n\t<meta name=\"twitter:data1\" content=\"1\u00a0Minute\" \/>\n<script type=\"application\/ld+json\" class=\"yoast-schema-graph\">{\"@context\":\"https:\/\/schema.org\",\"@graph\":[{\"@type\":\"WebPage\",\"@id\":\"https:\/\/grossklein-immobilien.de\/de\/produkt\/top-3-zi-neubauwohnung-im-samariterkiez-in-berlin-friedrichshain\/\",\"url\":\"https:\/\/grossklein-immobilien.de\/de\/produkt\/top-3-zi-neubauwohnung-im-samariterkiez-in-berlin-friedrichshain\/\",\"name\":\"Top 3-Zi Neubauwohnung im Samariterkiez - Gross & Klein\",\"isPartOf\":{\"@id\":\"https:\/\/grossklein-immobilien.de\/de\/#website\"},\"primaryImageOfPage\":{\"@id\":\"https:\/\/grossklein-immobilien.de\/de\/produkt\/top-3-zi-neubauwohnung-im-samariterkiez-in-berlin-friedrichshain\/#primaryimage\"},\"image\":{\"@id\":\"https:\/\/grossklein-immobilien.de\/de\/produkt\/top-3-zi-neubauwohnung-im-samariterkiez-in-berlin-friedrichshain\/#primaryimage\"},\"thumbnailUrl\":\"https:\/\/grossklein-immobilien.de\/de\/wp-content\/uploads\/2022\/10\/Friedrichshain-e1770151774650.jpg\",\"datePublished\":\"2022-10-22T15:22:33+00:00\",\"dateModified\":\"2026-02-06T08:50:16+00:00\",\"description\":\"Top 3-Zi Neubauwohnung im Samariterkiez in Berlin-Friedrichshain. Modern ausgestattete Wohnung mit Westbalkon, Aufzug und G\u00e4ste-WC.\",\"breadcrumb\":{\"@id\":\"https:\/\/grossklein-immobilien.de\/de\/produkt\/top-3-zi-neubauwohnung-im-samariterkiez-in-berlin-friedrichshain\/#breadcrumb\"},\"inLanguage\":\"de\",\"potentialAction\":[{\"@type\":\"ReadAction\",\"target\":[\"https:\/\/grossklein-immobilien.de\/de\/produkt\/top-3-zi-neubauwohnung-im-samariterkiez-in-berlin-friedrichshain\/\"]}]},{\"@type\":\"ImageObject\",\"inLanguage\":\"de\",\"@id\":\"https:\/\/grossklein-immobilien.de\/de\/produkt\/top-3-zi-neubauwohnung-im-samariterkiez-in-berlin-friedrichshain\/#primaryimage\",\"url\":\"https:\/\/grossklein-immobilien.de\/de\/wp-content\/uploads\/2022\/10\/Friedrichshain-e1770151774650.jpg\",\"contentUrl\":\"https:\/\/grossklein-immobilien.de\/de\/wp-content\/uploads\/2022\/10\/Friedrichshain-e1770151774650.jpg\",\"width\":1707,\"height\":1075,\"caption\":\"Hochwertige 3-ZI Neubauwohnung im Smariterviertel von Berlin-Friedrichshain verkauft durch Gross & Klein Immobilien\"},{\"@type\":\"BreadcrumbList\",\"@id\":\"https:\/\/grossklein-immobilien.de\/de\/produkt\/top-3-zi-neubauwohnung-im-samariterkiez-in-berlin-friedrichshain\/#breadcrumb\",\"itemListElement\":[{\"@type\":\"ListItem\",\"position\":1,\"name\":\"Home\",\"item\":\"https:\/\/grossklein-immobilien.de\/de\/\"},{\"@type\":\"ListItem\",\"position\":2,\"name\":\"Immobilienangebote\",\"item\":\"https:\/\/grossklein-immobilien.de\/de\/immobilien-berlin\/\"},{\"@type\":\"ListItem\",\"position\":3,\"name\":\"TOP 3-ZI NEUBAUWOHNUNG IM SAMARITERKIEZ!\"}]},{\"@type\":\"WebSite\",\"@id\":\"https:\/\/grossklein-immobilien.de\/de\/#website\",\"url\":\"https:\/\/grossklein-immobilien.de\/de\/\",\"name\":\"\",\"description\":\"\",\"potentialAction\":[{\"@type\":\"SearchAction\",\"target\":{\"@type\":\"EntryPoint\",\"urlTemplate\":\"https:\/\/grossklein-immobilien.de\/de\/?s={search_term_string}\"},\"query-input\":{\"@type\":\"PropertyValueSpecification\",\"valueRequired\":true,\"valueName\":\"search_term_string\"}}],\"inLanguage\":\"de\"}]}<\/script>\n<!-- \/ Yoast SEO plugin. -->","yoast_head_json":{"title":"Top 3-Zi Neubauwohnung im Samariterkiez - Gross & Klein","description":"Top 3-Zi Neubauwohnung im Samariterkiez in Berlin-Friedrichshain. Modern ausgestattete Wohnung mit Westbalkon, Aufzug und G\u00e4ste-WC.","robots":{"index":"index","follow":"follow","max-snippet":"max-snippet:-1","max-image-preview":"max-image-preview:large","max-video-preview":"max-video-preview:-1"},"canonical":"https:\/\/grossklein-immobilien.de\/de\/produkt\/top-3-zi-neubauwohnung-im-samariterkiez-in-berlin-friedrichshain\/","og_locale":"de_DE","og_type":"article","og_title":"Top 3-Zi Neubauwohnung im Samariterkiez - Gross & Klein","og_description":"Top 3-Zi Neubauwohnung im Samariterkiez in Berlin-Friedrichshain. Modern ausgestattete Wohnung mit Westbalkon, Aufzug und G\u00e4ste-WC.","og_url":"https:\/\/grossklein-immobilien.de\/de\/produkt\/top-3-zi-neubauwohnung-im-samariterkiez-in-berlin-friedrichshain\/","article_publisher":"https:\/\/www.facebook.com\/TOMIC-IMMOBILIEN-110945718988806\/","article_modified_time":"2026-02-06T08:50:16+00:00","og_image":[{"width":1707,"height":1075,"url":"https:\/\/grossklein-immobilien.de\/de\/wp-content\/uploads\/2022\/10\/Friedrichshain-e1770151774650.jpg","type":"image\/jpeg"}],"twitter_card":"summary_large_image","twitter_site":"@draz_tomic","twitter_misc":{"Gesch\u00e4tzte Lesezeit":"1\u00a0Minute"},"schema":{"@context":"https:\/\/schema.org","@graph":[{"@type":"WebPage","@id":"https:\/\/grossklein-immobilien.de\/de\/produkt\/top-3-zi-neubauwohnung-im-samariterkiez-in-berlin-friedrichshain\/","url":"https:\/\/grossklein-immobilien.de\/de\/produkt\/top-3-zi-neubauwohnung-im-samariterkiez-in-berlin-friedrichshain\/","name":"Top 3-Zi Neubauwohnung im Samariterkiez - Gross & Klein","isPartOf":{"@id":"https:\/\/grossklein-immobilien.de\/de\/#website"},"primaryImageOfPage":{"@id":"https:\/\/grossklein-immobilien.de\/de\/produkt\/top-3-zi-neubauwohnung-im-samariterkiez-in-berlin-friedrichshain\/#primaryimage"},"image":{"@id":"https:\/\/grossklein-immobilien.de\/de\/produkt\/top-3-zi-neubauwohnung-im-samariterkiez-in-berlin-friedrichshain\/#primaryimage"},"thumbnailUrl":"https:\/\/grossklein-immobilien.de\/de\/wp-content\/uploads\/2022\/10\/Friedrichshain-e1770151774650.jpg","datePublished":"2022-10-22T15:22:33+00:00","dateModified":"2026-02-06T08:50:16+00:00","description":"Top 3-Zi Neubauwohnung im Samariterkiez in Berlin-Friedrichshain. Modern ausgestattete Wohnung mit Westbalkon, Aufzug und G\u00e4ste-WC.","breadcrumb":{"@id":"https:\/\/grossklein-immobilien.de\/de\/produkt\/top-3-zi-neubauwohnung-im-samariterkiez-in-berlin-friedrichshain\/#breadcrumb"},"inLanguage":"de","potentialAction":[{"@type":"ReadAction","target":["https:\/\/grossklein-immobilien.de\/de\/produkt\/top-3-zi-neubauwohnung-im-samariterkiez-in-berlin-friedrichshain\/"]}]},{"@type":"ImageObject","inLanguage":"de","@id":"https:\/\/grossklein-immobilien.de\/de\/produkt\/top-3-zi-neubauwohnung-im-samariterkiez-in-berlin-friedrichshain\/#primaryimage","url":"https:\/\/grossklein-immobilien.de\/de\/wp-content\/uploads\/2022\/10\/Friedrichshain-e1770151774650.jpg","contentUrl":"https:\/\/grossklein-immobilien.de\/de\/wp-content\/uploads\/2022\/10\/Friedrichshain-e1770151774650.jpg","width":1707,"height":1075,"caption":"Hochwertige 3-ZI Neubauwohnung im Smariterviertel von Berlin-Friedrichshain verkauft durch Gross & Klein Immobilien"},{"@type":"BreadcrumbList","@id":"https:\/\/grossklein-immobilien.de\/de\/produkt\/top-3-zi-neubauwohnung-im-samariterkiez-in-berlin-friedrichshain\/#breadcrumb","itemListElement":[{"@type":"ListItem","position":1,"name":"Home","item":"https:\/\/grossklein-immobilien.de\/de\/"},{"@type":"ListItem","position":2,"name":"Immobilienangebote","item":"https:\/\/grossklein-immobilien.de\/de\/immobilien-berlin\/"},{"@type":"ListItem","position":3,"name":"TOP 3-ZI NEUBAUWOHNUNG IM SAMARITERKIEZ!"}]},{"@type":"WebSite","@id":"https:\/\/grossklein-immobilien.de\/de\/#website","url":"https:\/\/grossklein-immobilien.de\/de\/","name":"","description":"","potentialAction":[{"@type":"SearchAction","target":{"@type":"EntryPoint","urlTemplate":"https:\/\/grossklein-immobilien.de\/de\/?s={search_term_string}"},"query-input":{"@type":"PropertyValueSpecification","valueRequired":true,"valueName":"search_term_string"}}],"inLanguage":"de"}]}},"uagb_featured_image_src":{"full":["https:\/\/grossklein-immobilien.de\/de\/wp-content\/uploads\/2022\/10\/Friedrichshain-e1770151774650.jpg",1707,1075,false],"thumbnail":["https:\/\/grossklein-immobilien.de\/de\/wp-content\/uploads\/2022\/10\/Friedrichshain-e1770151774650-150x150.jpg",150,150,true],"medium":["https:\/\/grossklein-immobilien.de\/de\/wp-content\/uploads\/2022\/10\/Friedrichshain-e1770151774650-300x189.jpg",300,189,true],"medium_large":["https:\/\/grossklein-immobilien.de\/de\/wp-content\/uploads\/2022\/10\/Friedrichshain-e1770151774650.jpg",1707,1075,false],"large":["https:\/\/grossklein-immobilien.de\/de\/wp-content\/uploads\/2022\/10\/Friedrichshain-e1770151774650-1024x645.jpg",604,380,true],"1536x1536":["https:\/\/grossklein-immobilien.de\/de\/wp-content\/uploads\/2022\/10\/Friedrichshain-e1770151774650-1536x967.jpg",1536,967,true],"2048x2048":["https:\/\/grossklein-immobilien.de\/de\/wp-content\/uploads\/2022\/10\/Friedrichshain-e1770151774650.jpg",1707,1075,false],"post-thumbnail":["https:\/\/grossklein-immobilien.de\/de\/wp-content\/uploads\/2022\/10\/Friedrichshain-e1770151774650-604x270.jpg",604,270,true],"woocommerce_thumbnail":["https:\/\/grossklein-immobilien.de\/de\/wp-content\/uploads\/2022\/10\/Friedrichshain-e1770151774650-300x300.jpg",300,300,true],"woocommerce_single":["https:\/\/grossklein-immobilien.de\/de\/wp-content\/uploads\/2022\/10\/Friedrichshain-e1770151774650-1200x756.jpg",1200,756,true],"woocommerce_gallery_thumbnail":["https:\/\/grossklein-immobilien.de\/de\/wp-content\/uploads\/2022\/10\/Friedrichshain-e1770151774650-100x100.jpg",100,100,true]},"uagb_author_info":{"display_name":"Drazan Tomic","author_link":"https:\/\/grossklein-immobilien.de\/de\/author\/"},"uagb_comment_info":0,"uagb_excerpt":"Edle und hochmoderne 3-Zi Neuabwohnung im 3.OG mit Aufzug, Westbalkon mit viel Sonne in absoluter top Lage von Berlin-Friedrichshain. Diese Traumwohnung bietet gro\u00dfz\u00fcgige Raumverh\u00e4ltnisse mit viel Licht, eine hochwertig ausgestattete Einbauk\u00fccke mit Markenger\u00e4ten. Das gro\u00dfe Wohnzimmer mit offener K\u00fcche ist der zentrale Aufenthaltsort und unterstreicht das Ambiente. Das Badezimmer und das G\u00e4ste-Wc sind mit italienischen&hellip;","_links":{"self":[{"href":"https:\/\/grossklein-immobilien.de\/de\/wp-json\/wp\/v2\/product\/25731","targetHints":{"allow":["GET"]}}],"collection":[{"href":"https:\/\/grossklein-immobilien.de\/de\/wp-json\/wp\/v2\/product"}],"about":[{"href":"https:\/\/grossklein-immobilien.de\/de\/wp-json\/wp\/v2\/types\/product"}],"wp:featuredmedia":[{"embeddable":true,"href":"https:\/\/grossklein-immobilien.de\/de\/wp-json\/wp\/v2\/media\/25732"}],"wp:attachment":[{"href":"https:\/\/grossklein-immobilien.de\/de\/wp-json\/wp\/v2\/media?parent=25731"}],"wp:term":[{"taxonomy":"product_cat","embeddable":true,"href":"https:\/\/grossklein-immobilien.de\/de\/wp-json\/wp\/v2\/product_cat?post=25731"},{"taxonomy":"product_tag","embeddable":true,"href":"https:\/\/grossklein-immobilien.de\/de\/wp-json\/wp\/v2\/product_tag?post=25731"}],"curies":[{"name":"wp","href":"https:\/\/api.w.org\/{rel}","templated":true}]}}