{"id":25772,"date":"2022-11-15T11:17:53","date_gmt":"2022-11-15T10:17:53","guid":{"rendered":"https:\/\/grossklein-immobilien.de\/de\/?post_type=product&#038;p=25772"},"modified":"2023-09-04T15:16:04","modified_gmt":"2023-09-04T13:16:04","slug":"einfamilienhaus-zossen-wuensdorf","status":"publish","type":"product","link":"https:\/\/grossklein-immobilien.de\/de\/produkt\/einfamilienhaus-zossen-wuensdorf\/","title":{"rendered":"ATTRAKTIVES EINFAMILIENHAUS IN W\u00dcNSDORF BEI BERLIN"},"content":{"rendered":"<p style=\"text-align: justify;\">Ab sofort zu haben: Schm\u00fcckes Einfamilienhaus in Zossen-W\u00fcnsdorf s\u00fcdlich von Berlin im kreis Teltow-Fl\u00e4ming. Diese sch\u00f6ne und naturverbundene Wohnlage eignet sich ideal f\u00fcr Familie, die etwas fern vom Trouble der Metropole wohnen m\u00f6chten und dennoch schnell in der Stadt sein k\u00f6nnen. Das Haus bietet mit seinen 4-Zimmern und 600m\u00b2 Garten ausreichend Platz f\u00fcr eine gro\u00dfe Familie. Das Obergescho\u00df ist offen und modern gestaltet und kann bei Bedarf noch in weitere Zimmer aufgeteilt werden. Im Ergescho\u00df k\u00f6nnen noch eigene Vorstellungen umgesetzten werden, da nach dem Mieter Auszug der Laminatboden entfernt wurde um eine saubere Grundlage f\u00fcr einen neuen Einzug zu schaffen. Neben dem Duschbad im EG befindet sich noch ein modernes WC im Obergescho\u00df. Weitere Grundriss Anpassungen sind im Erdgescho\u00df mit wenig Aufwand m\u00f6glich. Auf dem Grundst\u00fcck befindet sich noch eine gro\u00dfe Garage bzw. ein Schuppen mit viel Abstellm\u00f6glichkeiten.<\/p>\n<p style=\"text-align: justify;\">Dieses Haus befindet sich in dem Ortsteil W\u00fcnsdorf der Stadt Zossen und s\u00fcdlich der Berliner City. Der Ortsteil W\u00fcnsdorf wirbt mit seinen beiden Seen und der Milit\u00e4rvergangenheit, au\u00dferdem betr\u00e4gt die Fahrtstrecke bis zur Berliner Stadtgrenze nur circa 35km. \u00dcber die sehr naheliegende Bundesstra\u00dfen 96 und 246 sowie die Autobahnen 10 und 13 sind Berlin aber auch Potsdam oder der Spreewald schnell erreicht. Der Bahnhof W\u00fcnsdorf-Waldstadt ist in weniger als 10 Minuten fu\u00dfl\u00e4ufig erreichbar und von dort aus verkehrt einmal st\u00fcndlich die Regionalbahn nach Berlin und nach Finsterwalde. Der Potsdamer Platz ist nach nur 50 Minuten erreicht.<\/p>\n<p style=\"text-align: justify;\">W\u00fcnsdorf verf\u00fcgt \u00fcber zwei Kitas und Tagesmuttis, eine Grundschule sowie eine Oberschule. Weitere Bildungsm\u00f6glichkeiten befinden sich in der N\u00e4he und sind auch mit der Bahn erreichbar. Apotheken, \u00c4rzte, Einzelhandelsgesch\u00e4fte und viele weitere L\u00e4den des t\u00e4glichen Bedarfs sind in weniger als 10 fu\u00dfl\u00e4ufig erreichbar. Durch die unmittelbare N\u00e4he zu den Seen, die Ruhe und die gute Anbindung nach Berlin gelang es W\u00fcnsdorf in den letzten Jahren viele Familien anzulocken. Neben der puren Erholung ist auch eine Vielfalt an Freizeitangeboten vorhanden. Das Tropical Island ist nach 30 Minuten erreicht und der Spreewald nach circa 45 Minuten.<\/p>\n","protected":false},"excerpt":{"rendered":"<p>Es handelt sich bei diesem Angebot um ein freistehendes Einfamilienhaus in ruhiger Wohnlage in Zossen-W\u00fcnsdorf.<\/p>\n","protected":false},"featured_media":28658,"template":"","meta":{"_uag_custom_page_level_css":"","ngg_post_thumbnail":0},"product_cat":[575,26],"product_tag":[],"class_list":{"0":"post-25772","1":"product","2":"type-product","3":"status-publish","4":"has-post-thumbnail","6":"product_cat-zossen-wuensdorf","7":"product_cat-einfamilienhaeuser","8":"pa_adresse-15806-zossen","9":"pa_baujahr-608","10":"pa_courtage-357-vom-beurk-kaufpreis-2","11":"pa_etage-338","12":"pa_etagen-198","13":"pa_grundstuecksflaeche-440","14":"pa_objektzustand-gepflegt","15":"pa_standort-zossen-wuensdorf","16":"pa_wohnflaeche-581","17":"pa_zimmer-276","19":"first","20":"instock","21":"shipping-taxable","22":"purchasable","23":"product-type-simple"},"yoast_head":"<!-- This site is optimized with the Yoast SEO plugin v26.8 - https:\/\/yoast.com\/product\/yoast-seo-wordpress\/ -->\n<title>Attraktives Einfamilienhaus in Zossen-W\u00fcnsdorf - Gross &amp; Klein Immo<\/title>\n<meta name=\"description\" content=\"Attraktives Einfamilienhaus in Zossen-W\u00fcnsdorf zum Kauf.\" \/>\n<meta name=\"robots\" content=\"index, follow, max-snippet:-1, max-image-preview:large, max-video-preview:-1\" \/>\n<link rel=\"canonical\" href=\"https:\/\/grossklein-immobilien.de\/de\/produkt\/einfamilienhaus-zossen-wuensdorf\/\" \/>\n<meta property=\"og:locale\" content=\"de_DE\" \/>\n<meta property=\"og:type\" content=\"article\" \/>\n<meta property=\"og:title\" content=\"Attraktives Einfamilienhaus in Zossen-W\u00fcnsdorf - Gross &amp; Klein Immo\" \/>\n<meta property=\"og:description\" content=\"Attraktives Einfamilienhaus in Zossen-W\u00fcnsdorf zum Kauf.\" \/>\n<meta property=\"og:url\" content=\"https:\/\/grossklein-immobilien.de\/de\/produkt\/einfamilienhaus-zossen-wuensdorf\/\" \/>\n<meta property=\"article:publisher\" content=\"https:\/\/www.facebook.com\/TOMIC-IMMOBILIEN-110945718988806\/\" \/>\n<meta property=\"article:modified_time\" content=\"2023-09-04T13:16:04+00:00\" \/>\n<meta property=\"og:image\" content=\"https:\/\/grossklein-immobilien.de\/de\/wp-content\/uploads\/2022\/11\/IMG_5714-scaled.jpg\" \/>\n\t<meta property=\"og:image:width\" content=\"2560\" \/>\n\t<meta property=\"og:image:height\" content=\"1707\" \/>\n\t<meta property=\"og:image:type\" content=\"image\/jpeg\" \/>\n<meta name=\"twitter:card\" content=\"summary_large_image\" \/>\n<meta name=\"twitter:site\" content=\"@draz_tomic\" \/>\n<meta name=\"twitter:label1\" content=\"Gesch\u00e4tzte Lesezeit\" \/>\n\t<meta name=\"twitter:data1\" content=\"2\u00a0Minuten\" \/>\n<script type=\"application\/ld+json\" class=\"yoast-schema-graph\">{\"@context\":\"https:\/\/schema.org\",\"@graph\":[{\"@type\":\"WebPage\",\"@id\":\"https:\/\/grossklein-immobilien.de\/de\/produkt\/einfamilienhaus-zossen-wuensdorf\/\",\"url\":\"https:\/\/grossklein-immobilien.de\/de\/produkt\/einfamilienhaus-zossen-wuensdorf\/\",\"name\":\"Attraktives Einfamilienhaus in Zossen-W\u00fcnsdorf - Gross & Klein Immo\",\"isPartOf\":{\"@id\":\"https:\/\/grossklein-immobilien.de\/de\/#website\"},\"primaryImageOfPage\":{\"@id\":\"https:\/\/grossklein-immobilien.de\/de\/produkt\/einfamilienhaus-zossen-wuensdorf\/#primaryimage\"},\"image\":{\"@id\":\"https:\/\/grossklein-immobilien.de\/de\/produkt\/einfamilienhaus-zossen-wuensdorf\/#primaryimage\"},\"thumbnailUrl\":\"https:\/\/grossklein-immobilien.de\/de\/wp-content\/uploads\/2022\/11\/IMG_5714-scaled.jpg\",\"datePublished\":\"2022-11-15T10:17:53+00:00\",\"dateModified\":\"2023-09-04T13:16:04+00:00\",\"description\":\"Attraktives Einfamilienhaus in Zossen-W\u00fcnsdorf zum Kauf.\",\"breadcrumb\":{\"@id\":\"https:\/\/grossklein-immobilien.de\/de\/produkt\/einfamilienhaus-zossen-wuensdorf\/#breadcrumb\"},\"inLanguage\":\"de\",\"potentialAction\":[{\"@type\":\"ReadAction\",\"target\":[\"https:\/\/grossklein-immobilien.de\/de\/produkt\/einfamilienhaus-zossen-wuensdorf\/\"]}]},{\"@type\":\"ImageObject\",\"inLanguage\":\"de\",\"@id\":\"https:\/\/grossklein-immobilien.de\/de\/produkt\/einfamilienhaus-zossen-wuensdorf\/#primaryimage\",\"url\":\"https:\/\/grossklein-immobilien.de\/de\/wp-content\/uploads\/2022\/11\/IMG_5714-scaled.jpg\",\"contentUrl\":\"https:\/\/grossklein-immobilien.de\/de\/wp-content\/uploads\/2022\/11\/IMG_5714-scaled.jpg\",\"width\":2560,\"height\":1707},{\"@type\":\"BreadcrumbList\",\"@id\":\"https:\/\/grossklein-immobilien.de\/de\/produkt\/einfamilienhaus-zossen-wuensdorf\/#breadcrumb\",\"itemListElement\":[{\"@type\":\"ListItem\",\"position\":1,\"name\":\"Home\",\"item\":\"https:\/\/grossklein-immobilien.de\/de\/\"},{\"@type\":\"ListItem\",\"position\":2,\"name\":\"Immobilienangebote\",\"item\":\"https:\/\/grossklein-immobilien.de\/de\/immobilien-berlin\/\"},{\"@type\":\"ListItem\",\"position\":3,\"name\":\"ATTRAKTIVES EINFAMILIENHAUS IN W\u00dcNSDORF BEI BERLIN\"}]},{\"@type\":\"WebSite\",\"@id\":\"https:\/\/grossklein-immobilien.de\/de\/#website\",\"url\":\"https:\/\/grossklein-immobilien.de\/de\/\",\"name\":\"\",\"description\":\"\",\"potentialAction\":[{\"@type\":\"SearchAction\",\"target\":{\"@type\":\"EntryPoint\",\"urlTemplate\":\"https:\/\/grossklein-immobilien.de\/de\/?s={search_term_string}\"},\"query-input\":{\"@type\":\"PropertyValueSpecification\",\"valueRequired\":true,\"valueName\":\"search_term_string\"}}],\"inLanguage\":\"de\"}]}<\/script>\n<!-- \/ Yoast SEO plugin. -->","yoast_head_json":{"title":"Attraktives Einfamilienhaus in Zossen-W\u00fcnsdorf - Gross & Klein Immo","description":"Attraktives Einfamilienhaus in Zossen-W\u00fcnsdorf zum Kauf.","robots":{"index":"index","follow":"follow","max-snippet":"max-snippet:-1","max-image-preview":"max-image-preview:large","max-video-preview":"max-video-preview:-1"},"canonical":"https:\/\/grossklein-immobilien.de\/de\/produkt\/einfamilienhaus-zossen-wuensdorf\/","og_locale":"de_DE","og_type":"article","og_title":"Attraktives Einfamilienhaus in Zossen-W\u00fcnsdorf - Gross & Klein Immo","og_description":"Attraktives Einfamilienhaus in Zossen-W\u00fcnsdorf zum Kauf.","og_url":"https:\/\/grossklein-immobilien.de\/de\/produkt\/einfamilienhaus-zossen-wuensdorf\/","article_publisher":"https:\/\/www.facebook.com\/TOMIC-IMMOBILIEN-110945718988806\/","article_modified_time":"2023-09-04T13:16:04+00:00","og_image":[{"width":2560,"height":1707,"url":"https:\/\/grossklein-immobilien.de\/de\/wp-content\/uploads\/2022\/11\/IMG_5714-scaled.jpg","type":"image\/jpeg"}],"twitter_card":"summary_large_image","twitter_site":"@draz_tomic","twitter_misc":{"Gesch\u00e4tzte Lesezeit":"2\u00a0Minuten"},"schema":{"@context":"https:\/\/schema.org","@graph":[{"@type":"WebPage","@id":"https:\/\/grossklein-immobilien.de\/de\/produkt\/einfamilienhaus-zossen-wuensdorf\/","url":"https:\/\/grossklein-immobilien.de\/de\/produkt\/einfamilienhaus-zossen-wuensdorf\/","name":"Attraktives Einfamilienhaus in Zossen-W\u00fcnsdorf - Gross & Klein Immo","isPartOf":{"@id":"https:\/\/grossklein-immobilien.de\/de\/#website"},"primaryImageOfPage":{"@id":"https:\/\/grossklein-immobilien.de\/de\/produkt\/einfamilienhaus-zossen-wuensdorf\/#primaryimage"},"image":{"@id":"https:\/\/grossklein-immobilien.de\/de\/produkt\/einfamilienhaus-zossen-wuensdorf\/#primaryimage"},"thumbnailUrl":"https:\/\/grossklein-immobilien.de\/de\/wp-content\/uploads\/2022\/11\/IMG_5714-scaled.jpg","datePublished":"2022-11-15T10:17:53+00:00","dateModified":"2023-09-04T13:16:04+00:00","description":"Attraktives Einfamilienhaus in Zossen-W\u00fcnsdorf zum Kauf.","breadcrumb":{"@id":"https:\/\/grossklein-immobilien.de\/de\/produkt\/einfamilienhaus-zossen-wuensdorf\/#breadcrumb"},"inLanguage":"de","potentialAction":[{"@type":"ReadAction","target":["https:\/\/grossklein-immobilien.de\/de\/produkt\/einfamilienhaus-zossen-wuensdorf\/"]}]},{"@type":"ImageObject","inLanguage":"de","@id":"https:\/\/grossklein-immobilien.de\/de\/produkt\/einfamilienhaus-zossen-wuensdorf\/#primaryimage","url":"https:\/\/grossklein-immobilien.de\/de\/wp-content\/uploads\/2022\/11\/IMG_5714-scaled.jpg","contentUrl":"https:\/\/grossklein-immobilien.de\/de\/wp-content\/uploads\/2022\/11\/IMG_5714-scaled.jpg","width":2560,"height":1707},{"@type":"BreadcrumbList","@id":"https:\/\/grossklein-immobilien.de\/de\/produkt\/einfamilienhaus-zossen-wuensdorf\/#breadcrumb","itemListElement":[{"@type":"ListItem","position":1,"name":"Home","item":"https:\/\/grossklein-immobilien.de\/de\/"},{"@type":"ListItem","position":2,"name":"Immobilienangebote","item":"https:\/\/grossklein-immobilien.de\/de\/immobilien-berlin\/"},{"@type":"ListItem","position":3,"name":"ATTRAKTIVES EINFAMILIENHAUS IN W\u00dcNSDORF BEI BERLIN"}]},{"@type":"WebSite","@id":"https:\/\/grossklein-immobilien.de\/de\/#website","url":"https:\/\/grossklein-immobilien.de\/de\/","name":"","description":"","potentialAction":[{"@type":"SearchAction","target":{"@type":"EntryPoint","urlTemplate":"https:\/\/grossklein-immobilien.de\/de\/?s={search_term_string}"},"query-input":{"@type":"PropertyValueSpecification","valueRequired":true,"valueName":"search_term_string"}}],"inLanguage":"de"}]}},"uagb_featured_image_src":{"full":["https:\/\/grossklein-immobilien.de\/de\/wp-content\/uploads\/2022\/11\/IMG_5714-scaled.jpg",2560,1707,false],"thumbnail":["https:\/\/grossklein-immobilien.de\/de\/wp-content\/uploads\/2022\/11\/IMG_5714-150x150.jpg",150,150,true],"medium":["https:\/\/grossklein-immobilien.de\/de\/wp-content\/uploads\/2022\/11\/IMG_5714-300x200.jpg",300,200,true],"medium_large":["https:\/\/grossklein-immobilien.de\/de\/wp-content\/uploads\/2022\/11\/IMG_5714-scaled.jpg",2560,1707,false],"large":["https:\/\/grossklein-immobilien.de\/de\/wp-content\/uploads\/2022\/11\/IMG_5714-1024x683.jpg",604,403,true],"1536x1536":["https:\/\/grossklein-immobilien.de\/de\/wp-content\/uploads\/2022\/11\/IMG_5714-1536x1024.jpg",1536,1024,true],"2048x2048":["https:\/\/grossklein-immobilien.de\/de\/wp-content\/uploads\/2022\/11\/IMG_5714-2048x1365.jpg",2048,1365,true],"post-thumbnail":["https:\/\/grossklein-immobilien.de\/de\/wp-content\/uploads\/2022\/11\/IMG_5714-604x270.jpg",604,270,true],"woocommerce_thumbnail":["https:\/\/grossklein-immobilien.de\/de\/wp-content\/uploads\/2022\/11\/IMG_5714-300x300.jpg",300,300,true],"woocommerce_single":["https:\/\/grossklein-immobilien.de\/de\/wp-content\/uploads\/2022\/11\/IMG_5714-1200x800.jpg",1200,800,true],"woocommerce_gallery_thumbnail":["https:\/\/grossklein-immobilien.de\/de\/wp-content\/uploads\/2022\/11\/IMG_5714-100x100.jpg",100,100,true]},"uagb_author_info":{"display_name":"Drazan Tomic","author_link":"https:\/\/grossklein-immobilien.de\/de\/author\/"},"uagb_comment_info":0,"uagb_excerpt":"Es handelt sich bei diesem Angebot um ein freistehendes Einfamilienhaus in ruhiger Wohnlage in Zossen-W\u00fcnsdorf.","_links":{"self":[{"href":"https:\/\/grossklein-immobilien.de\/de\/wp-json\/wp\/v2\/product\/25772","targetHints":{"allow":["GET"]}}],"collection":[{"href":"https:\/\/grossklein-immobilien.de\/de\/wp-json\/wp\/v2\/product"}],"about":[{"href":"https:\/\/grossklein-immobilien.de\/de\/wp-json\/wp\/v2\/types\/product"}],"wp:featuredmedia":[{"embeddable":true,"href":"https:\/\/grossklein-immobilien.de\/de\/wp-json\/wp\/v2\/media\/28658"}],"wp:attachment":[{"href":"https:\/\/grossklein-immobilien.de\/de\/wp-json\/wp\/v2\/media?parent=25772"}],"wp:term":[{"taxonomy":"product_cat","embeddable":true,"href":"https:\/\/grossklein-immobilien.de\/de\/wp-json\/wp\/v2\/product_cat?post=25772"},{"taxonomy":"product_tag","embeddable":true,"href":"https:\/\/grossklein-immobilien.de\/de\/wp-json\/wp\/v2\/product_tag?post=25772"}],"curies":[{"name":"wp","href":"https:\/\/api.w.org\/{rel}","templated":true}]}}