{"id":25795,"date":"2022-11-15T12:07:23","date_gmt":"2022-11-15T11:07:23","guid":{"rendered":"https:\/\/grossklein-immobilien.de\/de\/?post_type=product&#038;p=25795"},"modified":"2026-02-06T09:58:22","modified_gmt":"2026-02-06T08:58:22","slug":"traumhaftevilla-in-bestlage-von-zehlendorf","status":"publish","type":"product","link":"https:\/\/grossklein-immobilien.de\/de\/produkt\/traumhaftevilla-in-bestlage-von-zehlendorf\/","title":{"rendered":"TRAUMHAFTE VILLA IN BESTLAGE VON BERLIN-ZEHLENDORF"},"content":{"rendered":"<p style=\"text-align: justify;\">Diese edle Villa in Bestlage von Zehlendorf wurde ca. 1930 auf einem gro\u00dfz\u00fcgigen Grundst\u00fcck von ca. 1.300 m\u00b2 errichtet. In 2019 fand eine umfangreiche Kernsanierung statt und eine Anpassung der Grundrisse sowie der Ausstattung.. Umgeben von altem Baumbestand, verbreitet diese Altbauvilla den herrschaftlichen Charme vergangener Epochen kombiniert mit der Moderne der heutigen Standards. Das Erscheinungsbild symbolisiert eine moderne Aura. Gro\u00dfe Fensterfronten zieren den Eingangsbereich und f\u00fchren diese Stimmung auf einer imposanten Wohn- und Nutzfl\u00e4che von ca. 390 m\u00b2 fort. In der obersten Etage vermittelt das Domizil ein ehrw\u00fcrdiges und modernes Ambiente: Das eindrucksvolle Foyer mit Kamin, bis zu 4 m hohen Decken und der offene Wohn &#8211; Essbereich sind ein absoluter Blickfang die, einen atemberaubende Atmosph\u00e4re schaffen. Hochwertiges Parkett in Landhausoptik sowie gro\u00dfen Glasschiebet\u00fcren sind ebenfalls zu erw\u00e4hnende Merkmale der Architektur. Die gro\u00dfz\u00fcgigen R\u00e4umlichkeiten betonen den Charackter des prachtvollen Wohndomizils. Im 1.OG befindet sich ein Wohnzimmer mit Wintergarten und Essbereich sowie der luxuri\u00f6se Wellnessbereich mit Ruheraum. Insgesamt stehen 10 Zimmer, vier Badezimmer \u2013 davon eins en Suite \u2013 eine Ankleide und eine Bibliothek zur Verf\u00fcgung. Neben dem Balkon und zwei weiteren Terrassen bietet der Garten weitere Optionen f\u00fcr eine familienfreundliche, gr\u00fcne Erholungsoase in Berlin-Zehlendorf.<\/p>\n<p class=\"is24qa-lage text-content full-text\" style=\"text-align: justify;\">Berlin geh\u00f6rt zu den gr\u00fcnsten Hauptst\u00e4dten Europas &#8211; in kaum einer anderen Metropole gibt es mehr W\u00e4lder, Parks und Gr\u00fcnanlagen. Im Ortsteil Zehlendorf locken gleich mehrere Seen und Naherholungsgebiete: Mit Havel, Wannsee, Schlachtensee, Nikolassee und der Krummen Lanke sowie zahlreichen Parkanlagen wie dem Fischtalpark geh\u00f6ren fast 50 Prozent des Ortsteils zu Seen- und Gr\u00fcnfl\u00e4chen. Ein Umstand, der f\u00fcr etliche erstklassige Wohnlagen und hoher Beliebtheit bei der vornehmlich gutb\u00fcrgerlichen Klientel sorgt. Eine \u00fcber Jahrzehnte im Kiez gewachsene Infrastruktur versorgt die Anwohner mit allem, was sie zum Leben brauchen \u2013 insbesondere der in der N\u00e4he liegende Mexikoplatz l\u00e4dt mit seinen Gesch\u00e4ften, Restaurants und dem gleichnamigen S-Bahnhof zum Verweilen ein. Dar\u00fcber hinaus schm\u00fcckt sich Zehlendorf mit renommierten Bildungseinrichtungen wie der Freien Universit\u00e4t Berlin und mehreren namhaften Gymnasien. Die Autobahn (AVUS) sowie zahlreiche Bus- und S-Bahn Stationen sind in weniger als 5 min erreichbar und erm\u00f6glichen einen schnellen Weg ins Zentrum Berlins.<\/p>\n<p>Vermittelt von Gross &amp; Klein Immobilien, Ihrem <a href=\"https:\/\/grossklein-immobilien.de\/de\/immobilienmakler-berlin-zehlendorf\/\">Immobilienmakler in Berlin-Zehlendorf.<\/a><\/p>\n","protected":false},"excerpt":{"rendered":"<p>Es handelt sich bei diesem Objekt um eine modernisierte Villa aus der Gr\u00fcnderzeit in Bestlage von Berlin-Zehlendorf.<\/p>\n","protected":false},"featured_media":25796,"template":"","meta":{"_uag_custom_page_level_css":"","ngg_post_thumbnail":0},"product_cat":[26,412],"product_tag":[],"class_list":{"0":"post-25795","1":"product","2":"type-product","3":"status-publish","4":"has-post-thumbnail","6":"product_cat-einfamilienhaeuser","7":"product_cat-berlin-zehlendorf","8":"pa_adresse-612","9":"pa_baujahr-611","10":"pa_courtage-357-vom-beurk-kaufpreis-2","11":"pa_etagen-198","12":"pa_gaeste-wc-vorhanden","13":"pa_grundstuecksflaeche-609","14":"pa_objektzustand-modernisiert","15":"pa_standort-berlin-zehlendorf","16":"pa_wohnflaeche-940","17":"pa_zimmer-614","19":"first","20":"outofstock","21":"shipping-taxable","22":"purchasable","23":"product-type-simple"},"yoast_head":"<!-- This site is optimized with the Yoast SEO plugin v26.8 - https:\/\/yoast.com\/product\/yoast-seo-wordpress\/ -->\n<title>Traumhafte Villa in Bestlage von Zehlendorf - Gross &amp; Klein<\/title>\n<meta name=\"description\" content=\"Traumhafte Villa in Bestlage von Zehlendorf in unmittelbarer N\u00e4he zum Schlachtensee und zur Krummer Lanke. Leben wo das Herz begehrt!\" \/>\n<meta name=\"robots\" content=\"index, follow, max-snippet:-1, max-image-preview:large, max-video-preview:-1\" \/>\n<link rel=\"canonical\" href=\"https:\/\/grossklein-immobilien.de\/de\/produkt\/traumhaftevilla-in-bestlage-von-zehlendorf\/\" \/>\n<meta property=\"og:locale\" content=\"de_DE\" \/>\n<meta property=\"og:type\" content=\"article\" \/>\n<meta property=\"og:title\" content=\"Traumhafte Villa in Bestlage von Zehlendorf - Gross &amp; Klein\" \/>\n<meta property=\"og:description\" content=\"Traumhafte Villa in Bestlage von Zehlendorf in unmittelbarer N\u00e4he zum Schlachtensee und zur Krummer Lanke. Leben wo das Herz begehrt!\" \/>\n<meta property=\"og:url\" content=\"https:\/\/grossklein-immobilien.de\/de\/produkt\/traumhaftevilla-in-bestlage-von-zehlendorf\/\" \/>\n<meta property=\"article:publisher\" content=\"https:\/\/www.facebook.com\/TOMIC-IMMOBILIEN-110945718988806\/\" \/>\n<meta property=\"article:modified_time\" content=\"2026-02-06T08:58:22+00:00\" \/>\n<meta property=\"og:image\" content=\"https:\/\/grossklein-immobilien.de\/de\/wp-content\/uploads\/2022\/11\/03-e1668508358839.png\" \/>\n\t<meta property=\"og:image:width\" content=\"1102\" \/>\n\t<meta property=\"og:image:height\" content=\"746\" \/>\n\t<meta property=\"og:image:type\" content=\"image\/png\" \/>\n<meta name=\"twitter:card\" content=\"summary_large_image\" \/>\n<meta name=\"twitter:site\" content=\"@draz_tomic\" \/>\n<meta name=\"twitter:label1\" content=\"Gesch\u00e4tzte Lesezeit\" \/>\n\t<meta name=\"twitter:data1\" content=\"3\u00a0Minuten\" \/>\n<script type=\"application\/ld+json\" class=\"yoast-schema-graph\">{\"@context\":\"https:\/\/schema.org\",\"@graph\":[{\"@type\":\"WebPage\",\"@id\":\"https:\/\/grossklein-immobilien.de\/de\/produkt\/traumhaftevilla-in-bestlage-von-zehlendorf\/\",\"url\":\"https:\/\/grossklein-immobilien.de\/de\/produkt\/traumhaftevilla-in-bestlage-von-zehlendorf\/\",\"name\":\"Traumhafte Villa in Bestlage von Zehlendorf - Gross & Klein\",\"isPartOf\":{\"@id\":\"https:\/\/grossklein-immobilien.de\/de\/#website\"},\"primaryImageOfPage\":{\"@id\":\"https:\/\/grossklein-immobilien.de\/de\/produkt\/traumhaftevilla-in-bestlage-von-zehlendorf\/#primaryimage\"},\"image\":{\"@id\":\"https:\/\/grossklein-immobilien.de\/de\/produkt\/traumhaftevilla-in-bestlage-von-zehlendorf\/#primaryimage\"},\"thumbnailUrl\":\"https:\/\/grossklein-immobilien.de\/de\/wp-content\/uploads\/2022\/11\/03-e1668508358839.png\",\"datePublished\":\"2022-11-15T11:07:23+00:00\",\"dateModified\":\"2026-02-06T08:58:22+00:00\",\"description\":\"Traumhafte Villa in Bestlage von Zehlendorf in unmittelbarer N\u00e4he zum Schlachtensee und zur Krummer Lanke. Leben wo das Herz begehrt!\",\"breadcrumb\":{\"@id\":\"https:\/\/grossklein-immobilien.de\/de\/produkt\/traumhaftevilla-in-bestlage-von-zehlendorf\/#breadcrumb\"},\"inLanguage\":\"de\",\"potentialAction\":[{\"@type\":\"ReadAction\",\"target\":[\"https:\/\/grossklein-immobilien.de\/de\/produkt\/traumhaftevilla-in-bestlage-von-zehlendorf\/\"]}]},{\"@type\":\"ImageObject\",\"inLanguage\":\"de\",\"@id\":\"https:\/\/grossklein-immobilien.de\/de\/produkt\/traumhaftevilla-in-bestlage-von-zehlendorf\/#primaryimage\",\"url\":\"https:\/\/grossklein-immobilien.de\/de\/wp-content\/uploads\/2022\/11\/03-e1668508358839.png\",\"contentUrl\":\"https:\/\/grossklein-immobilien.de\/de\/wp-content\/uploads\/2022\/11\/03-e1668508358839.png\",\"width\":1102,\"height\":746,\"caption\":\"Herrliche Villa auf gro\u00dfem Sonnengrundst\u00fcck in Berlin-Zehlendorf verkauft durch Gross & Klein Immobilien\"},{\"@type\":\"BreadcrumbList\",\"@id\":\"https:\/\/grossklein-immobilien.de\/de\/produkt\/traumhaftevilla-in-bestlage-von-zehlendorf\/#breadcrumb\",\"itemListElement\":[{\"@type\":\"ListItem\",\"position\":1,\"name\":\"Home\",\"item\":\"https:\/\/grossklein-immobilien.de\/de\/\"},{\"@type\":\"ListItem\",\"position\":2,\"name\":\"Immobilienangebote\",\"item\":\"https:\/\/grossklein-immobilien.de\/de\/immobilien-berlin\/\"},{\"@type\":\"ListItem\",\"position\":3,\"name\":\"TRAUMHAFTE VILLA IN BESTLAGE VON BERLIN-ZEHLENDORF\"}]},{\"@type\":\"WebSite\",\"@id\":\"https:\/\/grossklein-immobilien.de\/de\/#website\",\"url\":\"https:\/\/grossklein-immobilien.de\/de\/\",\"name\":\"\",\"description\":\"\",\"potentialAction\":[{\"@type\":\"SearchAction\",\"target\":{\"@type\":\"EntryPoint\",\"urlTemplate\":\"https:\/\/grossklein-immobilien.de\/de\/?s={search_term_string}\"},\"query-input\":{\"@type\":\"PropertyValueSpecification\",\"valueRequired\":true,\"valueName\":\"search_term_string\"}}],\"inLanguage\":\"de\"}]}<\/script>\n<!-- \/ Yoast SEO plugin. -->","yoast_head_json":{"title":"Traumhafte Villa in Bestlage von Zehlendorf - Gross & Klein","description":"Traumhafte Villa in Bestlage von Zehlendorf in unmittelbarer N\u00e4he zum Schlachtensee und zur Krummer Lanke. Leben wo das Herz begehrt!","robots":{"index":"index","follow":"follow","max-snippet":"max-snippet:-1","max-image-preview":"max-image-preview:large","max-video-preview":"max-video-preview:-1"},"canonical":"https:\/\/grossklein-immobilien.de\/de\/produkt\/traumhaftevilla-in-bestlage-von-zehlendorf\/","og_locale":"de_DE","og_type":"article","og_title":"Traumhafte Villa in Bestlage von Zehlendorf - Gross & Klein","og_description":"Traumhafte Villa in Bestlage von Zehlendorf in unmittelbarer N\u00e4he zum Schlachtensee und zur Krummer Lanke. Leben wo das Herz begehrt!","og_url":"https:\/\/grossklein-immobilien.de\/de\/produkt\/traumhaftevilla-in-bestlage-von-zehlendorf\/","article_publisher":"https:\/\/www.facebook.com\/TOMIC-IMMOBILIEN-110945718988806\/","article_modified_time":"2026-02-06T08:58:22+00:00","og_image":[{"width":1102,"height":746,"url":"https:\/\/grossklein-immobilien.de\/de\/wp-content\/uploads\/2022\/11\/03-e1668508358839.png","type":"image\/png"}],"twitter_card":"summary_large_image","twitter_site":"@draz_tomic","twitter_misc":{"Gesch\u00e4tzte Lesezeit":"3\u00a0Minuten"},"schema":{"@context":"https:\/\/schema.org","@graph":[{"@type":"WebPage","@id":"https:\/\/grossklein-immobilien.de\/de\/produkt\/traumhaftevilla-in-bestlage-von-zehlendorf\/","url":"https:\/\/grossklein-immobilien.de\/de\/produkt\/traumhaftevilla-in-bestlage-von-zehlendorf\/","name":"Traumhafte Villa in Bestlage von Zehlendorf - Gross & Klein","isPartOf":{"@id":"https:\/\/grossklein-immobilien.de\/de\/#website"},"primaryImageOfPage":{"@id":"https:\/\/grossklein-immobilien.de\/de\/produkt\/traumhaftevilla-in-bestlage-von-zehlendorf\/#primaryimage"},"image":{"@id":"https:\/\/grossklein-immobilien.de\/de\/produkt\/traumhaftevilla-in-bestlage-von-zehlendorf\/#primaryimage"},"thumbnailUrl":"https:\/\/grossklein-immobilien.de\/de\/wp-content\/uploads\/2022\/11\/03-e1668508358839.png","datePublished":"2022-11-15T11:07:23+00:00","dateModified":"2026-02-06T08:58:22+00:00","description":"Traumhafte Villa in Bestlage von Zehlendorf in unmittelbarer N\u00e4he zum Schlachtensee und zur Krummer Lanke. Leben wo das Herz begehrt!","breadcrumb":{"@id":"https:\/\/grossklein-immobilien.de\/de\/produkt\/traumhaftevilla-in-bestlage-von-zehlendorf\/#breadcrumb"},"inLanguage":"de","potentialAction":[{"@type":"ReadAction","target":["https:\/\/grossklein-immobilien.de\/de\/produkt\/traumhaftevilla-in-bestlage-von-zehlendorf\/"]}]},{"@type":"ImageObject","inLanguage":"de","@id":"https:\/\/grossklein-immobilien.de\/de\/produkt\/traumhaftevilla-in-bestlage-von-zehlendorf\/#primaryimage","url":"https:\/\/grossklein-immobilien.de\/de\/wp-content\/uploads\/2022\/11\/03-e1668508358839.png","contentUrl":"https:\/\/grossklein-immobilien.de\/de\/wp-content\/uploads\/2022\/11\/03-e1668508358839.png","width":1102,"height":746,"caption":"Herrliche Villa auf gro\u00dfem Sonnengrundst\u00fcck in Berlin-Zehlendorf verkauft durch Gross & Klein Immobilien"},{"@type":"BreadcrumbList","@id":"https:\/\/grossklein-immobilien.de\/de\/produkt\/traumhaftevilla-in-bestlage-von-zehlendorf\/#breadcrumb","itemListElement":[{"@type":"ListItem","position":1,"name":"Home","item":"https:\/\/grossklein-immobilien.de\/de\/"},{"@type":"ListItem","position":2,"name":"Immobilienangebote","item":"https:\/\/grossklein-immobilien.de\/de\/immobilien-berlin\/"},{"@type":"ListItem","position":3,"name":"TRAUMHAFTE VILLA IN BESTLAGE VON BERLIN-ZEHLENDORF"}]},{"@type":"WebSite","@id":"https:\/\/grossklein-immobilien.de\/de\/#website","url":"https:\/\/grossklein-immobilien.de\/de\/","name":"","description":"","potentialAction":[{"@type":"SearchAction","target":{"@type":"EntryPoint","urlTemplate":"https:\/\/grossklein-immobilien.de\/de\/?s={search_term_string}"},"query-input":{"@type":"PropertyValueSpecification","valueRequired":true,"valueName":"search_term_string"}}],"inLanguage":"de"}]}},"uagb_featured_image_src":{"full":["https:\/\/grossklein-immobilien.de\/de\/wp-content\/uploads\/2022\/11\/03-e1668508358839.png",1102,746,false],"thumbnail":["https:\/\/grossklein-immobilien.de\/de\/wp-content\/uploads\/2022\/11\/03-e1668508358839-150x150.png",150,150,true],"medium":["https:\/\/grossklein-immobilien.de\/de\/wp-content\/uploads\/2022\/11\/03-e1668508358839-300x203.png",300,203,true],"medium_large":["https:\/\/grossklein-immobilien.de\/de\/wp-content\/uploads\/2022\/11\/03-e1668508358839.png",1102,746,false],"large":["https:\/\/grossklein-immobilien.de\/de\/wp-content\/uploads\/2022\/11\/03-e1668508358839-1024x693.png",604,409,true],"1536x1536":["https:\/\/grossklein-immobilien.de\/de\/wp-content\/uploads\/2022\/11\/03-e1668508358839.png",1102,746,false],"2048x2048":["https:\/\/grossklein-immobilien.de\/de\/wp-content\/uploads\/2022\/11\/03-e1668508358839.png",1102,746,false],"post-thumbnail":["https:\/\/grossklein-immobilien.de\/de\/wp-content\/uploads\/2022\/11\/03-e1668508358839-604x270.png",604,270,true],"woocommerce_thumbnail":["https:\/\/grossklein-immobilien.de\/de\/wp-content\/uploads\/2022\/11\/03-e1668508358839-300x300.png",300,300,true],"woocommerce_single":["https:\/\/grossklein-immobilien.de\/de\/wp-content\/uploads\/2022\/11\/03-e1668508358839.png",1102,746,false],"woocommerce_gallery_thumbnail":["https:\/\/grossklein-immobilien.de\/de\/wp-content\/uploads\/2022\/11\/03-e1668508358839-100x100.png",100,100,true]},"uagb_author_info":{"display_name":"Drazan Tomic","author_link":"https:\/\/grossklein-immobilien.de\/de\/author\/"},"uagb_comment_info":0,"uagb_excerpt":"Es handelt sich bei diesem Objekt um eine modernisierte Villa aus der Gr\u00fcnderzeit in Bestlage von Berlin-Zehlendorf.","_links":{"self":[{"href":"https:\/\/grossklein-immobilien.de\/de\/wp-json\/wp\/v2\/product\/25795","targetHints":{"allow":["GET"]}}],"collection":[{"href":"https:\/\/grossklein-immobilien.de\/de\/wp-json\/wp\/v2\/product"}],"about":[{"href":"https:\/\/grossklein-immobilien.de\/de\/wp-json\/wp\/v2\/types\/product"}],"wp:featuredmedia":[{"embeddable":true,"href":"https:\/\/grossklein-immobilien.de\/de\/wp-json\/wp\/v2\/media\/25796"}],"wp:attachment":[{"href":"https:\/\/grossklein-immobilien.de\/de\/wp-json\/wp\/v2\/media?parent=25795"}],"wp:term":[{"taxonomy":"product_cat","embeddable":true,"href":"https:\/\/grossklein-immobilien.de\/de\/wp-json\/wp\/v2\/product_cat?post=25795"},{"taxonomy":"product_tag","embeddable":true,"href":"https:\/\/grossklein-immobilien.de\/de\/wp-json\/wp\/v2\/product_tag?post=25795"}],"curies":[{"name":"wp","href":"https:\/\/api.w.org\/{rel}","templated":true}]}}