{"id":26194,"date":"2023-02-13T16:23:44","date_gmt":"2023-02-13T15:23:44","guid":{"rendered":"https:\/\/grossklein-immobilien.de\/de\/?post_type=product&#038;p=26194"},"modified":"2023-05-30T12:26:43","modified_gmt":"2023-05-30T10:26:43","slug":"vermietete-komfortwohnung","status":"publish","type":"product","link":"https:\/\/grossklein-immobilien.de\/de\/produkt\/vermietete-komfortwohnung\/","title":{"rendered":"VERMIETETE NEUBAUWOHNUNG MIT BALKON &#038; STELLPLATZ"},"content":{"rendered":"<p style=\"text-align: justify;\">Es handelt sich hierbei um eine vermietete 3-ZI Neubauwohnung im 1.OG mit Balkon und Stellplatz in Berlin-Pankow (Ortsteil Blankenburg). Die Wohnung befindet sich ein einem gepflegten Neubau der ca. 1994 erbaut wurde und aus 9 Wohnungen besteht. Die Wohnung ist f\u00fcr 770\u20ac netto im Monat vermietet und kommt auf eine Jahresnettokaltmiete von 9240\u20ac netto.<\/p>\n<p style=\"text-align: justify;\">Bei der Wohnung \u00fcberzeugt der praktische Grundriss&nbsp; bzw. die Aufteilung. Das Wohnzimmer ist sehr gro\u00dfz\u00fcgig mit einem Essbereich und komfortablen Balkon. Neben dem Vollbad mit Wanne und Dusche steht auch ein G\u00e4ste-WC zur Verf\u00fcgung. Die beiden Schlafzimmer sind separat begehbar. Es steht au\u00dferdem ein Stellplatz zur Verf\u00fcgung sowie ein Keller.<\/p>\n<p style=\"text-align: justify;\">Die reine Anliegerwohnlage befindet sich in fu\u00dfl\u00e4ufiger N\u00e4he zum Golf Resort Berlin-Pankow. Schnell erreichbar ist auch das Naturschutzgebiet Karower Teiche. Nach 700 Metern geht es in das Ortszentrum von Alt-Blankenburg, in dem Superm\u00e4rkte, Lokale, Fachgesch\u00e4fte und Artztpraxen sowie Kindertagesst\u00e4tte und Grundschulen ans\u00e4ssig sind. Weiter westlich und in ca. 1,3 Kilometer Entfernung befindet sich der S-Bahnhof Blankenburg. Nach Berlin-Mitte oder zum Alexanderplatz ben\u00f6tigt man 15-20 Minuten mit dem PKW. Von dieser idyllischen Wohnlage lassen sich die wichtigsten Dienstleistungen schnell erreichen. Damit erh\u00e4lt die l\u00e4ndlich gepr\u00e4gte Wohnharmonie den richtigen Abstand zur Urbanit\u00e4t &#8211; eine sehr gesch\u00e4tzte, da ausgewogene Wohnsituation in einem renommierten Ortsteil.<\/p>\n<p>&nbsp;<\/p>\n<p>&nbsp;<\/p>\n","protected":false},"excerpt":{"rendered":"<p>Es handelt sich bei dieser Wohnung um eine M\u00f6glichkeit einer Kapitalanlage bzw. als Investment mit einer Jahresnettokaltmiete von 9240,00\u20ac.<\/p>\n","protected":false},"featured_media":0,"template":"","meta":{"_uag_custom_page_level_css":"","ngg_post_thumbnail":0},"product_cat":[24,27,356,421,416],"product_tag":[],"class_list":{"0":"post-26194","1":"product","2":"type-product","3":"status-publish","5":"product_cat-eigentumswohnungen","6":"product_cat-kapitalanlage","7":"product_cat-berlin-pankow","8":"product_cat-70-110","9":"product_cat-416","10":"pa_adresse-13129-berlin","11":"pa_balkon-ja","12":"pa_baujahr-618","13":"pa_courtage-357-vom-beurk-kaufpreis-2","14":"pa_etage-338","15":"pa_etagen-54","16":"pa_gaeste-wc-ja","17":"pa_heizungsart-zentralheizung-gas","18":"pa_mieteinnahmen-924000-e-jnkm","19":"pa_objektzustand-gepflegt","20":"pa_standort-berlin-pankow","21":"pa_wohnflaeche-621","22":"pa_zimmer-11","24":"first","25":"instock","26":"shipping-taxable","27":"purchasable","28":"product-type-simple"},"yoast_head":"<!-- This site is optimized with the Yoast SEO plugin v26.8 - https:\/\/yoast.com\/product\/yoast-seo-wordpress\/ -->\n<title>Vermietete Wohnung mit Balkon und Stellplatz in Pankow (Blankenburg)<\/title>\n<meta name=\"description\" content=\"Vermietete Neubau Wohnung mit Balkon und Stellplatz in Pankow, Ortsteil Blankenburg. Helles 1.OG mit Balkon, G\u00e4ste-WC und Stellplatz inkl.!\" \/>\n<meta name=\"robots\" content=\"index, follow, max-snippet:-1, max-image-preview:large, max-video-preview:-1\" \/>\n<link rel=\"canonical\" href=\"https:\/\/grossklein-immobilien.de\/de\/produkt\/vermietete-komfortwohnung\/\" \/>\n<meta property=\"og:locale\" content=\"de_DE\" \/>\n<meta property=\"og:type\" content=\"article\" \/>\n<meta property=\"og:title\" content=\"Vermietete Wohnung mit Balkon und Stellplatz in Pankow (Blankenburg)\" \/>\n<meta property=\"og:description\" content=\"Vermietete Neubau Wohnung mit Balkon und Stellplatz in Pankow, Ortsteil Blankenburg. Helles 1.OG mit Balkon, G\u00e4ste-WC und Stellplatz inkl.!\" \/>\n<meta property=\"og:url\" content=\"https:\/\/grossklein-immobilien.de\/de\/produkt\/vermietete-komfortwohnung\/\" \/>\n<meta property=\"article:publisher\" content=\"https:\/\/www.facebook.com\/TOMIC-IMMOBILIEN-110945718988806\/\" \/>\n<meta property=\"article:modified_time\" content=\"2023-05-30T10:26:43+00:00\" \/>\n<meta property=\"og:image\" content=\"https:\/\/grossklein-immobilien.de\/de\/wp-content\/uploads\/2023\/02\/IMG_5981.jpg\" \/>\n\t<meta property=\"og:image:width\" content=\"1920\" \/>\n\t<meta property=\"og:image:height\" content=\"1280\" \/>\n\t<meta property=\"og:image:type\" content=\"image\/jpeg\" \/>\n<meta name=\"twitter:card\" content=\"summary_large_image\" \/>\n<meta name=\"twitter:site\" content=\"@draz_tomic\" \/>\n<meta name=\"twitter:label1\" content=\"Gesch\u00e4tzte Lesezeit\" \/>\n\t<meta name=\"twitter:data1\" content=\"1\u00a0Minute\" \/>\n<script type=\"application\/ld+json\" class=\"yoast-schema-graph\">{\"@context\":\"https:\/\/schema.org\",\"@graph\":[{\"@type\":\"WebPage\",\"@id\":\"https:\/\/grossklein-immobilien.de\/de\/produkt\/vermietete-komfortwohnung\/\",\"url\":\"https:\/\/grossklein-immobilien.de\/de\/produkt\/vermietete-komfortwohnung\/\",\"name\":\"Vermietete Wohnung mit Balkon und Stellplatz in Pankow (Blankenburg)\",\"isPartOf\":{\"@id\":\"https:\/\/grossklein-immobilien.de\/de\/#website\"},\"datePublished\":\"2023-02-13T15:23:44+00:00\",\"dateModified\":\"2023-05-30T10:26:43+00:00\",\"description\":\"Vermietete Neubau Wohnung mit Balkon und Stellplatz in Pankow, Ortsteil Blankenburg. Helles 1.OG mit Balkon, G\u00e4ste-WC und Stellplatz inkl.!\",\"breadcrumb\":{\"@id\":\"https:\/\/grossklein-immobilien.de\/de\/produkt\/vermietete-komfortwohnung\/#breadcrumb\"},\"inLanguage\":\"de\",\"potentialAction\":[{\"@type\":\"ReadAction\",\"target\":[\"https:\/\/grossklein-immobilien.de\/de\/produkt\/vermietete-komfortwohnung\/\"]}]},{\"@type\":\"BreadcrumbList\",\"@id\":\"https:\/\/grossklein-immobilien.de\/de\/produkt\/vermietete-komfortwohnung\/#breadcrumb\",\"itemListElement\":[{\"@type\":\"ListItem\",\"position\":1,\"name\":\"Home\",\"item\":\"https:\/\/grossklein-immobilien.de\/de\/\"},{\"@type\":\"ListItem\",\"position\":2,\"name\":\"Immobilienangebote\",\"item\":\"https:\/\/grossklein-immobilien.de\/de\/immobilien-berlin\/\"},{\"@type\":\"ListItem\",\"position\":3,\"name\":\"VERMIETETE NEUBAUWOHNUNG MIT BALKON &#038; STELLPLATZ\"}]},{\"@type\":\"WebSite\",\"@id\":\"https:\/\/grossklein-immobilien.de\/de\/#website\",\"url\":\"https:\/\/grossklein-immobilien.de\/de\/\",\"name\":\"\",\"description\":\"\",\"potentialAction\":[{\"@type\":\"SearchAction\",\"target\":{\"@type\":\"EntryPoint\",\"urlTemplate\":\"https:\/\/grossklein-immobilien.de\/de\/?s={search_term_string}\"},\"query-input\":{\"@type\":\"PropertyValueSpecification\",\"valueRequired\":true,\"valueName\":\"search_term_string\"}}],\"inLanguage\":\"de\"}]}<\/script>\n<!-- \/ Yoast SEO plugin. -->","yoast_head_json":{"title":"Vermietete Wohnung mit Balkon und Stellplatz in Pankow (Blankenburg)","description":"Vermietete Neubau Wohnung mit Balkon und Stellplatz in Pankow, Ortsteil Blankenburg. Helles 1.OG mit Balkon, G\u00e4ste-WC und Stellplatz inkl.!","robots":{"index":"index","follow":"follow","max-snippet":"max-snippet:-1","max-image-preview":"max-image-preview:large","max-video-preview":"max-video-preview:-1"},"canonical":"https:\/\/grossklein-immobilien.de\/de\/produkt\/vermietete-komfortwohnung\/","og_locale":"de_DE","og_type":"article","og_title":"Vermietete Wohnung mit Balkon und Stellplatz in Pankow (Blankenburg)","og_description":"Vermietete Neubau Wohnung mit Balkon und Stellplatz in Pankow, Ortsteil Blankenburg. Helles 1.OG mit Balkon, G\u00e4ste-WC und Stellplatz inkl.!","og_url":"https:\/\/grossklein-immobilien.de\/de\/produkt\/vermietete-komfortwohnung\/","article_publisher":"https:\/\/www.facebook.com\/TOMIC-IMMOBILIEN-110945718988806\/","article_modified_time":"2023-05-30T10:26:43+00:00","og_image":[{"width":1920,"height":1280,"url":"https:\/\/grossklein-immobilien.de\/de\/wp-content\/uploads\/2023\/02\/IMG_5981.jpg","type":"image\/jpeg"}],"twitter_card":"summary_large_image","twitter_site":"@draz_tomic","twitter_misc":{"Gesch\u00e4tzte Lesezeit":"1\u00a0Minute"},"schema":{"@context":"https:\/\/schema.org","@graph":[{"@type":"WebPage","@id":"https:\/\/grossklein-immobilien.de\/de\/produkt\/vermietete-komfortwohnung\/","url":"https:\/\/grossklein-immobilien.de\/de\/produkt\/vermietete-komfortwohnung\/","name":"Vermietete Wohnung mit Balkon und Stellplatz in Pankow (Blankenburg)","isPartOf":{"@id":"https:\/\/grossklein-immobilien.de\/de\/#website"},"datePublished":"2023-02-13T15:23:44+00:00","dateModified":"2023-05-30T10:26:43+00:00","description":"Vermietete Neubau Wohnung mit Balkon und Stellplatz in Pankow, Ortsteil Blankenburg. Helles 1.OG mit Balkon, G\u00e4ste-WC und Stellplatz inkl.!","breadcrumb":{"@id":"https:\/\/grossklein-immobilien.de\/de\/produkt\/vermietete-komfortwohnung\/#breadcrumb"},"inLanguage":"de","potentialAction":[{"@type":"ReadAction","target":["https:\/\/grossklein-immobilien.de\/de\/produkt\/vermietete-komfortwohnung\/"]}]},{"@type":"BreadcrumbList","@id":"https:\/\/grossklein-immobilien.de\/de\/produkt\/vermietete-komfortwohnung\/#breadcrumb","itemListElement":[{"@type":"ListItem","position":1,"name":"Home","item":"https:\/\/grossklein-immobilien.de\/de\/"},{"@type":"ListItem","position":2,"name":"Immobilienangebote","item":"https:\/\/grossklein-immobilien.de\/de\/immobilien-berlin\/"},{"@type":"ListItem","position":3,"name":"VERMIETETE NEUBAUWOHNUNG MIT BALKON &#038; STELLPLATZ"}]},{"@type":"WebSite","@id":"https:\/\/grossklein-immobilien.de\/de\/#website","url":"https:\/\/grossklein-immobilien.de\/de\/","name":"","description":"","potentialAction":[{"@type":"SearchAction","target":{"@type":"EntryPoint","urlTemplate":"https:\/\/grossklein-immobilien.de\/de\/?s={search_term_string}"},"query-input":{"@type":"PropertyValueSpecification","valueRequired":true,"valueName":"search_term_string"}}],"inLanguage":"de"}]}},"uagb_featured_image_src":{"full":false,"thumbnail":false,"medium":false,"medium_large":false,"large":false,"1536x1536":false,"2048x2048":false,"post-thumbnail":false,"woocommerce_thumbnail":false,"woocommerce_single":false,"woocommerce_gallery_thumbnail":false},"uagb_author_info":{"display_name":"Drazan Tomic","author_link":"https:\/\/grossklein-immobilien.de\/de\/author\/"},"uagb_comment_info":0,"uagb_excerpt":"Es handelt sich bei dieser Wohnung um eine M\u00f6glichkeit einer Kapitalanlage bzw. als Investment mit einer Jahresnettokaltmiete von 9240,00\u20ac.","_links":{"self":[{"href":"https:\/\/grossklein-immobilien.de\/de\/wp-json\/wp\/v2\/product\/26194","targetHints":{"allow":["GET"]}}],"collection":[{"href":"https:\/\/grossklein-immobilien.de\/de\/wp-json\/wp\/v2\/product"}],"about":[{"href":"https:\/\/grossklein-immobilien.de\/de\/wp-json\/wp\/v2\/types\/product"}],"wp:attachment":[{"href":"https:\/\/grossklein-immobilien.de\/de\/wp-json\/wp\/v2\/media?parent=26194"}],"wp:term":[{"taxonomy":"product_cat","embeddable":true,"href":"https:\/\/grossklein-immobilien.de\/de\/wp-json\/wp\/v2\/product_cat?post=26194"},{"taxonomy":"product_tag","embeddable":true,"href":"https:\/\/grossklein-immobilien.de\/de\/wp-json\/wp\/v2\/product_tag?post=26194"}],"curies":[{"name":"wp","href":"https:\/\/api.w.org\/{rel}","templated":true}]}}