{"id":27579,"date":"2023-05-02T12:18:22","date_gmt":"2023-05-02T10:18:22","guid":{"rendered":"https:\/\/grossklein-immobilien.de\/de\/?post_type=product&#038;p=27579"},"modified":"2024-04-30T13:13:37","modified_gmt":"2024-04-30T11:13:37","slug":"charamante-doppelhaushaelfte-in-zossen-wuensdorf","status":"publish","type":"product","link":"https:\/\/grossklein-immobilien.de\/de\/produkt\/charamante-doppelhaushaelfte-in-zossen-wuensdorf\/","title":{"rendered":"CHARMANTE DOPPELHAUSH\u00c4LFTE IN ZOSSEN-W\u00dcNSDORF"},"content":{"rendered":"<p style=\"text-align: justify; padding-left: 40px;\">Diese charmante Doppelaush\u00e4lfte ist ideal f\u00fcr eine Familie geeignet. Zudem gefallen die solide Bauweise und gute Lichtverh\u00e4ltnisse in den R\u00e4umlichkeiten. Vom Wohn- und Essbereich erstreckt die Terrasse zum Garten. Im Obergeschoss befinden sich 3 komfortable Schlafzimmer. Neben dem Badezimmer ist ein G\u00e4ste-WC vorhanden.<br \/>\nDas Erdgeschoss bildet mit dem taghellen Wohn und Essraumraum einen zentralen Aufenthaltsraum. Die naturverbundene Umgebung und Seen\u00e4he, der ruhige und gro\u00dfe Garten sowie die dezente Architektur formen ein passendes Angebot f\u00fcr ein sch\u00f6nes Wohngef\u00fchl.<\/p>\n<h3 style=\"padding-left: 40px;\">Ausstattung:<\/h3>\n<p style=\"padding-left: 40px;\">+ ZOSSEN-W\u00dcNSDORF<br \/>\n+ KREIS TELTOW-FL\u00c4MING<br \/>\n+ VOR DEN TOREN BERLINS<br \/>\n+ RUHIGE WOHNLAGE<br \/>\n+ SCH\u00d6NE DOPPELHAUSH\u00c4LFTE<br \/>\n+ 4 ZIMMER VERTEILT AUF 114 m\u00b2<br \/>\n+ PRAKTISCHER GRUNDRISS<br \/>\n+ GROSSZ\u00dcGIGER WOHN-ESSBEREICH<br \/>\n+ SEPARATE K\u00dcCHE<br \/>\n+ TERRASSE<br \/>\n+ 3 SEPARATE SCHLAFZIMMER IM OG<br \/>\n+ G\u00c4STE-WC<br \/>\n+ MODERNES BADEZIMMER MIT WANNE UND DUSCHE<br \/>\n+ GARTEN MIT 600 m\u00b2<br \/>\n+ TEILUNTERKELLERT<br \/>\n+ AUSSENSTELLPLATZ VORHANDEN<\/p>\n<h4 style=\"padding-left: 40px;\">Lage:<\/h4>\n<p style=\"padding-left: 40px;\">Diese charmante Doppelhaush\u00e4lfte befindet sich in dem Ortsteil W\u00fcnsdorf der Stadt Zossen und s\u00fcdlich der Berliner City. Der Ortsteil W\u00fcnsdorf wirbt mit seinen beiden Seen und der Milit\u00e4rvergangenheit, au\u00dferdem betr\u00e4gt die Fahrtstrecke bis zur Berliner Stadtgrenze nur circa 35km. \u00dcber die sehr naheliegende Bundesstra\u00dfen 96 und 246 sowie die Autobahnen 10 und 13 sind Berlin aber auch Potsdam oder der Spreewald schnell erreicht. Der Bahnhof W\u00fcnsdorf-Waldstadt ist in weniger als 10 Minuten fu\u00dfl\u00e4ufig erreichbar und von dort aus verkehrt einmal st\u00fcndlich die Regionalbahn nach Berlin und nach Finsterwalde. Der Potsdamer Platz ist nach nur 50 Minuten erreicht.<\/p>\n<p style=\"padding-left: 40px;\">W\u00fcnsdorf verf\u00fcgt \u00fcber zwei Kitas und Tagesmuttis, eine Grundschule sowie eine Oberschule. Weitere Bildungsm\u00f6glichkeiten befinden sich in der N\u00e4he und sind auch mit der Bahn erreichbar. Apotheken, \u00c4rzte, Einzelhandelsgesch\u00e4fte und viele weitere L\u00e4den des t\u00e4glichen Bedarfs sind in weniger als 10 fu\u00dfl\u00e4ufig erreichbar. Durch die unmittelbare N\u00e4he zu den Seen, die Ruhe und die gute Anbindung nach Berlin gelang es W\u00fcnsdorf in den letzten Jahren viele Familien anzulocken. Neben der puren Erholung ist auch eine Vielfalt an Freizeitangeboten vorhanden. Das Tropical Island ist nach 30 Minuten erreicht und der Spreewald nach circa 45 Minuten.<\/p>\n<p>&nbsp;<\/p>\n<p style=\"text-align: center;\"><a class=\"maxbutton-10 maxbutton maxbutton-weitere-informationen-anfordern\" href=\"http:\/\/grossklein-immobilien.de\/de\/kontakt\/\"><span class='mb-text'>Weitere Informationen anfordern<\/span><\/a><\/p>\n","protected":false},"excerpt":{"rendered":"<p style=\"text-align: center;\">[maxbutton id=\"10\" ]<\/p>\n","protected":false},"featured_media":27596,"template":"","meta":{"_uag_custom_page_level_css":"","ngg_post_thumbnail":0},"product_cat":[575,26,422],"product_tag":[],"class_list":{"0":"post-27579","1":"product","2":"type-product","3":"status-publish","4":"has-post-thumbnail","6":"product_cat-zossen-wuensdorf","7":"product_cat-einfamilienhaeuser","8":"product_cat-110-140","9":"pa_adresse-15806-zossen","10":"pa_balkon-terrasse","11":"pa_baujahr-608","12":"pa_befeuerung-gas","13":"pa_courtage-357-vom-beurk-kaufpreis-2","14":"pa_etage-0-2","15":"pa_grundstuecksflaeche-440","16":"pa_objektzustand-gepflegt","17":"pa_standort-zossen-wuensdorf","18":"pa_wohnflaeche-581","19":"pa_zimmer-276","21":"first","22":"outofstock","23":"shipping-taxable","24":"purchasable","25":"product-type-simple"},"yoast_head":"<!-- This site is optimized with the Yoast SEO plugin v26.8 - https:\/\/yoast.com\/product\/yoast-seo-wordpress\/ -->\n<title>Charmante Doppelhaush\u00e4lfte in Zossen-W\u00fcnsdorf- Gross &amp; Klein Immob.<\/title>\n<meta name=\"description\" content=\"Charmante Doppelhaush\u00e4lfte in Zossen-W\u00fcnsdorf, vor den Toren Berlins. Gepflegte DHH mit 5-Zi, Terrasse, ca. 600 m\u00b2 Grundst\u00fcck. KP:385.000\u20ac+Pr.\" \/>\n<meta name=\"robots\" content=\"index, follow, max-snippet:-1, max-image-preview:large, max-video-preview:-1\" \/>\n<link rel=\"canonical\" href=\"https:\/\/grossklein-immobilien.de\/de\/produkt\/charamante-doppelhaushaelfte-in-zossen-wuensdorf\/\" \/>\n<meta property=\"og:locale\" content=\"de_DE\" \/>\n<meta property=\"og:type\" content=\"article\" \/>\n<meta property=\"og:title\" content=\"Charmante Doppelhaush\u00e4lfte in Zossen-W\u00fcnsdorf- Gross &amp; Klein Immob.\" \/>\n<meta property=\"og:description\" content=\"Charmante Doppelhaush\u00e4lfte in Zossen-W\u00fcnsdorf, vor den Toren Berlins. Gepflegte DHH mit 5-Zi, Terrasse, ca. 600 m\u00b2 Grundst\u00fcck. KP:385.000\u20ac+Pr.\" \/>\n<meta property=\"og:url\" content=\"https:\/\/grossklein-immobilien.de\/de\/produkt\/charamante-doppelhaushaelfte-in-zossen-wuensdorf\/\" \/>\n<meta property=\"article:publisher\" content=\"https:\/\/www.facebook.com\/TOMIC-IMMOBILIEN-110945718988806\/\" \/>\n<meta property=\"article:modified_time\" content=\"2024-04-30T11:13:37+00:00\" \/>\n<meta property=\"og:image\" content=\"https:\/\/grossklein-immobilien.de\/de\/wp-content\/uploads\/2023\/05\/IMG_6017-1024x683.jpg\" \/>\n\t<meta property=\"og:image:width\" content=\"1024\" \/>\n\t<meta property=\"og:image:height\" content=\"683\" \/>\n\t<meta property=\"og:image:type\" content=\"image\/jpeg\" \/>\n<meta name=\"twitter:card\" content=\"summary_large_image\" \/>\n<meta name=\"twitter:site\" content=\"@draz_tomic\" \/>\n<meta name=\"twitter:label1\" content=\"Gesch\u00e4tzte Lesezeit\" \/>\n\t<meta name=\"twitter:data1\" content=\"2\u00a0Minuten\" \/>\n<script type=\"application\/ld+json\" class=\"yoast-schema-graph\">{\"@context\":\"https:\/\/schema.org\",\"@graph\":[{\"@type\":\"WebPage\",\"@id\":\"https:\/\/grossklein-immobilien.de\/de\/produkt\/charamante-doppelhaushaelfte-in-zossen-wuensdorf\/\",\"url\":\"https:\/\/grossklein-immobilien.de\/de\/produkt\/charamante-doppelhaushaelfte-in-zossen-wuensdorf\/\",\"name\":\"Charmante Doppelhaush\u00e4lfte in Zossen-W\u00fcnsdorf- Gross & Klein Immob.\",\"isPartOf\":{\"@id\":\"https:\/\/grossklein-immobilien.de\/de\/#website\"},\"primaryImageOfPage\":{\"@id\":\"https:\/\/grossklein-immobilien.de\/de\/produkt\/charamante-doppelhaushaelfte-in-zossen-wuensdorf\/#primaryimage\"},\"image\":{\"@id\":\"https:\/\/grossklein-immobilien.de\/de\/produkt\/charamante-doppelhaushaelfte-in-zossen-wuensdorf\/#primaryimage\"},\"thumbnailUrl\":\"https:\/\/grossklein-immobilien.de\/de\/wp-content\/uploads\/2023\/05\/IMG_6017.jpg\",\"datePublished\":\"2023-05-02T10:18:22+00:00\",\"dateModified\":\"2024-04-30T11:13:37+00:00\",\"description\":\"Charmante Doppelhaush\u00e4lfte in Zossen-W\u00fcnsdorf, vor den Toren Berlins. Gepflegte DHH mit 5-Zi, Terrasse, ca. 600 m\u00b2 Grundst\u00fcck. KP:385.000\u20ac+Pr.\",\"breadcrumb\":{\"@id\":\"https:\/\/grossklein-immobilien.de\/de\/produkt\/charamante-doppelhaushaelfte-in-zossen-wuensdorf\/#breadcrumb\"},\"inLanguage\":\"de\",\"potentialAction\":[{\"@type\":\"ReadAction\",\"target\":[\"https:\/\/grossklein-immobilien.de\/de\/produkt\/charamante-doppelhaushaelfte-in-zossen-wuensdorf\/\"]}]},{\"@type\":\"ImageObject\",\"inLanguage\":\"de\",\"@id\":\"https:\/\/grossklein-immobilien.de\/de\/produkt\/charamante-doppelhaushaelfte-in-zossen-wuensdorf\/#primaryimage\",\"url\":\"https:\/\/grossklein-immobilien.de\/de\/wp-content\/uploads\/2023\/05\/IMG_6017.jpg\",\"contentUrl\":\"https:\/\/grossklein-immobilien.de\/de\/wp-content\/uploads\/2023\/05\/IMG_6017.jpg\",\"width\":1920,\"height\":1280,\"caption\":\"charmante doppelhaush\u00e4lfte in zossen-w\u00fcnsdorf\"},{\"@type\":\"BreadcrumbList\",\"@id\":\"https:\/\/grossklein-immobilien.de\/de\/produkt\/charamante-doppelhaushaelfte-in-zossen-wuensdorf\/#breadcrumb\",\"itemListElement\":[{\"@type\":\"ListItem\",\"position\":1,\"name\":\"Home\",\"item\":\"https:\/\/grossklein-immobilien.de\/de\/\"},{\"@type\":\"ListItem\",\"position\":2,\"name\":\"Immobilienangebote\",\"item\":\"https:\/\/grossklein-immobilien.de\/de\/immobilien-berlin\/\"},{\"@type\":\"ListItem\",\"position\":3,\"name\":\"CHARMANTE DOPPELHAUSH\u00c4LFTE IN ZOSSEN-W\u00dcNSDORF\"}]},{\"@type\":\"WebSite\",\"@id\":\"https:\/\/grossklein-immobilien.de\/de\/#website\",\"url\":\"https:\/\/grossklein-immobilien.de\/de\/\",\"name\":\"\",\"description\":\"\",\"potentialAction\":[{\"@type\":\"SearchAction\",\"target\":{\"@type\":\"EntryPoint\",\"urlTemplate\":\"https:\/\/grossklein-immobilien.de\/de\/?s={search_term_string}\"},\"query-input\":{\"@type\":\"PropertyValueSpecification\",\"valueRequired\":true,\"valueName\":\"search_term_string\"}}],\"inLanguage\":\"de\"}]}<\/script>\n<!-- \/ Yoast SEO plugin. -->","yoast_head_json":{"title":"Charmante Doppelhaush\u00e4lfte in Zossen-W\u00fcnsdorf- Gross & Klein Immob.","description":"Charmante Doppelhaush\u00e4lfte in Zossen-W\u00fcnsdorf, vor den Toren Berlins. Gepflegte DHH mit 5-Zi, Terrasse, ca. 600 m\u00b2 Grundst\u00fcck. KP:385.000\u20ac+Pr.","robots":{"index":"index","follow":"follow","max-snippet":"max-snippet:-1","max-image-preview":"max-image-preview:large","max-video-preview":"max-video-preview:-1"},"canonical":"https:\/\/grossklein-immobilien.de\/de\/produkt\/charamante-doppelhaushaelfte-in-zossen-wuensdorf\/","og_locale":"de_DE","og_type":"article","og_title":"Charmante Doppelhaush\u00e4lfte in Zossen-W\u00fcnsdorf- Gross & Klein Immob.","og_description":"Charmante Doppelhaush\u00e4lfte in Zossen-W\u00fcnsdorf, vor den Toren Berlins. Gepflegte DHH mit 5-Zi, Terrasse, ca. 600 m\u00b2 Grundst\u00fcck. KP:385.000\u20ac+Pr.","og_url":"https:\/\/grossklein-immobilien.de\/de\/produkt\/charamante-doppelhaushaelfte-in-zossen-wuensdorf\/","article_publisher":"https:\/\/www.facebook.com\/TOMIC-IMMOBILIEN-110945718988806\/","article_modified_time":"2024-04-30T11:13:37+00:00","og_image":[{"width":1024,"height":683,"url":"https:\/\/grossklein-immobilien.de\/de\/wp-content\/uploads\/2023\/05\/IMG_6017-1024x683.jpg","type":"image\/jpeg"}],"twitter_card":"summary_large_image","twitter_site":"@draz_tomic","twitter_misc":{"Gesch\u00e4tzte Lesezeit":"2\u00a0Minuten"},"schema":{"@context":"https:\/\/schema.org","@graph":[{"@type":"WebPage","@id":"https:\/\/grossklein-immobilien.de\/de\/produkt\/charamante-doppelhaushaelfte-in-zossen-wuensdorf\/","url":"https:\/\/grossklein-immobilien.de\/de\/produkt\/charamante-doppelhaushaelfte-in-zossen-wuensdorf\/","name":"Charmante Doppelhaush\u00e4lfte in Zossen-W\u00fcnsdorf- Gross & Klein Immob.","isPartOf":{"@id":"https:\/\/grossklein-immobilien.de\/de\/#website"},"primaryImageOfPage":{"@id":"https:\/\/grossklein-immobilien.de\/de\/produkt\/charamante-doppelhaushaelfte-in-zossen-wuensdorf\/#primaryimage"},"image":{"@id":"https:\/\/grossklein-immobilien.de\/de\/produkt\/charamante-doppelhaushaelfte-in-zossen-wuensdorf\/#primaryimage"},"thumbnailUrl":"https:\/\/grossklein-immobilien.de\/de\/wp-content\/uploads\/2023\/05\/IMG_6017.jpg","datePublished":"2023-05-02T10:18:22+00:00","dateModified":"2024-04-30T11:13:37+00:00","description":"Charmante Doppelhaush\u00e4lfte in Zossen-W\u00fcnsdorf, vor den Toren Berlins. Gepflegte DHH mit 5-Zi, Terrasse, ca. 600 m\u00b2 Grundst\u00fcck. KP:385.000\u20ac+Pr.","breadcrumb":{"@id":"https:\/\/grossklein-immobilien.de\/de\/produkt\/charamante-doppelhaushaelfte-in-zossen-wuensdorf\/#breadcrumb"},"inLanguage":"de","potentialAction":[{"@type":"ReadAction","target":["https:\/\/grossklein-immobilien.de\/de\/produkt\/charamante-doppelhaushaelfte-in-zossen-wuensdorf\/"]}]},{"@type":"ImageObject","inLanguage":"de","@id":"https:\/\/grossklein-immobilien.de\/de\/produkt\/charamante-doppelhaushaelfte-in-zossen-wuensdorf\/#primaryimage","url":"https:\/\/grossklein-immobilien.de\/de\/wp-content\/uploads\/2023\/05\/IMG_6017.jpg","contentUrl":"https:\/\/grossklein-immobilien.de\/de\/wp-content\/uploads\/2023\/05\/IMG_6017.jpg","width":1920,"height":1280,"caption":"charmante doppelhaush\u00e4lfte in zossen-w\u00fcnsdorf"},{"@type":"BreadcrumbList","@id":"https:\/\/grossklein-immobilien.de\/de\/produkt\/charamante-doppelhaushaelfte-in-zossen-wuensdorf\/#breadcrumb","itemListElement":[{"@type":"ListItem","position":1,"name":"Home","item":"https:\/\/grossklein-immobilien.de\/de\/"},{"@type":"ListItem","position":2,"name":"Immobilienangebote","item":"https:\/\/grossklein-immobilien.de\/de\/immobilien-berlin\/"},{"@type":"ListItem","position":3,"name":"CHARMANTE DOPPELHAUSH\u00c4LFTE IN ZOSSEN-W\u00dcNSDORF"}]},{"@type":"WebSite","@id":"https:\/\/grossklein-immobilien.de\/de\/#website","url":"https:\/\/grossklein-immobilien.de\/de\/","name":"","description":"","potentialAction":[{"@type":"SearchAction","target":{"@type":"EntryPoint","urlTemplate":"https:\/\/grossklein-immobilien.de\/de\/?s={search_term_string}"},"query-input":{"@type":"PropertyValueSpecification","valueRequired":true,"valueName":"search_term_string"}}],"inLanguage":"de"}]}},"uagb_featured_image_src":{"full":["https:\/\/grossklein-immobilien.de\/de\/wp-content\/uploads\/2023\/05\/IMG_6017.jpg",1920,1280,false],"thumbnail":["https:\/\/grossklein-immobilien.de\/de\/wp-content\/uploads\/2023\/05\/IMG_6017-150x150.jpg",150,150,true],"medium":["https:\/\/grossklein-immobilien.de\/de\/wp-content\/uploads\/2023\/05\/IMG_6017-300x200.jpg",300,200,true],"medium_large":["https:\/\/grossklein-immobilien.de\/de\/wp-content\/uploads\/2023\/05\/IMG_6017.jpg",1920,1280,false],"large":["https:\/\/grossklein-immobilien.de\/de\/wp-content\/uploads\/2023\/05\/IMG_6017-1024x683.jpg",604,403,true],"1536x1536":["https:\/\/grossklein-immobilien.de\/de\/wp-content\/uploads\/2023\/05\/IMG_6017-1536x1024.jpg",1536,1024,true],"2048x2048":["https:\/\/grossklein-immobilien.de\/de\/wp-content\/uploads\/2023\/05\/IMG_6017-2048x1365.jpg",2048,1365,true],"post-thumbnail":["https:\/\/grossklein-immobilien.de\/de\/wp-content\/uploads\/2023\/05\/IMG_6017-604x270.jpg",604,270,true],"woocommerce_thumbnail":["https:\/\/grossklein-immobilien.de\/de\/wp-content\/uploads\/2023\/05\/IMG_6017-300x300.jpg",300,300,true],"woocommerce_single":["https:\/\/grossklein-immobilien.de\/de\/wp-content\/uploads\/2023\/05\/IMG_6017-1200x800.jpg",1200,800,true],"woocommerce_gallery_thumbnail":["https:\/\/grossklein-immobilien.de\/de\/wp-content\/uploads\/2023\/05\/IMG_6017-100x100.jpg",100,100,true]},"uagb_author_info":{"display_name":"Drazan Tomic","author_link":"https:\/\/grossklein-immobilien.de\/de\/author\/"},"uagb_comment_info":0,"uagb_excerpt":"[maxbutton id=\"10\" ]","_links":{"self":[{"href":"https:\/\/grossklein-immobilien.de\/de\/wp-json\/wp\/v2\/product\/27579","targetHints":{"allow":["GET"]}}],"collection":[{"href":"https:\/\/grossklein-immobilien.de\/de\/wp-json\/wp\/v2\/product"}],"about":[{"href":"https:\/\/grossklein-immobilien.de\/de\/wp-json\/wp\/v2\/types\/product"}],"wp:featuredmedia":[{"embeddable":true,"href":"https:\/\/grossklein-immobilien.de\/de\/wp-json\/wp\/v2\/media\/27596"}],"wp:attachment":[{"href":"https:\/\/grossklein-immobilien.de\/de\/wp-json\/wp\/v2\/media?parent=27579"}],"wp:term":[{"taxonomy":"product_cat","embeddable":true,"href":"https:\/\/grossklein-immobilien.de\/de\/wp-json\/wp\/v2\/product_cat?post=27579"},{"taxonomy":"product_tag","embeddable":true,"href":"https:\/\/grossklein-immobilien.de\/de\/wp-json\/wp\/v2\/product_tag?post=27579"}],"curies":[{"name":"wp","href":"https:\/\/api.w.org\/{rel}","templated":true}]}}