{"id":28341,"date":"2023-08-12T11:27:32","date_gmt":"2023-08-12T09:27:32","guid":{"rendered":"https:\/\/grossklein-immobilien.de\/de\/?post_type=product&#038;p=28341"},"modified":"2026-02-06T09:48:14","modified_gmt":"2026-02-06T08:48:14","slug":"klassische-2-zi-altbau-whg-in-friedrichshain-wartet-auf-neuen-glanz","status":"publish","type":"product","link":"https:\/\/grossklein-immobilien.de\/de\/produkt\/klassische-2-zi-altbau-whg-in-friedrichshain-wartet-auf-neuen-glanz\/","title":{"rendered":"KLASSISCHE 2-ZI ALTBAU WHG IN FRIEDRICHSHAIN WARTET AUF NEUEN GLANZ"},"content":{"rendered":"<p style=\"text-align: justify;\">Es handelt sich hierbei um einen Altbau von 1910, der in 2001 modernisiert wurde. Diese klassiche 2-Zimmer Altbauwohnung befindet sich im 1.OG im Vorderhaus des Geb\u00e4udes. Es erwartet Sie ein praktischer Grundriss mit einem gro\u00dfen Wohnzimmer und separatem Schlafzimmer. In den Zimmern und im Flur befindet sich sch\u00f6ner Dielenboden und an den Decken ist Stuck vorhanden. Die Wohnung verf\u00fcgt \u00fcber eine separate K\u00fcche mit viel Platz. Das Badezimmer bietet freundliches Tageslicht und ist mit einer Dusche ausgestattet.<\/p>\n<p style=\"text-align: justify;\">Die Wohnung befindet sich in sch\u00f6ner Kiezlage zwischen der Warschauer Strasse und dem Boxhagener Platz gelegen. Die U-Bahnstation Frankfurter Tor ist in wenigen Minuten fu\u00dfl\u00e4ufig erreichbar.<\/p>\n<p style=\"text-align: justify;\">Vermittelt durch Gross &amp; Klein Immobilien, Ihrem <a href=\"https:\/\/grossklein-immobilien.de\/de\/immobilienmakler-berlin-friedrichshain\/\">Immobilienmakler in Berlin-Friedrichshain<\/a>.<\/p>\n<p>&nbsp;<\/p>\n<p style=\"text-align: center;\"><a class=\"maxbutton-11 maxbutton maxbutton-neubauprojekte\" title=\"Zu den Projekten\" href=\"https:\/\/grossklein-immobilien.de\/de\/aktuelle-neubauprojekte\/\"><span class='mb-text'>Entdecken Sie hier spannende Neubauprojekte!<\/span><\/a><\/p>\n<p>&nbsp;<\/p>\n","protected":false},"excerpt":{"rendered":"<p>Es handelt sich hierbei um einen Altbau von 1910, der in 2001 modernisiert wurde. Diese klassiche 2-Zimmer Altbauwohnung befindet sich im 1.OG im Vorderhaus des Geb\u00e4udes. Es erwartet Sie ein praktischer Grundriss mit einem gro\u00dfen Wohnzimmer und separatem Schlafzimmer. In den Zimmern und im Flur befindet sich sch\u00f6ner Dielenboden und an den Decken ist Stuck &hellip; <a href=\"https:\/\/grossklein-immobilien.de\/de\/produkt\/klassische-2-zi-altbau-whg-in-friedrichshain-wartet-auf-neuen-glanz\/\" class=\"more-link\"><span class=\"screen-reader-text\">KLASSISCHE 2-ZI ALTBAU WHG IN FRIEDRICHSHAIN WARTET AUF NEUEN GLANZ<\/span> weiterlesen <span class=\"meta-nav\">&rarr;<\/span><\/a><\/p>\n","protected":false},"featured_media":28342,"template":"","meta":{"_uag_custom_page_level_css":"","ngg_post_thumbnail":0},"product_cat":[24,93],"product_tag":[],"class_list":{"0":"post-28341","1":"product","2":"type-product","3":"status-publish","4":"has-post-thumbnail","6":"product_cat-eigentumswohnungen","7":"product_cat-friedrichshain-kreuzberg","9":"first","10":"outofstock","11":"shipping-taxable","12":"purchasable","13":"product-type-simple"},"yoast_head":"<!-- This site is optimized with the Yoast SEO plugin v26.8 - https:\/\/yoast.com\/product\/yoast-seo-wordpress\/ -->\n<title>Klassische 2-Zi Altbauw Wohnung in Friedrichshain - Gross &amp; Klein<\/title>\n<meta name=\"description\" content=\"Klassische 2-Zi Altbau Wohnung in Friedrichshain wartet auf neuen Glanz. Praktischer Grundriss, Dielenboden, Stuck, 1.OG im Vorderhaus, ab sofort zum Kauf!\" \/>\n<meta name=\"robots\" content=\"index, follow, max-snippet:-1, max-image-preview:large, max-video-preview:-1\" \/>\n<link rel=\"canonical\" href=\"https:\/\/grossklein-immobilien.de\/de\/produkt\/klassische-2-zi-altbau-whg-in-friedrichshain-wartet-auf-neuen-glanz\/\" \/>\n<meta property=\"og:locale\" content=\"de_DE\" \/>\n<meta property=\"og:type\" content=\"article\" \/>\n<meta property=\"og:title\" content=\"Klassische 2-Zi Altbauw Wohnung in Friedrichshain - Gross &amp; Klein\" \/>\n<meta property=\"og:description\" content=\"Klassische 2-Zi Altbau Wohnung in Friedrichshain wartet auf neuen Glanz. Praktischer Grundriss, Dielenboden, Stuck, 1.OG im Vorderhaus, ab sofort zum Kauf!\" \/>\n<meta property=\"og:url\" content=\"https:\/\/grossklein-immobilien.de\/de\/produkt\/klassische-2-zi-altbau-whg-in-friedrichshain-wartet-auf-neuen-glanz\/\" \/>\n<meta property=\"article:publisher\" content=\"https:\/\/www.facebook.com\/TOMIC-IMMOBILIEN-110945718988806\/\" \/>\n<meta property=\"article:modified_time\" content=\"2026-02-06T08:48:14+00:00\" \/>\n<meta property=\"og:image\" content=\"https:\/\/grossklein-immobilien.de\/de\/wp-content\/uploads\/2023\/08\/IMG_6273_22-scaled.jpg\" \/>\n\t<meta property=\"og:image:width\" content=\"1920\" \/>\n\t<meta property=\"og:image:height\" content=\"1280\" \/>\n\t<meta property=\"og:image:type\" content=\"image\/jpeg\" \/>\n<meta name=\"twitter:card\" content=\"summary_large_image\" \/>\n<meta name=\"twitter:site\" content=\"@draz_tomic\" \/>\n<meta name=\"twitter:label1\" content=\"Gesch\u00e4tzte Lesezeit\" \/>\n\t<meta name=\"twitter:data1\" content=\"1\u00a0Minute\" \/>\n<script type=\"application\/ld+json\" class=\"yoast-schema-graph\">{\"@context\":\"https:\/\/schema.org\",\"@graph\":[{\"@type\":\"WebPage\",\"@id\":\"https:\/\/grossklein-immobilien.de\/de\/produkt\/klassische-2-zi-altbau-whg-in-friedrichshain-wartet-auf-neuen-glanz\/\",\"url\":\"https:\/\/grossklein-immobilien.de\/de\/produkt\/klassische-2-zi-altbau-whg-in-friedrichshain-wartet-auf-neuen-glanz\/\",\"name\":\"Klassische 2-Zi Altbauw Wohnung in Friedrichshain - Gross & Klein\",\"isPartOf\":{\"@id\":\"https:\/\/grossklein-immobilien.de\/de\/#website\"},\"primaryImageOfPage\":{\"@id\":\"https:\/\/grossklein-immobilien.de\/de\/produkt\/klassische-2-zi-altbau-whg-in-friedrichshain-wartet-auf-neuen-glanz\/#primaryimage\"},\"image\":{\"@id\":\"https:\/\/grossklein-immobilien.de\/de\/produkt\/klassische-2-zi-altbau-whg-in-friedrichshain-wartet-auf-neuen-glanz\/#primaryimage\"},\"thumbnailUrl\":\"https:\/\/grossklein-immobilien.de\/de\/wp-content\/uploads\/2023\/08\/IMG_6273_22-scaled.jpg\",\"datePublished\":\"2023-08-12T09:27:32+00:00\",\"dateModified\":\"2026-02-06T08:48:14+00:00\",\"description\":\"Klassische 2-Zi Altbau Wohnung in Friedrichshain wartet auf neuen Glanz. Praktischer Grundriss, Dielenboden, Stuck, 1.OG im Vorderhaus, ab sofort zum Kauf!\",\"breadcrumb\":{\"@id\":\"https:\/\/grossklein-immobilien.de\/de\/produkt\/klassische-2-zi-altbau-whg-in-friedrichshain-wartet-auf-neuen-glanz\/#breadcrumb\"},\"inLanguage\":\"de\",\"potentialAction\":[{\"@type\":\"ReadAction\",\"target\":[\"https:\/\/grossklein-immobilien.de\/de\/produkt\/klassische-2-zi-altbau-whg-in-friedrichshain-wartet-auf-neuen-glanz\/\"]}]},{\"@type\":\"ImageObject\",\"inLanguage\":\"de\",\"@id\":\"https:\/\/grossklein-immobilien.de\/de\/produkt\/klassische-2-zi-altbau-whg-in-friedrichshain-wartet-auf-neuen-glanz\/#primaryimage\",\"url\":\"https:\/\/grossklein-immobilien.de\/de\/wp-content\/uploads\/2023\/08\/IMG_6273_22-scaled.jpg\",\"contentUrl\":\"https:\/\/grossklein-immobilien.de\/de\/wp-content\/uploads\/2023\/08\/IMG_6273_22-scaled.jpg\",\"width\":1920,\"height\":1280},{\"@type\":\"BreadcrumbList\",\"@id\":\"https:\/\/grossklein-immobilien.de\/de\/produkt\/klassische-2-zi-altbau-whg-in-friedrichshain-wartet-auf-neuen-glanz\/#breadcrumb\",\"itemListElement\":[{\"@type\":\"ListItem\",\"position\":1,\"name\":\"Home\",\"item\":\"https:\/\/grossklein-immobilien.de\/de\/\"},{\"@type\":\"ListItem\",\"position\":2,\"name\":\"Immobilienangebote\",\"item\":\"https:\/\/grossklein-immobilien.de\/de\/immobilien-berlin\/\"},{\"@type\":\"ListItem\",\"position\":3,\"name\":\"KLASSISCHE 2-ZI ALTBAU WHG IN FRIEDRICHSHAIN WARTET AUF NEUEN GLANZ\"}]},{\"@type\":\"WebSite\",\"@id\":\"https:\/\/grossklein-immobilien.de\/de\/#website\",\"url\":\"https:\/\/grossklein-immobilien.de\/de\/\",\"name\":\"\",\"description\":\"\",\"potentialAction\":[{\"@type\":\"SearchAction\",\"target\":{\"@type\":\"EntryPoint\",\"urlTemplate\":\"https:\/\/grossklein-immobilien.de\/de\/?s={search_term_string}\"},\"query-input\":{\"@type\":\"PropertyValueSpecification\",\"valueRequired\":true,\"valueName\":\"search_term_string\"}}],\"inLanguage\":\"de\"}]}<\/script>\n<!-- \/ Yoast SEO plugin. -->","yoast_head_json":{"title":"Klassische 2-Zi Altbauw Wohnung in Friedrichshain - Gross & Klein","description":"Klassische 2-Zi Altbau Wohnung in Friedrichshain wartet auf neuen Glanz. Praktischer Grundriss, Dielenboden, Stuck, 1.OG im Vorderhaus, ab sofort zum Kauf!","robots":{"index":"index","follow":"follow","max-snippet":"max-snippet:-1","max-image-preview":"max-image-preview:large","max-video-preview":"max-video-preview:-1"},"canonical":"https:\/\/grossklein-immobilien.de\/de\/produkt\/klassische-2-zi-altbau-whg-in-friedrichshain-wartet-auf-neuen-glanz\/","og_locale":"de_DE","og_type":"article","og_title":"Klassische 2-Zi Altbauw Wohnung in Friedrichshain - Gross & Klein","og_description":"Klassische 2-Zi Altbau Wohnung in Friedrichshain wartet auf neuen Glanz. Praktischer Grundriss, Dielenboden, Stuck, 1.OG im Vorderhaus, ab sofort zum Kauf!","og_url":"https:\/\/grossklein-immobilien.de\/de\/produkt\/klassische-2-zi-altbau-whg-in-friedrichshain-wartet-auf-neuen-glanz\/","article_publisher":"https:\/\/www.facebook.com\/TOMIC-IMMOBILIEN-110945718988806\/","article_modified_time":"2026-02-06T08:48:14+00:00","og_image":[{"width":1920,"height":1280,"url":"https:\/\/grossklein-immobilien.de\/de\/wp-content\/uploads\/2023\/08\/IMG_6273_22-scaled.jpg","type":"image\/jpeg"}],"twitter_card":"summary_large_image","twitter_site":"@draz_tomic","twitter_misc":{"Gesch\u00e4tzte Lesezeit":"1\u00a0Minute"},"schema":{"@context":"https:\/\/schema.org","@graph":[{"@type":"WebPage","@id":"https:\/\/grossklein-immobilien.de\/de\/produkt\/klassische-2-zi-altbau-whg-in-friedrichshain-wartet-auf-neuen-glanz\/","url":"https:\/\/grossklein-immobilien.de\/de\/produkt\/klassische-2-zi-altbau-whg-in-friedrichshain-wartet-auf-neuen-glanz\/","name":"Klassische 2-Zi Altbauw Wohnung in Friedrichshain - Gross & Klein","isPartOf":{"@id":"https:\/\/grossklein-immobilien.de\/de\/#website"},"primaryImageOfPage":{"@id":"https:\/\/grossklein-immobilien.de\/de\/produkt\/klassische-2-zi-altbau-whg-in-friedrichshain-wartet-auf-neuen-glanz\/#primaryimage"},"image":{"@id":"https:\/\/grossklein-immobilien.de\/de\/produkt\/klassische-2-zi-altbau-whg-in-friedrichshain-wartet-auf-neuen-glanz\/#primaryimage"},"thumbnailUrl":"https:\/\/grossklein-immobilien.de\/de\/wp-content\/uploads\/2023\/08\/IMG_6273_22-scaled.jpg","datePublished":"2023-08-12T09:27:32+00:00","dateModified":"2026-02-06T08:48:14+00:00","description":"Klassische 2-Zi Altbau Wohnung in Friedrichshain wartet auf neuen Glanz. Praktischer Grundriss, Dielenboden, Stuck, 1.OG im Vorderhaus, ab sofort zum Kauf!","breadcrumb":{"@id":"https:\/\/grossklein-immobilien.de\/de\/produkt\/klassische-2-zi-altbau-whg-in-friedrichshain-wartet-auf-neuen-glanz\/#breadcrumb"},"inLanguage":"de","potentialAction":[{"@type":"ReadAction","target":["https:\/\/grossklein-immobilien.de\/de\/produkt\/klassische-2-zi-altbau-whg-in-friedrichshain-wartet-auf-neuen-glanz\/"]}]},{"@type":"ImageObject","inLanguage":"de","@id":"https:\/\/grossklein-immobilien.de\/de\/produkt\/klassische-2-zi-altbau-whg-in-friedrichshain-wartet-auf-neuen-glanz\/#primaryimage","url":"https:\/\/grossklein-immobilien.de\/de\/wp-content\/uploads\/2023\/08\/IMG_6273_22-scaled.jpg","contentUrl":"https:\/\/grossklein-immobilien.de\/de\/wp-content\/uploads\/2023\/08\/IMG_6273_22-scaled.jpg","width":1920,"height":1280},{"@type":"BreadcrumbList","@id":"https:\/\/grossklein-immobilien.de\/de\/produkt\/klassische-2-zi-altbau-whg-in-friedrichshain-wartet-auf-neuen-glanz\/#breadcrumb","itemListElement":[{"@type":"ListItem","position":1,"name":"Home","item":"https:\/\/grossklein-immobilien.de\/de\/"},{"@type":"ListItem","position":2,"name":"Immobilienangebote","item":"https:\/\/grossklein-immobilien.de\/de\/immobilien-berlin\/"},{"@type":"ListItem","position":3,"name":"KLASSISCHE 2-ZI ALTBAU WHG IN FRIEDRICHSHAIN WARTET AUF NEUEN GLANZ"}]},{"@type":"WebSite","@id":"https:\/\/grossklein-immobilien.de\/de\/#website","url":"https:\/\/grossklein-immobilien.de\/de\/","name":"","description":"","potentialAction":[{"@type":"SearchAction","target":{"@type":"EntryPoint","urlTemplate":"https:\/\/grossklein-immobilien.de\/de\/?s={search_term_string}"},"query-input":{"@type":"PropertyValueSpecification","valueRequired":true,"valueName":"search_term_string"}}],"inLanguage":"de"}]}},"uagb_featured_image_src":{"full":["https:\/\/grossklein-immobilien.de\/de\/wp-content\/uploads\/2023\/08\/IMG_6273_22-scaled.jpg",1920,1280,false],"thumbnail":["https:\/\/grossklein-immobilien.de\/de\/wp-content\/uploads\/2023\/08\/IMG_6273_22-150x150.jpg",150,150,true],"medium":["https:\/\/grossklein-immobilien.de\/de\/wp-content\/uploads\/2023\/08\/IMG_6273_22-300x200.jpg",300,200,true],"medium_large":["https:\/\/grossklein-immobilien.de\/de\/wp-content\/uploads\/2023\/08\/IMG_6273_22-scaled.jpg",1920,1280,false],"large":["https:\/\/grossklein-immobilien.de\/de\/wp-content\/uploads\/2023\/08\/IMG_6273_22-1024x683.jpg",604,403,true],"1536x1536":["https:\/\/grossklein-immobilien.de\/de\/wp-content\/uploads\/2023\/08\/IMG_6273_22-1536x1024.jpg",1536,1024,true],"2048x2048":["https:\/\/grossklein-immobilien.de\/de\/wp-content\/uploads\/2023\/08\/IMG_6273_22-2048x1365.jpg",2048,1365,true],"post-thumbnail":["https:\/\/grossklein-immobilien.de\/de\/wp-content\/uploads\/2023\/08\/IMG_6273_22-604x270.jpg",604,270,true],"woocommerce_thumbnail":["https:\/\/grossklein-immobilien.de\/de\/wp-content\/uploads\/2023\/08\/IMG_6273_22-300x300.jpg",300,300,true],"woocommerce_single":["https:\/\/grossklein-immobilien.de\/de\/wp-content\/uploads\/2023\/08\/IMG_6273_22-1200x800.jpg",1200,800,true],"woocommerce_gallery_thumbnail":["https:\/\/grossklein-immobilien.de\/de\/wp-content\/uploads\/2023\/08\/IMG_6273_22-100x100.jpg",100,100,true]},"uagb_author_info":{"display_name":"Drazan Tomic","author_link":"https:\/\/grossklein-immobilien.de\/de\/author\/"},"uagb_comment_info":0,"uagb_excerpt":"Es handelt sich hierbei um einen Altbau von 1910, der in 2001 modernisiert wurde. Diese klassiche 2-Zimmer Altbauwohnung befindet sich im 1.OG im Vorderhaus des Geb\u00e4udes. Es erwartet Sie ein praktischer Grundriss mit einem gro\u00dfen Wohnzimmer und separatem Schlafzimmer. In den Zimmern und im Flur befindet sich sch\u00f6ner Dielenboden und an den Decken ist Stuck&hellip;","_links":{"self":[{"href":"https:\/\/grossklein-immobilien.de\/de\/wp-json\/wp\/v2\/product\/28341","targetHints":{"allow":["GET"]}}],"collection":[{"href":"https:\/\/grossklein-immobilien.de\/de\/wp-json\/wp\/v2\/product"}],"about":[{"href":"https:\/\/grossklein-immobilien.de\/de\/wp-json\/wp\/v2\/types\/product"}],"wp:featuredmedia":[{"embeddable":true,"href":"https:\/\/grossklein-immobilien.de\/de\/wp-json\/wp\/v2\/media\/28342"}],"wp:attachment":[{"href":"https:\/\/grossklein-immobilien.de\/de\/wp-json\/wp\/v2\/media?parent=28341"}],"wp:term":[{"taxonomy":"product_cat","embeddable":true,"href":"https:\/\/grossklein-immobilien.de\/de\/wp-json\/wp\/v2\/product_cat?post=28341"},{"taxonomy":"product_tag","embeddable":true,"href":"https:\/\/grossklein-immobilien.de\/de\/wp-json\/wp\/v2\/product_tag?post=28341"}],"curies":[{"name":"wp","href":"https:\/\/api.w.org\/{rel}","templated":true}]}}