{"id":2845,"date":"2016-10-24T13:07:36","date_gmt":"2016-10-24T11:07:36","guid":{"rendered":"http:\/\/grossklein-immobilien.de\/de\/?post_type=product&#038;p=2845"},"modified":"2026-01-13T10:16:44","modified_gmt":"2026-01-13T09:16:44","slug":"reihenendhaus-im-fliegerviertel-von-tempelhof","status":"publish","type":"product","link":"https:\/\/grossklein-immobilien.de\/de\/produkt\/reihenendhaus-im-fliegerviertel-von-tempelhof\/","title":{"rendered":"REIHENENDHAUS IM FLIEGERVIERTEL VON TEMPELHOF"},"content":{"rendered":"<p style=\"text-align: justify;\">Dieses Haus im Fliegerviertel wurde bereits erfolgreich vermittelt.<br data-start=\"570\" data-end=\"573\">Aktuelle H\u00e4user und Immobilien im Fliegerviertel finden Sie hier \u2192 <a href=\"https:\/\/grossklein-immobilien.de\/de\/haus-kaufen-fliegerviertel-berlin\/\">Immobilien im Fliegerviertel ansehen<\/a><\/p>\n<p style=\"text-align: justify;\" data-start=\"458\" data-end=\"788\">Dieses Reihenendhaus wurde um 1920 in massiver Bauweise errichtet und befindet sich im begehrten <a href=\"https:\/\/grossklein-immobilien.de\/de\/haus-kaufen-fliegerviertel-berlin\/\">Fliegerviertel von Berlin-Tempelhof<\/a> \u2013 einer der charmantesten Wohnlagen zwischen dem Platz der Luftbr\u00fccke und dem S-Bahnhof Tempelhof. Trotz der sehr guten innerst\u00e4dtischen Lage liegt das Haus ruhig in einer gewachsenen Seitenstra\u00dfe.&nbsp;Das Haus war \u00fcber viele Jahre bewohnt und befindet sich in einem renovierungsbed\u00fcrftigen Zustand. Die solide Bausubstanz bietet jedoch eine sehr gute Grundlage f\u00fcr individuelle Modernisierungen und Anpassungen an heutige Wohnbed\u00fcrfnisse.<\/p>\n<p style=\"text-align: justify;\" data-start=\"1035\" data-end=\"1382\">Bereits beim Betreten des Hauses wird deutlich, dass hier viel Platz f\u00fcr eine gr\u00f6\u00dfere Familie vorhanden ist. Im Erdgeschoss erschlie\u00dft ein zentraler Flur die K\u00fcche, das Esszimmer sowie den beheizten und angebauten Wintergarten, der vom Voreigent\u00fcmer als Wohnzimmer genutzt wurde. Von hier aus gelangt man direkt auf die Terrasse und in den Garten.&nbsp;In der ersten und zweiten Etage befinden sich jeweils zwei gro\u00dfz\u00fcgig geschnittene Zimmer mit guten Lichtverh\u00e4ltnissen. Die B\u00f6den sind teils mit Parkett, teils mit Teppich ausgestattet. Auf der zweiten Etage liegt zudem das Tageslichtbad, das sowohl mit einer Dusche als auch mit einer Badewanne ausgestattet ist.<\/p>\n<p style=\"text-align: justify;\" data-start=\"1704\" data-end=\"1875\">Im Dachgeschoss stehen zwei weitere vollwertige Zimmer zur Verf\u00fcgung \u2013 eines mit Parkett, eines mit Teppichboden. Das Dach des Hauses befindet sich in einem guten Zustand.&nbsp;Der Garten ist mit Rasen angelegt und bietet ausreichend Fl\u00e4che f\u00fcr Kinder, Freizeit oder individuelle Bepflanzung. Direkt am Haus befindet sich au\u00dferdem eine ger\u00e4umige Garage.<\/p>\n<p style=\"text-align: justify;\" data-start=\"2061\" data-end=\"2501\">Insgesamt bietet dieses Reihenendhaus im Fliegerviertel von Berlin-Tempelhof viel Wohnfl\u00e4che und ein attraktives Entwicklungspotenzial \u2013 ideal f\u00fcr Familien, die in einer der beliebtesten Wohnlagen Tempelhofs ein individuelles Zuhause schaffen m\u00f6chten. Durch gezielte Anpassungen, etwa die Einrichtung einer gro\u00dfz\u00fcgigen Wohnk\u00fcche im Erdgeschoss als zentralem Lebensraum, l\u00e4sst sich hier ein modernes und hochwertiges Wohnkonzept realisieren.<\/p>\n","protected":false},"excerpt":{"rendered":"<p style=\"text-align: justify;\">Dieses ca. 1920 massiv errichtete Reihenendhaus im Fliegerviertel von Berlin-Tempelhof bietet viel Wohnfl\u00e4che und ein attraktives Entwicklungspotenzial \u2013 ideal f\u00fcr Familien, die in einer der gefragtesten Wohnlagen im Berliner S\u00fcden ein individuelles Zuhause suchen.<\/p>\n<p style=\"text-align: justify;\">Die ruhige Seitenstra\u00dfe verbindet zentrale City-N\u00e4he mit hoher Wohnqualit\u00e4t. Eine gute Verkehrsanbindung sowie eine direkt am Haus gelegene Garage runden dieses Angebot ab.<\/p>\n","protected":false},"featured_media":32500,"template":"","meta":{"_uag_custom_page_level_css":"","ngg_post_thumbnail":0},"product_cat":[26,146],"product_tag":[],"class_list":{"0":"post-2845","1":"product","2":"type-product","3":"status-publish","4":"has-post-thumbnail","6":"product_cat-einfamilienhaeuser","7":"product_cat-tempelhof-schoeneberg","8":"pa_adresse-12101-berlin","9":"pa_balkon-terrasse","10":"pa_baujahr-147","11":"pa_befeuerung-oel","12":"pa_courtage-714-inkl-mwst-vom-beurk-kaufpreis","13":"pa_etagen-78","14":"pa_gaeste-wc-vorhanden","15":"pa_heizungsart-zentralheizung","16":"pa_lage-12101-berlin","17":"pa_objektzustand-renovierungsbeduerftig","18":"pa_standort-berlin-tempelhof","19":"pa_wohnflaeche-171-m","20":"pa_zimmer-149","22":"first","23":"outofstock","24":"shipping-taxable","25":"purchasable","26":"product-type-simple"},"yoast_head":"<!-- This site is optimized with the Yoast SEO plugin v26.8 - https:\/\/yoast.com\/product\/yoast-seo-wordpress\/ -->\n<title>Reihenendhaus im Fliegerviertel von Tempelhof<\/title>\n<meta name=\"description\" content=\"Reihenendhaus im Fliegerviertel von Tempelhof. In ca. 1920 massiv erbautes Haus mit 171 m\u00b2 Wohnfl\u00e4che, Terrasse, sch\u00f6nem Garten und einer gro\u00dfen Garage.\" \/>\n<meta name=\"robots\" content=\"index, follow, max-snippet:-1, max-image-preview:large, max-video-preview:-1\" \/>\n<link rel=\"canonical\" href=\"https:\/\/grossklein-immobilien.de\/de\/produkt\/reihenendhaus-im-fliegerviertel-von-tempelhof\/\" \/>\n<meta property=\"og:locale\" content=\"de_DE\" \/>\n<meta property=\"og:type\" content=\"article\" \/>\n<meta property=\"og:title\" content=\"Reihenendhaus im Fliegerviertel von Tempelhof\" \/>\n<meta property=\"og:description\" content=\"Reihenendhaus im Fliegerviertel von Tempelhof. In ca. 1920 massiv erbautes Haus mit 171 m\u00b2 Wohnfl\u00e4che, Terrasse, sch\u00f6nem Garten und einer gro\u00dfen Garage.\" \/>\n<meta property=\"og:url\" content=\"https:\/\/grossklein-immobilien.de\/de\/produkt\/reihenendhaus-im-fliegerviertel-von-tempelhof\/\" \/>\n<meta property=\"article:publisher\" content=\"https:\/\/www.facebook.com\/TOMIC-IMMOBILIEN-110945718988806\/\" \/>\n<meta property=\"article:modified_time\" content=\"2026-01-13T09:16:44+00:00\" \/>\n<meta property=\"og:image\" content=\"https:\/\/grossklein-immobilien.de\/de\/wp-content\/uploads\/2016\/10\/REIHENENDHAUS-IM-FLIEGERVIERTEL-VON-TEMPELHOF-1024x683.png\" \/>\n\t<meta property=\"og:image:width\" content=\"1024\" \/>\n\t<meta property=\"og:image:height\" content=\"683\" \/>\n\t<meta property=\"og:image:type\" content=\"image\/png\" \/>\n<meta name=\"twitter:card\" content=\"summary_large_image\" \/>\n<meta name=\"twitter:site\" content=\"@draz_tomic\" \/>\n<meta name=\"twitter:label1\" content=\"Gesch\u00e4tzte Lesezeit\" \/>\n\t<meta name=\"twitter:data1\" content=\"2\u00a0Minuten\" \/>\n<script type=\"application\/ld+json\" class=\"yoast-schema-graph\">{\"@context\":\"https:\/\/schema.org\",\"@graph\":[{\"@type\":\"WebPage\",\"@id\":\"https:\/\/grossklein-immobilien.de\/de\/produkt\/reihenendhaus-im-fliegerviertel-von-tempelhof\/\",\"url\":\"https:\/\/grossklein-immobilien.de\/de\/produkt\/reihenendhaus-im-fliegerviertel-von-tempelhof\/\",\"name\":\"Reihenendhaus im Fliegerviertel von Tempelhof\",\"isPartOf\":{\"@id\":\"https:\/\/grossklein-immobilien.de\/de\/#website\"},\"primaryImageOfPage\":{\"@id\":\"https:\/\/grossklein-immobilien.de\/de\/produkt\/reihenendhaus-im-fliegerviertel-von-tempelhof\/#primaryimage\"},\"image\":{\"@id\":\"https:\/\/grossklein-immobilien.de\/de\/produkt\/reihenendhaus-im-fliegerviertel-von-tempelhof\/#primaryimage\"},\"thumbnailUrl\":\"https:\/\/grossklein-immobilien.de\/de\/wp-content\/uploads\/2016\/10\/REIHENENDHAUS-IM-FLIEGERVIERTEL-VON-TEMPELHOF.png\",\"datePublished\":\"2016-10-24T11:07:36+00:00\",\"dateModified\":\"2026-01-13T09:16:44+00:00\",\"description\":\"Reihenendhaus im Fliegerviertel von Tempelhof. In ca. 1920 massiv erbautes Haus mit 171 m\u00b2 Wohnfl\u00e4che, Terrasse, sch\u00f6nem Garten und einer gro\u00dfen Garage.\",\"breadcrumb\":{\"@id\":\"https:\/\/grossklein-immobilien.de\/de\/produkt\/reihenendhaus-im-fliegerviertel-von-tempelhof\/#breadcrumb\"},\"inLanguage\":\"de\",\"potentialAction\":[{\"@type\":\"ReadAction\",\"target\":[\"https:\/\/grossklein-immobilien.de\/de\/produkt\/reihenendhaus-im-fliegerviertel-von-tempelhof\/\"]}]},{\"@type\":\"ImageObject\",\"inLanguage\":\"de\",\"@id\":\"https:\/\/grossklein-immobilien.de\/de\/produkt\/reihenendhaus-im-fliegerviertel-von-tempelhof\/#primaryimage\",\"url\":\"https:\/\/grossklein-immobilien.de\/de\/wp-content\/uploads\/2016\/10\/REIHENENDHAUS-IM-FLIEGERVIERTEL-VON-TEMPELHOF.png\",\"contentUrl\":\"https:\/\/grossklein-immobilien.de\/de\/wp-content\/uploads\/2016\/10\/REIHENENDHAUS-IM-FLIEGERVIERTEL-VON-TEMPELHOF.png\",\"width\":1536,\"height\":1024,\"caption\":\"Reihenendhaus im Fliegerviertel von Berlin-Tempelhof verkauft durch Gross & Klein Immobilien\"},{\"@type\":\"BreadcrumbList\",\"@id\":\"https:\/\/grossklein-immobilien.de\/de\/produkt\/reihenendhaus-im-fliegerviertel-von-tempelhof\/#breadcrumb\",\"itemListElement\":[{\"@type\":\"ListItem\",\"position\":1,\"name\":\"Home\",\"item\":\"https:\/\/grossklein-immobilien.de\/de\/\"},{\"@type\":\"ListItem\",\"position\":2,\"name\":\"Immobilienangebote\",\"item\":\"https:\/\/grossklein-immobilien.de\/de\/immobilien-berlin\/\"},{\"@type\":\"ListItem\",\"position\":3,\"name\":\"REIHENENDHAUS IM FLIEGERVIERTEL VON TEMPELHOF\"}]},{\"@type\":\"WebSite\",\"@id\":\"https:\/\/grossklein-immobilien.de\/de\/#website\",\"url\":\"https:\/\/grossklein-immobilien.de\/de\/\",\"name\":\"\",\"description\":\"\",\"potentialAction\":[{\"@type\":\"SearchAction\",\"target\":{\"@type\":\"EntryPoint\",\"urlTemplate\":\"https:\/\/grossklein-immobilien.de\/de\/?s={search_term_string}\"},\"query-input\":{\"@type\":\"PropertyValueSpecification\",\"valueRequired\":true,\"valueName\":\"search_term_string\"}}],\"inLanguage\":\"de\"}]}<\/script>\n<!-- \/ Yoast SEO plugin. -->","yoast_head_json":{"title":"Reihenendhaus im Fliegerviertel von Tempelhof","description":"Reihenendhaus im Fliegerviertel von Tempelhof. In ca. 1920 massiv erbautes Haus mit 171 m\u00b2 Wohnfl\u00e4che, Terrasse, sch\u00f6nem Garten und einer gro\u00dfen Garage.","robots":{"index":"index","follow":"follow","max-snippet":"max-snippet:-1","max-image-preview":"max-image-preview:large","max-video-preview":"max-video-preview:-1"},"canonical":"https:\/\/grossklein-immobilien.de\/de\/produkt\/reihenendhaus-im-fliegerviertel-von-tempelhof\/","og_locale":"de_DE","og_type":"article","og_title":"Reihenendhaus im Fliegerviertel von Tempelhof","og_description":"Reihenendhaus im Fliegerviertel von Tempelhof. In ca. 1920 massiv erbautes Haus mit 171 m\u00b2 Wohnfl\u00e4che, Terrasse, sch\u00f6nem Garten und einer gro\u00dfen Garage.","og_url":"https:\/\/grossklein-immobilien.de\/de\/produkt\/reihenendhaus-im-fliegerviertel-von-tempelhof\/","article_publisher":"https:\/\/www.facebook.com\/TOMIC-IMMOBILIEN-110945718988806\/","article_modified_time":"2026-01-13T09:16:44+00:00","og_image":[{"width":1024,"height":683,"url":"https:\/\/grossklein-immobilien.de\/de\/wp-content\/uploads\/2016\/10\/REIHENENDHAUS-IM-FLIEGERVIERTEL-VON-TEMPELHOF-1024x683.png","type":"image\/png"}],"twitter_card":"summary_large_image","twitter_site":"@draz_tomic","twitter_misc":{"Gesch\u00e4tzte Lesezeit":"2\u00a0Minuten"},"schema":{"@context":"https:\/\/schema.org","@graph":[{"@type":"WebPage","@id":"https:\/\/grossklein-immobilien.de\/de\/produkt\/reihenendhaus-im-fliegerviertel-von-tempelhof\/","url":"https:\/\/grossklein-immobilien.de\/de\/produkt\/reihenendhaus-im-fliegerviertel-von-tempelhof\/","name":"Reihenendhaus im Fliegerviertel von Tempelhof","isPartOf":{"@id":"https:\/\/grossklein-immobilien.de\/de\/#website"},"primaryImageOfPage":{"@id":"https:\/\/grossklein-immobilien.de\/de\/produkt\/reihenendhaus-im-fliegerviertel-von-tempelhof\/#primaryimage"},"image":{"@id":"https:\/\/grossklein-immobilien.de\/de\/produkt\/reihenendhaus-im-fliegerviertel-von-tempelhof\/#primaryimage"},"thumbnailUrl":"https:\/\/grossklein-immobilien.de\/de\/wp-content\/uploads\/2016\/10\/REIHENENDHAUS-IM-FLIEGERVIERTEL-VON-TEMPELHOF.png","datePublished":"2016-10-24T11:07:36+00:00","dateModified":"2026-01-13T09:16:44+00:00","description":"Reihenendhaus im Fliegerviertel von Tempelhof. In ca. 1920 massiv erbautes Haus mit 171 m\u00b2 Wohnfl\u00e4che, Terrasse, sch\u00f6nem Garten und einer gro\u00dfen Garage.","breadcrumb":{"@id":"https:\/\/grossklein-immobilien.de\/de\/produkt\/reihenendhaus-im-fliegerviertel-von-tempelhof\/#breadcrumb"},"inLanguage":"de","potentialAction":[{"@type":"ReadAction","target":["https:\/\/grossklein-immobilien.de\/de\/produkt\/reihenendhaus-im-fliegerviertel-von-tempelhof\/"]}]},{"@type":"ImageObject","inLanguage":"de","@id":"https:\/\/grossklein-immobilien.de\/de\/produkt\/reihenendhaus-im-fliegerviertel-von-tempelhof\/#primaryimage","url":"https:\/\/grossklein-immobilien.de\/de\/wp-content\/uploads\/2016\/10\/REIHENENDHAUS-IM-FLIEGERVIERTEL-VON-TEMPELHOF.png","contentUrl":"https:\/\/grossklein-immobilien.de\/de\/wp-content\/uploads\/2016\/10\/REIHENENDHAUS-IM-FLIEGERVIERTEL-VON-TEMPELHOF.png","width":1536,"height":1024,"caption":"Reihenendhaus im Fliegerviertel von Berlin-Tempelhof verkauft durch Gross & Klein Immobilien"},{"@type":"BreadcrumbList","@id":"https:\/\/grossklein-immobilien.de\/de\/produkt\/reihenendhaus-im-fliegerviertel-von-tempelhof\/#breadcrumb","itemListElement":[{"@type":"ListItem","position":1,"name":"Home","item":"https:\/\/grossklein-immobilien.de\/de\/"},{"@type":"ListItem","position":2,"name":"Immobilienangebote","item":"https:\/\/grossklein-immobilien.de\/de\/immobilien-berlin\/"},{"@type":"ListItem","position":3,"name":"REIHENENDHAUS IM FLIEGERVIERTEL VON TEMPELHOF"}]},{"@type":"WebSite","@id":"https:\/\/grossklein-immobilien.de\/de\/#website","url":"https:\/\/grossklein-immobilien.de\/de\/","name":"","description":"","potentialAction":[{"@type":"SearchAction","target":{"@type":"EntryPoint","urlTemplate":"https:\/\/grossklein-immobilien.de\/de\/?s={search_term_string}"},"query-input":{"@type":"PropertyValueSpecification","valueRequired":true,"valueName":"search_term_string"}}],"inLanguage":"de"}]}},"uagb_featured_image_src":{"full":["https:\/\/grossklein-immobilien.de\/de\/wp-content\/uploads\/2016\/10\/REIHENENDHAUS-IM-FLIEGERVIERTEL-VON-TEMPELHOF.png",1536,1024,false],"thumbnail":["https:\/\/grossklein-immobilien.de\/de\/wp-content\/uploads\/2016\/10\/REIHENENDHAUS-IM-FLIEGERVIERTEL-VON-TEMPELHOF-150x150.png",150,150,true],"medium":["https:\/\/grossklein-immobilien.de\/de\/wp-content\/uploads\/2016\/10\/REIHENENDHAUS-IM-FLIEGERVIERTEL-VON-TEMPELHOF-300x200.png",300,200,true],"medium_large":["https:\/\/grossklein-immobilien.de\/de\/wp-content\/uploads\/2016\/10\/REIHENENDHAUS-IM-FLIEGERVIERTEL-VON-TEMPELHOF.png",1536,1024,false],"large":["https:\/\/grossklein-immobilien.de\/de\/wp-content\/uploads\/2016\/10\/REIHENENDHAUS-IM-FLIEGERVIERTEL-VON-TEMPELHOF-1024x683.png",604,403,true],"1536x1536":["https:\/\/grossklein-immobilien.de\/de\/wp-content\/uploads\/2016\/10\/REIHENENDHAUS-IM-FLIEGERVIERTEL-VON-TEMPELHOF.png",1536,1024,false],"2048x2048":["https:\/\/grossklein-immobilien.de\/de\/wp-content\/uploads\/2016\/10\/REIHENENDHAUS-IM-FLIEGERVIERTEL-VON-TEMPELHOF.png",1536,1024,false],"post-thumbnail":["https:\/\/grossklein-immobilien.de\/de\/wp-content\/uploads\/2016\/10\/REIHENENDHAUS-IM-FLIEGERVIERTEL-VON-TEMPELHOF-604x270.png",604,270,true],"woocommerce_thumbnail":["https:\/\/grossklein-immobilien.de\/de\/wp-content\/uploads\/2016\/10\/REIHENENDHAUS-IM-FLIEGERVIERTEL-VON-TEMPELHOF-300x300.png",300,300,true],"woocommerce_single":["https:\/\/grossklein-immobilien.de\/de\/wp-content\/uploads\/2016\/10\/REIHENENDHAUS-IM-FLIEGERVIERTEL-VON-TEMPELHOF-1200x800.png",1200,800,true],"woocommerce_gallery_thumbnail":["https:\/\/grossklein-immobilien.de\/de\/wp-content\/uploads\/2016\/10\/REIHENENDHAUS-IM-FLIEGERVIERTEL-VON-TEMPELHOF-100x100.png",100,100,true]},"uagb_author_info":{"display_name":"Drazan Tomic","author_link":"https:\/\/grossklein-immobilien.de\/de\/author\/"},"uagb_comment_info":0,"uagb_excerpt":"Dieses ca. 1920 massiv errichtete Reihenendhaus im Fliegerviertel von Berlin-Tempelhof bietet viel Wohnfl\u00e4che und ein attraktives Entwicklungspotenzial \u2013 ideal f\u00fcr Familien, die in einer der gefragtesten Wohnlagen im Berliner S\u00fcden ein individuelles Zuhause suchen. Die ruhige Seitenstra\u00dfe verbindet zentrale City-N\u00e4he mit hoher Wohnqualit\u00e4t. Eine gute Verkehrsanbindung sowie eine direkt am Haus gelegene Garage runden dieses&hellip;","_links":{"self":[{"href":"https:\/\/grossklein-immobilien.de\/de\/wp-json\/wp\/v2\/product\/2845","targetHints":{"allow":["GET"]}}],"collection":[{"href":"https:\/\/grossklein-immobilien.de\/de\/wp-json\/wp\/v2\/product"}],"about":[{"href":"https:\/\/grossklein-immobilien.de\/de\/wp-json\/wp\/v2\/types\/product"}],"wp:featuredmedia":[{"embeddable":true,"href":"https:\/\/grossklein-immobilien.de\/de\/wp-json\/wp\/v2\/media\/32500"}],"wp:attachment":[{"href":"https:\/\/grossklein-immobilien.de\/de\/wp-json\/wp\/v2\/media?parent=2845"}],"wp:term":[{"taxonomy":"product_cat","embeddable":true,"href":"https:\/\/grossklein-immobilien.de\/de\/wp-json\/wp\/v2\/product_cat?post=2845"},{"taxonomy":"product_tag","embeddable":true,"href":"https:\/\/grossklein-immobilien.de\/de\/wp-json\/wp\/v2\/product_tag?post=2845"}],"curies":[{"name":"wp","href":"https:\/\/api.w.org\/{rel}","templated":true}]}}