{"id":28803,"date":"2023-10-31T20:17:53","date_gmt":"2023-10-31T19:17:53","guid":{"rendered":"https:\/\/grossklein-immobilien.de\/de\/?post_type=product&#038;p=28803"},"modified":"2026-02-06T10:11:07","modified_gmt":"2026-02-06T09:11:07","slug":"herrlich-sanierte-altbauwohnung-in-mitte","status":"publish","type":"product","link":"https:\/\/grossklein-immobilien.de\/de\/produkt\/herrlich-sanierte-altbauwohnung-in-mitte\/","title":{"rendered":"HERRLICH SANIERTE ALTBAUWOHNUNG MIT 2 B\u00c4DERN IN MITTE"},"content":{"rendered":"<p style=\"text-align: justify;\">Leben im pr\u00e4chtigen Altbau in Mitte. In dieser facettenreichen Nachbarschaft unweit der Torstrasse und dem Rosenthaler Platz befindet sich dieser wundersch\u00f6ne und kernsanierte Altbau. Die sanierte Wohnung \u00fcberzeugt durch Ihre gehobene Ausstattung und die gro\u00dfz\u00fcgige Wohnfl\u00e4che. Die hohen Fensterfl\u00e4chen und die altbautypischen Fl\u00fcgelt\u00fcren verleihen der renovierten Wohnung einen zeitlosen und modernen Charakter.<\/p>\n<p>Ausstattung:<\/p>\n<p>+ BESTLAGE IN BERLIN-MITTE<br \/>\n+ IN RUHIGER SEITENSTRASSE GELEGEN<br \/>\n+ UNWEIT TORSTRASSE &amp; ROSENTHALER PLATZ<br \/>\n+ KERNSANIERTER ALTBAU<br \/>\n+ AUFZUG VORHANDEN<br \/>\n+ HELLES 1.OG<br \/>\n+ 2. BALKONE<br \/>\n+ 3 SCHLAFZIMMER<br \/>\n+ MASTERBEDROOM MIT ANKLEIDE &amp; BAD EN SUITE<br \/>\n+ HOCHWERTIGES PARKETT<br \/>\n+ FUSSBODENHEIZUNG<br \/>\n+ GROSSE WOHNK\u00dcCHE MIT EINBAUK\u00dcCHE<br \/>\n+ WEITERES BAD MIT TAGESLICHT &amp; DUSCHE<br \/>\n+ UNVERBAUTER AUSBLICK<br \/>\n+ INKL. KELLER<\/p>\n<p>Lage:<\/p>\n<p>Das Objekt liegt ruhig zwischen der beliebten Linienstrasse und Auguststrasse gelegen. Zahlreiche Caf\u00e9s und Restaurants befinden sich in direkter Umgebung. Die U-Bahnstation Rosenthaler Platz ist in wenigen Minuten fu\u00dfl\u00e4ufig erreichbar. Gesch\u00e4fte des t\u00e4glichen Bedarfs befinden sich in unmittelbarer N\u00e4he.&nbsp;&nbsp;&nbsp;&nbsp;<\/p>\n<p>Vermittelt durch Gross &amp; Klein Immobilien, Ihrem <a href=\"https:\/\/grossklein-immobilien.de\/de\/immobilienmakler-berlin-mitte\/\">Immobilienmakler in Berlin-Mitte.<\/a><\/p>\n<p>&nbsp;<\/p>\n<p style=\"text-align: center;\"><a class=\"maxbutton-11 maxbutton maxbutton-neubauprojekte\" title=\"Zu den Projekten\" href=\"https:\/\/grossklein-immobilien.de\/de\/aktuelle-neubauprojekte\/\"><span class='mb-text'>Entdecken Sie hier spannende Neubauprojekte!<\/span><\/a> &nbsp;&nbsp;&nbsp;&nbsp;&nbsp;&nbsp;&nbsp;&nbsp;&nbsp;&nbsp;&nbsp;&nbsp;<\/p>\n","protected":false},"excerpt":{"rendered":"<p>Leben im pr\u00e4chtigen Altbau in Mitte. In dieser facettenreichen Nachbarschaft unweit der Torstrasse und dem Rosenthaler Platz befindet sich dieser wundersch\u00f6ne und kernsanierte Altbau. Die sanierte Wohnung \u00fcberzeugt durch Ihre gehobene Ausstattung und die gro\u00dfz\u00fcgige Wohnfl\u00e4che. Die hohen Fensterfl\u00e4chen und die altbautypischen Fl\u00fcgelt\u00fcren verleihen der renovierten Wohnung einen zeitlosen und modernen Charakter. Ausstattung: + BESTLAGE &hellip; <a href=\"https:\/\/grossklein-immobilien.de\/de\/produkt\/herrlich-sanierte-altbauwohnung-in-mitte\/\" class=\"more-link\"><span class=\"screen-reader-text\">HERRLICH SANIERTE ALTBAUWOHNUNG MIT 2 B\u00c4DERN IN MITTE<\/span> weiterlesen <span class=\"meta-nav\">&rarr;<\/span><\/a><\/p>\n","protected":false},"featured_media":28804,"template":"","meta":{"_uag_custom_page_level_css":"","ngg_post_thumbnail":0},"product_cat":[24,410,231],"product_tag":[],"class_list":{"0":"post-28803","1":"product","2":"type-product","3":"status-publish","4":"has-post-thumbnail","6":"product_cat-eigentumswohnungen","7":"product_cat-standort","8":"product_cat-mitte","9":"pa_adresse-10115-berlin-mitte","10":"pa_balkon-67","11":"pa_baujahr-290","12":"pa_courtage-357-vom-beurk-kaufpreis-2","13":"pa_etage-1-og","14":"pa_etagen-41","15":"pa_gaeste-wc-ja","16":"pa_heizungsart-zentralheizung","17":"pa_objektzustand-kernsaniert","18":"pa_standort-berlin-mitte","19":"pa_wohnflaeche-150-m","20":"pa_zimmer-276","22":"first","23":"outofstock","24":"shipping-taxable","25":"purchasable","26":"product-type-simple"},"yoast_head":"<!-- This site is optimized with the Yoast SEO plugin v26.8 - https:\/\/yoast.com\/product\/yoast-seo-wordpress\/ -->\n<title>Herrlich sanierte Altbauwohnung in Mitte - Gross &amp; Klein<\/title>\n<meta name=\"description\" content=\"Herrlich sanierte Altbauwohnung mit 2 B\u00e4dern und 2 Balkonen in sch\u00f6nster Lage von Berlin-Mitte. Ruhig gelegen zwischen Linienstrasse und Auguststrasse!\" \/>\n<meta name=\"robots\" content=\"index, follow, max-snippet:-1, max-image-preview:large, max-video-preview:-1\" \/>\n<link rel=\"canonical\" href=\"https:\/\/grossklein-immobilien.de\/de\/produkt\/herrlich-sanierte-altbauwohnung-in-mitte\/\" \/>\n<meta property=\"og:locale\" content=\"de_DE\" \/>\n<meta property=\"og:type\" content=\"article\" \/>\n<meta property=\"og:title\" content=\"Herrlich sanierte Altbauwohnung in Mitte - Gross &amp; Klein\" \/>\n<meta property=\"og:description\" content=\"Herrlich sanierte Altbauwohnung mit 2 B\u00e4dern und 2 Balkonen in sch\u00f6nster Lage von Berlin-Mitte. Ruhig gelegen zwischen Linienstrasse und Auguststrasse!\" \/>\n<meta property=\"og:url\" content=\"https:\/\/grossklein-immobilien.de\/de\/produkt\/herrlich-sanierte-altbauwohnung-in-mitte\/\" \/>\n<meta property=\"article:publisher\" content=\"https:\/\/www.facebook.com\/TOMIC-IMMOBILIEN-110945718988806\/\" \/>\n<meta property=\"article:modified_time\" content=\"2026-02-06T09:11:07+00:00\" \/>\n<meta property=\"og:image\" content=\"https:\/\/grossklein-immobilien.de\/de\/wp-content\/uploads\/2023\/10\/IMG_6523-scaled.jpg\" \/>\n\t<meta property=\"og:image:width\" content=\"1920\" \/>\n\t<meta property=\"og:image:height\" content=\"1280\" \/>\n\t<meta property=\"og:image:type\" content=\"image\/jpeg\" \/>\n<meta name=\"twitter:card\" content=\"summary_large_image\" \/>\n<meta name=\"twitter:site\" content=\"@draz_tomic\" \/>\n<meta name=\"twitter:label1\" content=\"Gesch\u00e4tzte Lesezeit\" \/>\n\t<meta name=\"twitter:data1\" content=\"2\u00a0Minuten\" \/>\n<script type=\"application\/ld+json\" class=\"yoast-schema-graph\">{\"@context\":\"https:\/\/schema.org\",\"@graph\":[{\"@type\":\"WebPage\",\"@id\":\"https:\/\/grossklein-immobilien.de\/de\/produkt\/herrlich-sanierte-altbauwohnung-in-mitte\/\",\"url\":\"https:\/\/grossklein-immobilien.de\/de\/produkt\/herrlich-sanierte-altbauwohnung-in-mitte\/\",\"name\":\"Herrlich sanierte Altbauwohnung in Mitte - Gross & Klein\",\"isPartOf\":{\"@id\":\"https:\/\/grossklein-immobilien.de\/de\/#website\"},\"primaryImageOfPage\":{\"@id\":\"https:\/\/grossklein-immobilien.de\/de\/produkt\/herrlich-sanierte-altbauwohnung-in-mitte\/#primaryimage\"},\"image\":{\"@id\":\"https:\/\/grossklein-immobilien.de\/de\/produkt\/herrlich-sanierte-altbauwohnung-in-mitte\/#primaryimage\"},\"thumbnailUrl\":\"https:\/\/grossklein-immobilien.de\/de\/wp-content\/uploads\/2023\/10\/IMG_6523-scaled.jpg\",\"datePublished\":\"2023-10-31T19:17:53+00:00\",\"dateModified\":\"2026-02-06T09:11:07+00:00\",\"description\":\"Herrlich sanierte Altbauwohnung mit 2 B\u00e4dern und 2 Balkonen in sch\u00f6nster Lage von Berlin-Mitte. Ruhig gelegen zwischen Linienstrasse und Auguststrasse!\",\"breadcrumb\":{\"@id\":\"https:\/\/grossklein-immobilien.de\/de\/produkt\/herrlich-sanierte-altbauwohnung-in-mitte\/#breadcrumb\"},\"inLanguage\":\"de\",\"potentialAction\":[{\"@type\":\"ReadAction\",\"target\":[\"https:\/\/grossklein-immobilien.de\/de\/produkt\/herrlich-sanierte-altbauwohnung-in-mitte\/\"]}]},{\"@type\":\"ImageObject\",\"inLanguage\":\"de\",\"@id\":\"https:\/\/grossklein-immobilien.de\/de\/produkt\/herrlich-sanierte-altbauwohnung-in-mitte\/#primaryimage\",\"url\":\"https:\/\/grossklein-immobilien.de\/de\/wp-content\/uploads\/2023\/10\/IMG_6523-scaled.jpg\",\"contentUrl\":\"https:\/\/grossklein-immobilien.de\/de\/wp-content\/uploads\/2023\/10\/IMG_6523-scaled.jpg\",\"width\":1920,\"height\":1280},{\"@type\":\"BreadcrumbList\",\"@id\":\"https:\/\/grossklein-immobilien.de\/de\/produkt\/herrlich-sanierte-altbauwohnung-in-mitte\/#breadcrumb\",\"itemListElement\":[{\"@type\":\"ListItem\",\"position\":1,\"name\":\"Home\",\"item\":\"https:\/\/grossklein-immobilien.de\/de\/\"},{\"@type\":\"ListItem\",\"position\":2,\"name\":\"Immobilienangebote\",\"item\":\"https:\/\/grossklein-immobilien.de\/de\/immobilien-berlin\/\"},{\"@type\":\"ListItem\",\"position\":3,\"name\":\"HERRLICH SANIERTE ALTBAUWOHNUNG MIT 2 B\u00c4DERN IN MITTE\"}]},{\"@type\":\"WebSite\",\"@id\":\"https:\/\/grossklein-immobilien.de\/de\/#website\",\"url\":\"https:\/\/grossklein-immobilien.de\/de\/\",\"name\":\"\",\"description\":\"\",\"potentialAction\":[{\"@type\":\"SearchAction\",\"target\":{\"@type\":\"EntryPoint\",\"urlTemplate\":\"https:\/\/grossklein-immobilien.de\/de\/?s={search_term_string}\"},\"query-input\":{\"@type\":\"PropertyValueSpecification\",\"valueRequired\":true,\"valueName\":\"search_term_string\"}}],\"inLanguage\":\"de\"}]}<\/script>\n<!-- \/ Yoast SEO plugin. -->","yoast_head_json":{"title":"Herrlich sanierte Altbauwohnung in Mitte - Gross & Klein","description":"Herrlich sanierte Altbauwohnung mit 2 B\u00e4dern und 2 Balkonen in sch\u00f6nster Lage von Berlin-Mitte. Ruhig gelegen zwischen Linienstrasse und Auguststrasse!","robots":{"index":"index","follow":"follow","max-snippet":"max-snippet:-1","max-image-preview":"max-image-preview:large","max-video-preview":"max-video-preview:-1"},"canonical":"https:\/\/grossklein-immobilien.de\/de\/produkt\/herrlich-sanierte-altbauwohnung-in-mitte\/","og_locale":"de_DE","og_type":"article","og_title":"Herrlich sanierte Altbauwohnung in Mitte - Gross & Klein","og_description":"Herrlich sanierte Altbauwohnung mit 2 B\u00e4dern und 2 Balkonen in sch\u00f6nster Lage von Berlin-Mitte. Ruhig gelegen zwischen Linienstrasse und Auguststrasse!","og_url":"https:\/\/grossklein-immobilien.de\/de\/produkt\/herrlich-sanierte-altbauwohnung-in-mitte\/","article_publisher":"https:\/\/www.facebook.com\/TOMIC-IMMOBILIEN-110945718988806\/","article_modified_time":"2026-02-06T09:11:07+00:00","og_image":[{"width":1920,"height":1280,"url":"https:\/\/grossklein-immobilien.de\/de\/wp-content\/uploads\/2023\/10\/IMG_6523-scaled.jpg","type":"image\/jpeg"}],"twitter_card":"summary_large_image","twitter_site":"@draz_tomic","twitter_misc":{"Gesch\u00e4tzte Lesezeit":"2\u00a0Minuten"},"schema":{"@context":"https:\/\/schema.org","@graph":[{"@type":"WebPage","@id":"https:\/\/grossklein-immobilien.de\/de\/produkt\/herrlich-sanierte-altbauwohnung-in-mitte\/","url":"https:\/\/grossklein-immobilien.de\/de\/produkt\/herrlich-sanierte-altbauwohnung-in-mitte\/","name":"Herrlich sanierte Altbauwohnung in Mitte - Gross & Klein","isPartOf":{"@id":"https:\/\/grossklein-immobilien.de\/de\/#website"},"primaryImageOfPage":{"@id":"https:\/\/grossklein-immobilien.de\/de\/produkt\/herrlich-sanierte-altbauwohnung-in-mitte\/#primaryimage"},"image":{"@id":"https:\/\/grossklein-immobilien.de\/de\/produkt\/herrlich-sanierte-altbauwohnung-in-mitte\/#primaryimage"},"thumbnailUrl":"https:\/\/grossklein-immobilien.de\/de\/wp-content\/uploads\/2023\/10\/IMG_6523-scaled.jpg","datePublished":"2023-10-31T19:17:53+00:00","dateModified":"2026-02-06T09:11:07+00:00","description":"Herrlich sanierte Altbauwohnung mit 2 B\u00e4dern und 2 Balkonen in sch\u00f6nster Lage von Berlin-Mitte. Ruhig gelegen zwischen Linienstrasse und Auguststrasse!","breadcrumb":{"@id":"https:\/\/grossklein-immobilien.de\/de\/produkt\/herrlich-sanierte-altbauwohnung-in-mitte\/#breadcrumb"},"inLanguage":"de","potentialAction":[{"@type":"ReadAction","target":["https:\/\/grossklein-immobilien.de\/de\/produkt\/herrlich-sanierte-altbauwohnung-in-mitte\/"]}]},{"@type":"ImageObject","inLanguage":"de","@id":"https:\/\/grossklein-immobilien.de\/de\/produkt\/herrlich-sanierte-altbauwohnung-in-mitte\/#primaryimage","url":"https:\/\/grossklein-immobilien.de\/de\/wp-content\/uploads\/2023\/10\/IMG_6523-scaled.jpg","contentUrl":"https:\/\/grossklein-immobilien.de\/de\/wp-content\/uploads\/2023\/10\/IMG_6523-scaled.jpg","width":1920,"height":1280},{"@type":"BreadcrumbList","@id":"https:\/\/grossklein-immobilien.de\/de\/produkt\/herrlich-sanierte-altbauwohnung-in-mitte\/#breadcrumb","itemListElement":[{"@type":"ListItem","position":1,"name":"Home","item":"https:\/\/grossklein-immobilien.de\/de\/"},{"@type":"ListItem","position":2,"name":"Immobilienangebote","item":"https:\/\/grossklein-immobilien.de\/de\/immobilien-berlin\/"},{"@type":"ListItem","position":3,"name":"HERRLICH SANIERTE ALTBAUWOHNUNG MIT 2 B\u00c4DERN IN MITTE"}]},{"@type":"WebSite","@id":"https:\/\/grossklein-immobilien.de\/de\/#website","url":"https:\/\/grossklein-immobilien.de\/de\/","name":"","description":"","potentialAction":[{"@type":"SearchAction","target":{"@type":"EntryPoint","urlTemplate":"https:\/\/grossklein-immobilien.de\/de\/?s={search_term_string}"},"query-input":{"@type":"PropertyValueSpecification","valueRequired":true,"valueName":"search_term_string"}}],"inLanguage":"de"}]}},"uagb_featured_image_src":{"full":["https:\/\/grossklein-immobilien.de\/de\/wp-content\/uploads\/2023\/10\/IMG_6523-scaled.jpg",1920,1280,false],"thumbnail":["https:\/\/grossklein-immobilien.de\/de\/wp-content\/uploads\/2023\/10\/IMG_6523-150x150.jpg",150,150,true],"medium":["https:\/\/grossklein-immobilien.de\/de\/wp-content\/uploads\/2023\/10\/IMG_6523-300x200.jpg",300,200,true],"medium_large":["https:\/\/grossklein-immobilien.de\/de\/wp-content\/uploads\/2023\/10\/IMG_6523-scaled.jpg",1920,1280,false],"large":["https:\/\/grossklein-immobilien.de\/de\/wp-content\/uploads\/2023\/10\/IMG_6523-1024x683.jpg",604,403,true],"1536x1536":["https:\/\/grossklein-immobilien.de\/de\/wp-content\/uploads\/2023\/10\/IMG_6523-1536x1024.jpg",1536,1024,true],"2048x2048":["https:\/\/grossklein-immobilien.de\/de\/wp-content\/uploads\/2023\/10\/IMG_6523-2048x1365.jpg",2048,1365,true],"post-thumbnail":["https:\/\/grossklein-immobilien.de\/de\/wp-content\/uploads\/2023\/10\/IMG_6523-604x270.jpg",604,270,true],"woocommerce_thumbnail":["https:\/\/grossklein-immobilien.de\/de\/wp-content\/uploads\/2023\/10\/IMG_6523-300x300.jpg",300,300,true],"woocommerce_single":["https:\/\/grossklein-immobilien.de\/de\/wp-content\/uploads\/2023\/10\/IMG_6523-1200x800.jpg",1200,800,true],"woocommerce_gallery_thumbnail":["https:\/\/grossklein-immobilien.de\/de\/wp-content\/uploads\/2023\/10\/IMG_6523-100x100.jpg",100,100,true]},"uagb_author_info":{"display_name":"Drazan Tomic","author_link":"https:\/\/grossklein-immobilien.de\/de\/author\/"},"uagb_comment_info":0,"uagb_excerpt":"Leben im pr\u00e4chtigen Altbau in Mitte. In dieser facettenreichen Nachbarschaft unweit der Torstrasse und dem Rosenthaler Platz befindet sich dieser wundersch\u00f6ne und kernsanierte Altbau. Die sanierte Wohnung \u00fcberzeugt durch Ihre gehobene Ausstattung und die gro\u00dfz\u00fcgige Wohnfl\u00e4che. Die hohen Fensterfl\u00e4chen und die altbautypischen Fl\u00fcgelt\u00fcren verleihen der renovierten Wohnung einen zeitlosen und modernen Charakter. Ausstattung: + BESTLAGE&hellip;","_links":{"self":[{"href":"https:\/\/grossklein-immobilien.de\/de\/wp-json\/wp\/v2\/product\/28803","targetHints":{"allow":["GET"]}}],"collection":[{"href":"https:\/\/grossklein-immobilien.de\/de\/wp-json\/wp\/v2\/product"}],"about":[{"href":"https:\/\/grossklein-immobilien.de\/de\/wp-json\/wp\/v2\/types\/product"}],"wp:featuredmedia":[{"embeddable":true,"href":"https:\/\/grossklein-immobilien.de\/de\/wp-json\/wp\/v2\/media\/28804"}],"wp:attachment":[{"href":"https:\/\/grossklein-immobilien.de\/de\/wp-json\/wp\/v2\/media?parent=28803"}],"wp:term":[{"taxonomy":"product_cat","embeddable":true,"href":"https:\/\/grossklein-immobilien.de\/de\/wp-json\/wp\/v2\/product_cat?post=28803"},{"taxonomy":"product_tag","embeddable":true,"href":"https:\/\/grossklein-immobilien.de\/de\/wp-json\/wp\/v2\/product_tag?post=28803"}],"curies":[{"name":"wp","href":"https:\/\/api.w.org\/{rel}","templated":true}]}}