{"id":29109,"date":"2024-01-09T16:29:41","date_gmt":"2024-01-09T15:29:41","guid":{"rendered":"https:\/\/grossklein-immobilien.de\/de\/?post_type=product&#038;p=29109"},"modified":"2026-02-06T11:01:53","modified_gmt":"2026-02-06T10:01:53","slug":"renoviertes-studioapartment","status":"publish","type":"product","link":"https:\/\/grossklein-immobilien.de\/de\/produkt\/renoviertes-studioapartment\/","title":{"rendered":"RENOVIERTES STUDIOAPARTMENT IM B\u00d6TZOWVIERTEL"},"content":{"rendered":"<p style=\"text-align: justify;\">Leben im Prenzlauer Berg! Dieses renovierte Studioapartment befindet sich im ruhigen Seitenfl\u00fcgel mit Blick auf den ruhigen Innenhof. Das helle Apartment bittet ausreichend Platz zum Wohnen, Schlafen und Arbeiten. Auf der Fl\u00e4che neben dem Eingangsbereich kann man den Abend mit einem Glas Wein ruhig ausklingen lassen. Die separate K\u00fcche kann bequem zum Kochen und zum Essen genutzt werden. Eine vollst\u00e4ndig eingerichtete K\u00fcche ist bereits vorhanden. Das innenliegende Badezimmer ist mit einer Badewanne ausgestattet und hat auch selbstverst\u00e4ndlich Platz f\u00fcr eine Waschmaschine. Au\u00dferdem steht ein Abstellraum zur Verf\u00fcgung, der auch als begehbarer Kleiderschrank genutzt werden kann. Dass ca. 1900 errichtete Altbaugeb\u00e4ude besticht durch viele sch\u00f6ne Details und ist in einem gepflegten Zustand. Die Wohnung selbst ist in 2015 hochwertig renoviert worden und ist sofort bezugsfertig.<\/p>\n<p style=\"text-align: justify;\">Das B\u00f6tzowviertel geh\u00f6rt zu einer der beliebtesten Wohnlage von Prenzlauer Berg. In unmittelbarer N\u00e4he befindet sich z.B. der beliebte Volkspark Friedrichshain, der zahlreiche Freizeitaktivit\u00e4ten bietet. Gesch\u00e4fte des t\u00e4glichen Bedarfs befinden sich nur wenige Minuten fu\u00dfl\u00e4ufig entfernt. Die Anbindung an die \u00d6PNV ist mit diversen Tramlinien und der S-Bahnstation Greifswalder Stra\u00dfe optimal gegeben.<\/p>\n<p>Vermittelt durch Gross &amp; Klein Immobilien, Ihrem <a href=\"https:\/\/grossklein-immobilien.de\/de\/immobilienmakler-berlin-prenzlauer-berg\/\">Immobilienmakler in Berlin-Prenzlauer Berg<\/a>.<\/p>\n<p>&nbsp;<\/p>\n<p style=\"text-align: center;\"><a class=\"maxbutton-11 maxbutton maxbutton-neubauprojekte\" title=\"Zu den Projekten\" href=\"https:\/\/grossklein-immobilien.de\/de\/aktuelle-neubauprojekte\/\"><span class='mb-text'>Entdecken Sie hier spannende Neubauprojekte!<\/span><\/a><\/p>\n","protected":false},"excerpt":{"rendered":"<p>Leben im Prenzlauer Berg! Dieses renovierte Studioapartment befindet sich im ruhigen Seitenfl\u00fcgel mit Blick auf den ruhigen Innenhof. Das helle Apartment bittet ausreichend Platz zum Wohnen, Schlafen und Arbeiten. Auf der Fl\u00e4che neben dem Eingangsbereich kann man den Abend mit einem Glas Wein ruhig ausklingen lassen. Die separate K\u00fcche kann bequem zum Kochen und zum &hellip; <a href=\"https:\/\/grossklein-immobilien.de\/de\/produkt\/renoviertes-studioapartment\/\" class=\"more-link\"><span class=\"screen-reader-text\">RENOVIERTES STUDIOAPARTMENT IM B\u00d6TZOWVIERTEL<\/span> weiterlesen <span class=\"meta-nav\">&rarr;<\/span><\/a><\/p>\n","protected":false},"featured_media":29301,"template":"","meta":{"_uag_custom_page_level_css":"","ngg_post_thumbnail":0},"product_cat":[425,24,410,242,419,414],"product_tag":[],"class_list":{"0":"post-29109","1":"product","2":"type-product","3":"status-publish","4":"has-post-thumbnail","6":"product_cat-immobilienart","7":"product_cat-eigentumswohnungen","8":"product_cat-standort","9":"product_cat-prenzlauer-berg","10":"product_cat-1-40","11":"product_cat-414","12":"pa_adresse-10407-berlin","13":"pa_baujahr-247","14":"pa_courtage-357-vom-beurk-kaufpreis-2","15":"pa_heizungsart-zentralheizung-gas","16":"pa_objektzustand-renoviert","17":"pa_standort-prenzlauer-berg","18":"pa_wohnflaeche-707","19":"pa_zimmer-216","21":"first","22":"outofstock","23":"shipping-taxable","24":"purchasable","25":"product-type-simple"},"yoast_head":"<!-- This site is optimized with the Yoast SEO plugin v26.8 - https:\/\/yoast.com\/product\/yoast-seo-wordpress\/ -->\n<title>Renoviertes Studioapartment in Prenzlauer Berg - Gross &amp; Klein<\/title>\n<meta name=\"description\" content=\"Renoviertes Studioapartment in Prenzlauer Berg. Kleines Apartment mit Platz zum wohnen, schlafen und kochen nahe Volkspark Friedrichshain &amp; Greiswalder Str.\" \/>\n<meta name=\"robots\" content=\"index, follow, max-snippet:-1, max-image-preview:large, max-video-preview:-1\" \/>\n<link rel=\"canonical\" href=\"https:\/\/grossklein-immobilien.de\/de\/produkt\/renoviertes-studioapartment\/\" \/>\n<meta property=\"og:locale\" content=\"de_DE\" \/>\n<meta property=\"og:type\" content=\"article\" \/>\n<meta property=\"og:title\" content=\"Renoviertes Studioapartment in Prenzlauer Berg - Gross &amp; Klein\" \/>\n<meta property=\"og:description\" content=\"Renoviertes Studioapartment in Prenzlauer Berg. Kleines Apartment mit Platz zum wohnen, schlafen und kochen nahe Volkspark Friedrichshain &amp; Greiswalder Str.\" \/>\n<meta property=\"og:url\" content=\"https:\/\/grossklein-immobilien.de\/de\/produkt\/renoviertes-studioapartment\/\" \/>\n<meta property=\"article:publisher\" content=\"https:\/\/www.facebook.com\/TOMIC-IMMOBILIEN-110945718988806\/\" \/>\n<meta property=\"article:modified_time\" content=\"2026-02-06T10:01:53+00:00\" \/>\n<meta property=\"og:image\" content=\"https:\/\/grossklein-immobilien.de\/de\/wp-content\/uploads\/2024\/01\/IMG_6760-scaled.jpg\" \/>\n\t<meta property=\"og:image:width\" content=\"2560\" \/>\n\t<meta property=\"og:image:height\" content=\"1707\" \/>\n\t<meta property=\"og:image:type\" content=\"image\/jpeg\" \/>\n<meta name=\"twitter:card\" content=\"summary_large_image\" \/>\n<meta name=\"twitter:site\" content=\"@draz_tomic\" \/>\n<meta name=\"twitter:label1\" content=\"Gesch\u00e4tzte Lesezeit\" \/>\n\t<meta name=\"twitter:data1\" content=\"2\u00a0Minuten\" \/>\n<script type=\"application\/ld+json\" class=\"yoast-schema-graph\">{\"@context\":\"https:\/\/schema.org\",\"@graph\":[{\"@type\":\"WebPage\",\"@id\":\"https:\/\/grossklein-immobilien.de\/de\/produkt\/renoviertes-studioapartment\/\",\"url\":\"https:\/\/grossklein-immobilien.de\/de\/produkt\/renoviertes-studioapartment\/\",\"name\":\"Renoviertes Studioapartment in Prenzlauer Berg - Gross & Klein\",\"isPartOf\":{\"@id\":\"https:\/\/grossklein-immobilien.de\/de\/#website\"},\"primaryImageOfPage\":{\"@id\":\"https:\/\/grossklein-immobilien.de\/de\/produkt\/renoviertes-studioapartment\/#primaryimage\"},\"image\":{\"@id\":\"https:\/\/grossklein-immobilien.de\/de\/produkt\/renoviertes-studioapartment\/#primaryimage\"},\"thumbnailUrl\":\"https:\/\/grossklein-immobilien.de\/de\/wp-content\/uploads\/2024\/01\/IMG_6760-scaled.jpg\",\"datePublished\":\"2024-01-09T15:29:41+00:00\",\"dateModified\":\"2026-02-06T10:01:53+00:00\",\"description\":\"Renoviertes Studioapartment in Prenzlauer Berg. Kleines Apartment mit Platz zum wohnen, schlafen und kochen nahe Volkspark Friedrichshain & Greiswalder Str.\",\"breadcrumb\":{\"@id\":\"https:\/\/grossklein-immobilien.de\/de\/produkt\/renoviertes-studioapartment\/#breadcrumb\"},\"inLanguage\":\"de\",\"potentialAction\":[{\"@type\":\"ReadAction\",\"target\":[\"https:\/\/grossklein-immobilien.de\/de\/produkt\/renoviertes-studioapartment\/\"]}]},{\"@type\":\"ImageObject\",\"inLanguage\":\"de\",\"@id\":\"https:\/\/grossklein-immobilien.de\/de\/produkt\/renoviertes-studioapartment\/#primaryimage\",\"url\":\"https:\/\/grossklein-immobilien.de\/de\/wp-content\/uploads\/2024\/01\/IMG_6760-scaled.jpg\",\"contentUrl\":\"https:\/\/grossklein-immobilien.de\/de\/wp-content\/uploads\/2024\/01\/IMG_6760-scaled.jpg\",\"width\":2560,\"height\":1707},{\"@type\":\"BreadcrumbList\",\"@id\":\"https:\/\/grossklein-immobilien.de\/de\/produkt\/renoviertes-studioapartment\/#breadcrumb\",\"itemListElement\":[{\"@type\":\"ListItem\",\"position\":1,\"name\":\"Home\",\"item\":\"https:\/\/grossklein-immobilien.de\/de\/\"},{\"@type\":\"ListItem\",\"position\":2,\"name\":\"Immobilienangebote\",\"item\":\"https:\/\/grossklein-immobilien.de\/de\/immobilien-berlin\/\"},{\"@type\":\"ListItem\",\"position\":3,\"name\":\"RENOVIERTES STUDIOAPARTMENT IM B\u00d6TZOWVIERTEL\"}]},{\"@type\":\"WebSite\",\"@id\":\"https:\/\/grossklein-immobilien.de\/de\/#website\",\"url\":\"https:\/\/grossklein-immobilien.de\/de\/\",\"name\":\"\",\"description\":\"\",\"potentialAction\":[{\"@type\":\"SearchAction\",\"target\":{\"@type\":\"EntryPoint\",\"urlTemplate\":\"https:\/\/grossklein-immobilien.de\/de\/?s={search_term_string}\"},\"query-input\":{\"@type\":\"PropertyValueSpecification\",\"valueRequired\":true,\"valueName\":\"search_term_string\"}}],\"inLanguage\":\"de\"}]}<\/script>\n<!-- \/ Yoast SEO plugin. -->","yoast_head_json":{"title":"Renoviertes Studioapartment in Prenzlauer Berg - Gross & Klein","description":"Renoviertes Studioapartment in Prenzlauer Berg. Kleines Apartment mit Platz zum wohnen, schlafen und kochen nahe Volkspark Friedrichshain & Greiswalder Str.","robots":{"index":"index","follow":"follow","max-snippet":"max-snippet:-1","max-image-preview":"max-image-preview:large","max-video-preview":"max-video-preview:-1"},"canonical":"https:\/\/grossklein-immobilien.de\/de\/produkt\/renoviertes-studioapartment\/","og_locale":"de_DE","og_type":"article","og_title":"Renoviertes Studioapartment in Prenzlauer Berg - Gross & Klein","og_description":"Renoviertes Studioapartment in Prenzlauer Berg. Kleines Apartment mit Platz zum wohnen, schlafen und kochen nahe Volkspark Friedrichshain & Greiswalder Str.","og_url":"https:\/\/grossklein-immobilien.de\/de\/produkt\/renoviertes-studioapartment\/","article_publisher":"https:\/\/www.facebook.com\/TOMIC-IMMOBILIEN-110945718988806\/","article_modified_time":"2026-02-06T10:01:53+00:00","og_image":[{"width":2560,"height":1707,"url":"https:\/\/grossklein-immobilien.de\/de\/wp-content\/uploads\/2024\/01\/IMG_6760-scaled.jpg","type":"image\/jpeg"}],"twitter_card":"summary_large_image","twitter_site":"@draz_tomic","twitter_misc":{"Gesch\u00e4tzte Lesezeit":"2\u00a0Minuten"},"schema":{"@context":"https:\/\/schema.org","@graph":[{"@type":"WebPage","@id":"https:\/\/grossklein-immobilien.de\/de\/produkt\/renoviertes-studioapartment\/","url":"https:\/\/grossklein-immobilien.de\/de\/produkt\/renoviertes-studioapartment\/","name":"Renoviertes Studioapartment in Prenzlauer Berg - Gross & Klein","isPartOf":{"@id":"https:\/\/grossklein-immobilien.de\/de\/#website"},"primaryImageOfPage":{"@id":"https:\/\/grossklein-immobilien.de\/de\/produkt\/renoviertes-studioapartment\/#primaryimage"},"image":{"@id":"https:\/\/grossklein-immobilien.de\/de\/produkt\/renoviertes-studioapartment\/#primaryimage"},"thumbnailUrl":"https:\/\/grossklein-immobilien.de\/de\/wp-content\/uploads\/2024\/01\/IMG_6760-scaled.jpg","datePublished":"2024-01-09T15:29:41+00:00","dateModified":"2026-02-06T10:01:53+00:00","description":"Renoviertes Studioapartment in Prenzlauer Berg. Kleines Apartment mit Platz zum wohnen, schlafen und kochen nahe Volkspark Friedrichshain & Greiswalder Str.","breadcrumb":{"@id":"https:\/\/grossklein-immobilien.de\/de\/produkt\/renoviertes-studioapartment\/#breadcrumb"},"inLanguage":"de","potentialAction":[{"@type":"ReadAction","target":["https:\/\/grossklein-immobilien.de\/de\/produkt\/renoviertes-studioapartment\/"]}]},{"@type":"ImageObject","inLanguage":"de","@id":"https:\/\/grossklein-immobilien.de\/de\/produkt\/renoviertes-studioapartment\/#primaryimage","url":"https:\/\/grossklein-immobilien.de\/de\/wp-content\/uploads\/2024\/01\/IMG_6760-scaled.jpg","contentUrl":"https:\/\/grossklein-immobilien.de\/de\/wp-content\/uploads\/2024\/01\/IMG_6760-scaled.jpg","width":2560,"height":1707},{"@type":"BreadcrumbList","@id":"https:\/\/grossklein-immobilien.de\/de\/produkt\/renoviertes-studioapartment\/#breadcrumb","itemListElement":[{"@type":"ListItem","position":1,"name":"Home","item":"https:\/\/grossklein-immobilien.de\/de\/"},{"@type":"ListItem","position":2,"name":"Immobilienangebote","item":"https:\/\/grossklein-immobilien.de\/de\/immobilien-berlin\/"},{"@type":"ListItem","position":3,"name":"RENOVIERTES STUDIOAPARTMENT IM B\u00d6TZOWVIERTEL"}]},{"@type":"WebSite","@id":"https:\/\/grossklein-immobilien.de\/de\/#website","url":"https:\/\/grossklein-immobilien.de\/de\/","name":"","description":"","potentialAction":[{"@type":"SearchAction","target":{"@type":"EntryPoint","urlTemplate":"https:\/\/grossklein-immobilien.de\/de\/?s={search_term_string}"},"query-input":{"@type":"PropertyValueSpecification","valueRequired":true,"valueName":"search_term_string"}}],"inLanguage":"de"}]}},"uagb_featured_image_src":{"full":["https:\/\/grossklein-immobilien.de\/de\/wp-content\/uploads\/2024\/01\/IMG_6760-scaled.jpg",2560,1707,false],"thumbnail":["https:\/\/grossklein-immobilien.de\/de\/wp-content\/uploads\/2024\/01\/IMG_6760-150x150.jpg",150,150,true],"medium":["https:\/\/grossklein-immobilien.de\/de\/wp-content\/uploads\/2024\/01\/IMG_6760-300x200.jpg",300,200,true],"medium_large":["https:\/\/grossklein-immobilien.de\/de\/wp-content\/uploads\/2024\/01\/IMG_6760-scaled.jpg",2560,1707,false],"large":["https:\/\/grossklein-immobilien.de\/de\/wp-content\/uploads\/2024\/01\/IMG_6760-1024x683.jpg",604,403,true],"1536x1536":["https:\/\/grossklein-immobilien.de\/de\/wp-content\/uploads\/2024\/01\/IMG_6760-1536x1024.jpg",1536,1024,true],"2048x2048":["https:\/\/grossklein-immobilien.de\/de\/wp-content\/uploads\/2024\/01\/IMG_6760-2048x1365.jpg",2048,1365,true],"post-thumbnail":["https:\/\/grossklein-immobilien.de\/de\/wp-content\/uploads\/2024\/01\/IMG_6760-604x270.jpg",604,270,true],"woocommerce_thumbnail":["https:\/\/grossklein-immobilien.de\/de\/wp-content\/uploads\/2024\/01\/IMG_6760-300x300.jpg",300,300,true],"woocommerce_single":["https:\/\/grossklein-immobilien.de\/de\/wp-content\/uploads\/2024\/01\/IMG_6760-1200x800.jpg",1200,800,true],"woocommerce_gallery_thumbnail":["https:\/\/grossklein-immobilien.de\/de\/wp-content\/uploads\/2024\/01\/IMG_6760-100x100.jpg",100,100,true]},"uagb_author_info":{"display_name":"Drazan Tomic","author_link":"https:\/\/grossklein-immobilien.de\/de\/author\/"},"uagb_comment_info":0,"uagb_excerpt":"Leben im Prenzlauer Berg! Dieses renovierte Studioapartment befindet sich im ruhigen Seitenfl\u00fcgel mit Blick auf den ruhigen Innenhof. Das helle Apartment bittet ausreichend Platz zum Wohnen, Schlafen und Arbeiten. Auf der Fl\u00e4che neben dem Eingangsbereich kann man den Abend mit einem Glas Wein ruhig ausklingen lassen. Die separate K\u00fcche kann bequem zum Kochen und zum&hellip;","_links":{"self":[{"href":"https:\/\/grossklein-immobilien.de\/de\/wp-json\/wp\/v2\/product\/29109","targetHints":{"allow":["GET"]}}],"collection":[{"href":"https:\/\/grossklein-immobilien.de\/de\/wp-json\/wp\/v2\/product"}],"about":[{"href":"https:\/\/grossklein-immobilien.de\/de\/wp-json\/wp\/v2\/types\/product"}],"wp:featuredmedia":[{"embeddable":true,"href":"https:\/\/grossklein-immobilien.de\/de\/wp-json\/wp\/v2\/media\/29301"}],"wp:attachment":[{"href":"https:\/\/grossklein-immobilien.de\/de\/wp-json\/wp\/v2\/media?parent=29109"}],"wp:term":[{"taxonomy":"product_cat","embeddable":true,"href":"https:\/\/grossklein-immobilien.de\/de\/wp-json\/wp\/v2\/product_cat?post=29109"},{"taxonomy":"product_tag","embeddable":true,"href":"https:\/\/grossklein-immobilien.de\/de\/wp-json\/wp\/v2\/product_tag?post=29109"}],"curies":[{"name":"wp","href":"https:\/\/api.w.org\/{rel}","templated":true}]}}