{"id":29899,"date":"2024-02-18T19:18:03","date_gmt":"2024-02-18T18:18:03","guid":{"rendered":"https:\/\/grossklein-immobilien.de\/de\/?post_type=product&#038;p=29899"},"modified":"2024-09-21T14:09:45","modified_gmt":"2024-09-21T12:09:45","slug":"attraktives-reihenmittelhaus-in-kladow","status":"publish","type":"product","link":"https:\/\/grossklein-immobilien.de\/de\/produkt\/attraktives-reihenmittelhaus-in-kladow\/","title":{"rendered":"ATTRAKTIVES REIHENMITTELHAUS INKL. STELLPLATZ IN KLADOW"},"content":{"rendered":"<p>Es handelt sich hierbei um ein Reihenmittelhaus, dass in ca. 2000 erbaut wurde.<\/p>\n<p>+ BERLIN-KLADOW<br \/>\n+ RUHIGE &amp; VERKEHRSBERUHIGTE WOHNLAGE !<br \/>\n+ KOMPLETTES NEUBAUGEBIET<br \/>\n+ BODENTIEFE FENSTER<br \/>\n+ 2 TERRASSEN<br \/>\n+ KLEINER GARTEN<br \/>\n+ OFFENE K\u00dcCHE MIT EINBAUK\u00dcCHE<br \/>\n+ FUSSBODENHEIZUNG<br \/>\n+ GALERIEZIMMER<br \/>\n+ ELEKTR. ROLL\u00c4DEN<br \/>\n+ BAD MIT WANNE UND DUSCHE<br \/>\n+ GROSSER AUSGEBAUTER KELLERRAUM MIT WC (ALS WOHNRAUM NUTZBAR)<br \/>\n+ HAUSWIRTSCHAFTSRAUM<br \/>\n+ INKL. STELLPLATZ<\/p>\n<p><strong>Lage:<\/strong><\/p>\n<p>Das Obejkt befindet sich inmitten der Kladower Wald- und Seenlandschaft. In direkter N\u00e4he und fu\u00dfl\u00e4ufig in wenigen Minuten erreichbar befinden sich Edeka, Aldi, eine Kita, eine Grundschule mit Hort sowie ein Gymnasium. Des Weiteren befinden sich in der nahen Umgebung der Wannsee, der Glienicke See sowie die Gatower Golfanlage. Mit dem PKW gelangt man \u00fcber die Bundesstra\u00dfe B2 in ca. 15 Minuten zum Funkturm und in anderer Richtung in ca. 10 Minuten nach Potsdam.<\/p>\n","protected":false},"excerpt":{"rendered":"<p>Es handelt sich hierbei um ein Reihenmittelhaus, dass in ca. 2000 erbaut wurde. + BERLIN-KLADOW + RUHIGE &amp; VERKEHRSBERUHIGTE WOHNLAGE ! + KOMPLETTES NEUBAUGEBIET + BODENTIEFE FENSTER + 2 TERRASSEN + KLEINER GARTEN + OFFENE K\u00dcCHE MIT EINBAUK\u00dcCHE + FUSSBODENHEIZUNG + GALERIEZIMMER + ELEKTR. ROLL\u00c4DEN + BAD MIT WANNE UND DUSCHE + GROSSER AUSGEBAUTER KELLERRAUM &hellip; <a href=\"https:\/\/grossklein-immobilien.de\/de\/produkt\/attraktives-reihenmittelhaus-in-kladow\/\" class=\"more-link\"><span class=\"screen-reader-text\">ATTRAKTIVES REIHENMITTELHAUS INKL. STELLPLATZ IN KLADOW<\/span> weiterlesen <span class=\"meta-nav\">&rarr;<\/span><\/a><\/p>\n","protected":false},"featured_media":29900,"template":"","meta":{"_uag_custom_page_level_css":"","ngg_post_thumbnail":0},"product_cat":[708,26],"product_tag":[],"class_list":{"0":"post-29899","1":"product","2":"type-product","3":"status-publish","4":"has-post-thumbnail","6":"product_cat-berlin-kladow","7":"product_cat-einfamilienhaeuser","8":"pa_adresse-14089-berlin","9":"pa_baujahr-710","10":"pa_befeuerung-zh-gas","11":"pa_courtage-357-vom-beurk-kaufpreis-2","12":"pa_etage-0-1","13":"pa_etagen-198","14":"pa_gaeste-wc-ja","15":"pa_grundstuecksflaeche-140-m","16":"pa_heizungsart-zentralheizung","17":"pa_objektzustand-gepflegt","18":"pa_standort-berlin-kladow","19":"pa_wohnflaeche-86-m","20":"pa_zimmer-339","22":"first","23":"outofstock","24":"shipping-taxable","25":"purchasable","26":"product-type-simple"},"yoast_head":"<!-- This site is optimized with the Yoast SEO plugin v26.8 - https:\/\/yoast.com\/product\/yoast-seo-wordpress\/ -->\n<title>Attraktives Reihenmittelhausin Berlin-Kladow - Groos &amp; Klein<\/title>\n<meta name=\"description\" content=\"Attraktives Reihenmittelhaus in Berlin-Kladow zum Kauf mit 2 Terrassen, Stellplatz, Galerie und kleinem Garten. Ab sofort zu haben!\" \/>\n<meta name=\"robots\" content=\"index, follow, max-snippet:-1, max-image-preview:large, max-video-preview:-1\" \/>\n<link rel=\"canonical\" href=\"https:\/\/grossklein-immobilien.de\/de\/produkt\/attraktives-reihenmittelhaus-in-kladow\/\" \/>\n<meta property=\"og:locale\" content=\"de_DE\" \/>\n<meta property=\"og:type\" content=\"article\" \/>\n<meta property=\"og:title\" content=\"Attraktives Reihenmittelhausin Berlin-Kladow - Groos &amp; Klein\" \/>\n<meta property=\"og:description\" content=\"Attraktives Reihenmittelhaus in Berlin-Kladow zum Kauf mit 2 Terrassen, Stellplatz, Galerie und kleinem Garten. Ab sofort zu haben!\" \/>\n<meta property=\"og:url\" content=\"https:\/\/grossklein-immobilien.de\/de\/produkt\/attraktives-reihenmittelhaus-in-kladow\/\" \/>\n<meta property=\"article:publisher\" content=\"https:\/\/www.facebook.com\/TOMIC-IMMOBILIEN-110945718988806\/\" \/>\n<meta property=\"article:modified_time\" content=\"2024-09-21T12:09:45+00:00\" \/>\n<meta property=\"og:image\" content=\"https:\/\/grossklein-immobilien.de\/de\/wp-content\/uploads\/2024\/02\/Hausnasicht-scaled.jpg\" \/>\n\t<meta property=\"og:image:width\" content=\"2560\" \/>\n\t<meta property=\"og:image:height\" content=\"1707\" \/>\n\t<meta property=\"og:image:type\" content=\"image\/jpeg\" \/>\n<meta name=\"twitter:card\" content=\"summary_large_image\" \/>\n<meta name=\"twitter:site\" content=\"@draz_tomic\" \/>\n<meta name=\"twitter:label1\" content=\"Gesch\u00e4tzte Lesezeit\" \/>\n\t<meta name=\"twitter:data1\" content=\"1\u00a0Minute\" \/>\n<script type=\"application\/ld+json\" class=\"yoast-schema-graph\">{\"@context\":\"https:\/\/schema.org\",\"@graph\":[{\"@type\":\"WebPage\",\"@id\":\"https:\/\/grossklein-immobilien.de\/de\/produkt\/attraktives-reihenmittelhaus-in-kladow\/\",\"url\":\"https:\/\/grossklein-immobilien.de\/de\/produkt\/attraktives-reihenmittelhaus-in-kladow\/\",\"name\":\"Attraktives Reihenmittelhausin Berlin-Kladow - Groos & Klein\",\"isPartOf\":{\"@id\":\"https:\/\/grossklein-immobilien.de\/de\/#website\"},\"primaryImageOfPage\":{\"@id\":\"https:\/\/grossklein-immobilien.de\/de\/produkt\/attraktives-reihenmittelhaus-in-kladow\/#primaryimage\"},\"image\":{\"@id\":\"https:\/\/grossklein-immobilien.de\/de\/produkt\/attraktives-reihenmittelhaus-in-kladow\/#primaryimage\"},\"thumbnailUrl\":\"https:\/\/grossklein-immobilien.de\/de\/wp-content\/uploads\/2024\/02\/Hausnasicht-scaled.jpg\",\"datePublished\":\"2024-02-18T18:18:03+00:00\",\"dateModified\":\"2024-09-21T12:09:45+00:00\",\"description\":\"Attraktives Reihenmittelhaus in Berlin-Kladow zum Kauf mit 2 Terrassen, Stellplatz, Galerie und kleinem Garten. Ab sofort zu haben!\",\"breadcrumb\":{\"@id\":\"https:\/\/grossklein-immobilien.de\/de\/produkt\/attraktives-reihenmittelhaus-in-kladow\/#breadcrumb\"},\"inLanguage\":\"de\",\"potentialAction\":[{\"@type\":\"ReadAction\",\"target\":[\"https:\/\/grossklein-immobilien.de\/de\/produkt\/attraktives-reihenmittelhaus-in-kladow\/\"]}]},{\"@type\":\"ImageObject\",\"inLanguage\":\"de\",\"@id\":\"https:\/\/grossklein-immobilien.de\/de\/produkt\/attraktives-reihenmittelhaus-in-kladow\/#primaryimage\",\"url\":\"https:\/\/grossklein-immobilien.de\/de\/wp-content\/uploads\/2024\/02\/Hausnasicht-scaled.jpg\",\"contentUrl\":\"https:\/\/grossklein-immobilien.de\/de\/wp-content\/uploads\/2024\/02\/Hausnasicht-scaled.jpg\",\"width\":2560,\"height\":1707,\"caption\":\"Attraktives Reihenmittelhaus in Berlin-Kladow verkauft durch Gross & Klein Immobilien\"},{\"@type\":\"BreadcrumbList\",\"@id\":\"https:\/\/grossklein-immobilien.de\/de\/produkt\/attraktives-reihenmittelhaus-in-kladow\/#breadcrumb\",\"itemListElement\":[{\"@type\":\"ListItem\",\"position\":1,\"name\":\"Home\",\"item\":\"https:\/\/grossklein-immobilien.de\/de\/\"},{\"@type\":\"ListItem\",\"position\":2,\"name\":\"Immobilienangebote\",\"item\":\"https:\/\/grossklein-immobilien.de\/de\/immobilien-berlin\/\"},{\"@type\":\"ListItem\",\"position\":3,\"name\":\"ATTRAKTIVES REIHENMITTELHAUS INKL. STELLPLATZ IN KLADOW\"}]},{\"@type\":\"WebSite\",\"@id\":\"https:\/\/grossklein-immobilien.de\/de\/#website\",\"url\":\"https:\/\/grossklein-immobilien.de\/de\/\",\"name\":\"\",\"description\":\"\",\"potentialAction\":[{\"@type\":\"SearchAction\",\"target\":{\"@type\":\"EntryPoint\",\"urlTemplate\":\"https:\/\/grossklein-immobilien.de\/de\/?s={search_term_string}\"},\"query-input\":{\"@type\":\"PropertyValueSpecification\",\"valueRequired\":true,\"valueName\":\"search_term_string\"}}],\"inLanguage\":\"de\"}]}<\/script>\n<!-- \/ Yoast SEO plugin. -->","yoast_head_json":{"title":"Attraktives Reihenmittelhausin Berlin-Kladow - Groos & Klein","description":"Attraktives Reihenmittelhaus in Berlin-Kladow zum Kauf mit 2 Terrassen, Stellplatz, Galerie und kleinem Garten. Ab sofort zu haben!","robots":{"index":"index","follow":"follow","max-snippet":"max-snippet:-1","max-image-preview":"max-image-preview:large","max-video-preview":"max-video-preview:-1"},"canonical":"https:\/\/grossklein-immobilien.de\/de\/produkt\/attraktives-reihenmittelhaus-in-kladow\/","og_locale":"de_DE","og_type":"article","og_title":"Attraktives Reihenmittelhausin Berlin-Kladow - Groos & Klein","og_description":"Attraktives Reihenmittelhaus in Berlin-Kladow zum Kauf mit 2 Terrassen, Stellplatz, Galerie und kleinem Garten. Ab sofort zu haben!","og_url":"https:\/\/grossklein-immobilien.de\/de\/produkt\/attraktives-reihenmittelhaus-in-kladow\/","article_publisher":"https:\/\/www.facebook.com\/TOMIC-IMMOBILIEN-110945718988806\/","article_modified_time":"2024-09-21T12:09:45+00:00","og_image":[{"width":2560,"height":1707,"url":"https:\/\/grossklein-immobilien.de\/de\/wp-content\/uploads\/2024\/02\/Hausnasicht-scaled.jpg","type":"image\/jpeg"}],"twitter_card":"summary_large_image","twitter_site":"@draz_tomic","twitter_misc":{"Gesch\u00e4tzte Lesezeit":"1\u00a0Minute"},"schema":{"@context":"https:\/\/schema.org","@graph":[{"@type":"WebPage","@id":"https:\/\/grossklein-immobilien.de\/de\/produkt\/attraktives-reihenmittelhaus-in-kladow\/","url":"https:\/\/grossklein-immobilien.de\/de\/produkt\/attraktives-reihenmittelhaus-in-kladow\/","name":"Attraktives Reihenmittelhausin Berlin-Kladow - Groos & Klein","isPartOf":{"@id":"https:\/\/grossklein-immobilien.de\/de\/#website"},"primaryImageOfPage":{"@id":"https:\/\/grossklein-immobilien.de\/de\/produkt\/attraktives-reihenmittelhaus-in-kladow\/#primaryimage"},"image":{"@id":"https:\/\/grossklein-immobilien.de\/de\/produkt\/attraktives-reihenmittelhaus-in-kladow\/#primaryimage"},"thumbnailUrl":"https:\/\/grossklein-immobilien.de\/de\/wp-content\/uploads\/2024\/02\/Hausnasicht-scaled.jpg","datePublished":"2024-02-18T18:18:03+00:00","dateModified":"2024-09-21T12:09:45+00:00","description":"Attraktives Reihenmittelhaus in Berlin-Kladow zum Kauf mit 2 Terrassen, Stellplatz, Galerie und kleinem Garten. Ab sofort zu haben!","breadcrumb":{"@id":"https:\/\/grossklein-immobilien.de\/de\/produkt\/attraktives-reihenmittelhaus-in-kladow\/#breadcrumb"},"inLanguage":"de","potentialAction":[{"@type":"ReadAction","target":["https:\/\/grossklein-immobilien.de\/de\/produkt\/attraktives-reihenmittelhaus-in-kladow\/"]}]},{"@type":"ImageObject","inLanguage":"de","@id":"https:\/\/grossklein-immobilien.de\/de\/produkt\/attraktives-reihenmittelhaus-in-kladow\/#primaryimage","url":"https:\/\/grossklein-immobilien.de\/de\/wp-content\/uploads\/2024\/02\/Hausnasicht-scaled.jpg","contentUrl":"https:\/\/grossklein-immobilien.de\/de\/wp-content\/uploads\/2024\/02\/Hausnasicht-scaled.jpg","width":2560,"height":1707,"caption":"Attraktives Reihenmittelhaus in Berlin-Kladow verkauft durch Gross & Klein Immobilien"},{"@type":"BreadcrumbList","@id":"https:\/\/grossklein-immobilien.de\/de\/produkt\/attraktives-reihenmittelhaus-in-kladow\/#breadcrumb","itemListElement":[{"@type":"ListItem","position":1,"name":"Home","item":"https:\/\/grossklein-immobilien.de\/de\/"},{"@type":"ListItem","position":2,"name":"Immobilienangebote","item":"https:\/\/grossklein-immobilien.de\/de\/immobilien-berlin\/"},{"@type":"ListItem","position":3,"name":"ATTRAKTIVES REIHENMITTELHAUS INKL. STELLPLATZ IN KLADOW"}]},{"@type":"WebSite","@id":"https:\/\/grossklein-immobilien.de\/de\/#website","url":"https:\/\/grossklein-immobilien.de\/de\/","name":"","description":"","potentialAction":[{"@type":"SearchAction","target":{"@type":"EntryPoint","urlTemplate":"https:\/\/grossklein-immobilien.de\/de\/?s={search_term_string}"},"query-input":{"@type":"PropertyValueSpecification","valueRequired":true,"valueName":"search_term_string"}}],"inLanguage":"de"}]}},"uagb_featured_image_src":{"full":["https:\/\/grossklein-immobilien.de\/de\/wp-content\/uploads\/2024\/02\/Hausnasicht-scaled.jpg",2560,1707,false],"thumbnail":["https:\/\/grossklein-immobilien.de\/de\/wp-content\/uploads\/2024\/02\/Hausnasicht-150x150.jpg",150,150,true],"medium":["https:\/\/grossklein-immobilien.de\/de\/wp-content\/uploads\/2024\/02\/Hausnasicht-300x200.jpg",300,200,true],"medium_large":["https:\/\/grossklein-immobilien.de\/de\/wp-content\/uploads\/2024\/02\/Hausnasicht-scaled.jpg",2560,1707,false],"large":["https:\/\/grossklein-immobilien.de\/de\/wp-content\/uploads\/2024\/02\/Hausnasicht-1024x683.jpg",604,403,true],"1536x1536":["https:\/\/grossklein-immobilien.de\/de\/wp-content\/uploads\/2024\/02\/Hausnasicht-1536x1024.jpg",1536,1024,true],"2048x2048":["https:\/\/grossklein-immobilien.de\/de\/wp-content\/uploads\/2024\/02\/Hausnasicht-2048x1365.jpg",2048,1365,true],"post-thumbnail":["https:\/\/grossklein-immobilien.de\/de\/wp-content\/uploads\/2024\/02\/Hausnasicht-604x270.jpg",604,270,true],"woocommerce_thumbnail":["https:\/\/grossklein-immobilien.de\/de\/wp-content\/uploads\/2024\/02\/Hausnasicht-300x300.jpg",300,300,true],"woocommerce_single":["https:\/\/grossklein-immobilien.de\/de\/wp-content\/uploads\/2024\/02\/Hausnasicht-1200x800.jpg",1200,800,true],"woocommerce_gallery_thumbnail":["https:\/\/grossklein-immobilien.de\/de\/wp-content\/uploads\/2024\/02\/Hausnasicht-100x100.jpg",100,100,true]},"uagb_author_info":{"display_name":"Drazan Tomic","author_link":"https:\/\/grossklein-immobilien.de\/de\/author\/"},"uagb_comment_info":0,"uagb_excerpt":"Es handelt sich hierbei um ein Reihenmittelhaus, dass in ca. 2000 erbaut wurde. + BERLIN-KLADOW + RUHIGE &amp; VERKEHRSBERUHIGTE WOHNLAGE ! + KOMPLETTES NEUBAUGEBIET + BODENTIEFE FENSTER + 2 TERRASSEN + KLEINER GARTEN + OFFENE K\u00dcCHE MIT EINBAUK\u00dcCHE + FUSSBODENHEIZUNG + GALERIEZIMMER + ELEKTR. ROLL\u00c4DEN + BAD MIT WANNE UND DUSCHE + GROSSER AUSGEBAUTER KELLERRAUM&hellip;","_links":{"self":[{"href":"https:\/\/grossklein-immobilien.de\/de\/wp-json\/wp\/v2\/product\/29899","targetHints":{"allow":["GET"]}}],"collection":[{"href":"https:\/\/grossklein-immobilien.de\/de\/wp-json\/wp\/v2\/product"}],"about":[{"href":"https:\/\/grossklein-immobilien.de\/de\/wp-json\/wp\/v2\/types\/product"}],"wp:featuredmedia":[{"embeddable":true,"href":"https:\/\/grossklein-immobilien.de\/de\/wp-json\/wp\/v2\/media\/29900"}],"wp:attachment":[{"href":"https:\/\/grossklein-immobilien.de\/de\/wp-json\/wp\/v2\/media?parent=29899"}],"wp:term":[{"taxonomy":"product_cat","embeddable":true,"href":"https:\/\/grossklein-immobilien.de\/de\/wp-json\/wp\/v2\/product_cat?post=29899"},{"taxonomy":"product_tag","embeddable":true,"href":"https:\/\/grossklein-immobilien.de\/de\/wp-json\/wp\/v2\/product_tag?post=29899"}],"curies":[{"name":"wp","href":"https:\/\/api.w.org\/{rel}","templated":true}]}}