{"id":30157,"date":"2024-10-15T10:47:00","date_gmt":"2024-10-15T08:47:00","guid":{"rendered":"https:\/\/grossklein-immobilien.de\/de\/?post_type=product&#038;p=30157"},"modified":"2024-10-15T10:53:04","modified_gmt":"2024-10-15T08:53:04","slug":"grundstueck-fuer-ihr-neues-haus-in-altglienicke-gross-klein-immobilien","status":"publish","type":"product","link":"https:\/\/grossklein-immobilien.de\/de\/produkt\/grundstueck-fuer-ihr-neues-haus-in-altglienicke-gross-klein-immobilien\/","title":{"rendered":"GRUNDST\u00dcCK F\u00dcR IHR NEUES HAUS IN ALTGLIENICKE"},"content":{"rendered":"<p style=\"text-align: justify;\">Das angebotene Grundst\u00fcck in Altglienicke (Treptow-K\u00f6penick) hat eine Fl\u00e4che von 1064 m\u00b2 (18&#215;59) und ist eingegliedert zwischen Nachbargrundst\u00fccken. Grundst\u00fccke in dieser Gr\u00f6\u00dfe gibt es selten, deshalb kann auch eine Teilung \u00fcberlegt werden. Vorn befindet sich eine Garage und ein Carport. Am hinteren Ende des Grundst\u00fccks steht ein altes Haus, welches seit 10 Jahren nicht mehr bewohnt wird. Durch Dachundichtheit drang Wasser ein. Deshalb wird das Haus als sogenanntes Abrisshaus mit dazu verkauft. Nat\u00fcrlich gibt es M\u00f6glichkeiten das Haus zu sanieren, wie eine einfache Dachsanierung, Dachabriss und Etagenaufstockung. Nur werden keine Garantien und Gew\u00e4hrleistungen mit verkauft.<\/p>\n<p style=\"text-align: justify;\">Die H\u00e4user nebenan haben mehrere Stockwerke. Das Haus ist unterkellert und unten trocken.c3 Kellerr\u00e4ume plus ein Heizungsraum. Diese Heizung funktioniert und wurde immer regelm\u00e4\u00dfig betrieben und nie stillgelegt. Somit hat sie Bestandschutz und kann weiter genutzt werden.<\/p>\n<p><strong>Lage<\/strong><\/p>\n<p style=\"text-align: justify;\">Das Grundst\u00fcck befindet sich in einer ruhigen Lage, kein Durchgangsverkehr,<br \/>\n10 Minuten zur S-Bahnstation Gr\u00fcnau. Die Busstation befindet sich in 5 Minuten Fu\u00dfweg Reichweite. Zum Flughafen Berlin sind es auch nur ca. 10 Minuten mit dem Auto. Es gibt es keine festgestellten Flugl\u00e4rmbel\u00e4stigungen.<\/p>\n","protected":false},"excerpt":{"rendered":"<p>Das angebotene Grundst\u00fcck in Altglienicke (Treptow-K\u00f6penick) hat eine Fl\u00e4che von 1064 m\u00b2 (18&#215;59) und ist eingegliedert zwischen Nachbargrundst\u00fccken. Grundst\u00fccke in dieser Gr\u00f6\u00dfe gibt es selten, deshalb kann auch eine Teilung \u00fcberlegt werden. Vorn befindet sich eine Garage und ein Carport. Am hinteren Ende des Grundst\u00fccks steht ein altes Haus, welches seit 10 Jahren nicht mehr &hellip; <a href=\"https:\/\/grossklein-immobilien.de\/de\/produkt\/grundstueck-fuer-ihr-neues-haus-in-altglienicke-gross-klein-immobilien\/\" class=\"more-link\"><span class=\"screen-reader-text\">GRUNDST\u00dcCK F\u00dcR IHR NEUES HAUS IN ALTGLIENICKE<\/span> weiterlesen <span class=\"meta-nav\">&rarr;<\/span><\/a><\/p>\n","protected":false},"featured_media":30158,"template":"","meta":{"_uag_custom_page_level_css":"","ngg_post_thumbnail":0},"product_cat":[717,294],"product_tag":[],"class_list":{"0":"post-30157","1":"product","2":"type-product","3":"status-publish","4":"has-post-thumbnail","6":"product_cat-berlin-treptow","7":"product_cat-grundstuecke","8":"pa_adresse-herulerstrasse-28-12524-berlin","9":"pa_courtage-357-vom-beurk-kaufpreis","10":"pa_grundstuecksflaeche-719","11":"pa_standort-berlin-treptow","13":"first","14":"instock","15":"shipping-taxable","16":"purchasable","17":"product-type-simple"},"yoast_head":"<!-- This site is optimized with the Yoast SEO plugin v26.8 - https:\/\/yoast.com\/product\/yoast-seo-wordpress\/ -->\n<title>GRUNDST\u00dcCK F\u00dcR IHR NEUES HAUS IN ALTGLIENICKE -<\/title>\n<meta name=\"robots\" content=\"index, follow, max-snippet:-1, max-image-preview:large, max-video-preview:-1\" \/>\n<link rel=\"canonical\" href=\"https:\/\/grossklein-immobilien.de\/de\/produkt\/grundstueck-fuer-ihr-neues-haus-in-altglienicke-gross-klein-immobilien\/\" \/>\n<meta property=\"og:locale\" content=\"de_DE\" \/>\n<meta property=\"og:type\" content=\"article\" \/>\n<meta property=\"og:title\" content=\"GRUNDST\u00dcCK F\u00dcR IHR NEUES HAUS IN ALTGLIENICKE -\" \/>\n<meta property=\"og:description\" content=\"Das angebotene Grundst\u00fcck in Altglienicke (Treptow-K\u00f6penick) hat eine Fl\u00e4che von 1064 m\u00b2 (18&#215;59) und ist eingegliedert zwischen Nachbargrundst\u00fccken. Grundst\u00fccke in dieser Gr\u00f6\u00dfe gibt es selten, deshalb kann auch eine Teilung \u00fcberlegt werden. Vorn befindet sich eine Garage und ein Carport. Am hinteren Ende des Grundst\u00fccks steht ein altes Haus, welches seit 10 Jahren nicht mehr &hellip; GRUNDST\u00dcCK F\u00dcR IHR NEUES HAUS IN ALTGLIENICKE weiterlesen &rarr;\" \/>\n<meta property=\"og:url\" content=\"https:\/\/grossklein-immobilien.de\/de\/produkt\/grundstueck-fuer-ihr-neues-haus-in-altglienicke-gross-klein-immobilien\/\" \/>\n<meta property=\"article:publisher\" content=\"https:\/\/www.facebook.com\/TOMIC-IMMOBILIEN-110945718988806\/\" \/>\n<meta property=\"article:modified_time\" content=\"2024-10-15T08:53:04+00:00\" \/>\n<meta property=\"og:image\" content=\"https:\/\/grossklein-immobilien.de\/de\/wp-content\/uploads\/2024\/10\/02-scaled.jpg\" \/>\n\t<meta property=\"og:image:width\" content=\"2560\" \/>\n\t<meta property=\"og:image:height\" content=\"1920\" \/>\n\t<meta property=\"og:image:type\" content=\"image\/jpeg\" \/>\n<meta name=\"twitter:card\" content=\"summary_large_image\" \/>\n<meta name=\"twitter:site\" content=\"@draz_tomic\" \/>\n<meta name=\"twitter:label1\" content=\"Gesch\u00e4tzte Lesezeit\" \/>\n\t<meta name=\"twitter:data1\" content=\"2\u00a0Minuten\" \/>\n<script type=\"application\/ld+json\" class=\"yoast-schema-graph\">{\"@context\":\"https:\/\/schema.org\",\"@graph\":[{\"@type\":\"WebPage\",\"@id\":\"https:\/\/grossklein-immobilien.de\/de\/produkt\/grundstueck-fuer-ihr-neues-haus-in-altglienicke-gross-klein-immobilien\/\",\"url\":\"https:\/\/grossklein-immobilien.de\/de\/produkt\/grundstueck-fuer-ihr-neues-haus-in-altglienicke-gross-klein-immobilien\/\",\"name\":\"GRUNDST\u00dcCK F\u00dcR IHR NEUES HAUS IN ALTGLIENICKE -\",\"isPartOf\":{\"@id\":\"https:\/\/grossklein-immobilien.de\/de\/#website\"},\"primaryImageOfPage\":{\"@id\":\"https:\/\/grossklein-immobilien.de\/de\/produkt\/grundstueck-fuer-ihr-neues-haus-in-altglienicke-gross-klein-immobilien\/#primaryimage\"},\"image\":{\"@id\":\"https:\/\/grossklein-immobilien.de\/de\/produkt\/grundstueck-fuer-ihr-neues-haus-in-altglienicke-gross-klein-immobilien\/#primaryimage\"},\"thumbnailUrl\":\"https:\/\/grossklein-immobilien.de\/de\/wp-content\/uploads\/2024\/10\/02-scaled.jpg\",\"datePublished\":\"2024-10-15T08:47:00+00:00\",\"dateModified\":\"2024-10-15T08:53:04+00:00\",\"breadcrumb\":{\"@id\":\"https:\/\/grossklein-immobilien.de\/de\/produkt\/grundstueck-fuer-ihr-neues-haus-in-altglienicke-gross-klein-immobilien\/#breadcrumb\"},\"inLanguage\":\"de\",\"potentialAction\":[{\"@type\":\"ReadAction\",\"target\":[\"https:\/\/grossklein-immobilien.de\/de\/produkt\/grundstueck-fuer-ihr-neues-haus-in-altglienicke-gross-klein-immobilien\/\"]}]},{\"@type\":\"ImageObject\",\"inLanguage\":\"de\",\"@id\":\"https:\/\/grossklein-immobilien.de\/de\/produkt\/grundstueck-fuer-ihr-neues-haus-in-altglienicke-gross-klein-immobilien\/#primaryimage\",\"url\":\"https:\/\/grossklein-immobilien.de\/de\/wp-content\/uploads\/2024\/10\/02-scaled.jpg\",\"contentUrl\":\"https:\/\/grossklein-immobilien.de\/de\/wp-content\/uploads\/2024\/10\/02-scaled.jpg\",\"width\":2560,\"height\":1920},{\"@type\":\"BreadcrumbList\",\"@id\":\"https:\/\/grossklein-immobilien.de\/de\/produkt\/grundstueck-fuer-ihr-neues-haus-in-altglienicke-gross-klein-immobilien\/#breadcrumb\",\"itemListElement\":[{\"@type\":\"ListItem\",\"position\":1,\"name\":\"Home\",\"item\":\"https:\/\/grossklein-immobilien.de\/de\/\"},{\"@type\":\"ListItem\",\"position\":2,\"name\":\"Immobilienangebote\",\"item\":\"https:\/\/grossklein-immobilien.de\/de\/immobilien-berlin\/\"},{\"@type\":\"ListItem\",\"position\":3,\"name\":\"GRUNDST\u00dcCK F\u00dcR IHR NEUES HAUS IN ALTGLIENICKE\"}]},{\"@type\":\"WebSite\",\"@id\":\"https:\/\/grossklein-immobilien.de\/de\/#website\",\"url\":\"https:\/\/grossklein-immobilien.de\/de\/\",\"name\":\"\",\"description\":\"\",\"potentialAction\":[{\"@type\":\"SearchAction\",\"target\":{\"@type\":\"EntryPoint\",\"urlTemplate\":\"https:\/\/grossklein-immobilien.de\/de\/?s={search_term_string}\"},\"query-input\":{\"@type\":\"PropertyValueSpecification\",\"valueRequired\":true,\"valueName\":\"search_term_string\"}}],\"inLanguage\":\"de\"}]}<\/script>\n<!-- \/ Yoast SEO plugin. -->","yoast_head_json":{"title":"GRUNDST\u00dcCK F\u00dcR IHR NEUES HAUS IN ALTGLIENICKE -","robots":{"index":"index","follow":"follow","max-snippet":"max-snippet:-1","max-image-preview":"max-image-preview:large","max-video-preview":"max-video-preview:-1"},"canonical":"https:\/\/grossklein-immobilien.de\/de\/produkt\/grundstueck-fuer-ihr-neues-haus-in-altglienicke-gross-klein-immobilien\/","og_locale":"de_DE","og_type":"article","og_title":"GRUNDST\u00dcCK F\u00dcR IHR NEUES HAUS IN ALTGLIENICKE -","og_description":"Das angebotene Grundst\u00fcck in Altglienicke (Treptow-K\u00f6penick) hat eine Fl\u00e4che von 1064 m\u00b2 (18&#215;59) und ist eingegliedert zwischen Nachbargrundst\u00fccken. Grundst\u00fccke in dieser Gr\u00f6\u00dfe gibt es selten, deshalb kann auch eine Teilung \u00fcberlegt werden. Vorn befindet sich eine Garage und ein Carport. Am hinteren Ende des Grundst\u00fccks steht ein altes Haus, welches seit 10 Jahren nicht mehr &hellip; GRUNDST\u00dcCK F\u00dcR IHR NEUES HAUS IN ALTGLIENICKE weiterlesen &rarr;","og_url":"https:\/\/grossklein-immobilien.de\/de\/produkt\/grundstueck-fuer-ihr-neues-haus-in-altglienicke-gross-klein-immobilien\/","article_publisher":"https:\/\/www.facebook.com\/TOMIC-IMMOBILIEN-110945718988806\/","article_modified_time":"2024-10-15T08:53:04+00:00","og_image":[{"width":2560,"height":1920,"url":"https:\/\/grossklein-immobilien.de\/de\/wp-content\/uploads\/2024\/10\/02-scaled.jpg","type":"image\/jpeg"}],"twitter_card":"summary_large_image","twitter_site":"@draz_tomic","twitter_misc":{"Gesch\u00e4tzte Lesezeit":"2\u00a0Minuten"},"schema":{"@context":"https:\/\/schema.org","@graph":[{"@type":"WebPage","@id":"https:\/\/grossklein-immobilien.de\/de\/produkt\/grundstueck-fuer-ihr-neues-haus-in-altglienicke-gross-klein-immobilien\/","url":"https:\/\/grossklein-immobilien.de\/de\/produkt\/grundstueck-fuer-ihr-neues-haus-in-altglienicke-gross-klein-immobilien\/","name":"GRUNDST\u00dcCK F\u00dcR IHR NEUES HAUS IN ALTGLIENICKE -","isPartOf":{"@id":"https:\/\/grossklein-immobilien.de\/de\/#website"},"primaryImageOfPage":{"@id":"https:\/\/grossklein-immobilien.de\/de\/produkt\/grundstueck-fuer-ihr-neues-haus-in-altglienicke-gross-klein-immobilien\/#primaryimage"},"image":{"@id":"https:\/\/grossklein-immobilien.de\/de\/produkt\/grundstueck-fuer-ihr-neues-haus-in-altglienicke-gross-klein-immobilien\/#primaryimage"},"thumbnailUrl":"https:\/\/grossklein-immobilien.de\/de\/wp-content\/uploads\/2024\/10\/02-scaled.jpg","datePublished":"2024-10-15T08:47:00+00:00","dateModified":"2024-10-15T08:53:04+00:00","breadcrumb":{"@id":"https:\/\/grossklein-immobilien.de\/de\/produkt\/grundstueck-fuer-ihr-neues-haus-in-altglienicke-gross-klein-immobilien\/#breadcrumb"},"inLanguage":"de","potentialAction":[{"@type":"ReadAction","target":["https:\/\/grossklein-immobilien.de\/de\/produkt\/grundstueck-fuer-ihr-neues-haus-in-altglienicke-gross-klein-immobilien\/"]}]},{"@type":"ImageObject","inLanguage":"de","@id":"https:\/\/grossklein-immobilien.de\/de\/produkt\/grundstueck-fuer-ihr-neues-haus-in-altglienicke-gross-klein-immobilien\/#primaryimage","url":"https:\/\/grossklein-immobilien.de\/de\/wp-content\/uploads\/2024\/10\/02-scaled.jpg","contentUrl":"https:\/\/grossklein-immobilien.de\/de\/wp-content\/uploads\/2024\/10\/02-scaled.jpg","width":2560,"height":1920},{"@type":"BreadcrumbList","@id":"https:\/\/grossklein-immobilien.de\/de\/produkt\/grundstueck-fuer-ihr-neues-haus-in-altglienicke-gross-klein-immobilien\/#breadcrumb","itemListElement":[{"@type":"ListItem","position":1,"name":"Home","item":"https:\/\/grossklein-immobilien.de\/de\/"},{"@type":"ListItem","position":2,"name":"Immobilienangebote","item":"https:\/\/grossklein-immobilien.de\/de\/immobilien-berlin\/"},{"@type":"ListItem","position":3,"name":"GRUNDST\u00dcCK F\u00dcR IHR NEUES HAUS IN ALTGLIENICKE"}]},{"@type":"WebSite","@id":"https:\/\/grossklein-immobilien.de\/de\/#website","url":"https:\/\/grossklein-immobilien.de\/de\/","name":"","description":"","potentialAction":[{"@type":"SearchAction","target":{"@type":"EntryPoint","urlTemplate":"https:\/\/grossklein-immobilien.de\/de\/?s={search_term_string}"},"query-input":{"@type":"PropertyValueSpecification","valueRequired":true,"valueName":"search_term_string"}}],"inLanguage":"de"}]}},"uagb_featured_image_src":{"full":["https:\/\/grossklein-immobilien.de\/de\/wp-content\/uploads\/2024\/10\/02-scaled.jpg",2560,1920,false],"thumbnail":["https:\/\/grossklein-immobilien.de\/de\/wp-content\/uploads\/2024\/10\/02-150x150.jpg",150,150,true],"medium":["https:\/\/grossklein-immobilien.de\/de\/wp-content\/uploads\/2024\/10\/02-300x225.jpg",300,225,true],"medium_large":["https:\/\/grossklein-immobilien.de\/de\/wp-content\/uploads\/2024\/10\/02-scaled.jpg",2560,1920,false],"large":["https:\/\/grossklein-immobilien.de\/de\/wp-content\/uploads\/2024\/10\/02-1024x768.jpg",604,453,true],"1536x1536":["https:\/\/grossklein-immobilien.de\/de\/wp-content\/uploads\/2024\/10\/02-1536x1152.jpg",1536,1152,true],"2048x2048":["https:\/\/grossklein-immobilien.de\/de\/wp-content\/uploads\/2024\/10\/02-2048x1536.jpg",2048,1536,true],"post-thumbnail":["https:\/\/grossklein-immobilien.de\/de\/wp-content\/uploads\/2024\/10\/02-604x270.jpg",604,270,true],"woocommerce_thumbnail":["https:\/\/grossklein-immobilien.de\/de\/wp-content\/uploads\/2024\/10\/02-300x300.jpg",300,300,true],"woocommerce_single":["https:\/\/grossklein-immobilien.de\/de\/wp-content\/uploads\/2024\/10\/02-1200x900.jpg",1200,900,true],"woocommerce_gallery_thumbnail":["https:\/\/grossklein-immobilien.de\/de\/wp-content\/uploads\/2024\/10\/02-100x100.jpg",100,100,true]},"uagb_author_info":{"display_name":"Drazan Tomic","author_link":"https:\/\/grossklein-immobilien.de\/de\/author\/"},"uagb_comment_info":0,"uagb_excerpt":"Das angebotene Grundst\u00fcck in Altglienicke (Treptow-K\u00f6penick) hat eine Fl\u00e4che von 1064 m\u00b2 (18&#215;59) und ist eingegliedert zwischen Nachbargrundst\u00fccken. Grundst\u00fccke in dieser Gr\u00f6\u00dfe gibt es selten, deshalb kann auch eine Teilung \u00fcberlegt werden. Vorn befindet sich eine Garage und ein Carport. Am hinteren Ende des Grundst\u00fccks steht ein altes Haus, welches seit 10 Jahren nicht mehr&hellip;","_links":{"self":[{"href":"https:\/\/grossklein-immobilien.de\/de\/wp-json\/wp\/v2\/product\/30157","targetHints":{"allow":["GET"]}}],"collection":[{"href":"https:\/\/grossklein-immobilien.de\/de\/wp-json\/wp\/v2\/product"}],"about":[{"href":"https:\/\/grossklein-immobilien.de\/de\/wp-json\/wp\/v2\/types\/product"}],"wp:featuredmedia":[{"embeddable":true,"href":"https:\/\/grossklein-immobilien.de\/de\/wp-json\/wp\/v2\/media\/30158"}],"wp:attachment":[{"href":"https:\/\/grossklein-immobilien.de\/de\/wp-json\/wp\/v2\/media?parent=30157"}],"wp:term":[{"taxonomy":"product_cat","embeddable":true,"href":"https:\/\/grossklein-immobilien.de\/de\/wp-json\/wp\/v2\/product_cat?post=30157"},{"taxonomy":"product_tag","embeddable":true,"href":"https:\/\/grossklein-immobilien.de\/de\/wp-json\/wp\/v2\/product_tag?post=30157"}],"curies":[{"name":"wp","href":"https:\/\/api.w.org\/{rel}","templated":true}]}}