{"id":30167,"date":"2024-10-15T11:07:34","date_gmt":"2024-10-15T09:07:34","guid":{"rendered":"https:\/\/grossklein-immobilien.de\/de\/?post_type=product&#038;p=30167"},"modified":"2024-12-29T17:07:28","modified_gmt":"2024-12-29T16:07:28","slug":"grundstueck-mit-potenzial-johannisthal","status":"publish","type":"product","link":"https:\/\/grossklein-immobilien.de\/de\/produkt\/grundstueck-mit-potenzial-johannisthal\/","title":{"rendered":"WOHNGRUNDST\u00dcCK MIT VIEL POTENZIAL IN JOHANNISTHAL"},"content":{"rendered":"<p>Bei diesem Grundst\u00fcck handelt es sich um ein Wohngrundst\u00fcck mit ca. 800 m\u00b2 Fl\u00e4che, welches mit einem Bestandshaus (Baujahr 1930) bebaut ist. Das Haus ist sehr lange bewohnt gewesen und bietet um die 80 m\u00b2 Wohnfl\u00e4che. Es kann modernisiert und aufgestockt werden oder abgerissen und komplett neu bebaut werden. Die M\u00f6glichkeit neu zu bauen und die Wohnfl\u00e4che zu vergr\u00f6\u00dfern ist hier gegeben und an der Nachbarschaftbebauung gut zu erkennen.<\/p>\n<p><strong>Lage<\/strong><\/p>\n<p>Das Grundst\u00fcck befindet sich etwa 800 m von der Stadtautobahn Ausfahrt Johannisthal entfernt und ist in einer Anliegerstrasse ruhig gelegen. Zahlreiche Einkaufsm\u00f6glichkeiten wie Lidl oder Aldi befinden sich in unmittelbarer Umgebung.<\/p>\n","protected":false},"excerpt":{"rendered":"<p>Bei diesem Grundst\u00fcck handelt es sich um ein Wohngrundst\u00fcck mit ca. 800 m\u00b2 Fl\u00e4che, welches mit einem Bestandshaus (Baujahr 1930) bebaut ist. Das Haus ist sehr lange bewohnt gewesen und bietet um die 80 m\u00b2 Wohnfl\u00e4che. Es kann modernisiert und aufgestockt werden oder abgerissen und komplett neu bebaut werden. Die M\u00f6glichkeit neu zu bauen und &hellip; <a href=\"https:\/\/grossklein-immobilien.de\/de\/produkt\/grundstueck-mit-potenzial-johannisthal\/\" class=\"more-link\"><span class=\"screen-reader-text\">WOHNGRUNDST\u00dcCK MIT VIEL POTENZIAL IN JOHANNISTHAL<\/span> weiterlesen <span class=\"meta-nav\">&rarr;<\/span><\/a><\/p>\n","protected":false},"featured_media":25651,"template":"","meta":{"_uag_custom_page_level_css":"","ngg_post_thumbnail":0},"product_cat":[721,294],"product_tag":[],"class_list":{"0":"post-30167","1":"product","2":"type-product","3":"status-publish","4":"has-post-thumbnail","6":"product_cat-berlin-johannisthal","7":"product_cat-grundstuecke","8":"pa_adresse-12487-berlin","9":"pa_courtage-357-vom-beurk-kaufpreis-2","10":"pa_grundstuecksflaeche-722","11":"pa_standort-berlin-johannisthal","13":"first","14":"instock","15":"shipping-taxable","16":"purchasable","17":"product-type-simple"},"yoast_head":"<!-- This site is optimized with the Yoast SEO plugin v26.8 - https:\/\/yoast.com\/product\/yoast-seo-wordpress\/ -->\n<title>Grundst\u00fcck mit viel Potenzial in Johannisthal - Gross &amp; Klein<\/title>\n<meta name=\"description\" content=\"Grundst\u00fcck mit viel Potenzial in Johannisthal. Sie suchen ein gro\u00dfes Grundst\u00fcck um sich den Traum von einem neuen Haus zu verwirklichen? Schauen Sie bei uns!\" \/>\n<meta name=\"robots\" content=\"index, follow, max-snippet:-1, max-image-preview:large, max-video-preview:-1\" \/>\n<link rel=\"canonical\" href=\"https:\/\/grossklein-immobilien.de\/de\/produkt\/grundstueck-mit-potenzial-johannisthal\/\" \/>\n<meta property=\"og:locale\" content=\"de_DE\" \/>\n<meta property=\"og:type\" content=\"article\" \/>\n<meta property=\"og:title\" content=\"Grundst\u00fcck mit viel Potenzial in Johannisthal - Gross &amp; Klein\" \/>\n<meta property=\"og:description\" content=\"Grundst\u00fcck mit viel Potenzial in Johannisthal. Sie suchen ein gro\u00dfes Grundst\u00fcck um sich den Traum von einem neuen Haus zu verwirklichen? Schauen Sie bei uns!\" \/>\n<meta property=\"og:url\" content=\"https:\/\/grossklein-immobilien.de\/de\/produkt\/grundstueck-mit-potenzial-johannisthal\/\" \/>\n<meta property=\"article:publisher\" content=\"https:\/\/www.facebook.com\/TOMIC-IMMOBILIEN-110945718988806\/\" \/>\n<meta property=\"article:modified_time\" content=\"2024-12-29T16:07:28+00:00\" \/>\n<meta property=\"og:image\" content=\"https:\/\/grossklein-immobilien.de\/de\/wp-content\/uploads\/2022\/09\/IMG_5638-1024x683.jpg\" \/>\n\t<meta property=\"og:image:width\" content=\"1024\" \/>\n\t<meta property=\"og:image:height\" content=\"683\" \/>\n\t<meta property=\"og:image:type\" content=\"image\/jpeg\" \/>\n<meta name=\"twitter:card\" content=\"summary_large_image\" \/>\n<meta name=\"twitter:site\" content=\"@draz_tomic\" \/>\n<meta name=\"twitter:label1\" content=\"Gesch\u00e4tzte Lesezeit\" \/>\n\t<meta name=\"twitter:data1\" content=\"1\u00a0Minute\" \/>\n<script type=\"application\/ld+json\" class=\"yoast-schema-graph\">{\"@context\":\"https:\/\/schema.org\",\"@graph\":[{\"@type\":\"WebPage\",\"@id\":\"https:\/\/grossklein-immobilien.de\/de\/produkt\/grundstueck-mit-potenzial-johannisthal\/\",\"url\":\"https:\/\/grossklein-immobilien.de\/de\/produkt\/grundstueck-mit-potenzial-johannisthal\/\",\"name\":\"Grundst\u00fcck mit viel Potenzial in Johannisthal - Gross & Klein\",\"isPartOf\":{\"@id\":\"https:\/\/grossklein-immobilien.de\/de\/#website\"},\"primaryImageOfPage\":{\"@id\":\"https:\/\/grossklein-immobilien.de\/de\/produkt\/grundstueck-mit-potenzial-johannisthal\/#primaryimage\"},\"image\":{\"@id\":\"https:\/\/grossklein-immobilien.de\/de\/produkt\/grundstueck-mit-potenzial-johannisthal\/#primaryimage\"},\"thumbnailUrl\":\"https:\/\/grossklein-immobilien.de\/de\/wp-content\/uploads\/2022\/09\/IMG_5638.jpg\",\"datePublished\":\"2024-10-15T09:07:34+00:00\",\"dateModified\":\"2024-12-29T16:07:28+00:00\",\"description\":\"Grundst\u00fcck mit viel Potenzial in Johannisthal. Sie suchen ein gro\u00dfes Grundst\u00fcck um sich den Traum von einem neuen Haus zu verwirklichen? Schauen Sie bei uns!\",\"breadcrumb\":{\"@id\":\"https:\/\/grossklein-immobilien.de\/de\/produkt\/grundstueck-mit-potenzial-johannisthal\/#breadcrumb\"},\"inLanguage\":\"de\",\"potentialAction\":[{\"@type\":\"ReadAction\",\"target\":[\"https:\/\/grossklein-immobilien.de\/de\/produkt\/grundstueck-mit-potenzial-johannisthal\/\"]}]},{\"@type\":\"ImageObject\",\"inLanguage\":\"de\",\"@id\":\"https:\/\/grossklein-immobilien.de\/de\/produkt\/grundstueck-mit-potenzial-johannisthal\/#primaryimage\",\"url\":\"https:\/\/grossklein-immobilien.de\/de\/wp-content\/uploads\/2022\/09\/IMG_5638.jpg\",\"contentUrl\":\"https:\/\/grossklein-immobilien.de\/de\/wp-content\/uploads\/2022\/09\/IMG_5638.jpg\",\"width\":1773,\"height\":1182},{\"@type\":\"BreadcrumbList\",\"@id\":\"https:\/\/grossklein-immobilien.de\/de\/produkt\/grundstueck-mit-potenzial-johannisthal\/#breadcrumb\",\"itemListElement\":[{\"@type\":\"ListItem\",\"position\":1,\"name\":\"Home\",\"item\":\"https:\/\/grossklein-immobilien.de\/de\/\"},{\"@type\":\"ListItem\",\"position\":2,\"name\":\"Immobilienangebote\",\"item\":\"https:\/\/grossklein-immobilien.de\/de\/immobilien-berlin\/\"},{\"@type\":\"ListItem\",\"position\":3,\"name\":\"WOHNGRUNDST\u00dcCK MIT VIEL POTENZIAL IN JOHANNISTHAL\"}]},{\"@type\":\"WebSite\",\"@id\":\"https:\/\/grossklein-immobilien.de\/de\/#website\",\"url\":\"https:\/\/grossklein-immobilien.de\/de\/\",\"name\":\"\",\"description\":\"\",\"potentialAction\":[{\"@type\":\"SearchAction\",\"target\":{\"@type\":\"EntryPoint\",\"urlTemplate\":\"https:\/\/grossklein-immobilien.de\/de\/?s={search_term_string}\"},\"query-input\":{\"@type\":\"PropertyValueSpecification\",\"valueRequired\":true,\"valueName\":\"search_term_string\"}}],\"inLanguage\":\"de\"}]}<\/script>\n<!-- \/ Yoast SEO plugin. -->","yoast_head_json":{"title":"Grundst\u00fcck mit viel Potenzial in Johannisthal - Gross & Klein","description":"Grundst\u00fcck mit viel Potenzial in Johannisthal. Sie suchen ein gro\u00dfes Grundst\u00fcck um sich den Traum von einem neuen Haus zu verwirklichen? Schauen Sie bei uns!","robots":{"index":"index","follow":"follow","max-snippet":"max-snippet:-1","max-image-preview":"max-image-preview:large","max-video-preview":"max-video-preview:-1"},"canonical":"https:\/\/grossklein-immobilien.de\/de\/produkt\/grundstueck-mit-potenzial-johannisthal\/","og_locale":"de_DE","og_type":"article","og_title":"Grundst\u00fcck mit viel Potenzial in Johannisthal - Gross & Klein","og_description":"Grundst\u00fcck mit viel Potenzial in Johannisthal. Sie suchen ein gro\u00dfes Grundst\u00fcck um sich den Traum von einem neuen Haus zu verwirklichen? Schauen Sie bei uns!","og_url":"https:\/\/grossklein-immobilien.de\/de\/produkt\/grundstueck-mit-potenzial-johannisthal\/","article_publisher":"https:\/\/www.facebook.com\/TOMIC-IMMOBILIEN-110945718988806\/","article_modified_time":"2024-12-29T16:07:28+00:00","og_image":[{"width":1024,"height":683,"url":"https:\/\/grossklein-immobilien.de\/de\/wp-content\/uploads\/2022\/09\/IMG_5638-1024x683.jpg","type":"image\/jpeg"}],"twitter_card":"summary_large_image","twitter_site":"@draz_tomic","twitter_misc":{"Gesch\u00e4tzte Lesezeit":"1\u00a0Minute"},"schema":{"@context":"https:\/\/schema.org","@graph":[{"@type":"WebPage","@id":"https:\/\/grossklein-immobilien.de\/de\/produkt\/grundstueck-mit-potenzial-johannisthal\/","url":"https:\/\/grossklein-immobilien.de\/de\/produkt\/grundstueck-mit-potenzial-johannisthal\/","name":"Grundst\u00fcck mit viel Potenzial in Johannisthal - Gross & Klein","isPartOf":{"@id":"https:\/\/grossklein-immobilien.de\/de\/#website"},"primaryImageOfPage":{"@id":"https:\/\/grossklein-immobilien.de\/de\/produkt\/grundstueck-mit-potenzial-johannisthal\/#primaryimage"},"image":{"@id":"https:\/\/grossklein-immobilien.de\/de\/produkt\/grundstueck-mit-potenzial-johannisthal\/#primaryimage"},"thumbnailUrl":"https:\/\/grossklein-immobilien.de\/de\/wp-content\/uploads\/2022\/09\/IMG_5638.jpg","datePublished":"2024-10-15T09:07:34+00:00","dateModified":"2024-12-29T16:07:28+00:00","description":"Grundst\u00fcck mit viel Potenzial in Johannisthal. Sie suchen ein gro\u00dfes Grundst\u00fcck um sich den Traum von einem neuen Haus zu verwirklichen? Schauen Sie bei uns!","breadcrumb":{"@id":"https:\/\/grossklein-immobilien.de\/de\/produkt\/grundstueck-mit-potenzial-johannisthal\/#breadcrumb"},"inLanguage":"de","potentialAction":[{"@type":"ReadAction","target":["https:\/\/grossklein-immobilien.de\/de\/produkt\/grundstueck-mit-potenzial-johannisthal\/"]}]},{"@type":"ImageObject","inLanguage":"de","@id":"https:\/\/grossklein-immobilien.de\/de\/produkt\/grundstueck-mit-potenzial-johannisthal\/#primaryimage","url":"https:\/\/grossklein-immobilien.de\/de\/wp-content\/uploads\/2022\/09\/IMG_5638.jpg","contentUrl":"https:\/\/grossklein-immobilien.de\/de\/wp-content\/uploads\/2022\/09\/IMG_5638.jpg","width":1773,"height":1182},{"@type":"BreadcrumbList","@id":"https:\/\/grossklein-immobilien.de\/de\/produkt\/grundstueck-mit-potenzial-johannisthal\/#breadcrumb","itemListElement":[{"@type":"ListItem","position":1,"name":"Home","item":"https:\/\/grossklein-immobilien.de\/de\/"},{"@type":"ListItem","position":2,"name":"Immobilienangebote","item":"https:\/\/grossklein-immobilien.de\/de\/immobilien-berlin\/"},{"@type":"ListItem","position":3,"name":"WOHNGRUNDST\u00dcCK MIT VIEL POTENZIAL IN JOHANNISTHAL"}]},{"@type":"WebSite","@id":"https:\/\/grossklein-immobilien.de\/de\/#website","url":"https:\/\/grossklein-immobilien.de\/de\/","name":"","description":"","potentialAction":[{"@type":"SearchAction","target":{"@type":"EntryPoint","urlTemplate":"https:\/\/grossklein-immobilien.de\/de\/?s={search_term_string}"},"query-input":{"@type":"PropertyValueSpecification","valueRequired":true,"valueName":"search_term_string"}}],"inLanguage":"de"}]}},"uagb_featured_image_src":{"full":["https:\/\/grossklein-immobilien.de\/de\/wp-content\/uploads\/2022\/09\/IMG_5638.jpg",1773,1182,false],"thumbnail":["https:\/\/grossklein-immobilien.de\/de\/wp-content\/uploads\/2022\/09\/IMG_5638-150x150.jpg",150,150,true],"medium":["https:\/\/grossklein-immobilien.de\/de\/wp-content\/uploads\/2022\/09\/IMG_5638-300x200.jpg",300,200,true],"medium_large":["https:\/\/grossklein-immobilien.de\/de\/wp-content\/uploads\/2022\/09\/IMG_5638.jpg",1773,1182,false],"large":["https:\/\/grossklein-immobilien.de\/de\/wp-content\/uploads\/2022\/09\/IMG_5638-1024x683.jpg",604,403,true],"1536x1536":["https:\/\/grossklein-immobilien.de\/de\/wp-content\/uploads\/2022\/09\/IMG_5638-1536x1024.jpg",1536,1024,true],"2048x2048":["https:\/\/grossklein-immobilien.de\/de\/wp-content\/uploads\/2022\/09\/IMG_5638.jpg",1773,1182,false],"post-thumbnail":["https:\/\/grossklein-immobilien.de\/de\/wp-content\/uploads\/2022\/09\/IMG_5638-604x270.jpg",604,270,true],"woocommerce_thumbnail":["https:\/\/grossklein-immobilien.de\/de\/wp-content\/uploads\/2022\/09\/IMG_5638-300x300.jpg",300,300,true],"woocommerce_single":["https:\/\/grossklein-immobilien.de\/de\/wp-content\/uploads\/2022\/09\/IMG_5638-1200x800.jpg",1200,800,true],"woocommerce_gallery_thumbnail":["https:\/\/grossklein-immobilien.de\/de\/wp-content\/uploads\/2022\/09\/IMG_5638-100x100.jpg",100,100,true]},"uagb_author_info":{"display_name":"Drazan Tomic","author_link":"https:\/\/grossklein-immobilien.de\/de\/author\/"},"uagb_comment_info":0,"uagb_excerpt":"Bei diesem Grundst\u00fcck handelt es sich um ein Wohngrundst\u00fcck mit ca. 800 m\u00b2 Fl\u00e4che, welches mit einem Bestandshaus (Baujahr 1930) bebaut ist. Das Haus ist sehr lange bewohnt gewesen und bietet um die 80 m\u00b2 Wohnfl\u00e4che. Es kann modernisiert und aufgestockt werden oder abgerissen und komplett neu bebaut werden. Die M\u00f6glichkeit neu zu bauen und&hellip;","_links":{"self":[{"href":"https:\/\/grossklein-immobilien.de\/de\/wp-json\/wp\/v2\/product\/30167","targetHints":{"allow":["GET"]}}],"collection":[{"href":"https:\/\/grossklein-immobilien.de\/de\/wp-json\/wp\/v2\/product"}],"about":[{"href":"https:\/\/grossklein-immobilien.de\/de\/wp-json\/wp\/v2\/types\/product"}],"wp:featuredmedia":[{"embeddable":true,"href":"https:\/\/grossklein-immobilien.de\/de\/wp-json\/wp\/v2\/media\/25651"}],"wp:attachment":[{"href":"https:\/\/grossklein-immobilien.de\/de\/wp-json\/wp\/v2\/media?parent=30167"}],"wp:term":[{"taxonomy":"product_cat","embeddable":true,"href":"https:\/\/grossklein-immobilien.de\/de\/wp-json\/wp\/v2\/product_cat?post=30167"},{"taxonomy":"product_tag","embeddable":true,"href":"https:\/\/grossklein-immobilien.de\/de\/wp-json\/wp\/v2\/product_tag?post=30167"}],"curies":[{"name":"wp","href":"https:\/\/api.w.org\/{rel}","templated":true}]}}