{"id":30906,"date":"2025-05-04T16:42:40","date_gmt":"2025-05-04T14:42:40","guid":{"rendered":"https:\/\/grossklein-immobilien.de\/de\/?post_type=product&#038;p=30906"},"modified":"2026-02-06T09:47:06","modified_gmt":"2026-02-06T08:47:06","slug":"frei-werden-altbauwohnung-in-bestlage-von-berlin-friedrichshain","status":"publish","type":"product","link":"https:\/\/grossklein-immobilien.de\/de\/produkt\/frei-werden-altbauwohnung-in-bestlage-von-berlin-friedrichshain\/","title":{"rendered":"CHARMANTE ALTBAUWOHNUNG IN BESTLAGE VON FRIEDRICHSHAIN"},"content":{"rendered":"<p style=\"text-align: justify;\">Es handelt sich bei diesem Geb\u00e4ude um einen klassischen Altbau, dass im Jahr 1900 erbaut wurde und in 2010 umfangreich saniert wurde. Die Wohnung befindet sich im hellen 2.OG und bietet eine Wohnfl\u00e4che von 65 Quadratmetern, die sich auf 2 Zimmer verteilen, ein Bad mit Dusche, separate K\u00fcche mit Einbauk\u00fcche und die Diele. Die Wohnung sowie das Geb\u00e4ude wurde 2010 aufwendig saniert. Im Rahmen der Sanierung wurden in der Wohnung neue Fenster verbaut.&nbsp; Der sch\u00f6ne Dielenboden und die hohen Decken unterstreichen den zeitlosen Altbauflair dieser hochwertigen Immobilie.<\/p>\n<h3>Lage:<\/h3>\n<p style=\"text-align: justify;\">Die angebotene Wohnung befindet sich im Herzen von Berlin-Friedrichshain, einem der lebendigsten und begehrtesten Stadtteile der Hauptstadt. Diese ruhige Anliegerstra\u00dfe mit einer H\u00f6chstgeschwindigkeit von 30 km\/h liegt eingebettet zwischen der pulsierenden Simon-Dach-Stra\u00dfe und der Revaler Stra\u00dfe, nur wenige Gehminuten vom S- und U-Bahnhof Warschauer Stra\u00dfe entfernt.<\/p>\n<p style=\"text-align: justify;\">Die Verkehrsanbindung ist hervorragend: Der S- und U-Bahnhof Warschauer Stra\u00dfe ist nur etwa 280 Meter entfernt , von wo aus man schnell das Stadtzentrum und andere Bezirke erreicht. Zahlreiche Tram- und Buslinien erg\u00e4nzen das Angebot des \u00f6ffentlichen Nahverkehrs. In der n\u00e4heren Umgebung befinden sich zudem Superm\u00e4rkte, Apotheken, B\u00e4ckereien und weitere Einkaufsm\u00f6glichkeiten, die den t\u00e4glichen Bedarf abdecken.<\/p>\n<p>Vermittelt durch Gross &amp; Klein Immobilien, Ihrem <a href=\"https:\/\/grossklein-immobilien.de\/de\/immobilienmakler-berlin-friedrichshain\/\">Immobilienmakler in Berlin-Friedrichshain<\/a>.<\/p>\n","protected":false},"excerpt":{"rendered":"<p>Es handelt sich bei diesem Geb\u00e4ude um einen klassischen Altbau, dass im Jahr 1900 erbaut wurde und in 2010 umfangreich saniert wurde. Die Wohnung befindet sich im hellen 2.OG und bietet eine Wohnfl\u00e4che von 65 Quadratmetern, die sich auf 2 Zimmer verteilen, ein Bad mit Dusche, separate K\u00fcche mit Einbauk\u00fcche und die Diele. Die Wohnung &hellip; <a href=\"https:\/\/grossklein-immobilien.de\/de\/produkt\/frei-werden-altbauwohnung-in-bestlage-von-berlin-friedrichshain\/\" class=\"more-link\"><span class=\"screen-reader-text\">CHARMANTE ALTBAUWOHNUNG IN BESTLAGE VON FRIEDRICHSHAIN<\/span> weiterlesen <span class=\"meta-nav\">&rarr;<\/span><\/a><\/p>\n","protected":false},"featured_media":30907,"template":"","meta":{"_uag_custom_page_level_css":"","ngg_post_thumbnail":0},"product_cat":[24,93,420,415],"product_tag":[],"class_list":{"0":"post-30906","1":"product","2":"type-product","3":"status-publish","4":"has-post-thumbnail","6":"product_cat-eigentumswohnungen","7":"product_cat-friedrichshain-kreuzberg","8":"product_cat-40-70","9":"product_cat-415","10":"pa_adresse-10245-berlin","11":"pa_balkon-ja","12":"pa_befeuerung-gas","13":"pa_courtage-357-vom-beurk-kaufpreis-2","14":"pa_etage-2-og","15":"pa_heizungsart-zentralheizung","16":"pa_mieteinnahmen-1-80000e","17":"pa_objektzustand-saniert","18":"pa_standort-berlin-friedrichshain","19":"pa_wohnflaeche-928","20":"pa_zimmer-52","22":"first","23":"outofstock","24":"shipping-taxable","25":"purchasable","26":"product-type-simple"},"yoast_head":"<!-- This site is optimized with the Yoast SEO plugin v26.8 - https:\/\/yoast.com\/product\/yoast-seo-wordpress\/ -->\n<title>Frei werdende 2-Zi Altbauwohnungin Friedrichshain - Gross &amp; Klein<\/title>\n<meta name=\"description\" content=\"Frei werdende 2-Zi Altbauwohnungin Friedrichshain. Jetzt kaufen und Mieteinnahmen generieren. in Berlin In 2026 selber einziehen. Wir beraten Sie gerne!\" \/>\n<meta name=\"robots\" content=\"index, follow, max-snippet:-1, max-image-preview:large, max-video-preview:-1\" \/>\n<link rel=\"canonical\" href=\"https:\/\/grossklein-immobilien.de\/de\/produkt\/frei-werden-altbauwohnung-in-bestlage-von-berlin-friedrichshain\/\" \/>\n<meta property=\"og:locale\" content=\"de_DE\" \/>\n<meta property=\"og:type\" content=\"article\" \/>\n<meta property=\"og:title\" content=\"Frei werdende 2-Zi Altbauwohnungin Friedrichshain - Gross &amp; Klein\" \/>\n<meta property=\"og:description\" content=\"Frei werdende 2-Zi Altbauwohnungin Friedrichshain. Jetzt kaufen und Mieteinnahmen generieren. in Berlin In 2026 selber einziehen. Wir beraten Sie gerne!\" \/>\n<meta property=\"og:url\" content=\"https:\/\/grossklein-immobilien.de\/de\/produkt\/frei-werden-altbauwohnung-in-bestlage-von-berlin-friedrichshain\/\" \/>\n<meta property=\"article:publisher\" content=\"https:\/\/www.facebook.com\/TOMIC-IMMOBILIEN-110945718988806\/\" \/>\n<meta property=\"article:modified_time\" content=\"2026-02-06T08:47:06+00:00\" \/>\n<meta property=\"og:image\" content=\"https:\/\/grossklein-immobilien.de\/de\/wp-content\/uploads\/2025\/05\/Wohnzimmer-Ansicht-2.jpeg\" \/>\n\t<meta property=\"og:image:width\" content=\"1600\" \/>\n\t<meta property=\"og:image:height\" content=\"1035\" \/>\n\t<meta property=\"og:image:type\" content=\"image\/jpeg\" \/>\n<meta name=\"twitter:card\" content=\"summary_large_image\" \/>\n<meta name=\"twitter:site\" content=\"@draz_tomic\" \/>\n<meta name=\"twitter:label1\" content=\"Gesch\u00e4tzte Lesezeit\" \/>\n\t<meta name=\"twitter:data1\" content=\"2\u00a0Minuten\" \/>\n<script type=\"application\/ld+json\" class=\"yoast-schema-graph\">{\"@context\":\"https:\/\/schema.org\",\"@graph\":[{\"@type\":\"WebPage\",\"@id\":\"https:\/\/grossklein-immobilien.de\/de\/produkt\/frei-werden-altbauwohnung-in-bestlage-von-berlin-friedrichshain\/\",\"url\":\"https:\/\/grossklein-immobilien.de\/de\/produkt\/frei-werden-altbauwohnung-in-bestlage-von-berlin-friedrichshain\/\",\"name\":\"Frei werdende 2-Zi Altbauwohnungin Friedrichshain - Gross & Klein\",\"isPartOf\":{\"@id\":\"https:\/\/grossklein-immobilien.de\/de\/#website\"},\"primaryImageOfPage\":{\"@id\":\"https:\/\/grossklein-immobilien.de\/de\/produkt\/frei-werden-altbauwohnung-in-bestlage-von-berlin-friedrichshain\/#primaryimage\"},\"image\":{\"@id\":\"https:\/\/grossklein-immobilien.de\/de\/produkt\/frei-werden-altbauwohnung-in-bestlage-von-berlin-friedrichshain\/#primaryimage\"},\"thumbnailUrl\":\"https:\/\/grossklein-immobilien.de\/de\/wp-content\/uploads\/2025\/05\/Wohnzimmer-Ansicht-2.jpeg\",\"datePublished\":\"2025-05-04T14:42:40+00:00\",\"dateModified\":\"2026-02-06T08:47:06+00:00\",\"description\":\"Frei werdende 2-Zi Altbauwohnungin Friedrichshain. Jetzt kaufen und Mieteinnahmen generieren. in Berlin In 2026 selber einziehen. Wir beraten Sie gerne!\",\"breadcrumb\":{\"@id\":\"https:\/\/grossklein-immobilien.de\/de\/produkt\/frei-werden-altbauwohnung-in-bestlage-von-berlin-friedrichshain\/#breadcrumb\"},\"inLanguage\":\"de\",\"potentialAction\":[{\"@type\":\"ReadAction\",\"target\":[\"https:\/\/grossklein-immobilien.de\/de\/produkt\/frei-werden-altbauwohnung-in-bestlage-von-berlin-friedrichshain\/\"]}]},{\"@type\":\"ImageObject\",\"inLanguage\":\"de\",\"@id\":\"https:\/\/grossklein-immobilien.de\/de\/produkt\/frei-werden-altbauwohnung-in-bestlage-von-berlin-friedrichshain\/#primaryimage\",\"url\":\"https:\/\/grossklein-immobilien.de\/de\/wp-content\/uploads\/2025\/05\/Wohnzimmer-Ansicht-2.jpeg\",\"contentUrl\":\"https:\/\/grossklein-immobilien.de\/de\/wp-content\/uploads\/2025\/05\/Wohnzimmer-Ansicht-2.jpeg\",\"width\":1600,\"height\":1035,\"caption\":\"Charmante Altbauwohnung in Bestlage von Berlin-Friedrichshain verkauft durch Gross & Klein Immobilien\"},{\"@type\":\"BreadcrumbList\",\"@id\":\"https:\/\/grossklein-immobilien.de\/de\/produkt\/frei-werden-altbauwohnung-in-bestlage-von-berlin-friedrichshain\/#breadcrumb\",\"itemListElement\":[{\"@type\":\"ListItem\",\"position\":1,\"name\":\"Home\",\"item\":\"https:\/\/grossklein-immobilien.de\/de\/\"},{\"@type\":\"ListItem\",\"position\":2,\"name\":\"Immobilienangebote\",\"item\":\"https:\/\/grossklein-immobilien.de\/de\/immobilien-berlin\/\"},{\"@type\":\"ListItem\",\"position\":3,\"name\":\"CHARMANTE ALTBAUWOHNUNG IN BESTLAGE VON FRIEDRICHSHAIN\"}]},{\"@type\":\"WebSite\",\"@id\":\"https:\/\/grossklein-immobilien.de\/de\/#website\",\"url\":\"https:\/\/grossklein-immobilien.de\/de\/\",\"name\":\"\",\"description\":\"\",\"potentialAction\":[{\"@type\":\"SearchAction\",\"target\":{\"@type\":\"EntryPoint\",\"urlTemplate\":\"https:\/\/grossklein-immobilien.de\/de\/?s={search_term_string}\"},\"query-input\":{\"@type\":\"PropertyValueSpecification\",\"valueRequired\":true,\"valueName\":\"search_term_string\"}}],\"inLanguage\":\"de\"}]}<\/script>\n<!-- \/ Yoast SEO plugin. -->","yoast_head_json":{"title":"Frei werdende 2-Zi Altbauwohnungin Friedrichshain - Gross & Klein","description":"Frei werdende 2-Zi Altbauwohnungin Friedrichshain. Jetzt kaufen und Mieteinnahmen generieren. in Berlin In 2026 selber einziehen. Wir beraten Sie gerne!","robots":{"index":"index","follow":"follow","max-snippet":"max-snippet:-1","max-image-preview":"max-image-preview:large","max-video-preview":"max-video-preview:-1"},"canonical":"https:\/\/grossklein-immobilien.de\/de\/produkt\/frei-werden-altbauwohnung-in-bestlage-von-berlin-friedrichshain\/","og_locale":"de_DE","og_type":"article","og_title":"Frei werdende 2-Zi Altbauwohnungin Friedrichshain - Gross & Klein","og_description":"Frei werdende 2-Zi Altbauwohnungin Friedrichshain. Jetzt kaufen und Mieteinnahmen generieren. in Berlin In 2026 selber einziehen. Wir beraten Sie gerne!","og_url":"https:\/\/grossklein-immobilien.de\/de\/produkt\/frei-werden-altbauwohnung-in-bestlage-von-berlin-friedrichshain\/","article_publisher":"https:\/\/www.facebook.com\/TOMIC-IMMOBILIEN-110945718988806\/","article_modified_time":"2026-02-06T08:47:06+00:00","og_image":[{"width":1600,"height":1035,"url":"https:\/\/grossklein-immobilien.de\/de\/wp-content\/uploads\/2025\/05\/Wohnzimmer-Ansicht-2.jpeg","type":"image\/jpeg"}],"twitter_card":"summary_large_image","twitter_site":"@draz_tomic","twitter_misc":{"Gesch\u00e4tzte Lesezeit":"2\u00a0Minuten"},"schema":{"@context":"https:\/\/schema.org","@graph":[{"@type":"WebPage","@id":"https:\/\/grossklein-immobilien.de\/de\/produkt\/frei-werden-altbauwohnung-in-bestlage-von-berlin-friedrichshain\/","url":"https:\/\/grossklein-immobilien.de\/de\/produkt\/frei-werden-altbauwohnung-in-bestlage-von-berlin-friedrichshain\/","name":"Frei werdende 2-Zi Altbauwohnungin Friedrichshain - Gross & Klein","isPartOf":{"@id":"https:\/\/grossklein-immobilien.de\/de\/#website"},"primaryImageOfPage":{"@id":"https:\/\/grossklein-immobilien.de\/de\/produkt\/frei-werden-altbauwohnung-in-bestlage-von-berlin-friedrichshain\/#primaryimage"},"image":{"@id":"https:\/\/grossklein-immobilien.de\/de\/produkt\/frei-werden-altbauwohnung-in-bestlage-von-berlin-friedrichshain\/#primaryimage"},"thumbnailUrl":"https:\/\/grossklein-immobilien.de\/de\/wp-content\/uploads\/2025\/05\/Wohnzimmer-Ansicht-2.jpeg","datePublished":"2025-05-04T14:42:40+00:00","dateModified":"2026-02-06T08:47:06+00:00","description":"Frei werdende 2-Zi Altbauwohnungin Friedrichshain. Jetzt kaufen und Mieteinnahmen generieren. in Berlin In 2026 selber einziehen. Wir beraten Sie gerne!","breadcrumb":{"@id":"https:\/\/grossklein-immobilien.de\/de\/produkt\/frei-werden-altbauwohnung-in-bestlage-von-berlin-friedrichshain\/#breadcrumb"},"inLanguage":"de","potentialAction":[{"@type":"ReadAction","target":["https:\/\/grossklein-immobilien.de\/de\/produkt\/frei-werden-altbauwohnung-in-bestlage-von-berlin-friedrichshain\/"]}]},{"@type":"ImageObject","inLanguage":"de","@id":"https:\/\/grossklein-immobilien.de\/de\/produkt\/frei-werden-altbauwohnung-in-bestlage-von-berlin-friedrichshain\/#primaryimage","url":"https:\/\/grossklein-immobilien.de\/de\/wp-content\/uploads\/2025\/05\/Wohnzimmer-Ansicht-2.jpeg","contentUrl":"https:\/\/grossklein-immobilien.de\/de\/wp-content\/uploads\/2025\/05\/Wohnzimmer-Ansicht-2.jpeg","width":1600,"height":1035,"caption":"Charmante Altbauwohnung in Bestlage von Berlin-Friedrichshain verkauft durch Gross & Klein Immobilien"},{"@type":"BreadcrumbList","@id":"https:\/\/grossklein-immobilien.de\/de\/produkt\/frei-werden-altbauwohnung-in-bestlage-von-berlin-friedrichshain\/#breadcrumb","itemListElement":[{"@type":"ListItem","position":1,"name":"Home","item":"https:\/\/grossklein-immobilien.de\/de\/"},{"@type":"ListItem","position":2,"name":"Immobilienangebote","item":"https:\/\/grossklein-immobilien.de\/de\/immobilien-berlin\/"},{"@type":"ListItem","position":3,"name":"CHARMANTE ALTBAUWOHNUNG IN BESTLAGE VON FRIEDRICHSHAIN"}]},{"@type":"WebSite","@id":"https:\/\/grossklein-immobilien.de\/de\/#website","url":"https:\/\/grossklein-immobilien.de\/de\/","name":"","description":"","potentialAction":[{"@type":"SearchAction","target":{"@type":"EntryPoint","urlTemplate":"https:\/\/grossklein-immobilien.de\/de\/?s={search_term_string}"},"query-input":{"@type":"PropertyValueSpecification","valueRequired":true,"valueName":"search_term_string"}}],"inLanguage":"de"}]}},"uagb_featured_image_src":{"full":["https:\/\/grossklein-immobilien.de\/de\/wp-content\/uploads\/2025\/05\/Wohnzimmer-Ansicht-2.jpeg",1600,1035,false],"thumbnail":["https:\/\/grossklein-immobilien.de\/de\/wp-content\/uploads\/2025\/05\/Wohnzimmer-Ansicht-2-150x150.jpeg",150,150,true],"medium":["https:\/\/grossklein-immobilien.de\/de\/wp-content\/uploads\/2025\/05\/Wohnzimmer-Ansicht-2-300x194.jpeg",300,194,true],"medium_large":["https:\/\/grossklein-immobilien.de\/de\/wp-content\/uploads\/2025\/05\/Wohnzimmer-Ansicht-2.jpeg",1600,1035,false],"large":["https:\/\/grossklein-immobilien.de\/de\/wp-content\/uploads\/2025\/05\/Wohnzimmer-Ansicht-2-1024x662.jpeg",604,390,true],"1536x1536":["https:\/\/grossklein-immobilien.de\/de\/wp-content\/uploads\/2025\/05\/Wohnzimmer-Ansicht-2-1536x994.jpeg",1536,994,true],"2048x2048":["https:\/\/grossklein-immobilien.de\/de\/wp-content\/uploads\/2025\/05\/Wohnzimmer-Ansicht-2.jpeg",1600,1035,false],"post-thumbnail":["https:\/\/grossklein-immobilien.de\/de\/wp-content\/uploads\/2025\/05\/Wohnzimmer-Ansicht-2-604x270.jpeg",604,270,true],"woocommerce_thumbnail":["https:\/\/grossklein-immobilien.de\/de\/wp-content\/uploads\/2025\/05\/Wohnzimmer-Ansicht-2-300x300.jpeg",300,300,true],"woocommerce_single":["https:\/\/grossklein-immobilien.de\/de\/wp-content\/uploads\/2025\/05\/Wohnzimmer-Ansicht-2-1200x776.jpeg",1200,776,true],"woocommerce_gallery_thumbnail":["https:\/\/grossklein-immobilien.de\/de\/wp-content\/uploads\/2025\/05\/Wohnzimmer-Ansicht-2-100x100.jpeg",100,100,true]},"uagb_author_info":{"display_name":"Drazan Tomic","author_link":"https:\/\/grossklein-immobilien.de\/de\/author\/"},"uagb_comment_info":0,"uagb_excerpt":"Es handelt sich bei diesem Geb\u00e4ude um einen klassischen Altbau, dass im Jahr 1900 erbaut wurde und in 2010 umfangreich saniert wurde. Die Wohnung befindet sich im hellen 2.OG und bietet eine Wohnfl\u00e4che von 65 Quadratmetern, die sich auf 2 Zimmer verteilen, ein Bad mit Dusche, separate K\u00fcche mit Einbauk\u00fcche und die Diele. Die Wohnung&hellip;","_links":{"self":[{"href":"https:\/\/grossklein-immobilien.de\/de\/wp-json\/wp\/v2\/product\/30906","targetHints":{"allow":["GET"]}}],"collection":[{"href":"https:\/\/grossklein-immobilien.de\/de\/wp-json\/wp\/v2\/product"}],"about":[{"href":"https:\/\/grossklein-immobilien.de\/de\/wp-json\/wp\/v2\/types\/product"}],"wp:featuredmedia":[{"embeddable":true,"href":"https:\/\/grossklein-immobilien.de\/de\/wp-json\/wp\/v2\/media\/30907"}],"wp:attachment":[{"href":"https:\/\/grossklein-immobilien.de\/de\/wp-json\/wp\/v2\/media?parent=30906"}],"wp:term":[{"taxonomy":"product_cat","embeddable":true,"href":"https:\/\/grossklein-immobilien.de\/de\/wp-json\/wp\/v2\/product_cat?post=30906"},{"taxonomy":"product_tag","embeddable":true,"href":"https:\/\/grossklein-immobilien.de\/de\/wp-json\/wp\/v2\/product_tag?post=30906"}],"curies":[{"name":"wp","href":"https:\/\/api.w.org\/{rel}","templated":true}]}}