{"id":31217,"date":"2025-11-24T23:04:02","date_gmt":"2025-11-24T22:04:02","guid":{"rendered":"https:\/\/grossklein-immobilien.de\/de\/?post_type=product&#038;p=31217"},"modified":"2026-03-29T13:30:46","modified_gmt":"2026-03-29T11:30:46","slug":"helle-4-zi-wohnung-im-3-og-mit-aufzug-in-friedenau","status":"publish","type":"product","link":"https:\/\/grossklein-immobilien.de\/de\/produkt\/helle-4-zi-wohnung-im-3-og-mit-aufzug-in-friedenau\/","title":{"rendered":"HELLE 4-ZI ALTBAUWOHNUNG IM 3.OG MIT AUFZUG &#038; BALKON IM HERZEN VON FRIEDENAU"},"content":{"rendered":"<p style=\"text-align: justify;\">In einer der exklusivsten Lagen Friedenau\u2019s, nur einen kurzen Spaziergang von der eleganten Schlo\u00dfstra\u00dfe und dem lebendigen Walther-Schreiber-Platz entfernt, pr\u00e4sentiert sich diese au\u00dfergew\u00f6hnliche Altbauwohnung in einer ruhigen, gr\u00fcnen Seitenstra\u00dfe. Das repr\u00e4sentative Vorderhaus aus der Jahrhundertwende wurde hochwertig saniert und \u00fcberzeugt mit einer stilvollen Ausstrahlung. Die im 3. Obergeschoss gelegene, lichtdurchflutete 4-Zimmer-Wohnung ist bequem per Aufzug erreichbar und vereint klassischen Altbaucharme mit zeitgem\u00e4\u00dfem Wohnkomfort. Edle Dielen- und Parkettb\u00f6den, historischer Stuck sowie eine elegante offene K\u00fcche mit hochwertiger Einbauk\u00fcche schaffen ein exquisites Ambiente. Zwei Balkone \u2013 darunter ein sonniger S\u00fcdwestbalkon \u2013 bieten Au\u00dfenfl\u00e4chen mit besonderem Wohlf\u00fchlfaktor. Das gro\u00dfz\u00fcgige Tageslichtbad mit Wanne und Dusche rundet das hochwertige Raumangebot ab. Erg\u00e4nzt wird die Wohnung durch ein Kellerabteil sowie eine separate, ca. 20 m\u00b2 gro\u00dfe Lagerfl\u00e4che im Erdgeschoss, die optional zus\u00e4tzlich erworben werden kann.<\/p>\n<p>Ein Immobilienangebot von Gross &amp; Klein Immobilien, Ihrem <a href=\"https:\/\/grossklein-immobilien.de\/de\/immobilienmakler-berlin-steglitz\/\">Immobilienmakler in Berlin-Steglitz<\/a>.<\/p>\n","protected":false},"excerpt":{"rendered":"<p>In einer der exklusivsten Lagen Friedenau\u2019s, nur einen kurzen Spaziergang von der eleganten Schlo\u00dfstra\u00dfe und dem lebendigen Walther-Schreiber-Platz entfernt, pr\u00e4sentiert sich diese au\u00dfergew\u00f6hnliche Altbauwohnung in einer ruhigen, gr\u00fcnen Seitenstra\u00dfe. Das repr\u00e4sentative Vorderhaus aus der Jahrhundertwende wurde hochwertig saniert und \u00fcberzeugt mit einer stilvollen Ausstrahlung. Die im 3. Obergeschoss gelegene, lichtdurchflutete 4-Zimmer-Wohnung ist bequem per Aufzug &hellip; <a href=\"https:\/\/grossklein-immobilien.de\/de\/produkt\/helle-4-zi-wohnung-im-3-og-mit-aufzug-in-friedenau\/\" class=\"more-link\"><span class=\"screen-reader-text\">HELLE 4-ZI ALTBAUWOHNUNG IM 3.OG MIT AUFZUG &#038; BALKON IM HERZEN VON FRIEDENAU<\/span> weiterlesen <span class=\"meta-nav\">&rarr;<\/span><\/a><\/p>\n","protected":false},"featured_media":31218,"template":"","meta":{"_uag_custom_page_level_css":"","ngg_post_thumbnail":0},"product_cat":[24,410,94,421,417],"product_tag":[],"class_list":{"0":"post-31217","1":"product","2":"type-product","3":"status-publish","4":"has-post-thumbnail","6":"product_cat-eigentumswohnungen","7":"product_cat-standort","8":"product_cat-steglitz-zehlendorf","9":"product_cat-70-110","10":"product_cat-417","11":"pa_adresse-12163-berlin","12":"pa_balkon-67","13":"pa_baujahr-247","14":"pa_courtage-357-vom-beurk-kaufpreis-2","15":"pa_etage-104","16":"pa_heizungsart-gas-etagenheizung","17":"pa_objektzustand-saniert","18":"pa_standort-berlin-steglitz","19":"pa_wohnflaeche-105-m","20":"pa_zimmer-276","22":"first","23":"outofstock","24":"shipping-taxable","25":"purchasable","26":"product-type-simple"},"yoast_head":"<!-- This site is optimized with the Yoast SEO plugin v26.8 - https:\/\/yoast.com\/product\/yoast-seo-wordpress\/ -->\n<title>Helle 4-Zi Wohnung mit Aufzug in Friedenau | Gross &amp; Klein Immo<\/title>\n<meta name=\"description\" content=\"Helle 4-Zi Wohnung mit Aufzug in Berlin-Friedenau. Charmanter Altbau, saniert, 3.OG, Dielen- und Parketboden, 2 Balkone und dass alles in ruhiger Seitenstra\u00dfe.\" \/>\n<meta name=\"robots\" content=\"index, follow, max-snippet:-1, max-image-preview:large, max-video-preview:-1\" \/>\n<link rel=\"canonical\" href=\"https:\/\/grossklein-immobilien.de\/de\/produkt\/helle-4-zi-wohnung-im-3-og-mit-aufzug-in-friedenau\/\" \/>\n<meta property=\"og:locale\" content=\"de_DE\" \/>\n<meta property=\"og:type\" content=\"article\" \/>\n<meta property=\"og:title\" content=\"Helle 4-Zi Wohnung mit Aufzug in Friedenau | Gross &amp; Klein Immo\" \/>\n<meta property=\"og:description\" content=\"Helle 4-Zi Wohnung mit Aufzug in Berlin-Friedenau. Charmanter Altbau, saniert, 3.OG, Dielen- und Parketboden, 2 Balkone und dass alles in ruhiger Seitenstra\u00dfe.\" \/>\n<meta property=\"og:url\" content=\"https:\/\/grossklein-immobilien.de\/de\/produkt\/helle-4-zi-wohnung-im-3-og-mit-aufzug-in-friedenau\/\" \/>\n<meta property=\"article:publisher\" content=\"https:\/\/www.facebook.com\/TOMIC-IMMOBILIEN-110945718988806\/\" \/>\n<meta property=\"article:modified_time\" content=\"2026-03-29T11:30:46+00:00\" \/>\n<meta property=\"og:image\" content=\"https:\/\/grossklein-immobilien.de\/de\/wp-content\/uploads\/2025\/11\/IMG_7494-scaled.jpg\" \/>\n\t<meta property=\"og:image:width\" content=\"1920\" \/>\n\t<meta property=\"og:image:height\" content=\"1280\" \/>\n\t<meta property=\"og:image:type\" content=\"image\/jpeg\" \/>\n<meta name=\"twitter:card\" content=\"summary_large_image\" \/>\n<meta name=\"twitter:site\" content=\"@draz_tomic\" \/>\n<meta name=\"twitter:label1\" content=\"Gesch\u00e4tzte Lesezeit\" \/>\n\t<meta name=\"twitter:data1\" content=\"1\u00a0Minute\" \/>\n<script type=\"application\/ld+json\" class=\"yoast-schema-graph\">{\"@context\":\"https:\/\/schema.org\",\"@graph\":[{\"@type\":\"WebPage\",\"@id\":\"https:\/\/grossklein-immobilien.de\/de\/produkt\/helle-4-zi-wohnung-im-3-og-mit-aufzug-in-friedenau\/\",\"url\":\"https:\/\/grossklein-immobilien.de\/de\/produkt\/helle-4-zi-wohnung-im-3-og-mit-aufzug-in-friedenau\/\",\"name\":\"Helle 4-Zi Wohnung mit Aufzug in Friedenau | Gross & Klein Immo\",\"isPartOf\":{\"@id\":\"https:\/\/grossklein-immobilien.de\/de\/#website\"},\"primaryImageOfPage\":{\"@id\":\"https:\/\/grossklein-immobilien.de\/de\/produkt\/helle-4-zi-wohnung-im-3-og-mit-aufzug-in-friedenau\/#primaryimage\"},\"image\":{\"@id\":\"https:\/\/grossklein-immobilien.de\/de\/produkt\/helle-4-zi-wohnung-im-3-og-mit-aufzug-in-friedenau\/#primaryimage\"},\"thumbnailUrl\":\"https:\/\/grossklein-immobilien.de\/de\/wp-content\/uploads\/2025\/11\/IMG_7494-scaled.jpg\",\"datePublished\":\"2025-11-24T22:04:02+00:00\",\"dateModified\":\"2026-03-29T11:30:46+00:00\",\"description\":\"Helle 4-Zi Wohnung mit Aufzug in Berlin-Friedenau. Charmanter Altbau, saniert, 3.OG, Dielen- und Parketboden, 2 Balkone und dass alles in ruhiger Seitenstra\u00dfe.\",\"breadcrumb\":{\"@id\":\"https:\/\/grossklein-immobilien.de\/de\/produkt\/helle-4-zi-wohnung-im-3-og-mit-aufzug-in-friedenau\/#breadcrumb\"},\"inLanguage\":\"de\",\"potentialAction\":[{\"@type\":\"ReadAction\",\"target\":[\"https:\/\/grossklein-immobilien.de\/de\/produkt\/helle-4-zi-wohnung-im-3-og-mit-aufzug-in-friedenau\/\"]}]},{\"@type\":\"ImageObject\",\"inLanguage\":\"de\",\"@id\":\"https:\/\/grossklein-immobilien.de\/de\/produkt\/helle-4-zi-wohnung-im-3-og-mit-aufzug-in-friedenau\/#primaryimage\",\"url\":\"https:\/\/grossklein-immobilien.de\/de\/wp-content\/uploads\/2025\/11\/IMG_7494-scaled.jpg\",\"contentUrl\":\"https:\/\/grossklein-immobilien.de\/de\/wp-content\/uploads\/2025\/11\/IMG_7494-scaled.jpg\",\"width\":1920,\"height\":1280},{\"@type\":\"BreadcrumbList\",\"@id\":\"https:\/\/grossklein-immobilien.de\/de\/produkt\/helle-4-zi-wohnung-im-3-og-mit-aufzug-in-friedenau\/#breadcrumb\",\"itemListElement\":[{\"@type\":\"ListItem\",\"position\":1,\"name\":\"Home\",\"item\":\"https:\/\/grossklein-immobilien.de\/de\/\"},{\"@type\":\"ListItem\",\"position\":2,\"name\":\"Immobilienangebote\",\"item\":\"https:\/\/grossklein-immobilien.de\/de\/immobilien-berlin\/\"},{\"@type\":\"ListItem\",\"position\":3,\"name\":\"HELLE 4-ZI ALTBAUWOHNUNG IM 3.OG MIT AUFZUG &#038; BALKON IM HERZEN VON FRIEDENAU\"}]},{\"@type\":\"WebSite\",\"@id\":\"https:\/\/grossklein-immobilien.de\/de\/#website\",\"url\":\"https:\/\/grossklein-immobilien.de\/de\/\",\"name\":\"\",\"description\":\"\",\"potentialAction\":[{\"@type\":\"SearchAction\",\"target\":{\"@type\":\"EntryPoint\",\"urlTemplate\":\"https:\/\/grossklein-immobilien.de\/de\/?s={search_term_string}\"},\"query-input\":{\"@type\":\"PropertyValueSpecification\",\"valueRequired\":true,\"valueName\":\"search_term_string\"}}],\"inLanguage\":\"de\"}]}<\/script>\n<!-- \/ Yoast SEO plugin. -->","yoast_head_json":{"title":"Helle 4-Zi Wohnung mit Aufzug in Friedenau | Gross & Klein Immo","description":"Helle 4-Zi Wohnung mit Aufzug in Berlin-Friedenau. Charmanter Altbau, saniert, 3.OG, Dielen- und Parketboden, 2 Balkone und dass alles in ruhiger Seitenstra\u00dfe.","robots":{"index":"index","follow":"follow","max-snippet":"max-snippet:-1","max-image-preview":"max-image-preview:large","max-video-preview":"max-video-preview:-1"},"canonical":"https:\/\/grossklein-immobilien.de\/de\/produkt\/helle-4-zi-wohnung-im-3-og-mit-aufzug-in-friedenau\/","og_locale":"de_DE","og_type":"article","og_title":"Helle 4-Zi Wohnung mit Aufzug in Friedenau | Gross & Klein Immo","og_description":"Helle 4-Zi Wohnung mit Aufzug in Berlin-Friedenau. Charmanter Altbau, saniert, 3.OG, Dielen- und Parketboden, 2 Balkone und dass alles in ruhiger Seitenstra\u00dfe.","og_url":"https:\/\/grossklein-immobilien.de\/de\/produkt\/helle-4-zi-wohnung-im-3-og-mit-aufzug-in-friedenau\/","article_publisher":"https:\/\/www.facebook.com\/TOMIC-IMMOBILIEN-110945718988806\/","article_modified_time":"2026-03-29T11:30:46+00:00","og_image":[{"width":1920,"height":1280,"url":"https:\/\/grossklein-immobilien.de\/de\/wp-content\/uploads\/2025\/11\/IMG_7494-scaled.jpg","type":"image\/jpeg"}],"twitter_card":"summary_large_image","twitter_site":"@draz_tomic","twitter_misc":{"Gesch\u00e4tzte Lesezeit":"1\u00a0Minute"},"schema":{"@context":"https:\/\/schema.org","@graph":[{"@type":"WebPage","@id":"https:\/\/grossklein-immobilien.de\/de\/produkt\/helle-4-zi-wohnung-im-3-og-mit-aufzug-in-friedenau\/","url":"https:\/\/grossklein-immobilien.de\/de\/produkt\/helle-4-zi-wohnung-im-3-og-mit-aufzug-in-friedenau\/","name":"Helle 4-Zi Wohnung mit Aufzug in Friedenau | Gross & Klein Immo","isPartOf":{"@id":"https:\/\/grossklein-immobilien.de\/de\/#website"},"primaryImageOfPage":{"@id":"https:\/\/grossklein-immobilien.de\/de\/produkt\/helle-4-zi-wohnung-im-3-og-mit-aufzug-in-friedenau\/#primaryimage"},"image":{"@id":"https:\/\/grossklein-immobilien.de\/de\/produkt\/helle-4-zi-wohnung-im-3-og-mit-aufzug-in-friedenau\/#primaryimage"},"thumbnailUrl":"https:\/\/grossklein-immobilien.de\/de\/wp-content\/uploads\/2025\/11\/IMG_7494-scaled.jpg","datePublished":"2025-11-24T22:04:02+00:00","dateModified":"2026-03-29T11:30:46+00:00","description":"Helle 4-Zi Wohnung mit Aufzug in Berlin-Friedenau. Charmanter Altbau, saniert, 3.OG, Dielen- und Parketboden, 2 Balkone und dass alles in ruhiger Seitenstra\u00dfe.","breadcrumb":{"@id":"https:\/\/grossklein-immobilien.de\/de\/produkt\/helle-4-zi-wohnung-im-3-og-mit-aufzug-in-friedenau\/#breadcrumb"},"inLanguage":"de","potentialAction":[{"@type":"ReadAction","target":["https:\/\/grossklein-immobilien.de\/de\/produkt\/helle-4-zi-wohnung-im-3-og-mit-aufzug-in-friedenau\/"]}]},{"@type":"ImageObject","inLanguage":"de","@id":"https:\/\/grossklein-immobilien.de\/de\/produkt\/helle-4-zi-wohnung-im-3-og-mit-aufzug-in-friedenau\/#primaryimage","url":"https:\/\/grossklein-immobilien.de\/de\/wp-content\/uploads\/2025\/11\/IMG_7494-scaled.jpg","contentUrl":"https:\/\/grossklein-immobilien.de\/de\/wp-content\/uploads\/2025\/11\/IMG_7494-scaled.jpg","width":1920,"height":1280},{"@type":"BreadcrumbList","@id":"https:\/\/grossklein-immobilien.de\/de\/produkt\/helle-4-zi-wohnung-im-3-og-mit-aufzug-in-friedenau\/#breadcrumb","itemListElement":[{"@type":"ListItem","position":1,"name":"Home","item":"https:\/\/grossklein-immobilien.de\/de\/"},{"@type":"ListItem","position":2,"name":"Immobilienangebote","item":"https:\/\/grossklein-immobilien.de\/de\/immobilien-berlin\/"},{"@type":"ListItem","position":3,"name":"HELLE 4-ZI ALTBAUWOHNUNG IM 3.OG MIT AUFZUG &#038; BALKON IM HERZEN VON FRIEDENAU"}]},{"@type":"WebSite","@id":"https:\/\/grossklein-immobilien.de\/de\/#website","url":"https:\/\/grossklein-immobilien.de\/de\/","name":"","description":"","potentialAction":[{"@type":"SearchAction","target":{"@type":"EntryPoint","urlTemplate":"https:\/\/grossklein-immobilien.de\/de\/?s={search_term_string}"},"query-input":{"@type":"PropertyValueSpecification","valueRequired":true,"valueName":"search_term_string"}}],"inLanguage":"de"}]}},"uagb_featured_image_src":{"full":["https:\/\/grossklein-immobilien.de\/de\/wp-content\/uploads\/2025\/11\/IMG_7494-scaled.jpg",1920,1280,false],"thumbnail":["https:\/\/grossklein-immobilien.de\/de\/wp-content\/uploads\/2025\/11\/IMG_7494-150x150.jpg",150,150,true],"medium":["https:\/\/grossklein-immobilien.de\/de\/wp-content\/uploads\/2025\/11\/IMG_7494-300x200.jpg",300,200,true],"medium_large":["https:\/\/grossklein-immobilien.de\/de\/wp-content\/uploads\/2025\/11\/IMG_7494-scaled.jpg",1920,1280,false],"large":["https:\/\/grossklein-immobilien.de\/de\/wp-content\/uploads\/2025\/11\/IMG_7494-1024x683.jpg",604,403,true],"1536x1536":["https:\/\/grossklein-immobilien.de\/de\/wp-content\/uploads\/2025\/11\/IMG_7494-1536x1024.jpg",1536,1024,true],"2048x2048":["https:\/\/grossklein-immobilien.de\/de\/wp-content\/uploads\/2025\/11\/IMG_7494-2048x1365.jpg",2048,1365,true],"post-thumbnail":["https:\/\/grossklein-immobilien.de\/de\/wp-content\/uploads\/2025\/11\/IMG_7494-604x270.jpg",604,270,true],"woocommerce_thumbnail":["https:\/\/grossklein-immobilien.de\/de\/wp-content\/uploads\/2025\/11\/IMG_7494-300x300.jpg",300,300,true],"woocommerce_single":["https:\/\/grossklein-immobilien.de\/de\/wp-content\/uploads\/2025\/11\/IMG_7494-1200x800.jpg",1200,800,true],"woocommerce_gallery_thumbnail":["https:\/\/grossklein-immobilien.de\/de\/wp-content\/uploads\/2025\/11\/IMG_7494-100x100.jpg",100,100,true]},"uagb_author_info":{"display_name":"Drazan Tomic","author_link":"https:\/\/grossklein-immobilien.de\/de\/author\/"},"uagb_comment_info":0,"uagb_excerpt":"In einer der exklusivsten Lagen Friedenau\u2019s, nur einen kurzen Spaziergang von der eleganten Schlo\u00dfstra\u00dfe und dem lebendigen Walther-Schreiber-Platz entfernt, pr\u00e4sentiert sich diese au\u00dfergew\u00f6hnliche Altbauwohnung in einer ruhigen, gr\u00fcnen Seitenstra\u00dfe. Das repr\u00e4sentative Vorderhaus aus der Jahrhundertwende wurde hochwertig saniert und \u00fcberzeugt mit einer stilvollen Ausstrahlung. Die im 3. Obergeschoss gelegene, lichtdurchflutete 4-Zimmer-Wohnung ist bequem per Aufzug&hellip;","_links":{"self":[{"href":"https:\/\/grossklein-immobilien.de\/de\/wp-json\/wp\/v2\/product\/31217","targetHints":{"allow":["GET"]}}],"collection":[{"href":"https:\/\/grossklein-immobilien.de\/de\/wp-json\/wp\/v2\/product"}],"about":[{"href":"https:\/\/grossklein-immobilien.de\/de\/wp-json\/wp\/v2\/types\/product"}],"wp:featuredmedia":[{"embeddable":true,"href":"https:\/\/grossklein-immobilien.de\/de\/wp-json\/wp\/v2\/media\/31218"}],"wp:attachment":[{"href":"https:\/\/grossklein-immobilien.de\/de\/wp-json\/wp\/v2\/media?parent=31217"}],"wp:term":[{"taxonomy":"product_cat","embeddable":true,"href":"https:\/\/grossklein-immobilien.de\/de\/wp-json\/wp\/v2\/product_cat?post=31217"},{"taxonomy":"product_tag","embeddable":true,"href":"https:\/\/grossklein-immobilien.de\/de\/wp-json\/wp\/v2\/product_tag?post=31217"}],"curies":[{"name":"wp","href":"https:\/\/api.w.org\/{rel}","templated":true}]}}