{"id":32270,"date":"2026-01-10T09:30:26","date_gmt":"2026-01-10T08:30:26","guid":{"rendered":"https:\/\/grossklein-immobilien.de\/de\/?post_type=product&#038;p=32270"},"modified":"2026-04-21T07:56:15","modified_gmt":"2026-04-21T05:56:15","slug":"top-sanierte-whg-mit-balkon-aufzug-tiefgarage-am-schillerpark","status":"publish","type":"product","link":"https:\/\/grossklein-immobilien.de\/de\/produkt\/top-sanierte-whg-mit-balkon-aufzug-tiefgarage-am-schillerpark\/","title":{"rendered":"TOP SANIERTE WOHNUNG MIT BALKON, AUFZUG &#038; TIEFGARAGE AM SCHILLERPARK!"},"content":{"rendered":"<p>Das Grundst\u00fcck wird im Rahmen eines Erbbaurechts genutzt, wodurch sich ein attraktiver Einstiegspreis in dieser gefragten Lage ergibt. Die Wohnung selbst steht im Volleigentum und ist bezugsfrei.<\/p>\n<p style=\"text-align: justify;\">Diese exklusiv sanierte 2-Zimmer-Wohnung im 5. Obergeschoss mit Aufzug befindet sich in einem gepflegten Mehrfamilienhaus in einer der begehrtesten Wohnlagen von Berlin-Wedding \u2013 direkt am Schillerpark. Die ruhige, gr\u00fcne Umgebung in Kombination mit der urbanen Anbindung macht diese Lage besonders attraktiv. Die Wohnung wurde im Jahr 2019 im Rahmen einer umfassenden Kernsanierung (ca. 60.000 \u20ac) f\u00fcr die Eigennutzung der Eigent\u00fcmer hochwertig ausgebaut und mit viel Liebe zum Detail gestaltet.<\/p>\n<p style=\"text-align: justify;\">Der durchdachte Grundriss, die hohen Decken und der gro\u00dfz\u00fcgige Wohnbereich schaffen ein helles, offenes Wohngef\u00fchl. Ein besonderes Highlight ist der gro\u00dfe S\u00fcdost-Balkon mit Blick ins Gr\u00fcne \u2013 ein idealer Ort f\u00fcr sonnige Morgenstunden und entspannte Abende. Hochwertige Isolierfenster, Feinputzw\u00e4nde, edle Steinb\u00f6den und eine stilvolle Designbeleuchtung unterstreichen den modernen Charakter der Wohnung.<\/p>\n<p style=\"text-align: justify;\">Das gro\u00dfz\u00fcgige Badezimmer \u00fcberzeugt mit einer ebenerdigen Dusche, hochwertigen Armaturen und einer gro\u00dfen Regendusche. Die offene K\u00fcche ist mit einer eleganten Einbauk\u00fcche ausgestattet und f\u00fcgt sich harmonisch in den Wohnbereich ein. Ein begehbarer, beleuchteter Kleiderschrank mit hochwertiger Innenausstattung bietet zus\u00e4tzlichen Komfort. Zur Wohnung geh\u00f6ren au\u00dferdem ein Keller, ein Gemeinschaftshof mit Fahrradstellpl\u00e4tzen sowie ein eigener Tiefgaragenstellplatz der 20.000\u20ac zus\u00e4tzlich kostet. Diese Wohnung verbindet Design, Qualit\u00e4t und Lage auf au\u00dfergew\u00f6hnliche Weise \u2013 ideal f\u00fcr Eigennutzer wie auch f\u00fcr anspruchsvolle K\u00e4ufer.<\/p>\n","protected":false},"excerpt":{"rendered":"<p>Das Grundst\u00fcck wird im Rahmen eines Erbbaurechts genutzt, wodurch sich ein attraktiver Einstiegspreis in dieser gefragten Lage ergibt. Die Wohnung selbst steht im Volleigentum und ist bezugsfrei. Diese exklusiv sanierte 2-Zimmer-Wohnung im 5. Obergeschoss mit Aufzug befindet sich in einem gepflegten Mehrfamilienhaus in einer der begehrtesten Wohnlagen von Berlin-Wedding \u2013 direkt am Schillerpark. Die ruhige, &hellip; <a href=\"https:\/\/grossklein-immobilien.de\/de\/produkt\/top-sanierte-whg-mit-balkon-aufzug-tiefgarage-am-schillerpark\/\" class=\"more-link\"><span class=\"screen-reader-text\">TOP SANIERTE WOHNUNG MIT BALKON, AUFZUG &#038; TIEFGARAGE AM SCHILLERPARK!<\/span> weiterlesen <span class=\"meta-nav\">&rarr;<\/span><\/a><\/p>\n","protected":false},"featured_media":32271,"template":"","meta":{"_uag_custom_page_level_css":"","ngg_post_thumbnail":0},"product_cat":[557,24],"product_tag":[],"class_list":{"0":"post-32270","1":"product","2":"type-product","3":"status-publish","4":"has-post-thumbnail","6":"product_cat-berlin-wedding","7":"product_cat-eigentumswohnungen","8":"pa_adresse-13349-berlin","9":"pa_balkon-vorhanden","10":"pa_befeuerung-gas","11":"pa_courtage-357-vom-beurk-kaufpreis-2","12":"pa_etage-281","13":"pa_heizungsart-zentralheizung","14":"pa_objektzustand-saniert","15":"pa_standort-berlin-wedding","16":"pa_wohnflaeche-939","17":"pa_zimmer-52","19":"first","20":"instock","21":"shipping-taxable","22":"purchasable","23":"product-type-simple"},"yoast_head":"<!-- This site is optimized with the Yoast SEO plugin v26.8 - https:\/\/yoast.com\/product\/yoast-seo-wordpress\/ -->\n<title>Top sanierte Wohnung mit Balkon, Aufzug &amp; TG-Platz am Schillerpark<\/title>\n<meta name=\"description\" content=\"Top sanierte Wohnung mit Balkon, Aufzug &amp; TG-Platz am Schillerpark in Wedding. Hochwertige Ausstattung, gro\u00dfz\u00fcgiger Grundriss mit Wohlf\u00fchlfaktor.\" \/>\n<meta name=\"robots\" content=\"index, follow, max-snippet:-1, max-image-preview:large, max-video-preview:-1\" \/>\n<link rel=\"canonical\" href=\"https:\/\/grossklein-immobilien.de\/de\/produkt\/top-sanierte-whg-mit-balkon-aufzug-tiefgarage-am-schillerpark\/\" \/>\n<meta property=\"og:locale\" content=\"de_DE\" \/>\n<meta property=\"og:type\" content=\"article\" \/>\n<meta property=\"og:title\" content=\"Top sanierte Wohnung mit Balkon, Aufzug &amp; TG-Platz am Schillerpark\" \/>\n<meta property=\"og:description\" content=\"Top sanierte Wohnung mit Balkon, Aufzug &amp; TG-Platz am Schillerpark in Wedding. Hochwertige Ausstattung, gro\u00dfz\u00fcgiger Grundriss mit Wohlf\u00fchlfaktor.\" \/>\n<meta property=\"og:url\" content=\"https:\/\/grossklein-immobilien.de\/de\/produkt\/top-sanierte-whg-mit-balkon-aufzug-tiefgarage-am-schillerpark\/\" \/>\n<meta property=\"article:publisher\" content=\"https:\/\/www.facebook.com\/TOMIC-IMMOBILIEN-110945718988806\/\" \/>\n<meta property=\"article:modified_time\" content=\"2026-04-21T05:56:15+00:00\" \/>\n<meta property=\"og:image\" content=\"https:\/\/grossklein-immobilien.de\/de\/wp-content\/uploads\/2026\/01\/IMG_7566-1024x683.jpg\" \/>\n\t<meta property=\"og:image:width\" content=\"1024\" \/>\n\t<meta property=\"og:image:height\" content=\"683\" \/>\n\t<meta property=\"og:image:type\" content=\"image\/jpeg\" \/>\n<meta name=\"twitter:card\" content=\"summary_large_image\" \/>\n<meta name=\"twitter:site\" content=\"@draz_tomic\" \/>\n<meta name=\"twitter:label1\" content=\"Gesch\u00e4tzte Lesezeit\" \/>\n\t<meta name=\"twitter:data1\" content=\"2\u00a0Minuten\" \/>\n<script type=\"application\/ld+json\" class=\"yoast-schema-graph\">{\"@context\":\"https:\/\/schema.org\",\"@graph\":[{\"@type\":\"WebPage\",\"@id\":\"https:\/\/grossklein-immobilien.de\/de\/produkt\/top-sanierte-whg-mit-balkon-aufzug-tiefgarage-am-schillerpark\/\",\"url\":\"https:\/\/grossklein-immobilien.de\/de\/produkt\/top-sanierte-whg-mit-balkon-aufzug-tiefgarage-am-schillerpark\/\",\"name\":\"Top sanierte Wohnung mit Balkon, Aufzug & TG-Platz am Schillerpark\",\"isPartOf\":{\"@id\":\"https:\/\/grossklein-immobilien.de\/de\/#website\"},\"primaryImageOfPage\":{\"@id\":\"https:\/\/grossklein-immobilien.de\/de\/produkt\/top-sanierte-whg-mit-balkon-aufzug-tiefgarage-am-schillerpark\/#primaryimage\"},\"image\":{\"@id\":\"https:\/\/grossklein-immobilien.de\/de\/produkt\/top-sanierte-whg-mit-balkon-aufzug-tiefgarage-am-schillerpark\/#primaryimage\"},\"thumbnailUrl\":\"https:\/\/grossklein-immobilien.de\/de\/wp-content\/uploads\/2026\/01\/IMG_7566.jpg\",\"datePublished\":\"2026-01-10T08:30:26+00:00\",\"dateModified\":\"2026-04-21T05:56:15+00:00\",\"description\":\"Top sanierte Wohnung mit Balkon, Aufzug & TG-Platz am Schillerpark in Wedding. Hochwertige Ausstattung, gro\u00dfz\u00fcgiger Grundriss mit Wohlf\u00fchlfaktor.\",\"breadcrumb\":{\"@id\":\"https:\/\/grossklein-immobilien.de\/de\/produkt\/top-sanierte-whg-mit-balkon-aufzug-tiefgarage-am-schillerpark\/#breadcrumb\"},\"inLanguage\":\"de\",\"potentialAction\":[{\"@type\":\"ReadAction\",\"target\":[\"https:\/\/grossklein-immobilien.de\/de\/produkt\/top-sanierte-whg-mit-balkon-aufzug-tiefgarage-am-schillerpark\/\"]}]},{\"@type\":\"ImageObject\",\"inLanguage\":\"de\",\"@id\":\"https:\/\/grossklein-immobilien.de\/de\/produkt\/top-sanierte-whg-mit-balkon-aufzug-tiefgarage-am-schillerpark\/#primaryimage\",\"url\":\"https:\/\/grossklein-immobilien.de\/de\/wp-content\/uploads\/2026\/01\/IMG_7566.jpg\",\"contentUrl\":\"https:\/\/grossklein-immobilien.de\/de\/wp-content\/uploads\/2026\/01\/IMG_7566.jpg\",\"width\":5184,\"height\":3456,\"caption\":\"Wohnzimmer\"},{\"@type\":\"BreadcrumbList\",\"@id\":\"https:\/\/grossklein-immobilien.de\/de\/produkt\/top-sanierte-whg-mit-balkon-aufzug-tiefgarage-am-schillerpark\/#breadcrumb\",\"itemListElement\":[{\"@type\":\"ListItem\",\"position\":1,\"name\":\"Home\",\"item\":\"https:\/\/grossklein-immobilien.de\/de\/\"},{\"@type\":\"ListItem\",\"position\":2,\"name\":\"Immobilienangebote\",\"item\":\"https:\/\/grossklein-immobilien.de\/de\/immobilien-berlin\/\"},{\"@type\":\"ListItem\",\"position\":3,\"name\":\"TOP SANIERTE WOHNUNG MIT BALKON, AUFZUG &#038; TIEFGARAGE AM SCHILLERPARK!\"}]},{\"@type\":\"WebSite\",\"@id\":\"https:\/\/grossklein-immobilien.de\/de\/#website\",\"url\":\"https:\/\/grossklein-immobilien.de\/de\/\",\"name\":\"\",\"description\":\"\",\"potentialAction\":[{\"@type\":\"SearchAction\",\"target\":{\"@type\":\"EntryPoint\",\"urlTemplate\":\"https:\/\/grossklein-immobilien.de\/de\/?s={search_term_string}\"},\"query-input\":{\"@type\":\"PropertyValueSpecification\",\"valueRequired\":true,\"valueName\":\"search_term_string\"}}],\"inLanguage\":\"de\"}]}<\/script>\n<!-- \/ Yoast SEO plugin. -->","yoast_head_json":{"title":"Top sanierte Wohnung mit Balkon, Aufzug & TG-Platz am Schillerpark","description":"Top sanierte Wohnung mit Balkon, Aufzug & TG-Platz am Schillerpark in Wedding. Hochwertige Ausstattung, gro\u00dfz\u00fcgiger Grundriss mit Wohlf\u00fchlfaktor.","robots":{"index":"index","follow":"follow","max-snippet":"max-snippet:-1","max-image-preview":"max-image-preview:large","max-video-preview":"max-video-preview:-1"},"canonical":"https:\/\/grossklein-immobilien.de\/de\/produkt\/top-sanierte-whg-mit-balkon-aufzug-tiefgarage-am-schillerpark\/","og_locale":"de_DE","og_type":"article","og_title":"Top sanierte Wohnung mit Balkon, Aufzug & TG-Platz am Schillerpark","og_description":"Top sanierte Wohnung mit Balkon, Aufzug & TG-Platz am Schillerpark in Wedding. Hochwertige Ausstattung, gro\u00dfz\u00fcgiger Grundriss mit Wohlf\u00fchlfaktor.","og_url":"https:\/\/grossklein-immobilien.de\/de\/produkt\/top-sanierte-whg-mit-balkon-aufzug-tiefgarage-am-schillerpark\/","article_publisher":"https:\/\/www.facebook.com\/TOMIC-IMMOBILIEN-110945718988806\/","article_modified_time":"2026-04-21T05:56:15+00:00","og_image":[{"width":1024,"height":683,"url":"https:\/\/grossklein-immobilien.de\/de\/wp-content\/uploads\/2026\/01\/IMG_7566-1024x683.jpg","type":"image\/jpeg"}],"twitter_card":"summary_large_image","twitter_site":"@draz_tomic","twitter_misc":{"Gesch\u00e4tzte Lesezeit":"2\u00a0Minuten"},"schema":{"@context":"https:\/\/schema.org","@graph":[{"@type":"WebPage","@id":"https:\/\/grossklein-immobilien.de\/de\/produkt\/top-sanierte-whg-mit-balkon-aufzug-tiefgarage-am-schillerpark\/","url":"https:\/\/grossklein-immobilien.de\/de\/produkt\/top-sanierte-whg-mit-balkon-aufzug-tiefgarage-am-schillerpark\/","name":"Top sanierte Wohnung mit Balkon, Aufzug & TG-Platz am Schillerpark","isPartOf":{"@id":"https:\/\/grossklein-immobilien.de\/de\/#website"},"primaryImageOfPage":{"@id":"https:\/\/grossklein-immobilien.de\/de\/produkt\/top-sanierte-whg-mit-balkon-aufzug-tiefgarage-am-schillerpark\/#primaryimage"},"image":{"@id":"https:\/\/grossklein-immobilien.de\/de\/produkt\/top-sanierte-whg-mit-balkon-aufzug-tiefgarage-am-schillerpark\/#primaryimage"},"thumbnailUrl":"https:\/\/grossklein-immobilien.de\/de\/wp-content\/uploads\/2026\/01\/IMG_7566.jpg","datePublished":"2026-01-10T08:30:26+00:00","dateModified":"2026-04-21T05:56:15+00:00","description":"Top sanierte Wohnung mit Balkon, Aufzug & TG-Platz am Schillerpark in Wedding. Hochwertige Ausstattung, gro\u00dfz\u00fcgiger Grundriss mit Wohlf\u00fchlfaktor.","breadcrumb":{"@id":"https:\/\/grossklein-immobilien.de\/de\/produkt\/top-sanierte-whg-mit-balkon-aufzug-tiefgarage-am-schillerpark\/#breadcrumb"},"inLanguage":"de","potentialAction":[{"@type":"ReadAction","target":["https:\/\/grossklein-immobilien.de\/de\/produkt\/top-sanierte-whg-mit-balkon-aufzug-tiefgarage-am-schillerpark\/"]}]},{"@type":"ImageObject","inLanguage":"de","@id":"https:\/\/grossklein-immobilien.de\/de\/produkt\/top-sanierte-whg-mit-balkon-aufzug-tiefgarage-am-schillerpark\/#primaryimage","url":"https:\/\/grossklein-immobilien.de\/de\/wp-content\/uploads\/2026\/01\/IMG_7566.jpg","contentUrl":"https:\/\/grossklein-immobilien.de\/de\/wp-content\/uploads\/2026\/01\/IMG_7566.jpg","width":5184,"height":3456,"caption":"Wohnzimmer"},{"@type":"BreadcrumbList","@id":"https:\/\/grossklein-immobilien.de\/de\/produkt\/top-sanierte-whg-mit-balkon-aufzug-tiefgarage-am-schillerpark\/#breadcrumb","itemListElement":[{"@type":"ListItem","position":1,"name":"Home","item":"https:\/\/grossklein-immobilien.de\/de\/"},{"@type":"ListItem","position":2,"name":"Immobilienangebote","item":"https:\/\/grossklein-immobilien.de\/de\/immobilien-berlin\/"},{"@type":"ListItem","position":3,"name":"TOP SANIERTE WOHNUNG MIT BALKON, AUFZUG &#038; TIEFGARAGE AM SCHILLERPARK!"}]},{"@type":"WebSite","@id":"https:\/\/grossklein-immobilien.de\/de\/#website","url":"https:\/\/grossklein-immobilien.de\/de\/","name":"","description":"","potentialAction":[{"@type":"SearchAction","target":{"@type":"EntryPoint","urlTemplate":"https:\/\/grossklein-immobilien.de\/de\/?s={search_term_string}"},"query-input":{"@type":"PropertyValueSpecification","valueRequired":true,"valueName":"search_term_string"}}],"inLanguage":"de"}]}},"uagb_featured_image_src":{"full":["https:\/\/grossklein-immobilien.de\/de\/wp-content\/uploads\/2026\/01\/IMG_7566.jpg",5184,3456,false],"thumbnail":["https:\/\/grossklein-immobilien.de\/de\/wp-content\/uploads\/2026\/01\/IMG_7566-150x150.jpg",150,150,true],"medium":["https:\/\/grossklein-immobilien.de\/de\/wp-content\/uploads\/2026\/01\/IMG_7566-300x200.jpg",300,200,true],"medium_large":["https:\/\/grossklein-immobilien.de\/de\/wp-content\/uploads\/2026\/01\/IMG_7566.jpg",5184,3456,false],"large":["https:\/\/grossklein-immobilien.de\/de\/wp-content\/uploads\/2026\/01\/IMG_7566-1024x683.jpg",604,403,true],"1536x1536":["https:\/\/grossklein-immobilien.de\/de\/wp-content\/uploads\/2026\/01\/IMG_7566-1536x1024.jpg",1536,1024,true],"2048x2048":["https:\/\/grossklein-immobilien.de\/de\/wp-content\/uploads\/2026\/01\/IMG_7566-2048x1365.jpg",2048,1365,true],"post-thumbnail":["https:\/\/grossklein-immobilien.de\/de\/wp-content\/uploads\/2026\/01\/IMG_7566-604x270.jpg",604,270,true],"woocommerce_thumbnail":["https:\/\/grossklein-immobilien.de\/de\/wp-content\/uploads\/2026\/01\/IMG_7566-300x300.jpg",300,300,true],"woocommerce_single":["https:\/\/grossklein-immobilien.de\/de\/wp-content\/uploads\/2026\/01\/IMG_7566-1200x800.jpg",1200,800,true],"woocommerce_gallery_thumbnail":["https:\/\/grossklein-immobilien.de\/de\/wp-content\/uploads\/2026\/01\/IMG_7566-100x100.jpg",100,100,true]},"uagb_author_info":{"display_name":"Drazan Tomic","author_link":"https:\/\/grossklein-immobilien.de\/de\/author\/"},"uagb_comment_info":0,"uagb_excerpt":"Das Grundst\u00fcck wird im Rahmen eines Erbbaurechts genutzt, wodurch sich ein attraktiver Einstiegspreis in dieser gefragten Lage ergibt. Die Wohnung selbst steht im Volleigentum und ist bezugsfrei. Diese exklusiv sanierte 2-Zimmer-Wohnung im 5. Obergeschoss mit Aufzug befindet sich in einem gepflegten Mehrfamilienhaus in einer der begehrtesten Wohnlagen von Berlin-Wedding \u2013 direkt am Schillerpark. Die ruhige,&hellip;","_links":{"self":[{"href":"https:\/\/grossklein-immobilien.de\/de\/wp-json\/wp\/v2\/product\/32270","targetHints":{"allow":["GET"]}}],"collection":[{"href":"https:\/\/grossklein-immobilien.de\/de\/wp-json\/wp\/v2\/product"}],"about":[{"href":"https:\/\/grossklein-immobilien.de\/de\/wp-json\/wp\/v2\/types\/product"}],"wp:featuredmedia":[{"embeddable":true,"href":"https:\/\/grossklein-immobilien.de\/de\/wp-json\/wp\/v2\/media\/32271"}],"wp:attachment":[{"href":"https:\/\/grossklein-immobilien.de\/de\/wp-json\/wp\/v2\/media?parent=32270"}],"wp:term":[{"taxonomy":"product_cat","embeddable":true,"href":"https:\/\/grossklein-immobilien.de\/de\/wp-json\/wp\/v2\/product_cat?post=32270"},{"taxonomy":"product_tag","embeddable":true,"href":"https:\/\/grossklein-immobilien.de\/de\/wp-json\/wp\/v2\/product_tag?post=32270"}],"curies":[{"name":"wp","href":"https:\/\/api.w.org\/{rel}","templated":true}]}}