{"id":33246,"date":"2026-03-04T16:58:18","date_gmt":"2026-03-04T15:58:18","guid":{"rendered":"https:\/\/grossklein-immobilien.de\/de\/?post_type=product&#038;p=33246"},"modified":"2026-04-25T23:35:31","modified_gmt":"2026-04-25T21:35:31","slug":"altbauwohnung-mit-aufzug-in-bestlage-friedrichshain","status":"publish","type":"product","link":"https:\/\/grossklein-immobilien.de\/de\/produkt\/altbauwohnung-mit-aufzug-in-bestlage-friedrichshain\/","title":{"rendered":"CHARMANTE ALTBAUWOHNUNG MIT AUFZUG IM SAMARITERVIERTEL"},"content":{"rendered":"<p style=\"text-align: justify;\">Diese charmante 2-Zimmer-Altbauwohnung befindet sich im 2. Obergeschoss des Vorderhauses eines gepflegten Mehrfamilienhauses aus dem Jahr 1918 in einer ruhigen Seitenstra\u00dfe von Berlin-Friedrichshain.&nbsp;Bereits das Treppenhaus vermittelt den klassischen Altbaucharakter, w\u00e4hrend der vorhandene Aufzug modernen Komfort bietet \u2013 eine seltene Kombination in dieser Baualtersklasse.&nbsp;Die Wohnung wird frei zum September 2026 \u00fcbergeben und eignet sich damit sowohl f\u00fcr Eigennutzer mit Planungsperspektive als auch f\u00fcr Kapitalanleger.<\/p>\n<p><strong>Ausstattung<\/strong><\/p>\n<p>+ RUHIGE SEITENSTRASSE&nbsp; &nbsp; &nbsp; &nbsp; &nbsp; &nbsp; &nbsp; &nbsp; &nbsp; &nbsp; &nbsp; &nbsp; &nbsp; &nbsp; &nbsp; &nbsp; &nbsp; &nbsp; &nbsp; &nbsp; &nbsp; &nbsp; &nbsp; &nbsp; &nbsp; &nbsp; &nbsp; &nbsp; &nbsp; &nbsp; &nbsp; &nbsp; &nbsp; &nbsp; &nbsp; &nbsp; &nbsp; &nbsp; &nbsp; &nbsp; &nbsp; &nbsp; &nbsp; &nbsp; &nbsp; &nbsp; &nbsp; &nbsp; &nbsp; &nbsp; &nbsp; &nbsp; &nbsp; &nbsp; &nbsp; &nbsp; &nbsp; &nbsp; &nbsp; &nbsp; &nbsp; &nbsp; &nbsp; &nbsp; &nbsp; &nbsp; + NAHE BOXHAGENER STRASSE<br \/>\n+ HELLES 2.OG IM VORDERHAUS<br \/>\n+ AUFZUG VORHANDEN<br \/>\n+ FRANZ\u00d6SISCHER BALKON (NEUE BALKONE IN PLANUNG!)<br \/>\n+ HOCHWERTIGER LAMINATBODEN<br \/>\n+ SCH\u00d6NE HOLZFENSTER<br \/>\n+ SEPARATE ZIMMER<br \/>\n+ K\u00dcCHE MIT EINBAUK\u00dcCHE<br \/>\n+ BAD MIT WANNE<br \/>\n+ ABSTELLKAMMER<br \/>\n+ INKL. KELLER<br \/>\n+ WOHNUNG IST AB 09\/2026 FREI!<\/p>\n<p>Die Wohnung befindet sich in einer ruhigen Seitenstra\u00dfe unweit der beliebten Boxhagener Stra\u00dfe im Herzen von Friedrichshain. (Samariterviertel!)<\/p>\n<p style=\"text-align: justify;\">Der Boxhagener Platz mit seinem Wochenmarkt, zahlreiche Caf\u00e9s, Restaurants und individuelle Boutiquen pr\u00e4gen das lebendige und zugleich charmante Kiezleben. Gleichzeitig bietet die ruhige Stra\u00dfenlage eine angenehme Wohnatmosph\u00e4re abseits des Trubels.&nbsp;Die Anbindung an den \u00f6ffentlichen Nahverkehr ist hervorragend \u2013 S- und U-Bahn sowie Tramlinien sind in wenigen Minuten erreichbar. Die N\u00e4he zur Warschauer Stra\u00dfe und zum Ostkreuz unterstreicht die zentrale und dennoch entspannte Wohnlage.<\/p>\n","protected":false},"excerpt":{"rendered":"<p>Diese charmante 2-Zimmer-Altbauwohnung befindet sich im 2. Obergeschoss des Vorderhauses eines gepflegten Mehrfamilienhauses aus dem Jahr 1918 in einer ruhigen Seitenstra\u00dfe von Berlin-Friedrichshain.&nbsp;Bereits das Treppenhaus vermittelt den klassischen Altbaucharakter, w\u00e4hrend der vorhandene Aufzug modernen Komfort bietet \u2013 eine seltene Kombination in dieser Baualtersklasse.&nbsp;Die Wohnung wird frei zum September 2026 \u00fcbergeben und eignet sich damit sowohl &hellip; <a href=\"https:\/\/grossklein-immobilien.de\/de\/produkt\/altbauwohnung-mit-aufzug-in-bestlage-friedrichshain\/\" class=\"more-link\"><span class=\"screen-reader-text\">CHARMANTE ALTBAUWOHNUNG MIT AUFZUG IM SAMARITERVIERTEL<\/span> weiterlesen <span class=\"meta-nav\">&rarr;<\/span><\/a><\/p>\n","protected":false},"featured_media":34147,"template":"","meta":{"_uag_custom_page_level_css":"","ngg_post_thumbnail":0},"product_cat":[24,93,420,415],"product_tag":[],"class_list":{"0":"post-33246","1":"product","2":"type-product","3":"status-publish","4":"has-post-thumbnail","6":"product_cat-eigentumswohnungen","7":"product_cat-friedrichshain-kreuzberg","8":"product_cat-40-70","9":"product_cat-415","10":"pa_adresse-10247-berlin-friedrichshain","11":"pa_balkon-ja","12":"pa_baujahr-611","13":"pa_courtage-357-vom-beurk-kaufpreis-2","14":"pa_etage-246","15":"pa_heizungsart-zentralheizung","16":"pa_objektzustand-renoviert","17":"pa_standort-berlin-friedrichshain","18":"pa_wohnflaeche-942","19":"pa_zimmer-52","21":"first","22":"instock","23":"shipping-taxable","24":"purchasable","25":"product-type-simple"},"yoast_head":"<!-- This site is optimized with the Yoast SEO plugin v26.8 - https:\/\/yoast.com\/product\/yoast-seo-wordpress\/ -->\n<title>Charmante Altbauwohnung im Herzen von Friedrichshain | G&amp;K<\/title>\n<meta name=\"description\" content=\"Charmante 2-Zi Altbauwohnung im 2.OG mit Aufzug im Herzen von Friedrichshain nahe Boxhagener Strass. Praktischer Grundriss, separate Zimmer und K\u00fcche mit EBK!\" \/>\n<meta name=\"robots\" content=\"index, follow, max-snippet:-1, max-image-preview:large, max-video-preview:-1\" \/>\n<link rel=\"canonical\" href=\"https:\/\/grossklein-immobilien.de\/de\/produkt\/altbauwohnung-mit-aufzug-in-bestlage-friedrichshain\/\" \/>\n<meta property=\"og:locale\" content=\"de_DE\" \/>\n<meta property=\"og:type\" content=\"article\" \/>\n<meta property=\"og:title\" content=\"Charmante Altbauwohnung im Herzen von Friedrichshain | G&amp;K\" \/>\n<meta property=\"og:description\" content=\"Charmante 2-Zi Altbauwohnung im 2.OG mit Aufzug im Herzen von Friedrichshain nahe Boxhagener Strass. Praktischer Grundriss, separate Zimmer und K\u00fcche mit EBK!\" \/>\n<meta property=\"og:url\" content=\"https:\/\/grossklein-immobilien.de\/de\/produkt\/altbauwohnung-mit-aufzug-in-bestlage-friedrichshain\/\" \/>\n<meta property=\"article:publisher\" content=\"https:\/\/www.facebook.com\/TOMIC-IMMOBILIEN-110945718988806\/\" \/>\n<meta property=\"article:modified_time\" content=\"2026-04-25T21:35:31+00:00\" \/>\n<meta property=\"og:image\" content=\"https:\/\/grossklein-immobilien.de\/de\/wp-content\/uploads\/2026\/03\/Wohnzimmer-11.jpg\" \/>\n\t<meta property=\"og:image:width\" content=\"1536\" \/>\n\t<meta property=\"og:image:height\" content=\"1024\" \/>\n\t<meta property=\"og:image:type\" content=\"image\/jpeg\" \/>\n<meta name=\"twitter:card\" content=\"summary_large_image\" \/>\n<meta name=\"twitter:site\" content=\"@draz_tomic\" \/>\n<meta name=\"twitter:label1\" content=\"Gesch\u00e4tzte Lesezeit\" \/>\n\t<meta name=\"twitter:data1\" content=\"2\u00a0Minuten\" \/>\n<script type=\"application\/ld+json\" class=\"yoast-schema-graph\">{\"@context\":\"https:\/\/schema.org\",\"@graph\":[{\"@type\":\"WebPage\",\"@id\":\"https:\/\/grossklein-immobilien.de\/de\/produkt\/altbauwohnung-mit-aufzug-in-bestlage-friedrichshain\/\",\"url\":\"https:\/\/grossklein-immobilien.de\/de\/produkt\/altbauwohnung-mit-aufzug-in-bestlage-friedrichshain\/\",\"name\":\"Charmante Altbauwohnung im Herzen von Friedrichshain | G&K\",\"isPartOf\":{\"@id\":\"https:\/\/grossklein-immobilien.de\/de\/#website\"},\"primaryImageOfPage\":{\"@id\":\"https:\/\/grossklein-immobilien.de\/de\/produkt\/altbauwohnung-mit-aufzug-in-bestlage-friedrichshain\/#primaryimage\"},\"image\":{\"@id\":\"https:\/\/grossklein-immobilien.de\/de\/produkt\/altbauwohnung-mit-aufzug-in-bestlage-friedrichshain\/#primaryimage\"},\"thumbnailUrl\":\"https:\/\/grossklein-immobilien.de\/de\/wp-content\/uploads\/2026\/03\/Wohnzimmer-11.jpg\",\"datePublished\":\"2026-03-04T15:58:18+00:00\",\"dateModified\":\"2026-04-25T21:35:31+00:00\",\"description\":\"Charmante 2-Zi Altbauwohnung im 2.OG mit Aufzug im Herzen von Friedrichshain nahe Boxhagener Strass. Praktischer Grundriss, separate Zimmer und K\u00fcche mit EBK!\",\"breadcrumb\":{\"@id\":\"https:\/\/grossklein-immobilien.de\/de\/produkt\/altbauwohnung-mit-aufzug-in-bestlage-friedrichshain\/#breadcrumb\"},\"inLanguage\":\"de\",\"potentialAction\":[{\"@type\":\"ReadAction\",\"target\":[\"https:\/\/grossklein-immobilien.de\/de\/produkt\/altbauwohnung-mit-aufzug-in-bestlage-friedrichshain\/\"]}]},{\"@type\":\"ImageObject\",\"inLanguage\":\"de\",\"@id\":\"https:\/\/grossklein-immobilien.de\/de\/produkt\/altbauwohnung-mit-aufzug-in-bestlage-friedrichshain\/#primaryimage\",\"url\":\"https:\/\/grossklein-immobilien.de\/de\/wp-content\/uploads\/2026\/03\/Wohnzimmer-11.jpg\",\"contentUrl\":\"https:\/\/grossklein-immobilien.de\/de\/wp-content\/uploads\/2026\/03\/Wohnzimmer-11.jpg\",\"width\":1536,\"height\":1024},{\"@type\":\"BreadcrumbList\",\"@id\":\"https:\/\/grossklein-immobilien.de\/de\/produkt\/altbauwohnung-mit-aufzug-in-bestlage-friedrichshain\/#breadcrumb\",\"itemListElement\":[{\"@type\":\"ListItem\",\"position\":1,\"name\":\"Home\",\"item\":\"https:\/\/grossklein-immobilien.de\/de\/\"},{\"@type\":\"ListItem\",\"position\":2,\"name\":\"Immobilienangebote\",\"item\":\"https:\/\/grossklein-immobilien.de\/de\/immobilien-berlin\/\"},{\"@type\":\"ListItem\",\"position\":3,\"name\":\"CHARMANTE ALTBAUWOHNUNG MIT AUFZUG IM SAMARITERVIERTEL\"}]},{\"@type\":\"WebSite\",\"@id\":\"https:\/\/grossklein-immobilien.de\/de\/#website\",\"url\":\"https:\/\/grossklein-immobilien.de\/de\/\",\"name\":\"\",\"description\":\"\",\"potentialAction\":[{\"@type\":\"SearchAction\",\"target\":{\"@type\":\"EntryPoint\",\"urlTemplate\":\"https:\/\/grossklein-immobilien.de\/de\/?s={search_term_string}\"},\"query-input\":{\"@type\":\"PropertyValueSpecification\",\"valueRequired\":true,\"valueName\":\"search_term_string\"}}],\"inLanguage\":\"de\"}]}<\/script>\n<!-- \/ Yoast SEO plugin. -->","yoast_head_json":{"title":"Charmante Altbauwohnung im Herzen von Friedrichshain | G&K","description":"Charmante 2-Zi Altbauwohnung im 2.OG mit Aufzug im Herzen von Friedrichshain nahe Boxhagener Strass. Praktischer Grundriss, separate Zimmer und K\u00fcche mit EBK!","robots":{"index":"index","follow":"follow","max-snippet":"max-snippet:-1","max-image-preview":"max-image-preview:large","max-video-preview":"max-video-preview:-1"},"canonical":"https:\/\/grossklein-immobilien.de\/de\/produkt\/altbauwohnung-mit-aufzug-in-bestlage-friedrichshain\/","og_locale":"de_DE","og_type":"article","og_title":"Charmante Altbauwohnung im Herzen von Friedrichshain | G&K","og_description":"Charmante 2-Zi Altbauwohnung im 2.OG mit Aufzug im Herzen von Friedrichshain nahe Boxhagener Strass. Praktischer Grundriss, separate Zimmer und K\u00fcche mit EBK!","og_url":"https:\/\/grossklein-immobilien.de\/de\/produkt\/altbauwohnung-mit-aufzug-in-bestlage-friedrichshain\/","article_publisher":"https:\/\/www.facebook.com\/TOMIC-IMMOBILIEN-110945718988806\/","article_modified_time":"2026-04-25T21:35:31+00:00","og_image":[{"width":1536,"height":1024,"url":"https:\/\/grossklein-immobilien.de\/de\/wp-content\/uploads\/2026\/03\/Wohnzimmer-11.jpg","type":"image\/jpeg"}],"twitter_card":"summary_large_image","twitter_site":"@draz_tomic","twitter_misc":{"Gesch\u00e4tzte Lesezeit":"2\u00a0Minuten"},"schema":{"@context":"https:\/\/schema.org","@graph":[{"@type":"WebPage","@id":"https:\/\/grossklein-immobilien.de\/de\/produkt\/altbauwohnung-mit-aufzug-in-bestlage-friedrichshain\/","url":"https:\/\/grossklein-immobilien.de\/de\/produkt\/altbauwohnung-mit-aufzug-in-bestlage-friedrichshain\/","name":"Charmante Altbauwohnung im Herzen von Friedrichshain | G&K","isPartOf":{"@id":"https:\/\/grossklein-immobilien.de\/de\/#website"},"primaryImageOfPage":{"@id":"https:\/\/grossklein-immobilien.de\/de\/produkt\/altbauwohnung-mit-aufzug-in-bestlage-friedrichshain\/#primaryimage"},"image":{"@id":"https:\/\/grossklein-immobilien.de\/de\/produkt\/altbauwohnung-mit-aufzug-in-bestlage-friedrichshain\/#primaryimage"},"thumbnailUrl":"https:\/\/grossklein-immobilien.de\/de\/wp-content\/uploads\/2026\/03\/Wohnzimmer-11.jpg","datePublished":"2026-03-04T15:58:18+00:00","dateModified":"2026-04-25T21:35:31+00:00","description":"Charmante 2-Zi Altbauwohnung im 2.OG mit Aufzug im Herzen von Friedrichshain nahe Boxhagener Strass. Praktischer Grundriss, separate Zimmer und K\u00fcche mit EBK!","breadcrumb":{"@id":"https:\/\/grossklein-immobilien.de\/de\/produkt\/altbauwohnung-mit-aufzug-in-bestlage-friedrichshain\/#breadcrumb"},"inLanguage":"de","potentialAction":[{"@type":"ReadAction","target":["https:\/\/grossklein-immobilien.de\/de\/produkt\/altbauwohnung-mit-aufzug-in-bestlage-friedrichshain\/"]}]},{"@type":"ImageObject","inLanguage":"de","@id":"https:\/\/grossklein-immobilien.de\/de\/produkt\/altbauwohnung-mit-aufzug-in-bestlage-friedrichshain\/#primaryimage","url":"https:\/\/grossklein-immobilien.de\/de\/wp-content\/uploads\/2026\/03\/Wohnzimmer-11.jpg","contentUrl":"https:\/\/grossklein-immobilien.de\/de\/wp-content\/uploads\/2026\/03\/Wohnzimmer-11.jpg","width":1536,"height":1024},{"@type":"BreadcrumbList","@id":"https:\/\/grossklein-immobilien.de\/de\/produkt\/altbauwohnung-mit-aufzug-in-bestlage-friedrichshain\/#breadcrumb","itemListElement":[{"@type":"ListItem","position":1,"name":"Home","item":"https:\/\/grossklein-immobilien.de\/de\/"},{"@type":"ListItem","position":2,"name":"Immobilienangebote","item":"https:\/\/grossklein-immobilien.de\/de\/immobilien-berlin\/"},{"@type":"ListItem","position":3,"name":"CHARMANTE ALTBAUWOHNUNG MIT AUFZUG IM SAMARITERVIERTEL"}]},{"@type":"WebSite","@id":"https:\/\/grossklein-immobilien.de\/de\/#website","url":"https:\/\/grossklein-immobilien.de\/de\/","name":"","description":"","potentialAction":[{"@type":"SearchAction","target":{"@type":"EntryPoint","urlTemplate":"https:\/\/grossklein-immobilien.de\/de\/?s={search_term_string}"},"query-input":{"@type":"PropertyValueSpecification","valueRequired":true,"valueName":"search_term_string"}}],"inLanguage":"de"}]}},"uagb_featured_image_src":{"full":["https:\/\/grossklein-immobilien.de\/de\/wp-content\/uploads\/2026\/03\/Wohnzimmer-11.jpg",1536,1024,false],"thumbnail":["https:\/\/grossklein-immobilien.de\/de\/wp-content\/uploads\/2026\/03\/Wohnzimmer-11-150x150.jpg",150,150,true],"medium":["https:\/\/grossklein-immobilien.de\/de\/wp-content\/uploads\/2026\/03\/Wohnzimmer-11-300x200.jpg",300,200,true],"medium_large":["https:\/\/grossklein-immobilien.de\/de\/wp-content\/uploads\/2026\/03\/Wohnzimmer-11.jpg",1536,1024,false],"large":["https:\/\/grossklein-immobilien.de\/de\/wp-content\/uploads\/2026\/03\/Wohnzimmer-11-1024x683.jpg",604,403,true],"1536x1536":["https:\/\/grossklein-immobilien.de\/de\/wp-content\/uploads\/2026\/03\/Wohnzimmer-11.jpg",1536,1024,false],"2048x2048":["https:\/\/grossklein-immobilien.de\/de\/wp-content\/uploads\/2026\/03\/Wohnzimmer-11.jpg",1536,1024,false],"post-thumbnail":["https:\/\/grossklein-immobilien.de\/de\/wp-content\/uploads\/2026\/03\/Wohnzimmer-11-604x270.jpg",604,270,true],"woocommerce_thumbnail":["https:\/\/grossklein-immobilien.de\/de\/wp-content\/uploads\/2026\/03\/Wohnzimmer-11-300x300.jpg",300,300,true],"woocommerce_single":["https:\/\/grossklein-immobilien.de\/de\/wp-content\/uploads\/2026\/03\/Wohnzimmer-11-1200x800.jpg",1200,800,true],"woocommerce_gallery_thumbnail":["https:\/\/grossklein-immobilien.de\/de\/wp-content\/uploads\/2026\/03\/Wohnzimmer-11-100x100.jpg",100,100,true]},"uagb_author_info":{"display_name":"Drazan Tomic","author_link":"https:\/\/grossklein-immobilien.de\/de\/author\/"},"uagb_comment_info":0,"uagb_excerpt":"Diese charmante 2-Zimmer-Altbauwohnung befindet sich im 2. Obergeschoss des Vorderhauses eines gepflegten Mehrfamilienhauses aus dem Jahr 1918 in einer ruhigen Seitenstra\u00dfe von Berlin-Friedrichshain.&nbsp;Bereits das Treppenhaus vermittelt den klassischen Altbaucharakter, w\u00e4hrend der vorhandene Aufzug modernen Komfort bietet \u2013 eine seltene Kombination in dieser Baualtersklasse.&nbsp;Die Wohnung wird frei zum September 2026 \u00fcbergeben und eignet sich damit sowohl&hellip;","_links":{"self":[{"href":"https:\/\/grossklein-immobilien.de\/de\/wp-json\/wp\/v2\/product\/33246","targetHints":{"allow":["GET"]}}],"collection":[{"href":"https:\/\/grossklein-immobilien.de\/de\/wp-json\/wp\/v2\/product"}],"about":[{"href":"https:\/\/grossklein-immobilien.de\/de\/wp-json\/wp\/v2\/types\/product"}],"wp:featuredmedia":[{"embeddable":true,"href":"https:\/\/grossklein-immobilien.de\/de\/wp-json\/wp\/v2\/media\/34147"}],"wp:attachment":[{"href":"https:\/\/grossklein-immobilien.de\/de\/wp-json\/wp\/v2\/media?parent=33246"}],"wp:term":[{"taxonomy":"product_cat","embeddable":true,"href":"https:\/\/grossklein-immobilien.de\/de\/wp-json\/wp\/v2\/product_cat?post=33246"},{"taxonomy":"product_tag","embeddable":true,"href":"https:\/\/grossklein-immobilien.de\/de\/wp-json\/wp\/v2\/product_tag?post=33246"}],"curies":[{"name":"wp","href":"https:\/\/api.w.org\/{rel}","templated":true}]}}