{"id":377,"date":"2016-01-21T16:12:01","date_gmt":"2016-01-21T15:12:01","guid":{"rendered":"http:\/\/www.tomic-immobilien.de\/de\/?post_type=product&#038;p=377"},"modified":"2023-05-12T12:40:02","modified_gmt":"2023-05-12T10:40:02","slug":"solide-vermietete-etw-in-potsdam","status":"publish","type":"product","link":"https:\/\/grossklein-immobilien.de\/de\/produkt\/solide-vermietete-etw-in-potsdam\/","title":{"rendered":"VERMIETETE 2-ZIMMER ETW IN POTSDAM"},"content":{"rendered":"<h2>SOLIDE VERMIETETE ETW IN POTSDAM MIT GARTENZUGANG<\/h2>\n<p>Diese solide vermietete ETW in Potsdam mit offener K\u00fcche und Zugang zur Terrasse und Garten befindet sich in Potsdam, Ortsteil Bornstedt. Die Wohnanlage wurde 1997 erbaut und befindet sich insgesamt in einem guten Zustand. F\u00fcr die Bewohner der Anlage steht eine gemeinsame Sammel-Tiefgarage zur Verf\u00fcgung wo ein TG-Platz zur Verf\u00fcgung steht und der extra zu Kaufpreis (15.000,00\u20ac) der Wohnung ausgewiesen ist. Die j\u00e4hrlichen Mieteinanahmen der Wohnung belaufen sich auf ca. 4.800,00\u20ac bzw. 400,00\u20ac im Monat. Der Zustand der Wohnung ist als gut zu bezeichnen. Im Untergescho\u00df befindet sich des Weiteren ein zus\u00e4tzlicher Hobbyraum mit ca. 33 m\u00b2 der aufgrund seines guten Zustandes von den Mietern als Schlafzimmer eingerichtet wurde. Ein Kellerraum ist ebenfalls direkt angebunden. Der Ortsteil Bornstedt befindet sich z.B. nur wenige Minuten vom Schloss Sanssouci und dem Standzentrum entfernt. Die Anbindung an die \u00f6ffentl. Verkehsmittel ist durch diverse Busse optimal gegeben.<\/p>\n","protected":false},"excerpt":{"rendered":"<p>Hierbei handelt es sich um eine vermietete 2-Zimmer EG-Wohnung mit Terrasse und Gartenzugang in einer sehr ruhigen Anliegerstrasse in Potsdam Bornstedt fern von Verkehr und L\u00e4rm.<\/p>\n","protected":false},"featured_media":2042,"template":"","meta":{"_uag_custom_page_level_css":"","ngg_post_thumbnail":0},"product_cat":[24,27,95],"product_tag":[],"class_list":{"0":"post-377","1":"product","2":"type-product","3":"status-publish","4":"has-post-thumbnail","6":"product_cat-eigentumswohnungen","7":"product_cat-kapitalanlage","8":"product_cat-berlin-potsdam","9":"pa_adresse-flieder-weg-10-14468-potsdam","10":"pa_balkon-vorhanden-kleine-terrasse-mit-gartenzugang","11":"pa_baujahr-83","12":"pa_courtage-714-vom-beurk-kaufpreis","13":"pa_etage-eg","14":"pa_etagen-78","15":"pa_heizungsart-zh-gas-mit-warmwasseraufbereitung","16":"pa_mieteinnahmen-40000emonatl","17":"pa_objektzustand-gepflegt","18":"pa_standort-berlin-potsdam","19":"pa_wohnflaeche-75","20":"pa_zimmer-52","22":"first","23":"outofstock","24":"shipping-taxable","25":"purchasable","26":"product-type-simple"},"yoast_head":"<!-- This site is optimized with the Yoast SEO plugin v26.8 - https:\/\/yoast.com\/product\/yoast-seo-wordpress\/ -->\n<title>Solide vermietete ETW in Potsdam- Gross &amp; Klein immobilien<\/title>\n<meta name=\"description\" content=\"Solide vermietete ETW in Potsdam Borstedt unweit Schloss Sansoussi. Mit Gartenzugang, offener K\u00fcche, Terrasse und gro\u00dfen Hobbyraum.\" \/>\n<meta name=\"robots\" content=\"index, follow, max-snippet:-1, max-image-preview:large, max-video-preview:-1\" \/>\n<link rel=\"canonical\" href=\"https:\/\/grossklein-immobilien.de\/de\/produkt\/solide-vermietete-etw-in-potsdam\/\" \/>\n<meta property=\"og:locale\" content=\"de_DE\" \/>\n<meta property=\"og:type\" content=\"article\" \/>\n<meta property=\"og:title\" content=\"Solide vermietete ETW in Potsdam- Gross &amp; Klein immobilien\" \/>\n<meta property=\"og:description\" content=\"Solide vermietete ETW in Potsdam Borstedt unweit Schloss Sansoussi. Mit Gartenzugang, offener K\u00fcche, Terrasse und gro\u00dfen Hobbyraum.\" \/>\n<meta property=\"og:url\" content=\"https:\/\/grossklein-immobilien.de\/de\/produkt\/solide-vermietete-etw-in-potsdam\/\" \/>\n<meta property=\"article:publisher\" content=\"https:\/\/www.facebook.com\/TOMIC-IMMOBILIEN-110945718988806\/\" \/>\n<meta property=\"article:modified_time\" content=\"2023-05-12T10:40:02+00:00\" \/>\n<meta property=\"og:image\" content=\"https:\/\/grossklein-immobilien.de\/de\/wp-content\/uploads\/2016\/01\/DSC06316.jpg\" \/>\n\t<meta property=\"og:image:width\" content=\"1024\" \/>\n\t<meta property=\"og:image:height\" content=\"768\" \/>\n\t<meta property=\"og:image:type\" content=\"image\/jpeg\" \/>\n<meta name=\"twitter:card\" content=\"summary_large_image\" \/>\n<meta name=\"twitter:site\" content=\"@draz_tomic\" \/>\n<meta name=\"twitter:label1\" content=\"Gesch\u00e4tzte Lesezeit\" \/>\n\t<meta name=\"twitter:data1\" content=\"1\u00a0Minute\" \/>\n<script type=\"application\/ld+json\" class=\"yoast-schema-graph\">{\"@context\":\"https:\/\/schema.org\",\"@graph\":[{\"@type\":\"WebPage\",\"@id\":\"https:\/\/grossklein-immobilien.de\/de\/produkt\/solide-vermietete-etw-in-potsdam\/\",\"url\":\"https:\/\/grossklein-immobilien.de\/de\/produkt\/solide-vermietete-etw-in-potsdam\/\",\"name\":\"Solide vermietete ETW in Potsdam- Gross & Klein immobilien\",\"isPartOf\":{\"@id\":\"https:\/\/grossklein-immobilien.de\/de\/#website\"},\"primaryImageOfPage\":{\"@id\":\"https:\/\/grossklein-immobilien.de\/de\/produkt\/solide-vermietete-etw-in-potsdam\/#primaryimage\"},\"image\":{\"@id\":\"https:\/\/grossklein-immobilien.de\/de\/produkt\/solide-vermietete-etw-in-potsdam\/#primaryimage\"},\"thumbnailUrl\":\"https:\/\/grossklein-immobilien.de\/de\/wp-content\/uploads\/2016\/01\/DSC06316.jpg\",\"datePublished\":\"2016-01-21T15:12:01+00:00\",\"dateModified\":\"2023-05-12T10:40:02+00:00\",\"description\":\"Solide vermietete ETW in Potsdam Borstedt unweit Schloss Sansoussi. Mit Gartenzugang, offener K\u00fcche, Terrasse und gro\u00dfen Hobbyraum.\",\"breadcrumb\":{\"@id\":\"https:\/\/grossklein-immobilien.de\/de\/produkt\/solide-vermietete-etw-in-potsdam\/#breadcrumb\"},\"inLanguage\":\"de\",\"potentialAction\":[{\"@type\":\"ReadAction\",\"target\":[\"https:\/\/grossklein-immobilien.de\/de\/produkt\/solide-vermietete-etw-in-potsdam\/\"]}]},{\"@type\":\"ImageObject\",\"inLanguage\":\"de\",\"@id\":\"https:\/\/grossklein-immobilien.de\/de\/produkt\/solide-vermietete-etw-in-potsdam\/#primaryimage\",\"url\":\"https:\/\/grossklein-immobilien.de\/de\/wp-content\/uploads\/2016\/01\/DSC06316.jpg\",\"contentUrl\":\"https:\/\/grossklein-immobilien.de\/de\/wp-content\/uploads\/2016\/01\/DSC06316.jpg\",\"width\":1024,\"height\":768,\"caption\":\"Immobilienmakler Berlin\"},{\"@type\":\"BreadcrumbList\",\"@id\":\"https:\/\/grossklein-immobilien.de\/de\/produkt\/solide-vermietete-etw-in-potsdam\/#breadcrumb\",\"itemListElement\":[{\"@type\":\"ListItem\",\"position\":1,\"name\":\"Home\",\"item\":\"https:\/\/grossklein-immobilien.de\/de\/\"},{\"@type\":\"ListItem\",\"position\":2,\"name\":\"Immobilienangebote\",\"item\":\"https:\/\/grossklein-immobilien.de\/de\/immobilien-berlin\/\"},{\"@type\":\"ListItem\",\"position\":3,\"name\":\"VERMIETETE 2-ZIMMER ETW IN POTSDAM\"}]},{\"@type\":\"WebSite\",\"@id\":\"https:\/\/grossklein-immobilien.de\/de\/#website\",\"url\":\"https:\/\/grossklein-immobilien.de\/de\/\",\"name\":\"\",\"description\":\"\",\"potentialAction\":[{\"@type\":\"SearchAction\",\"target\":{\"@type\":\"EntryPoint\",\"urlTemplate\":\"https:\/\/grossklein-immobilien.de\/de\/?s={search_term_string}\"},\"query-input\":{\"@type\":\"PropertyValueSpecification\",\"valueRequired\":true,\"valueName\":\"search_term_string\"}}],\"inLanguage\":\"de\"}]}<\/script>\n<!-- \/ Yoast SEO plugin. -->","yoast_head_json":{"title":"Solide vermietete ETW in Potsdam- Gross & Klein immobilien","description":"Solide vermietete ETW in Potsdam Borstedt unweit Schloss Sansoussi. Mit Gartenzugang, offener K\u00fcche, Terrasse und gro\u00dfen Hobbyraum.","robots":{"index":"index","follow":"follow","max-snippet":"max-snippet:-1","max-image-preview":"max-image-preview:large","max-video-preview":"max-video-preview:-1"},"canonical":"https:\/\/grossklein-immobilien.de\/de\/produkt\/solide-vermietete-etw-in-potsdam\/","og_locale":"de_DE","og_type":"article","og_title":"Solide vermietete ETW in Potsdam- Gross & Klein immobilien","og_description":"Solide vermietete ETW in Potsdam Borstedt unweit Schloss Sansoussi. Mit Gartenzugang, offener K\u00fcche, Terrasse und gro\u00dfen Hobbyraum.","og_url":"https:\/\/grossklein-immobilien.de\/de\/produkt\/solide-vermietete-etw-in-potsdam\/","article_publisher":"https:\/\/www.facebook.com\/TOMIC-IMMOBILIEN-110945718988806\/","article_modified_time":"2023-05-12T10:40:02+00:00","og_image":[{"width":1024,"height":768,"url":"https:\/\/grossklein-immobilien.de\/de\/wp-content\/uploads\/2016\/01\/DSC06316.jpg","type":"image\/jpeg"}],"twitter_card":"summary_large_image","twitter_site":"@draz_tomic","twitter_misc":{"Gesch\u00e4tzte Lesezeit":"1\u00a0Minute"},"schema":{"@context":"https:\/\/schema.org","@graph":[{"@type":"WebPage","@id":"https:\/\/grossklein-immobilien.de\/de\/produkt\/solide-vermietete-etw-in-potsdam\/","url":"https:\/\/grossklein-immobilien.de\/de\/produkt\/solide-vermietete-etw-in-potsdam\/","name":"Solide vermietete ETW in Potsdam- Gross & Klein immobilien","isPartOf":{"@id":"https:\/\/grossklein-immobilien.de\/de\/#website"},"primaryImageOfPage":{"@id":"https:\/\/grossklein-immobilien.de\/de\/produkt\/solide-vermietete-etw-in-potsdam\/#primaryimage"},"image":{"@id":"https:\/\/grossklein-immobilien.de\/de\/produkt\/solide-vermietete-etw-in-potsdam\/#primaryimage"},"thumbnailUrl":"https:\/\/grossklein-immobilien.de\/de\/wp-content\/uploads\/2016\/01\/DSC06316.jpg","datePublished":"2016-01-21T15:12:01+00:00","dateModified":"2023-05-12T10:40:02+00:00","description":"Solide vermietete ETW in Potsdam Borstedt unweit Schloss Sansoussi. Mit Gartenzugang, offener K\u00fcche, Terrasse und gro\u00dfen Hobbyraum.","breadcrumb":{"@id":"https:\/\/grossklein-immobilien.de\/de\/produkt\/solide-vermietete-etw-in-potsdam\/#breadcrumb"},"inLanguage":"de","potentialAction":[{"@type":"ReadAction","target":["https:\/\/grossklein-immobilien.de\/de\/produkt\/solide-vermietete-etw-in-potsdam\/"]}]},{"@type":"ImageObject","inLanguage":"de","@id":"https:\/\/grossklein-immobilien.de\/de\/produkt\/solide-vermietete-etw-in-potsdam\/#primaryimage","url":"https:\/\/grossklein-immobilien.de\/de\/wp-content\/uploads\/2016\/01\/DSC06316.jpg","contentUrl":"https:\/\/grossklein-immobilien.de\/de\/wp-content\/uploads\/2016\/01\/DSC06316.jpg","width":1024,"height":768,"caption":"Immobilienmakler Berlin"},{"@type":"BreadcrumbList","@id":"https:\/\/grossklein-immobilien.de\/de\/produkt\/solide-vermietete-etw-in-potsdam\/#breadcrumb","itemListElement":[{"@type":"ListItem","position":1,"name":"Home","item":"https:\/\/grossklein-immobilien.de\/de\/"},{"@type":"ListItem","position":2,"name":"Immobilienangebote","item":"https:\/\/grossklein-immobilien.de\/de\/immobilien-berlin\/"},{"@type":"ListItem","position":3,"name":"VERMIETETE 2-ZIMMER ETW IN POTSDAM"}]},{"@type":"WebSite","@id":"https:\/\/grossklein-immobilien.de\/de\/#website","url":"https:\/\/grossklein-immobilien.de\/de\/","name":"","description":"","potentialAction":[{"@type":"SearchAction","target":{"@type":"EntryPoint","urlTemplate":"https:\/\/grossklein-immobilien.de\/de\/?s={search_term_string}"},"query-input":{"@type":"PropertyValueSpecification","valueRequired":true,"valueName":"search_term_string"}}],"inLanguage":"de"}]}},"uagb_featured_image_src":{"full":["https:\/\/grossklein-immobilien.de\/de\/wp-content\/uploads\/2016\/01\/DSC06316.jpg",1024,768,false],"thumbnail":["https:\/\/grossklein-immobilien.de\/de\/wp-content\/uploads\/2016\/01\/DSC06316-150x150.jpg",150,150,true],"medium":["https:\/\/grossklein-immobilien.de\/de\/wp-content\/uploads\/2016\/01\/DSC06316-300x225.jpg",300,225,true],"medium_large":["https:\/\/grossklein-immobilien.de\/de\/wp-content\/uploads\/2016\/01\/DSC06316.jpg",1024,768,false],"large":["https:\/\/grossklein-immobilien.de\/de\/wp-content\/uploads\/2016\/01\/DSC06316.jpg",604,453,false],"1536x1536":["https:\/\/grossklein-immobilien.de\/de\/wp-content\/uploads\/2016\/01\/DSC06316.jpg",1024,768,false],"2048x2048":["https:\/\/grossklein-immobilien.de\/de\/wp-content\/uploads\/2016\/01\/DSC06316.jpg",1024,768,false],"post-thumbnail":["https:\/\/grossklein-immobilien.de\/de\/wp-content\/uploads\/2016\/01\/DSC06316-604x270.jpg",604,270,true],"woocommerce_thumbnail":["https:\/\/grossklein-immobilien.de\/de\/wp-content\/uploads\/2016\/01\/DSC06316-300x300.jpg",300,300,true],"woocommerce_single":["https:\/\/grossklein-immobilien.de\/de\/wp-content\/uploads\/2016\/01\/DSC06316.jpg",1024,768,false],"woocommerce_gallery_thumbnail":["https:\/\/grossklein-immobilien.de\/de\/wp-content\/uploads\/2016\/01\/DSC06316-100x100.jpg",100,100,true]},"uagb_author_info":{"display_name":"Drazan Tomic","author_link":"https:\/\/grossklein-immobilien.de\/de\/author\/"},"uagb_comment_info":0,"uagb_excerpt":"Hierbei handelt es sich um eine vermietete 2-Zimmer EG-Wohnung mit Terrasse und Gartenzugang in einer sehr ruhigen Anliegerstrasse in Potsdam Bornstedt fern von Verkehr und L\u00e4rm.","_links":{"self":[{"href":"https:\/\/grossklein-immobilien.de\/de\/wp-json\/wp\/v2\/product\/377","targetHints":{"allow":["GET"]}}],"collection":[{"href":"https:\/\/grossklein-immobilien.de\/de\/wp-json\/wp\/v2\/product"}],"about":[{"href":"https:\/\/grossklein-immobilien.de\/de\/wp-json\/wp\/v2\/types\/product"}],"wp:featuredmedia":[{"embeddable":true,"href":"https:\/\/grossklein-immobilien.de\/de\/wp-json\/wp\/v2\/media\/2042"}],"wp:attachment":[{"href":"https:\/\/grossklein-immobilien.de\/de\/wp-json\/wp\/v2\/media?parent=377"}],"wp:term":[{"taxonomy":"product_cat","embeddable":true,"href":"https:\/\/grossklein-immobilien.de\/de\/wp-json\/wp\/v2\/product_cat?post=377"},{"taxonomy":"product_tag","embeddable":true,"href":"https:\/\/grossklein-immobilien.de\/de\/wp-json\/wp\/v2\/product_tag?post=377"}],"curies":[{"name":"wp","href":"https:\/\/api.w.org\/{rel}","templated":true}]}}