{"id":4137,"date":"2017-03-28T16:05:16","date_gmt":"2017-03-28T14:05:16","guid":{"rendered":"http:\/\/grossklein-immobilien.de\/de\/?post_type=product&#038;p=4137"},"modified":"2026-02-06T11:13:20","modified_gmt":"2026-02-06T10:13:20","slug":"helle-2-zi-wohnung-in-kreuzberg","status":"publish","type":"product","link":"https:\/\/grossklein-immobilien.de\/de\/produkt\/helle-2-zi-wohnung-in-kreuzberg\/","title":{"rendered":"HELLE 2-ZI WOHNUNG IN KREUZBERG"},"content":{"rendered":"<p style=\"text-align: justify;\">Die hier angebotene moderne 2-Zimmer Wohnung befindet sich in einem gepflegten Mehrfamilienhaus, dass aus ca. 56 Wohneinheiten besteht. Die Wohnung im 7.OG erreicht man bequem mit dem Aufzug. Beim Betreten der Wohnung f\u00e4llt sofort einem der gute und hochwertige Zustand auf. Die Wohnung wurde in 2009 komplett renoviert, d.h. mit einem neuen Wannenbad, neuem Laminat in allen R\u00e4umen, neue Fliesen in der K\u00fcche sowie einer neuen Einbauk\u00fcche ausgestattet. Das Wohnzimmer f\u00fcgt \u00fcber einen Balkon der zum S\u00fcdosten ausgerichtet ist und morgens und tags\u00fcber freundliches Sonnenlicht bietet. Die W\u00e4rmeversorgung erfolgt \u00fcber eine Gas Zentralheizung. Zu der Wohnung geh\u00f6rt zudem ein Keller. Durch die verkehrsg\u00fcnstige und zentrale Lage ist man in wenigen Minuten fu\u00dfl\u00e4ufig in der beliebten Friedrichstrasse und dem Gendarmenmarkt. Des Weiteren und fast ebenso schnell erreicht man den stadtbekannten Bergmannkiez.<\/p>\n<p>Vermittelt durch Gross &amp; Klein Immobilien, Ihrem <a href=\"https:\/\/grossklein-immobilien.de\/de\/immobilienmakler-berlin-kreuzberg\/\">Immobilienmakler in Berlin-Kreuzberg<\/a>.<\/p>\n","protected":false},"excerpt":{"rendered":"<p>Diese gut ausgestattete Wohnung befinden sich in Berlin-Kreuzberg zwischen der beliebten Friedrichstrasse und dem Bergmannkiez gelegen. Das markante Geb\u00e4ude wurde regelm\u00e4\u00dfig durch die Eigent\u00fcmergemeinschaft gepflegt und instand gehalten. In 2009 wurde au\u00dferdem das Dach am Objekt erneuert. Die Wohnung selbst macht einen sehr gepflegten und hochwertigen Eindruck und kann sofort bezogen werden. Die unmittelbare Lage an der Bezirksgrenze zur Mitte macht die Wohngegend umso attraktiver.<\/p>\n","protected":false},"featured_media":4138,"template":"","meta":{"_uag_custom_page_level_css":"","ngg_post_thumbnail":0},"product_cat":[24,93],"product_tag":[99],"class_list":{"0":"post-4137","1":"product","2":"type-product","3":"status-publish","4":"has-post-thumbnail","6":"product_cat-eigentumswohnungen","7":"product_cat-friedrichshain-kreuzberg","8":"product_tag-eigentumswohnung-verkaufen-berlin","9":"pa_adresse-lindenstr-77-10969-berlin","10":"pa_balkon-vorhanden","11":"pa_baujahr-135","12":"pa_befeuerung-gas","13":"pa_courtage-714-vom-beurk-kaufpreis","14":"pa_etage-182","15":"pa_heizungsart-zentralheizung","16":"pa_objektzustand-vollstaendig-renoviert","17":"pa_standort-berlin-kreuzberg-2","18":"pa_wohnflaeche-179","19":"pa_zimmer-52","21":"first","22":"outofstock","23":"shipping-taxable","24":"purchasable","25":"product-type-simple"},"yoast_head":"<!-- This site is optimized with the Yoast SEO plugin v26.8 - https:\/\/yoast.com\/product\/yoast-seo-wordpress\/ -->\n<title>HELLE 2-ZI WOHNUNG IN KREUZBERG -<\/title>\n<meta name=\"robots\" content=\"index, follow, max-snippet:-1, max-image-preview:large, max-video-preview:-1\" \/>\n<link rel=\"canonical\" href=\"https:\/\/grossklein-immobilien.de\/de\/produkt\/helle-2-zi-wohnung-in-kreuzberg\/\" \/>\n<meta property=\"og:locale\" content=\"de_DE\" \/>\n<meta property=\"og:type\" content=\"article\" \/>\n<meta property=\"og:title\" content=\"HELLE 2-ZI WOHNUNG IN KREUZBERG -\" \/>\n<meta property=\"og:description\" content=\"Diese gut ausgestattete Wohnung befinden sich in Berlin-Kreuzberg zwischen der beliebten Friedrichstrasse und dem Bergmannkiez gelegen. Das markante Geb\u00e4ude wurde regelm\u00e4\u00dfig durch die Eigent\u00fcmergemeinschaft gepflegt und instand gehalten. In 2009 wurde au\u00dferdem das Dach am Objekt erneuert. Die Wohnung selbst macht einen sehr gepflegten und hochwertigen Eindruck und kann sofort bezogen werden. Die unmittelbare Lage an der Bezirksgrenze zur Mitte macht die Wohngegend umso attraktiver.\" \/>\n<meta property=\"og:url\" content=\"https:\/\/grossklein-immobilien.de\/de\/produkt\/helle-2-zi-wohnung-in-kreuzberg\/\" \/>\n<meta property=\"article:publisher\" content=\"https:\/\/www.facebook.com\/TOMIC-IMMOBILIEN-110945718988806\/\" \/>\n<meta property=\"article:modified_time\" content=\"2026-02-06T10:13:20+00:00\" \/>\n<meta property=\"og:image\" content=\"https:\/\/grossklein-immobilien.de\/de\/wp-content\/uploads\/2017\/03\/IMG_1372.jpg\" \/>\n\t<meta property=\"og:image:width\" content=\"1024\" \/>\n\t<meta property=\"og:image:height\" content=\"683\" \/>\n\t<meta property=\"og:image:type\" content=\"image\/jpeg\" \/>\n<meta name=\"twitter:card\" content=\"summary_large_image\" \/>\n<meta name=\"twitter:site\" content=\"@draz_tomic\" \/>\n<meta name=\"twitter:label1\" content=\"Gesch\u00e4tzte Lesezeit\" \/>\n\t<meta name=\"twitter:data1\" content=\"1\u00a0Minute\" \/>\n<script type=\"application\/ld+json\" class=\"yoast-schema-graph\">{\"@context\":\"https:\/\/schema.org\",\"@graph\":[{\"@type\":\"WebPage\",\"@id\":\"https:\/\/grossklein-immobilien.de\/de\/produkt\/helle-2-zi-wohnung-in-kreuzberg\/\",\"url\":\"https:\/\/grossklein-immobilien.de\/de\/produkt\/helle-2-zi-wohnung-in-kreuzberg\/\",\"name\":\"HELLE 2-ZI WOHNUNG IN KREUZBERG -\",\"isPartOf\":{\"@id\":\"https:\/\/grossklein-immobilien.de\/de\/#website\"},\"primaryImageOfPage\":{\"@id\":\"https:\/\/grossklein-immobilien.de\/de\/produkt\/helle-2-zi-wohnung-in-kreuzberg\/#primaryimage\"},\"image\":{\"@id\":\"https:\/\/grossklein-immobilien.de\/de\/produkt\/helle-2-zi-wohnung-in-kreuzberg\/#primaryimage\"},\"thumbnailUrl\":\"https:\/\/grossklein-immobilien.de\/de\/wp-content\/uploads\/2017\/03\/IMG_1372.jpg\",\"datePublished\":\"2017-03-28T14:05:16+00:00\",\"dateModified\":\"2026-02-06T10:13:20+00:00\",\"breadcrumb\":{\"@id\":\"https:\/\/grossklein-immobilien.de\/de\/produkt\/helle-2-zi-wohnung-in-kreuzberg\/#breadcrumb\"},\"inLanguage\":\"de\",\"potentialAction\":[{\"@type\":\"ReadAction\",\"target\":[\"https:\/\/grossklein-immobilien.de\/de\/produkt\/helle-2-zi-wohnung-in-kreuzberg\/\"]}]},{\"@type\":\"ImageObject\",\"inLanguage\":\"de\",\"@id\":\"https:\/\/grossklein-immobilien.de\/de\/produkt\/helle-2-zi-wohnung-in-kreuzberg\/#primaryimage\",\"url\":\"https:\/\/grossklein-immobilien.de\/de\/wp-content\/uploads\/2017\/03\/IMG_1372.jpg\",\"contentUrl\":\"https:\/\/grossklein-immobilien.de\/de\/wp-content\/uploads\/2017\/03\/IMG_1372.jpg\",\"width\":1024,\"height\":683,\"caption\":\"VERKAUFT!\"},{\"@type\":\"BreadcrumbList\",\"@id\":\"https:\/\/grossklein-immobilien.de\/de\/produkt\/helle-2-zi-wohnung-in-kreuzberg\/#breadcrumb\",\"itemListElement\":[{\"@type\":\"ListItem\",\"position\":1,\"name\":\"Home\",\"item\":\"https:\/\/grossklein-immobilien.de\/de\/\"},{\"@type\":\"ListItem\",\"position\":2,\"name\":\"Immobilienangebote\",\"item\":\"https:\/\/grossklein-immobilien.de\/de\/immobilien-berlin\/\"},{\"@type\":\"ListItem\",\"position\":3,\"name\":\"HELLE 2-ZI WOHNUNG IN KREUZBERG\"}]},{\"@type\":\"WebSite\",\"@id\":\"https:\/\/grossklein-immobilien.de\/de\/#website\",\"url\":\"https:\/\/grossklein-immobilien.de\/de\/\",\"name\":\"\",\"description\":\"\",\"potentialAction\":[{\"@type\":\"SearchAction\",\"target\":{\"@type\":\"EntryPoint\",\"urlTemplate\":\"https:\/\/grossklein-immobilien.de\/de\/?s={search_term_string}\"},\"query-input\":{\"@type\":\"PropertyValueSpecification\",\"valueRequired\":true,\"valueName\":\"search_term_string\"}}],\"inLanguage\":\"de\"}]}<\/script>\n<!-- \/ Yoast SEO plugin. -->","yoast_head_json":{"title":"HELLE 2-ZI WOHNUNG IN KREUZBERG -","robots":{"index":"index","follow":"follow","max-snippet":"max-snippet:-1","max-image-preview":"max-image-preview:large","max-video-preview":"max-video-preview:-1"},"canonical":"https:\/\/grossklein-immobilien.de\/de\/produkt\/helle-2-zi-wohnung-in-kreuzberg\/","og_locale":"de_DE","og_type":"article","og_title":"HELLE 2-ZI WOHNUNG IN KREUZBERG -","og_description":"Diese gut ausgestattete Wohnung befinden sich in Berlin-Kreuzberg zwischen der beliebten Friedrichstrasse und dem Bergmannkiez gelegen. Das markante Geb\u00e4ude wurde regelm\u00e4\u00dfig durch die Eigent\u00fcmergemeinschaft gepflegt und instand gehalten. In 2009 wurde au\u00dferdem das Dach am Objekt erneuert. Die Wohnung selbst macht einen sehr gepflegten und hochwertigen Eindruck und kann sofort bezogen werden. Die unmittelbare Lage an der Bezirksgrenze zur Mitte macht die Wohngegend umso attraktiver.","og_url":"https:\/\/grossklein-immobilien.de\/de\/produkt\/helle-2-zi-wohnung-in-kreuzberg\/","article_publisher":"https:\/\/www.facebook.com\/TOMIC-IMMOBILIEN-110945718988806\/","article_modified_time":"2026-02-06T10:13:20+00:00","og_image":[{"width":1024,"height":683,"url":"https:\/\/grossklein-immobilien.de\/de\/wp-content\/uploads\/2017\/03\/IMG_1372.jpg","type":"image\/jpeg"}],"twitter_card":"summary_large_image","twitter_site":"@draz_tomic","twitter_misc":{"Gesch\u00e4tzte Lesezeit":"1\u00a0Minute"},"schema":{"@context":"https:\/\/schema.org","@graph":[{"@type":"WebPage","@id":"https:\/\/grossklein-immobilien.de\/de\/produkt\/helle-2-zi-wohnung-in-kreuzberg\/","url":"https:\/\/grossklein-immobilien.de\/de\/produkt\/helle-2-zi-wohnung-in-kreuzberg\/","name":"HELLE 2-ZI WOHNUNG IN KREUZBERG -","isPartOf":{"@id":"https:\/\/grossklein-immobilien.de\/de\/#website"},"primaryImageOfPage":{"@id":"https:\/\/grossklein-immobilien.de\/de\/produkt\/helle-2-zi-wohnung-in-kreuzberg\/#primaryimage"},"image":{"@id":"https:\/\/grossklein-immobilien.de\/de\/produkt\/helle-2-zi-wohnung-in-kreuzberg\/#primaryimage"},"thumbnailUrl":"https:\/\/grossklein-immobilien.de\/de\/wp-content\/uploads\/2017\/03\/IMG_1372.jpg","datePublished":"2017-03-28T14:05:16+00:00","dateModified":"2026-02-06T10:13:20+00:00","breadcrumb":{"@id":"https:\/\/grossklein-immobilien.de\/de\/produkt\/helle-2-zi-wohnung-in-kreuzberg\/#breadcrumb"},"inLanguage":"de","potentialAction":[{"@type":"ReadAction","target":["https:\/\/grossklein-immobilien.de\/de\/produkt\/helle-2-zi-wohnung-in-kreuzberg\/"]}]},{"@type":"ImageObject","inLanguage":"de","@id":"https:\/\/grossklein-immobilien.de\/de\/produkt\/helle-2-zi-wohnung-in-kreuzberg\/#primaryimage","url":"https:\/\/grossklein-immobilien.de\/de\/wp-content\/uploads\/2017\/03\/IMG_1372.jpg","contentUrl":"https:\/\/grossklein-immobilien.de\/de\/wp-content\/uploads\/2017\/03\/IMG_1372.jpg","width":1024,"height":683,"caption":"VERKAUFT!"},{"@type":"BreadcrumbList","@id":"https:\/\/grossklein-immobilien.de\/de\/produkt\/helle-2-zi-wohnung-in-kreuzberg\/#breadcrumb","itemListElement":[{"@type":"ListItem","position":1,"name":"Home","item":"https:\/\/grossklein-immobilien.de\/de\/"},{"@type":"ListItem","position":2,"name":"Immobilienangebote","item":"https:\/\/grossklein-immobilien.de\/de\/immobilien-berlin\/"},{"@type":"ListItem","position":3,"name":"HELLE 2-ZI WOHNUNG IN KREUZBERG"}]},{"@type":"WebSite","@id":"https:\/\/grossklein-immobilien.de\/de\/#website","url":"https:\/\/grossklein-immobilien.de\/de\/","name":"","description":"","potentialAction":[{"@type":"SearchAction","target":{"@type":"EntryPoint","urlTemplate":"https:\/\/grossklein-immobilien.de\/de\/?s={search_term_string}"},"query-input":{"@type":"PropertyValueSpecification","valueRequired":true,"valueName":"search_term_string"}}],"inLanguage":"de"}]}},"uagb_featured_image_src":{"full":["https:\/\/grossklein-immobilien.de\/de\/wp-content\/uploads\/2017\/03\/IMG_1372.jpg",1024,683,false],"thumbnail":["https:\/\/grossklein-immobilien.de\/de\/wp-content\/uploads\/2017\/03\/IMG_1372.jpg",150,100,false],"medium":["https:\/\/grossklein-immobilien.de\/de\/wp-content\/uploads\/2017\/03\/IMG_1372.jpg",300,200,false],"medium_large":["https:\/\/grossklein-immobilien.de\/de\/wp-content\/uploads\/2017\/03\/IMG_1372.jpg",1024,683,false],"large":["https:\/\/grossklein-immobilien.de\/de\/wp-content\/uploads\/2017\/03\/IMG_1372.jpg",604,403,false],"1536x1536":["https:\/\/grossklein-immobilien.de\/de\/wp-content\/uploads\/2017\/03\/IMG_1372.jpg",1024,683,false],"2048x2048":["https:\/\/grossklein-immobilien.de\/de\/wp-content\/uploads\/2017\/03\/IMG_1372.jpg",1024,683,false],"post-thumbnail":["https:\/\/grossklein-immobilien.de\/de\/wp-content\/uploads\/2017\/03\/IMG_1372.jpg",405,270,false],"woocommerce_thumbnail":["https:\/\/grossklein-immobilien.de\/de\/wp-content\/uploads\/2017\/03\/IMG_1372-300x300.jpg",300,300,true],"woocommerce_single":["https:\/\/grossklein-immobilien.de\/de\/wp-content\/uploads\/2017\/03\/IMG_1372.jpg",1024,683,false],"woocommerce_gallery_thumbnail":["https:\/\/grossklein-immobilien.de\/de\/wp-content\/uploads\/2017\/03\/IMG_1372-100x100.jpg",100,100,true]},"uagb_author_info":{"display_name":"Drazan Tomic","author_link":"https:\/\/grossklein-immobilien.de\/de\/author\/"},"uagb_comment_info":0,"uagb_excerpt":"Diese gut ausgestattete Wohnung befinden sich in Berlin-Kreuzberg zwischen der beliebten Friedrichstrasse und dem Bergmannkiez gelegen. Das markante Geb\u00e4ude wurde regelm\u00e4\u00dfig durch die Eigent\u00fcmergemeinschaft gepflegt und instand gehalten. In 2009 wurde au\u00dferdem das Dach am Objekt erneuert. Die Wohnung selbst macht einen sehr gepflegten und hochwertigen Eindruck und kann sofort bezogen werden. Die unmittelbare Lage&hellip;","_links":{"self":[{"href":"https:\/\/grossklein-immobilien.de\/de\/wp-json\/wp\/v2\/product\/4137","targetHints":{"allow":["GET"]}}],"collection":[{"href":"https:\/\/grossklein-immobilien.de\/de\/wp-json\/wp\/v2\/product"}],"about":[{"href":"https:\/\/grossklein-immobilien.de\/de\/wp-json\/wp\/v2\/types\/product"}],"wp:featuredmedia":[{"embeddable":true,"href":"https:\/\/grossklein-immobilien.de\/de\/wp-json\/wp\/v2\/media\/4138"}],"wp:attachment":[{"href":"https:\/\/grossklein-immobilien.de\/de\/wp-json\/wp\/v2\/media?parent=4137"}],"wp:term":[{"taxonomy":"product_cat","embeddable":true,"href":"https:\/\/grossklein-immobilien.de\/de\/wp-json\/wp\/v2\/product_cat?post=4137"},{"taxonomy":"product_tag","embeddable":true,"href":"https:\/\/grossklein-immobilien.de\/de\/wp-json\/wp\/v2\/product_tag?post=4137"}],"curies":[{"name":"wp","href":"https:\/\/api.w.org\/{rel}","templated":true}]}}