{"id":4367,"date":"2017-04-12T13:12:32","date_gmt":"2017-04-12T11:12:32","guid":{"rendered":"http:\/\/grossklein-immobilien.de\/de\/?post_type=product&#038;p=4367"},"modified":"2023-05-12T12:38:43","modified_gmt":"2023-05-12T10:38:43","slug":"attraktives-efh-in-berlin-zehlendorf","status":"publish","type":"product","link":"https:\/\/grossklein-immobilien.de\/de\/produkt\/attraktives-efh-in-berlin-zehlendorf\/","title":{"rendered":"NEUWERTIGES EFH IN BERLIN ZEHLENDORF ZUM KAUF!"},"content":{"rendered":"<p style=\"text-align: justify;\">Bei diesem neuwertigen Einfamilienhaus handelt es sich um ein Objekt in absoluter top Lage in Berlin-Zehlendorf mit Zugang zum Schlachtensee. Die Grundst\u00fccksfl\u00e4che betr\u00e4gt dabei ca. 920m\u00b2, die Wohnfl\u00e4che ca. 280m\u00b2, die sich auf 7 Zimmer verteilt. Das Ergeschoss des Hauses bietet durch seinen gro\u00dfz\u00fcgigen Grundriss einen gro\u00dfen K\u00fcchen- und Essbereich, der beispielsweise viele G\u00e4ste empfangen kann. Die direkt angebundene und ca. 25 m\u00b2 gro\u00dfe S\u00fcd Terrasse mit Gartenzugang, l\u00e4dt zum Verweilen in ruhiger Atmosph\u00e4re ein. Der Garten ist mit sehr viel Liebe und sehr geschmacksvoll mit Pflanzen und Str\u00e4uchern bepflanzt. Die 7 Zimmer sind alle mit hochwertigen Echtholzparkett ausgestattet und mit bodentiefen Fenstern ausgestattet. Im Obergeschoss befinden sich 4 Zimmer, die als Schlafzimmer zur Verf\u00fcgung stehen.&nbsp; Alle R\u00e4umlichkeiten im Haus werden mit einer Fu\u00dfbodenheizung beheitzt. Diese wird \u00fcber eine Solartherme bedient \u00fcber die auch die Warmwassererzeugung bereitgestellt wird. Insgesamt besitzt das Haus 3 B\u00e4der und ein G\u00e4ste-WC, dass ebenfalls mit hochwertigen italienischen Designerfliesen ausgestattet sind. Des voll unterkellerte Haus beinhaltet im Untergeschoss eine Sauna und einen gro\u00dfen Raum, der als Fintness- und Trainingsraum eingerichtet wurde.<\/p>\n<p style=\"text-align: justify;\">Die unmittelbare N\u00e4he zum Schlachtensee vereint hierbei vornehmendes Wohnen mit Freizeitaktivit\u00e4ten in unmittelbarer N\u00e4he zur Natur. Ob lange Spazierg\u00e4nge, ausgiebige Laufeinheiten oder einfach Baden in den warmen Sommermonaten, die Lage dieser Traumimmobilie ist einfach einmalig. Die Stadtmitte bzw. den Kurf\u00fcrstendamm erreichen Sie in 15-20 Minuten bequem mit dem PKW. Die Verbindung an die \u00f6ffentl. Verkehrsmittel ist durch den naheliegenden S-Bahnhof Schlachtensee optimal gegeben. Sie finden in der unmittelbaren Umgebung Schulen und Kitas sowie Einkaufsm\u00f6glichkeiten des t\u00e4glichen Bedarfs.<\/p>\n","protected":false},"excerpt":{"rendered":"<p>Hierbei handelt es sich um eine exklusives Einfamilienhaus mit luxuri\u00f6ser Ausstattung in Berlin-Zehlendorf mit Zugang zum Schlachtensee.<\/p>\n","protected":false},"featured_media":4368,"template":"","meta":{"_uag_custom_page_level_css":"","ngg_post_thumbnail":0},"product_cat":[26,94],"product_tag":[34],"class_list":{"0":"post-4367","1":"product","2":"type-product","3":"status-publish","4":"has-post-thumbnail","6":"product_cat-einfamilienhaeuser","7":"product_cat-steglitz-zehlendorf","8":"product_tag-angebot","9":"pa_adresse-14129-berlin","10":"pa_balkon-balkon-und-terrasse","11":"pa_baujahr-239","12":"pa_befeuerung-solar","13":"pa_courtage-714-vom-beurk-kaufpreis","14":"pa_etagen-198","15":"pa_gaeste-wc-vorhanden","16":"pa_heizungsart-zentralheizung","17":"pa_objektzustand-neuwertig","18":"pa_standort-berlin-zehlendorf","19":"pa_wohnflaeche-261","20":"pa_zimmer-226","22":"first","23":"outofstock","24":"shipping-taxable","25":"purchasable","26":"product-type-simple"},"yoast_head":"<!-- This site is optimized with the Yoast SEO plugin v26.8 - https:\/\/yoast.com\/product\/yoast-seo-wordpress\/ -->\n<title>NEUWERTIGES EFH IN BERLIN ZEHLENDORF ZUM KAUF! -<\/title>\n<meta name=\"robots\" content=\"index, follow, max-snippet:-1, max-image-preview:large, max-video-preview:-1\" \/>\n<link rel=\"canonical\" href=\"https:\/\/grossklein-immobilien.de\/de\/produkt\/attraktives-efh-in-berlin-zehlendorf\/\" \/>\n<meta property=\"og:locale\" content=\"de_DE\" \/>\n<meta property=\"og:type\" content=\"article\" \/>\n<meta property=\"og:title\" content=\"NEUWERTIGES EFH IN BERLIN ZEHLENDORF ZUM KAUF! -\" \/>\n<meta property=\"og:description\" content=\"Hierbei handelt es sich um eine exklusives Einfamilienhaus mit luxuri\u00f6ser Ausstattung in Berlin-Zehlendorf mit Zugang zum Schlachtensee.\" \/>\n<meta property=\"og:url\" content=\"https:\/\/grossklein-immobilien.de\/de\/produkt\/attraktives-efh-in-berlin-zehlendorf\/\" \/>\n<meta property=\"article:publisher\" content=\"https:\/\/www.facebook.com\/TOMIC-IMMOBILIEN-110945718988806\/\" \/>\n<meta property=\"article:modified_time\" content=\"2023-05-12T10:38:43+00:00\" \/>\n<meta property=\"og:image\" content=\"https:\/\/grossklein-immobilien.de\/de\/wp-content\/uploads\/2017\/04\/attraktives-efh-in-berlin-Zehlendorf.jpg\" \/>\n\t<meta property=\"og:image:width\" content=\"1000\" \/>\n\t<meta property=\"og:image:height\" content=\"648\" \/>\n\t<meta property=\"og:image:type\" content=\"image\/jpeg\" \/>\n<meta name=\"twitter:card\" content=\"summary_large_image\" \/>\n<meta name=\"twitter:site\" content=\"@draz_tomic\" \/>\n<meta name=\"twitter:label1\" content=\"Gesch\u00e4tzte Lesezeit\" \/>\n\t<meta name=\"twitter:data1\" content=\"1\u00a0Minute\" \/>\n<script type=\"application\/ld+json\" class=\"yoast-schema-graph\">{\"@context\":\"https:\/\/schema.org\",\"@graph\":[{\"@type\":\"WebPage\",\"@id\":\"https:\/\/grossklein-immobilien.de\/de\/produkt\/attraktives-efh-in-berlin-zehlendorf\/\",\"url\":\"https:\/\/grossklein-immobilien.de\/de\/produkt\/attraktives-efh-in-berlin-zehlendorf\/\",\"name\":\"NEUWERTIGES EFH IN BERLIN ZEHLENDORF ZUM KAUF! -\",\"isPartOf\":{\"@id\":\"https:\/\/grossklein-immobilien.de\/de\/#website\"},\"primaryImageOfPage\":{\"@id\":\"https:\/\/grossklein-immobilien.de\/de\/produkt\/attraktives-efh-in-berlin-zehlendorf\/#primaryimage\"},\"image\":{\"@id\":\"https:\/\/grossklein-immobilien.de\/de\/produkt\/attraktives-efh-in-berlin-zehlendorf\/#primaryimage\"},\"thumbnailUrl\":\"https:\/\/grossklein-immobilien.de\/de\/wp-content\/uploads\/2017\/04\/attraktives-efh-in-berlin-Zehlendorf.jpg\",\"datePublished\":\"2017-04-12T11:12:32+00:00\",\"dateModified\":\"2023-05-12T10:38:43+00:00\",\"breadcrumb\":{\"@id\":\"https:\/\/grossklein-immobilien.de\/de\/produkt\/attraktives-efh-in-berlin-zehlendorf\/#breadcrumb\"},\"inLanguage\":\"de\",\"potentialAction\":[{\"@type\":\"ReadAction\",\"target\":[\"https:\/\/grossklein-immobilien.de\/de\/produkt\/attraktives-efh-in-berlin-zehlendorf\/\"]}]},{\"@type\":\"ImageObject\",\"inLanguage\":\"de\",\"@id\":\"https:\/\/grossklein-immobilien.de\/de\/produkt\/attraktives-efh-in-berlin-zehlendorf\/#primaryimage\",\"url\":\"https:\/\/grossklein-immobilien.de\/de\/wp-content\/uploads\/2017\/04\/attraktives-efh-in-berlin-Zehlendorf.jpg\",\"contentUrl\":\"https:\/\/grossklein-immobilien.de\/de\/wp-content\/uploads\/2017\/04\/attraktives-efh-in-berlin-Zehlendorf.jpg\",\"width\":1000,\"height\":648},{\"@type\":\"BreadcrumbList\",\"@id\":\"https:\/\/grossklein-immobilien.de\/de\/produkt\/attraktives-efh-in-berlin-zehlendorf\/#breadcrumb\",\"itemListElement\":[{\"@type\":\"ListItem\",\"position\":1,\"name\":\"Home\",\"item\":\"https:\/\/grossklein-immobilien.de\/de\/\"},{\"@type\":\"ListItem\",\"position\":2,\"name\":\"Immobilienangebote\",\"item\":\"https:\/\/grossklein-immobilien.de\/de\/immobilien-berlin\/\"},{\"@type\":\"ListItem\",\"position\":3,\"name\":\"NEUWERTIGES EFH IN BERLIN ZEHLENDORF ZUM KAUF!\"}]},{\"@type\":\"WebSite\",\"@id\":\"https:\/\/grossklein-immobilien.de\/de\/#website\",\"url\":\"https:\/\/grossklein-immobilien.de\/de\/\",\"name\":\"\",\"description\":\"\",\"potentialAction\":[{\"@type\":\"SearchAction\",\"target\":{\"@type\":\"EntryPoint\",\"urlTemplate\":\"https:\/\/grossklein-immobilien.de\/de\/?s={search_term_string}\"},\"query-input\":{\"@type\":\"PropertyValueSpecification\",\"valueRequired\":true,\"valueName\":\"search_term_string\"}}],\"inLanguage\":\"de\"}]}<\/script>\n<!-- \/ Yoast SEO plugin. -->","yoast_head_json":{"title":"NEUWERTIGES EFH IN BERLIN ZEHLENDORF ZUM KAUF! -","robots":{"index":"index","follow":"follow","max-snippet":"max-snippet:-1","max-image-preview":"max-image-preview:large","max-video-preview":"max-video-preview:-1"},"canonical":"https:\/\/grossklein-immobilien.de\/de\/produkt\/attraktives-efh-in-berlin-zehlendorf\/","og_locale":"de_DE","og_type":"article","og_title":"NEUWERTIGES EFH IN BERLIN ZEHLENDORF ZUM KAUF! -","og_description":"Hierbei handelt es sich um eine exklusives Einfamilienhaus mit luxuri\u00f6ser Ausstattung in Berlin-Zehlendorf mit Zugang zum Schlachtensee.","og_url":"https:\/\/grossklein-immobilien.de\/de\/produkt\/attraktives-efh-in-berlin-zehlendorf\/","article_publisher":"https:\/\/www.facebook.com\/TOMIC-IMMOBILIEN-110945718988806\/","article_modified_time":"2023-05-12T10:38:43+00:00","og_image":[{"width":1000,"height":648,"url":"https:\/\/grossklein-immobilien.de\/de\/wp-content\/uploads\/2017\/04\/attraktives-efh-in-berlin-Zehlendorf.jpg","type":"image\/jpeg"}],"twitter_card":"summary_large_image","twitter_site":"@draz_tomic","twitter_misc":{"Gesch\u00e4tzte Lesezeit":"1\u00a0Minute"},"schema":{"@context":"https:\/\/schema.org","@graph":[{"@type":"WebPage","@id":"https:\/\/grossklein-immobilien.de\/de\/produkt\/attraktives-efh-in-berlin-zehlendorf\/","url":"https:\/\/grossklein-immobilien.de\/de\/produkt\/attraktives-efh-in-berlin-zehlendorf\/","name":"NEUWERTIGES EFH IN BERLIN ZEHLENDORF ZUM KAUF! -","isPartOf":{"@id":"https:\/\/grossklein-immobilien.de\/de\/#website"},"primaryImageOfPage":{"@id":"https:\/\/grossklein-immobilien.de\/de\/produkt\/attraktives-efh-in-berlin-zehlendorf\/#primaryimage"},"image":{"@id":"https:\/\/grossklein-immobilien.de\/de\/produkt\/attraktives-efh-in-berlin-zehlendorf\/#primaryimage"},"thumbnailUrl":"https:\/\/grossklein-immobilien.de\/de\/wp-content\/uploads\/2017\/04\/attraktives-efh-in-berlin-Zehlendorf.jpg","datePublished":"2017-04-12T11:12:32+00:00","dateModified":"2023-05-12T10:38:43+00:00","breadcrumb":{"@id":"https:\/\/grossklein-immobilien.de\/de\/produkt\/attraktives-efh-in-berlin-zehlendorf\/#breadcrumb"},"inLanguage":"de","potentialAction":[{"@type":"ReadAction","target":["https:\/\/grossklein-immobilien.de\/de\/produkt\/attraktives-efh-in-berlin-zehlendorf\/"]}]},{"@type":"ImageObject","inLanguage":"de","@id":"https:\/\/grossklein-immobilien.de\/de\/produkt\/attraktives-efh-in-berlin-zehlendorf\/#primaryimage","url":"https:\/\/grossklein-immobilien.de\/de\/wp-content\/uploads\/2017\/04\/attraktives-efh-in-berlin-Zehlendorf.jpg","contentUrl":"https:\/\/grossklein-immobilien.de\/de\/wp-content\/uploads\/2017\/04\/attraktives-efh-in-berlin-Zehlendorf.jpg","width":1000,"height":648},{"@type":"BreadcrumbList","@id":"https:\/\/grossklein-immobilien.de\/de\/produkt\/attraktives-efh-in-berlin-zehlendorf\/#breadcrumb","itemListElement":[{"@type":"ListItem","position":1,"name":"Home","item":"https:\/\/grossklein-immobilien.de\/de\/"},{"@type":"ListItem","position":2,"name":"Immobilienangebote","item":"https:\/\/grossklein-immobilien.de\/de\/immobilien-berlin\/"},{"@type":"ListItem","position":3,"name":"NEUWERTIGES EFH IN BERLIN ZEHLENDORF ZUM KAUF!"}]},{"@type":"WebSite","@id":"https:\/\/grossklein-immobilien.de\/de\/#website","url":"https:\/\/grossklein-immobilien.de\/de\/","name":"","description":"","potentialAction":[{"@type":"SearchAction","target":{"@type":"EntryPoint","urlTemplate":"https:\/\/grossklein-immobilien.de\/de\/?s={search_term_string}"},"query-input":{"@type":"PropertyValueSpecification","valueRequired":true,"valueName":"search_term_string"}}],"inLanguage":"de"}]}},"uagb_featured_image_src":{"full":["https:\/\/grossklein-immobilien.de\/de\/wp-content\/uploads\/2017\/04\/attraktives-efh-in-berlin-Zehlendorf.jpg",1000,648,false],"thumbnail":["https:\/\/grossklein-immobilien.de\/de\/wp-content\/uploads\/2017\/04\/attraktives-efh-in-berlin-Zehlendorf-150x150.jpg",150,150,true],"medium":["https:\/\/grossklein-immobilien.de\/de\/wp-content\/uploads\/2017\/04\/attraktives-efh-in-berlin-Zehlendorf-300x194.jpg",300,194,true],"medium_large":["https:\/\/grossklein-immobilien.de\/de\/wp-content\/uploads\/2017\/04\/attraktives-efh-in-berlin-Zehlendorf.jpg",1000,648,false],"large":["https:\/\/grossklein-immobilien.de\/de\/wp-content\/uploads\/2017\/04\/attraktives-efh-in-berlin-Zehlendorf.jpg",604,391,false],"1536x1536":["https:\/\/grossklein-immobilien.de\/de\/wp-content\/uploads\/2017\/04\/attraktives-efh-in-berlin-Zehlendorf.jpg",1000,648,false],"2048x2048":["https:\/\/grossklein-immobilien.de\/de\/wp-content\/uploads\/2017\/04\/attraktives-efh-in-berlin-Zehlendorf.jpg",1000,648,false],"post-thumbnail":["https:\/\/grossklein-immobilien.de\/de\/wp-content\/uploads\/2017\/04\/attraktives-efh-in-berlin-Zehlendorf-604x270.jpg",604,270,true],"woocommerce_thumbnail":["https:\/\/grossklein-immobilien.de\/de\/wp-content\/uploads\/2017\/04\/attraktives-efh-in-berlin-Zehlendorf-300x300.jpg",300,300,true],"woocommerce_single":["https:\/\/grossklein-immobilien.de\/de\/wp-content\/uploads\/2017\/04\/attraktives-efh-in-berlin-Zehlendorf.jpg",1000,648,false],"woocommerce_gallery_thumbnail":["https:\/\/grossklein-immobilien.de\/de\/wp-content\/uploads\/2017\/04\/attraktives-efh-in-berlin-Zehlendorf-100x100.jpg",100,100,true]},"uagb_author_info":{"display_name":"Drazan Tomic","author_link":"https:\/\/grossklein-immobilien.de\/de\/author\/"},"uagb_comment_info":0,"uagb_excerpt":"Hierbei handelt es sich um eine exklusives Einfamilienhaus mit luxuri\u00f6ser Ausstattung in Berlin-Zehlendorf mit Zugang zum Schlachtensee.","_links":{"self":[{"href":"https:\/\/grossklein-immobilien.de\/de\/wp-json\/wp\/v2\/product\/4367","targetHints":{"allow":["GET"]}}],"collection":[{"href":"https:\/\/grossklein-immobilien.de\/de\/wp-json\/wp\/v2\/product"}],"about":[{"href":"https:\/\/grossklein-immobilien.de\/de\/wp-json\/wp\/v2\/types\/product"}],"wp:featuredmedia":[{"embeddable":true,"href":"https:\/\/grossklein-immobilien.de\/de\/wp-json\/wp\/v2\/media\/4368"}],"wp:attachment":[{"href":"https:\/\/grossklein-immobilien.de\/de\/wp-json\/wp\/v2\/media?parent=4367"}],"wp:term":[{"taxonomy":"product_cat","embeddable":true,"href":"https:\/\/grossklein-immobilien.de\/de\/wp-json\/wp\/v2\/product_cat?post=4367"},{"taxonomy":"product_tag","embeddable":true,"href":"https:\/\/grossklein-immobilien.de\/de\/wp-json\/wp\/v2\/product_tag?post=4367"}],"curies":[{"name":"wp","href":"https:\/\/api.w.org\/{rel}","templated":true}]}}